{"id":1912,"date":"2023-06-10T18:07:12","date_gmt":"2023-06-10T11:07:12","guid":{"rendered":"https:\/\/depthoitrang.com\/classic\/?post_type=product&#038;p=1912"},"modified":"2024-08-10T00:45:12","modified_gmt":"2024-08-09T17:45:12","slug":"bot-tao-phong-odouds-texture-powder-114g-2","status":"publish","type":"product","link":"https:\/\/pluginviet.com\/mau26\/san-pham\/bot-tao-phong-odouds-texture-powder-114g-2\/","title":{"rendered":"B\u1ed9t T\u1ea1o Ph\u1ed3ng O\u2019douds Texture Powder 114g"},"content":{"rendered":"<p>B\u1ed9t t\u1ea1o ph\u1ed3ng O\u2019douds Texture Powder \u0111\u01b0\u1ee3c thi\u1ebft k\u1ebf \u0111\u1ec3 c\u00e2n b\u1eb1ng v\u00e0 h\u00fat l\u01b0\u1ee3ng d\u1ea7u t\u1ef1 nhi\u00ean c\u1ee7a da \u0111\u1ea7u v\u00e0 cho ra \u0111\u1ed9 ph\u1ed3ng v\u00e0 Texture m\u00e0 b\u1ea1n mong mu\u1ed1n. C\u00f3 th\u1ec3 \u0111\u01b0\u1ee3c s\u1eed d\u1ee5ng nh\u01b0 m\u1ed9t s\u1ea3n ph\u1ea9m t\u1ea1o ki\u1ec3u \u0111\u1ed9c l\u1eadp ho\u1eb7c nh\u01b0 m\u1ed9t \u201cd\u1ea7u g\u1ed9i kh\u00f4\u201d \u0111\u1ec3 ph\u1ee5c h\u1ed3i t\u00f3c v\u00e0o nh\u1eefng ng\u00e0y b\u1ea1n kh\u00f4ng g\u1ed9i \u0111\u1ea7u.<\/p>\n<p>T\u0103ng \u0111\u1ed9 ph\u1ed3ng cho t\u00f3c m\u1ecfng ho\u1eb7c th\u01b0a, gi\u00fap t\u00f3c tr\u00f4ng \u0111\u1ea7y \u0111\u1eb7n h\u01a1n.<\/p>\n<h3><strong>Th\u00f4ng tin O\u2019douds Texture Powder<\/strong><\/h3>\n<ul>\n<li><strong>Hold<\/strong>: Light<\/li>\n<li><strong>Finish<\/strong>: Matte (M\u1edd)<\/li>\n<li><strong>M\u00f9i h\u01b0\u01a1ng<\/strong>: Labdanum + Chanh<\/li>\n<li><strong>Dung t\u00edch<\/strong>: 114gram<\/li>\n<\/ul>\n<h3><strong>Th\u00e0nh ph\u1ea7n ch\u00ednh<\/strong><\/h3>\n<p>\u2013\u00a0<strong>Kaolin Clay:<\/strong>\u00a0Th\u00eam \u0111\u1ed9 gi\u1eef n\u1ebfp v\u00e0 gi\u00fap t\u00f3c ph\u1ed3ng l\u00ean m\u00e0 kh\u00f4ng l\u00e0m kh\u00f4 ho\u1eb7c c\u1ee9ng \u0111\u01a1 t\u00f3c. Cao lanh c\u00e2n b\u1eb1ng \u0111\u1ed9 \u1ea9m tr\u00ean da v\u00e0 ho\u1ea1t \u0111\u1ed9ng nh\u01b0 m\u1ed9t lo\u1ea1i \u0111\u1ea5t s\u00e9t l\u00e0m s\u1ea1ch da \u0111\u1ea7u v\u00e0 gi\u1ea3i \u0111\u1ed9c cho t\u00f3c.<br \/>\n\u2013\u00a0<strong>B\u1ed9t Arrowroot<\/strong>: H\u1ea5p th\u1ee5 d\u1ea7u, l\u00e0m d\u00e0y t\u00f3c, v\u00e0 gi\u1eef n\u1ebfp nh\u1eb9.<br \/>\n\u2013\u00a0<strong>B\u1ed9t Shavegrass<\/strong>: Lo\u1ea1i b\u1ed9t gi\u00e0u kho\u00e1ng ch\u1ea5t n\u00e0y gi\u00fap t\u00f3c ch\u1eafc kh\u1ecfe v\u00e0 \u0111\u01b0\u1ee3c bi\u1ebft l\u00e0 l\u00e0m t\u0103ng \u0111\u1ed9 \u0111\u00e0n h\u1ed3i c\u1ee7a da v\u00e0 th\u00fac \u0111\u1ea9y s\u1ef1 ph\u00e1t tri\u1ec3n c\u1ee7a t\u00f3c.<\/p>\n<h3><strong>C\u00e1ch s\u1eed d\u1ee5ng Odouds Texture Powder<\/strong><\/h3>\n<p>Cho m\u1ed9t l\u01b0\u1ee3ng b\u1ed9t Odouds Texture Powder c\u00f3 k\u00edch th\u01b0\u1edbc b\u1eb1ng m\u1ed9t \u0111\u1ed1t tay v\u00e0o l\u00f2ng b\u00e0n tay c\u1ee7a b\u1ea1n v\u00e0 thoa l\u00ean t\u00f3c, thoa \u0111\u1ec1u t\u1eeb g\u1ed1c \u0111\u1ebfn ng\u1ecdn. B\u1ea1n c\u0169ng c\u00f3 th\u1ec3 \u00e1p d\u1ee5ng tr\u1ef1c ti\u1ebfp l\u00ean t\u00f3c, nh\u01b0ng s\u1ebd kh\u00f3 ki\u1ec3m so\u00e1t \u0111\u01b0\u1ee3c dung t\u00edch c\u1ee7a ch\u00fang.<\/p>\n<p>S\u1eed d\u1ee5ng th\u00eam\u00a0<a href=\"https:\/\/classic.vn\/cua-hang\/cham-soc-toc\/sap-vuot-toc\/\">s\u00e1p vu\u1ed1t t\u00f3c<\/a>\u00a0\u0111\u1ec3 t\u0103ng \u0111\u1ed9 gi\u1eef n\u1ebfp.<\/p>\n","protected":false},"excerpt":{"rendered":"<p>B\u1ed9t t\u1ea1o ph\u1ed3ng O\u2019douds Texture Powder \u0111\u01b0\u1ee3c thi\u1ebft k\u1ebf \u0111\u1ec3 c\u00e2n b\u1eb1ng v\u00e0 h\u00fat l\u01b0\u1ee3ng d\u1ea7u t\u1ef1 nhi\u00ean c\u1ee7a da \u0111\u1ea7u v\u00e0 cho ra \u0111\u1ed9 ph\u1ed3ng v\u00e0 Texture m\u00e0 b\u1ea1n mong mu\u1ed1n. C\u00f3 th\u1ec3 \u0111\u01b0\u1ee3c s\u1eed d\u1ee5ng nh\u01b0 m\u1ed9t s\u1ea3n ph\u1ea9m t\u1ea1o ki\u1ec3u \u0111\u1ed9c l\u1eadp ho\u1eb7c nh\u01b0 m\u1ed9t \u201cd\u1ea7u g\u1ed9i kh\u00f4\u201d \u0111\u1ec3 ph\u1ee5c h\u1ed3i t\u00f3c [&#8230;]\n","protected":false},"featured_media":1897,"comment_status":"open","ping_status":"closed","template":"","meta":[],"product_brand":[],"product_cat":[15,182],"product_tag":[],"berocket_brand":[199],"class_list":{"0":"post-1912","1":"product","2":"type-product","3":"status-publish","4":"has-post-thumbnail","6":"product_cat-thuong-hieu","7":"product_cat-bot-tao-phong","8":"berocket_brand-odouds","10":"first","11":"instock","12":"shipping-taxable","13":"purchasable","14":"product-type-simple"},"yoast_head":"<!-- This site is optimized with the Yoast SEO plugin v24.8.1 - https:\/\/yoast.com\/wordpress\/plugins\/seo\/ -->\n<title>B\u1ed9t T\u1ea1o Ph\u1ed3ng O\u2019douds Texture Powder 114g - Ho\u00e0ng S\u01a1n - M\u1ef9 ph\u1ea9m nam<\/title>\n<meta name=\"robots\" content=\"index, follow, max-snippet:-1, max-image-preview:large, max-video-preview:-1\" \/>\n<link rel=\"canonical\" href=\"https:\/\/pluginviet.com\/mau26\/san-pham\/bot-tao-phong-odouds-texture-powder-114g-2\/\" \/>\n<meta property=\"og:locale\" content=\"vi_VN\" \/>\n<meta property=\"og:type\" content=\"article\" \/>\n<meta property=\"og:title\" content=\"B\u1ed9t T\u1ea1o Ph\u1ed3ng O\u2019douds Texture Powder 114g - Ho\u00e0ng S\u01a1n - M\u1ef9 ph\u1ea9m nam\" \/>\n<meta property=\"og:description\" content=\"B\u1ed9t t\u1ea1o ph\u1ed3ng O\u2019douds Texture Powder \u0111\u01b0\u1ee3c thi\u1ebft k\u1ebf \u0111\u1ec3 c\u00e2n b\u1eb1ng v\u00e0 h\u00fat l\u01b0\u1ee3ng d\u1ea7u t\u1ef1 nhi\u00ean c\u1ee7a da \u0111\u1ea7u v\u00e0 cho ra \u0111\u1ed9 ph\u1ed3ng v\u00e0 Texture m\u00e0 b\u1ea1n mong mu\u1ed1n. C\u00f3 th\u1ec3 \u0111\u01b0\u1ee3c s\u1eed d\u1ee5ng nh\u01b0 m\u1ed9t s\u1ea3n ph\u1ea9m t\u1ea1o ki\u1ec3u \u0111\u1ed9c l\u1eadp ho\u1eb7c nh\u01b0 m\u1ed9t \u201cd\u1ea7u g\u1ed9i kh\u00f4\u201d \u0111\u1ec3 ph\u1ee5c h\u1ed3i t\u00f3c [...]\" \/>\n<meta property=\"og:url\" content=\"https:\/\/pluginviet.com\/mau26\/san-pham\/bot-tao-phong-odouds-texture-powder-114g-2\/\" \/>\n<meta property=\"og:site_name\" content=\"Ho\u00e0ng S\u01a1n - M\u1ef9 ph\u1ea9m nam\" \/>\n<meta property=\"article:modified_time\" content=\"2024-08-09T17:45:12+00:00\" \/>\n<meta property=\"og:image\" content=\"https:\/\/pluginviet.com\/mau26\/wp-content\/uploads\/2023\/06\/bot-tao-phong-odouds-texture-powder_11zon.png\" \/>\n\t<meta property=\"og:image:width\" content=\"579\" \/>\n\t<meta property=\"og:image:height\" content=\"580\" \/>\n\t<meta property=\"og:image:type\" content=\"image\/png\" \/>\n<meta name=\"twitter:card\" content=\"summary_large_image\" \/>\n<meta name=\"twitter:label1\" content=\"\u01af\u1edbc t\u00ednh th\u1eddi gian \u0111\u1ecdc\" \/>\n\t<meta name=\"twitter:data1\" content=\"2 ph\u00fat\" \/>\n<script type=\"application\/ld+json\" class=\"yoast-schema-graph\">{\"@context\":\"https:\/\/schema.org\",\"@graph\":[{\"@type\":\"WebPage\",\"@id\":\"https:\/\/pluginviet.com\/mau26\/san-pham\/bot-tao-phong-odouds-texture-powder-114g-2\/\",\"url\":\"https:\/\/pluginviet.com\/mau26\/san-pham\/bot-tao-phong-odouds-texture-powder-114g-2\/\",\"name\":\"B\u1ed9t T\u1ea1o Ph\u1ed3ng O\u2019douds Texture Powder 114g - Ho\u00e0ng S\u01a1n - M\u1ef9 ph\u1ea9m nam\",\"isPartOf\":{\"@id\":\"https:\/\/pluginviet.com\/mau26\/#website\"},\"primaryImageOfPage\":{\"@id\":\"https:\/\/pluginviet.com\/mau26\/san-pham\/bot-tao-phong-odouds-texture-powder-114g-2\/#primaryimage\"},\"image\":{\"@id\":\"https:\/\/pluginviet.com\/mau26\/san-pham\/bot-tao-phong-odouds-texture-powder-114g-2\/#primaryimage\"},\"thumbnailUrl\":\"https:\/\/pluginviet.com\/mau26\/wp-content\/uploads\/2023\/06\/bot-tao-phong-odouds-texture-powder_11zon.png\",\"datePublished\":\"2023-06-10T11:07:12+00:00\",\"dateModified\":\"2024-08-09T17:45:12+00:00\",\"breadcrumb\":{\"@id\":\"https:\/\/pluginviet.com\/mau26\/san-pham\/bot-tao-phong-odouds-texture-powder-114g-2\/#breadcrumb\"},\"inLanguage\":\"vi\",\"potentialAction\":[{\"@type\":\"ReadAction\",\"target\":[\"https:\/\/pluginviet.com\/mau26\/san-pham\/bot-tao-phong-odouds-texture-powder-114g-2\/\"]}]},{\"@type\":\"ImageObject\",\"inLanguage\":\"vi\",\"@id\":\"https:\/\/pluginviet.com\/mau26\/san-pham\/bot-tao-phong-odouds-texture-powder-114g-2\/#primaryimage\",\"url\":\"https:\/\/pluginviet.com\/mau26\/wp-content\/uploads\/2023\/06\/bot-tao-phong-odouds-texture-powder_11zon.png\",\"contentUrl\":\"https:\/\/pluginviet.com\/mau26\/wp-content\/uploads\/2023\/06\/bot-tao-phong-odouds-texture-powder_11zon.png\",\"width\":579,\"height\":580},{\"@type\":\"BreadcrumbList\",\"@id\":\"https:\/\/pluginviet.com\/mau26\/san-pham\/bot-tao-phong-odouds-texture-powder-114g-2\/#breadcrumb\",\"itemListElement\":[{\"@type\":\"ListItem\",\"position\":1,\"name\":\"Trang ch\u1ee7\",\"item\":\"https:\/\/pluginviet.com\/mau26\/\"},{\"@type\":\"ListItem\",\"position\":2,\"name\":\"Shop\",\"item\":\"https:\/\/pluginviet.com\/mau26\/shop\/\"},{\"@type\":\"ListItem\",\"position\":3,\"name\":\"B\u1ed9t T\u1ea1o Ph\u1ed3ng O\u2019douds Texture Powder 114g\"}]},{\"@type\":\"WebSite\",\"@id\":\"https:\/\/pluginviet.com\/mau26\/#website\",\"url\":\"https:\/\/pluginviet.com\/mau26\/\",\"name\":\"Ho\u00e0ng S\u01a1n - M\u1ef9 ph\u1ea9m nam\",\"description\":\"\",\"potentialAction\":[{\"@type\":\"SearchAction\",\"target\":{\"@type\":\"EntryPoint\",\"urlTemplate\":\"https:\/\/pluginviet.com\/mau26\/?s={search_term_string}\"},\"query-input\":{\"@type\":\"PropertyValueSpecification\",\"valueRequired\":true,\"valueName\":\"search_term_string\"}}],\"inLanguage\":\"vi\"}]}<\/script>\n<!-- \/ Yoast SEO plugin. -->","yoast_head_json":{"title":"B\u1ed9t T\u1ea1o Ph\u1ed3ng O\u2019douds Texture Powder 114g - Ho\u00e0ng S\u01a1n - M\u1ef9 ph\u1ea9m nam","robots":{"index":"index","follow":"follow","max-snippet":"max-snippet:-1","max-image-preview":"max-image-preview:large","max-video-preview":"max-video-preview:-1"},"canonical":"https:\/\/pluginviet.com\/mau26\/san-pham\/bot-tao-phong-odouds-texture-powder-114g-2\/","og_locale":"vi_VN","og_type":"article","og_title":"B\u1ed9t T\u1ea1o Ph\u1ed3ng O\u2019douds Texture Powder 114g - Ho\u00e0ng S\u01a1n - M\u1ef9 ph\u1ea9m nam","og_description":"B\u1ed9t t\u1ea1o ph\u1ed3ng O\u2019douds Texture Powder \u0111\u01b0\u1ee3c thi\u1ebft k\u1ebf \u0111\u1ec3 c\u00e2n b\u1eb1ng v\u00e0 h\u00fat l\u01b0\u1ee3ng d\u1ea7u t\u1ef1 nhi\u00ean c\u1ee7a da \u0111\u1ea7u v\u00e0 cho ra \u0111\u1ed9 ph\u1ed3ng v\u00e0 Texture m\u00e0 b\u1ea1n mong mu\u1ed1n. C\u00f3 th\u1ec3 \u0111\u01b0\u1ee3c s\u1eed d\u1ee5ng nh\u01b0 m\u1ed9t s\u1ea3n ph\u1ea9m t\u1ea1o ki\u1ec3u \u0111\u1ed9c l\u1eadp ho\u1eb7c nh\u01b0 m\u1ed9t \u201cd\u1ea7u g\u1ed9i kh\u00f4\u201d \u0111\u1ec3 ph\u1ee5c h\u1ed3i t\u00f3c [...]","og_url":"https:\/\/pluginviet.com\/mau26\/san-pham\/bot-tao-phong-odouds-texture-powder-114g-2\/","og_site_name":"Ho\u00e0ng S\u01a1n - M\u1ef9 ph\u1ea9m nam","article_modified_time":"2024-08-09T17:45:12+00:00","og_image":[{"width":579,"height":580,"url":"https:\/\/pluginviet.com\/mau26\/wp-content\/uploads\/2023\/06\/bot-tao-phong-odouds-texture-powder_11zon.png","type":"image\/png"}],"twitter_card":"summary_large_image","twitter_misc":{"\u01af\u1edbc t\u00ednh th\u1eddi gian \u0111\u1ecdc":"2 ph\u00fat"},"schema":{"@context":"https:\/\/schema.org","@graph":[{"@type":"WebPage","@id":"https:\/\/pluginviet.com\/mau26\/san-pham\/bot-tao-phong-odouds-texture-powder-114g-2\/","url":"https:\/\/pluginviet.com\/mau26\/san-pham\/bot-tao-phong-odouds-texture-powder-114g-2\/","name":"B\u1ed9t T\u1ea1o Ph\u1ed3ng O\u2019douds Texture Powder 114g - Ho\u00e0ng S\u01a1n - M\u1ef9 ph\u1ea9m nam","isPartOf":{"@id":"https:\/\/pluginviet.com\/mau26\/#website"},"primaryImageOfPage":{"@id":"https:\/\/pluginviet.com\/mau26\/san-pham\/bot-tao-phong-odouds-texture-powder-114g-2\/#primaryimage"},"image":{"@id":"https:\/\/pluginviet.com\/mau26\/san-pham\/bot-tao-phong-odouds-texture-powder-114g-2\/#primaryimage"},"thumbnailUrl":"https:\/\/pluginviet.com\/mau26\/wp-content\/uploads\/2023\/06\/bot-tao-phong-odouds-texture-powder_11zon.png","datePublished":"2023-06-10T11:07:12+00:00","dateModified":"2024-08-09T17:45:12+00:00","breadcrumb":{"@id":"https:\/\/pluginviet.com\/mau26\/san-pham\/bot-tao-phong-odouds-texture-powder-114g-2\/#breadcrumb"},"inLanguage":"vi","potentialAction":[{"@type":"ReadAction","target":["https:\/\/pluginviet.com\/mau26\/san-pham\/bot-tao-phong-odouds-texture-powder-114g-2\/"]}]},{"@type":"ImageObject","inLanguage":"vi","@id":"https:\/\/pluginviet.com\/mau26\/san-pham\/bot-tao-phong-odouds-texture-powder-114g-2\/#primaryimage","url":"https:\/\/pluginviet.com\/mau26\/wp-content\/uploads\/2023\/06\/bot-tao-phong-odouds-texture-powder_11zon.png","contentUrl":"https:\/\/pluginviet.com\/mau26\/wp-content\/uploads\/2023\/06\/bot-tao-phong-odouds-texture-powder_11zon.png","width":579,"height":580},{"@type":"BreadcrumbList","@id":"https:\/\/pluginviet.com\/mau26\/san-pham\/bot-tao-phong-odouds-texture-powder-114g-2\/#breadcrumb","itemListElement":[{"@type":"ListItem","position":1,"name":"Trang ch\u1ee7","item":"https:\/\/pluginviet.com\/mau26\/"},{"@type":"ListItem","position":2,"name":"Shop","item":"https:\/\/pluginviet.com\/mau26\/shop\/"},{"@type":"ListItem","position":3,"name":"B\u1ed9t T\u1ea1o Ph\u1ed3ng O\u2019douds Texture Powder 114g"}]},{"@type":"WebSite","@id":"https:\/\/pluginviet.com\/mau26\/#website","url":"https:\/\/pluginviet.com\/mau26\/","name":"Ho\u00e0ng S\u01a1n - M\u1ef9 ph\u1ea9m nam","description":"","potentialAction":[{"@type":"SearchAction","target":{"@type":"EntryPoint","urlTemplate":"https:\/\/pluginviet.com\/mau26\/?s={search_term_string}"},"query-input":{"@type":"PropertyValueSpecification","valueRequired":true,"valueName":"search_term_string"}}],"inLanguage":"vi"}]}},"_links":{"self":[{"href":"https:\/\/pluginviet.com\/mau26\/wp-json\/wp\/v2\/product\/1912","targetHints":{"allow":["GET"]}}],"collection":[{"href":"https:\/\/pluginviet.com\/mau26\/wp-json\/wp\/v2\/product"}],"about":[{"href":"https:\/\/pluginviet.com\/mau26\/wp-json\/wp\/v2\/types\/product"}],"replies":[{"embeddable":true,"href":"https:\/\/pluginviet.com\/mau26\/wp-json\/wp\/v2\/comments?post=1912"}],"wp:featuredmedia":[{"embeddable":true,"href":"https:\/\/pluginviet.com\/mau26\/wp-json\/wp\/v2\/media\/1897"}],"wp:attachment":[{"href":"https:\/\/pluginviet.com\/mau26\/wp-json\/wp\/v2\/media?parent=1912"}],"wp:term":[{"taxonomy":"product_brand","embeddable":true,"href":"https:\/\/pluginviet.com\/mau26\/wp-json\/wp\/v2\/product_brand?post=1912"},{"taxonomy":"product_cat","embeddable":true,"href":"https:\/\/pluginviet.com\/mau26\/wp-json\/wp\/v2\/product_cat?post=1912"},{"taxonomy":"product_tag","embeddable":true,"href":"https:\/\/pluginviet.com\/mau26\/wp-json\/wp\/v2\/product_tag?post=1912"},{"taxonomy":"berocket_brand","embeddable":true,"href":"https:\/\/pluginviet.com\/mau26\/wp-json\/wp\/v2\/berocket_brand?post=1912"}],"curies":[{"name":"wp","href":"https:\/\/api.w.org\/{rel}","templated":true}]}}