{"id":1899,"date":"2023-06-10T17:56:03","date_gmt":"2023-06-10T10:56:03","guid":{"rendered":"https:\/\/depthoitrang.com\/classic\/?post_type=product&#038;p=1899"},"modified":"2023-06-11T00:08:05","modified_gmt":"2023-06-10T17:08:05","slug":"xit-muoi-bien-urban-primate-sea-salt-spray","status":"publish","type":"product","link":"https:\/\/pluginviet.com\/mau26\/san-pham\/xit-muoi-bien-urban-primate-sea-salt-spray\/","title":{"rendered":"X\u1ecbt mu\u1ed1i bi\u1ec3n Urban Primate Sea Salt Spray"},"content":{"rendered":"<p>X\u1ecbt mu\u1ed1i bi\u1ec3n Urban Primate Sea Salt Spray s\u1ebd gi\u00fap b\u1ea1n t\u1ea1o ki\u1ec3u cho m\u00e1i t\u00f3c d\u1ec5 d\u00e0ng h\u01a1n, t\u1ea1o \u0111\u1ed9 ph\u1ed3ng v\u00e0 k\u1ebft c\u1ea5u ho\u00e0n h\u1ea3o cho m\u00e1i t\u00f3c v\u1edbi th\u00e0nh ph\u1ea7n ch\u00ednh l\u00e0 mu\u1ed1i bi\u1ec3n v\u00e0 b\u1ed9t silica gi\u00fap h\u00fat d\u1ea7u th\u1eeba tr\u00ean t\u00f3c. Ngo\u00e0i ra b\u1ea1n c\u00f3 th\u1ec3 s\u1eed d\u1ee5ng Urban Primate Sea Salt Spray nh\u01b0 m\u1ed9t s\u1ea3n ph\u1ea9m b\u1ed5 tr\u1ee3 tr\u01b0\u1edbc khi s\u1ea5y \u0111\u1ec3 b\u1ea3o v\u1ec7 t\u00f3c tr\u00e1nh t\u1ed5n th\u01b0\u01a1ng \u1edf nhi\u1ec7t \u0111\u1ed9 cao v\u00e0 c\u00e1c tia UV c\u00f3 h\u1ea1i.<\/p>\n<p>Urban Primate Sea Salt Spray v\u1edbi h\u01b0\u01a1ng n\u01b0\u1edbc hoa nh\u1eb9 nh\u00e0ng s\u1ebd l\u00e0m quy\u1ebfn r\u0169 c\u00e1c b\u1ea1n.<\/p>\n<h3>Th\u00f4ng tin chi ti\u1ebft:<\/h3>\n<ul>\n<li>Th\u01b0\u01a1ng hi\u1ec7u:\u00a0Urban Primate<\/li>\n<li>Dung t\u00edch: 200ml (6.8 Oz)<\/li>\n<li>B\u1ea3o v\u1ec7 nhi\u1ec7t khi s\u1ea5y t\u00f3c<\/li>\n<li>H\u1ed7 tr\u1ee3 gi\u1eef n\u1ebfp nh\u1eb9<\/li>\n<li>T\u0103ng \u0111\u1ed9 ph\u1ed3ng cho m\u00e1i t\u00f3c<\/li>\n<li>T\u0103ng k\u1ebft c\u1ea5u l\u1ecdn t\u00f3c (Texture)<\/li>\n<li>Xu\u1ea5t x\u1ee9: Th\u00e1i Lan<\/li>\n<\/ul>\n<h3>H\u01b0\u1edbng d\u1eabn s\u1eed d\u1ee5ng<\/h3>\n<ul>\n<li>X\u1ecbt 3 \u2013 5 l\u1ea7n v\u00e0o t\u00f3c \u1ea9m, s\u1ea1ch.<\/li>\n<li>T\u1ea1o ki\u1ec3u t\u00f3c b\u1eb1ng l\u01b0\u1ee3c ho\u1eb7c ng\u00f3n tay trong khi s\u1ea5y kh\u00f4 \u0111\u1ec3 t\u1ea1o \u0111\u1ed9 ph\u1ed3ng.<\/li>\n<li>S\u1eed d\u1ee5ng s\u1ea3n ph\u1ea9m t\u1ea1o ki\u1ec3u y\u00eau th\u00edch c\u1ee7a b\u1ea1n \u0111\u1ec3 t\u1ea1o ki\u1ec3u t\u00f3c cho b\u1ea1n<\/li>\n<\/ul>\n","protected":false},"excerpt":{"rendered":"<p>X\u1ecbt mu\u1ed1i bi\u1ec3n Urban Primate Sea Salt Spray s\u1ebd gi\u00fap b\u1ea1n t\u1ea1o ki\u1ec3u cho m\u00e1i t\u00f3c d\u1ec5 d\u00e0ng h\u01a1n, t\u1ea1o \u0111\u1ed9 ph\u1ed3ng v\u00e0 k\u1ebft c\u1ea5u ho\u00e0n h\u1ea3o cho m\u00e1i t\u00f3c v\u1edbi th\u00e0nh ph\u1ea7n ch\u00ednh l\u00e0 mu\u1ed1i bi\u1ec3n v\u00e0 b\u1ed9t silica gi\u00fap h\u00fat d\u1ea7u th\u1eeba tr\u00ean t\u00f3c. Ngo\u00e0i ra b\u1ea1n c\u00f3 th\u1ec3 s\u1eed d\u1ee5ng Urban Primate [&#8230;]\n","protected":false},"featured_media":1901,"comment_status":"open","ping_status":"closed","template":"","meta":[],"product_brand":[],"product_cat":[15,178],"product_tag":[],"berocket_brand":[201],"class_list":{"0":"post-1899","1":"product","2":"type-product","3":"status-publish","4":"has-post-thumbnail","6":"product_cat-thuong-hieu","7":"product_cat-pre-styling","8":"berocket_brand-urban-primate","10":"first","11":"instock","12":"shipping-taxable","13":"purchasable","14":"product-type-simple"},"yoast_head":"<!-- This site is optimized with the Yoast SEO plugin v24.8.1 - https:\/\/yoast.com\/wordpress\/plugins\/seo\/ -->\n<title>X\u1ecbt mu\u1ed1i bi\u1ec3n Urban Primate Sea Salt Spray - Ho\u00e0ng S\u01a1n - M\u1ef9 ph\u1ea9m nam<\/title>\n<meta name=\"robots\" content=\"index, follow, max-snippet:-1, max-image-preview:large, max-video-preview:-1\" \/>\n<link rel=\"canonical\" href=\"https:\/\/pluginviet.com\/mau26\/san-pham\/xit-muoi-bien-urban-primate-sea-salt-spray\/\" \/>\n<meta property=\"og:locale\" content=\"vi_VN\" \/>\n<meta property=\"og:type\" content=\"article\" \/>\n<meta property=\"og:title\" content=\"X\u1ecbt mu\u1ed1i bi\u1ec3n Urban Primate Sea Salt Spray - Ho\u00e0ng S\u01a1n - M\u1ef9 ph\u1ea9m nam\" \/>\n<meta property=\"og:description\" content=\"X\u1ecbt mu\u1ed1i bi\u1ec3n Urban Primate Sea Salt Spray s\u1ebd gi\u00fap b\u1ea1n t\u1ea1o ki\u1ec3u cho m\u00e1i t\u00f3c d\u1ec5 d\u00e0ng h\u01a1n, t\u1ea1o \u0111\u1ed9 ph\u1ed3ng v\u00e0 k\u1ebft c\u1ea5u ho\u00e0n h\u1ea3o cho m\u00e1i t\u00f3c v\u1edbi th\u00e0nh ph\u1ea7n ch\u00ednh l\u00e0 mu\u1ed1i bi\u1ec3n v\u00e0 b\u1ed9t silica gi\u00fap h\u00fat d\u1ea7u th\u1eeba tr\u00ean t\u00f3c. Ngo\u00e0i ra b\u1ea1n c\u00f3 th\u1ec3 s\u1eed d\u1ee5ng Urban Primate [...]\" \/>\n<meta property=\"og:url\" content=\"https:\/\/pluginviet.com\/mau26\/san-pham\/xit-muoi-bien-urban-primate-sea-salt-spray\/\" \/>\n<meta property=\"og:site_name\" content=\"Ho\u00e0ng S\u01a1n - M\u1ef9 ph\u1ea9m nam\" \/>\n<meta property=\"article:modified_time\" content=\"2023-06-10T17:08:05+00:00\" \/>\n<meta property=\"og:image\" content=\"https:\/\/pluginviet.com\/mau26\/wp-content\/uploads\/2023\/06\/2-urban-primate-sea-salt-spray-2-600x600_11zon.png\" \/>\n\t<meta property=\"og:image:width\" content=\"600\" \/>\n\t<meta property=\"og:image:height\" content=\"600\" \/>\n\t<meta property=\"og:image:type\" content=\"image\/png\" \/>\n<meta name=\"twitter:card\" content=\"summary_large_image\" \/>\n<meta name=\"twitter:label1\" content=\"\u01af\u1edbc t\u00ednh th\u1eddi gian \u0111\u1ecdc\" \/>\n\t<meta name=\"twitter:data1\" content=\"2 ph\u00fat\" \/>\n<script type=\"application\/ld+json\" class=\"yoast-schema-graph\">{\"@context\":\"https:\/\/schema.org\",\"@graph\":[{\"@type\":\"WebPage\",\"@id\":\"https:\/\/pluginviet.com\/mau26\/san-pham\/xit-muoi-bien-urban-primate-sea-salt-spray\/\",\"url\":\"https:\/\/pluginviet.com\/mau26\/san-pham\/xit-muoi-bien-urban-primate-sea-salt-spray\/\",\"name\":\"X\u1ecbt mu\u1ed1i bi\u1ec3n Urban Primate Sea Salt Spray - Ho\u00e0ng S\u01a1n - M\u1ef9 ph\u1ea9m nam\",\"isPartOf\":{\"@id\":\"https:\/\/pluginviet.com\/mau26\/#website\"},\"primaryImageOfPage\":{\"@id\":\"https:\/\/pluginviet.com\/mau26\/san-pham\/xit-muoi-bien-urban-primate-sea-salt-spray\/#primaryimage\"},\"image\":{\"@id\":\"https:\/\/pluginviet.com\/mau26\/san-pham\/xit-muoi-bien-urban-primate-sea-salt-spray\/#primaryimage\"},\"thumbnailUrl\":\"https:\/\/pluginviet.com\/mau26\/wp-content\/uploads\/2023\/06\/2-urban-primate-sea-salt-spray-2-600x600_11zon.png\",\"datePublished\":\"2023-06-10T10:56:03+00:00\",\"dateModified\":\"2023-06-10T17:08:05+00:00\",\"breadcrumb\":{\"@id\":\"https:\/\/pluginviet.com\/mau26\/san-pham\/xit-muoi-bien-urban-primate-sea-salt-spray\/#breadcrumb\"},\"inLanguage\":\"vi\",\"potentialAction\":[{\"@type\":\"ReadAction\",\"target\":[\"https:\/\/pluginviet.com\/mau26\/san-pham\/xit-muoi-bien-urban-primate-sea-salt-spray\/\"]}]},{\"@type\":\"ImageObject\",\"inLanguage\":\"vi\",\"@id\":\"https:\/\/pluginviet.com\/mau26\/san-pham\/xit-muoi-bien-urban-primate-sea-salt-spray\/#primaryimage\",\"url\":\"https:\/\/pluginviet.com\/mau26\/wp-content\/uploads\/2023\/06\/2-urban-primate-sea-salt-spray-2-600x600_11zon.png\",\"contentUrl\":\"https:\/\/pluginviet.com\/mau26\/wp-content\/uploads\/2023\/06\/2-urban-primate-sea-salt-spray-2-600x600_11zon.png\",\"width\":600,\"height\":600},{\"@type\":\"BreadcrumbList\",\"@id\":\"https:\/\/pluginviet.com\/mau26\/san-pham\/xit-muoi-bien-urban-primate-sea-salt-spray\/#breadcrumb\",\"itemListElement\":[{\"@type\":\"ListItem\",\"position\":1,\"name\":\"Trang ch\u1ee7\",\"item\":\"https:\/\/pluginviet.com\/mau26\/\"},{\"@type\":\"ListItem\",\"position\":2,\"name\":\"Shop\",\"item\":\"https:\/\/pluginviet.com\/mau26\/shop\/\"},{\"@type\":\"ListItem\",\"position\":3,\"name\":\"X\u1ecbt mu\u1ed1i bi\u1ec3n Urban Primate Sea Salt Spray\"}]},{\"@type\":\"WebSite\",\"@id\":\"https:\/\/pluginviet.com\/mau26\/#website\",\"url\":\"https:\/\/pluginviet.com\/mau26\/\",\"name\":\"Ho\u00e0ng S\u01a1n - M\u1ef9 ph\u1ea9m nam\",\"description\":\"\",\"potentialAction\":[{\"@type\":\"SearchAction\",\"target\":{\"@type\":\"EntryPoint\",\"urlTemplate\":\"https:\/\/pluginviet.com\/mau26\/?s={search_term_string}\"},\"query-input\":{\"@type\":\"PropertyValueSpecification\",\"valueRequired\":true,\"valueName\":\"search_term_string\"}}],\"inLanguage\":\"vi\"}]}<\/script>\n<!-- \/ Yoast SEO plugin. -->","yoast_head_json":{"title":"X\u1ecbt mu\u1ed1i bi\u1ec3n Urban Primate Sea Salt Spray - Ho\u00e0ng S\u01a1n - M\u1ef9 ph\u1ea9m nam","robots":{"index":"index","follow":"follow","max-snippet":"max-snippet:-1","max-image-preview":"max-image-preview:large","max-video-preview":"max-video-preview:-1"},"canonical":"https:\/\/pluginviet.com\/mau26\/san-pham\/xit-muoi-bien-urban-primate-sea-salt-spray\/","og_locale":"vi_VN","og_type":"article","og_title":"X\u1ecbt mu\u1ed1i bi\u1ec3n Urban Primate Sea Salt Spray - Ho\u00e0ng S\u01a1n - M\u1ef9 ph\u1ea9m nam","og_description":"X\u1ecbt mu\u1ed1i bi\u1ec3n Urban Primate Sea Salt Spray s\u1ebd gi\u00fap b\u1ea1n t\u1ea1o ki\u1ec3u cho m\u00e1i t\u00f3c d\u1ec5 d\u00e0ng h\u01a1n, t\u1ea1o \u0111\u1ed9 ph\u1ed3ng v\u00e0 k\u1ebft c\u1ea5u ho\u00e0n h\u1ea3o cho m\u00e1i t\u00f3c v\u1edbi th\u00e0nh ph\u1ea7n ch\u00ednh l\u00e0 mu\u1ed1i bi\u1ec3n v\u00e0 b\u1ed9t silica gi\u00fap h\u00fat d\u1ea7u th\u1eeba tr\u00ean t\u00f3c. Ngo\u00e0i ra b\u1ea1n c\u00f3 th\u1ec3 s\u1eed d\u1ee5ng Urban Primate [...]","og_url":"https:\/\/pluginviet.com\/mau26\/san-pham\/xit-muoi-bien-urban-primate-sea-salt-spray\/","og_site_name":"Ho\u00e0ng S\u01a1n - M\u1ef9 ph\u1ea9m nam","article_modified_time":"2023-06-10T17:08:05+00:00","og_image":[{"width":600,"height":600,"url":"https:\/\/pluginviet.com\/mau26\/wp-content\/uploads\/2023\/06\/2-urban-primate-sea-salt-spray-2-600x600_11zon.png","type":"image\/png"}],"twitter_card":"summary_large_image","twitter_misc":{"\u01af\u1edbc t\u00ednh th\u1eddi gian \u0111\u1ecdc":"2 ph\u00fat"},"schema":{"@context":"https:\/\/schema.org","@graph":[{"@type":"WebPage","@id":"https:\/\/pluginviet.com\/mau26\/san-pham\/xit-muoi-bien-urban-primate-sea-salt-spray\/","url":"https:\/\/pluginviet.com\/mau26\/san-pham\/xit-muoi-bien-urban-primate-sea-salt-spray\/","name":"X\u1ecbt mu\u1ed1i bi\u1ec3n Urban Primate Sea Salt Spray - Ho\u00e0ng S\u01a1n - M\u1ef9 ph\u1ea9m nam","isPartOf":{"@id":"https:\/\/pluginviet.com\/mau26\/#website"},"primaryImageOfPage":{"@id":"https:\/\/pluginviet.com\/mau26\/san-pham\/xit-muoi-bien-urban-primate-sea-salt-spray\/#primaryimage"},"image":{"@id":"https:\/\/pluginviet.com\/mau26\/san-pham\/xit-muoi-bien-urban-primate-sea-salt-spray\/#primaryimage"},"thumbnailUrl":"https:\/\/pluginviet.com\/mau26\/wp-content\/uploads\/2023\/06\/2-urban-primate-sea-salt-spray-2-600x600_11zon.png","datePublished":"2023-06-10T10:56:03+00:00","dateModified":"2023-06-10T17:08:05+00:00","breadcrumb":{"@id":"https:\/\/pluginviet.com\/mau26\/san-pham\/xit-muoi-bien-urban-primate-sea-salt-spray\/#breadcrumb"},"inLanguage":"vi","potentialAction":[{"@type":"ReadAction","target":["https:\/\/pluginviet.com\/mau26\/san-pham\/xit-muoi-bien-urban-primate-sea-salt-spray\/"]}]},{"@type":"ImageObject","inLanguage":"vi","@id":"https:\/\/pluginviet.com\/mau26\/san-pham\/xit-muoi-bien-urban-primate-sea-salt-spray\/#primaryimage","url":"https:\/\/pluginviet.com\/mau26\/wp-content\/uploads\/2023\/06\/2-urban-primate-sea-salt-spray-2-600x600_11zon.png","contentUrl":"https:\/\/pluginviet.com\/mau26\/wp-content\/uploads\/2023\/06\/2-urban-primate-sea-salt-spray-2-600x600_11zon.png","width":600,"height":600},{"@type":"BreadcrumbList","@id":"https:\/\/pluginviet.com\/mau26\/san-pham\/xit-muoi-bien-urban-primate-sea-salt-spray\/#breadcrumb","itemListElement":[{"@type":"ListItem","position":1,"name":"Trang ch\u1ee7","item":"https:\/\/pluginviet.com\/mau26\/"},{"@type":"ListItem","position":2,"name":"Shop","item":"https:\/\/pluginviet.com\/mau26\/shop\/"},{"@type":"ListItem","position":3,"name":"X\u1ecbt mu\u1ed1i bi\u1ec3n Urban Primate Sea Salt Spray"}]},{"@type":"WebSite","@id":"https:\/\/pluginviet.com\/mau26\/#website","url":"https:\/\/pluginviet.com\/mau26\/","name":"Ho\u00e0ng S\u01a1n - M\u1ef9 ph\u1ea9m nam","description":"","potentialAction":[{"@type":"SearchAction","target":{"@type":"EntryPoint","urlTemplate":"https:\/\/pluginviet.com\/mau26\/?s={search_term_string}"},"query-input":{"@type":"PropertyValueSpecification","valueRequired":true,"valueName":"search_term_string"}}],"inLanguage":"vi"}]}},"_links":{"self":[{"href":"https:\/\/pluginviet.com\/mau26\/wp-json\/wp\/v2\/product\/1899","targetHints":{"allow":["GET"]}}],"collection":[{"href":"https:\/\/pluginviet.com\/mau26\/wp-json\/wp\/v2\/product"}],"about":[{"href":"https:\/\/pluginviet.com\/mau26\/wp-json\/wp\/v2\/types\/product"}],"replies":[{"embeddable":true,"href":"https:\/\/pluginviet.com\/mau26\/wp-json\/wp\/v2\/comments?post=1899"}],"wp:featuredmedia":[{"embeddable":true,"href":"https:\/\/pluginviet.com\/mau26\/wp-json\/wp\/v2\/media\/1901"}],"wp:attachment":[{"href":"https:\/\/pluginviet.com\/mau26\/wp-json\/wp\/v2\/media?parent=1899"}],"wp:term":[{"taxonomy":"product_brand","embeddable":true,"href":"https:\/\/pluginviet.com\/mau26\/wp-json\/wp\/v2\/product_brand?post=1899"},{"taxonomy":"product_cat","embeddable":true,"href":"https:\/\/pluginviet.com\/mau26\/wp-json\/wp\/v2\/product_cat?post=1899"},{"taxonomy":"product_tag","embeddable":true,"href":"https:\/\/pluginviet.com\/mau26\/wp-json\/wp\/v2\/product_tag?post=1899"},{"taxonomy":"berocket_brand","embeddable":true,"href":"https:\/\/pluginviet.com\/mau26\/wp-json\/wp\/v2\/berocket_brand?post=1899"}],"curies":[{"name":"wp","href":"https:\/\/api.w.org\/{rel}","templated":true}]}}