{"id":1894,"date":"2023-06-10T17:49:52","date_gmt":"2023-06-10T10:49:52","guid":{"rendered":"https:\/\/depthoitrang.com\/classic\/?post_type=product&#038;p=1894"},"modified":"2024-08-10T04:58:32","modified_gmt":"2024-08-09T21:58:32","slug":"gom-xit-giu-nep-gatsby-hair-spray-supper-hair-250ml","status":"publish","type":"product","link":"https:\/\/pluginviet.com\/mau26\/san-pham\/gom-xit-giu-nep-gatsby-hair-spray-supper-hair-250ml\/","title":{"rendered":"G\u00f4m x\u1ecbt gi\u1eef n\u1ebfp Gatsby Hair Spray Supper Hair 250ml"},"content":{"rendered":"<p>G\u00f4m x\u1ecbt gi\u1eef n\u1ebfp Gatsby Hair Spray Supper Hair \u0111\u1ecbnh h\u00ecnh ki\u1ec3u t\u00f3c v\u00e0 gi\u1eef n\u1ebfp t\u1ef1 nhi\u00ean c\u00f9ng hi\u1ec7u \u1ee9ng l\u00e0m b\u00f3ng t\u00f3c.<\/p>\n<h3>\u0110\u1eb7c t\u00ednh:<\/h3>\n<ul>\n<li>Gi\u00fap \u0111\u1ecbnh h\u00ecnh ki\u1ec3u t\u00f3c v\u00e0 gi\u1eef n\u1ebfp t\u1ef1 nhi\u00ean<\/li>\n<li>D\u1ea1ng s\u01b0\u01a1ng m\u1ecbn bao ph\u1ee7 \u0111\u1ec1u l\u00ean t\u00f3c g\u00edup t\u1ea1o ki\u1ec3u v\u00e0 gi\u1eef n\u1ebfp c\u1ea3 ng\u00e0y d\u00e0i<\/li>\n<li>Kh\u00f4ng \u0111\u1ec3 l\u1ea1i ch\u1ea5t d\u01b0 th\u1eeba tr\u00ean t\u00f3c<\/li>\n<li>Hi\u1ec7u \u1ee9ng l\u00e0m b\u00f3ng t\u00f3c<\/li>\n<li>Kh\u00f4ng b\u1ebft d\u00ednh<\/li>\n<li>Gi\u00fap b\u1ea3o v\u1ec7 t\u00f3c tr\u01b0\u1edbc tia c\u1ef1c t\u00edm<\/li>\n<li>\u0110\u1ed9 gi\u1eef n\u1ebfp: Level 4<\/li>\n<li>Th\u1ec3 t\u00edch: 250ml<\/li>\n<\/ul>\n<h3>C\u00e1ch s\u1eed d\u1ee5ng:<\/h3>\n<p>L\u1eafc \u0111\u1ec1u chai g\u00f4m x\u1ecbt t\u00f3c \u0111\u1ec3 cho g\u00f4m \u0111\u01b0\u1ee3c h\u00f2a \u0111\u1ec1u. Gi\u1eef b\u00ecnh x\u1ecbt \u0111\u1ee9ng th\u1eb3ng v\u00e0 x\u1ecbt \u1edf kho\u1ea3ng c\u00e1ch 15-25cm v\u1edbi t\u00f3c.<\/p>\n<h3>L\u01b0u \u00fd khi s\u1eed d\u1ee5ng:<\/h3>\n<ul>\n<li>Kh\u00f4ng ch\u1ea3i khi t\u00f3c \u0111\u00e3 kh\u00f4 v\u00e0 v\u00e0o n\u1ebfp<\/li>\n<li>Kh\u00f4ng s\u1eed d\u1ee5ng nh\u01b0 d\u01b0\u1ee3c ph\u1ea9m.<\/li>\n<li>Kh\u00f4ng d\u00f9ng khi \u0111ang h\u00fat thu\u1ed1c ho\u1eb7c g\u1ea7n n\u01a1i c\u00f3 l\u1eeda \u2013 ngu\u1ed3n l\u1eeda.<\/li>\n<li>Kh\u00f4ng \u0111\u1ee5c hay \u0111\u1ed1t b\u00ecnh k\u1ec3 c\u1ea3 khi b\u00ecnh r\u1ed7ng.<\/li>\n<li>Ch\u1ee9a kh\u00ed n\u00e9n \u00e1p su\u1ea5t cao.<\/li>\n<li>Kh\u00f4ng \u0111\u1eb7t \u1edf n\u01a1i c\u00f3 nhi\u1ec7t \u0111\u1ed9 qu\u00e1 50 \u0111\u1ed9 C.<\/li>\n<li>Tr\u00e1nh x\u1ecbt g\u1ea7n m\u1eaft.<\/li>\n<li>Tr\u00e1nh xa t\u1ea7m tay tr\u1ebb em.<\/li>\n<li>Ch\u1ec9 d\u00f9ng ngo\u00e0i da. N\u1ebfu da c\u00f3 bi\u1ec3u hi\u1ec7n b\u1ea5t th\u01b0\u1eddng th\u00ec ng\u01b0ng s\u1eed d\u1ee5ng v\u00e0 ngay l\u1eadp t\u1ee9c \u0111i kh\u00e1m da li\u1ec5u.<\/li>\n<\/ul>\n","protected":false},"excerpt":{"rendered":"<p>G\u00f4m x\u1ecbt gi\u1eef n\u1ebfp Gatsby Hair Spray Supper Hair \u0111\u1ecbnh h\u00ecnh ki\u1ec3u t\u00f3c v\u00e0 gi\u1eef n\u1ebfp t\u1ef1 nhi\u00ean c\u00f9ng hi\u1ec7u \u1ee9ng l\u00e0m b\u00f3ng t\u00f3c. \u0110\u1eb7c t\u00ednh: Gi\u00fap \u0111\u1ecbnh h\u00ecnh ki\u1ec3u t\u00f3c v\u00e0 gi\u1eef n\u1ebfp t\u1ef1 nhi\u00ean D\u1ea1ng s\u01b0\u01a1ng m\u1ecbn bao ph\u1ee7 \u0111\u1ec1u l\u00ean t\u00f3c g\u00edup t\u1ea1o ki\u1ec3u v\u00e0 gi\u1eef n\u1ebfp c\u1ea3 ng\u00e0y d\u00e0i Kh\u00f4ng \u0111\u1ec3 [&#8230;]\n","protected":false},"featured_media":1895,"comment_status":"open","ping_status":"closed","template":"","meta":[],"product_brand":[],"product_cat":[15,181],"product_tag":[],"berocket_brand":[196],"class_list":{"0":"post-1894","1":"product","2":"type-product","3":"status-publish","4":"has-post-thumbnail","6":"product_cat-thuong-hieu","7":"product_cat-gom","8":"berocket_brand-gatsby","10":"first","11":"instock","12":"sale","13":"shipping-taxable","14":"purchasable","15":"product-type-simple"},"yoast_head":"<!-- This site is optimized with the Yoast SEO plugin v24.8.1 - https:\/\/yoast.com\/wordpress\/plugins\/seo\/ -->\n<title>G\u00f4m x\u1ecbt gi\u1eef n\u1ebfp Gatsby Hair Spray Supper Hair 250ml - Ho\u00e0ng S\u01a1n - M\u1ef9 ph\u1ea9m nam<\/title>\n<meta name=\"robots\" content=\"index, follow, max-snippet:-1, max-image-preview:large, max-video-preview:-1\" \/>\n<link rel=\"canonical\" href=\"https:\/\/pluginviet.com\/mau26\/san-pham\/gom-xit-giu-nep-gatsby-hair-spray-supper-hair-250ml\/\" \/>\n<meta property=\"og:locale\" content=\"vi_VN\" \/>\n<meta property=\"og:type\" content=\"article\" \/>\n<meta property=\"og:title\" content=\"G\u00f4m x\u1ecbt gi\u1eef n\u1ebfp Gatsby Hair Spray Supper Hair 250ml - Ho\u00e0ng S\u01a1n - M\u1ef9 ph\u1ea9m nam\" \/>\n<meta property=\"og:description\" content=\"G\u00f4m x\u1ecbt gi\u1eef n\u1ebfp Gatsby Hair Spray Supper Hair \u0111\u1ecbnh h\u00ecnh ki\u1ec3u t\u00f3c v\u00e0 gi\u1eef n\u1ebfp t\u1ef1 nhi\u00ean c\u00f9ng hi\u1ec7u \u1ee9ng l\u00e0m b\u00f3ng t\u00f3c. \u0110\u1eb7c t\u00ednh: Gi\u00fap \u0111\u1ecbnh h\u00ecnh ki\u1ec3u t\u00f3c v\u00e0 gi\u1eef n\u1ebfp t\u1ef1 nhi\u00ean D\u1ea1ng s\u01b0\u01a1ng m\u1ecbn bao ph\u1ee7 \u0111\u1ec1u l\u00ean t\u00f3c g\u00edup t\u1ea1o ki\u1ec3u v\u00e0 gi\u1eef n\u1ebfp c\u1ea3 ng\u00e0y d\u00e0i Kh\u00f4ng \u0111\u1ec3 [...]\" \/>\n<meta property=\"og:url\" content=\"https:\/\/pluginviet.com\/mau26\/san-pham\/gom-xit-giu-nep-gatsby-hair-spray-supper-hair-250ml\/\" \/>\n<meta property=\"og:site_name\" content=\"Ho\u00e0ng S\u01a1n - M\u1ef9 ph\u1ea9m nam\" \/>\n<meta property=\"article:modified_time\" content=\"2024-08-09T21:58:32+00:00\" \/>\n<meta property=\"og:image\" content=\"https:\/\/pluginviet.com\/mau26\/wp-content\/uploads\/2023\/06\/p20479-1-600x600-1.jpeg\" \/>\n\t<meta property=\"og:image:width\" content=\"600\" \/>\n\t<meta property=\"og:image:height\" content=\"600\" \/>\n\t<meta property=\"og:image:type\" content=\"image\/jpeg\" \/>\n<meta name=\"twitter:card\" content=\"summary_large_image\" \/>\n<meta name=\"twitter:label1\" content=\"\u01af\u1edbc t\u00ednh th\u1eddi gian \u0111\u1ecdc\" \/>\n\t<meta name=\"twitter:data1\" content=\"2 ph\u00fat\" \/>\n<script type=\"application\/ld+json\" class=\"yoast-schema-graph\">{\"@context\":\"https:\/\/schema.org\",\"@graph\":[{\"@type\":\"WebPage\",\"@id\":\"https:\/\/pluginviet.com\/mau26\/san-pham\/gom-xit-giu-nep-gatsby-hair-spray-supper-hair-250ml\/\",\"url\":\"https:\/\/pluginviet.com\/mau26\/san-pham\/gom-xit-giu-nep-gatsby-hair-spray-supper-hair-250ml\/\",\"name\":\"G\u00f4m x\u1ecbt gi\u1eef n\u1ebfp Gatsby Hair Spray Supper Hair 250ml - Ho\u00e0ng S\u01a1n - M\u1ef9 ph\u1ea9m nam\",\"isPartOf\":{\"@id\":\"https:\/\/pluginviet.com\/mau26\/#website\"},\"primaryImageOfPage\":{\"@id\":\"https:\/\/pluginviet.com\/mau26\/san-pham\/gom-xit-giu-nep-gatsby-hair-spray-supper-hair-250ml\/#primaryimage\"},\"image\":{\"@id\":\"https:\/\/pluginviet.com\/mau26\/san-pham\/gom-xit-giu-nep-gatsby-hair-spray-supper-hair-250ml\/#primaryimage\"},\"thumbnailUrl\":\"https:\/\/pluginviet.com\/mau26\/wp-content\/uploads\/2023\/06\/p20479-1-600x600-1.jpeg\",\"datePublished\":\"2023-06-10T10:49:52+00:00\",\"dateModified\":\"2024-08-09T21:58:32+00:00\",\"breadcrumb\":{\"@id\":\"https:\/\/pluginviet.com\/mau26\/san-pham\/gom-xit-giu-nep-gatsby-hair-spray-supper-hair-250ml\/#breadcrumb\"},\"inLanguage\":\"vi\",\"potentialAction\":[{\"@type\":\"ReadAction\",\"target\":[\"https:\/\/pluginviet.com\/mau26\/san-pham\/gom-xit-giu-nep-gatsby-hair-spray-supper-hair-250ml\/\"]}]},{\"@type\":\"ImageObject\",\"inLanguage\":\"vi\",\"@id\":\"https:\/\/pluginviet.com\/mau26\/san-pham\/gom-xit-giu-nep-gatsby-hair-spray-supper-hair-250ml\/#primaryimage\",\"url\":\"https:\/\/pluginviet.com\/mau26\/wp-content\/uploads\/2023\/06\/p20479-1-600x600-1.jpeg\",\"contentUrl\":\"https:\/\/pluginviet.com\/mau26\/wp-content\/uploads\/2023\/06\/p20479-1-600x600-1.jpeg\",\"width\":600,\"height\":600},{\"@type\":\"BreadcrumbList\",\"@id\":\"https:\/\/pluginviet.com\/mau26\/san-pham\/gom-xit-giu-nep-gatsby-hair-spray-supper-hair-250ml\/#breadcrumb\",\"itemListElement\":[{\"@type\":\"ListItem\",\"position\":1,\"name\":\"Trang ch\u1ee7\",\"item\":\"https:\/\/pluginviet.com\/mau26\/\"},{\"@type\":\"ListItem\",\"position\":2,\"name\":\"Shop\",\"item\":\"https:\/\/pluginviet.com\/mau26\/shop\/\"},{\"@type\":\"ListItem\",\"position\":3,\"name\":\"G\u00f4m x\u1ecbt gi\u1eef n\u1ebfp Gatsby Hair Spray Supper Hair 250ml\"}]},{\"@type\":\"WebSite\",\"@id\":\"https:\/\/pluginviet.com\/mau26\/#website\",\"url\":\"https:\/\/pluginviet.com\/mau26\/\",\"name\":\"Ho\u00e0ng S\u01a1n - M\u1ef9 ph\u1ea9m nam\",\"description\":\"\",\"potentialAction\":[{\"@type\":\"SearchAction\",\"target\":{\"@type\":\"EntryPoint\",\"urlTemplate\":\"https:\/\/pluginviet.com\/mau26\/?s={search_term_string}\"},\"query-input\":{\"@type\":\"PropertyValueSpecification\",\"valueRequired\":true,\"valueName\":\"search_term_string\"}}],\"inLanguage\":\"vi\"}]}<\/script>\n<!-- \/ Yoast SEO plugin. -->","yoast_head_json":{"title":"G\u00f4m x\u1ecbt gi\u1eef n\u1ebfp Gatsby Hair Spray Supper Hair 250ml - Ho\u00e0ng S\u01a1n - M\u1ef9 ph\u1ea9m nam","robots":{"index":"index","follow":"follow","max-snippet":"max-snippet:-1","max-image-preview":"max-image-preview:large","max-video-preview":"max-video-preview:-1"},"canonical":"https:\/\/pluginviet.com\/mau26\/san-pham\/gom-xit-giu-nep-gatsby-hair-spray-supper-hair-250ml\/","og_locale":"vi_VN","og_type":"article","og_title":"G\u00f4m x\u1ecbt gi\u1eef n\u1ebfp Gatsby Hair Spray Supper Hair 250ml - Ho\u00e0ng S\u01a1n - M\u1ef9 ph\u1ea9m nam","og_description":"G\u00f4m x\u1ecbt gi\u1eef n\u1ebfp Gatsby Hair Spray Supper Hair \u0111\u1ecbnh h\u00ecnh ki\u1ec3u t\u00f3c v\u00e0 gi\u1eef n\u1ebfp t\u1ef1 nhi\u00ean c\u00f9ng hi\u1ec7u \u1ee9ng l\u00e0m b\u00f3ng t\u00f3c. \u0110\u1eb7c t\u00ednh: Gi\u00fap \u0111\u1ecbnh h\u00ecnh ki\u1ec3u t\u00f3c v\u00e0 gi\u1eef n\u1ebfp t\u1ef1 nhi\u00ean D\u1ea1ng s\u01b0\u01a1ng m\u1ecbn bao ph\u1ee7 \u0111\u1ec1u l\u00ean t\u00f3c g\u00edup t\u1ea1o ki\u1ec3u v\u00e0 gi\u1eef n\u1ebfp c\u1ea3 ng\u00e0y d\u00e0i Kh\u00f4ng \u0111\u1ec3 [...]","og_url":"https:\/\/pluginviet.com\/mau26\/san-pham\/gom-xit-giu-nep-gatsby-hair-spray-supper-hair-250ml\/","og_site_name":"Ho\u00e0ng S\u01a1n - M\u1ef9 ph\u1ea9m nam","article_modified_time":"2024-08-09T21:58:32+00:00","og_image":[{"width":600,"height":600,"url":"https:\/\/pluginviet.com\/mau26\/wp-content\/uploads\/2023\/06\/p20479-1-600x600-1.jpeg","type":"image\/jpeg"}],"twitter_card":"summary_large_image","twitter_misc":{"\u01af\u1edbc t\u00ednh th\u1eddi gian \u0111\u1ecdc":"2 ph\u00fat"},"schema":{"@context":"https:\/\/schema.org","@graph":[{"@type":"WebPage","@id":"https:\/\/pluginviet.com\/mau26\/san-pham\/gom-xit-giu-nep-gatsby-hair-spray-supper-hair-250ml\/","url":"https:\/\/pluginviet.com\/mau26\/san-pham\/gom-xit-giu-nep-gatsby-hair-spray-supper-hair-250ml\/","name":"G\u00f4m x\u1ecbt gi\u1eef n\u1ebfp Gatsby Hair Spray Supper Hair 250ml - Ho\u00e0ng S\u01a1n - M\u1ef9 ph\u1ea9m nam","isPartOf":{"@id":"https:\/\/pluginviet.com\/mau26\/#website"},"primaryImageOfPage":{"@id":"https:\/\/pluginviet.com\/mau26\/san-pham\/gom-xit-giu-nep-gatsby-hair-spray-supper-hair-250ml\/#primaryimage"},"image":{"@id":"https:\/\/pluginviet.com\/mau26\/san-pham\/gom-xit-giu-nep-gatsby-hair-spray-supper-hair-250ml\/#primaryimage"},"thumbnailUrl":"https:\/\/pluginviet.com\/mau26\/wp-content\/uploads\/2023\/06\/p20479-1-600x600-1.jpeg","datePublished":"2023-06-10T10:49:52+00:00","dateModified":"2024-08-09T21:58:32+00:00","breadcrumb":{"@id":"https:\/\/pluginviet.com\/mau26\/san-pham\/gom-xit-giu-nep-gatsby-hair-spray-supper-hair-250ml\/#breadcrumb"},"inLanguage":"vi","potentialAction":[{"@type":"ReadAction","target":["https:\/\/pluginviet.com\/mau26\/san-pham\/gom-xit-giu-nep-gatsby-hair-spray-supper-hair-250ml\/"]}]},{"@type":"ImageObject","inLanguage":"vi","@id":"https:\/\/pluginviet.com\/mau26\/san-pham\/gom-xit-giu-nep-gatsby-hair-spray-supper-hair-250ml\/#primaryimage","url":"https:\/\/pluginviet.com\/mau26\/wp-content\/uploads\/2023\/06\/p20479-1-600x600-1.jpeg","contentUrl":"https:\/\/pluginviet.com\/mau26\/wp-content\/uploads\/2023\/06\/p20479-1-600x600-1.jpeg","width":600,"height":600},{"@type":"BreadcrumbList","@id":"https:\/\/pluginviet.com\/mau26\/san-pham\/gom-xit-giu-nep-gatsby-hair-spray-supper-hair-250ml\/#breadcrumb","itemListElement":[{"@type":"ListItem","position":1,"name":"Trang ch\u1ee7","item":"https:\/\/pluginviet.com\/mau26\/"},{"@type":"ListItem","position":2,"name":"Shop","item":"https:\/\/pluginviet.com\/mau26\/shop\/"},{"@type":"ListItem","position":3,"name":"G\u00f4m x\u1ecbt gi\u1eef n\u1ebfp Gatsby Hair Spray Supper Hair 250ml"}]},{"@type":"WebSite","@id":"https:\/\/pluginviet.com\/mau26\/#website","url":"https:\/\/pluginviet.com\/mau26\/","name":"Ho\u00e0ng S\u01a1n - M\u1ef9 ph\u1ea9m nam","description":"","potentialAction":[{"@type":"SearchAction","target":{"@type":"EntryPoint","urlTemplate":"https:\/\/pluginviet.com\/mau26\/?s={search_term_string}"},"query-input":{"@type":"PropertyValueSpecification","valueRequired":true,"valueName":"search_term_string"}}],"inLanguage":"vi"}]}},"_links":{"self":[{"href":"https:\/\/pluginviet.com\/mau26\/wp-json\/wp\/v2\/product\/1894","targetHints":{"allow":["GET"]}}],"collection":[{"href":"https:\/\/pluginviet.com\/mau26\/wp-json\/wp\/v2\/product"}],"about":[{"href":"https:\/\/pluginviet.com\/mau26\/wp-json\/wp\/v2\/types\/product"}],"replies":[{"embeddable":true,"href":"https:\/\/pluginviet.com\/mau26\/wp-json\/wp\/v2\/comments?post=1894"}],"wp:featuredmedia":[{"embeddable":true,"href":"https:\/\/pluginviet.com\/mau26\/wp-json\/wp\/v2\/media\/1895"}],"wp:attachment":[{"href":"https:\/\/pluginviet.com\/mau26\/wp-json\/wp\/v2\/media?parent=1894"}],"wp:term":[{"taxonomy":"product_brand","embeddable":true,"href":"https:\/\/pluginviet.com\/mau26\/wp-json\/wp\/v2\/product_brand?post=1894"},{"taxonomy":"product_cat","embeddable":true,"href":"https:\/\/pluginviet.com\/mau26\/wp-json\/wp\/v2\/product_cat?post=1894"},{"taxonomy":"product_tag","embeddable":true,"href":"https:\/\/pluginviet.com\/mau26\/wp-json\/wp\/v2\/product_tag?post=1894"},{"taxonomy":"berocket_brand","embeddable":true,"href":"https:\/\/pluginviet.com\/mau26\/wp-json\/wp\/v2\/berocket_brand?post=1894"}],"curies":[{"name":"wp","href":"https:\/\/api.w.org\/{rel}","templated":true}]}}