{"id":1891,"date":"2023-06-10T17:47:10","date_gmt":"2023-06-10T10:47:10","guid":{"rendered":"https:\/\/depthoitrang.com\/classic\/?post_type=product&#038;p=1891"},"modified":"2023-06-10T17:47:11","modified_gmt":"2023-06-10T10:47:11","slug":"sua-tam-jack-black-big-sir-body-hair-cleanser-295ml","status":"publish","type":"product","link":"https:\/\/pluginviet.com\/mau26\/san-pham\/sua-tam-jack-black-big-sir-body-hair-cleanser-295ml\/","title":{"rendered":"S\u1eefa t\u1eafm Jack Black Big Sir Body &#038; Hair Cleanser 295ml"},"content":{"rendered":"<p>S\u1eefa t\u1eafm Jack Black Big Sir Body &amp; Hair Cleanser t\u1ea1o nhi\u1ec1u b\u1ecdt nh\u1eb9 nh\u00e0ng l\u00e0m s\u1ea1ch b\u1ee5i b\u1ea9n v\u00e0 m\u1ed3 h\u00f4i tr\u00ean c\u01a1 th\u1ec3. Big Sir c\u00f3 c\u00e1c n\u1ed1t h\u01b0\u01a1ng c\u1ee7a cam Bergamot, \u0111\u1ea1i d\u01b0\u1ee1ng v\u00e0 g\u1ed7 Amber k\u1ebft h\u1ee3p \u0111\u1ec3 t\u1ea1o ra m\u1ed9t m\u00f9i h\u01b0\u01a1ng s\u1ea3ng kho\u00e1i, \u1ea5n t\u01b0\u1ee3ng.<\/p>\n<h3>Th\u00e0nh ph\u1ea7n ch\u00ednh<\/h3>\n<ul>\n<li><strong>Aloe Vera:<\/strong>\u00a0\u202fGi\u00fap l\u00e0m d\u1ecbu, l\u00e0m d\u1ecbu v\u00e0 l\u00e0m m\u1ec1m da<\/li>\n<li><strong>Glycerin:<\/strong>\u00a0M\u1ed9t ch\u1ea5t gi\u1eef \u1ea9m t\u1ef1 nhi\u00ean gi\u00fap duy tr\u00ec s\u1ef1 c\u00e2n b\u1eb1ng \u0111\u1ed9 \u1ea9m c\u1ee7a da.<\/li>\n<li><strong>Panthenol (Pro-Vitamin B5):<\/strong>\u00a0\u202fCung c\u1ea5p \u0111\u1ed9 \u1ea9m nh\u1eb9 gi\u00fap l\u00e0m m\u1ec1m v\u00e0 m\u1ecbn da v\u00e0 t\u00f3c.<\/li>\n<\/ul>\n<h3>C\u00e1ch s\u1eed d\u1ee5ng:<\/h3>\n<p>L\u1ea5y l\u01b0\u1ee3ng v\u1eeba \u0111\u1ee7 thoa l\u00ean t\u00f3c ho\u1eb7c c\u01a1 th\u1ec3 h\u00f2a nguy\u1ec7n v\u1edbi n\u01b0\u1edbc v\u00e0 t\u1eeb t\u1eeb massage nh\u1eb9 nh\u00e0ng cho s\u1ea3n ph\u1ea9m th\u1ea9m th\u1ea5u v\u00e0o s\u00e2u b\u00ean trong da. C\u00f3 th\u1ec3 k\u1ebft h\u1ee3p th\u00eam\u00a0<a href=\"https:\/\/classic.vn\/ban-chai-tam-silicon-body-scrubber-hook\/\">b\u00e0n ch\u1ea3i t\u1eafm<\/a>\u00a0ho\u1eb7c\u00a0<a href=\"https:\/\/classic.vn\/bong-tam-nam-cao-cap-bath\/\">b\u00f4ng t\u1eafm<\/a>\u00a0\u0111\u1ec3 t\u1ea1o l\u1edbp b\u1ecdt d\u00e0y m\u1ecbn v\u00e0 lo\u1ea1i b\u1ecf l\u1edbp da ch\u1ebft tr\u00ean c\u01a1 th\u1ec3.<\/p>\n","protected":false},"excerpt":{"rendered":"<p>S\u1eefa t\u1eafm Jack Black Big Sir Body &amp; Hair Cleanser t\u1ea1o nhi\u1ec1u b\u1ecdt nh\u1eb9 nh\u00e0ng l\u00e0m s\u1ea1ch b\u1ee5i b\u1ea9n v\u00e0 m\u1ed3 h\u00f4i tr\u00ean c\u01a1 th\u1ec3. Big Sir c\u00f3 c\u00e1c n\u1ed1t h\u01b0\u01a1ng c\u1ee7a cam Bergamot, \u0111\u1ea1i d\u01b0\u1ee1ng v\u00e0 g\u1ed7 Amber k\u1ebft h\u1ee3p \u0111\u1ec3 t\u1ea1o ra m\u1ed9t m\u00f9i h\u01b0\u01a1ng s\u1ea3ng kho\u00e1i, \u1ea5n t\u01b0\u1ee3ng. Th\u00e0nh ph\u1ea7n ch\u00ednh Aloe [&#8230;]\n","protected":false},"featured_media":1892,"comment_status":"open","ping_status":"closed","template":"","meta":[],"product_brand":[],"product_cat":[15,180],"product_tag":[],"berocket_brand":[],"class_list":{"0":"post-1891","1":"product","2":"type-product","3":"status-publish","4":"has-post-thumbnail","6":"product_cat-thuong-hieu","7":"product_cat-sua-tam","9":"first","10":"instock","11":"shipping-taxable","12":"purchasable","13":"product-type-simple"},"yoast_head":"<!-- This site is optimized with the Yoast SEO plugin v24.8.1 - https:\/\/yoast.com\/wordpress\/plugins\/seo\/ -->\n<title>S\u1eefa t\u1eafm Jack Black Big Sir Body &amp; Hair Cleanser 295ml - Ho\u00e0ng S\u01a1n - M\u1ef9 ph\u1ea9m nam<\/title>\n<meta name=\"robots\" content=\"index, follow, max-snippet:-1, max-image-preview:large, max-video-preview:-1\" \/>\n<link rel=\"canonical\" href=\"https:\/\/pluginviet.com\/mau26\/san-pham\/sua-tam-jack-black-big-sir-body-hair-cleanser-295ml\/\" \/>\n<meta property=\"og:locale\" content=\"vi_VN\" \/>\n<meta property=\"og:type\" content=\"article\" \/>\n<meta property=\"og:title\" content=\"S\u1eefa t\u1eafm Jack Black Big Sir Body &amp; Hair Cleanser 295ml - Ho\u00e0ng S\u01a1n - M\u1ef9 ph\u1ea9m nam\" \/>\n<meta property=\"og:description\" content=\"S\u1eefa t\u1eafm Jack Black Big Sir Body &amp; Hair Cleanser t\u1ea1o nhi\u1ec1u b\u1ecdt nh\u1eb9 nh\u00e0ng l\u00e0m s\u1ea1ch b\u1ee5i b\u1ea9n v\u00e0 m\u1ed3 h\u00f4i tr\u00ean c\u01a1 th\u1ec3. Big Sir c\u00f3 c\u00e1c n\u1ed1t h\u01b0\u01a1ng c\u1ee7a cam Bergamot, \u0111\u1ea1i d\u01b0\u1ee1ng v\u00e0 g\u1ed7 Amber k\u1ebft h\u1ee3p \u0111\u1ec3 t\u1ea1o ra m\u1ed9t m\u00f9i h\u01b0\u01a1ng s\u1ea3ng kho\u00e1i, \u1ea5n t\u01b0\u1ee3ng. Th\u00e0nh ph\u1ea7n ch\u00ednh Aloe [...]\" \/>\n<meta property=\"og:url\" content=\"https:\/\/pluginviet.com\/mau26\/san-pham\/sua-tam-jack-black-big-sir-body-hair-cleanser-295ml\/\" \/>\n<meta property=\"og:site_name\" content=\"Ho\u00e0ng S\u01a1n - M\u1ef9 ph\u1ea9m nam\" \/>\n<meta property=\"article:modified_time\" content=\"2023-06-10T10:47:11+00:00\" \/>\n<meta property=\"og:image\" content=\"https:\/\/pluginviet.com\/mau26\/wp-content\/uploads\/2023\/06\/big-sir-cleanser-classic-600x601_11zon.png\" \/>\n\t<meta property=\"og:image:width\" content=\"600\" \/>\n\t<meta property=\"og:image:height\" content=\"601\" \/>\n\t<meta property=\"og:image:type\" content=\"image\/png\" \/>\n<meta name=\"twitter:card\" content=\"summary_large_image\" \/>\n<meta name=\"twitter:label1\" content=\"\u01af\u1edbc t\u00ednh th\u1eddi gian \u0111\u1ecdc\" \/>\n\t<meta name=\"twitter:data1\" content=\"1 ph\u00fat\" \/>\n<script type=\"application\/ld+json\" class=\"yoast-schema-graph\">{\"@context\":\"https:\/\/schema.org\",\"@graph\":[{\"@type\":\"WebPage\",\"@id\":\"https:\/\/pluginviet.com\/mau26\/san-pham\/sua-tam-jack-black-big-sir-body-hair-cleanser-295ml\/\",\"url\":\"https:\/\/pluginviet.com\/mau26\/san-pham\/sua-tam-jack-black-big-sir-body-hair-cleanser-295ml\/\",\"name\":\"S\u1eefa t\u1eafm Jack Black Big Sir Body & Hair Cleanser 295ml - Ho\u00e0ng S\u01a1n - M\u1ef9 ph\u1ea9m nam\",\"isPartOf\":{\"@id\":\"https:\/\/pluginviet.com\/mau26\/#website\"},\"primaryImageOfPage\":{\"@id\":\"https:\/\/pluginviet.com\/mau26\/san-pham\/sua-tam-jack-black-big-sir-body-hair-cleanser-295ml\/#primaryimage\"},\"image\":{\"@id\":\"https:\/\/pluginviet.com\/mau26\/san-pham\/sua-tam-jack-black-big-sir-body-hair-cleanser-295ml\/#primaryimage\"},\"thumbnailUrl\":\"https:\/\/pluginviet.com\/mau26\/wp-content\/uploads\/2023\/06\/big-sir-cleanser-classic-600x601_11zon.png\",\"datePublished\":\"2023-06-10T10:47:10+00:00\",\"dateModified\":\"2023-06-10T10:47:11+00:00\",\"breadcrumb\":{\"@id\":\"https:\/\/pluginviet.com\/mau26\/san-pham\/sua-tam-jack-black-big-sir-body-hair-cleanser-295ml\/#breadcrumb\"},\"inLanguage\":\"vi\",\"potentialAction\":[{\"@type\":\"ReadAction\",\"target\":[\"https:\/\/pluginviet.com\/mau26\/san-pham\/sua-tam-jack-black-big-sir-body-hair-cleanser-295ml\/\"]}]},{\"@type\":\"ImageObject\",\"inLanguage\":\"vi\",\"@id\":\"https:\/\/pluginviet.com\/mau26\/san-pham\/sua-tam-jack-black-big-sir-body-hair-cleanser-295ml\/#primaryimage\",\"url\":\"https:\/\/pluginviet.com\/mau26\/wp-content\/uploads\/2023\/06\/big-sir-cleanser-classic-600x601_11zon.png\",\"contentUrl\":\"https:\/\/pluginviet.com\/mau26\/wp-content\/uploads\/2023\/06\/big-sir-cleanser-classic-600x601_11zon.png\",\"width\":600,\"height\":601},{\"@type\":\"BreadcrumbList\",\"@id\":\"https:\/\/pluginviet.com\/mau26\/san-pham\/sua-tam-jack-black-big-sir-body-hair-cleanser-295ml\/#breadcrumb\",\"itemListElement\":[{\"@type\":\"ListItem\",\"position\":1,\"name\":\"Trang ch\u1ee7\",\"item\":\"https:\/\/pluginviet.com\/mau26\/\"},{\"@type\":\"ListItem\",\"position\":2,\"name\":\"Shop\",\"item\":\"https:\/\/pluginviet.com\/mau26\/shop\/\"},{\"@type\":\"ListItem\",\"position\":3,\"name\":\"S\u1eefa t\u1eafm Jack Black Big Sir Body &#038; Hair Cleanser 295ml\"}]},{\"@type\":\"WebSite\",\"@id\":\"https:\/\/pluginviet.com\/mau26\/#website\",\"url\":\"https:\/\/pluginviet.com\/mau26\/\",\"name\":\"Ho\u00e0ng S\u01a1n - M\u1ef9 ph\u1ea9m nam\",\"description\":\"\",\"potentialAction\":[{\"@type\":\"SearchAction\",\"target\":{\"@type\":\"EntryPoint\",\"urlTemplate\":\"https:\/\/pluginviet.com\/mau26\/?s={search_term_string}\"},\"query-input\":{\"@type\":\"PropertyValueSpecification\",\"valueRequired\":true,\"valueName\":\"search_term_string\"}}],\"inLanguage\":\"vi\"}]}<\/script>\n<!-- \/ Yoast SEO plugin. -->","yoast_head_json":{"title":"S\u1eefa t\u1eafm Jack Black Big Sir Body & Hair Cleanser 295ml - Ho\u00e0ng S\u01a1n - M\u1ef9 ph\u1ea9m nam","robots":{"index":"index","follow":"follow","max-snippet":"max-snippet:-1","max-image-preview":"max-image-preview:large","max-video-preview":"max-video-preview:-1"},"canonical":"https:\/\/pluginviet.com\/mau26\/san-pham\/sua-tam-jack-black-big-sir-body-hair-cleanser-295ml\/","og_locale":"vi_VN","og_type":"article","og_title":"S\u1eefa t\u1eafm Jack Black Big Sir Body & Hair Cleanser 295ml - Ho\u00e0ng S\u01a1n - M\u1ef9 ph\u1ea9m nam","og_description":"S\u1eefa t\u1eafm Jack Black Big Sir Body &amp; Hair Cleanser t\u1ea1o nhi\u1ec1u b\u1ecdt nh\u1eb9 nh\u00e0ng l\u00e0m s\u1ea1ch b\u1ee5i b\u1ea9n v\u00e0 m\u1ed3 h\u00f4i tr\u00ean c\u01a1 th\u1ec3. Big Sir c\u00f3 c\u00e1c n\u1ed1t h\u01b0\u01a1ng c\u1ee7a cam Bergamot, \u0111\u1ea1i d\u01b0\u1ee1ng v\u00e0 g\u1ed7 Amber k\u1ebft h\u1ee3p \u0111\u1ec3 t\u1ea1o ra m\u1ed9t m\u00f9i h\u01b0\u01a1ng s\u1ea3ng kho\u00e1i, \u1ea5n t\u01b0\u1ee3ng. Th\u00e0nh ph\u1ea7n ch\u00ednh Aloe [...]","og_url":"https:\/\/pluginviet.com\/mau26\/san-pham\/sua-tam-jack-black-big-sir-body-hair-cleanser-295ml\/","og_site_name":"Ho\u00e0ng S\u01a1n - M\u1ef9 ph\u1ea9m nam","article_modified_time":"2023-06-10T10:47:11+00:00","og_image":[{"width":600,"height":601,"url":"https:\/\/pluginviet.com\/mau26\/wp-content\/uploads\/2023\/06\/big-sir-cleanser-classic-600x601_11zon.png","type":"image\/png"}],"twitter_card":"summary_large_image","twitter_misc":{"\u01af\u1edbc t\u00ednh th\u1eddi gian \u0111\u1ecdc":"1 ph\u00fat"},"schema":{"@context":"https:\/\/schema.org","@graph":[{"@type":"WebPage","@id":"https:\/\/pluginviet.com\/mau26\/san-pham\/sua-tam-jack-black-big-sir-body-hair-cleanser-295ml\/","url":"https:\/\/pluginviet.com\/mau26\/san-pham\/sua-tam-jack-black-big-sir-body-hair-cleanser-295ml\/","name":"S\u1eefa t\u1eafm Jack Black Big Sir Body & Hair Cleanser 295ml - Ho\u00e0ng S\u01a1n - M\u1ef9 ph\u1ea9m nam","isPartOf":{"@id":"https:\/\/pluginviet.com\/mau26\/#website"},"primaryImageOfPage":{"@id":"https:\/\/pluginviet.com\/mau26\/san-pham\/sua-tam-jack-black-big-sir-body-hair-cleanser-295ml\/#primaryimage"},"image":{"@id":"https:\/\/pluginviet.com\/mau26\/san-pham\/sua-tam-jack-black-big-sir-body-hair-cleanser-295ml\/#primaryimage"},"thumbnailUrl":"https:\/\/pluginviet.com\/mau26\/wp-content\/uploads\/2023\/06\/big-sir-cleanser-classic-600x601_11zon.png","datePublished":"2023-06-10T10:47:10+00:00","dateModified":"2023-06-10T10:47:11+00:00","breadcrumb":{"@id":"https:\/\/pluginviet.com\/mau26\/san-pham\/sua-tam-jack-black-big-sir-body-hair-cleanser-295ml\/#breadcrumb"},"inLanguage":"vi","potentialAction":[{"@type":"ReadAction","target":["https:\/\/pluginviet.com\/mau26\/san-pham\/sua-tam-jack-black-big-sir-body-hair-cleanser-295ml\/"]}]},{"@type":"ImageObject","inLanguage":"vi","@id":"https:\/\/pluginviet.com\/mau26\/san-pham\/sua-tam-jack-black-big-sir-body-hair-cleanser-295ml\/#primaryimage","url":"https:\/\/pluginviet.com\/mau26\/wp-content\/uploads\/2023\/06\/big-sir-cleanser-classic-600x601_11zon.png","contentUrl":"https:\/\/pluginviet.com\/mau26\/wp-content\/uploads\/2023\/06\/big-sir-cleanser-classic-600x601_11zon.png","width":600,"height":601},{"@type":"BreadcrumbList","@id":"https:\/\/pluginviet.com\/mau26\/san-pham\/sua-tam-jack-black-big-sir-body-hair-cleanser-295ml\/#breadcrumb","itemListElement":[{"@type":"ListItem","position":1,"name":"Trang ch\u1ee7","item":"https:\/\/pluginviet.com\/mau26\/"},{"@type":"ListItem","position":2,"name":"Shop","item":"https:\/\/pluginviet.com\/mau26\/shop\/"},{"@type":"ListItem","position":3,"name":"S\u1eefa t\u1eafm Jack Black Big Sir Body &#038; Hair Cleanser 295ml"}]},{"@type":"WebSite","@id":"https:\/\/pluginviet.com\/mau26\/#website","url":"https:\/\/pluginviet.com\/mau26\/","name":"Ho\u00e0ng S\u01a1n - M\u1ef9 ph\u1ea9m nam","description":"","potentialAction":[{"@type":"SearchAction","target":{"@type":"EntryPoint","urlTemplate":"https:\/\/pluginviet.com\/mau26\/?s={search_term_string}"},"query-input":{"@type":"PropertyValueSpecification","valueRequired":true,"valueName":"search_term_string"}}],"inLanguage":"vi"}]}},"_links":{"self":[{"href":"https:\/\/pluginviet.com\/mau26\/wp-json\/wp\/v2\/product\/1891","targetHints":{"allow":["GET"]}}],"collection":[{"href":"https:\/\/pluginviet.com\/mau26\/wp-json\/wp\/v2\/product"}],"about":[{"href":"https:\/\/pluginviet.com\/mau26\/wp-json\/wp\/v2\/types\/product"}],"replies":[{"embeddable":true,"href":"https:\/\/pluginviet.com\/mau26\/wp-json\/wp\/v2\/comments?post=1891"}],"wp:featuredmedia":[{"embeddable":true,"href":"https:\/\/pluginviet.com\/mau26\/wp-json\/wp\/v2\/media\/1892"}],"wp:attachment":[{"href":"https:\/\/pluginviet.com\/mau26\/wp-json\/wp\/v2\/media?parent=1891"}],"wp:term":[{"taxonomy":"product_brand","embeddable":true,"href":"https:\/\/pluginviet.com\/mau26\/wp-json\/wp\/v2\/product_brand?post=1891"},{"taxonomy":"product_cat","embeddable":true,"href":"https:\/\/pluginviet.com\/mau26\/wp-json\/wp\/v2\/product_cat?post=1891"},{"taxonomy":"product_tag","embeddable":true,"href":"https:\/\/pluginviet.com\/mau26\/wp-json\/wp\/v2\/product_tag?post=1891"},{"taxonomy":"berocket_brand","embeddable":true,"href":"https:\/\/pluginviet.com\/mau26\/wp-json\/wp\/v2\/berocket_brand?post=1891"}],"curies":[{"name":"wp","href":"https:\/\/api.w.org\/{rel}","templated":true}]}}