{"id":1799,"date":"2023-06-10T15:22:36","date_gmt":"2023-06-10T08:22:36","guid":{"rendered":"https:\/\/depthoitrang.com\/classic\/?post_type=product&#038;p=1799"},"modified":"2023-06-11T00:07:33","modified_gmt":"2023-06-10T17:07:33","slug":"modern-pirate-sea-salt-creme-pomade","status":"publish","type":"product","link":"https:\/\/pluginviet.com\/mau26\/san-pham\/modern-pirate-sea-salt-creme-pomade\/","title":{"rendered":"Modern Pirate Sea Salt Creme Pomade"},"content":{"rendered":"<p>Modern Pirate Sea Salt Creme Pomade l\u00e0 m\u1ed9t d\u00f2ng cream t\u1ea1o ki\u1ec3u d\u00e0nh cho m\u00e1i t\u00f3c mu\u1ed1n gi\u1eef n\u1ebfp nh\u1eb9 nh\u00e0ng t\u1ef1 nhi\u00ean, c\u00e1c ki\u1ec3u t\u00f3c x\u00f9, t\u00f3c r\u1ee7 l\u00e3ng t\u1eed ho\u1eb7c nh\u1eefng ki\u1ec3u t\u00f3c ph\u00f9 h\u1ee3p v\u1edbi m\u00f4i tr\u01b0\u1eddng c\u00f4ng s\u1edf.<\/p>\n<p>Sea Salt Pomade s\u1ebd kh\u00f4 nh\u1eb9, d\u01b0\u1ee1ng \u1ea9m v\u00e0 c\u0169ng l\u00e0m t\u0103ng th\u00eam \u0111\u1ed9 d\u00e0y t\u00f3c m\u00e0 kh\u00f4ng l\u00e0m n\u1eb7ng t\u00f3c.<\/p>\n<p>Th\u00e0nh ph\u1ea7n c\u00f3 nhi\u1ec1u d\u01b0\u1ee1ng ch\u1ea5t t\u1ef1 nhi\u00ean \u0111\u01b0\u1ee3c chi\u1ebft xu\u1ea5t t\u1eeb \u200b\u200bl\u00e1 nha \u0111am, vitamin E, chi\u1ebft xu\u1ea5t h\u1ea1t l\u1ef1u, chi\u1ebft xu\u1ea5t c\u00e2y t\u1ea7m ma v\u00e0 mu\u1ed1i bi\u1ec3n Celtic \u0111\u1ec3 gi\u00fap duy tr\u00ec s\u1ee9c kh\u1ecfe c\u1ee7a t\u00f3c v\u00e0 da \u0111\u1ea7u. H\u01b0\u01a1ng th\u01a1m g\u1ed7 \u0111\u00e0n h\u01b0\u01a1ng t\u01b0\u01a1i m\u00e1t.<\/p>\n<h3><strong>Th\u00f4ng tin chi ti\u1ebft Modern Pirate Sea Salt Creme Pomade<\/strong><\/h3>\n<ul>\n<li>\u0110\u1ed9 gi\u1eef n\u1ebfp: nh\u1eb9 nh\u00e0ng \u2013 Light hold<\/li>\n<li>\u0110\u1ed9 b\u00f3ng: m\u1edd \u2013 Matte<\/li>\n<li>M\u00f9i h\u01b0\u01a1ng: g\u1ed7 \u0111\u00e0n h\u01b0\u01a1ng<\/li>\n<li>Dung t\u00edch: 95ml\/3.2oz<\/li>\n<li>Xu\u1ea5t x\u1ee9: \u00dac<\/li>\n<li>D\u1ec5 d\u00e0ng g\u1ed9i r\u1eeda<\/li>\n<li>Sulphate Free \u2013 Vegan Friendly<\/li>\n<\/ul>\n","protected":false},"excerpt":{"rendered":"<p>Modern Pirate Sea Salt Creme Pomade l\u00e0 m\u1ed9t d\u00f2ng cream t\u1ea1o ki\u1ec3u d\u00e0nh cho m\u00e1i t\u00f3c mu\u1ed1n gi\u1eef n\u1ebfp nh\u1eb9 nh\u00e0ng t\u1ef1 nhi\u00ean, c\u00e1c ki\u1ec3u t\u00f3c x\u00f9, t\u00f3c r\u1ee7 l\u00e3ng t\u1eed ho\u1eb7c nh\u1eefng ki\u1ec3u t\u00f3c ph\u00f9 h\u1ee3p v\u1edbi m\u00f4i tr\u01b0\u1eddng c\u00f4ng s\u1edf. Sea Salt Pomade s\u1ebd kh\u00f4 nh\u1eb9, d\u01b0\u1ee1ng \u1ea9m v\u00e0 c\u0169ng l\u00e0m t\u0103ng th\u00eam [&#8230;]\n","protected":false},"featured_media":1800,"comment_status":"open","ping_status":"closed","template":"","meta":[],"product_brand":[],"product_cat":[15,179],"product_tag":[],"berocket_brand":[198],"class_list":{"0":"post-1799","1":"product","2":"type-product","3":"status-publish","4":"has-post-thumbnail","6":"product_cat-thuong-hieu","7":"product_cat-sap-vuot-toc","8":"berocket_brand-modern-pirate","10":"first","11":"instock","12":"sale","13":"shipping-taxable","14":"purchasable","15":"product-type-simple"},"yoast_head":"<!-- This site is optimized with the Yoast SEO plugin v24.8.1 - https:\/\/yoast.com\/wordpress\/plugins\/seo\/ -->\n<title>Modern Pirate Sea Salt Creme Pomade - Ho\u00e0ng S\u01a1n - M\u1ef9 ph\u1ea9m nam<\/title>\n<meta name=\"robots\" content=\"index, follow, max-snippet:-1, max-image-preview:large, max-video-preview:-1\" \/>\n<link rel=\"canonical\" href=\"https:\/\/pluginviet.com\/mau26\/san-pham\/modern-pirate-sea-salt-creme-pomade\/\" \/>\n<meta property=\"og:locale\" content=\"vi_VN\" \/>\n<meta property=\"og:type\" content=\"article\" \/>\n<meta property=\"og:title\" content=\"Modern Pirate Sea Salt Creme Pomade - Ho\u00e0ng S\u01a1n - M\u1ef9 ph\u1ea9m nam\" \/>\n<meta property=\"og:description\" content=\"Modern Pirate Sea Salt Creme Pomade l\u00e0 m\u1ed9t d\u00f2ng cream t\u1ea1o ki\u1ec3u d\u00e0nh cho m\u00e1i t\u00f3c mu\u1ed1n gi\u1eef n\u1ebfp nh\u1eb9 nh\u00e0ng t\u1ef1 nhi\u00ean, c\u00e1c ki\u1ec3u t\u00f3c x\u00f9, t\u00f3c r\u1ee7 l\u00e3ng t\u1eed ho\u1eb7c nh\u1eefng ki\u1ec3u t\u00f3c ph\u00f9 h\u1ee3p v\u1edbi m\u00f4i tr\u01b0\u1eddng c\u00f4ng s\u1edf. Sea Salt Pomade s\u1ebd kh\u00f4 nh\u1eb9, d\u01b0\u1ee1ng \u1ea9m v\u00e0 c\u0169ng l\u00e0m t\u0103ng th\u00eam [...]\" \/>\n<meta property=\"og:url\" content=\"https:\/\/pluginviet.com\/mau26\/san-pham\/modern-pirate-sea-salt-creme-pomade\/\" \/>\n<meta property=\"og:site_name\" content=\"Ho\u00e0ng S\u01a1n - M\u1ef9 ph\u1ea9m nam\" \/>\n<meta property=\"article:modified_time\" content=\"2023-06-10T17:07:33+00:00\" \/>\n<meta property=\"og:image\" content=\"https:\/\/pluginviet.com\/mau26\/wp-content\/uploads\/2023\/06\/modern-pirate-sea-salt-creme-pomade-classic-600x600_11zon.png\" \/>\n\t<meta property=\"og:image:width\" content=\"600\" \/>\n\t<meta property=\"og:image:height\" content=\"600\" \/>\n\t<meta property=\"og:image:type\" content=\"image\/png\" \/>\n<meta name=\"twitter:card\" content=\"summary_large_image\" \/>\n<meta name=\"twitter:label1\" content=\"\u01af\u1edbc t\u00ednh th\u1eddi gian \u0111\u1ecdc\" \/>\n\t<meta name=\"twitter:data1\" content=\"1 ph\u00fat\" \/>\n<script type=\"application\/ld+json\" class=\"yoast-schema-graph\">{\"@context\":\"https:\/\/schema.org\",\"@graph\":[{\"@type\":\"WebPage\",\"@id\":\"https:\/\/pluginviet.com\/mau26\/san-pham\/modern-pirate-sea-salt-creme-pomade\/\",\"url\":\"https:\/\/pluginviet.com\/mau26\/san-pham\/modern-pirate-sea-salt-creme-pomade\/\",\"name\":\"Modern Pirate Sea Salt Creme Pomade - Ho\u00e0ng S\u01a1n - M\u1ef9 ph\u1ea9m nam\",\"isPartOf\":{\"@id\":\"https:\/\/pluginviet.com\/mau26\/#website\"},\"primaryImageOfPage\":{\"@id\":\"https:\/\/pluginviet.com\/mau26\/san-pham\/modern-pirate-sea-salt-creme-pomade\/#primaryimage\"},\"image\":{\"@id\":\"https:\/\/pluginviet.com\/mau26\/san-pham\/modern-pirate-sea-salt-creme-pomade\/#primaryimage\"},\"thumbnailUrl\":\"https:\/\/pluginviet.com\/mau26\/wp-content\/uploads\/2023\/06\/modern-pirate-sea-salt-creme-pomade-classic-600x600_11zon.png\",\"datePublished\":\"2023-06-10T08:22:36+00:00\",\"dateModified\":\"2023-06-10T17:07:33+00:00\",\"breadcrumb\":{\"@id\":\"https:\/\/pluginviet.com\/mau26\/san-pham\/modern-pirate-sea-salt-creme-pomade\/#breadcrumb\"},\"inLanguage\":\"vi\",\"potentialAction\":[{\"@type\":\"ReadAction\",\"target\":[\"https:\/\/pluginviet.com\/mau26\/san-pham\/modern-pirate-sea-salt-creme-pomade\/\"]}]},{\"@type\":\"ImageObject\",\"inLanguage\":\"vi\",\"@id\":\"https:\/\/pluginviet.com\/mau26\/san-pham\/modern-pirate-sea-salt-creme-pomade\/#primaryimage\",\"url\":\"https:\/\/pluginviet.com\/mau26\/wp-content\/uploads\/2023\/06\/modern-pirate-sea-salt-creme-pomade-classic-600x600_11zon.png\",\"contentUrl\":\"https:\/\/pluginviet.com\/mau26\/wp-content\/uploads\/2023\/06\/modern-pirate-sea-salt-creme-pomade-classic-600x600_11zon.png\",\"width\":600,\"height\":600},{\"@type\":\"BreadcrumbList\",\"@id\":\"https:\/\/pluginviet.com\/mau26\/san-pham\/modern-pirate-sea-salt-creme-pomade\/#breadcrumb\",\"itemListElement\":[{\"@type\":\"ListItem\",\"position\":1,\"name\":\"Trang ch\u1ee7\",\"item\":\"https:\/\/pluginviet.com\/mau26\/\"},{\"@type\":\"ListItem\",\"position\":2,\"name\":\"Shop\",\"item\":\"https:\/\/pluginviet.com\/mau26\/shop\/\"},{\"@type\":\"ListItem\",\"position\":3,\"name\":\"Modern Pirate Sea Salt Creme Pomade\"}]},{\"@type\":\"WebSite\",\"@id\":\"https:\/\/pluginviet.com\/mau26\/#website\",\"url\":\"https:\/\/pluginviet.com\/mau26\/\",\"name\":\"Ho\u00e0ng S\u01a1n - M\u1ef9 ph\u1ea9m nam\",\"description\":\"\",\"potentialAction\":[{\"@type\":\"SearchAction\",\"target\":{\"@type\":\"EntryPoint\",\"urlTemplate\":\"https:\/\/pluginviet.com\/mau26\/?s={search_term_string}\"},\"query-input\":{\"@type\":\"PropertyValueSpecification\",\"valueRequired\":true,\"valueName\":\"search_term_string\"}}],\"inLanguage\":\"vi\"}]}<\/script>\n<!-- \/ Yoast SEO plugin. -->","yoast_head_json":{"title":"Modern Pirate Sea Salt Creme Pomade - Ho\u00e0ng S\u01a1n - M\u1ef9 ph\u1ea9m nam","robots":{"index":"index","follow":"follow","max-snippet":"max-snippet:-1","max-image-preview":"max-image-preview:large","max-video-preview":"max-video-preview:-1"},"canonical":"https:\/\/pluginviet.com\/mau26\/san-pham\/modern-pirate-sea-salt-creme-pomade\/","og_locale":"vi_VN","og_type":"article","og_title":"Modern Pirate Sea Salt Creme Pomade - Ho\u00e0ng S\u01a1n - M\u1ef9 ph\u1ea9m nam","og_description":"Modern Pirate Sea Salt Creme Pomade l\u00e0 m\u1ed9t d\u00f2ng cream t\u1ea1o ki\u1ec3u d\u00e0nh cho m\u00e1i t\u00f3c mu\u1ed1n gi\u1eef n\u1ebfp nh\u1eb9 nh\u00e0ng t\u1ef1 nhi\u00ean, c\u00e1c ki\u1ec3u t\u00f3c x\u00f9, t\u00f3c r\u1ee7 l\u00e3ng t\u1eed ho\u1eb7c nh\u1eefng ki\u1ec3u t\u00f3c ph\u00f9 h\u1ee3p v\u1edbi m\u00f4i tr\u01b0\u1eddng c\u00f4ng s\u1edf. Sea Salt Pomade s\u1ebd kh\u00f4 nh\u1eb9, d\u01b0\u1ee1ng \u1ea9m v\u00e0 c\u0169ng l\u00e0m t\u0103ng th\u00eam [...]","og_url":"https:\/\/pluginviet.com\/mau26\/san-pham\/modern-pirate-sea-salt-creme-pomade\/","og_site_name":"Ho\u00e0ng S\u01a1n - M\u1ef9 ph\u1ea9m nam","article_modified_time":"2023-06-10T17:07:33+00:00","og_image":[{"width":600,"height":600,"url":"https:\/\/pluginviet.com\/mau26\/wp-content\/uploads\/2023\/06\/modern-pirate-sea-salt-creme-pomade-classic-600x600_11zon.png","type":"image\/png"}],"twitter_card":"summary_large_image","twitter_misc":{"\u01af\u1edbc t\u00ednh th\u1eddi gian \u0111\u1ecdc":"1 ph\u00fat"},"schema":{"@context":"https:\/\/schema.org","@graph":[{"@type":"WebPage","@id":"https:\/\/pluginviet.com\/mau26\/san-pham\/modern-pirate-sea-salt-creme-pomade\/","url":"https:\/\/pluginviet.com\/mau26\/san-pham\/modern-pirate-sea-salt-creme-pomade\/","name":"Modern Pirate Sea Salt Creme Pomade - Ho\u00e0ng S\u01a1n - M\u1ef9 ph\u1ea9m nam","isPartOf":{"@id":"https:\/\/pluginviet.com\/mau26\/#website"},"primaryImageOfPage":{"@id":"https:\/\/pluginviet.com\/mau26\/san-pham\/modern-pirate-sea-salt-creme-pomade\/#primaryimage"},"image":{"@id":"https:\/\/pluginviet.com\/mau26\/san-pham\/modern-pirate-sea-salt-creme-pomade\/#primaryimage"},"thumbnailUrl":"https:\/\/pluginviet.com\/mau26\/wp-content\/uploads\/2023\/06\/modern-pirate-sea-salt-creme-pomade-classic-600x600_11zon.png","datePublished":"2023-06-10T08:22:36+00:00","dateModified":"2023-06-10T17:07:33+00:00","breadcrumb":{"@id":"https:\/\/pluginviet.com\/mau26\/san-pham\/modern-pirate-sea-salt-creme-pomade\/#breadcrumb"},"inLanguage":"vi","potentialAction":[{"@type":"ReadAction","target":["https:\/\/pluginviet.com\/mau26\/san-pham\/modern-pirate-sea-salt-creme-pomade\/"]}]},{"@type":"ImageObject","inLanguage":"vi","@id":"https:\/\/pluginviet.com\/mau26\/san-pham\/modern-pirate-sea-salt-creme-pomade\/#primaryimage","url":"https:\/\/pluginviet.com\/mau26\/wp-content\/uploads\/2023\/06\/modern-pirate-sea-salt-creme-pomade-classic-600x600_11zon.png","contentUrl":"https:\/\/pluginviet.com\/mau26\/wp-content\/uploads\/2023\/06\/modern-pirate-sea-salt-creme-pomade-classic-600x600_11zon.png","width":600,"height":600},{"@type":"BreadcrumbList","@id":"https:\/\/pluginviet.com\/mau26\/san-pham\/modern-pirate-sea-salt-creme-pomade\/#breadcrumb","itemListElement":[{"@type":"ListItem","position":1,"name":"Trang ch\u1ee7","item":"https:\/\/pluginviet.com\/mau26\/"},{"@type":"ListItem","position":2,"name":"Shop","item":"https:\/\/pluginviet.com\/mau26\/shop\/"},{"@type":"ListItem","position":3,"name":"Modern Pirate Sea Salt Creme Pomade"}]},{"@type":"WebSite","@id":"https:\/\/pluginviet.com\/mau26\/#website","url":"https:\/\/pluginviet.com\/mau26\/","name":"Ho\u00e0ng S\u01a1n - M\u1ef9 ph\u1ea9m nam","description":"","potentialAction":[{"@type":"SearchAction","target":{"@type":"EntryPoint","urlTemplate":"https:\/\/pluginviet.com\/mau26\/?s={search_term_string}"},"query-input":{"@type":"PropertyValueSpecification","valueRequired":true,"valueName":"search_term_string"}}],"inLanguage":"vi"}]}},"_links":{"self":[{"href":"https:\/\/pluginviet.com\/mau26\/wp-json\/wp\/v2\/product\/1799","targetHints":{"allow":["GET"]}}],"collection":[{"href":"https:\/\/pluginviet.com\/mau26\/wp-json\/wp\/v2\/product"}],"about":[{"href":"https:\/\/pluginviet.com\/mau26\/wp-json\/wp\/v2\/types\/product"}],"replies":[{"embeddable":true,"href":"https:\/\/pluginviet.com\/mau26\/wp-json\/wp\/v2\/comments?post=1799"}],"wp:featuredmedia":[{"embeddable":true,"href":"https:\/\/pluginviet.com\/mau26\/wp-json\/wp\/v2\/media\/1800"}],"wp:attachment":[{"href":"https:\/\/pluginviet.com\/mau26\/wp-json\/wp\/v2\/media?parent=1799"}],"wp:term":[{"taxonomy":"product_brand","embeddable":true,"href":"https:\/\/pluginviet.com\/mau26\/wp-json\/wp\/v2\/product_brand?post=1799"},{"taxonomy":"product_cat","embeddable":true,"href":"https:\/\/pluginviet.com\/mau26\/wp-json\/wp\/v2\/product_cat?post=1799"},{"taxonomy":"product_tag","embeddable":true,"href":"https:\/\/pluginviet.com\/mau26\/wp-json\/wp\/v2\/product_tag?post=1799"},{"taxonomy":"berocket_brand","embeddable":true,"href":"https:\/\/pluginviet.com\/mau26\/wp-json\/wp\/v2\/berocket_brand?post=1799"}],"curies":[{"name":"wp","href":"https:\/\/api.w.org\/{rel}","templated":true}]}}