{"id":1790,"date":"2023-06-10T15:16:06","date_gmt":"2023-06-10T08:16:06","guid":{"rendered":"https:\/\/depthoitrang.com\/classic\/?post_type=product&#038;p=1790"},"modified":"2024-11-01T04:13:55","modified_gmt":"2024-10-31T21:13:55","slug":"sap-vuot-toc-gatsby-moving-rubber-loose-shuffle-80g","status":"publish","type":"product","link":"https:\/\/pluginviet.com\/mau26\/san-pham\/sap-vuot-toc-gatsby-moving-rubber-loose-shuffle-80g\/","title":{"rendered":"S\u00e1p vu\u1ed1t t\u00f3c Gatsby Moving Rubber Loose Shuffle 80g"},"content":{"rendered":"<p>S\u00e1p vu\u1ed1t t\u00f3c Gatsby Moving Rubber Loose Shuffle gi\u00fap t\u1ea1o c\u00e1c ki\u1ec3u t\u00f3c xo\u0103n ho\u1eb7c r\u1ed1i, t\u1ea1o s\u1ef1 uy\u1ec3n chuy\u1ec3n cho t\u00f3c.<br \/>\nTh\u00edch h\u1ee3p cho t\u00f3c ng\u1eafn, trung b\u00ecnh v\u00e0 c\u1ea3 t\u00f3c d\u00e0i.<\/p>\n<h3>Th\u00f4ng tin s\u1ea3n ph\u1ea9m<\/h3>\n<ul>\n<li>\u0110\u1ed9 d\u00e0i t\u00f3c: ng\u1eafn, trung b\u00ecnh ng\u1eafn, trung b\u00ecnh ho\u1eb7c d\u00e0i h\u01a1n<\/li>\n<li>\u0110\u1ed9 c\u1ee9ng: 7\/10<\/li>\n<li>\u0110\u1ed9 b\u00f3ng: 5\/10<\/li>\n<li>Kh\u00f4ng ch\u1ee9a paraben<\/li>\n<li>S\u1ea3n xu\u1ea5t t\u1ea1i Nh\u1eadt B\u1ea3n<\/li>\n<li>Kh\u1ed1i l\u01b0\u1ee3ng t\u1ecbnh: 80g<\/li>\n<\/ul>\n","protected":false},"excerpt":{"rendered":"<p>S\u00e1p vu\u1ed1t t\u00f3c Gatsby Moving Rubber Loose Shuffle gi\u00fap t\u1ea1o c\u00e1c ki\u1ec3u t\u00f3c xo\u0103n ho\u1eb7c r\u1ed1i, t\u1ea1o s\u1ef1 uy\u1ec3n chuy\u1ec3n cho t\u00f3c. Th\u00edch h\u1ee3p cho t\u00f3c ng\u1eafn, trung b\u00ecnh v\u00e0 c\u1ea3 t\u00f3c d\u00e0i. Th\u00f4ng tin s\u1ea3n ph\u1ea9m \u0110\u1ed9 d\u00e0i t\u00f3c: ng\u1eafn, trung b\u00ecnh ng\u1eafn, trung b\u00ecnh ho\u1eb7c d\u00e0i h\u01a1n \u0110\u1ed9 c\u1ee9ng: 7\/10 \u0110\u1ed9 b\u00f3ng: 5\/10 [&#8230;]\n","protected":false},"featured_media":1791,"comment_status":"open","ping_status":"closed","template":"","meta":[],"product_brand":[],"product_cat":[15,179],"product_tag":[],"berocket_brand":[196],"class_list":{"0":"post-1790","1":"product","2":"type-product","3":"status-publish","4":"has-post-thumbnail","6":"product_cat-thuong-hieu","7":"product_cat-sap-vuot-toc","8":"berocket_brand-gatsby","10":"first","11":"instock","12":"shipping-taxable","13":"purchasable","14":"product-type-simple"},"yoast_head":"<!-- This site is optimized with the Yoast SEO plugin v24.8.1 - https:\/\/yoast.com\/wordpress\/plugins\/seo\/ -->\n<title>S\u00e1p vu\u1ed1t t\u00f3c Gatsby Moving Rubber Loose Shuffle 80g - Ho\u00e0ng S\u01a1n - M\u1ef9 ph\u1ea9m nam<\/title>\n<meta name=\"robots\" content=\"index, follow, max-snippet:-1, max-image-preview:large, max-video-preview:-1\" \/>\n<link rel=\"canonical\" href=\"https:\/\/pluginviet.com\/mau26\/san-pham\/sap-vuot-toc-gatsby-moving-rubber-loose-shuffle-80g\/\" \/>\n<meta property=\"og:locale\" content=\"vi_VN\" \/>\n<meta property=\"og:type\" content=\"article\" \/>\n<meta property=\"og:title\" content=\"S\u00e1p vu\u1ed1t t\u00f3c Gatsby Moving Rubber Loose Shuffle 80g - Ho\u00e0ng S\u01a1n - M\u1ef9 ph\u1ea9m nam\" \/>\n<meta property=\"og:description\" content=\"S\u00e1p vu\u1ed1t t\u00f3c Gatsby Moving Rubber Loose Shuffle gi\u00fap t\u1ea1o c\u00e1c ki\u1ec3u t\u00f3c xo\u0103n ho\u1eb7c r\u1ed1i, t\u1ea1o s\u1ef1 uy\u1ec3n chuy\u1ec3n cho t\u00f3c. Th\u00edch h\u1ee3p cho t\u00f3c ng\u1eafn, trung b\u00ecnh v\u00e0 c\u1ea3 t\u00f3c d\u00e0i. Th\u00f4ng tin s\u1ea3n ph\u1ea9m \u0110\u1ed9 d\u00e0i t\u00f3c: ng\u1eafn, trung b\u00ecnh ng\u1eafn, trung b\u00ecnh ho\u1eb7c d\u00e0i h\u01a1n \u0110\u1ed9 c\u1ee9ng: 7\/10 \u0110\u1ed9 b\u00f3ng: 5\/10 [...]\" \/>\n<meta property=\"og:url\" content=\"https:\/\/pluginviet.com\/mau26\/san-pham\/sap-vuot-toc-gatsby-moving-rubber-loose-shuffle-80g\/\" \/>\n<meta property=\"og:site_name\" content=\"Ho\u00e0ng S\u01a1n - M\u1ef9 ph\u1ea9m nam\" \/>\n<meta property=\"article:modified_time\" content=\"2024-10-31T21:13:55+00:00\" \/>\n<meta property=\"og:image\" content=\"https:\/\/pluginviet.com\/mau26\/wp-content\/uploads\/2023\/06\/gatsby-cam-600x600-1.png\" \/>\n\t<meta property=\"og:image:width\" content=\"600\" \/>\n\t<meta property=\"og:image:height\" content=\"600\" \/>\n\t<meta property=\"og:image:type\" content=\"image\/png\" \/>\n<meta name=\"twitter:card\" content=\"summary_large_image\" \/>\n<meta name=\"twitter:label1\" content=\"\u01af\u1edbc t\u00ednh th\u1eddi gian \u0111\u1ecdc\" \/>\n\t<meta name=\"twitter:data1\" content=\"1 ph\u00fat\" \/>\n<script type=\"application\/ld+json\" class=\"yoast-schema-graph\">{\"@context\":\"https:\/\/schema.org\",\"@graph\":[{\"@type\":\"WebPage\",\"@id\":\"https:\/\/pluginviet.com\/mau26\/san-pham\/sap-vuot-toc-gatsby-moving-rubber-loose-shuffle-80g\/\",\"url\":\"https:\/\/pluginviet.com\/mau26\/san-pham\/sap-vuot-toc-gatsby-moving-rubber-loose-shuffle-80g\/\",\"name\":\"S\u00e1p vu\u1ed1t t\u00f3c Gatsby Moving Rubber Loose Shuffle 80g - Ho\u00e0ng S\u01a1n - M\u1ef9 ph\u1ea9m nam\",\"isPartOf\":{\"@id\":\"https:\/\/pluginviet.com\/mau26\/#website\"},\"primaryImageOfPage\":{\"@id\":\"https:\/\/pluginviet.com\/mau26\/san-pham\/sap-vuot-toc-gatsby-moving-rubber-loose-shuffle-80g\/#primaryimage\"},\"image\":{\"@id\":\"https:\/\/pluginviet.com\/mau26\/san-pham\/sap-vuot-toc-gatsby-moving-rubber-loose-shuffle-80g\/#primaryimage\"},\"thumbnailUrl\":\"https:\/\/pluginviet.com\/mau26\/wp-content\/uploads\/2023\/06\/gatsby-cam-600x600-1.png\",\"datePublished\":\"2023-06-10T08:16:06+00:00\",\"dateModified\":\"2024-10-31T21:13:55+00:00\",\"breadcrumb\":{\"@id\":\"https:\/\/pluginviet.com\/mau26\/san-pham\/sap-vuot-toc-gatsby-moving-rubber-loose-shuffle-80g\/#breadcrumb\"},\"inLanguage\":\"vi\",\"potentialAction\":[{\"@type\":\"ReadAction\",\"target\":[\"https:\/\/pluginviet.com\/mau26\/san-pham\/sap-vuot-toc-gatsby-moving-rubber-loose-shuffle-80g\/\"]}]},{\"@type\":\"ImageObject\",\"inLanguage\":\"vi\",\"@id\":\"https:\/\/pluginviet.com\/mau26\/san-pham\/sap-vuot-toc-gatsby-moving-rubber-loose-shuffle-80g\/#primaryimage\",\"url\":\"https:\/\/pluginviet.com\/mau26\/wp-content\/uploads\/2023\/06\/gatsby-cam-600x600-1.png\",\"contentUrl\":\"https:\/\/pluginviet.com\/mau26\/wp-content\/uploads\/2023\/06\/gatsby-cam-600x600-1.png\",\"width\":600,\"height\":600},{\"@type\":\"BreadcrumbList\",\"@id\":\"https:\/\/pluginviet.com\/mau26\/san-pham\/sap-vuot-toc-gatsby-moving-rubber-loose-shuffle-80g\/#breadcrumb\",\"itemListElement\":[{\"@type\":\"ListItem\",\"position\":1,\"name\":\"Trang ch\u1ee7\",\"item\":\"https:\/\/pluginviet.com\/mau26\/\"},{\"@type\":\"ListItem\",\"position\":2,\"name\":\"Shop\",\"item\":\"https:\/\/pluginviet.com\/mau26\/shop\/\"},{\"@type\":\"ListItem\",\"position\":3,\"name\":\"S\u00e1p vu\u1ed1t t\u00f3c Gatsby Moving Rubber Loose Shuffle 80g\"}]},{\"@type\":\"WebSite\",\"@id\":\"https:\/\/pluginviet.com\/mau26\/#website\",\"url\":\"https:\/\/pluginviet.com\/mau26\/\",\"name\":\"Ho\u00e0ng S\u01a1n - M\u1ef9 ph\u1ea9m nam\",\"description\":\"\",\"potentialAction\":[{\"@type\":\"SearchAction\",\"target\":{\"@type\":\"EntryPoint\",\"urlTemplate\":\"https:\/\/pluginviet.com\/mau26\/?s={search_term_string}\"},\"query-input\":{\"@type\":\"PropertyValueSpecification\",\"valueRequired\":true,\"valueName\":\"search_term_string\"}}],\"inLanguage\":\"vi\"}]}<\/script>\n<!-- \/ Yoast SEO plugin. -->","yoast_head_json":{"title":"S\u00e1p vu\u1ed1t t\u00f3c Gatsby Moving Rubber Loose Shuffle 80g - Ho\u00e0ng S\u01a1n - M\u1ef9 ph\u1ea9m nam","robots":{"index":"index","follow":"follow","max-snippet":"max-snippet:-1","max-image-preview":"max-image-preview:large","max-video-preview":"max-video-preview:-1"},"canonical":"https:\/\/pluginviet.com\/mau26\/san-pham\/sap-vuot-toc-gatsby-moving-rubber-loose-shuffle-80g\/","og_locale":"vi_VN","og_type":"article","og_title":"S\u00e1p vu\u1ed1t t\u00f3c Gatsby Moving Rubber Loose Shuffle 80g - Ho\u00e0ng S\u01a1n - M\u1ef9 ph\u1ea9m nam","og_description":"S\u00e1p vu\u1ed1t t\u00f3c Gatsby Moving Rubber Loose Shuffle gi\u00fap t\u1ea1o c\u00e1c ki\u1ec3u t\u00f3c xo\u0103n ho\u1eb7c r\u1ed1i, t\u1ea1o s\u1ef1 uy\u1ec3n chuy\u1ec3n cho t\u00f3c. Th\u00edch h\u1ee3p cho t\u00f3c ng\u1eafn, trung b\u00ecnh v\u00e0 c\u1ea3 t\u00f3c d\u00e0i. Th\u00f4ng tin s\u1ea3n ph\u1ea9m \u0110\u1ed9 d\u00e0i t\u00f3c: ng\u1eafn, trung b\u00ecnh ng\u1eafn, trung b\u00ecnh ho\u1eb7c d\u00e0i h\u01a1n \u0110\u1ed9 c\u1ee9ng: 7\/10 \u0110\u1ed9 b\u00f3ng: 5\/10 [...]","og_url":"https:\/\/pluginviet.com\/mau26\/san-pham\/sap-vuot-toc-gatsby-moving-rubber-loose-shuffle-80g\/","og_site_name":"Ho\u00e0ng S\u01a1n - M\u1ef9 ph\u1ea9m nam","article_modified_time":"2024-10-31T21:13:55+00:00","og_image":[{"width":600,"height":600,"url":"https:\/\/pluginviet.com\/mau26\/wp-content\/uploads\/2023\/06\/gatsby-cam-600x600-1.png","type":"image\/png"}],"twitter_card":"summary_large_image","twitter_misc":{"\u01af\u1edbc t\u00ednh th\u1eddi gian \u0111\u1ecdc":"1 ph\u00fat"},"schema":{"@context":"https:\/\/schema.org","@graph":[{"@type":"WebPage","@id":"https:\/\/pluginviet.com\/mau26\/san-pham\/sap-vuot-toc-gatsby-moving-rubber-loose-shuffle-80g\/","url":"https:\/\/pluginviet.com\/mau26\/san-pham\/sap-vuot-toc-gatsby-moving-rubber-loose-shuffle-80g\/","name":"S\u00e1p vu\u1ed1t t\u00f3c Gatsby Moving Rubber Loose Shuffle 80g - Ho\u00e0ng S\u01a1n - M\u1ef9 ph\u1ea9m nam","isPartOf":{"@id":"https:\/\/pluginviet.com\/mau26\/#website"},"primaryImageOfPage":{"@id":"https:\/\/pluginviet.com\/mau26\/san-pham\/sap-vuot-toc-gatsby-moving-rubber-loose-shuffle-80g\/#primaryimage"},"image":{"@id":"https:\/\/pluginviet.com\/mau26\/san-pham\/sap-vuot-toc-gatsby-moving-rubber-loose-shuffle-80g\/#primaryimage"},"thumbnailUrl":"https:\/\/pluginviet.com\/mau26\/wp-content\/uploads\/2023\/06\/gatsby-cam-600x600-1.png","datePublished":"2023-06-10T08:16:06+00:00","dateModified":"2024-10-31T21:13:55+00:00","breadcrumb":{"@id":"https:\/\/pluginviet.com\/mau26\/san-pham\/sap-vuot-toc-gatsby-moving-rubber-loose-shuffle-80g\/#breadcrumb"},"inLanguage":"vi","potentialAction":[{"@type":"ReadAction","target":["https:\/\/pluginviet.com\/mau26\/san-pham\/sap-vuot-toc-gatsby-moving-rubber-loose-shuffle-80g\/"]}]},{"@type":"ImageObject","inLanguage":"vi","@id":"https:\/\/pluginviet.com\/mau26\/san-pham\/sap-vuot-toc-gatsby-moving-rubber-loose-shuffle-80g\/#primaryimage","url":"https:\/\/pluginviet.com\/mau26\/wp-content\/uploads\/2023\/06\/gatsby-cam-600x600-1.png","contentUrl":"https:\/\/pluginviet.com\/mau26\/wp-content\/uploads\/2023\/06\/gatsby-cam-600x600-1.png","width":600,"height":600},{"@type":"BreadcrumbList","@id":"https:\/\/pluginviet.com\/mau26\/san-pham\/sap-vuot-toc-gatsby-moving-rubber-loose-shuffle-80g\/#breadcrumb","itemListElement":[{"@type":"ListItem","position":1,"name":"Trang ch\u1ee7","item":"https:\/\/pluginviet.com\/mau26\/"},{"@type":"ListItem","position":2,"name":"Shop","item":"https:\/\/pluginviet.com\/mau26\/shop\/"},{"@type":"ListItem","position":3,"name":"S\u00e1p vu\u1ed1t t\u00f3c Gatsby Moving Rubber Loose Shuffle 80g"}]},{"@type":"WebSite","@id":"https:\/\/pluginviet.com\/mau26\/#website","url":"https:\/\/pluginviet.com\/mau26\/","name":"Ho\u00e0ng S\u01a1n - M\u1ef9 ph\u1ea9m nam","description":"","potentialAction":[{"@type":"SearchAction","target":{"@type":"EntryPoint","urlTemplate":"https:\/\/pluginviet.com\/mau26\/?s={search_term_string}"},"query-input":{"@type":"PropertyValueSpecification","valueRequired":true,"valueName":"search_term_string"}}],"inLanguage":"vi"}]}},"_links":{"self":[{"href":"https:\/\/pluginviet.com\/mau26\/wp-json\/wp\/v2\/product\/1790","targetHints":{"allow":["GET"]}}],"collection":[{"href":"https:\/\/pluginviet.com\/mau26\/wp-json\/wp\/v2\/product"}],"about":[{"href":"https:\/\/pluginviet.com\/mau26\/wp-json\/wp\/v2\/types\/product"}],"replies":[{"embeddable":true,"href":"https:\/\/pluginviet.com\/mau26\/wp-json\/wp\/v2\/comments?post=1790"}],"wp:featuredmedia":[{"embeddable":true,"href":"https:\/\/pluginviet.com\/mau26\/wp-json\/wp\/v2\/media\/1791"}],"wp:attachment":[{"href":"https:\/\/pluginviet.com\/mau26\/wp-json\/wp\/v2\/media?parent=1790"}],"wp:term":[{"taxonomy":"product_brand","embeddable":true,"href":"https:\/\/pluginviet.com\/mau26\/wp-json\/wp\/v2\/product_brand?post=1790"},{"taxonomy":"product_cat","embeddable":true,"href":"https:\/\/pluginviet.com\/mau26\/wp-json\/wp\/v2\/product_cat?post=1790"},{"taxonomy":"product_tag","embeddable":true,"href":"https:\/\/pluginviet.com\/mau26\/wp-json\/wp\/v2\/product_tag?post=1790"},{"taxonomy":"berocket_brand","embeddable":true,"href":"https:\/\/pluginviet.com\/mau26\/wp-json\/wp\/v2\/berocket_brand?post=1790"}],"curies":[{"name":"wp","href":"https:\/\/api.w.org\/{rel}","templated":true}]}}