{"id":1787,"date":"2023-06-10T15:13:58","date_gmt":"2023-06-10T08:13:58","guid":{"rendered":"https:\/\/depthoitrang.com\/classic\/?post_type=product&#038;p=1787"},"modified":"2024-08-10T19:06:52","modified_gmt":"2024-08-10T12:06:52","slug":"sap-vuot-toc-gatsby-moving-rubber-multi-form-80g","status":"publish","type":"product","link":"https:\/\/pluginviet.com\/mau26\/san-pham\/sap-vuot-toc-gatsby-moving-rubber-multi-form-80g\/","title":{"rendered":"S\u00e1p vu\u1ed1t t\u00f3c Gatsby Moving Rubber Multi Form 80g"},"content":{"rendered":"<p>S\u00e1p vu\u1ed1t t\u00f3c Gatsby Moving Rubber Multi Form gi\u00fap t\u1ea1o m\u1ed9t ki\u1ec3u t\u00f3c b\u1ed3ng b\u1ec1nh l\u1ecbch l\u00e3m nh\u01b0ng kh\u00f4ng k\u00e9m ph\u1ea7n t\u1ef1 nhi\u00ean, quy\u1ebfn r\u0169.<br \/>\nT\u1ea1o \u0111\u1ed9 c\u1ee9ng t\u1ed1t<br \/>\n\u0110\u01b0\u1ee3c khuy\u00ean d\u00f9ng cho m\u00e1i t\u00f3c ng\u1eafn, trung b\u00ecnh v\u00e0 d\u00e0i.<\/p>\n<h3>Th\u00f4ng tin s\u1ea3n ph\u1ea9m<\/h3>\n<ul>\n<li>Chi\u1ec1u d\u00e0i t\u00f3c: ng\u1eafn, ng\u1eafn v\u1eeba, trung b\u00ecnh ho\u1eb7c d\u00e0i<\/li>\n<li>\u0110\u1ed9 c\u1ee9ng: 7\/10<\/li>\n<li>\u0110\u1ed9 b\u00f3ng: 6\/10<\/li>\n<li>Kh\u00f4ng ch\u1ee9a paraben<\/li>\n<li>S\u1ea3n xu\u1ea5t t\u1ea1i Nh\u1eadt B\u1ea3n<\/li>\n<li>Kh\u1ed1i l\u01b0\u1ee3ng t\u1ecbnh: 80g<\/li>\n<\/ul>\n","protected":false},"excerpt":{"rendered":"<p>S\u00e1p vu\u1ed1t t\u00f3c Gatsby Moving Rubber Multi Form gi\u00fap t\u1ea1o m\u1ed9t ki\u1ec3u t\u00f3c b\u1ed3ng b\u1ec1nh l\u1ecbch l\u00e3m nh\u01b0ng kh\u00f4ng k\u00e9m ph\u1ea7n t\u1ef1 nhi\u00ean, quy\u1ebfn r\u0169. T\u1ea1o \u0111\u1ed9 c\u1ee9ng t\u1ed1t \u0110\u01b0\u1ee3c khuy\u00ean d\u00f9ng cho m\u00e1i t\u00f3c ng\u1eafn, trung b\u00ecnh v\u00e0 d\u00e0i. Th\u00f4ng tin s\u1ea3n ph\u1ea9m Chi\u1ec1u d\u00e0i t\u00f3c: ng\u1eafn, ng\u1eafn v\u1eeba, trung b\u00ecnh ho\u1eb7c d\u00e0i \u0110\u1ed9 [&#8230;]\n","protected":false},"featured_media":1788,"comment_status":"open","ping_status":"closed","template":"","meta":[],"product_brand":[],"product_cat":[15,179],"product_tag":[],"berocket_brand":[196],"class_list":{"0":"post-1787","1":"product","2":"type-product","3":"status-publish","4":"has-post-thumbnail","6":"product_cat-thuong-hieu","7":"product_cat-sap-vuot-toc","8":"berocket_brand-gatsby","10":"first","11":"instock","12":"shipping-taxable","13":"purchasable","14":"product-type-simple"},"yoast_head":"<!-- This site is optimized with the Yoast SEO plugin v24.8.1 - https:\/\/yoast.com\/wordpress\/plugins\/seo\/ -->\n<title>S\u00e1p vu\u1ed1t t\u00f3c Gatsby Moving Rubber Multi Form 80g - Ho\u00e0ng S\u01a1n - M\u1ef9 ph\u1ea9m nam<\/title>\n<meta name=\"robots\" content=\"index, follow, max-snippet:-1, max-image-preview:large, max-video-preview:-1\" \/>\n<link rel=\"canonical\" href=\"https:\/\/pluginviet.com\/mau26\/san-pham\/sap-vuot-toc-gatsby-moving-rubber-multi-form-80g\/\" \/>\n<meta property=\"og:locale\" content=\"vi_VN\" \/>\n<meta property=\"og:type\" content=\"article\" \/>\n<meta property=\"og:title\" content=\"S\u00e1p vu\u1ed1t t\u00f3c Gatsby Moving Rubber Multi Form 80g - Ho\u00e0ng S\u01a1n - M\u1ef9 ph\u1ea9m nam\" \/>\n<meta property=\"og:description\" content=\"S\u00e1p vu\u1ed1t t\u00f3c Gatsby Moving Rubber Multi Form gi\u00fap t\u1ea1o m\u1ed9t ki\u1ec3u t\u00f3c b\u1ed3ng b\u1ec1nh l\u1ecbch l\u00e3m nh\u01b0ng kh\u00f4ng k\u00e9m ph\u1ea7n t\u1ef1 nhi\u00ean, quy\u1ebfn r\u0169. T\u1ea1o \u0111\u1ed9 c\u1ee9ng t\u1ed1t \u0110\u01b0\u1ee3c khuy\u00ean d\u00f9ng cho m\u00e1i t\u00f3c ng\u1eafn, trung b\u00ecnh v\u00e0 d\u00e0i. Th\u00f4ng tin s\u1ea3n ph\u1ea9m Chi\u1ec1u d\u00e0i t\u00f3c: ng\u1eafn, ng\u1eafn v\u1eeba, trung b\u00ecnh ho\u1eb7c d\u00e0i \u0110\u1ed9 [...]\" \/>\n<meta property=\"og:url\" content=\"https:\/\/pluginviet.com\/mau26\/san-pham\/sap-vuot-toc-gatsby-moving-rubber-multi-form-80g\/\" \/>\n<meta property=\"og:site_name\" content=\"Ho\u00e0ng S\u01a1n - M\u1ef9 ph\u1ea9m nam\" \/>\n<meta property=\"article:modified_time\" content=\"2024-08-10T12:06:52+00:00\" \/>\n<meta property=\"og:image\" content=\"https:\/\/pluginviet.com\/mau26\/wp-content\/uploads\/2023\/06\/moving-rubber-600x600-1.png\" \/>\n\t<meta property=\"og:image:width\" content=\"600\" \/>\n\t<meta property=\"og:image:height\" content=\"600\" \/>\n\t<meta property=\"og:image:type\" content=\"image\/png\" \/>\n<meta name=\"twitter:card\" content=\"summary_large_image\" \/>\n<meta name=\"twitter:label1\" content=\"\u01af\u1edbc t\u00ednh th\u1eddi gian \u0111\u1ecdc\" \/>\n\t<meta name=\"twitter:data1\" content=\"1 ph\u00fat\" \/>\n<script type=\"application\/ld+json\" class=\"yoast-schema-graph\">{\"@context\":\"https:\/\/schema.org\",\"@graph\":[{\"@type\":\"WebPage\",\"@id\":\"https:\/\/pluginviet.com\/mau26\/san-pham\/sap-vuot-toc-gatsby-moving-rubber-multi-form-80g\/\",\"url\":\"https:\/\/pluginviet.com\/mau26\/san-pham\/sap-vuot-toc-gatsby-moving-rubber-multi-form-80g\/\",\"name\":\"S\u00e1p vu\u1ed1t t\u00f3c Gatsby Moving Rubber Multi Form 80g - Ho\u00e0ng S\u01a1n - M\u1ef9 ph\u1ea9m nam\",\"isPartOf\":{\"@id\":\"https:\/\/pluginviet.com\/mau26\/#website\"},\"primaryImageOfPage\":{\"@id\":\"https:\/\/pluginviet.com\/mau26\/san-pham\/sap-vuot-toc-gatsby-moving-rubber-multi-form-80g\/#primaryimage\"},\"image\":{\"@id\":\"https:\/\/pluginviet.com\/mau26\/san-pham\/sap-vuot-toc-gatsby-moving-rubber-multi-form-80g\/#primaryimage\"},\"thumbnailUrl\":\"https:\/\/pluginviet.com\/mau26\/wp-content\/uploads\/2023\/06\/moving-rubber-600x600-1.png\",\"datePublished\":\"2023-06-10T08:13:58+00:00\",\"dateModified\":\"2024-08-10T12:06:52+00:00\",\"breadcrumb\":{\"@id\":\"https:\/\/pluginviet.com\/mau26\/san-pham\/sap-vuot-toc-gatsby-moving-rubber-multi-form-80g\/#breadcrumb\"},\"inLanguage\":\"vi\",\"potentialAction\":[{\"@type\":\"ReadAction\",\"target\":[\"https:\/\/pluginviet.com\/mau26\/san-pham\/sap-vuot-toc-gatsby-moving-rubber-multi-form-80g\/\"]}]},{\"@type\":\"ImageObject\",\"inLanguage\":\"vi\",\"@id\":\"https:\/\/pluginviet.com\/mau26\/san-pham\/sap-vuot-toc-gatsby-moving-rubber-multi-form-80g\/#primaryimage\",\"url\":\"https:\/\/pluginviet.com\/mau26\/wp-content\/uploads\/2023\/06\/moving-rubber-600x600-1.png\",\"contentUrl\":\"https:\/\/pluginviet.com\/mau26\/wp-content\/uploads\/2023\/06\/moving-rubber-600x600-1.png\",\"width\":600,\"height\":600},{\"@type\":\"BreadcrumbList\",\"@id\":\"https:\/\/pluginviet.com\/mau26\/san-pham\/sap-vuot-toc-gatsby-moving-rubber-multi-form-80g\/#breadcrumb\",\"itemListElement\":[{\"@type\":\"ListItem\",\"position\":1,\"name\":\"Trang ch\u1ee7\",\"item\":\"https:\/\/pluginviet.com\/mau26\/\"},{\"@type\":\"ListItem\",\"position\":2,\"name\":\"Shop\",\"item\":\"https:\/\/pluginviet.com\/mau26\/shop\/\"},{\"@type\":\"ListItem\",\"position\":3,\"name\":\"S\u00e1p vu\u1ed1t t\u00f3c Gatsby Moving Rubber Multi Form 80g\"}]},{\"@type\":\"WebSite\",\"@id\":\"https:\/\/pluginviet.com\/mau26\/#website\",\"url\":\"https:\/\/pluginviet.com\/mau26\/\",\"name\":\"Ho\u00e0ng S\u01a1n - M\u1ef9 ph\u1ea9m nam\",\"description\":\"\",\"potentialAction\":[{\"@type\":\"SearchAction\",\"target\":{\"@type\":\"EntryPoint\",\"urlTemplate\":\"https:\/\/pluginviet.com\/mau26\/?s={search_term_string}\"},\"query-input\":{\"@type\":\"PropertyValueSpecification\",\"valueRequired\":true,\"valueName\":\"search_term_string\"}}],\"inLanguage\":\"vi\"}]}<\/script>\n<!-- \/ Yoast SEO plugin. -->","yoast_head_json":{"title":"S\u00e1p vu\u1ed1t t\u00f3c Gatsby Moving Rubber Multi Form 80g - Ho\u00e0ng S\u01a1n - M\u1ef9 ph\u1ea9m nam","robots":{"index":"index","follow":"follow","max-snippet":"max-snippet:-1","max-image-preview":"max-image-preview:large","max-video-preview":"max-video-preview:-1"},"canonical":"https:\/\/pluginviet.com\/mau26\/san-pham\/sap-vuot-toc-gatsby-moving-rubber-multi-form-80g\/","og_locale":"vi_VN","og_type":"article","og_title":"S\u00e1p vu\u1ed1t t\u00f3c Gatsby Moving Rubber Multi Form 80g - Ho\u00e0ng S\u01a1n - M\u1ef9 ph\u1ea9m nam","og_description":"S\u00e1p vu\u1ed1t t\u00f3c Gatsby Moving Rubber Multi Form gi\u00fap t\u1ea1o m\u1ed9t ki\u1ec3u t\u00f3c b\u1ed3ng b\u1ec1nh l\u1ecbch l\u00e3m nh\u01b0ng kh\u00f4ng k\u00e9m ph\u1ea7n t\u1ef1 nhi\u00ean, quy\u1ebfn r\u0169. T\u1ea1o \u0111\u1ed9 c\u1ee9ng t\u1ed1t \u0110\u01b0\u1ee3c khuy\u00ean d\u00f9ng cho m\u00e1i t\u00f3c ng\u1eafn, trung b\u00ecnh v\u00e0 d\u00e0i. Th\u00f4ng tin s\u1ea3n ph\u1ea9m Chi\u1ec1u d\u00e0i t\u00f3c: ng\u1eafn, ng\u1eafn v\u1eeba, trung b\u00ecnh ho\u1eb7c d\u00e0i \u0110\u1ed9 [...]","og_url":"https:\/\/pluginviet.com\/mau26\/san-pham\/sap-vuot-toc-gatsby-moving-rubber-multi-form-80g\/","og_site_name":"Ho\u00e0ng S\u01a1n - M\u1ef9 ph\u1ea9m nam","article_modified_time":"2024-08-10T12:06:52+00:00","og_image":[{"width":600,"height":600,"url":"https:\/\/pluginviet.com\/mau26\/wp-content\/uploads\/2023\/06\/moving-rubber-600x600-1.png","type":"image\/png"}],"twitter_card":"summary_large_image","twitter_misc":{"\u01af\u1edbc t\u00ednh th\u1eddi gian \u0111\u1ecdc":"1 ph\u00fat"},"schema":{"@context":"https:\/\/schema.org","@graph":[{"@type":"WebPage","@id":"https:\/\/pluginviet.com\/mau26\/san-pham\/sap-vuot-toc-gatsby-moving-rubber-multi-form-80g\/","url":"https:\/\/pluginviet.com\/mau26\/san-pham\/sap-vuot-toc-gatsby-moving-rubber-multi-form-80g\/","name":"S\u00e1p vu\u1ed1t t\u00f3c Gatsby Moving Rubber Multi Form 80g - Ho\u00e0ng S\u01a1n - M\u1ef9 ph\u1ea9m nam","isPartOf":{"@id":"https:\/\/pluginviet.com\/mau26\/#website"},"primaryImageOfPage":{"@id":"https:\/\/pluginviet.com\/mau26\/san-pham\/sap-vuot-toc-gatsby-moving-rubber-multi-form-80g\/#primaryimage"},"image":{"@id":"https:\/\/pluginviet.com\/mau26\/san-pham\/sap-vuot-toc-gatsby-moving-rubber-multi-form-80g\/#primaryimage"},"thumbnailUrl":"https:\/\/pluginviet.com\/mau26\/wp-content\/uploads\/2023\/06\/moving-rubber-600x600-1.png","datePublished":"2023-06-10T08:13:58+00:00","dateModified":"2024-08-10T12:06:52+00:00","breadcrumb":{"@id":"https:\/\/pluginviet.com\/mau26\/san-pham\/sap-vuot-toc-gatsby-moving-rubber-multi-form-80g\/#breadcrumb"},"inLanguage":"vi","potentialAction":[{"@type":"ReadAction","target":["https:\/\/pluginviet.com\/mau26\/san-pham\/sap-vuot-toc-gatsby-moving-rubber-multi-form-80g\/"]}]},{"@type":"ImageObject","inLanguage":"vi","@id":"https:\/\/pluginviet.com\/mau26\/san-pham\/sap-vuot-toc-gatsby-moving-rubber-multi-form-80g\/#primaryimage","url":"https:\/\/pluginviet.com\/mau26\/wp-content\/uploads\/2023\/06\/moving-rubber-600x600-1.png","contentUrl":"https:\/\/pluginviet.com\/mau26\/wp-content\/uploads\/2023\/06\/moving-rubber-600x600-1.png","width":600,"height":600},{"@type":"BreadcrumbList","@id":"https:\/\/pluginviet.com\/mau26\/san-pham\/sap-vuot-toc-gatsby-moving-rubber-multi-form-80g\/#breadcrumb","itemListElement":[{"@type":"ListItem","position":1,"name":"Trang ch\u1ee7","item":"https:\/\/pluginviet.com\/mau26\/"},{"@type":"ListItem","position":2,"name":"Shop","item":"https:\/\/pluginviet.com\/mau26\/shop\/"},{"@type":"ListItem","position":3,"name":"S\u00e1p vu\u1ed1t t\u00f3c Gatsby Moving Rubber Multi Form 80g"}]},{"@type":"WebSite","@id":"https:\/\/pluginviet.com\/mau26\/#website","url":"https:\/\/pluginviet.com\/mau26\/","name":"Ho\u00e0ng S\u01a1n - M\u1ef9 ph\u1ea9m nam","description":"","potentialAction":[{"@type":"SearchAction","target":{"@type":"EntryPoint","urlTemplate":"https:\/\/pluginviet.com\/mau26\/?s={search_term_string}"},"query-input":{"@type":"PropertyValueSpecification","valueRequired":true,"valueName":"search_term_string"}}],"inLanguage":"vi"}]}},"_links":{"self":[{"href":"https:\/\/pluginviet.com\/mau26\/wp-json\/wp\/v2\/product\/1787","targetHints":{"allow":["GET"]}}],"collection":[{"href":"https:\/\/pluginviet.com\/mau26\/wp-json\/wp\/v2\/product"}],"about":[{"href":"https:\/\/pluginviet.com\/mau26\/wp-json\/wp\/v2\/types\/product"}],"replies":[{"embeddable":true,"href":"https:\/\/pluginviet.com\/mau26\/wp-json\/wp\/v2\/comments?post=1787"}],"wp:featuredmedia":[{"embeddable":true,"href":"https:\/\/pluginviet.com\/mau26\/wp-json\/wp\/v2\/media\/1788"}],"wp:attachment":[{"href":"https:\/\/pluginviet.com\/mau26\/wp-json\/wp\/v2\/media?parent=1787"}],"wp:term":[{"taxonomy":"product_brand","embeddable":true,"href":"https:\/\/pluginviet.com\/mau26\/wp-json\/wp\/v2\/product_brand?post=1787"},{"taxonomy":"product_cat","embeddable":true,"href":"https:\/\/pluginviet.com\/mau26\/wp-json\/wp\/v2\/product_cat?post=1787"},{"taxonomy":"product_tag","embeddable":true,"href":"https:\/\/pluginviet.com\/mau26\/wp-json\/wp\/v2\/product_tag?post=1787"},{"taxonomy":"berocket_brand","embeddable":true,"href":"https:\/\/pluginviet.com\/mau26\/wp-json\/wp\/v2\/berocket_brand?post=1787"}],"curies":[{"name":"wp","href":"https:\/\/api.w.org\/{rel}","templated":true}]}}