{"id":1784,"date":"2023-06-10T15:12:19","date_gmt":"2023-06-10T08:12:19","guid":{"rendered":"https:\/\/depthoitrang.com\/classic\/?post_type=product&#038;p=1784"},"modified":"2024-07-08T14:51:57","modified_gmt":"2024-07-08T07:51:57","slug":"sap-vuot-toc-uppercut-deluxe-pomade-100g","status":"publish","type":"product","link":"https:\/\/pluginviet.com\/mau26\/san-pham\/sap-vuot-toc-uppercut-deluxe-pomade-100g\/","title":{"rendered":"S\u00e1p vu\u1ed1t t\u00f3c Uppercut Deluxe Pomade 100g"},"content":{"rendered":"<p>Uppercut Deluxe Pomade \u0111\u01b0\u1ee3c thi\u1ebft k\u1ebf d\u00e0nh cho nh\u1eefng anh ch\u00e0ng s\u00e0nh \u0111i\u1ec7u, y\u00eau th\u00edch nh\u1eefng ki\u1ec3u t\u00f3c c\u1ed5 \u0111i\u1ec3n nh\u01b0 slickback, man bun,\u2026<\/p>\n<p>S\u1ea3n ph\u1ea9m s\u00e1p vu\u1ed1t t\u00f3c \u0111\u1ea7u ti\u00ean trong d\u00f2ng s\u1ea3n ph\u1ea9m Uppercut Deluxe, Deluxe Pomade \u0111\u00e3 \u0111\u1eb7t ra ti\u00eau chu\u1ea9n v\u1ec1 ch\u1ea5t l\u01b0\u1ee3ng v\u00e0 \u0111\u00e3 gi\u00e0nh \u0111\u01b0\u1ee3c danh ti\u1ebfng sau nhi\u1ec1u n\u0103m.<\/p>\n<p>Deluxe Pomade ho\u1ea1t \u0111\u1ed9ng \u0111\u1eb7c bi\u1ec7t hi\u1ec7u qu\u1ea3 v\u1edbi nhi\u1ec1u \u0111\u1ed9 d\u00e0i v\u00e0 ki\u1ec3u t\u00f3c kh\u00e1c nhau.\u00a0Pomade ho\u1ea1t \u0111\u1ed9ng t\u1ed1t tr\u00ean c\u00e1c lo\u1ea1i t\u00f3c m\u1ecfng, d\u00e0y, xo\u0103n ho\u1eb7c th\u1eb3ng.\u00a0N\u00f3 ho\u00e0n h\u1ea3o \u0111\u1ec3 ki\u1ec3m so\u00e1t m\u00e1i t\u00f3c ngang b\u01b0\u1edbng, kh\u00f3 v\u00e0o n\u1ebfp.<\/p>\n<p>Deluxe Pomade tan trong n\u01b0\u1edbc n\u00ean c\u00f3 th\u1ec3 g\u1ed9i s\u1ea1ch d\u1ec5 d\u00e0ng.<\/p>\n","protected":false},"excerpt":{"rendered":"<p>Uppercut Deluxe Pomade \u0111\u01b0\u1ee3c thi\u1ebft k\u1ebf d\u00e0nh cho nh\u1eefng anh ch\u00e0ng s\u00e0nh \u0111i\u1ec7u, y\u00eau th\u00edch nh\u1eefng ki\u1ec3u t\u00f3c c\u1ed5 \u0111i\u1ec3n nh\u01b0 slickback, man bun,\u2026 S\u1ea3n ph\u1ea9m s\u00e1p vu\u1ed1t t\u00f3c \u0111\u1ea7u ti\u00ean trong d\u00f2ng s\u1ea3n ph\u1ea9m Uppercut Deluxe, Deluxe Pomade \u0111\u00e3 \u0111\u1eb7t ra ti\u00eau chu\u1ea9n v\u1ec1 ch\u1ea5t l\u01b0\u1ee3ng v\u00e0 \u0111\u00e3 gi\u00e0nh \u0111\u01b0\u1ee3c danh ti\u1ebfng sau nhi\u1ec1u [&#8230;]\n","protected":false},"featured_media":1786,"comment_status":"open","ping_status":"closed","template":"","meta":[],"product_brand":[],"product_cat":[15,179],"product_tag":[],"berocket_brand":[200],"class_list":{"0":"post-1784","1":"product","2":"type-product","3":"status-publish","4":"has-post-thumbnail","6":"product_cat-thuong-hieu","7":"product_cat-sap-vuot-toc","8":"berocket_brand-uppercut-deluxe","10":"first","11":"instock","12":"shipping-taxable","13":"purchasable","14":"product-type-simple"},"yoast_head":"<!-- This site is optimized with the Yoast SEO plugin v24.8.1 - https:\/\/yoast.com\/wordpress\/plugins\/seo\/ -->\n<title>S\u00e1p vu\u1ed1t t\u00f3c Uppercut Deluxe Pomade 100g - Ho\u00e0ng S\u01a1n - M\u1ef9 ph\u1ea9m nam<\/title>\n<meta name=\"robots\" content=\"index, follow, max-snippet:-1, max-image-preview:large, max-video-preview:-1\" \/>\n<link rel=\"canonical\" href=\"https:\/\/pluginviet.com\/mau26\/san-pham\/sap-vuot-toc-uppercut-deluxe-pomade-100g\/\" \/>\n<meta property=\"og:locale\" content=\"vi_VN\" \/>\n<meta property=\"og:type\" content=\"article\" \/>\n<meta property=\"og:title\" content=\"S\u00e1p vu\u1ed1t t\u00f3c Uppercut Deluxe Pomade 100g - Ho\u00e0ng S\u01a1n - M\u1ef9 ph\u1ea9m nam\" \/>\n<meta property=\"og:description\" content=\"Uppercut Deluxe Pomade \u0111\u01b0\u1ee3c thi\u1ebft k\u1ebf d\u00e0nh cho nh\u1eefng anh ch\u00e0ng s\u00e0nh \u0111i\u1ec7u, y\u00eau th\u00edch nh\u1eefng ki\u1ec3u t\u00f3c c\u1ed5 \u0111i\u1ec3n nh\u01b0 slickback, man bun,\u2026 S\u1ea3n ph\u1ea9m s\u00e1p vu\u1ed1t t\u00f3c \u0111\u1ea7u ti\u00ean trong d\u00f2ng s\u1ea3n ph\u1ea9m Uppercut Deluxe, Deluxe Pomade \u0111\u00e3 \u0111\u1eb7t ra ti\u00eau chu\u1ea9n v\u1ec1 ch\u1ea5t l\u01b0\u1ee3ng v\u00e0 \u0111\u00e3 gi\u00e0nh \u0111\u01b0\u1ee3c danh ti\u1ebfng sau nhi\u1ec1u [...]\" \/>\n<meta property=\"og:url\" content=\"https:\/\/pluginviet.com\/mau26\/san-pham\/sap-vuot-toc-uppercut-deluxe-pomade-100g\/\" \/>\n<meta property=\"og:site_name\" content=\"Ho\u00e0ng S\u01a1n - M\u1ef9 ph\u1ea9m nam\" \/>\n<meta property=\"article:modified_time\" content=\"2024-07-08T07:51:57+00:00\" \/>\n<meta property=\"og:image\" content=\"https:\/\/pluginviet.com\/mau26\/wp-content\/uploads\/2023\/06\/dp-f-1800x1800-1.png\" \/>\n\t<meta property=\"og:image:width\" content=\"1000\" \/>\n\t<meta property=\"og:image:height\" content=\"1000\" \/>\n\t<meta property=\"og:image:type\" content=\"image\/png\" \/>\n<meta name=\"twitter:card\" content=\"summary_large_image\" \/>\n<meta name=\"twitter:label1\" content=\"\u01af\u1edbc t\u00ednh th\u1eddi gian \u0111\u1ecdc\" \/>\n\t<meta name=\"twitter:data1\" content=\"1 ph\u00fat\" \/>\n<script type=\"application\/ld+json\" class=\"yoast-schema-graph\">{\"@context\":\"https:\/\/schema.org\",\"@graph\":[{\"@type\":\"WebPage\",\"@id\":\"https:\/\/pluginviet.com\/mau26\/san-pham\/sap-vuot-toc-uppercut-deluxe-pomade-100g\/\",\"url\":\"https:\/\/pluginviet.com\/mau26\/san-pham\/sap-vuot-toc-uppercut-deluxe-pomade-100g\/\",\"name\":\"S\u00e1p vu\u1ed1t t\u00f3c Uppercut Deluxe Pomade 100g - Ho\u00e0ng S\u01a1n - M\u1ef9 ph\u1ea9m nam\",\"isPartOf\":{\"@id\":\"https:\/\/pluginviet.com\/mau26\/#website\"},\"primaryImageOfPage\":{\"@id\":\"https:\/\/pluginviet.com\/mau26\/san-pham\/sap-vuot-toc-uppercut-deluxe-pomade-100g\/#primaryimage\"},\"image\":{\"@id\":\"https:\/\/pluginviet.com\/mau26\/san-pham\/sap-vuot-toc-uppercut-deluxe-pomade-100g\/#primaryimage\"},\"thumbnailUrl\":\"https:\/\/pluginviet.com\/mau26\/wp-content\/uploads\/2023\/06\/dp-f-1800x1800-1.png\",\"datePublished\":\"2023-06-10T08:12:19+00:00\",\"dateModified\":\"2024-07-08T07:51:57+00:00\",\"breadcrumb\":{\"@id\":\"https:\/\/pluginviet.com\/mau26\/san-pham\/sap-vuot-toc-uppercut-deluxe-pomade-100g\/#breadcrumb\"},\"inLanguage\":\"vi\",\"potentialAction\":[{\"@type\":\"ReadAction\",\"target\":[\"https:\/\/pluginviet.com\/mau26\/san-pham\/sap-vuot-toc-uppercut-deluxe-pomade-100g\/\"]}]},{\"@type\":\"ImageObject\",\"inLanguage\":\"vi\",\"@id\":\"https:\/\/pluginviet.com\/mau26\/san-pham\/sap-vuot-toc-uppercut-deluxe-pomade-100g\/#primaryimage\",\"url\":\"https:\/\/pluginviet.com\/mau26\/wp-content\/uploads\/2023\/06\/dp-f-1800x1800-1.png\",\"contentUrl\":\"https:\/\/pluginviet.com\/mau26\/wp-content\/uploads\/2023\/06\/dp-f-1800x1800-1.png\",\"width\":1000,\"height\":1000},{\"@type\":\"BreadcrumbList\",\"@id\":\"https:\/\/pluginviet.com\/mau26\/san-pham\/sap-vuot-toc-uppercut-deluxe-pomade-100g\/#breadcrumb\",\"itemListElement\":[{\"@type\":\"ListItem\",\"position\":1,\"name\":\"Trang ch\u1ee7\",\"item\":\"https:\/\/pluginviet.com\/mau26\/\"},{\"@type\":\"ListItem\",\"position\":2,\"name\":\"Shop\",\"item\":\"https:\/\/pluginviet.com\/mau26\/shop\/\"},{\"@type\":\"ListItem\",\"position\":3,\"name\":\"S\u00e1p vu\u1ed1t t\u00f3c Uppercut Deluxe Pomade 100g\"}]},{\"@type\":\"WebSite\",\"@id\":\"https:\/\/pluginviet.com\/mau26\/#website\",\"url\":\"https:\/\/pluginviet.com\/mau26\/\",\"name\":\"Ho\u00e0ng S\u01a1n - M\u1ef9 ph\u1ea9m nam\",\"description\":\"\",\"potentialAction\":[{\"@type\":\"SearchAction\",\"target\":{\"@type\":\"EntryPoint\",\"urlTemplate\":\"https:\/\/pluginviet.com\/mau26\/?s={search_term_string}\"},\"query-input\":{\"@type\":\"PropertyValueSpecification\",\"valueRequired\":true,\"valueName\":\"search_term_string\"}}],\"inLanguage\":\"vi\"}]}<\/script>\n<!-- \/ Yoast SEO plugin. -->","yoast_head_json":{"title":"S\u00e1p vu\u1ed1t t\u00f3c Uppercut Deluxe Pomade 100g - Ho\u00e0ng S\u01a1n - M\u1ef9 ph\u1ea9m nam","robots":{"index":"index","follow":"follow","max-snippet":"max-snippet:-1","max-image-preview":"max-image-preview:large","max-video-preview":"max-video-preview:-1"},"canonical":"https:\/\/pluginviet.com\/mau26\/san-pham\/sap-vuot-toc-uppercut-deluxe-pomade-100g\/","og_locale":"vi_VN","og_type":"article","og_title":"S\u00e1p vu\u1ed1t t\u00f3c Uppercut Deluxe Pomade 100g - Ho\u00e0ng S\u01a1n - M\u1ef9 ph\u1ea9m nam","og_description":"Uppercut Deluxe Pomade \u0111\u01b0\u1ee3c thi\u1ebft k\u1ebf d\u00e0nh cho nh\u1eefng anh ch\u00e0ng s\u00e0nh \u0111i\u1ec7u, y\u00eau th\u00edch nh\u1eefng ki\u1ec3u t\u00f3c c\u1ed5 \u0111i\u1ec3n nh\u01b0 slickback, man bun,\u2026 S\u1ea3n ph\u1ea9m s\u00e1p vu\u1ed1t t\u00f3c \u0111\u1ea7u ti\u00ean trong d\u00f2ng s\u1ea3n ph\u1ea9m Uppercut Deluxe, Deluxe Pomade \u0111\u00e3 \u0111\u1eb7t ra ti\u00eau chu\u1ea9n v\u1ec1 ch\u1ea5t l\u01b0\u1ee3ng v\u00e0 \u0111\u00e3 gi\u00e0nh \u0111\u01b0\u1ee3c danh ti\u1ebfng sau nhi\u1ec1u [...]","og_url":"https:\/\/pluginviet.com\/mau26\/san-pham\/sap-vuot-toc-uppercut-deluxe-pomade-100g\/","og_site_name":"Ho\u00e0ng S\u01a1n - M\u1ef9 ph\u1ea9m nam","article_modified_time":"2024-07-08T07:51:57+00:00","og_image":[{"width":1000,"height":1000,"url":"https:\/\/pluginviet.com\/mau26\/wp-content\/uploads\/2023\/06\/dp-f-1800x1800-1.png","type":"image\/png"}],"twitter_card":"summary_large_image","twitter_misc":{"\u01af\u1edbc t\u00ednh th\u1eddi gian \u0111\u1ecdc":"1 ph\u00fat"},"schema":{"@context":"https:\/\/schema.org","@graph":[{"@type":"WebPage","@id":"https:\/\/pluginviet.com\/mau26\/san-pham\/sap-vuot-toc-uppercut-deluxe-pomade-100g\/","url":"https:\/\/pluginviet.com\/mau26\/san-pham\/sap-vuot-toc-uppercut-deluxe-pomade-100g\/","name":"S\u00e1p vu\u1ed1t t\u00f3c Uppercut Deluxe Pomade 100g - Ho\u00e0ng S\u01a1n - M\u1ef9 ph\u1ea9m nam","isPartOf":{"@id":"https:\/\/pluginviet.com\/mau26\/#website"},"primaryImageOfPage":{"@id":"https:\/\/pluginviet.com\/mau26\/san-pham\/sap-vuot-toc-uppercut-deluxe-pomade-100g\/#primaryimage"},"image":{"@id":"https:\/\/pluginviet.com\/mau26\/san-pham\/sap-vuot-toc-uppercut-deluxe-pomade-100g\/#primaryimage"},"thumbnailUrl":"https:\/\/pluginviet.com\/mau26\/wp-content\/uploads\/2023\/06\/dp-f-1800x1800-1.png","datePublished":"2023-06-10T08:12:19+00:00","dateModified":"2024-07-08T07:51:57+00:00","breadcrumb":{"@id":"https:\/\/pluginviet.com\/mau26\/san-pham\/sap-vuot-toc-uppercut-deluxe-pomade-100g\/#breadcrumb"},"inLanguage":"vi","potentialAction":[{"@type":"ReadAction","target":["https:\/\/pluginviet.com\/mau26\/san-pham\/sap-vuot-toc-uppercut-deluxe-pomade-100g\/"]}]},{"@type":"ImageObject","inLanguage":"vi","@id":"https:\/\/pluginviet.com\/mau26\/san-pham\/sap-vuot-toc-uppercut-deluxe-pomade-100g\/#primaryimage","url":"https:\/\/pluginviet.com\/mau26\/wp-content\/uploads\/2023\/06\/dp-f-1800x1800-1.png","contentUrl":"https:\/\/pluginviet.com\/mau26\/wp-content\/uploads\/2023\/06\/dp-f-1800x1800-1.png","width":1000,"height":1000},{"@type":"BreadcrumbList","@id":"https:\/\/pluginviet.com\/mau26\/san-pham\/sap-vuot-toc-uppercut-deluxe-pomade-100g\/#breadcrumb","itemListElement":[{"@type":"ListItem","position":1,"name":"Trang ch\u1ee7","item":"https:\/\/pluginviet.com\/mau26\/"},{"@type":"ListItem","position":2,"name":"Shop","item":"https:\/\/pluginviet.com\/mau26\/shop\/"},{"@type":"ListItem","position":3,"name":"S\u00e1p vu\u1ed1t t\u00f3c Uppercut Deluxe Pomade 100g"}]},{"@type":"WebSite","@id":"https:\/\/pluginviet.com\/mau26\/#website","url":"https:\/\/pluginviet.com\/mau26\/","name":"Ho\u00e0ng S\u01a1n - M\u1ef9 ph\u1ea9m nam","description":"","potentialAction":[{"@type":"SearchAction","target":{"@type":"EntryPoint","urlTemplate":"https:\/\/pluginviet.com\/mau26\/?s={search_term_string}"},"query-input":{"@type":"PropertyValueSpecification","valueRequired":true,"valueName":"search_term_string"}}],"inLanguage":"vi"}]}},"_links":{"self":[{"href":"https:\/\/pluginviet.com\/mau26\/wp-json\/wp\/v2\/product\/1784","targetHints":{"allow":["GET"]}}],"collection":[{"href":"https:\/\/pluginviet.com\/mau26\/wp-json\/wp\/v2\/product"}],"about":[{"href":"https:\/\/pluginviet.com\/mau26\/wp-json\/wp\/v2\/types\/product"}],"replies":[{"embeddable":true,"href":"https:\/\/pluginviet.com\/mau26\/wp-json\/wp\/v2\/comments?post=1784"}],"wp:featuredmedia":[{"embeddable":true,"href":"https:\/\/pluginviet.com\/mau26\/wp-json\/wp\/v2\/media\/1786"}],"wp:attachment":[{"href":"https:\/\/pluginviet.com\/mau26\/wp-json\/wp\/v2\/media?parent=1784"}],"wp:term":[{"taxonomy":"product_brand","embeddable":true,"href":"https:\/\/pluginviet.com\/mau26\/wp-json\/wp\/v2\/product_brand?post=1784"},{"taxonomy":"product_cat","embeddable":true,"href":"https:\/\/pluginviet.com\/mau26\/wp-json\/wp\/v2\/product_cat?post=1784"},{"taxonomy":"product_tag","embeddable":true,"href":"https:\/\/pluginviet.com\/mau26\/wp-json\/wp\/v2\/product_tag?post=1784"},{"taxonomy":"berocket_brand","embeddable":true,"href":"https:\/\/pluginviet.com\/mau26\/wp-json\/wp\/v2\/berocket_brand?post=1784"}],"curies":[{"name":"wp","href":"https:\/\/api.w.org\/{rel}","templated":true}]}}