{"id":1780,"date":"2023-06-10T15:09:55","date_gmt":"2023-06-10T08:09:55","guid":{"rendered":"https:\/\/depthoitrang.com\/classic\/?post_type=product&#038;p=1780"},"modified":"2023-06-11T00:06:07","modified_gmt":"2023-06-10T17:06:07","slug":"hanz-de-fuko-hybridized-wax","status":"publish","type":"product","link":"https:\/\/pluginviet.com\/mau26\/san-pham\/hanz-de-fuko-hybridized-wax\/","title":{"rendered":"Hanz De Fuko Hybridized Wax"},"content":{"rendered":"<p>Hanz De Fuko Hybridized Wax m\u1ed9t d\u00f2ng s\u00e1p g\u1ed1c n\u01b0\u1edbc \u0111\u01b0\u1ee3c t\u1ea1o ra d\u00e0nh cho c\u00e1c ki\u1ec3u t\u00f3c x\u00f9, b\u1ed3ng b\u1ec1nh, ph\u00f3ng kho\u00e1ng. Cho d\u00f9 b\u1ea1n \u0111ang h\u01b0\u1edbng t\u1edbi m\u1ed9t ki\u1ec3u t\u00f3c m\u01b0\u1ee3t m\u00e0 hay c\u00f3 k\u1ebft c\u1ea5u d\u00e0y, Hybridized Wax s\u1ebd s\u1ea1ch s\u1ebd m\u00e0 kh\u00f4ng \u0111\u1ec3 l\u1ea1i c\u1eb7n.<\/p>\n<p>Th\u00e0nh ph\u1ea7n ch\u1ee9a b\u1ed9t mica t\u1ea1o \u0111\u1ed9 b\u00f3ng t\u1ef1 nhi\u00ean, trong khi h\u1ed7n h\u1ee3p c\u00e1c lo\u1ea1i d\u1ea7u nh\u01b0 l\u00e1 \u0111inh h\u01b0\u01a1ng, c\u00e2y b\u1ea1c h\u00e0 v\u00e0 rau di\u1ebfp c\u00e1 s\u1ebd c\u1ea5p \u1ea9m v\u00e0 d\u01b0\u1ee1ng t\u00f3c c\u1ee7a b\u1ea1n, k\u00edch th\u00edch m\u1ecdc t\u00f3c.<\/p>\n<h3>Th\u00f4ng tin chi ti\u1ebft:<\/h3>\n<ul>\n<li>Th\u01b0\u01a1ng hi\u1ec7u: Hanz De Fuko<\/li>\n<li>\u0110\u1ed9 gi\u1eef n\u1ebfp: trung b\u00ecnh<\/li>\n<li>\u0110\u1ed9 b\u00f3ng m\u1edd t\u1ef1 nhi\u00ean<\/li>\n<li>D\u1ec5 d\u00e0ng g\u1ed9i r\u1eeda v\u1edbi n\u01b0\u1edbc<\/li>\n<li>Tr\u1ecdng l\u01b0\u1ee3ng: 56g<\/li>\n<\/ul>\n","protected":false},"excerpt":{"rendered":"<p>Hanz De Fuko Hybridized Wax m\u1ed9t d\u00f2ng s\u00e1p g\u1ed1c n\u01b0\u1edbc \u0111\u01b0\u1ee3c t\u1ea1o ra d\u00e0nh cho c\u00e1c ki\u1ec3u t\u00f3c x\u00f9, b\u1ed3ng b\u1ec1nh, ph\u00f3ng kho\u00e1ng. Cho d\u00f9 b\u1ea1n \u0111ang h\u01b0\u1edbng t\u1edbi m\u1ed9t ki\u1ec3u t\u00f3c m\u01b0\u1ee3t m\u00e0 hay c\u00f3 k\u1ebft c\u1ea5u d\u00e0y, Hybridized Wax s\u1ebd s\u1ea1ch s\u1ebd m\u00e0 kh\u00f4ng \u0111\u1ec3 l\u1ea1i c\u1eb7n. Th\u00e0nh ph\u1ea7n ch\u1ee9a b\u1ed9t mica t\u1ea1o [&#8230;]\n","protected":false},"featured_media":1782,"comment_status":"open","ping_status":"closed","template":"","meta":[],"product_brand":[],"product_cat":[15,179],"product_tag":[],"berocket_brand":[197],"class_list":{"0":"post-1780","1":"product","2":"type-product","3":"status-publish","4":"has-post-thumbnail","6":"product_cat-thuong-hieu","7":"product_cat-sap-vuot-toc","8":"berocket_brand-hanz-de-fuko","10":"first","11":"instock","12":"shipping-taxable","13":"purchasable","14":"product-type-simple"},"yoast_head":"<!-- This site is optimized with the Yoast SEO plugin v24.8.1 - https:\/\/yoast.com\/wordpress\/plugins\/seo\/ -->\n<title>Hanz De Fuko Hybridized Wax - Ho\u00e0ng S\u01a1n - M\u1ef9 ph\u1ea9m nam<\/title>\n<meta name=\"robots\" content=\"index, follow, max-snippet:-1, max-image-preview:large, max-video-preview:-1\" \/>\n<link rel=\"canonical\" href=\"https:\/\/pluginviet.com\/mau26\/san-pham\/hanz-de-fuko-hybridized-wax\/\" \/>\n<meta property=\"og:locale\" content=\"vi_VN\" \/>\n<meta property=\"og:type\" content=\"article\" \/>\n<meta property=\"og:title\" content=\"Hanz De Fuko Hybridized Wax - Ho\u00e0ng S\u01a1n - M\u1ef9 ph\u1ea9m nam\" \/>\n<meta property=\"og:description\" content=\"Hanz De Fuko Hybridized Wax m\u1ed9t d\u00f2ng s\u00e1p g\u1ed1c n\u01b0\u1edbc \u0111\u01b0\u1ee3c t\u1ea1o ra d\u00e0nh cho c\u00e1c ki\u1ec3u t\u00f3c x\u00f9, b\u1ed3ng b\u1ec1nh, ph\u00f3ng kho\u00e1ng. Cho d\u00f9 b\u1ea1n \u0111ang h\u01b0\u1edbng t\u1edbi m\u1ed9t ki\u1ec3u t\u00f3c m\u01b0\u1ee3t m\u00e0 hay c\u00f3 k\u1ebft c\u1ea5u d\u00e0y, Hybridized Wax s\u1ebd s\u1ea1ch s\u1ebd m\u00e0 kh\u00f4ng \u0111\u1ec3 l\u1ea1i c\u1eb7n. Th\u00e0nh ph\u1ea7n ch\u1ee9a b\u1ed9t mica t\u1ea1o [...]\" \/>\n<meta property=\"og:url\" content=\"https:\/\/pluginviet.com\/mau26\/san-pham\/hanz-de-fuko-hybridized-wax\/\" \/>\n<meta property=\"og:site_name\" content=\"Ho\u00e0ng S\u01a1n - M\u1ef9 ph\u1ea9m nam\" \/>\n<meta property=\"article:modified_time\" content=\"2023-06-10T17:06:07+00:00\" \/>\n<meta property=\"og:image\" content=\"https:\/\/pluginviet.com\/mau26\/wp-content\/uploads\/2023\/06\/hdf-shop-products-classic-copy-600x600-1.png\" \/>\n\t<meta property=\"og:image:width\" content=\"600\" \/>\n\t<meta property=\"og:image:height\" content=\"600\" \/>\n\t<meta property=\"og:image:type\" content=\"image\/png\" \/>\n<meta name=\"twitter:card\" content=\"summary_large_image\" \/>\n<meta name=\"twitter:label1\" content=\"\u01af\u1edbc t\u00ednh th\u1eddi gian \u0111\u1ecdc\" \/>\n\t<meta name=\"twitter:data1\" content=\"1 ph\u00fat\" \/>\n<script type=\"application\/ld+json\" class=\"yoast-schema-graph\">{\"@context\":\"https:\/\/schema.org\",\"@graph\":[{\"@type\":\"WebPage\",\"@id\":\"https:\/\/pluginviet.com\/mau26\/san-pham\/hanz-de-fuko-hybridized-wax\/\",\"url\":\"https:\/\/pluginviet.com\/mau26\/san-pham\/hanz-de-fuko-hybridized-wax\/\",\"name\":\"Hanz De Fuko Hybridized Wax - Ho\u00e0ng S\u01a1n - M\u1ef9 ph\u1ea9m nam\",\"isPartOf\":{\"@id\":\"https:\/\/pluginviet.com\/mau26\/#website\"},\"primaryImageOfPage\":{\"@id\":\"https:\/\/pluginviet.com\/mau26\/san-pham\/hanz-de-fuko-hybridized-wax\/#primaryimage\"},\"image\":{\"@id\":\"https:\/\/pluginviet.com\/mau26\/san-pham\/hanz-de-fuko-hybridized-wax\/#primaryimage\"},\"thumbnailUrl\":\"https:\/\/pluginviet.com\/mau26\/wp-content\/uploads\/2023\/06\/hdf-shop-products-classic-copy-600x600-1.png\",\"datePublished\":\"2023-06-10T08:09:55+00:00\",\"dateModified\":\"2023-06-10T17:06:07+00:00\",\"breadcrumb\":{\"@id\":\"https:\/\/pluginviet.com\/mau26\/san-pham\/hanz-de-fuko-hybridized-wax\/#breadcrumb\"},\"inLanguage\":\"vi\",\"potentialAction\":[{\"@type\":\"ReadAction\",\"target\":[\"https:\/\/pluginviet.com\/mau26\/san-pham\/hanz-de-fuko-hybridized-wax\/\"]}]},{\"@type\":\"ImageObject\",\"inLanguage\":\"vi\",\"@id\":\"https:\/\/pluginviet.com\/mau26\/san-pham\/hanz-de-fuko-hybridized-wax\/#primaryimage\",\"url\":\"https:\/\/pluginviet.com\/mau26\/wp-content\/uploads\/2023\/06\/hdf-shop-products-classic-copy-600x600-1.png\",\"contentUrl\":\"https:\/\/pluginviet.com\/mau26\/wp-content\/uploads\/2023\/06\/hdf-shop-products-classic-copy-600x600-1.png\",\"width\":600,\"height\":600},{\"@type\":\"BreadcrumbList\",\"@id\":\"https:\/\/pluginviet.com\/mau26\/san-pham\/hanz-de-fuko-hybridized-wax\/#breadcrumb\",\"itemListElement\":[{\"@type\":\"ListItem\",\"position\":1,\"name\":\"Trang ch\u1ee7\",\"item\":\"https:\/\/pluginviet.com\/mau26\/\"},{\"@type\":\"ListItem\",\"position\":2,\"name\":\"Shop\",\"item\":\"https:\/\/pluginviet.com\/mau26\/shop\/\"},{\"@type\":\"ListItem\",\"position\":3,\"name\":\"Hanz De Fuko Hybridized Wax\"}]},{\"@type\":\"WebSite\",\"@id\":\"https:\/\/pluginviet.com\/mau26\/#website\",\"url\":\"https:\/\/pluginviet.com\/mau26\/\",\"name\":\"Ho\u00e0ng S\u01a1n - M\u1ef9 ph\u1ea9m nam\",\"description\":\"\",\"potentialAction\":[{\"@type\":\"SearchAction\",\"target\":{\"@type\":\"EntryPoint\",\"urlTemplate\":\"https:\/\/pluginviet.com\/mau26\/?s={search_term_string}\"},\"query-input\":{\"@type\":\"PropertyValueSpecification\",\"valueRequired\":true,\"valueName\":\"search_term_string\"}}],\"inLanguage\":\"vi\"}]}<\/script>\n<!-- \/ Yoast SEO plugin. -->","yoast_head_json":{"title":"Hanz De Fuko Hybridized Wax - Ho\u00e0ng S\u01a1n - M\u1ef9 ph\u1ea9m nam","robots":{"index":"index","follow":"follow","max-snippet":"max-snippet:-1","max-image-preview":"max-image-preview:large","max-video-preview":"max-video-preview:-1"},"canonical":"https:\/\/pluginviet.com\/mau26\/san-pham\/hanz-de-fuko-hybridized-wax\/","og_locale":"vi_VN","og_type":"article","og_title":"Hanz De Fuko Hybridized Wax - Ho\u00e0ng S\u01a1n - M\u1ef9 ph\u1ea9m nam","og_description":"Hanz De Fuko Hybridized Wax m\u1ed9t d\u00f2ng s\u00e1p g\u1ed1c n\u01b0\u1edbc \u0111\u01b0\u1ee3c t\u1ea1o ra d\u00e0nh cho c\u00e1c ki\u1ec3u t\u00f3c x\u00f9, b\u1ed3ng b\u1ec1nh, ph\u00f3ng kho\u00e1ng. Cho d\u00f9 b\u1ea1n \u0111ang h\u01b0\u1edbng t\u1edbi m\u1ed9t ki\u1ec3u t\u00f3c m\u01b0\u1ee3t m\u00e0 hay c\u00f3 k\u1ebft c\u1ea5u d\u00e0y, Hybridized Wax s\u1ebd s\u1ea1ch s\u1ebd m\u00e0 kh\u00f4ng \u0111\u1ec3 l\u1ea1i c\u1eb7n. Th\u00e0nh ph\u1ea7n ch\u1ee9a b\u1ed9t mica t\u1ea1o [...]","og_url":"https:\/\/pluginviet.com\/mau26\/san-pham\/hanz-de-fuko-hybridized-wax\/","og_site_name":"Ho\u00e0ng S\u01a1n - M\u1ef9 ph\u1ea9m nam","article_modified_time":"2023-06-10T17:06:07+00:00","og_image":[{"width":600,"height":600,"url":"https:\/\/pluginviet.com\/mau26\/wp-content\/uploads\/2023\/06\/hdf-shop-products-classic-copy-600x600-1.png","type":"image\/png"}],"twitter_card":"summary_large_image","twitter_misc":{"\u01af\u1edbc t\u00ednh th\u1eddi gian \u0111\u1ecdc":"1 ph\u00fat"},"schema":{"@context":"https:\/\/schema.org","@graph":[{"@type":"WebPage","@id":"https:\/\/pluginviet.com\/mau26\/san-pham\/hanz-de-fuko-hybridized-wax\/","url":"https:\/\/pluginviet.com\/mau26\/san-pham\/hanz-de-fuko-hybridized-wax\/","name":"Hanz De Fuko Hybridized Wax - Ho\u00e0ng S\u01a1n - M\u1ef9 ph\u1ea9m nam","isPartOf":{"@id":"https:\/\/pluginviet.com\/mau26\/#website"},"primaryImageOfPage":{"@id":"https:\/\/pluginviet.com\/mau26\/san-pham\/hanz-de-fuko-hybridized-wax\/#primaryimage"},"image":{"@id":"https:\/\/pluginviet.com\/mau26\/san-pham\/hanz-de-fuko-hybridized-wax\/#primaryimage"},"thumbnailUrl":"https:\/\/pluginviet.com\/mau26\/wp-content\/uploads\/2023\/06\/hdf-shop-products-classic-copy-600x600-1.png","datePublished":"2023-06-10T08:09:55+00:00","dateModified":"2023-06-10T17:06:07+00:00","breadcrumb":{"@id":"https:\/\/pluginviet.com\/mau26\/san-pham\/hanz-de-fuko-hybridized-wax\/#breadcrumb"},"inLanguage":"vi","potentialAction":[{"@type":"ReadAction","target":["https:\/\/pluginviet.com\/mau26\/san-pham\/hanz-de-fuko-hybridized-wax\/"]}]},{"@type":"ImageObject","inLanguage":"vi","@id":"https:\/\/pluginviet.com\/mau26\/san-pham\/hanz-de-fuko-hybridized-wax\/#primaryimage","url":"https:\/\/pluginviet.com\/mau26\/wp-content\/uploads\/2023\/06\/hdf-shop-products-classic-copy-600x600-1.png","contentUrl":"https:\/\/pluginviet.com\/mau26\/wp-content\/uploads\/2023\/06\/hdf-shop-products-classic-copy-600x600-1.png","width":600,"height":600},{"@type":"BreadcrumbList","@id":"https:\/\/pluginviet.com\/mau26\/san-pham\/hanz-de-fuko-hybridized-wax\/#breadcrumb","itemListElement":[{"@type":"ListItem","position":1,"name":"Trang ch\u1ee7","item":"https:\/\/pluginviet.com\/mau26\/"},{"@type":"ListItem","position":2,"name":"Shop","item":"https:\/\/pluginviet.com\/mau26\/shop\/"},{"@type":"ListItem","position":3,"name":"Hanz De Fuko Hybridized Wax"}]},{"@type":"WebSite","@id":"https:\/\/pluginviet.com\/mau26\/#website","url":"https:\/\/pluginviet.com\/mau26\/","name":"Ho\u00e0ng S\u01a1n - M\u1ef9 ph\u1ea9m nam","description":"","potentialAction":[{"@type":"SearchAction","target":{"@type":"EntryPoint","urlTemplate":"https:\/\/pluginviet.com\/mau26\/?s={search_term_string}"},"query-input":{"@type":"PropertyValueSpecification","valueRequired":true,"valueName":"search_term_string"}}],"inLanguage":"vi"}]}},"_links":{"self":[{"href":"https:\/\/pluginviet.com\/mau26\/wp-json\/wp\/v2\/product\/1780","targetHints":{"allow":["GET"]}}],"collection":[{"href":"https:\/\/pluginviet.com\/mau26\/wp-json\/wp\/v2\/product"}],"about":[{"href":"https:\/\/pluginviet.com\/mau26\/wp-json\/wp\/v2\/types\/product"}],"replies":[{"embeddable":true,"href":"https:\/\/pluginviet.com\/mau26\/wp-json\/wp\/v2\/comments?post=1780"}],"wp:featuredmedia":[{"embeddable":true,"href":"https:\/\/pluginviet.com\/mau26\/wp-json\/wp\/v2\/media\/1782"}],"wp:attachment":[{"href":"https:\/\/pluginviet.com\/mau26\/wp-json\/wp\/v2\/media?parent=1780"}],"wp:term":[{"taxonomy":"product_brand","embeddable":true,"href":"https:\/\/pluginviet.com\/mau26\/wp-json\/wp\/v2\/product_brand?post=1780"},{"taxonomy":"product_cat","embeddable":true,"href":"https:\/\/pluginviet.com\/mau26\/wp-json\/wp\/v2\/product_cat?post=1780"},{"taxonomy":"product_tag","embeddable":true,"href":"https:\/\/pluginviet.com\/mau26\/wp-json\/wp\/v2\/product_tag?post=1780"},{"taxonomy":"berocket_brand","embeddable":true,"href":"https:\/\/pluginviet.com\/mau26\/wp-json\/wp\/v2\/berocket_brand?post=1780"}],"curies":[{"name":"wp","href":"https:\/\/api.w.org\/{rel}","templated":true}]}}