{"id":1778,"date":"2023-06-10T14:56:07","date_gmt":"2023-06-10T07:56:07","guid":{"rendered":"https:\/\/depthoitrang.com\/classic\/?post_type=product&#038;p=1778"},"modified":"2023-06-11T00:09:07","modified_gmt":"2023-06-10T17:09:07","slug":"odouds-conditioning-cream-114g","status":"publish","type":"product","link":"https:\/\/pluginviet.com\/mau26\/san-pham\/odouds-conditioning-cream-114g\/","title":{"rendered":"O\u2019douds Conditioning Cream 114g"},"content":{"rendered":"<p>O\u2019douds Conditioning Cream m\u1ed9t lo\u1ea1i kem gi\u1eef n\u1ebfp nh\u1eb9 nh\u00e0ng v\u1edbi \u0111\u1ed9 b\u00f3ng v\u1eeba ph\u1ea3i gi\u00fap b\u1ed5 sung \u0111\u1ed9 \u1ea9m v\u00e0 ki\u1ec3m so\u00e1t \u0111\u1ed9 xo\u0103n c\u1ee9ng cho c\u00e1c m\u00e1i t\u00f3c d\u00e0y d\u00e0i, th\u00f4 s\u01a1. S\u1ea3n ph\u1ea9m c\u00f2n ph\u00f9 h\u1ee3p cho c\u00e1c b\u1ea1n n\u1eef l\u00e0m t\u0103ng \u0111\u1ed9 d\u00e0y, gi\u1eef n\u1ebfp cho c\u00e1c l\u1ecdn t\u00f3c xo\u0103n, kh\u00f4ng g\u00e2y b\u1ebft nh\u1eddn.<\/p>\n<p>Ngo\u00e0i ra O\u2019douds Conditioning Cream c\u00f2n c\u00f3 th\u1ec3 s\u1eed d\u1ee5ng nh\u01b0 m\u1ed9t s\u1ea3n ph\u1ea9m pre-style b\u1ea3o v\u1ec7 nhi\u1ec7t v\u00e0 h\u1ed7 tr\u1ee3 t\u1ea1o ki\u1ec3u tr\u01b0\u1edbc khi s\u1ea5y t\u00f3c.<\/p>\n<h3><strong>Th\u00f4ng tin O\u2019douds Conditioning Cream<\/strong><\/h3>\n<ul>\n<li>\u0110\u1ed9 gi\u1eef n\u1ebfp (Hold): Medium \u2013 V\u1eeba<\/li>\n<li>\u0110\u1ed9 b\u00f3ng (Shine): Medium \u2013 V\u1eeba<\/li>\n<li>M\u00f9i h\u01b0\u01a1ng:\u00a0Mandarin &amp; Vanilla<\/li>\n<li>Dung t\u00edch::\u00a0\u00a04 oz \/ 114g<\/li>\n<li>Xu\u1ea5t x\u1ee9: M\u1ef9<\/li>\n<\/ul>\n<h3><strong>Th\u00e0nh ph\u1ea7n ch\u00ednh:<\/strong><\/h3>\n<p>\u2013\u00a0<strong>Aloe Vera:\u00a0<\/strong>\u00a0Cung c\u1ea5p c\u01a1 s\u1edf c\u1ee7a s\u1ea3n ph\u1ea9m n\u00e0y v\u00e0 r\u1ea5t gi\u00e0u vitamin v\u00e0 kho\u00e1ng ch\u1ea5t gi\u00fap th\u00fac \u0111\u1ea9y l\u00e0n da kh\u1ecfe m\u1ea1nh.<br \/>\n\u2013\u00a0<strong>B\u01a1 h\u1ea1t m\u1ee1:\u00a0\u00a0<\/strong>Lo\u1ea1i b\u01a1 gi\u00e0u d\u01b0\u1ee1ng ch\u1ea5t n\u00e0y mang l\u1ea1i s\u1ef1 nu\u00f4i d\u01b0\u1ee1ng l\u00e2u d\u00e0i cho t\u00f3c v\u00e0 da trong khi v\u1eabn duy tr\u00ec m\u1ed9t k\u1ebft th\u00fac trung t\u00ednh.<br \/>\n\u2013\u00a0<strong>D\u1ea7u th\u1ea7u d\u1ea7u:<\/strong>\u00a0M\u1ed9t lo\u1ea1i d\u1ea7u nu\u00f4i d\u01b0\u1ee1ng s\u00e2u, cung c\u1ea5p \u0111\u1ed9 \u1ea9m l\u00e2u d\u00e0i su\u1ed1t c\u1ea3 ng\u00e0y v\u00e0 khuy\u1ebfn kh\u00edch t\u00f3c kh\u1ecfe m\u1ea1nh.<\/p>\n<h3><strong>H\u01b0\u1edbng d\u1eabn s\u1eed d\u1ee5ng:<\/strong><\/h3>\n<p><strong>S\u1eed d\u1ee5ng khi t\u00f3c \u1ea9m:<\/strong>\u00a0D\u00f9ng m\u1ed9t l\u01b0\u1ee3ng nh\u1ecf c\u1ee1 h\u1ea1t \u0111\u1eadu xoa \u0111\u1ec1u ra tay r\u1ed3i vu\u1ed1t l\u00ean t\u00f3c \u1ea9m, ch\u00fa \u00fd vu\u1ed1t \u0111\u1ec1u l\u00ean to\u00e0n b\u1ed9 ph\u1ea7n t\u00f3c t\u1eeb tr\u01b0\u1edbc ra sau, sau \u0111\u00f3 d\u00f9ng m\u00e1y s\u1ea5y s\u1ea5y kh\u00f4 t\u1ea1o ki\u1ec3u. Ti\u1ebfp t\u1ee5c vu\u1ed1t th\u00eam m\u1ed9t l\u01b0\u1ee3ng nh\u1ecf\u00a0<strong>Conditioning Cream<\/strong>\u00a0\u0111\u1ec3 ho\u00e0n thi\u1ec7n ki\u1ec3u t\u00f3c m\u00e0 b\u1ea1n mong mu\u1ed1n.<\/p>\n<p><strong>S\u1eed d\u1ee5ng khi t\u00f3c kh\u00f4:<\/strong>\u00a0D\u00f9ng tr\u00ean n\u1ec1n t\u00f3c kh\u00f4 ho\u1eb7c sau khi s\u1eed d\u1ee5ng c\u00e1c s\u1ea3n ph\u1ea9m\u00a0prestyling. L\u1ea5y m\u1ed9t l\u01b0\u1ee3ng nh\u1ecf c\u1ee1 h\u1ea1t \u0111\u1eadu xoa \u0111\u1ec1u ra tay r\u1ed3i vu\u1ed1t l\u00ean t\u00f3c, ch\u00fa \u00fd vu\u1ed1t \u0111\u1ec1u l\u00ean to\u00e0n b\u1ed9 ph\u1ea7n t\u00f3c t\u1eeb tr\u01b0\u1edbc ra sau r\u1ed3i t\u1ea1o ki\u1ec3u theo \u00fd mu\u1ed1n. C\u00f3 th\u1ec3 t\u0103ng th\u00eam l\u01b0\u1ee3ng d\u00f9ng cho \u0111\u1ebfn khi b\u1ea1n c\u1ea3m th\u1ea5y \u0111\u1ed9 gi\u1eef n\u1ebfp \u0111\u1ee7 t\u1ed1t cho m\u00e1i t\u00f3c c\u1ee7a b\u1ea1n.<\/p>\n","protected":false},"excerpt":{"rendered":"<p>O\u2019douds Conditioning Cream m\u1ed9t lo\u1ea1i kem gi\u1eef n\u1ebfp nh\u1eb9 nh\u00e0ng v\u1edbi \u0111\u1ed9 b\u00f3ng v\u1eeba ph\u1ea3i gi\u00fap b\u1ed5 sung \u0111\u1ed9 \u1ea9m v\u00e0 ki\u1ec3m so\u00e1t \u0111\u1ed9 xo\u0103n c\u1ee9ng cho c\u00e1c m\u00e1i t\u00f3c d\u00e0y d\u00e0i, th\u00f4 s\u01a1. S\u1ea3n ph\u1ea9m c\u00f2n ph\u00f9 h\u1ee3p cho c\u00e1c b\u1ea1n n\u1eef l\u00e0m t\u0103ng \u0111\u1ed9 d\u00e0y, gi\u1eef n\u1ebfp cho c\u00e1c l\u1ecdn t\u00f3c xo\u0103n, kh\u00f4ng [&#8230;]\n","protected":false},"featured_media":1779,"comment_status":"open","ping_status":"closed","template":"","meta":[],"product_brand":[],"product_cat":[15,179],"product_tag":[],"berocket_brand":[199],"class_list":{"0":"post-1778","1":"product","2":"type-product","3":"status-publish","4":"has-post-thumbnail","6":"product_cat-thuong-hieu","7":"product_cat-sap-vuot-toc","8":"berocket_brand-odouds","10":"first","11":"instock","12":"sale","13":"shipping-taxable","14":"purchasable","15":"product-type-simple"},"yoast_head":"<!-- This site is optimized with the Yoast SEO plugin v24.8.1 - https:\/\/yoast.com\/wordpress\/plugins\/seo\/ -->\n<title>O\u2019douds Conditioning Cream 114g - Ho\u00e0ng S\u01a1n - M\u1ef9 ph\u1ea9m nam<\/title>\n<meta name=\"robots\" content=\"index, follow, max-snippet:-1, max-image-preview:large, max-video-preview:-1\" \/>\n<link rel=\"canonical\" href=\"https:\/\/pluginviet.com\/mau26\/san-pham\/odouds-conditioning-cream-114g\/\" \/>\n<meta property=\"og:locale\" content=\"vi_VN\" \/>\n<meta property=\"og:type\" content=\"article\" \/>\n<meta property=\"og:title\" content=\"O\u2019douds Conditioning Cream 114g - Ho\u00e0ng S\u01a1n - M\u1ef9 ph\u1ea9m nam\" \/>\n<meta property=\"og:description\" content=\"O\u2019douds Conditioning Cream m\u1ed9t lo\u1ea1i kem gi\u1eef n\u1ebfp nh\u1eb9 nh\u00e0ng v\u1edbi \u0111\u1ed9 b\u00f3ng v\u1eeba ph\u1ea3i gi\u00fap b\u1ed5 sung \u0111\u1ed9 \u1ea9m v\u00e0 ki\u1ec3m so\u00e1t \u0111\u1ed9 xo\u0103n c\u1ee9ng cho c\u00e1c m\u00e1i t\u00f3c d\u00e0y d\u00e0i, th\u00f4 s\u01a1. S\u1ea3n ph\u1ea9m c\u00f2n ph\u00f9 h\u1ee3p cho c\u00e1c b\u1ea1n n\u1eef l\u00e0m t\u0103ng \u0111\u1ed9 d\u00e0y, gi\u1eef n\u1ebfp cho c\u00e1c l\u1ecdn t\u00f3c xo\u0103n, kh\u00f4ng [...]\" \/>\n<meta property=\"og:url\" content=\"https:\/\/pluginviet.com\/mau26\/san-pham\/odouds-conditioning-cream-114g\/\" \/>\n<meta property=\"og:site_name\" content=\"Ho\u00e0ng S\u01a1n - M\u1ef9 ph\u1ea9m nam\" \/>\n<meta property=\"article:modified_time\" content=\"2023-06-10T17:09:07+00:00\" \/>\n<meta property=\"og:image\" content=\"https:\/\/pluginviet.com\/mau26\/wp-content\/uploads\/2023\/06\/odouds-conditioning-cream.webp\" \/>\n\t<meta property=\"og:image:width\" content=\"294\" \/>\n\t<meta property=\"og:image:height\" content=\"294\" \/>\n\t<meta property=\"og:image:type\" content=\"image\/webp\" \/>\n<meta name=\"twitter:card\" content=\"summary_large_image\" \/>\n<meta name=\"twitter:label1\" content=\"\u01af\u1edbc t\u00ednh th\u1eddi gian \u0111\u1ecdc\" \/>\n\t<meta name=\"twitter:data1\" content=\"2 ph\u00fat\" \/>\n<script type=\"application\/ld+json\" class=\"yoast-schema-graph\">{\"@context\":\"https:\/\/schema.org\",\"@graph\":[{\"@type\":\"WebPage\",\"@id\":\"https:\/\/pluginviet.com\/mau26\/san-pham\/odouds-conditioning-cream-114g\/\",\"url\":\"https:\/\/pluginviet.com\/mau26\/san-pham\/odouds-conditioning-cream-114g\/\",\"name\":\"O\u2019douds Conditioning Cream 114g - Ho\u00e0ng S\u01a1n - M\u1ef9 ph\u1ea9m nam\",\"isPartOf\":{\"@id\":\"https:\/\/pluginviet.com\/mau26\/#website\"},\"primaryImageOfPage\":{\"@id\":\"https:\/\/pluginviet.com\/mau26\/san-pham\/odouds-conditioning-cream-114g\/#primaryimage\"},\"image\":{\"@id\":\"https:\/\/pluginviet.com\/mau26\/san-pham\/odouds-conditioning-cream-114g\/#primaryimage\"},\"thumbnailUrl\":\"https:\/\/pluginviet.com\/mau26\/wp-content\/uploads\/2023\/06\/odouds-conditioning-cream.webp\",\"datePublished\":\"2023-06-10T07:56:07+00:00\",\"dateModified\":\"2023-06-10T17:09:07+00:00\",\"breadcrumb\":{\"@id\":\"https:\/\/pluginviet.com\/mau26\/san-pham\/odouds-conditioning-cream-114g\/#breadcrumb\"},\"inLanguage\":\"vi\",\"potentialAction\":[{\"@type\":\"ReadAction\",\"target\":[\"https:\/\/pluginviet.com\/mau26\/san-pham\/odouds-conditioning-cream-114g\/\"]}]},{\"@type\":\"ImageObject\",\"inLanguage\":\"vi\",\"@id\":\"https:\/\/pluginviet.com\/mau26\/san-pham\/odouds-conditioning-cream-114g\/#primaryimage\",\"url\":\"https:\/\/pluginviet.com\/mau26\/wp-content\/uploads\/2023\/06\/odouds-conditioning-cream.webp\",\"contentUrl\":\"https:\/\/pluginviet.com\/mau26\/wp-content\/uploads\/2023\/06\/odouds-conditioning-cream.webp\",\"width\":294,\"height\":294},{\"@type\":\"BreadcrumbList\",\"@id\":\"https:\/\/pluginviet.com\/mau26\/san-pham\/odouds-conditioning-cream-114g\/#breadcrumb\",\"itemListElement\":[{\"@type\":\"ListItem\",\"position\":1,\"name\":\"Trang ch\u1ee7\",\"item\":\"https:\/\/pluginviet.com\/mau26\/\"},{\"@type\":\"ListItem\",\"position\":2,\"name\":\"Shop\",\"item\":\"https:\/\/pluginviet.com\/mau26\/shop\/\"},{\"@type\":\"ListItem\",\"position\":3,\"name\":\"O\u2019douds Conditioning Cream 114g\"}]},{\"@type\":\"WebSite\",\"@id\":\"https:\/\/pluginviet.com\/mau26\/#website\",\"url\":\"https:\/\/pluginviet.com\/mau26\/\",\"name\":\"Ho\u00e0ng S\u01a1n - M\u1ef9 ph\u1ea9m nam\",\"description\":\"\",\"potentialAction\":[{\"@type\":\"SearchAction\",\"target\":{\"@type\":\"EntryPoint\",\"urlTemplate\":\"https:\/\/pluginviet.com\/mau26\/?s={search_term_string}\"},\"query-input\":{\"@type\":\"PropertyValueSpecification\",\"valueRequired\":true,\"valueName\":\"search_term_string\"}}],\"inLanguage\":\"vi\"}]}<\/script>\n<!-- \/ Yoast SEO plugin. -->","yoast_head_json":{"title":"O\u2019douds Conditioning Cream 114g - Ho\u00e0ng S\u01a1n - M\u1ef9 ph\u1ea9m nam","robots":{"index":"index","follow":"follow","max-snippet":"max-snippet:-1","max-image-preview":"max-image-preview:large","max-video-preview":"max-video-preview:-1"},"canonical":"https:\/\/pluginviet.com\/mau26\/san-pham\/odouds-conditioning-cream-114g\/","og_locale":"vi_VN","og_type":"article","og_title":"O\u2019douds Conditioning Cream 114g - Ho\u00e0ng S\u01a1n - M\u1ef9 ph\u1ea9m nam","og_description":"O\u2019douds Conditioning Cream m\u1ed9t lo\u1ea1i kem gi\u1eef n\u1ebfp nh\u1eb9 nh\u00e0ng v\u1edbi \u0111\u1ed9 b\u00f3ng v\u1eeba ph\u1ea3i gi\u00fap b\u1ed5 sung \u0111\u1ed9 \u1ea9m v\u00e0 ki\u1ec3m so\u00e1t \u0111\u1ed9 xo\u0103n c\u1ee9ng cho c\u00e1c m\u00e1i t\u00f3c d\u00e0y d\u00e0i, th\u00f4 s\u01a1. S\u1ea3n ph\u1ea9m c\u00f2n ph\u00f9 h\u1ee3p cho c\u00e1c b\u1ea1n n\u1eef l\u00e0m t\u0103ng \u0111\u1ed9 d\u00e0y, gi\u1eef n\u1ebfp cho c\u00e1c l\u1ecdn t\u00f3c xo\u0103n, kh\u00f4ng [...]","og_url":"https:\/\/pluginviet.com\/mau26\/san-pham\/odouds-conditioning-cream-114g\/","og_site_name":"Ho\u00e0ng S\u01a1n - M\u1ef9 ph\u1ea9m nam","article_modified_time":"2023-06-10T17:09:07+00:00","og_image":[{"width":294,"height":294,"url":"https:\/\/pluginviet.com\/mau26\/wp-content\/uploads\/2023\/06\/odouds-conditioning-cream.webp","type":"image\/webp"}],"twitter_card":"summary_large_image","twitter_misc":{"\u01af\u1edbc t\u00ednh th\u1eddi gian \u0111\u1ecdc":"2 ph\u00fat"},"schema":{"@context":"https:\/\/schema.org","@graph":[{"@type":"WebPage","@id":"https:\/\/pluginviet.com\/mau26\/san-pham\/odouds-conditioning-cream-114g\/","url":"https:\/\/pluginviet.com\/mau26\/san-pham\/odouds-conditioning-cream-114g\/","name":"O\u2019douds Conditioning Cream 114g - Ho\u00e0ng S\u01a1n - M\u1ef9 ph\u1ea9m nam","isPartOf":{"@id":"https:\/\/pluginviet.com\/mau26\/#website"},"primaryImageOfPage":{"@id":"https:\/\/pluginviet.com\/mau26\/san-pham\/odouds-conditioning-cream-114g\/#primaryimage"},"image":{"@id":"https:\/\/pluginviet.com\/mau26\/san-pham\/odouds-conditioning-cream-114g\/#primaryimage"},"thumbnailUrl":"https:\/\/pluginviet.com\/mau26\/wp-content\/uploads\/2023\/06\/odouds-conditioning-cream.webp","datePublished":"2023-06-10T07:56:07+00:00","dateModified":"2023-06-10T17:09:07+00:00","breadcrumb":{"@id":"https:\/\/pluginviet.com\/mau26\/san-pham\/odouds-conditioning-cream-114g\/#breadcrumb"},"inLanguage":"vi","potentialAction":[{"@type":"ReadAction","target":["https:\/\/pluginviet.com\/mau26\/san-pham\/odouds-conditioning-cream-114g\/"]}]},{"@type":"ImageObject","inLanguage":"vi","@id":"https:\/\/pluginviet.com\/mau26\/san-pham\/odouds-conditioning-cream-114g\/#primaryimage","url":"https:\/\/pluginviet.com\/mau26\/wp-content\/uploads\/2023\/06\/odouds-conditioning-cream.webp","contentUrl":"https:\/\/pluginviet.com\/mau26\/wp-content\/uploads\/2023\/06\/odouds-conditioning-cream.webp","width":294,"height":294},{"@type":"BreadcrumbList","@id":"https:\/\/pluginviet.com\/mau26\/san-pham\/odouds-conditioning-cream-114g\/#breadcrumb","itemListElement":[{"@type":"ListItem","position":1,"name":"Trang ch\u1ee7","item":"https:\/\/pluginviet.com\/mau26\/"},{"@type":"ListItem","position":2,"name":"Shop","item":"https:\/\/pluginviet.com\/mau26\/shop\/"},{"@type":"ListItem","position":3,"name":"O\u2019douds Conditioning Cream 114g"}]},{"@type":"WebSite","@id":"https:\/\/pluginviet.com\/mau26\/#website","url":"https:\/\/pluginviet.com\/mau26\/","name":"Ho\u00e0ng S\u01a1n - M\u1ef9 ph\u1ea9m nam","description":"","potentialAction":[{"@type":"SearchAction","target":{"@type":"EntryPoint","urlTemplate":"https:\/\/pluginviet.com\/mau26\/?s={search_term_string}"},"query-input":{"@type":"PropertyValueSpecification","valueRequired":true,"valueName":"search_term_string"}}],"inLanguage":"vi"}]}},"_links":{"self":[{"href":"https:\/\/pluginviet.com\/mau26\/wp-json\/wp\/v2\/product\/1778","targetHints":{"allow":["GET"]}}],"collection":[{"href":"https:\/\/pluginviet.com\/mau26\/wp-json\/wp\/v2\/product"}],"about":[{"href":"https:\/\/pluginviet.com\/mau26\/wp-json\/wp\/v2\/types\/product"}],"replies":[{"embeddable":true,"href":"https:\/\/pluginviet.com\/mau26\/wp-json\/wp\/v2\/comments?post=1778"}],"wp:featuredmedia":[{"embeddable":true,"href":"https:\/\/pluginviet.com\/mau26\/wp-json\/wp\/v2\/media\/1779"}],"wp:attachment":[{"href":"https:\/\/pluginviet.com\/mau26\/wp-json\/wp\/v2\/media?parent=1778"}],"wp:term":[{"taxonomy":"product_brand","embeddable":true,"href":"https:\/\/pluginviet.com\/mau26\/wp-json\/wp\/v2\/product_brand?post=1778"},{"taxonomy":"product_cat","embeddable":true,"href":"https:\/\/pluginviet.com\/mau26\/wp-json\/wp\/v2\/product_cat?post=1778"},{"taxonomy":"product_tag","embeddable":true,"href":"https:\/\/pluginviet.com\/mau26\/wp-json\/wp\/v2\/product_tag?post=1778"},{"taxonomy":"berocket_brand","embeddable":true,"href":"https:\/\/pluginviet.com\/mau26\/wp-json\/wp\/v2\/berocket_brand?post=1778"}],"curies":[{"name":"wp","href":"https:\/\/api.w.org\/{rel}","templated":true}]}}