{"id":2003,"date":"2023-06-05T10:35:32","date_gmt":"2023-06-05T10:35:32","guid":{"rendered":"https:\/\/depthoitrang.com\/lisanail\/?post_type=product&#038;p=2003"},"modified":"2023-06-05T16:46:50","modified_gmt":"2023-06-05T16:46:50","slug":"bo-mong-gia-nailbox-dong-gia-399000d","status":"publish","type":"product","link":"https:\/\/pluginviet.com\/mau25\/san-pham\/bo-mong-gia-nailbox-dong-gia-399000d\/","title":{"rendered":"B\u1ed9 m\u00f3ng gi\u1ea3 Nailbox \u0111\u1ed3ng gi\u00e1 399,000\u0111"},"content":{"rendered":"<p><strong>H\u01b0\u1edbng d\u1eabn c\u00e1ch \u0111o Nailbox \u0111\u1eb9p chu\u1ea9n size<\/strong><\/p>\n<p><strong>H\u01b0\u1edbng d\u1eabn \u0111o k\u00edch th\u01b0\u1edbc form m\u00f3ng<\/strong><\/p>\n<p>K\u1ef9 thu\u1eadt vi\u00ean s\u1ebd h\u01b0\u1edbng d\u1eabn b\u1ea1n do k\u00edch th\u01b0\u1edbc form m\u00f3ng chu\u1ea9n size \u0111\u1ec3 \u0111\u1ea3m b\u1ea3o<strong>\u00a0<\/strong>ch\u1eafc ch\u1eafn v\u00e0 \u0111\u1eb9p khi mang l\u00ean tay. D\u01b0\u1edbi \u0111\u00e2y l\u00e0 h\u01b0\u1edbng d\u1eabn c\u01a1 b\u1ea3n:<\/p>\n<ul>\n<li>B\u01b0\u1edbc 1: Ch\u1ecdn form m\u00f3ng<\/li>\n<li>B\u01b0\u1edbc 2: C\u00e1ch \u0111o size m\u00f3ng<\/li>\n<\/ul>\n<p><img decoding=\"async\" loading=\"lazy\" class=\"size-full wp-image-2002 aligncenter\" src=\"https:\/\/depthoitrang.com\/lisanail\/wp-content\/uploads\/2023\/06\/cach-do-size-mong.jpg\" alt=\"\" width=\"768\" height=\"696\" srcset=\"https:\/\/pluginviet.com\/mau25\/wp-content\/uploads\/2023\/06\/cach-do-size-mong.jpg 768w, https:\/\/pluginviet.com\/mau25\/wp-content\/uploads\/2023\/06\/cach-do-size-mong-441x400.jpg 441w, https:\/\/pluginviet.com\/mau25\/wp-content\/uploads\/2023\/06\/cach-do-size-mong-600x544.jpg 600w\" sizes=\"(max-width: 768px) 100vw, 768px\" \/><\/p>\n<ul>\n<li>B\u01b0\u1edbc 3: So v\u1edbi b\u1ea3ng size m\u00f3ng<\/li>\n<\/ul>\n<p><img decoding=\"async\" loading=\"lazy\" class=\"size-full wp-image-2001 aligncenter\" src=\"https:\/\/depthoitrang.com\/lisanail\/wp-content\/uploads\/2023\/06\/bang-size-mong.jpg\" alt=\"\" width=\"768\" height=\"713\" srcset=\"https:\/\/pluginviet.com\/mau25\/wp-content\/uploads\/2023\/06\/bang-size-mong.jpg 768w, https:\/\/pluginviet.com\/mau25\/wp-content\/uploads\/2023\/06\/bang-size-mong-431x400.jpg 431w, https:\/\/pluginviet.com\/mau25\/wp-content\/uploads\/2023\/06\/bang-size-mong-600x557.jpg 600w\" sizes=\"(max-width: 768px) 100vw, 768px\" \/><\/p>\n<p><strong>C\u00e1ch d\u00e1n m\u00f3ng tay gi\u1ea3<\/strong><\/p>\n<p><u><em>\u2013 \u0110\u1ed1i v\u1edbi keo d\u00e1n Silicon<\/em><\/u><\/p>\n<p>+ Ch\u1ecdn mi\u1ebfng keo d\u00e1n v\u1eeba m\u1eb7t m\u00f3ng th\u1eadt.<\/p>\n<p>+ D\u00e1n keo v\u00e0o m\u1eb7t m\u00f3ng th\u1eadt.<\/p>\n<p>+ B\u00f3c nilon v\u00e0 d\u00e1n m\u00f3ng gi\u1ea3 v\u00e0o, mi\u1ebft ch\u1eb7t \u0111\u1ec3 t\u0103ng \u0111\u1ed9 b\u00e1m.<\/p>\n<p>*Keo d\u00e1n Silicon kh\u00f4ng ch\u1ed1ng n\u01b0\u1edbc v\u00e0 c\u00f3 \u0111\u1ed9 b\u1ec1n 1-2 ng\u00e0y<\/p>\n<p><u><em>\u2013 \u0110\u1ed1i v\u1edbi keo n\u01b0\u1edbc<\/em><\/u><\/p>\n<p>+\u00a0D\u0169a g\u1ecdn l\u1ea1i m\u00f3ng th\u1eadt \u0111\u1ec3 d\u00e1n m\u00f3ng gi\u1ea3 kh\u00f4ng b\u1ecb l\u1ed9 2 c\u1ea1nh.<\/p>\n<p>+ D\u00f9ng d\u0169a l\u00e0m s\u1ea7n b\u1ec1 m\u1eb7t m\u00f3ng th\u1eadt.<\/p>\n<p>\u0110\u1ec3 gi\u1eef \u0111\u01b0\u1ee3c m\u00f3ng l\u00e2u, B\u1ea1n l\u01b0u \u00fd ch\u00e0 s\u1ea9n k\u0129 to\u00e0n b\u1ed9 m\u00f3ng.<\/p>\n<p>N\u1ebfu ch\u1ec9 c\u00f3 nhu c\u1ea7u s\u1eed d\u1ee5ng m\u00f3ng trong th\u1eddi gian ng\u1eafn v\u00e0 mu\u1ed1n t\u00e1i\u00a0s\u1eed d\u1ee5ng nhi\u1ec1u l\u1ea7n B\u1ea1n kh\u00f4ng c\u1ea7n ch\u00e0 s\u1ea7n m\u00f3ng th\u1eadt.<\/p>\n<p>+ B\u00f4i m\u1ed9t l\u01b0\u1ee3ng keo v\u1eeba \u0111\u1ee7 v\u00e0o m\u00f3ng gi\u1ea3 sau \u0111\u00f3 \u0111\u1eb7t ch\u00e2n m\u00f3ng gi\u1ea3\u00a0\u00a0s\u00e1t v\u00e0o ch\u00e2n m\u00f3ng th\u1eadt r\u1ed3i t\u1eeb t\u1eeb \u1ea5n nh\u1eb9 m\u00f3ng gi\u1ea3 v\u00e0o m\u00f3ng th\u1eadt v\u00e0\u00a0gi\u1eef y\u00ean trong 10s.<\/p>\n<p>Khi b\u00f4i keo n\u00ean b\u00f4i v\u1eeba ph\u1ea3i, nhi\u1ec1u keo qu\u00e1 s\u1ebd b\u1ecb tr\u00e0n ra ngo\u00e0i (n\u1ebfu\u00a0\u00a0mu\u1ed1n s\u1eed d\u1ee5ng trong th\u1eddi gian ng\u1eafn, ch\u1ec9 cho \u00edt keo)<\/p>\n<p><strong>C\u00e1ch th\u00e1o m\u00f3ng gi\u1ea3 Nailbox<\/strong><\/p>\n<p>Ng\u00e2m tay v\u00e0o n\u01b0\u1edbc \u1ea5m 10 ph\u00fat r\u1ed3i c\u1ea1y t\u1eeb t\u1eeb xung quanh vi\u1ec1n m\u00f3ng v\u00e0o,\u00a0m\u00f3ng s\u1ebd t\u1eeb t\u1eeb bong ra.<\/p>\n<p>N\u1ebfu b\u1ea1n ch\u01b0a c\u00f3 \u00fd t\u01b0\u1edfng thi\u1ebft k\u1ebf n\u00e0o h\u00e3y tham kh\u1ea3o nh\u1eefng m\u1eabu Nailbox \u0111\u01b0\u1ee3c thi\u1ebft k\u1ebf s\u1eb5n b\u1edfi Lisa Nail &amp; Spa website\u00a0<a title=\"B\u1ed9 m\u00f3ng gi\u1ea3 Nailbox \u0111\u1ed3ng gi\u00e1 299,000\u0111 | Lisa Nail &amp; Spa\" href=\"https:\/\/lisanail.vn\/\">https:\/\/lisanail.vn\/nail-box\/<\/a><\/p>\n<p><u><strong>Li\u00ean h\u1ec7 \u0111\u1eb7t Nailbox<\/strong><\/u><\/p>\n<p>Vui li\u00ean h\u1ec7 Hotline:<a title=\"B\u1ed9 m\u00f3ng gi\u1ea3 Nailbox \u0111\u1ed3ng gi\u00e1 299,000\u0111 | Lisa Nail &amp; Spa\" href=\"tel: 0777776928\"><strong>\u00a00777776928<\/strong><\/a>\u00a0\u0111\u1ec3 \u0111\u01b0\u1ee3c h\u01b0\u1edbng d\u1eabn \u0111o m\u00f3ng. Lisa Nail &amp; Spa c\u00f3 nh\u1eadn \u0111\u1eb7t Nailbox theo y\u00eau c\u1ea7u!<\/p>\n<p>Fanpage Facebook:\u00a0<a title=\"B\u1ed9 m\u00f3ng gi\u1ea3 Nailbox \u0111\u1ed3ng gi\u00e1 299,000\u0111 | Lisa Nail &amp; Spa\" href=\"https:\/\/www.facebook.com\/lisanailvn\/\">https:\/\/www.facebook.com\/lisanailvn\/<\/a><\/p>\n","protected":false},"excerpt":{"rendered":"<p>B\u1ed9 m\u00f3ng gi\u1ea3 Nailbox \u0111\u1ed3ng gi\u00e1 399,000\u0111 | Ship to\u00e0n qu\u1ed1c. Bao g\u1ed3m:<\/p>\n<ul>\n<li>10 m\u00f3ng gi\u1ea3<\/li>\n<li>H\u01b0\u1edbng d\u1eabn s\u1eed d\u1ee5ng<\/li>\n<li>Gel d\u00e1n<\/li>\n<li>B\u0103ng d\u00e1n d\u00ednh<\/li>\n<\/ul>\n<p><u><strong>L\u01b0u \u00fd:<\/strong><\/u>\u00a0Vui li\u00ean h\u1ec7 Hotline:<a title=\"B\u1ed9 m\u00f3ng gi\u1ea3 Nailbox \u0111\u1ed3ng gi\u00e1 399,000\u0111 | Lisa Nail &amp; Spa\" href=\"tel: 0777776928\"><strong>\u00a00777776928<\/strong><\/a>\u00a0\u0111\u1ec3 \u0111\u01b0\u1ee3c h\u01b0\u1edbng d\u1eabn \u0111o m\u00f3ng. Lisa Nail &amp; Spa c\u00f3 nh\u1eadn \u0111\u1eb7t Nailbox theo y\u00eau c\u1ea7u<\/p>\n","protected":false},"featured_media":2129,"comment_status":"open","ping_status":"closed","template":"","meta":[],"product_cat":[249],"product_tag":[],"yoast_head":"<!-- This site is optimized with the Yoast SEO plugin v20.13 - https:\/\/yoast.com\/wordpress\/plugins\/seo\/ -->\n<title>B\u1ed9 m\u00f3ng gi\u1ea3 Nailbox \u0111\u1ed3ng gi\u00e1 399,000\u0111 - LISA NAIL &amp; SPA<\/title>\n<meta name=\"robots\" content=\"index, follow, max-snippet:-1, max-image-preview:large, max-video-preview:-1\" \/>\n<link rel=\"canonical\" href=\"https:\/\/pluginviet.com\/mau25\/san-pham\/bo-mong-gia-nailbox-dong-gia-399000d\/\" \/>\n<meta property=\"og:locale\" content=\"vi_VN\" \/>\n<meta property=\"og:type\" content=\"article\" \/>\n<meta property=\"og:title\" content=\"B\u1ed9 m\u00f3ng gi\u1ea3 Nailbox \u0111\u1ed3ng gi\u00e1 399,000\u0111 - LISA NAIL &amp; SPA\" \/>\n<meta property=\"og:description\" content=\"B\u1ed9 m\u00f3ng gi\u1ea3 Nailbox \u0111\u1ed3ng gi\u00e1 399,000\u0111 | Ship to\u00e0n qu\u1ed1c. Bao g\u1ed3m:   10 m\u00f3ng gi\u1ea3  H\u01b0\u1edbng d\u1eabn s\u1eed d\u1ee5ng  Gel d\u00e1n  B\u0103ng d\u00e1n d\u00ednh  L\u01b0u \u00fd:\u00a0Vui li\u00ean h\u1ec7 Hotline:\u00a00777776928\u00a0\u0111\u1ec3 \u0111\u01b0\u1ee3c h\u01b0\u1edbng d\u1eabn \u0111o m\u00f3ng. Lisa Nail &amp; Spa c\u00f3 nh\u1eadn \u0111\u1eb7t Nailbox theo y\u00eau c\u1ea7u\" \/>\n<meta property=\"og:url\" content=\"https:\/\/pluginviet.com\/mau25\/san-pham\/bo-mong-gia-nailbox-dong-gia-399000d\/\" \/>\n<meta property=\"og:site_name\" content=\"LISA NAIL &amp; SPA\" \/>\n<meta property=\"article:modified_time\" content=\"2023-06-05T16:46:50+00:00\" \/>\n<meta property=\"og:image\" content=\"https:\/\/pluginviet.com\/mau25\/wp-content\/uploads\/2023\/06\/nailbox-14.jpg\" \/>\n\t<meta property=\"og:image:width\" content=\"600\" \/>\n\t<meta property=\"og:image:height\" content=\"800\" \/>\n\t<meta property=\"og:image:type\" content=\"image\/jpeg\" \/>\n<meta name=\"twitter:card\" content=\"summary_large_image\" \/>\n<meta name=\"twitter:label1\" content=\"\u01af\u1edbc t\u00ednh th\u1eddi gian \u0111\u1ecdc\" \/>\n\t<meta name=\"twitter:data1\" content=\"3 ph\u00fat\" \/>\n<script type=\"application\/ld+json\" class=\"yoast-schema-graph\">{\"@context\":\"https:\/\/schema.org\",\"@graph\":[{\"@type\":\"WebPage\",\"@id\":\"https:\/\/pluginviet.com\/mau25\/san-pham\/bo-mong-gia-nailbox-dong-gia-399000d\/\",\"url\":\"https:\/\/pluginviet.com\/mau25\/san-pham\/bo-mong-gia-nailbox-dong-gia-399000d\/\",\"name\":\"B\u1ed9 m\u00f3ng gi\u1ea3 Nailbox \u0111\u1ed3ng gi\u00e1 399,000\u0111 - LISA NAIL &amp; SPA\",\"isPartOf\":{\"@id\":\"https:\/\/pluginviet.com\/mau25\/#website\"},\"datePublished\":\"2023-06-05T10:35:32+00:00\",\"dateModified\":\"2023-06-05T16:46:50+00:00\",\"breadcrumb\":{\"@id\":\"https:\/\/pluginviet.com\/mau25\/san-pham\/bo-mong-gia-nailbox-dong-gia-399000d\/#breadcrumb\"},\"inLanguage\":\"vi\",\"potentialAction\":[{\"@type\":\"ReadAction\",\"target\":[\"https:\/\/pluginviet.com\/mau25\/san-pham\/bo-mong-gia-nailbox-dong-gia-399000d\/\"]}]},{\"@type\":\"BreadcrumbList\",\"@id\":\"https:\/\/pluginviet.com\/mau25\/san-pham\/bo-mong-gia-nailbox-dong-gia-399000d\/#breadcrumb\",\"itemListElement\":[{\"@type\":\"ListItem\",\"position\":1,\"name\":\"Trang ch\u1ee7\",\"item\":\"https:\/\/pluginviet.com\/mau25\/\"},{\"@type\":\"ListItem\",\"position\":2,\"name\":\"Shop\",\"item\":\"https:\/\/pluginviet.com\/mau25\/shop\/\"},{\"@type\":\"ListItem\",\"position\":3,\"name\":\"Nail box\",\"item\":\"https:\/\/pluginviet.com\/mau25\/product-category\/nail-box\/\"},{\"@type\":\"ListItem\",\"position\":4,\"name\":\"B\u1ed9 m\u00f3ng gi\u1ea3 Nailbox \u0111\u1ed3ng gi\u00e1 399,000\u0111\"}]},{\"@type\":\"WebSite\",\"@id\":\"https:\/\/pluginviet.com\/mau25\/#website\",\"url\":\"https:\/\/pluginviet.com\/mau25\/\",\"name\":\"LISA NAIL &amp; SPA\",\"description\":\"\",\"potentialAction\":[{\"@type\":\"SearchAction\",\"target\":{\"@type\":\"EntryPoint\",\"urlTemplate\":\"https:\/\/pluginviet.com\/mau25\/?s={search_term_string}\"},\"query-input\":\"required name=search_term_string\"}],\"inLanguage\":\"vi\"}]}<\/script>\n<!-- \/ Yoast SEO plugin. -->","yoast_head_json":{"title":"B\u1ed9 m\u00f3ng gi\u1ea3 Nailbox \u0111\u1ed3ng gi\u00e1 399,000\u0111 - LISA NAIL &amp; SPA","robots":{"index":"index","follow":"follow","max-snippet":"max-snippet:-1","max-image-preview":"max-image-preview:large","max-video-preview":"max-video-preview:-1"},"canonical":"https:\/\/pluginviet.com\/mau25\/san-pham\/bo-mong-gia-nailbox-dong-gia-399000d\/","og_locale":"vi_VN","og_type":"article","og_title":"B\u1ed9 m\u00f3ng gi\u1ea3 Nailbox \u0111\u1ed3ng gi\u00e1 399,000\u0111 - LISA NAIL &amp; SPA","og_description":"B\u1ed9 m\u00f3ng gi\u1ea3 Nailbox \u0111\u1ed3ng gi\u00e1 399,000\u0111 | Ship to\u00e0n qu\u1ed1c. Bao g\u1ed3m:   10 m\u00f3ng gi\u1ea3  H\u01b0\u1edbng d\u1eabn s\u1eed d\u1ee5ng  Gel d\u00e1n  B\u0103ng d\u00e1n d\u00ednh  L\u01b0u \u00fd:\u00a0Vui li\u00ean h\u1ec7 Hotline:\u00a00777776928\u00a0\u0111\u1ec3 \u0111\u01b0\u1ee3c h\u01b0\u1edbng d\u1eabn \u0111o m\u00f3ng. Lisa Nail &amp; Spa c\u00f3 nh\u1eadn \u0111\u1eb7t Nailbox theo y\u00eau c\u1ea7u","og_url":"https:\/\/pluginviet.com\/mau25\/san-pham\/bo-mong-gia-nailbox-dong-gia-399000d\/","og_site_name":"LISA NAIL &amp; SPA","article_modified_time":"2023-06-05T16:46:50+00:00","og_image":[{"width":600,"height":800,"url":"https:\/\/pluginviet.com\/mau25\/wp-content\/uploads\/2023\/06\/nailbox-14.jpg","type":"image\/jpeg"}],"twitter_card":"summary_large_image","twitter_misc":{"\u01af\u1edbc t\u00ednh th\u1eddi gian \u0111\u1ecdc":"3 ph\u00fat"},"schema":{"@context":"https:\/\/schema.org","@graph":[{"@type":"WebPage","@id":"https:\/\/pluginviet.com\/mau25\/san-pham\/bo-mong-gia-nailbox-dong-gia-399000d\/","url":"https:\/\/pluginviet.com\/mau25\/san-pham\/bo-mong-gia-nailbox-dong-gia-399000d\/","name":"B\u1ed9 m\u00f3ng gi\u1ea3 Nailbox \u0111\u1ed3ng gi\u00e1 399,000\u0111 - LISA NAIL &amp; SPA","isPartOf":{"@id":"https:\/\/pluginviet.com\/mau25\/#website"},"datePublished":"2023-06-05T10:35:32+00:00","dateModified":"2023-06-05T16:46:50+00:00","breadcrumb":{"@id":"https:\/\/pluginviet.com\/mau25\/san-pham\/bo-mong-gia-nailbox-dong-gia-399000d\/#breadcrumb"},"inLanguage":"vi","potentialAction":[{"@type":"ReadAction","target":["https:\/\/pluginviet.com\/mau25\/san-pham\/bo-mong-gia-nailbox-dong-gia-399000d\/"]}]},{"@type":"BreadcrumbList","@id":"https:\/\/pluginviet.com\/mau25\/san-pham\/bo-mong-gia-nailbox-dong-gia-399000d\/#breadcrumb","itemListElement":[{"@type":"ListItem","position":1,"name":"Trang ch\u1ee7","item":"https:\/\/pluginviet.com\/mau25\/"},{"@type":"ListItem","position":2,"name":"Shop","item":"https:\/\/pluginviet.com\/mau25\/shop\/"},{"@type":"ListItem","position":3,"name":"Nail box","item":"https:\/\/pluginviet.com\/mau25\/product-category\/nail-box\/"},{"@type":"ListItem","position":4,"name":"B\u1ed9 m\u00f3ng gi\u1ea3 Nailbox \u0111\u1ed3ng gi\u00e1 399,000\u0111"}]},{"@type":"WebSite","@id":"https:\/\/pluginviet.com\/mau25\/#website","url":"https:\/\/pluginviet.com\/mau25\/","name":"LISA NAIL &amp; SPA","description":"","potentialAction":[{"@type":"SearchAction","target":{"@type":"EntryPoint","urlTemplate":"https:\/\/pluginviet.com\/mau25\/?s={search_term_string}"},"query-input":"required name=search_term_string"}],"inLanguage":"vi"}]}},"_links":{"self":[{"href":"https:\/\/pluginviet.com\/mau25\/wp-json\/wp\/v2\/product\/2003"}],"collection":[{"href":"https:\/\/pluginviet.com\/mau25\/wp-json\/wp\/v2\/product"}],"about":[{"href":"https:\/\/pluginviet.com\/mau25\/wp-json\/wp\/v2\/types\/product"}],"replies":[{"embeddable":true,"href":"https:\/\/pluginviet.com\/mau25\/wp-json\/wp\/v2\/comments?post=2003"}],"wp:featuredmedia":[{"embeddable":true,"href":"https:\/\/pluginviet.com\/mau25\/wp-json\/wp\/v2\/media\/2129"}],"wp:attachment":[{"href":"https:\/\/pluginviet.com\/mau25\/wp-json\/wp\/v2\/media?parent=2003"}],"wp:term":[{"taxonomy":"product_cat","embeddable":true,"href":"https:\/\/pluginviet.com\/mau25\/wp-json\/wp\/v2\/product_cat?post=2003"},{"taxonomy":"product_tag","embeddable":true,"href":"https:\/\/pluginviet.com\/mau25\/wp-json\/wp\/v2\/product_tag?post=2003"}],"curies":[{"name":"wp","href":"https:\/\/api.w.org\/{rel}","templated":true}]}}