{"id":2401,"date":"2023-08-04T23:38:55","date_gmt":"2023-08-04T23:38:55","guid":{"rendered":"https:\/\/depthoitrang.com\/lisanail\/?page_id=2401"},"modified":"2023-08-04T23:44:16","modified_gmt":"2023-08-04T23:44:16","slug":"feedback-en","status":"publish","type":"page","link":"https:\/\/pluginviet.com\/mau25\/en\/feedback-en\/","title":{"rendered":"Feedback en"},"content":{"rendered":"<div class=\"row row_feedback\"  id=\"row-1855870186\">\n\n\t<div id=\"col-427096373\" class=\"col medium-6 small-12 large-6\"  >\n\t\t\t\t<div class=\"col-inner\"  >\n\t\t\t\n\t\t\t\n\t<div class=\"box has-hover   has-hover box-text-bottom\" >\n\n\t\t<div class=\"box-image\" style=\"border-radius:2%;\">\n\t\t\t<a href=\"#1\"  >\t\t\t<div class=\"\" >\n\t\t\t\t<img width=\"610\" height=\"380\" src=\"https:\/\/pluginviet.com\/mau25\/wp-content\/uploads\/2023\/06\/hot-tiktoker-hy-khi-duong-duong.png\" class=\"attachment- size-\" alt=\"\" decoding=\"async\" loading=\"lazy\" srcset=\"https:\/\/pluginviet.com\/mau25\/wp-content\/uploads\/2023\/06\/hot-tiktoker-hy-khi-duong-duong.png 610w, https:\/\/pluginviet.com\/mau25\/wp-content\/uploads\/2023\/06\/hot-tiktoker-hy-khi-duong-duong-600x374.png 600w\" sizes=\"(max-width: 610px) 100vw, 610px\" \/>\t\t\t\t\t\t\t\t\t\t\t<\/div>\n\t\t\t<\/a>\t\t<\/div>\n\n\t\t<div class=\"box-text text-center\" >\n\t\t\t<div class=\"box-text-inner\">\n\t\t\t\t\n<h3>Review ti\u1ec7m nails &amp; spa g\u1ed9i \u0111\u1ea7u d\u01b0\u1ee1ng sinh Qu\u1eadn 3 : Hot tiktoker H\u1ef7 Kh\u00ed D\u01b0\u01a1ng D\u01b0\u01a1ng<\/h3>\n\t\t\t<\/div>\n\t\t<\/div>\n\t<\/div>\n\t\n\t\t<\/div>\n\t\t\t\t\t<\/div>\n\n\t\n\n\t<div id=\"col-185278113\" class=\"col medium-6 small-12 large-6\"  >\n\t\t\t\t<div class=\"col-inner\"  >\n\t\t\t\n\t\t\t\n\t<div class=\"box has-hover   has-hover box-text-bottom\" >\n\n\t\t<div class=\"box-image\" style=\"border-radius:2%;\">\n\t\t\t<a href=\"#1\"  >\t\t\t<div class=\"\" >\n\t\t\t\t<img width=\"610\" height=\"380\" src=\"https:\/\/pluginviet.com\/mau25\/wp-content\/uploads\/2023\/06\/hot-tiktoker-phuong-min.png\" class=\"attachment- size-\" alt=\"\" decoding=\"async\" loading=\"lazy\" srcset=\"https:\/\/pluginviet.com\/mau25\/wp-content\/uploads\/2023\/06\/hot-tiktoker-phuong-min.png 610w, https:\/\/pluginviet.com\/mau25\/wp-content\/uploads\/2023\/06\/hot-tiktoker-phuong-min-600x374.png 600w\" sizes=\"(max-width: 610px) 100vw, 610px\" \/>\t\t\t\t\t\t\t\t\t\t\t<\/div>\n\t\t\t<\/a>\t\t<\/div>\n\n\t\t<div class=\"box-text text-center\" >\n\t\t\t<div class=\"box-text-inner\">\n\t\t\t\t\n<h3>Review ti\u1ec7m nails \u0111\u1eb9p &amp; spa g\u1ed9i \u0111\u1ea7u d\u01b0\u1ee1ng sinh Q3, Q1 HCM : Hot tiktoker Ph\u01b0\u01a1ng Min<\/h3>\n\t\t\t<\/div>\n\t\t<\/div>\n\t<\/div>\n\t\n\t\t<\/div>\n\t\t\t\t\t<\/div>\n\n\t\n\n\t<div id=\"col-769421636\" class=\"col medium-6 small-12 large-6\"  >\n\t\t\t\t<div class=\"col-inner\"  >\n\t\t\t\n\t\t\t\n\t<div class=\"box has-hover   has-hover box-text-bottom\" >\n\n\t\t<div class=\"box-image\" style=\"border-radius:2%;\">\n\t\t\t<a href=\"#1\"  >\t\t\t<div class=\"\" >\n\t\t\t\t<img width=\"610\" height=\"380\" src=\"https:\/\/pluginviet.com\/mau25\/wp-content\/uploads\/2023\/06\/vinh-thich-an-ngon.png\" class=\"attachment- size-\" alt=\"\" decoding=\"async\" loading=\"lazy\" srcset=\"https:\/\/pluginviet.com\/mau25\/wp-content\/uploads\/2023\/06\/vinh-thich-an-ngon.png 610w, https:\/\/pluginviet.com\/mau25\/wp-content\/uploads\/2023\/06\/vinh-thich-an-ngon-600x374.png 600w\" sizes=\"(max-width: 610px) 100vw, 610px\" \/>\t\t\t\t\t\t\t\t\t\t\t<\/div>\n\t\t\t<\/a>\t\t<\/div>\n\n\t\t<div class=\"box-text text-center\" >\n\t\t\t<div class=\"box-text-inner\">\n\t\t\t\t\n<h3>B\u1ea1n n\u00e0o hay b\u1ecb m\u1ec7t m\u1ecfi h\u00e3y \u0111\u1ebfn Lisa Nail &amp; Spa G\u1ed9i \u0111\u1ea7u d\u01b0\u1ee1ng sinh c\u00f9ng V\u0129nh Th\u00edch \u0102n Ngon<\/h3>\n\t\t\t<\/div>\n\t\t<\/div>\n\t<\/div>\n\t\n\t\t<\/div>\n\t\t\t\t\t<\/div>\n\n\t\n\n\t<div id=\"col-1356634663\" class=\"col medium-6 small-12 large-6\"  >\n\t\t\t\t<div class=\"col-inner\"  >\n\t\t\t\n\t\t\t\n\t<div class=\"box has-hover   has-hover box-text-bottom\" >\n\n\t\t<div class=\"box-image\" style=\"border-radius:2%;\">\n\t\t\t<a href=\"#1\"  >\t\t\t<div class=\"\" >\n\t\t\t\t<img width=\"610\" height=\"380\" src=\"https:\/\/pluginviet.com\/mau25\/wp-content\/uploads\/2023\/06\/truc-quynh-jun-mi.png\" class=\"attachment- size-\" alt=\"\" decoding=\"async\" loading=\"lazy\" srcset=\"https:\/\/pluginviet.com\/mau25\/wp-content\/uploads\/2023\/06\/truc-quynh-jun-mi.png 610w, https:\/\/pluginviet.com\/mau25\/wp-content\/uploads\/2023\/06\/truc-quynh-jun-mi-600x374.png 600w\" sizes=\"(max-width: 610px) 100vw, 610px\" \/>\t\t\t\t\t\t\t\t\t\t\t<\/div>\n\t\t\t<\/a>\t\t<\/div>\n\n\t\t<div class=\"box-text text-center\" >\n\t\t\t<div class=\"box-text-inner\">\n\t\t\t\t\n<h3>G\u1ed9i \u0111\u1ea7u d\u01b0\u1ee1ng sinh, l\u00e0m nail, ch\u00e0 g\u00f3t ch\u00e2n \u1edf \u0111\u00e2u ? Trucquynhjunmi<\/h3>\n\t\t\t<\/div>\n\t\t<\/div>\n\t<\/div>\n\t\n\t\t<\/div>\n\t\t\t\t\t<\/div>\n\n\t\n\n\t<div id=\"col-77117485\" class=\"col medium-6 small-12 large-6\"  >\n\t\t\t\t<div class=\"col-inner\"  >\n\t\t\t\n\t\t\t\n\t<div class=\"box has-hover   has-hover box-text-bottom\" >\n\n\t\t<div class=\"box-image\" style=\"border-radius:2%;\">\n\t\t\t<a href=\"#1\"  >\t\t\t<div class=\"\" >\n\t\t\t\t<img width=\"610\" height=\"380\" src=\"https:\/\/pluginviet.com\/mau25\/wp-content\/uploads\/2023\/06\/vy-pham-dung-gee.png\" class=\"attachment- size-\" alt=\"\" decoding=\"async\" loading=\"lazy\" srcset=\"https:\/\/pluginviet.com\/mau25\/wp-content\/uploads\/2023\/06\/vy-pham-dung-gee.png 610w, https:\/\/pluginviet.com\/mau25\/wp-content\/uploads\/2023\/06\/vy-pham-dung-gee-600x374.png 600w\" sizes=\"(max-width: 610px) 100vw, 610px\" \/>\t\t\t\t\t\t\t\t\t\t\t<\/div>\n\t\t\t<\/a>\t\t<\/div>\n\n\t\t<div class=\"box-text text-center\" >\n\t\t\t<div class=\"box-text-inner\">\n\t\t\t\t\n<h3>Review ti\u1ec7m nails \u0111\u1eb9p &amp; spa g\u1ed9i \u0111\u1ea7u d\u01b0\u1ee1ng sinh Q1 HCM &#8211; Vy Ph\u1ea1m &amp; D\u0169ng Gee<\/h3>\n\t\t\t<\/div>\n\t\t<\/div>\n\t<\/div>\n\t\n\t\t<\/div>\n\t\t\t\t\t<\/div>\n\n\t\n\n\t<div id=\"col-1784364181\" class=\"col medium-6 small-12 large-6\"  >\n\t\t\t\t<div class=\"col-inner\"  >\n\t\t\t\n\t\t\t\n\t<div class=\"box has-hover   has-hover box-text-bottom\" >\n\n\t\t<div class=\"box-image\" style=\"border-radius:2%;\">\n\t\t\t<a href=\"#1\"  >\t\t\t<div class=\"\" >\n\t\t\t\t<img width=\"610\" height=\"380\" src=\"https:\/\/pluginviet.com\/mau25\/wp-content\/uploads\/2023\/06\/hot-tiktoker-lou-le.png\" class=\"attachment- size-\" alt=\"\" decoding=\"async\" loading=\"lazy\" srcset=\"https:\/\/pluginviet.com\/mau25\/wp-content\/uploads\/2023\/06\/hot-tiktoker-lou-le.png 610w, https:\/\/pluginviet.com\/mau25\/wp-content\/uploads\/2023\/06\/hot-tiktoker-lou-le-600x374.png 600w\" sizes=\"(max-width: 610px) 100vw, 610px\" \/>\t\t\t\t\t\t\t\t\t\t\t<\/div>\n\t\t\t<\/a>\t\t<\/div>\n\n\t\t<div class=\"box-text text-center\" >\n\t\t\t<div class=\"box-text-inner\">\n\t\t\t\t\n<h3>Review ti\u1ec7m nail &amp; spa g\u1ed9i \u0111\u1ea7u d\u01b0\u1ee1ng sinh qu\u1eadn 1, qu\u1eadn 3 TPHCM : Hot tiktoker Lou L\u00ea<\/h3>\n\t\t\t<\/div>\n\t\t<\/div>\n\t<\/div>\n\t\n\t\t<\/div>\n\t\t\t\t\t<\/div>\n\n\t\n<\/div>\n","protected":false},"excerpt":{"rendered":"","protected":false},"author":1,"featured_media":0,"parent":0,"menu_order":0,"comment_status":"closed","ping_status":"closed","template":"","meta":{"footnotes":""},"yoast_head":"<!-- This site is optimized with the Yoast SEO plugin v20.13 - https:\/\/yoast.com\/wordpress\/plugins\/seo\/ -->\n<title>LISA NAIL &amp; SPA<\/title>\n<meta name=\"robots\" content=\"index, follow, max-snippet:-1, max-image-preview:large, max-video-preview:-1\" \/>\n<link rel=\"canonical\" href=\"https:\/\/pluginviet.com\/mau25\/en\/feedback-en\/\" \/>\n<meta property=\"og:locale\" content=\"vi_VN\" \/>\n<meta property=\"og:type\" content=\"article\" \/>\n<meta property=\"og:title\" content=\"LISA NAIL &amp; SPA\" \/>\n<meta property=\"og:url\" content=\"https:\/\/pluginviet.com\/mau25\/en\/feedback-en\/\" \/>\n<meta property=\"og:site_name\" content=\"LISA NAIL &amp; SPA\" \/>\n<meta property=\"article:modified_time\" content=\"2023-08-04T23:44:16+00:00\" \/>\n<meta name=\"twitter:card\" content=\"summary_large_image\" \/>\n<meta name=\"twitter:label1\" content=\"\u01af\u1edbc t\u00ednh th\u1eddi gian \u0111\u1ecdc\" \/>\n\t<meta name=\"twitter:data1\" content=\"1 ph\u00fat\" \/>\n<script type=\"application\/ld+json\" class=\"yoast-schema-graph\">{\"@context\":\"https:\/\/schema.org\",\"@graph\":[{\"@type\":\"WebPage\",\"@id\":\"https:\/\/pluginviet.com\/mau25\/en\/feedback-en\/\",\"url\":\"https:\/\/pluginviet.com\/mau25\/en\/feedback-en\/\",\"name\":\"LISA NAIL &amp; SPA\",\"isPartOf\":{\"@id\":\"https:\/\/pluginviet.com\/mau25\/#website\"},\"datePublished\":\"2023-08-04T23:38:55+00:00\",\"dateModified\":\"2023-08-04T23:44:16+00:00\",\"breadcrumb\":{\"@id\":\"https:\/\/pluginviet.com\/mau25\/en\/feedback-en\/#breadcrumb\"},\"inLanguage\":\"vi\",\"potentialAction\":[{\"@type\":\"ReadAction\",\"target\":[\"https:\/\/pluginviet.com\/mau25\/en\/feedback-en\/\"]}]},{\"@type\":\"BreadcrumbList\",\"@id\":\"https:\/\/pluginviet.com\/mau25\/en\/feedback-en\/#breadcrumb\",\"itemListElement\":[{\"@type\":\"ListItem\",\"position\":1,\"name\":\"Trang ch\u1ee7\",\"item\":\"https:\/\/pluginviet.com\/mau25\/\"},{\"@type\":\"ListItem\",\"position\":2,\"name\":\"Feedback en\"}]},{\"@type\":\"WebSite\",\"@id\":\"https:\/\/pluginviet.com\/mau25\/#website\",\"url\":\"https:\/\/pluginviet.com\/mau25\/\",\"name\":\"LISA NAIL &amp; SPA\",\"description\":\"\",\"potentialAction\":[{\"@type\":\"SearchAction\",\"target\":{\"@type\":\"EntryPoint\",\"urlTemplate\":\"https:\/\/pluginviet.com\/mau25\/?s={search_term_string}\"},\"query-input\":\"required name=search_term_string\"}],\"inLanguage\":\"vi\"}]}<\/script>\n<!-- \/ Yoast SEO plugin. -->","yoast_head_json":{"title":"LISA NAIL &amp; SPA","robots":{"index":"index","follow":"follow","max-snippet":"max-snippet:-1","max-image-preview":"max-image-preview:large","max-video-preview":"max-video-preview:-1"},"canonical":"https:\/\/pluginviet.com\/mau25\/en\/feedback-en\/","og_locale":"vi_VN","og_type":"article","og_title":"LISA NAIL &amp; SPA","og_url":"https:\/\/pluginviet.com\/mau25\/en\/feedback-en\/","og_site_name":"LISA NAIL &amp; SPA","article_modified_time":"2023-08-04T23:44:16+00:00","twitter_card":"summary_large_image","twitter_misc":{"\u01af\u1edbc t\u00ednh th\u1eddi gian \u0111\u1ecdc":"1 ph\u00fat"},"schema":{"@context":"https:\/\/schema.org","@graph":[{"@type":"WebPage","@id":"https:\/\/pluginviet.com\/mau25\/en\/feedback-en\/","url":"https:\/\/pluginviet.com\/mau25\/en\/feedback-en\/","name":"LISA NAIL &amp; SPA","isPartOf":{"@id":"https:\/\/pluginviet.com\/mau25\/#website"},"datePublished":"2023-08-04T23:38:55+00:00","dateModified":"2023-08-04T23:44:16+00:00","breadcrumb":{"@id":"https:\/\/pluginviet.com\/mau25\/en\/feedback-en\/#breadcrumb"},"inLanguage":"vi","potentialAction":[{"@type":"ReadAction","target":["https:\/\/pluginviet.com\/mau25\/en\/feedback-en\/"]}]},{"@type":"BreadcrumbList","@id":"https:\/\/pluginviet.com\/mau25\/en\/feedback-en\/#breadcrumb","itemListElement":[{"@type":"ListItem","position":1,"name":"Trang ch\u1ee7","item":"https:\/\/pluginviet.com\/mau25\/"},{"@type":"ListItem","position":2,"name":"Feedback en"}]},{"@type":"WebSite","@id":"https:\/\/pluginviet.com\/mau25\/#website","url":"https:\/\/pluginviet.com\/mau25\/","name":"LISA NAIL &amp; SPA","description":"","potentialAction":[{"@type":"SearchAction","target":{"@type":"EntryPoint","urlTemplate":"https:\/\/pluginviet.com\/mau25\/?s={search_term_string}"},"query-input":"required name=search_term_string"}],"inLanguage":"vi"}]}},"lang":"en","translations":{"en":2401,"vi":1922},"pll_sync_post":[],"_links":{"self":[{"href":"https:\/\/pluginviet.com\/mau25\/wp-json\/wp\/v2\/pages\/2401"}],"collection":[{"href":"https:\/\/pluginviet.com\/mau25\/wp-json\/wp\/v2\/pages"}],"about":[{"href":"https:\/\/pluginviet.com\/mau25\/wp-json\/wp\/v2\/types\/page"}],"author":[{"embeddable":true,"href":"https:\/\/pluginviet.com\/mau25\/wp-json\/wp\/v2\/users\/1"}],"replies":[{"embeddable":true,"href":"https:\/\/pluginviet.com\/mau25\/wp-json\/wp\/v2\/comments?post=2401"}],"version-history":[{"count":2,"href":"https:\/\/pluginviet.com\/mau25\/wp-json\/wp\/v2\/pages\/2401\/revisions"}],"predecessor-version":[{"id":2412,"href":"https:\/\/pluginviet.com\/mau25\/wp-json\/wp\/v2\/pages\/2401\/revisions\/2412"}],"wp:attachment":[{"href":"https:\/\/pluginviet.com\/mau25\/wp-json\/wp\/v2\/media?parent=2401"}],"curies":[{"name":"wp","href":"https:\/\/api.w.org\/{rel}","templated":true}]}}