{"id":1944,"date":"2023-06-05T09:56:29","date_gmt":"2023-06-05T09:56:29","guid":{"rendered":"https:\/\/depthoitrang.com\/lisanail\/?page_id=1944"},"modified":"2023-06-05T09:59:29","modified_gmt":"2023-06-05T09:59:29","slug":"dao-tao-goi-dau","status":"publish","type":"page","link":"https:\/\/pluginviet.com\/mau25\/dao-tao-goi-dau\/","title":{"rendered":"\u0110\u00e0o t\u1ea1o g\u1ed9i \u0111\u1ea7u"},"content":{"rendered":"<h1 class=\"m-bottom-5 fw-bold\">KHO\u00c1 H\u1eccC \u0110\u00c0O T\u1ea0O G\u1ed8I \u0110\u1ea6U D\u01af\u1ee0NG SINH MASSAGE CHUY\u00caN NGHI\u1ec6P<\/h1>\n<p><img decoding=\"async\" loading=\"lazy\" class=\"size-full wp-image-1947 aligncenter\" src=\"https:\/\/depthoitrang.com\/lisanail\/wp-content\/uploads\/2023\/06\/dang-ki-khoa-hoc-goi-dau-duong-sinh-2.jpg\" alt=\"\" width=\"1240\" height=\"300\" srcset=\"https:\/\/pluginviet.com\/mau25\/wp-content\/uploads\/2023\/06\/dang-ki-khoa-hoc-goi-dau-duong-sinh-2.jpg 1240w, https:\/\/pluginviet.com\/mau25\/wp-content\/uploads\/2023\/06\/dang-ki-khoa-hoc-goi-dau-duong-sinh-2-800x194.jpg 800w, https:\/\/pluginviet.com\/mau25\/wp-content\/uploads\/2023\/06\/dang-ki-khoa-hoc-goi-dau-duong-sinh-2-768x186.jpg 768w, https:\/\/pluginviet.com\/mau25\/wp-content\/uploads\/2023\/06\/dang-ki-khoa-hoc-goi-dau-duong-sinh-2-600x145.jpg 600w\" sizes=\"(max-width: 1240px) 100vw, 1240px\" \/><\/p>\n<p>Hi\u1ec7n nay,\u00a0<strong>G\u1ed9i \u0110\u1ea7u D\u01b0\u1ee1ng Sinh Massage<\/strong>\u00a0\u0111ang l\u00e0 m\u1ed9t ngh\u1ec1 kh\u00e1 \u201chot\u201d nh\u1eadn \u0111\u01b0\u1ee3c kh\u00e1 nhi\u1ec1u s\u1ef1 quan t\u00e2m c\u1ee7a c\u00e1c b\u1ea1n tr\u1ebb c\u00f3 ni\u1ec1m \u0111am m\u00ea v\u1edbi ng\u00e0nh Spa Th\u1ea9m M\u1ef9. Tuy nhi\u00ean, ph\u01b0\u01a1ng ph\u00e1p n\u00e0y \u0111\u00f2i h\u1ecfi r\u1ea5t nhi\u1ec1u y\u1ebfu t\u1ed1 k\u1ef9 thu\u1eadt n\u00ean mu\u1ed1n th\u00e0nh c\u00f4ng th\u00ec h\u1ecdc vi\u00ean ph\u1ea3i l\u1ef1a ch\u1ecdn h\u1ecdc t\u1ea1i trung t\u00e2m \u0111\u00e0o t\u1ea1o uy t\u00edn, chuy\u00ean nghi\u1ec7p. Ch\u00ednh v\u00ec th\u1ebf, KHO\u00c1 H\u1eccC \u0110\u00c0O T\u1ea0O G\u1ed8I \u0110\u1ea6U D\u01af\u1ee0NG SINH MASSAGE CHUY\u00caN NGHI\u1ec6P si\u00eau h\u1ea5p d\u1eabn c\u1ee7a Lisa Nail &amp; Spa ra \u0111\u1eddi trang b\u1ecb cho b\u1ea1n nh\u1eefng ki\u1ebfn th\u1ee9c c\u1ea7n thi\u1ebft nh\u1ea5t v\u1ec1 ch\u0103m s\u00f3c t\u00f3c, bao g\u1ed3m quy tr\u00ecnh g\u1ed9i \u0111\u1ea7u, k\u1ef9 thu\u1eadt b\u1ea5m huy\u1ec7t, xoa b\u00f3p\u2026 k\u1ebft h\u1ee3p h\u00e0i h\u00f2a v\u1edbi massage tr\u1ecb li\u1ec7u cho to\u00e0n b\u1ed9 v\u00f9ng \u0111\u1ea7u, vai g\u00e1y, m\u1eb7t\u2026, \u0111em \u0111\u1ebfn nh\u1eefng l\u1ee3i \u00edch tuy\u1ec7t v\u1eddi v\u1ec1 s\u1ee9c kh\u1ecfe th\u1ec3 ch\u1ea5t v\u00e0 tinh th\u1ea7n.<\/p>\n<p><strong>GI\u1edaI THI\u1ec6U PH\u01af\u01a0NG PH\u00c1P G\u1ed8I \u0110\u1ea6U D\u01af\u1ee0NG SINH<\/strong><\/p>\n<p><strong>G\u1ed9i \u0110\u1ea7u D\u01b0\u1ee1ng Sinh Massage<\/strong>\u00a0l\u00e0 ph\u01b0\u01a1ng ph\u00e1p ch\u0103m s\u00f3c t\u00f3c v\u00e0 da d\u1ea7u k\u1ebft h\u1ee3p v\u1edbi vi\u1ec7c m\u00e1t xa, tr\u1ecb li\u1ec7u to\u00e0n v\u00f9ng \u0111\u1ea7u, vai g\u00e1y, c\u1ed5, l\u01b0ng, m\u1eb7t. Sau \u0111\u00f3 l\u00e0 l\u00e0m s\u1ea1ch b\u1eb1ng c\u00e1c d\u1ea7u g\u1ed9i th\u1ea3o d\u01b0\u1ee3c chi\u1ebft xu\u1ea5t t\u1eeb thi\u00ean nhi\u00ean nh\u01b0 s\u1ea3, b\u1ed3 k\u1ebft, v\u1ecf b\u01b0\u1edfi, qu\u1ebf,\u2026mang \u0111\u1ebfn nhi\u1ec1u l\u1ee3i \u00edch cho tinh th\u1ea7n v\u00e0 s\u1ee9c kh\u1ecfe, v\u1eeba c\u1ea3i thi\u1ec7n \u0111\u1ed9 m\u01b0\u1ee3t m\u00e0, ch\u1eafc kh\u1ecfe c\u1ee7a m\u00e1i t\u00f3c, v\u1eeba \u0111em \u0111\u1ebfn s\u1ef1 s\u1ea3ng kho\u00e1i, th\u01b0 gi\u00e3n to\u00e0n di\u1ec7n cho ch\u1ee7 nh\u00e2n m\u00e1i t\u00f3c \u1ea5y.<\/p>\n<p>Ch\u00ednh v\u00ec v\u1eady,\u00a0<strong>G\u1ed9i \u0110\u1ea7u D\u01b0\u1ee1ng Sinh Massage<\/strong>\u00a0kh\u00f4ng ch\u1ec9 d\u1eebng l\u1ea1i nh\u01b0 m\u1ed9t c\u00e1ch th\u1ee9c l\u00e0m s\u1ea1ch th\u00f4ng th\u01b0\u1eddng v\u00e0 kh\u00f4ng ph\u1ea3i ai c\u0169ng c\u00f3 th\u1ec3 l\u00e0m \u0111\u01b0\u1ee3c. Lisa Nail &amp; Spa th\u01b0\u1eddng xuy\u00ean khai gi\u1ea3ng c\u00e1c l\u1edbp h\u1ecdc ngh\u1ec1 G\u1ed9i \u0110\u1ea7u D\u01b0\u1ee1ng Sinh Massage v\u00e0o m\u1ed7i th\u00e1ng. M\u1ed7i kh\u00f3a h\u1ecdc s\u1ebd k\u00e9o d\u00e0i 20 bu\u1ed5i, th\u1eddi l\u01b0\u1ee3ng 2 ti\u1ebfng\/ bu\u1ed5i, \u0111\u1ea3m b\u1ea3o cung c\u1ea5p \u0111\u1ee7 l\u01b0\u1ee3ng ki\u1ebfn th\u1ee9c gi\u00fap b\u1ea1n nhanh ch\u00f3ng c\u00f3 c\u00f4ng vi\u1ec7c l\u00e0m \u1ed5n \u0111\u1ecbnh v\u00e0 m\u1ee9c thu nh\u1eadp t\u1ed1t nh\u1ea5t.<\/p>\n<figure id=\"attachment_1805\" aria-describedby=\"caption-attachment-1805\" style=\"width: 800px\" class=\"wp-caption aligncenter\"><img decoding=\"async\" loading=\"lazy\" class=\"wp-image-1805 size-full\" src=\"https:\/\/depthoitrang.com\/lisanail\/wp-content\/uploads\/2023\/06\/a7.jpg\" alt=\"\" width=\"800\" height=\"600\" srcset=\"https:\/\/pluginviet.com\/mau25\/wp-content\/uploads\/2023\/06\/a7.jpg 800w, https:\/\/pluginviet.com\/mau25\/wp-content\/uploads\/2023\/06\/a7-533x400.jpg 533w, https:\/\/pluginviet.com\/mau25\/wp-content\/uploads\/2023\/06\/a7-768x576.jpg 768w, https:\/\/pluginviet.com\/mau25\/wp-content\/uploads\/2023\/06\/a7-600x450.jpg 600w\" sizes=\"(max-width: 800px) 100vw, 800px\" \/><figcaption id=\"caption-attachment-1805\" class=\"wp-caption-text\">G\u1ed9i \u0110\u1ea7u D\u01b0\u1ee1ng Sinh Massage l\u00e0 ph\u01b0\u01a1ng ph\u00e1p ch\u0103m s\u00f3c t\u00f3c v\u00e0 da d\u1ea7u k\u1ebft h\u1ee3p v\u1edbi vi\u1ec7c m\u00e1t xa, tr\u1ecb li\u1ec7u to\u00e0n v\u00f9ng \u0111\u1ea7u, vai g\u00e1y, c\u1ed5, l\u01b0ng, m\u1eb7t.<\/figcaption><\/figure>\n<p><strong>N\u1ed8I DUNG KHO\u00c1 H\u1eccC \u0110\u00c0O T\u1ea0O G\u1ed8I \u0110\u1ea6U D\u01af\u1ee0NG SINH MASSAGE CHUY\u00caN NGHI\u1ec6P<\/strong><\/p>\n<p>KHO\u00c1 H\u1eccC \u0110\u00c0O T\u1ea0O G\u1ed8I \u0110\u1ea6U D\u01af\u1ee0NG SINH MASSAGE CHUY\u00caN NGHI\u1ec6P l\u00e0 m\u1ed9t trong nh\u1eefng kh\u00f3a h\u1ecdc m\u1edbi c\u1ee7a Lisa Nail &amp; Spa. Gi\u00e1o tr\u00ecnh \u0111\u01b0\u1ee3c so\u1ea1n th\u1ea3o b\u1edfi c\u00e1c chuy\u00ean gia \u0111\u1ea3m b\u1ea3o mang \u0111\u1ebfn \u0111\u1ea7y \u0111\u1ee7 ki\u1ebfn th\u1ee9c v\u00e0 s\u1ef1 hi\u1ec7n \u0111\u1ea1i nh\u1ea5t cho h\u1ecdc vi\u00ean. B\u00ean c\u1ea1nh \u0111\u00f3 c\u00f9ng s\u1ef1 kinh nghi\u1ec7m v\u00e0 uy t\u00edn nhi\u1ec1u n\u0103m trong l\u0129nh v\u1ef1c d\u1ea1y ngh\u1ec1 th\u1ea9m m\u1ef9, Lisa Nail &amp; Spa s\u1ebd gi\u00fap h\u1ecdc vi\u00ean c\u00f3 m\u00f4i tr\u01b0\u1eddng h\u1ecdc t\u1eadp t\u1ed1t nh\u1ea5t, \u0111\u1ea7y \u0111\u1ee7 ti\u1ec7n nghi.<\/p>\n<p><strong>L\u00fd thuy\u1ebft<\/strong><\/p>\n<ul>\n<li>G\u1ed9i \u0111\u1ea7u d\u01b0\u1ee1ng sinh l\u00e0 g\u00ec?<\/li>\n<li>Ngh\u1ec1 g\u1ed9i \u0111\u1ea7u d\u01b0\u1ee1ng sinh<\/li>\n<li>T\u00ecm hi\u1ec3u, ph\u00e2n lo\u1ea1i da \u0111\u1ea7u v\u00e0 t\u00f3c<\/li>\n<li>C\u00e1c b\u1ec7nh l\u00fd th\u01b0\u1eddng g\u1eb7p v\u1ec1 da \u0111\u1ea7u v\u00e0 t\u00f3c<\/li>\n<li>C\u00e1c lo\u1ea1i th\u1ea3o d\u01b0\u1ee3c th\u00f4ng d\u1ee5ng th\u01b0\u1eddng d\u00f9ng trong g\u1ed9i \u0111\u1ea7u<\/li>\n<li>Huy\u1ec7t \u0111\u1ea1o v\u00e0 \u1ee9ng d\u1ee5ng trong massge \u0110\u1ea7u, M\u1eb7t, C\u1ed5 vai g\u00e1y<\/li>\n<\/ul>\n<p><strong>Th\u1ef1c h\u00e0nh<\/strong><\/p>\n<ul>\n<li>K\u1ef9 thu\u1eadt \u0111\u01b0a h\u01b0\u01a1ng th\u01b0 gi\u00e3n, b\u1ed9 chu\u00f4ng khai m\u1edf gi\u00e1c quan<\/li>\n<li>K\u1ef9 thu\u1eadt khai th\u00f4ng huy\u1ec7t v\u00f9ng \u0111\u1ea7u b\u1eb1ng d\u1ee5ng c\u1ee5<\/li>\n<li>K\u1ef9 thu\u1eadt massage \u0111\u1ea3 th\u00f4ng kinh l\u1ea1c v\u00f9ng \u0111\u1ea7u, c\u1ed5 vai g\u00e1y<\/li>\n<li>K\u1ef9 thu\u1eadt massage tay, vai<\/li>\n<li>K\u1ef9 thu\u1eadt massge m\u1eb7t, l\u00e0m s\u1ea1ch da ch\u1ebft \u0111\u1ea7u, m\u1eb7t<\/li>\n<li>K\u1ef9 thu\u1eadt g\u1ed9i \u0111\u1ea7u chu\u1ea9n Trung Hoa<\/li>\n<li>H\u01b0\u1edbng d\u1eabn g\u1ed9i n\u01b0\u1edbc th\u1ea3o d\u01b0\u1ee3c v\u00e0 x\u00f4ng \u0111\u1ea7u<\/li>\n<li>C\u00e1ch b\u00f3p tay, vai, g\u00e1y k\u1ebft th\u00fac li\u1ec7u tr\u00ecnh cho kh\u00e1ch<\/li>\n<\/ul>\n<figure id=\"attachment_1804\" aria-describedby=\"caption-attachment-1804\" style=\"width: 800px\" class=\"wp-caption aligncenter\"><img decoding=\"async\" loading=\"lazy\" class=\"wp-image-1804 size-full\" src=\"https:\/\/depthoitrang.com\/lisanail\/wp-content\/uploads\/2023\/06\/a6.jpg\" alt=\"\" width=\"800\" height=\"600\" srcset=\"https:\/\/pluginviet.com\/mau25\/wp-content\/uploads\/2023\/06\/a6.jpg 800w, https:\/\/pluginviet.com\/mau25\/wp-content\/uploads\/2023\/06\/a6-533x400.jpg 533w, https:\/\/pluginviet.com\/mau25\/wp-content\/uploads\/2023\/06\/a6-768x576.jpg 768w, https:\/\/pluginviet.com\/mau25\/wp-content\/uploads\/2023\/06\/a6-600x450.jpg 600w\" sizes=\"(max-width: 800px) 100vw, 800px\" \/><figcaption id=\"caption-attachment-1804\" class=\"wp-caption-text\">G\u1ed9i \u0110\u1ea7u D\u01b0\u1ee1ng Sinh Massage \u0111ang l\u00e0 m\u1ed9t ngh\u1ec1 kh\u00e1 \u201chot\u201d nh\u1eadn \u0111\u01b0\u1ee3c kh\u00e1 nhi\u1ec1u s\u1ef1 quan t\u00e2m c\u1ee7a c\u00e1c b\u1ea1n tr\u1ebb c\u00f3 ni\u1ec1m \u0111am m\u00ea v\u1edbi ng\u00e0nh Spa Th\u1ea9m M\u1ef9<\/figcaption><\/figure>\n<p><strong>T\u1ea0I SAO N\u00caN CH\u1eccN KHO\u00c1 H\u1eccC \u0110\u00c0O T\u1ea0O G\u1ed8I \u0110\u1ea6U D\u01af\u1ee0NG SINH MASSAGE CHUY\u00caN NGHI\u1ec6P T\u1ea0I LISA NAIL &amp; SPA<\/strong><\/p>\n<p><strong>\u25ba \u0110\u1ed9i ng\u0169 gi\u1ea3ng vi\u00ean chuy\u00ean nghi\u1ec7p<\/strong><\/p>\n<p>Lisa Nail &amp; Spa s\u1edf h\u1eefu \u0111\u1ed9i ng\u0169 gi\u1ea3ng vi\u00ean l\u00e0 nh\u1eefng ng\u01b0\u1eddi c\u00f3 ki\u1ebfn th\u1ee9c chuy\u00ean s\u00e2u nh\u1eb1m \u0111\u1ea3m b\u1ea3o ch\u1ea5t l\u01b0\u1ee3ng truy\u1ec1n \u0111\u1ea1t t\u1ed1t nh\u1ea5t hi\u1ec7u qu\u1ea3 nh\u1ea5t cho h\u1ecdc vi\u00ean. Gi\u1ea3ng vi\u00ean l\u00e0 ng\u01b0\u1eddi c\u00f3 nhi\u1ec1u n\u0103m kinh nghi\u1ec7m l\u00e0m vi\u1ec7c g\u1ed9i \u0111\u1ea7u d\u01b0\u1ee1ng sinh, h\u01b0\u1edbng d\u1eabn theo l\u1ed1i \u201cc\u1ea7m tay ch\u1ec9 vi\u1ec7c\u201d, nhanh ch\u00f3ng ho\u00e0n thi\u1ec7n thao t\u00e1c ngay t\u1ea1i l\u1edbp.<\/p>\n<p><strong>\u25ba C\u01a1 s\u1edf v\u1eadt ch\u1ea5t trang thi\u1ebft b\u1ecb hi\u1ec7n \u0111\u1ea1i<\/strong><\/p>\n<p>Tr\u1ee5 s\u1edf ch\u00ednh v\u00e0 c\u00e1c c\u01a1 s\u1edf t\u1ea1i c\u00e1c t\u1ec9nh c\u1ee7a Lisa Nail &amp; Spa \u0111\u1ec1u \u0111\u01b0\u1ee3c x\u00e2y d\u1ef1ng r\u1ed9ng r\u00e3i tho\u00e1ng \u0111\u00e3ng. Trang thi\u1ebft b\u1ecb lu\u00f4n \u0111\u01b0\u1ee3c \u0111\u1ea7u t\u01b0 n\u00ean cam k\u1ebft ng\u00e0y c\u00e0ng n\u00e2ng cao ch\u1ea5t l\u01b0\u1ee3ng v\u00e0 \u0111i\u1ec1u ki\u1ec7n gi\u1ea3ng d\u1ea1y.<\/p>\n<p><strong>\u25ba Th\u1eddi gian th\u1ef1c h\u00e0nh th\u1ef1c t\u1ebf chi\u1ebfm \u0111\u1ebfn 70 \u2013 80%<\/strong><\/p>\n<p>M\u1ed9t trong nh\u1eefng \u01b0u \u0111i\u1ec3m r\u1ea5t l\u1edbn c\u1ee7a Lisa Nail &amp; Spa l\u00e0 th\u1eddi gian th\u1ef1c h\u00e0nh lu\u00f4n chi\u1ebfm \u0111\u1ebfn 70 \u2013 80%. Trong qu\u00e1 tr\u00ecnh h\u1ecdc \u0111\u01b0\u1ee3c th\u1ef1c h\u00e0nh tr\u00ean m\u1eabu th\u1eadt ch\u1eafc ch\u1eafn b\u1ea1n c\u00f3 th\u1ec3 t\u1ef1 tin v\u1edbi tay ngh\u1ec1 c\u1ee7a m\u00ecnh.<\/p>\n<p><strong>\u25ba C\u1ea5p ch\u1ee9ng ch\u1ec9 ngh\u1ec1 gi\u00e1 tr\u1ecb to\u00e0n qu\u1ed1c<\/strong><\/p>\n<p>H\u1ecdc vi\u00ean sau khi ho\u00e0n th\u00e0nh ch\u01b0\u01a1ng tr\u00ecnh h\u1ecdc\u00a0<strong>G\u1ed9i \u0110\u1ea7u D\u01b0\u1ee1ng Sinh Massage<\/strong>\u00a0s\u1ebd \u0111\u01b0\u1ee3c c\u1ea5p b\u1eb1ng h\u00e0nh ngh\u1ec1. \u0110\u00e2y l\u00e0 m\u1ed9t trong nh\u1eefng thu\u1eadn l\u1ee3i \u0111\u1ec3 c\u00e1c b\u1ea1n c\u00f3 th\u1ec3 d\u1ec5 d\u00e0ng c\u00f3 c\u01a1 h\u1ed9i \u0111\u01b0\u1ee3c l\u00e0m vi\u1ec7c t\u1ea1i c\u00e1c th\u1ea9m m\u1ef9 vi\u1ec7n l\u1edbn.<\/p>\n<figure id=\"attachment_1802\" aria-describedby=\"caption-attachment-1802\" style=\"width: 800px\" class=\"wp-caption aligncenter\"><img decoding=\"async\" loading=\"lazy\" class=\"wp-image-1802 size-full\" src=\"https:\/\/depthoitrang.com\/lisanail\/wp-content\/uploads\/2023\/06\/a4.jpg\" alt=\"\" width=\"800\" height=\"600\" srcset=\"https:\/\/pluginviet.com\/mau25\/wp-content\/uploads\/2023\/06\/a4.jpg 800w, https:\/\/pluginviet.com\/mau25\/wp-content\/uploads\/2023\/06\/a4-533x400.jpg 533w, https:\/\/pluginviet.com\/mau25\/wp-content\/uploads\/2023\/06\/a4-768x576.jpg 768w, https:\/\/pluginviet.com\/mau25\/wp-content\/uploads\/2023\/06\/a4-600x450.jpg 600w\" sizes=\"(max-width: 800px) 100vw, 800px\" \/><figcaption id=\"caption-attachment-1802\" class=\"wp-caption-text\">V\u1edbi mong mu\u1ed1n mang \u0111\u1ebfn cho kh\u00e1ch h\u00e0ng nh\u1eefng tr\u1ea3i nghi\u1ec7m d\u1ecbch v\u1ee5 ch\u1ea5t l\u01b0\u1ee3ng t\u1ed1t nh\u1ea5t, LISA NAIL &amp; SPA \u0111\u01b0\u1ee3c \u0111\u1ea7u t\u01b0 c\u01a1 s\u1edf v\u1eadt ch\u1ea5t hi\u1ec7n \u0111\u1ea1i, \u0111\u1ea1t ti\u00eau chu\u1ea9n 5 sao. 100% \u0111\u1ed9i ng\u0169 nh\u00e2n vi\u00ean t\u1ea1i LISA NAIL &amp; SPA \u0111\u01b0\u1ee3c \u0111\u00e0o t\u1ea1o b\u00e0i b\u1ea3n, nhi\u1ec7t t\u00ecnh chu \u0111\u00e1o.<\/figcaption><\/figure>\n<p><strong>QUY\u1ec0N L\u1ee2I KHI \u0110\u0102NG K\u00cd KHO\u00c1 H\u1eccC \u0110\u00c0O T\u1ea0O G\u1ed8I \u0110\u1ea6U D\u01af\u1ee0NG SINH MASSAGE CHUY\u00caN NGHI\u1ec6P T\u1ea0I LISA NAIL &amp; SPA<\/strong><\/p>\n<p>&#8211; H\u1ecdc vi\u00ean s\u1ebd \u0111\u01b0\u1ee3c t\u01b0 v\u1ea5n chi ti\u1ebft v\u1ec1 to\u00e0n b\u1ed9 ch\u01b0\u01a1ng tr\u00ecnh h\u1ecdc tr\u01b0\u1edbc khi \u0111\u0103ng k\u00ed kho\u00e1 h\u1ecdc<\/p>\n<p>&#8211; H\u1ecdc vi\u00ean s\u1ebd \u0111\u01b0\u1ee3c c\u00e1c gi\u1ea3ng vi\u00ean c\u00f3 kinh nghi\u1ec7m d\u00e0y d\u1eb7n v\u00e0 chuy\u00ean m\u00f4n cao h\u01b0\u1edbng d\u1eabn, cam k\u1ebft bao ra ngh\u1ec1.<\/p>\n<p>&#8211; H\u1ecdc vi\u00ean s\u1ebd \u0111\u01b0\u1ee3c xem x\u00e9t duy\u1ec7t b\u1ea3o l\u01b0u kho\u00e1 h\u1ecdc n\u1ebfu c\u00f3 v\u1ea5n \u0111\u1ec1 \u0111\u1ed9t xu\u1ea5t<\/p>\n<p>&#8211; H\u1ed7 tr\u1ee3 t\u01b0 v\u1ea5n quy tr\u00ecnh c\u00e1c b\u01b0\u1edbc \u0111\u1ec3 m\u1edf c\u01a1 s\u1edf kinh doanh d\u1ecbch v\u1ee5 g\u1ed9i \u0111\u1ea7u d\u01b0\u1ee1ng sinh, spa,\u2026<\/p>\n<p><u><strong>L\u1eddi k\u1ebft<\/strong><\/u><\/p>\n<p>B\u00e0i vi\u1ebft v\u1eeba gi\u1edbi thi\u1ec7u qua v\u1ec1 ch\u01b0\u01a1ng tr\u00ecnh \u0111\u00e0o t\u1ea1o\u00a0<strong>G\u1ed9i \u0110\u1ea7u D\u01b0\u1ee1ng Sinh Massage<\/strong>. Nh\u00ecn chung \u0111\u00e2y l\u00e0 m\u1ed9t ng\u00e0nh s\u1ebd c\u00f3 nhi\u1ec1u c\u01a1 h\u1ed9i ph\u00e1t tri\u1ec3n trong t\u01b0\u01a1ng lai. C\u00f9ng v\u1edbi \u0111\u00f3 m\u1ee9c thu nh\u1eadp cho h\u1ecdc vi\u00ean sau n\u00e0y c\u0169ng l\u00e0 r\u1ea5t h\u1ee3p l\u00fd. N\u1ebfu \u0111ang c\u00f3 nhu c\u1ea7u h\u1ecdc\u00a0<strong>G\u1ed9i \u0110\u1ea7u D\u01b0\u1ee1ng Sinh Massage<\/strong>\u00a0h\u00e3y li\u00ean h\u1ec7 qua hotline\u00a0<strong>0832222211<\/strong>\u00a0\u0111\u1ec3 \u0111\u01b0\u1ee3c nh\u00e2n vi\u00ean h\u1ed7 tr\u1ee3 t\u1eadn t\u00ecnh.<\/p>\n<p><u><strong>Th\u00f4ng tin li\u00ean h\u1ec7:<\/strong><\/u><\/p>\n<p>&nbsp;<\/p>\n<p><u><strong>Salon Qu\u1eadn 1<\/strong><\/u><br \/>\n<a title=\"KHO\u00c1 H\u1eccC \u0110\u00c0O T\u1ea0O G\u1ed8I \u0110\u1ea6U D\u01af\u1ee0NG SINH MASSAGE CHUY\u00caN NGHI\u1ec6P\" href=\"https:\/\/www.google.com\/maps\/place\/Lisa+Nail+%26+Spa+-+Qu%E1%BA%ADn+1+(+Nail+Salon,+G%E1%BB%99i+%C4%90%E1%BA%A7u,+Massage+),+416A+Hai+B%C3%A0+Tr%C6%B0ng,+Ph%C6%B0%E1%BB%9Dng+T%C3%A2n+%C4%90%E1%BB%8Bnh,+Qu%E1%BA%ADn+1,+Th%C3%A0nh+ph%E1%BB%91+H%E1%BB%93+Ch%C3%AD+Minh+70000,+Vi%E1%BB%87t+Nam\/@10.7912089,106.6879944,16z\/data=!4m6!3m5!1s0x31752972808696db:0xdc4bd7654ce0cffd!8m2!3d10.7912089!4d106.6879944!16s%2Fg%2F11jt2bj0fv\">416A Hai B\u00e0 Tr\u01b0ng, P. T\u00e2n \u0110\u1ecbnh, Q.1, TPHCM<\/a><br \/>\n<i><\/i>Hotline \u0111\u1eb7t l\u1ecbch:\u00a0<a title=\"KHO\u00c1 H\u1eccC \u0110\u00c0O T\u1ea0O G\u1ed8I \u0110\u1ea6U D\u01af\u1ee0NG SINH MASSAGE CHUY\u00caN NGHI\u1ec6P\" href=\"tel:0777776922\">0777776922<\/a><\/p>\n<p><u><strong>Salon Qu\u1eadn 3<\/strong><\/u><br \/>\n<a title=\"KHO\u00c1 H\u1eccC \u0110\u00c0O T\u1ea0O G\u1ed8I \u0110\u1ea6U D\u01af\u1ee0NG SINH MASSAGE CHUY\u00caN NGHI\u1ec6P\" href=\"https:\/\/www.google.com\/maps\/place\/Lisa+Nail+%26+Spa+-+Qu%E1%BA%ADn+3+(+Nail+Salon,+G%E1%BB%99i+%C4%90%E1%BA%A7u,+Massage+),+198+%C4%90.+C%C3%A1ch+M%E1%BA%A1ng+Th%C3%A1ng+8,+Ph%C6%B0%E1%BB%9Dng+10,+Qu%E1%BA%ADn+3,+Th%C3%A0nh+ph%E1%BB%91+H%E1%BB%93+Ch%C3%AD+Minh,+Vi%E1%BB%87t+Nam\/@10.7796417,106.6784685,16z\/data=!4m6!3m5!1s0x31752f74f4ff352b:0xe84fdf00ffebcbe1!8m2!3d10.7796417!4d106.6784685!16s%2Fg%2F11s57bqd2l\">198 C\u00e1ch M\u1ea1ng Th\u00e1ng 8, P.10, Q.3, TPHCM<\/a><br \/>\n<i><\/i>Hotline \u0111\u1eb7t l\u1ecbch:\u00a0<a title=\"KHO\u00c1 H\u1eccC \u0110\u00c0O T\u1ea0O G\u1ed8I \u0110\u1ea6U D\u01af\u1ee0NG SINH MASSAGE CHUY\u00caN NGHI\u1ec6P\" href=\"tel: 0777776922\">0777776928<\/a><\/p>\n<p><u><strong>Salon Qu\u1eadn 5<\/strong><\/u><br \/>\n<a title=\"KHO\u00c1 H\u1eccC \u0110\u00c0O T\u1ea0O G\u1ed8I \u0110\u1ea6U D\u01af\u1ee0NG SINH MASSAGE CHUY\u00caN NGHI\u1ec6P\" href=\"https:\/\/www.google.com\/maps\/place\/Hari+Nail+Qu%E1%BA%ADn+5+-+Nail+Salon,+G%E1%BB%99i+%C4%90%E1%BA%A7u,+Massage,+75+%C4%90.+Tr%E1%BA%A7n+H%C6%B0ng+%C4%90%E1%BA%A1o,+Ph%C6%B0%E1%BB%9Dng+6,+Qu%E1%BA%ADn+5,+Th%C3%A0nh+ph%E1%BB%91+H%E1%BB%93+Ch%C3%AD+Minh+700000,+Vi%E1%BB%87t+Nam\/@10.7525548,106.6696017,16z\/data=!4m6!3m5!1s0x31752fd982d1965f:0xab07098b9614ea72!8m2!3d10.7525548!4d106.6696017!16s%2Fg%2F11qr_z5vsk\">75 Tr\u1ea7n H\u01b0ng \u0110\u1ea1o, P.6, Q.5, TPHCM<\/a><br \/>\n<i><\/i>Hotline \u0111\u1eb7t l\u1ecbch:\u00a0<a title=\"KHO\u00c1 H\u1eccC \u0110\u00c0O T\u1ea0O G\u1ed8I \u0110\u1ea6U D\u01af\u1ee0NG SINH MASSAGE CHUY\u00caN NGHI\u1ec6P\" href=\"tel:0777776938\">0777776938<\/a><\/p>\n","protected":false},"excerpt":{"rendered":"<p>KHO\u00c1 H\u1eccC \u0110\u00c0O T\u1ea0O G\u1ed8I \u0110\u1ea6U D\u01af\u1ee0NG SINH MASSAGE CHUY\u00caN NGHI\u1ec6P Hi\u1ec7n nay,\u00a0G\u1ed9i \u0110\u1ea7u D\u01b0\u1ee1ng Sinh Massage\u00a0\u0111ang l\u00e0 m\u1ed9t ngh\u1ec1 kh\u00e1 \u201chot\u201d nh\u1eadn \u0111\u01b0\u1ee3c kh\u00e1 nhi\u1ec1u s\u1ef1 quan t\u00e2m c\u1ee7a c\u00e1c b\u1ea1n tr\u1ebb c\u00f3 ni\u1ec1m \u0111am m\u00ea v\u1edbi ng\u00e0nh Spa Th\u1ea9m M\u1ef9. Tuy nhi\u00ean, ph\u01b0\u01a1ng ph\u00e1p n\u00e0y \u0111\u00f2i h\u1ecfi r\u1ea5t nhi\u1ec1u y\u1ebfu t\u1ed1 k\u1ef9 thu\u1eadt [&#8230;]\n","protected":false},"author":1,"featured_media":0,"parent":0,"menu_order":0,"comment_status":"closed","ping_status":"closed","template":"","meta":{"footnotes":""},"yoast_head":"<!-- This site is optimized with the Yoast SEO plugin v20.13 - https:\/\/yoast.com\/wordpress\/plugins\/seo\/ -->\n<title>LISA NAIL &amp; SPA<\/title>\n<meta name=\"robots\" content=\"index, follow, max-snippet:-1, max-image-preview:large, max-video-preview:-1\" \/>\n<link rel=\"canonical\" href=\"https:\/\/pluginviet.com\/mau25\/dao-tao-goi-dau\/\" \/>\n<meta property=\"og:locale\" content=\"vi_VN\" \/>\n<meta property=\"og:type\" content=\"article\" \/>\n<meta property=\"og:title\" content=\"LISA NAIL &amp; SPA\" \/>\n<meta property=\"og:description\" content=\"KHO\u00c1 H\u1eccC \u0110\u00c0O T\u1ea0O G\u1ed8I \u0110\u1ea6U D\u01af\u1ee0NG SINH MASSAGE CHUY\u00caN NGHI\u1ec6P Hi\u1ec7n nay,\u00a0G\u1ed9i \u0110\u1ea7u D\u01b0\u1ee1ng Sinh Massage\u00a0\u0111ang l\u00e0 m\u1ed9t ngh\u1ec1 kh\u00e1 \u201chot\u201d nh\u1eadn \u0111\u01b0\u1ee3c kh\u00e1 nhi\u1ec1u s\u1ef1 quan t\u00e2m c\u1ee7a c\u00e1c b\u1ea1n tr\u1ebb c\u00f3 ni\u1ec1m \u0111am m\u00ea v\u1edbi ng\u00e0nh Spa Th\u1ea9m M\u1ef9. Tuy nhi\u00ean, ph\u01b0\u01a1ng ph\u00e1p n\u00e0y \u0111\u00f2i h\u1ecfi r\u1ea5t nhi\u1ec1u y\u1ebfu t\u1ed1 k\u1ef9 thu\u1eadt [...]\" \/>\n<meta property=\"og:url\" content=\"https:\/\/pluginviet.com\/mau25\/dao-tao-goi-dau\/\" \/>\n<meta property=\"og:site_name\" content=\"LISA NAIL &amp; SPA\" \/>\n<meta property=\"article:modified_time\" content=\"2023-06-05T09:59:29+00:00\" \/>\n<meta property=\"og:image\" content=\"https:\/\/depthoitrang.com\/lisanail\/wp-content\/uploads\/2023\/06\/dang-ki-khoa-hoc-goi-dau-duong-sinh-2.jpg\" \/>\n<meta name=\"twitter:card\" content=\"summary_large_image\" \/>\n<meta name=\"twitter:label1\" content=\"\u01af\u1edbc t\u00ednh th\u1eddi gian \u0111\u1ecdc\" \/>\n\t<meta name=\"twitter:data1\" content=\"7 ph\u00fat\" \/>\n<script type=\"application\/ld+json\" class=\"yoast-schema-graph\">{\"@context\":\"https:\/\/schema.org\",\"@graph\":[{\"@type\":\"WebPage\",\"@id\":\"https:\/\/pluginviet.com\/mau25\/dao-tao-goi-dau\/\",\"url\":\"https:\/\/pluginviet.com\/mau25\/dao-tao-goi-dau\/\",\"name\":\"LISA NAIL &amp; SPA\",\"isPartOf\":{\"@id\":\"https:\/\/pluginviet.com\/mau25\/#website\"},\"datePublished\":\"2023-06-05T09:56:29+00:00\",\"dateModified\":\"2023-06-05T09:59:29+00:00\",\"breadcrumb\":{\"@id\":\"https:\/\/pluginviet.com\/mau25\/dao-tao-goi-dau\/#breadcrumb\"},\"inLanguage\":\"vi\",\"potentialAction\":[{\"@type\":\"ReadAction\",\"target\":[\"https:\/\/pluginviet.com\/mau25\/dao-tao-goi-dau\/\"]}]},{\"@type\":\"BreadcrumbList\",\"@id\":\"https:\/\/pluginviet.com\/mau25\/dao-tao-goi-dau\/#breadcrumb\",\"itemListElement\":[{\"@type\":\"ListItem\",\"position\":1,\"name\":\"Trang ch\u1ee7\",\"item\":\"https:\/\/pluginviet.com\/mau25\/\"},{\"@type\":\"ListItem\",\"position\":2,\"name\":\"\u0110\u00e0o t\u1ea1o g\u1ed9i \u0111\u1ea7u\"}]},{\"@type\":\"WebSite\",\"@id\":\"https:\/\/pluginviet.com\/mau25\/#website\",\"url\":\"https:\/\/pluginviet.com\/mau25\/\",\"name\":\"LISA NAIL &amp; SPA\",\"description\":\"\",\"potentialAction\":[{\"@type\":\"SearchAction\",\"target\":{\"@type\":\"EntryPoint\",\"urlTemplate\":\"https:\/\/pluginviet.com\/mau25\/?s={search_term_string}\"},\"query-input\":\"required name=search_term_string\"}],\"inLanguage\":\"vi\"}]}<\/script>\n<!-- \/ Yoast SEO plugin. -->","yoast_head_json":{"title":"LISA NAIL &amp; SPA","robots":{"index":"index","follow":"follow","max-snippet":"max-snippet:-1","max-image-preview":"max-image-preview:large","max-video-preview":"max-video-preview:-1"},"canonical":"https:\/\/pluginviet.com\/mau25\/dao-tao-goi-dau\/","og_locale":"vi_VN","og_type":"article","og_title":"LISA NAIL &amp; SPA","og_description":"KHO\u00c1 H\u1eccC \u0110\u00c0O T\u1ea0O G\u1ed8I \u0110\u1ea6U D\u01af\u1ee0NG SINH MASSAGE CHUY\u00caN NGHI\u1ec6P Hi\u1ec7n nay,\u00a0G\u1ed9i \u0110\u1ea7u D\u01b0\u1ee1ng Sinh Massage\u00a0\u0111ang l\u00e0 m\u1ed9t ngh\u1ec1 kh\u00e1 \u201chot\u201d nh\u1eadn \u0111\u01b0\u1ee3c kh\u00e1 nhi\u1ec1u s\u1ef1 quan t\u00e2m c\u1ee7a c\u00e1c b\u1ea1n tr\u1ebb c\u00f3 ni\u1ec1m \u0111am m\u00ea v\u1edbi ng\u00e0nh Spa Th\u1ea9m M\u1ef9. Tuy nhi\u00ean, ph\u01b0\u01a1ng ph\u00e1p n\u00e0y \u0111\u00f2i h\u1ecfi r\u1ea5t nhi\u1ec1u y\u1ebfu t\u1ed1 k\u1ef9 thu\u1eadt [...]","og_url":"https:\/\/pluginviet.com\/mau25\/dao-tao-goi-dau\/","og_site_name":"LISA NAIL &amp; SPA","article_modified_time":"2023-06-05T09:59:29+00:00","og_image":[{"url":"https:\/\/depthoitrang.com\/lisanail\/wp-content\/uploads\/2023\/06\/dang-ki-khoa-hoc-goi-dau-duong-sinh-2.jpg"}],"twitter_card":"summary_large_image","twitter_misc":{"\u01af\u1edbc t\u00ednh th\u1eddi gian \u0111\u1ecdc":"7 ph\u00fat"},"schema":{"@context":"https:\/\/schema.org","@graph":[{"@type":"WebPage","@id":"https:\/\/pluginviet.com\/mau25\/dao-tao-goi-dau\/","url":"https:\/\/pluginviet.com\/mau25\/dao-tao-goi-dau\/","name":"LISA NAIL &amp; SPA","isPartOf":{"@id":"https:\/\/pluginviet.com\/mau25\/#website"},"datePublished":"2023-06-05T09:56:29+00:00","dateModified":"2023-06-05T09:59:29+00:00","breadcrumb":{"@id":"https:\/\/pluginviet.com\/mau25\/dao-tao-goi-dau\/#breadcrumb"},"inLanguage":"vi","potentialAction":[{"@type":"ReadAction","target":["https:\/\/pluginviet.com\/mau25\/dao-tao-goi-dau\/"]}]},{"@type":"BreadcrumbList","@id":"https:\/\/pluginviet.com\/mau25\/dao-tao-goi-dau\/#breadcrumb","itemListElement":[{"@type":"ListItem","position":1,"name":"Trang ch\u1ee7","item":"https:\/\/pluginviet.com\/mau25\/"},{"@type":"ListItem","position":2,"name":"\u0110\u00e0o t\u1ea1o g\u1ed9i \u0111\u1ea7u"}]},{"@type":"WebSite","@id":"https:\/\/pluginviet.com\/mau25\/#website","url":"https:\/\/pluginviet.com\/mau25\/","name":"LISA NAIL &amp; SPA","description":"","potentialAction":[{"@type":"SearchAction","target":{"@type":"EntryPoint","urlTemplate":"https:\/\/pluginviet.com\/mau25\/?s={search_term_string}"},"query-input":"required name=search_term_string"}],"inLanguage":"vi"}]}},"lang":"vi","translations":{"vi":1944,"en":2395},"pll_sync_post":[],"_links":{"self":[{"href":"https:\/\/pluginviet.com\/mau25\/wp-json\/wp\/v2\/pages\/1944"}],"collection":[{"href":"https:\/\/pluginviet.com\/mau25\/wp-json\/wp\/v2\/pages"}],"about":[{"href":"https:\/\/pluginviet.com\/mau25\/wp-json\/wp\/v2\/types\/page"}],"author":[{"embeddable":true,"href":"https:\/\/pluginviet.com\/mau25\/wp-json\/wp\/v2\/users\/1"}],"replies":[{"embeddable":true,"href":"https:\/\/pluginviet.com\/mau25\/wp-json\/wp\/v2\/comments?post=1944"}],"version-history":[{"count":3,"href":"https:\/\/pluginviet.com\/mau25\/wp-json\/wp\/v2\/pages\/1944\/revisions"}],"predecessor-version":[{"id":1949,"href":"https:\/\/pluginviet.com\/mau25\/wp-json\/wp\/v2\/pages\/1944\/revisions\/1949"}],"wp:attachment":[{"href":"https:\/\/pluginviet.com\/mau25\/wp-json\/wp\/v2\/media?parent=1944"}],"curies":[{"name":"wp","href":"https:\/\/api.w.org\/{rel}","templated":true}]}}