{"id":1915,"date":"2023-06-05T09:37:56","date_gmt":"2023-06-05T09:37:56","guid":{"rendered":"https:\/\/depthoitrang.com\/lisanail\/?page_id=1915"},"modified":"2023-06-05T09:40:47","modified_gmt":"2023-06-05T09:40:47","slug":"nhuong-quyen","status":"publish","type":"page","link":"https:\/\/pluginviet.com\/mau25\/nhuong-quyen\/","title":{"rendered":"Nh\u01b0\u1ee3ng quy\u1ec1n"},"content":{"rendered":"<h1 class=\"m-bottom-5 fw-bold\">NH\u01af\u1ee2NG QUY\u1ec0N TH\u01af\u01a0NG HI\u1ec6U LISA NAIL &amp; SPA &#8211; M\u00d4 H\u00ccNH KINH DOANH MANG L\u1ea0I THU NH\u1eacP KH\u1ee6NG 2023<\/h1>\n<p>Lisa Nail &amp; Spa lu\u00f4n \u1ea5p \u1ee7 hy v\u1ecdng c\u00f3 th\u1ec3 mang gi\u00e1 tr\u1ecb th\u1ea9m m\u1ef9 t\u1edbi nhi\u1ec1u n\u01a1i, nhi\u1ec1u ng\u01b0\u1eddi h\u01a1n n\u1eefa trong th\u1eddi gian t\u1edbi. V\u00ec th\u1ebf, ch\u00fang t\u00f4i lu\u00f4n s\u1eb5n s\u00e0ng ch\u00e0o \u0111\u00f3n c\u00e1c c\u00e1 nh\u00e2n, t\u1ed5 ch\u1ee9c c\u00f3 chung mong mu\u1ed1n kinh doanh m\u00f4 h\u00ecnh Nail &amp; Spa m\u1edbi l\u1ea1, \u0111\u1ec3 \u0111\u01b0a c\u00e1c s\u1ea3n ph\u1ea9m d\u1ecbch v\u1ee5 t\u1ed1t nh\u1ea5t \u0111\u1ebfn t\u1ea5t c\u1ea3 t\u1ec9nh th\u00e0nh tr\u00ean c\u1ea3 n\u01b0\u1edbc.<\/p>\n<p><img decoding=\"async\" loading=\"lazy\" class=\"size-full wp-image-1917 aligncenter\" src=\"https:\/\/depthoitrang.com\/lisanail\/wp-content\/uploads\/2023\/06\/nhuong-quyen-thuong-hieu-lisa-nail-spa.jpg\" alt=\"\" width=\"1240\" height=\"300\" srcset=\"https:\/\/pluginviet.com\/mau25\/wp-content\/uploads\/2023\/06\/nhuong-quyen-thuong-hieu-lisa-nail-spa.jpg 1240w, https:\/\/pluginviet.com\/mau25\/wp-content\/uploads\/2023\/06\/nhuong-quyen-thuong-hieu-lisa-nail-spa-800x194.jpg 800w, https:\/\/pluginviet.com\/mau25\/wp-content\/uploads\/2023\/06\/nhuong-quyen-thuong-hieu-lisa-nail-spa-768x186.jpg 768w, https:\/\/pluginviet.com\/mau25\/wp-content\/uploads\/2023\/06\/nhuong-quyen-thuong-hieu-lisa-nail-spa-600x145.jpg 600w\" sizes=\"(max-width: 1240px) 100vw, 1240px\" \/><\/p>\n<p><strong>Xu h\u01b0\u1edbng m\u00f4 h\u00ecnh nh\u01b0\u1ee3ng quy\u1ec1n Nail &amp; Spa hi\u1ec7n nay<\/strong><\/p>\n<p>Trong nh\u1eefng n\u0103m g\u1ea7n \u0111\u00e2y, c\u00e1c m\u00f4 h\u00ecnh kinh doanh ng\u00e0nh ch\u0103m s\u00f3c s\u1ee9c kho\u1ebb v\u00e0 s\u1eafc \u0111\u1eb9p nail &amp; spa d\u01b0\u1ee1ng sinh \u0111\u00e3 v\u00e0 \u0111ang c\u00f3 nh\u1eefng b\u01b0\u1edbc ph\u00e1t tri\u1ec3n v\u01b0\u1ee3t b\u1eadc, mang l\u1ea1i thu nh\u1eadp kh\u1ee7ng cho nh\u00e2n s\u1ef1 trong ng\u00e0nh v\u00e0 \u0111ang d\u1ea7n chi\u1ebfm \u01b0u th\u1ebf trong l\u1ef1a ch\u1ecdn c\u1ee7a kh\u00e1ch h\u00e0ng m\u1ecdi l\u1ee9a tu\u1ed5i khi c\u1ea7n t\u00ecm \u0111\u1ecba ch\u1ec9 l\u00e0m \u0111\u1eb9p uy t\u00edn, an to\u00e0n. C\u0169ng theo nghi\u00ean c\u1ee9u, th\u1ecb tr\u01b0\u1eddng s\u1ebd c\u00f2n ph\u00e1t tri\u1ec3n m\u1ea1nh h\u01a1n n\u1eefa trong nh\u1eefng n\u0103m s\u1eafp t\u1edbi khi\u1ebfn c\u01a1 h\u1ed9i l\u00e0m vi\u1ec7c trong ng\u00e0nh n\u00e0y tr\u1edf th\u00e0nh mi\u1ebfng m\u1ed3i b\u00e9o b\u1edf b\u1ea5t c\u1ee9 c\u00e1 nh\u00e2n hay doanh nghi\u1ec7p n\u00e0o c\u0169ng mong mu\u1ed1n c\u00f3 \u0111\u01b0\u1ee3c.<\/p>\n<p>V\u00ec \u0111i\u1ec1u \u0111\u00f3, c\u00e1c m\u00f4 h\u00ecnh kinh doanh nail &amp; spa d\u01b0\u1ee1ng sinh \u0111\u01b0\u1ee3c \u0111\u00f4ng \u0111\u1ea3o c\u00e1c c\u00e1 nh\u00e2n, t\u1ed5 ch\u1ee9c kinh doanh l\u1ef1a ch\u1ecdn \u0111\u1ec3 kh\u1edfi nghi\u1ec7p nh\u1eb1m ti\u1ebft ki\u1ec7m chi ph\u00ed v\u00e0 th\u1eddi gian. Trong t\u01b0\u01a1ng lai, \u0111\u00e2y l\u00e0 h\u00ecnh th\u1ee9c kinh doanh \u0111\u01b0\u1ee3c \u0111\u00e1nh gi\u00e1 \u0111em \u0111\u1ebfn nhi\u1ec1u c\u01a1 h\u1ed9i ph\u00e1t tri\u1ec3n cho c\u00e1 nh\u00e2n hay doanh nghi\u1ec7p.<\/p>\n<p><strong>\u0110i\u1ec3m kh\u00e1c bi\u1ec7t Lisa Nail &amp; Spa<\/strong><\/p>\n<p>Tr\u1ea3i qua nhi\u1ec1u n\u0103m kh\u00f4ng ng\u1eebng x\u00e2y d\u1ef1ng v\u00e0 ph\u00e1t tri\u1ec3n, Lisa Nail &amp; Spa \u0111\u00e3 tr\u1edf th\u00e0nh th\u01b0\u01a1ng hi\u1ec7u uy t\u00edn h\u00e0ng \u0111\u1ea7u t\u1ea1i Vi\u1ec7t Nam v\u1edbi chu\u1ed7i Spa ch\u0103m s\u00f3c s\u1ee9c kho\u1ebb v\u00e0 l\u00e0m \u0111\u1eb9p t\u1ea1i TPHCM nh\u1eadn \u0111\u01b0\u1ee3c s\u1ef1 \u1ee7ng h\u1ed9 c\u1ee7a \u0111\u00f4ng \u0111\u1ea3o ch\u1ecb em ph\u1ee5 n\u1eef \u1edf m\u1ecdi l\u1ee9a tu\u1ed5i.<\/p>\n<ul>\n<li>Lisa Nail &amp; Spa s\u1eed d\u1ee5ng b\u00ed quy\u1ebft \u0111\u1ea3 th\u00f4ng kinh l\u1ea1c v\u00f9ng \u0111\u1ea7u v\u00e0 to\u00e0n th\u00e2n b\u1eb1ng ng\u1ecdc th\u1ea1ch. Khai m\u1edf gi\u00e1c quan, tr\u1ecb li\u1ec7u t\u00e2m th\u1ee9c v\u1edbi tinh d\u1ea7u x\u1ea3 chanh v\u00e0 \u00e2m thanh chu\u00f4ng \u0111\u1ed3ng k\u1ebft h\u1ee3p c\u00e1c li\u1ec7u tr\u00ecnh th\u1ea3i \u0111\u1ed9c nh\u1eb1m c\u1ea3i thi\u1ec7n, ch\u0103m s\u00f3c s\u1ee9c kho\u1ebb v\u00e0 l\u00e0m \u0111\u1eb9p b\u1eb1ng th\u1ea3o d\u01b0\u1ee3c \u0111\u00f4ng y.<\/li>\n<li>Lisa chuy\u00ean nail phong c\u00e1ch \u0110\u00e0i &#8211; Nh\u1eadt &#8211; H\u00e0n v\u1edbi nhi\u1ec1u m\u1eabu \u0111\u1ed9c \u0111\u00e1o, \u1ea5n t\u01b0\u1ee3ng. \u0110a\u0301p u\u031b\u0301ng \u0111u\u031bo\u031b\u0323c toa\u0300n bo\u0323\u0302 mong muo\u0302\u0301n v\u1ec1 phong ca\u0301ch nails ma\u0300 kh\u00e1ch h\u00e0ng hu\u031bo\u031b\u0301ng \u0111e\u0302\u0301n, ba\u0302\u0301t ke\u0302\u0309 Outfits \u0111a\u0323\u0306c tru\u031bng la\u0300 gi\u0300, Lisa \u0111e\u0302\u0300u co\u0301 the\u0302\u0309 \u0111o\u0323\u0302c quye\u0302\u0300n thie\u0302\u0301t ke\u0302\u0301 ra da\u0301ng nails phu\u0300 ho\u031b\u0323p vo\u031b\u0301i kh\u00e1ch h\u00e0ng.<\/li>\n<li>Kho s\u01a1n ch\u00ednh h\u00e3ng \u0111\u01b0\u1ee3c nh\u1eadp t\u1eeb n\u01b0\u1edbc ngo\u00e0i v\u1edbi b\u1ea3ng m\u00e0u \u0111a d\u1ea1ng, hit hot nh\u1ea5t.<\/li>\n<li>Kh\u00f4ng gian n\u1ed5i b\u1eadt v\u1edbi gam m\u00e0u tr\u1eafng n\u00e2u nh\u00e3 nh\u1eb7n, ng\u1eadp tr\u00e0n s\u1eafc xanh c\u00e2y c\u1ecf ho\u00e0 c\u00f9ng h\u01b0\u01a1ng th\u01a1m tinh d\u1ea7u d\u1ec5 ch\u1ecbu. Khu v\u1ef1c l\u00e0m nail \u0111\u01b0\u1ee3c b\u1ed1 tr\u00ed b\u00e0n gh\u1ebf nail v\u1edbi n\u1ec7m ng\u1ed3i \u00eam \u00e1i gi\u00fap cho kh\u00e1ch h\u00e0ng c\u00f3 nh\u1eefng tr\u1ea3i nghi\u1ec7m d\u1ecbch v\u1ee5 tuy\u1ec7t v\u1eddi v\u00e0 \u1ea5n t\u01b0\u1ee3ng t\u1ed1t t\u1edbi th\u01b0\u01a1ng hi\u1ec7u.<\/li>\n<\/ul>\n<p>&nbsp;<\/p>\n<figure id=\"attachment_1847\" aria-describedby=\"caption-attachment-1847\" style=\"width: 900px\" class=\"wp-caption aligncenter\"><img decoding=\"async\" loading=\"lazy\" class=\"wp-image-1847 size-full\" src=\"https:\/\/depthoitrang.com\/lisanail\/wp-content\/uploads\/2023\/06\/nhuong-quyen-lisa.jpg\" alt=\"\" width=\"900\" height=\"600\" srcset=\"https:\/\/pluginviet.com\/mau25\/wp-content\/uploads\/2023\/06\/nhuong-quyen-lisa.jpg 900w, https:\/\/pluginviet.com\/mau25\/wp-content\/uploads\/2023\/06\/nhuong-quyen-lisa-600x400.jpg 600w, https:\/\/pluginviet.com\/mau25\/wp-content\/uploads\/2023\/06\/nhuong-quyen-lisa-768x512.jpg 768w\" sizes=\"(max-width: 900px) 100vw, 900px\" \/><figcaption id=\"caption-attachment-1847\" class=\"wp-caption-text\">Lisa Nail &amp; Spa &#8211; \u0110i\u1ec3m \u0111\u1ebfn l\u00e0m \u0111\u1eb9p l\u00fd t\u01b0\u1edfng<\/figcaption><\/figure>\n<p><strong>\u01afu \u0111i\u1ec3m c\u1ee7a ch\u00ednh s\u00e1ch nh\u01b0\u1ee3ng quy\u1ec1n th\u01b0\u01a1ng hi\u1ec7u nail &amp; spa<\/strong><\/p>\n<ul>\n<li>M\u1edf r\u1ed9ng quy m\u00f4 kinh doanh c\u1ee7a m\u00ecnh nhanh ch\u00f3ng h\u01a1n so v\u1edbi vi\u1ec7c t\u1ef1 ph\u00e1t tri\u1ec3n t\u1eeb \u0111\u1ea7u.<\/li>\n<li>Gi\u1ea3m thi\u1ec3u r\u1ee7i ro trong vi\u1ec7c kh\u1edfi nghi\u1ec7p v\u00e0 \u0111\u1ea7u t\u01b0 v\u00e0o m\u1ed9t c\u00f4ng ty \u0111\u00e3 c\u00f3 uy t\u00edn.<\/li>\n<li>Kh\u00f4ng c\u1ea7n ph\u1ea3i t\u1ef1 thi\u1ebft k\u1ebf s\u1ea3n ph\u1ea9m, x\u00e2y d\u1ef1ng th\u01b0\u01a1ng hi\u1ec7u hay t\u00ecm ki\u1ebfm kh\u00e1ch h\u00e0ng m\u1edbi, gi\u00fap ti\u1ebft ki\u1ec7m chi ph\u00ed cho vi\u1ec7c kh\u1edfi nghi\u1ec7p.<\/li>\n<li>\u0110\u01b0\u1ee3c h\u1ed7 tr\u1ee3 trong vi\u1ec7c \u0111\u00e0o t\u1ea1o nh\u00e2n vi\u00ean, qu\u1ea3n l\u00fd c\u1eeda h\u00e0ng v\u00e0 qu\u1ea3ng b\u00e1 th\u01b0\u01a1ng hi\u1ec7u.<\/li>\n<li>Gi\u00fap t\u0103ng gi\u00e1 tr\u1ecb c\u1ee7a th\u01b0\u01a1ng hi\u1ec7u v\u00e0 thu h\u00fat s\u1ef1 ch\u00fa \u00fd t\u1eeb c\u00e1c nh\u00e0 \u0111\u1ea7u t\u01b0.<\/li>\n<li>D\u1ec5 d\u00e0ng ki\u1ec3m so\u00e1t ch\u1ea5t l\u01b0\u1ee3ng s\u1ea3n ph\u1ea9m v\u00e0 d\u1ecbch v\u1ee5, \u0111\u1ed3ng th\u1eddi duy tr\u00ec ti\u00eau chu\u1ea9n c\u1ee7a th\u01b0\u01a1ng hi\u1ec7u.<\/li>\n<li>H\u1ecdc h\u1ecfi t\u1eeb kinh nghi\u1ec7m v\u00e0 ki\u1ebfn \u200b\u200bth\u1ee9c c\u1ee7a b\u00ean nh\u01b0\u1ee3ng quy\u1ec1n \u0111\u1ec3 ph\u00e1t tri\u1ec3n kinh doanh c\u1ee7a m\u00ecnh.<\/li>\n<li>H\u01b0\u1edfng l\u1ee3i t\u1eeb chi\u1ebfn l\u01b0\u1ee3c ti\u1ebfp th\u1ecb \u0111\u00e3 \u0111\u01b0\u1ee3c thi\u1ebft l\u1eadp s\u1eb5n b\u1edfi b\u00ean nh\u01b0\u1ee3ng quy\u1ec1n, gi\u00fap cho vi\u1ec7c ti\u1ebfp c\u1eadn kh\u00e1ch h\u00e0ng m\u1edbi tr\u1edf n\u00ean d\u1ec5 d\u00e0ng h\u01a1n.<\/li>\n<\/ul>\n<p><strong>Quy\u1ec1n l\u1ee3i \u0111\u1ed1i t\u00e1c nh\u01b0\u1ee3ng quy\u1ec1n t\u1ea1i Lisa Nail &amp; Spa<\/strong><\/p>\n<p>Tr\u00ean h\u00e0nh tr\u00ecnh ph\u00e1t tri\u1ec3n, Lisa Nail &amp; Spa t\u1ef1 h\u00e0o l\u00e0 c\u01a1 s\u1edf ti\u00ean phong trong d\u1ecbch v\u1ee5 ch\u00ednh s\u00e1ch nh\u01b0\u1ee3ng quy\u1ec1n kinh doanh spa uy t\u00edn t\u1ea1i khu v\u1ef1c TP.HCM. \u0110\u1ebfn v\u1edbi Lisa Nail &amp; Spa, qu\u00fd \u0111\u1ed1i t\u00e1c s\u1ebd nh\u1eadn \u0111\u01b0\u1ee3c nh\u1eefng ch\u00ednh s\u00e1ch nh\u01b0\u1ee3ng quy\u1ec1n v\u00e0 d\u1ecbch v\u1ee5 h\u00e0ng \u0111\u1ea7u trong l\u0129nh v\u1ef1c ch\u0103m s\u00f3c s\u1eafc \u0111\u1eb9p c\u00f9ng nh\u1eefng l\u1ee3i \u00edch to l\u1edbn bao g\u1ed3m:<\/p>\n<ul>\n<li>Quy tr\u00ecnh \u0111\u00e0o t\u1ea1o b\u00e0i b\u1ea3n nh\u1ea5t v\u1ec1 Nail &amp; Spa.<\/li>\n<li>\u0110\u01b0\u1ee3c chuy\u1ec3n giao full d\u1ecbch v\u1ee5 nail<\/li>\n<li>Nh\u1eadn \u0111\u01b0\u1ee3c s\u1ef1 c\u1ed1 v\u1ea5n chi\u1ebfn l\u01b0\u1ee3c, h\u1ed7 tr\u1ee3 \u0111o l\u01b0\u1eddng, th\u1ed1ng k\u00ea c\u0169ng nh\u01b0 \u0111\u01b0a ra ph\u01b0\u01a1ng \u00e1n marketing, truy\u1ec1n th\u00f4ng hi\u1ec7u qu\u1ea3.<\/li>\n<li>C\u1ed1 v\u1ea5n ph\u00e1p l\u00fd, gi\u1ea5y t\u1edd v\u00e0 t\u1ea5t c\u1ea3 th\u1ee7 t\u1ee5c kinh doanh.<\/li>\n<li>Th\u01b0\u01a1ng hi\u1ec7u uy t\u00edn \u0111\u01b0\u1ee3c \u0111\u00f4ng \u0111\u1ea3o ch\u1ecb em bi\u1ebft \u0111\u1ebfn nh\u1edd kinh nghi\u1ec7m nhi\u1ec1u n\u0103m trong l\u0129nh v\u1ef1c ch\u0103m s\u00f3c s\u1eafc \u0111\u1eb9p v\u00e0 s\u1ee9c kh\u1ecfe c\u1ed9ng \u0111\u1ed3ng.<\/li>\n<li>\u0110\u01b0\u1ee3c quy\u1ec1n s\u1eed d\u1ee5ng th\u01b0\u01a1ng hi\u1ec7u Lisa Nail &amp; Spa v\u00e0 t\u1ea5t c\u1ea3 s\u1ea3n ph\u1ea9m c\u00f4ng ngh\u1ec7, chi\u1ebfn l\u01b0\u1ee3c c\u00f9ng s\u1ef1 h\u1ed7 tr\u1ee3 to\u00e0n di\u1ec7n c\u1ee7a \u0111\u1ed9i ng\u0169 chuy\u00ean vi\u00ean t\u1ea1i tr\u1ee5 s\u1edf.<\/li>\n<li>S\u1eed d\u1ee5ng c\u00e1c ngu\u1ed3n t\u00e0i li\u1ec7u c\u0169ng nh\u01b0 h\u00ecnh \u1ea3nh, video, b\u00e0i vi\u1ebft, website,\u2026 t\u1eeb Lisa Nail &amp; Spa.<\/li>\n<li>\u0110\u01b0\u1ee3c h\u1ed7 tr\u1ee3 truy\u1ec1n th\u00f4ng khi h\u1ee3p t\u00e1c m\u1edf c\u01a1 s\u1edf nh\u01b0\u1ee3ng quy\u1ec1n nails &amp; spa.<\/li>\n<li>H\u1ed7 tr\u1ee3 c\u1eadp nh\u1eadt c\u00e1c g\u00f3i d\u1ecbch v\u1ee5 t\u1ed1i \u01b0u cho kh\u00e1ch h\u00e0ng tr\u1ea3i nghi\u1ec7m.<\/li>\n<li>T\u01b0 v\u1ea5n thi\u1ebft k\u1ebf kh\u00f4ng gian v\u00e0 c\u00e1ch b\u00e0y tr\u00ed thu h\u00fat kh\u00e1ch h\u00e0ng.<\/li>\n<li>Nhanh ch\u00f3ng thu h\u1ed3i v\u1ed1n t\u1eeb 3 \u2013 6 th\u00e1ng.<\/li>\n<\/ul>\n<figure id=\"attachment_1843\" aria-describedby=\"caption-attachment-1843\" style=\"width: 600px\" class=\"wp-caption aligncenter\"><img decoding=\"async\" loading=\"lazy\" class=\"wp-image-1843 size-large\" src=\"https:\/\/depthoitrang.com\/lisanail\/wp-content\/uploads\/2023\/06\/lisanailspa-600x800.jpg\" alt=\"\" width=\"600\" height=\"800\" srcset=\"https:\/\/pluginviet.com\/mau25\/wp-content\/uploads\/2023\/06\/lisanailspa-600x800.jpg 600w, https:\/\/pluginviet.com\/mau25\/wp-content\/uploads\/2023\/06\/lisanailspa-300x400.jpg 300w, https:\/\/pluginviet.com\/mau25\/wp-content\/uploads\/2023\/06\/lisanailspa-768x1024.jpg 768w, https:\/\/pluginviet.com\/mau25\/wp-content\/uploads\/2023\/06\/lisanailspa-1152x1536.jpg 1152w, https:\/\/pluginviet.com\/mau25\/wp-content\/uploads\/2023\/06\/lisanailspa.jpg 1536w\" sizes=\"(max-width: 600px) 100vw, 600px\" \/><figcaption id=\"caption-attachment-1843\" class=\"wp-caption-text\">Lisa Nail &amp; Spa \u0111\u00e3 tr\u1edf th\u00e0nh th\u01b0\u01a1ng hi\u1ec7u uy t\u00edn h\u00e0ng \u0111\u1ea7u t\u1ea1i Vi\u1ec7t Nam v\u1edbi chu\u1ed7i Spa ch\u0103m s\u00f3c s\u1ee9c kho\u1ebb v\u00e0 l\u00e0m \u0111\u1eb9p t\u1ea1i TPHCM<\/figcaption><\/figure>\n<p>V\u1edbi ti\u1ec1m n\u0103ng ph\u00e1t tri\u1ec3n m\u1ea1nh m\u1ebd trong l\u0129nh v\u1ef1c s\u1ee9c kho\u1ebb v\u00e0 s\u1eafc \u0111\u1eb9p, ch\u00ednh s\u00e1ch nh\u01b0\u1ee3ng quy\u1ec1n nail &amp; spa d\u01b0\u1ee1ng sinh t\u1ea1i Lisa Nail &amp; Spa s\u1ebd l\u00e0 l\u1ef1a ch\u1ecdn \u0111\u00fang \u0111\u1eafn gi\u00fap c\u00e1c \u0111\u1ed1i t\u00e1c m\u1edf r\u1ed9ng quy m\u00f4 c\u0169ng nh\u01b0 h\u1ea1n ch\u1ebf \u0111\u01b0\u1ee3c chi ph\u00ed, th\u1eddi gian v\u00e0 h\u1ea1 th\u1ea5p t\u1ef7 l\u1ec7 r\u1ee7i ro. Lisa Nail &amp; Spa hy v\u1ecdng qu\u00fd \u0111\u1ed1i t\u00e1c s\u1ebd c\u00f9ng chung tay x\u00e2y d\u1ef1ng ki\u1ebfn t\u1ea1o n\u00ean h\u1ec7 th\u1ed1ng th\u01b0\u01a1ng hi\u1ec7u Nails &amp; Spa h\u00e0ng \u0111\u1ea7u t\u1ea1i Vi\u1ec7t Nam, mang gi\u00e1 tr\u1ecb kh\u1ecfe \u2013 \u0111\u1eb9p \u2013 an to\u00e0n \u0111\u1ebfn v\u1edbi t\u1ea5t c\u1ea3 kh\u00e1ch h\u00e0ng mu\u1ed1n s\u1eed d\u1ee5ng d\u1ecbch v\u1ee5.<\/p>\n<p>M\u1ecdi th\u00f4ng tin \u0111\u1ea7u t\u01b0 ho\u1eb7c nh\u01b0\u1ee3ng quy\u1ec1n h\u1ec7 th\u1ed1ng Lisa Nail &amp; Spa xin vui l\u00f2ng li\u00ean h\u1ec7:\u00a0<a title=\"NH\u01af\u1ee2NG QUY\u1ec0N TH\u01af\u01a0NG HI\u1ec6U LISA NAIL &amp; SPA - M\u00d4 H\u00ccNH KINH DOANH MANG L\u1ea0I THU NH\u1eacP KH\u1ee6NG 2023\" href=\"tel:0832222211\"><strong>0832222211<\/strong><\/a><\/p>\n<p><strong>TH\u00d4NG TIN LI\u00caN H\u1ec6:<\/strong><\/p>\n<p><u><strong>Salon Qu\u1eadn 1<\/strong><\/u><br \/>\n<a title=\"NH\u01af\u1ee2NG QUY\u1ec0N TH\u01af\u01a0NG HI\u1ec6U LISA NAIL &amp; SPA - M\u00d4 H\u00ccNH KINH DOANH MANG L\u1ea0I THU NH\u1eacP KH\u1ee6NG 2023\" href=\"https:\/\/www.google.com\/maps\/place\/Lisa+Nail+%26+Spa+-+Qu%E1%BA%ADn+1+(+Nail+Salon,+G%E1%BB%99i+%C4%90%E1%BA%A7u,+Massage+),+416A+Hai+B%C3%A0+Tr%C6%B0ng,+Ph%C6%B0%E1%BB%9Dng+T%C3%A2n+%C4%90%E1%BB%8Bnh,+Qu%E1%BA%ADn+1,+Th%C3%A0nh+ph%E1%BB%91+H%E1%BB%93+Ch%C3%AD+Minh+70000,+Vi%E1%BB%87t+Nam\/@10.7912089,106.6879944,16z\/data=!4m6!3m5!1s0x31752972808696db:0xdc4bd7654ce0cffd!8m2!3d10.7912089!4d106.6879944!16s%2Fg%2F11jt2bj0fv\">416A Hai B\u00e0 Tr\u01b0ng, P. T\u00e2n \u0110\u1ecbnh, Q.1, TPHCM<\/a><br \/>\n<i><\/i>Hotline \u0111\u1eb7t l\u1ecbch:\u00a0<a title=\"NH\u01af\u1ee2NG QUY\u1ec0N TH\u01af\u01a0NG HI\u1ec6U LISA NAIL &amp; SPA - M\u00d4 H\u00ccNH KINH DOANH MANG L\u1ea0I THU NH\u1eacP KH\u1ee6NG 2023\" href=\"tel:0777776922\">0777776922<\/a><\/p>\n<p><u><strong>Salon Qu\u1eadn 3<\/strong><\/u><br \/>\n<a title=\"NH\u01af\u1ee2NG QUY\u1ec0N TH\u01af\u01a0NG HI\u1ec6U LISA NAIL &amp; SPA - M\u00d4 H\u00ccNH KINH DOANH MANG L\u1ea0I THU NH\u1eacP KH\u1ee6NG 2023\" href=\"https:\/\/www.google.com\/maps\/place\/Lisa+Nail+%26+Spa+-+Qu%E1%BA%ADn+3+(+Nail+Salon,+G%E1%BB%99i+%C4%90%E1%BA%A7u,+Massage+),+198+%C4%90.+C%C3%A1ch+M%E1%BA%A1ng+Th%C3%A1ng+8,+Ph%C6%B0%E1%BB%9Dng+10,+Qu%E1%BA%ADn+3,+Th%C3%A0nh+ph%E1%BB%91+H%E1%BB%93+Ch%C3%AD+Minh,+Vi%E1%BB%87t+Nam\/@10.7796417,106.6784685,16z\/data=!4m6!3m5!1s0x31752f74f4ff352b:0xe84fdf00ffebcbe1!8m2!3d10.7796417!4d106.6784685!16s%2Fg%2F11s57bqd2l\">198 C\u00e1ch M\u1ea1ng Th\u00e1ng 8, P.10, Q.3, TPHCM<\/a><br \/>\n<i><\/i>Hotline \u0111\u1eb7t l\u1ecbch:\u00a0<a title=\"NH\u01af\u1ee2NG QUY\u1ec0N TH\u01af\u01a0NG HI\u1ec6U LISA NAIL &amp; SPA - M\u00d4 H\u00ccNH KINH DOANH MANG L\u1ea0I THU NH\u1eacP KH\u1ee6NG 2023\" href=\"tel: 0777776922\">0777776928<\/a><\/p>\n<p><u><strong>Salon Qu\u1eadn 5<\/strong><\/u><br \/>\n<a title=\"NH\u01af\u1ee2NG QUY\u1ec0N TH\u01af\u01a0NG HI\u1ec6U LISA NAIL &amp; SPA - M\u00d4 H\u00ccNH KINH DOANH MANG L\u1ea0I THU NH\u1eacP KH\u1ee6NG 2023\" href=\"https:\/\/www.google.com\/maps\/place\/Hari+Nail+Qu%E1%BA%ADn+5+-+Nail+Salon,+G%E1%BB%99i+%C4%90%E1%BA%A7u,+Massage,+75+%C4%90.+Tr%E1%BA%A7n+H%C6%B0ng+%C4%90%E1%BA%A1o,+Ph%C6%B0%E1%BB%9Dng+6,+Qu%E1%BA%ADn+5,+Th%C3%A0nh+ph%E1%BB%91+H%E1%BB%93+Ch%C3%AD+Minh+700000,+Vi%E1%BB%87t+Nam\/@10.7525548,106.6696017,16z\/data=!4m6!3m5!1s0x31752fd982d1965f:0xab07098b9614ea72!8m2!3d10.7525548!4d106.6696017!16s%2Fg%2F11qr_z5vsk\">75 Tr\u1ea7n H\u01b0ng \u0110\u1ea1o, P.6, Q.5, TPHCM<\/a><br \/>\n<i><\/i>Hotline \u0111\u1eb7t l\u1ecbch:\u00a0<a title=\"NH\u01af\u1ee2NG QUY\u1ec0N TH\u01af\u01a0NG HI\u1ec6U LISA NAIL &amp; SPA - M\u00d4 H\u00ccNH KINH DOANH MANG L\u1ea0I THU NH\u1eacP KH\u1ee6NG 2023\" href=\"tel:0777776938\">0777776938<\/a><\/p>\n","protected":false},"excerpt":{"rendered":"<p>NH\u01af\u1ee2NG QUY\u1ec0N TH\u01af\u01a0NG HI\u1ec6U LISA NAIL &amp; SPA &#8211; M\u00d4 H\u00ccNH KINH DOANH MANG L\u1ea0I THU NH\u1eacP KH\u1ee6NG 2023 Lisa Nail &amp; Spa lu\u00f4n \u1ea5p \u1ee7 hy v\u1ecdng c\u00f3 th\u1ec3 mang gi\u00e1 tr\u1ecb th\u1ea9m m\u1ef9 t\u1edbi nhi\u1ec1u n\u01a1i, nhi\u1ec1u ng\u01b0\u1eddi h\u01a1n n\u1eefa trong th\u1eddi gian t\u1edbi. V\u00ec th\u1ebf, ch\u00fang t\u00f4i lu\u00f4n s\u1eb5n s\u00e0ng ch\u00e0o \u0111\u00f3n [&#8230;]\n","protected":false},"author":1,"featured_media":0,"parent":0,"menu_order":0,"comment_status":"closed","ping_status":"closed","template":"","meta":{"footnotes":""},"yoast_head":"<!-- This site is optimized with the Yoast SEO plugin v20.13 - https:\/\/yoast.com\/wordpress\/plugins\/seo\/ -->\n<title>LISA NAIL &amp; SPA<\/title>\n<meta name=\"robots\" content=\"index, follow, max-snippet:-1, max-image-preview:large, max-video-preview:-1\" \/>\n<link rel=\"canonical\" href=\"https:\/\/pluginviet.com\/mau25\/nhuong-quyen\/\" \/>\n<meta property=\"og:locale\" content=\"vi_VN\" \/>\n<meta property=\"og:type\" content=\"article\" \/>\n<meta property=\"og:title\" content=\"LISA NAIL &amp; SPA\" \/>\n<meta property=\"og:description\" content=\"NH\u01af\u1ee2NG QUY\u1ec0N TH\u01af\u01a0NG HI\u1ec6U LISA NAIL &amp; SPA &#8211; M\u00d4 H\u00ccNH KINH DOANH MANG L\u1ea0I THU NH\u1eacP KH\u1ee6NG 2023 Lisa Nail &amp; Spa lu\u00f4n \u1ea5p \u1ee7 hy v\u1ecdng c\u00f3 th\u1ec3 mang gi\u00e1 tr\u1ecb th\u1ea9m m\u1ef9 t\u1edbi nhi\u1ec1u n\u01a1i, nhi\u1ec1u ng\u01b0\u1eddi h\u01a1n n\u1eefa trong th\u1eddi gian t\u1edbi. V\u00ec th\u1ebf, ch\u00fang t\u00f4i lu\u00f4n s\u1eb5n s\u00e0ng ch\u00e0o \u0111\u00f3n [...]\" \/>\n<meta property=\"og:url\" content=\"https:\/\/pluginviet.com\/mau25\/nhuong-quyen\/\" \/>\n<meta property=\"og:site_name\" content=\"LISA NAIL &amp; SPA\" \/>\n<meta property=\"article:modified_time\" content=\"2023-06-05T09:40:47+00:00\" \/>\n<meta property=\"og:image\" content=\"https:\/\/depthoitrang.com\/lisanail\/wp-content\/uploads\/2023\/06\/nhuong-quyen-thuong-hieu-lisa-nail-spa.jpg\" \/>\n<meta name=\"twitter:card\" content=\"summary_large_image\" \/>\n<meta name=\"twitter:label1\" content=\"\u01af\u1edbc t\u00ednh th\u1eddi gian \u0111\u1ecdc\" \/>\n\t<meta name=\"twitter:data1\" content=\"8 ph\u00fat\" \/>\n<script type=\"application\/ld+json\" class=\"yoast-schema-graph\">{\"@context\":\"https:\/\/schema.org\",\"@graph\":[{\"@type\":\"WebPage\",\"@id\":\"https:\/\/pluginviet.com\/mau25\/nhuong-quyen\/\",\"url\":\"https:\/\/pluginviet.com\/mau25\/nhuong-quyen\/\",\"name\":\"LISA NAIL &amp; SPA\",\"isPartOf\":{\"@id\":\"https:\/\/pluginviet.com\/mau25\/#website\"},\"datePublished\":\"2023-06-05T09:37:56+00:00\",\"dateModified\":\"2023-06-05T09:40:47+00:00\",\"breadcrumb\":{\"@id\":\"https:\/\/pluginviet.com\/mau25\/nhuong-quyen\/#breadcrumb\"},\"inLanguage\":\"vi\",\"potentialAction\":[{\"@type\":\"ReadAction\",\"target\":[\"https:\/\/pluginviet.com\/mau25\/nhuong-quyen\/\"]}]},{\"@type\":\"BreadcrumbList\",\"@id\":\"https:\/\/pluginviet.com\/mau25\/nhuong-quyen\/#breadcrumb\",\"itemListElement\":[{\"@type\":\"ListItem\",\"position\":1,\"name\":\"Trang ch\u1ee7\",\"item\":\"https:\/\/pluginviet.com\/mau25\/\"},{\"@type\":\"ListItem\",\"position\":2,\"name\":\"Nh\u01b0\u1ee3ng quy\u1ec1n\"}]},{\"@type\":\"WebSite\",\"@id\":\"https:\/\/pluginviet.com\/mau25\/#website\",\"url\":\"https:\/\/pluginviet.com\/mau25\/\",\"name\":\"LISA NAIL &amp; SPA\",\"description\":\"\",\"potentialAction\":[{\"@type\":\"SearchAction\",\"target\":{\"@type\":\"EntryPoint\",\"urlTemplate\":\"https:\/\/pluginviet.com\/mau25\/?s={search_term_string}\"},\"query-input\":\"required name=search_term_string\"}],\"inLanguage\":\"vi\"}]}<\/script>\n<!-- \/ Yoast SEO plugin. -->","yoast_head_json":{"title":"LISA NAIL &amp; SPA","robots":{"index":"index","follow":"follow","max-snippet":"max-snippet:-1","max-image-preview":"max-image-preview:large","max-video-preview":"max-video-preview:-1"},"canonical":"https:\/\/pluginviet.com\/mau25\/nhuong-quyen\/","og_locale":"vi_VN","og_type":"article","og_title":"LISA NAIL &amp; SPA","og_description":"NH\u01af\u1ee2NG QUY\u1ec0N TH\u01af\u01a0NG HI\u1ec6U LISA NAIL &amp; SPA &#8211; M\u00d4 H\u00ccNH KINH DOANH MANG L\u1ea0I THU NH\u1eacP KH\u1ee6NG 2023 Lisa Nail &amp; Spa lu\u00f4n \u1ea5p \u1ee7 hy v\u1ecdng c\u00f3 th\u1ec3 mang gi\u00e1 tr\u1ecb th\u1ea9m m\u1ef9 t\u1edbi nhi\u1ec1u n\u01a1i, nhi\u1ec1u ng\u01b0\u1eddi h\u01a1n n\u1eefa trong th\u1eddi gian t\u1edbi. V\u00ec th\u1ebf, ch\u00fang t\u00f4i lu\u00f4n s\u1eb5n s\u00e0ng ch\u00e0o \u0111\u00f3n [...]","og_url":"https:\/\/pluginviet.com\/mau25\/nhuong-quyen\/","og_site_name":"LISA NAIL &amp; SPA","article_modified_time":"2023-06-05T09:40:47+00:00","og_image":[{"url":"https:\/\/depthoitrang.com\/lisanail\/wp-content\/uploads\/2023\/06\/nhuong-quyen-thuong-hieu-lisa-nail-spa.jpg"}],"twitter_card":"summary_large_image","twitter_misc":{"\u01af\u1edbc t\u00ednh th\u1eddi gian \u0111\u1ecdc":"8 ph\u00fat"},"schema":{"@context":"https:\/\/schema.org","@graph":[{"@type":"WebPage","@id":"https:\/\/pluginviet.com\/mau25\/nhuong-quyen\/","url":"https:\/\/pluginviet.com\/mau25\/nhuong-quyen\/","name":"LISA NAIL &amp; SPA","isPartOf":{"@id":"https:\/\/pluginviet.com\/mau25\/#website"},"datePublished":"2023-06-05T09:37:56+00:00","dateModified":"2023-06-05T09:40:47+00:00","breadcrumb":{"@id":"https:\/\/pluginviet.com\/mau25\/nhuong-quyen\/#breadcrumb"},"inLanguage":"vi","potentialAction":[{"@type":"ReadAction","target":["https:\/\/pluginviet.com\/mau25\/nhuong-quyen\/"]}]},{"@type":"BreadcrumbList","@id":"https:\/\/pluginviet.com\/mau25\/nhuong-quyen\/#breadcrumb","itemListElement":[{"@type":"ListItem","position":1,"name":"Trang ch\u1ee7","item":"https:\/\/pluginviet.com\/mau25\/"},{"@type":"ListItem","position":2,"name":"Nh\u01b0\u1ee3ng quy\u1ec1n"}]},{"@type":"WebSite","@id":"https:\/\/pluginviet.com\/mau25\/#website","url":"https:\/\/pluginviet.com\/mau25\/","name":"LISA NAIL &amp; SPA","description":"","potentialAction":[{"@type":"SearchAction","target":{"@type":"EntryPoint","urlTemplate":"https:\/\/pluginviet.com\/mau25\/?s={search_term_string}"},"query-input":"required name=search_term_string"}],"inLanguage":"vi"}]}},"lang":"vi","translations":{"vi":1915,"en":2403},"pll_sync_post":[],"_links":{"self":[{"href":"https:\/\/pluginviet.com\/mau25\/wp-json\/wp\/v2\/pages\/1915"}],"collection":[{"href":"https:\/\/pluginviet.com\/mau25\/wp-json\/wp\/v2\/pages"}],"about":[{"href":"https:\/\/pluginviet.com\/mau25\/wp-json\/wp\/v2\/types\/page"}],"author":[{"embeddable":true,"href":"https:\/\/pluginviet.com\/mau25\/wp-json\/wp\/v2\/users\/1"}],"replies":[{"embeddable":true,"href":"https:\/\/pluginviet.com\/mau25\/wp-json\/wp\/v2\/comments?post=1915"}],"version-history":[{"count":4,"href":"https:\/\/pluginviet.com\/mau25\/wp-json\/wp\/v2\/pages\/1915\/revisions"}],"predecessor-version":[{"id":1920,"href":"https:\/\/pluginviet.com\/mau25\/wp-json\/wp\/v2\/pages\/1915\/revisions\/1920"}],"wp:attachment":[{"href":"https:\/\/pluginviet.com\/mau25\/wp-json\/wp\/v2\/media?parent=1915"}],"curies":[{"name":"wp","href":"https:\/\/api.w.org\/{rel}","templated":true}]}}