{"id":1902,"date":"2023-06-05T08:57:27","date_gmt":"2023-06-05T08:57:27","guid":{"rendered":"https:\/\/depthoitrang.com\/lisanail\/?page_id=1902"},"modified":"2023-06-05T09:09:45","modified_gmt":"2023-06-05T09:09:45","slug":"chinh-sach-bao-mat-thong-tin","status":"publish","type":"page","link":"https:\/\/pluginviet.com\/mau25\/chinh-sach-bao-mat-thong-tin\/","title":{"rendered":"Ch\u00ednh S\u00e1ch B\u1ea3o M\u1eadt Th\u00f4ng Tin"},"content":{"rendered":"<h1 class=\"m-bottom-5 fw-bold\">CH\u00cdNH S\u00c1CH B\u1ea2O M\u1eacT TH\u00d4NG TIN<\/h1>\n<p>Quy\u1ec1n ri\u00eang t\u01b0 c\u1ee7a kh\u00e1ch h\u00e0ng l\u00e0 v\u00f4 c\u00f9ng quan tr\u1ecdng v\u1edbi kh\u00e1ch h\u00e0ng v\u00e0 LISA , v\u00ec th\u1ebf, ch\u00fang t\u00f4i ch\u1ec9 s\u1ebd s\u1eed d\u1ee5ng t\u00ean v\u00e0 m\u1ed9t s\u1ed1 th\u00f4ng tin kh\u00e1c c\u1ee7a qu\u00fd kh\u00e1ch theo c\u00e1ch \u0111\u01b0\u1ee3c \u0111\u1ec1 ra trong Ch\u00ednh s\u00e1ch B\u1ea3o m\u1eadt n\u00e0y. Ch\u00fang t\u00f4i ch\u1ec9 s\u1ebd thu th\u1eadp nh\u1eefng th\u00f4ng tin c\u1ea7n thi\u1ebft v\u00e0 c\u00f3 li\u00ean quan \u0111\u1ebfn giao d\u1ecbch gi\u1eefa ch\u00fang t\u00f4i v\u00e0 qu\u00fd kh\u00e1ch.<\/p>\n<p>Ch\u00fang t\u00f4i ch\u1ec9 gi\u1eef th\u00f4ng tin c\u1ee7a qu\u00fd kh\u00e1ch trong th\u1eddi gian lu\u1eadt ph\u00e1p y\u00eau c\u1ea7u ho\u1eb7c cho m\u1ee5c \u0111\u00edch m\u00e0 th\u00f4ng tin \u0111\u00f3 \u0111\u01b0\u1ee3c thu th\u1eadp.<\/p>\n<p>Qu\u00fd kh\u00e1ch c\u00f3 th\u1ec3 gh\u00e9 th\u0103m trang web m\u00e0 kh\u00f4ng c\u1ea7n ph\u1ea3i cung c\u1ea5p b\u1ea5t k\u1ef3 th\u00f4ng tin c\u00e1 nh\u00e2n n\u00e0o. Khi truy c\u1eadp trang web, qu\u00fd kh\u00e1ch s\u1ebd lu\u00f4n \u1edf trong t\u00ecnh tr\u1ea1ng v\u00f4 danh tr\u1eeb khi qu\u00fd kh\u00e1ch c\u00f3 t\u00e0i kho\u1ea3n tr\u00ean trang web v\u00e0 \u0111\u0103ng nh\u1eadp v\u00e0o b\u1eb1ng t\u00ean v\u00e0 m\u1eadt kh\u1ea9u c\u1ee7a m\u00ecnh.<\/p>\n<p>N\u1ebfu qu\u00fd kh\u00e1ch c\u00f3 \u00fd ki\u1ebfn hay \u0111\u00f3ng g\u00f3p g\u00ec, xin vui l\u00f2ng g\u1eedi email t\u1edbi info@lisanail.vn ch\u00fang t\u00f4i lu\u00f4n s\u1eb5n s\u00e0ng l\u1eafng nghe nh\u1eefng nh\u1eadn x\u00e9t c\u1ee7a qu\u00fd kh\u00e1ch.<\/p>\n<p>Quy \u0111\u1ecbnh B\u1ea3o m\u1eadt c\u1ee7a ch\u00fang t\u00f4i ho\u00e0n to\u00e0n tu\u00e2n theo Quy \u0111\u1ecbnh c\u1ee7a Ph\u00e1p lu\u1eadt v\u1ec1 B\u1ea3o m\u1eadt th\u00f4ng tin c\u00e1 nh\u00e2n.<\/p>\n<p><strong>Thu th\u1eadp th\u00f4ng tin c\u00e1 nh\u00e2n<\/strong><\/p>\n<p>LISA kh\u00f4ng b\u00e1n, chia s\u1ebb hay trao \u0111\u1ed5i th\u00f4ng tin c\u00e1 nh\u00e2n c\u1ee7a kh\u00e1ch h\u00e0ng thu th\u1eadp tr\u00ean trang web cho m\u1ed9t b\u00ean th\u1ee9 ba n\u00e0o kh\u00e1c.<\/p>\n<p>Th\u00f4ng tin c\u00e1 nh\u00e2n thu th\u1eadp \u0111\u01b0\u1ee3c s\u1ebd ch\u1ec9 \u0111\u01b0\u1ee3c s\u1eed d\u1ee5ng trong n\u1ed9i b\u1ed9 c\u00f4ng ty LISA cho vi\u1ec7c ph\u1ee5c v\u1ee5 kh\u00e1ch h\u00e0ng.<\/p>\n<p>Khi qu\u00fd kh\u00e1ch \u0111\u0103ng k\u00fd t\u00e0i kho\u1ea3n LISA, th\u00f4ng tin c\u00e1 nh\u00e2n m\u00e0 ch\u00fang t\u00f4i thu th\u1eadp bao g\u1ed3m:<\/p>\n<p>&#8211; T\u00ean<\/p>\n<p>&#8211; S\u1ed1 \u0111i\u1ec7n tho\u1ea1i di \u0111\u1ed9ng<\/p>\n<p>Nh\u1eefng th\u00f4ng tin tr\u00ean s\u1ebd \u0111\u01b0\u1ee3c s\u1eed d\u1ee5ng cho m\u1ed9t ho\u1eb7c t\u1ea5t c\u1ea3 c\u00e1c m\u1ee5c \u0111\u00edch sau \u0111\u00e2y:.<\/p>\n<p>&#8211; Cung c\u1ea5p th\u00f4ng tin li\u00ean quan \u0111\u1ebfn s\u1ea3n ph\u1ea9m.<\/p>\n<p>&#8211; X\u1eed l\u00fd l\u1ecbch h\u1eb9n v\u00e0 cung c\u1ea5p d\u1ecbch v\u1ee5 v\u00e0 th\u00f4ng tin qua trang web c\u1ee7a ch\u00fang t\u00f4i theo y\u00eau c\u1ea7u c\u1ee7a qu\u00fd kh\u00e1ch.<\/p>\n<p>Khi qu\u00fd kh\u00e1ch \u0111\u0103ng k\u00fd l\u00e0m th\u00e0nh vi\u00ean tr\u00ean trang Website ch\u00fang t\u00f4i c\u0169ng s\u1ebd s\u1eed d\u1ee5ng th\u00f4ng tin c\u00e1 nh\u00e2n c\u1ee7a qu\u00fd kh\u00e1ch \u0111\u1ec3 g\u1eedi c\u00e1c th\u00f4ng tin khuy\u1ebfn m\u00e3i\/ti\u1ebfp th\u1ecb. Qu\u00fd kh\u00e1ch c\u00f3 th\u1ec3 h\u1ee7y nh\u1eadn c\u00e1c th\u00f4ng tin \u0111\u00f3 b\u1ea5t k\u1ef3 l\u00fac n\u00e0o b\u1eb1ng c\u00e1ch s\u1eed d\u1ee5ng ch\u1ee9c n\u0103ng h\u1ee7y \u0111\u0103ng k\u00fd trong c\u00e1c th\u00f4ng b\u00e1o qu\u1ea3ng c\u00e1o.<\/p>\n<p>Qu\u00fd kh\u00e1ch ph\u1ea3i cung c\u1ea5p cho ch\u00fang t\u00f4i ho\u1eb7c \u0111\u1ea1i l\u00fd c\u1ee7a ch\u00fang t\u00f4i ho\u1eb7c trang web nh\u1eefng th\u00f4ng tin ch\u00ednh x\u00e1c v\u00e0 ph\u1ea3i lu\u00f4n c\u1eadp nh\u1eadt th\u00f4ng tin v\u00e0 th\u00f4ng b\u00e1o cho ch\u00fang t\u00f4i bi\u1ebft n\u1ebfu c\u00f3 thay \u0111\u1ed5i.<\/p>\n<p><strong>B\u1ea3o m\u1eadt th\u00f4ng tin c\u00e1 nh\u00e2n<\/strong><\/p>\n<p>LISA \u0111\u1ea3m b\u1ea3o r\u1eb1ng m\u1ecdi th\u00f4ng tin thu th\u1eadp \u0111\u01b0\u1ee3c s\u1ebd \u0111\u01b0\u1ee3c l\u01b0u gi\u1eef an to\u00e0n. Ch\u00fang t\u00f4i b\u1ea3o v\u1ec7 th\u00f4ng tin c\u00e1 nh\u00e2n c\u1ee7a qu\u00fd kh\u00e1ch b\u1eb1ng c\u00e1ch:<\/p>\n<p>&#8211; Gi\u1edbi h\u1ea1n truy c\u1eadp th\u00f4ng tin c\u00e1 nh\u00e2n.<\/p>\n<p>&#8211; S\u1eed d\u1ee5ng s\u1ea3n ph\u1ea9m c\u00f4ng ngh\u1ec7 \u0111\u1ec3 ng\u0103n ch\u1eb7n truy c\u1eadp m\u00e1y t\u00ednh tr\u00e1i ph\u00e9p.<\/p>\n<p>&#8211; X\u00f3a th\u00f4ng tin c\u00e1 nh\u00e2n c\u1ee7a qu\u00fd kh\u00e1ch khi n\u00f3 kh\u00f4ng c\u00f2n c\u1ea7n thi\u1ebft cho m\u1ee5c \u0111\u00edch l\u01b0u tr\u1eef h\u1ed3 s\u01a1 c\u1ee7a ch\u00fang t\u00f4i.<\/p>\n<p><strong>Ti\u1ebft l\u1ed9 th\u00f4ng tin c\u00e1 nh\u00e2n<\/strong><\/p>\n<p>Ch\u00fang t\u00f4i s\u1ebd kh\u00f4ng chia s\u1ebb th\u00f4ng tin c\u1ee7a qu\u00fd kh\u00e1ch cho b\u1ea5t k\u1ef3 m\u1ed9t c\u00f4ng ty n\u00e0o kh\u00e1c ngo\u1ea1i tr\u1eeb nh\u1eefng c\u00f4ng ty v\u00e0 c\u00e1c b\u00ean th\u1ee9 ba c\u00f3 li\u00ean quan tr\u1ef1c ti\u1ebfp \u0111\u1ebfn vi\u1ec7c giao h\u00e0ng m\u00e0 qu\u00fd kh\u00e1ch \u0111\u00e3 mua t\u1ea1i LISA Trong m\u1ed9t v\u00e0i tr\u01b0\u1eddng h\u1ee3p \u0111\u1eb7c bi\u1ec7t, LISA c\u00f3 th\u1ec3 b\u1ecb y\u00eau c\u1ea7u ph\u1ea3i ti\u1ebft l\u1ed9 th\u00f4ng tin c\u00e1 nh\u00e2n, v\u00ed d\u1ee5 nh\u01b0 khi c\u00f3 c\u0103n c\u1ee9 cho vi\u1ec7c ti\u1ebft l\u1ed9 th\u00f4ng tin l\u00e0 c\u1ea7n thi\u1ebft \u0111\u1ec3 ng\u0103n ch\u1eb7n c\u00e1c m\u1ed1i \u0111e d\u1ecda v\u1ec1 t\u00ednh m\u1ea1ng v\u00e0 s\u1ee9c kh\u1ecfe, hay cho m\u1ee5c \u0111\u00edch th\u1ef1c thi ph\u00e1p lu\u1eadt. LISA cam k\u1ebft tu\u00e2n th\u1ee7 \u0110\u1ea1o lu\u1eadt B\u1ea3o M\u1eadt v\u00e0 c\u00e1c Nguy\u00ean t\u1eafc B\u1ea3o m\u1eadt Qu\u1ed1c gia.<\/p>\n<p><strong>Ch\u00ednh s\u00e1ch b\u1ea3o m\u1eadt thanh to\u00e1n<\/strong><\/p>\n<p>&#8211; H\u1ec7 th\u1ed1ng thanh to\u00e1n th\u1ebb tr\u00ean LISA \u0111\u01b0\u1ee3c cung c\u1ea5p b\u1edfi c\u00e1c \u0111\u1ed1i t\u00e1c c\u1ed5ng thanh to\u00e1n \u0111\u00e3 \u0111\u01b0\u1ee3c c\u1ea5p ph\u00e9p ho\u1ea1t \u0111\u1ed9ng h\u1ee3p ph\u00e1p t\u1ea1i Vi\u1ec7t Nam. Do \u0111\u00f3, c\u00e1c ti\u00eau chu\u1ea9n b\u1ea3o m\u1eadt thanh to\u00e1n th\u1ebb c\u1ee7a LISA \u0111\u1ea3m b\u1ea3o tu\u00e2n th\u1ee7 theo c\u00e1c ti\u00eau chu\u1ea9n b\u1ea3o m\u1eadt c\u1ee7a \u0110\u1ed1i t\u00e1c c\u1ed9ng thanh to\u00e1n.<\/p>\n<p>&#8211; Ngo\u00e0i ra, LISA c\u00f2n c\u00f3 c\u00e1c ti\u00eau chu\u1ea9n b\u1ea3o m\u1eadt giao d\u1ecbch thanh to\u00e1n ri\u00eang \u0111\u1ec3 \u0111\u1ea3m b\u1ea3o an to\u00e0n c\u00e1c th\u00f4ng tin thanh to\u00e1n c\u1ee7a kh\u00e1ch h\u00e0ng.<\/p>\n<p><strong>Thay \u0111\u1ed5i c\u1ee7a Ch\u00ednh s\u00e1ch B\u1ea3o m\u1eadt\u00a0<\/strong><\/p>\n<p>LISA c\u00f3 quy\u1ec1n thay \u0111\u1ed5i v\u00e0 ch\u1ec9nh s\u1eeda Quy \u0111\u1ecbnh B\u1ea3o m\u1eadt v\u00e0o b\u1ea5t k\u1ef3 l\u00fac n\u00e0o. B\u1ea5t c\u1ee9 thay \u0111\u1ed5i n\u00e0o v\u1ec1 ch\u00ednh s\u00e1ch n\u00e0y \u0111\u1ec1u \u0111\u01b0\u1ee3c \u0111\u0103ng tr\u00ean trang web c\u1ee7a ch\u00fang t\u00f4i.<\/p>\n","protected":false},"excerpt":{"rendered":"<p>CH\u00cdNH S\u00c1CH B\u1ea2O M\u1eacT TH\u00d4NG TIN Quy\u1ec1n ri\u00eang t\u01b0 c\u1ee7a kh\u00e1ch h\u00e0ng l\u00e0 v\u00f4 c\u00f9ng quan tr\u1ecdng v\u1edbi kh\u00e1ch h\u00e0ng v\u00e0 LISA , v\u00ec th\u1ebf, ch\u00fang t\u00f4i ch\u1ec9 s\u1ebd s\u1eed d\u1ee5ng t\u00ean v\u00e0 m\u1ed9t s\u1ed1 th\u00f4ng tin kh\u00e1c c\u1ee7a qu\u00fd kh\u00e1ch theo c\u00e1ch \u0111\u01b0\u1ee3c \u0111\u1ec1 ra trong Ch\u00ednh s\u00e1ch B\u1ea3o m\u1eadt n\u00e0y. Ch\u00fang t\u00f4i ch\u1ec9 [&#8230;]\n","protected":false},"author":1,"featured_media":0,"parent":0,"menu_order":0,"comment_status":"closed","ping_status":"closed","template":"","meta":{"footnotes":""},"yoast_head":"<!-- This site is optimized with the Yoast SEO plugin v20.13 - https:\/\/yoast.com\/wordpress\/plugins\/seo\/ -->\n<title>LISA NAIL &amp; SPA<\/title>\n<meta name=\"robots\" content=\"index, follow, max-snippet:-1, max-image-preview:large, max-video-preview:-1\" \/>\n<link rel=\"canonical\" href=\"https:\/\/pluginviet.com\/mau25\/chinh-sach-bao-mat-thong-tin\/\" \/>\n<meta property=\"og:locale\" content=\"vi_VN\" \/>\n<meta property=\"og:type\" content=\"article\" \/>\n<meta property=\"og:title\" content=\"LISA NAIL &amp; SPA\" \/>\n<meta property=\"og:description\" content=\"CH\u00cdNH S\u00c1CH B\u1ea2O M\u1eacT TH\u00d4NG TIN Quy\u1ec1n ri\u00eang t\u01b0 c\u1ee7a kh\u00e1ch h\u00e0ng l\u00e0 v\u00f4 c\u00f9ng quan tr\u1ecdng v\u1edbi kh\u00e1ch h\u00e0ng v\u00e0 LISA , v\u00ec th\u1ebf, ch\u00fang t\u00f4i ch\u1ec9 s\u1ebd s\u1eed d\u1ee5ng t\u00ean v\u00e0 m\u1ed9t s\u1ed1 th\u00f4ng tin kh\u00e1c c\u1ee7a qu\u00fd kh\u00e1ch theo c\u00e1ch \u0111\u01b0\u1ee3c \u0111\u1ec1 ra trong Ch\u00ednh s\u00e1ch B\u1ea3o m\u1eadt n\u00e0y. Ch\u00fang t\u00f4i ch\u1ec9 [...]\" \/>\n<meta property=\"og:url\" content=\"https:\/\/pluginviet.com\/mau25\/chinh-sach-bao-mat-thong-tin\/\" \/>\n<meta property=\"og:site_name\" content=\"LISA NAIL &amp; SPA\" \/>\n<meta property=\"article:modified_time\" content=\"2023-06-05T09:09:45+00:00\" \/>\n<meta name=\"twitter:card\" content=\"summary_large_image\" \/>\n<meta name=\"twitter:label1\" content=\"\u01af\u1edbc t\u00ednh th\u1eddi gian \u0111\u1ecdc\" \/>\n\t<meta name=\"twitter:data1\" content=\"5 ph\u00fat\" \/>\n<script type=\"application\/ld+json\" class=\"yoast-schema-graph\">{\"@context\":\"https:\/\/schema.org\",\"@graph\":[{\"@type\":\"WebPage\",\"@id\":\"https:\/\/pluginviet.com\/mau25\/chinh-sach-bao-mat-thong-tin\/\",\"url\":\"https:\/\/pluginviet.com\/mau25\/chinh-sach-bao-mat-thong-tin\/\",\"name\":\"LISA NAIL &amp; SPA\",\"isPartOf\":{\"@id\":\"https:\/\/pluginviet.com\/mau25\/#website\"},\"datePublished\":\"2023-06-05T08:57:27+00:00\",\"dateModified\":\"2023-06-05T09:09:45+00:00\",\"breadcrumb\":{\"@id\":\"https:\/\/pluginviet.com\/mau25\/chinh-sach-bao-mat-thong-tin\/#breadcrumb\"},\"inLanguage\":\"vi\",\"potentialAction\":[{\"@type\":\"ReadAction\",\"target\":[\"https:\/\/pluginviet.com\/mau25\/chinh-sach-bao-mat-thong-tin\/\"]}]},{\"@type\":\"BreadcrumbList\",\"@id\":\"https:\/\/pluginviet.com\/mau25\/chinh-sach-bao-mat-thong-tin\/#breadcrumb\",\"itemListElement\":[{\"@type\":\"ListItem\",\"position\":1,\"name\":\"Trang ch\u1ee7\",\"item\":\"https:\/\/pluginviet.com\/mau25\/\"},{\"@type\":\"ListItem\",\"position\":2,\"name\":\"Ch\u00ednh S\u00e1ch B\u1ea3o M\u1eadt Th\u00f4ng Tin\"}]},{\"@type\":\"WebSite\",\"@id\":\"https:\/\/pluginviet.com\/mau25\/#website\",\"url\":\"https:\/\/pluginviet.com\/mau25\/\",\"name\":\"LISA NAIL &amp; SPA\",\"description\":\"\",\"potentialAction\":[{\"@type\":\"SearchAction\",\"target\":{\"@type\":\"EntryPoint\",\"urlTemplate\":\"https:\/\/pluginviet.com\/mau25\/?s={search_term_string}\"},\"query-input\":\"required name=search_term_string\"}],\"inLanguage\":\"vi\"}]}<\/script>\n<!-- \/ Yoast SEO plugin. -->","yoast_head_json":{"title":"LISA NAIL &amp; SPA","robots":{"index":"index","follow":"follow","max-snippet":"max-snippet:-1","max-image-preview":"max-image-preview:large","max-video-preview":"max-video-preview:-1"},"canonical":"https:\/\/pluginviet.com\/mau25\/chinh-sach-bao-mat-thong-tin\/","og_locale":"vi_VN","og_type":"article","og_title":"LISA NAIL &amp; SPA","og_description":"CH\u00cdNH S\u00c1CH B\u1ea2O M\u1eacT TH\u00d4NG TIN Quy\u1ec1n ri\u00eang t\u01b0 c\u1ee7a kh\u00e1ch h\u00e0ng l\u00e0 v\u00f4 c\u00f9ng quan tr\u1ecdng v\u1edbi kh\u00e1ch h\u00e0ng v\u00e0 LISA , v\u00ec th\u1ebf, ch\u00fang t\u00f4i ch\u1ec9 s\u1ebd s\u1eed d\u1ee5ng t\u00ean v\u00e0 m\u1ed9t s\u1ed1 th\u00f4ng tin kh\u00e1c c\u1ee7a qu\u00fd kh\u00e1ch theo c\u00e1ch \u0111\u01b0\u1ee3c \u0111\u1ec1 ra trong Ch\u00ednh s\u00e1ch B\u1ea3o m\u1eadt n\u00e0y. Ch\u00fang t\u00f4i ch\u1ec9 [...]","og_url":"https:\/\/pluginviet.com\/mau25\/chinh-sach-bao-mat-thong-tin\/","og_site_name":"LISA NAIL &amp; SPA","article_modified_time":"2023-06-05T09:09:45+00:00","twitter_card":"summary_large_image","twitter_misc":{"\u01af\u1edbc t\u00ednh th\u1eddi gian \u0111\u1ecdc":"5 ph\u00fat"},"schema":{"@context":"https:\/\/schema.org","@graph":[{"@type":"WebPage","@id":"https:\/\/pluginviet.com\/mau25\/chinh-sach-bao-mat-thong-tin\/","url":"https:\/\/pluginviet.com\/mau25\/chinh-sach-bao-mat-thong-tin\/","name":"LISA NAIL &amp; SPA","isPartOf":{"@id":"https:\/\/pluginviet.com\/mau25\/#website"},"datePublished":"2023-06-05T08:57:27+00:00","dateModified":"2023-06-05T09:09:45+00:00","breadcrumb":{"@id":"https:\/\/pluginviet.com\/mau25\/chinh-sach-bao-mat-thong-tin\/#breadcrumb"},"inLanguage":"vi","potentialAction":[{"@type":"ReadAction","target":["https:\/\/pluginviet.com\/mau25\/chinh-sach-bao-mat-thong-tin\/"]}]},{"@type":"BreadcrumbList","@id":"https:\/\/pluginviet.com\/mau25\/chinh-sach-bao-mat-thong-tin\/#breadcrumb","itemListElement":[{"@type":"ListItem","position":1,"name":"Trang ch\u1ee7","item":"https:\/\/pluginviet.com\/mau25\/"},{"@type":"ListItem","position":2,"name":"Ch\u00ednh S\u00e1ch B\u1ea3o M\u1eadt Th\u00f4ng Tin"}]},{"@type":"WebSite","@id":"https:\/\/pluginviet.com\/mau25\/#website","url":"https:\/\/pluginviet.com\/mau25\/","name":"LISA NAIL &amp; SPA","description":"","potentialAction":[{"@type":"SearchAction","target":{"@type":"EntryPoint","urlTemplate":"https:\/\/pluginviet.com\/mau25\/?s={search_term_string}"},"query-input":"required name=search_term_string"}],"inLanguage":"vi"}]}},"lang":"vi","translations":{"vi":1902},"pll_sync_post":[],"_links":{"self":[{"href":"https:\/\/pluginviet.com\/mau25\/wp-json\/wp\/v2\/pages\/1902"}],"collection":[{"href":"https:\/\/pluginviet.com\/mau25\/wp-json\/wp\/v2\/pages"}],"about":[{"href":"https:\/\/pluginviet.com\/mau25\/wp-json\/wp\/v2\/types\/page"}],"author":[{"embeddable":true,"href":"https:\/\/pluginviet.com\/mau25\/wp-json\/wp\/v2\/users\/1"}],"replies":[{"embeddable":true,"href":"https:\/\/pluginviet.com\/mau25\/wp-json\/wp\/v2\/comments?post=1902"}],"version-history":[{"count":3,"href":"https:\/\/pluginviet.com\/mau25\/wp-json\/wp\/v2\/pages\/1902\/revisions"}],"predecessor-version":[{"id":1910,"href":"https:\/\/pluginviet.com\/mau25\/wp-json\/wp\/v2\/pages\/1902\/revisions\/1910"}],"wp:attachment":[{"href":"https:\/\/pluginviet.com\/mau25\/wp-json\/wp\/v2\/media?parent=1902"}],"curies":[{"name":"wp","href":"https:\/\/api.w.org\/{rel}","templated":true}]}}