{"id":1900,"date":"2023-06-05T08:57:14","date_gmt":"2023-06-05T08:57:14","guid":{"rendered":"https:\/\/depthoitrang.com\/lisanail\/?page_id=1900"},"modified":"2023-06-05T09:55:49","modified_gmt":"2023-06-05T09:55:49","slug":"chinh-sach-bao-hanh","status":"publish","type":"page","link":"https:\/\/pluginviet.com\/mau25\/chinh-sach-bao-hanh\/","title":{"rendered":"Ch\u00ednh S\u00e1ch B\u1ea3o H\u00e0nh"},"content":{"rendered":"<h1 class=\"m-bottom-5 fw-bold\">CH\u00cdNH S\u00c1CH B\u1ea2O H\u00c0NH<\/h1>\n<div class=\"ck_editor_content\">\n<p><strong>\u00a0&#8211; \u0110\u1ed1i v\u1edbi d\u1ecbch v\u1ee5 Nail Service:\u00a0<\/strong><\/p>\n<p>Lisa Nail &amp; Spa cam k\u1ebft b\u1ea3o h\u00e0nh mi\u1ec5n ph\u00ed 10 ng\u00e0y trong m\u1ecdi tr\u01b0\u1eddng h\u1ee3p \u0111\u1ec3 qu\u00fd kh\u00e1ch h\u00e0ng an t\u00e2m s\u1eed d\u1ee5ng .<\/p>\n<p><strong>&#8211; \u0110\u1ed1i v\u1edbi d\u1ecbch v\u1ee5 G\u1ed9i \u0110\u1ea7u D\u01b0\u1ee1ng Sinh, Massage :\u00a0<\/strong><\/p>\n<p>Lisa Nail &amp; Spa cam k\u1ebft s\u1ebd t\u1eb7ng mi\u1ec5n ph\u00ed 1 d\u1ecbch v\u1ee5 t\u01b0\u01a1ng \u0111\u01b0\u01a1ng n\u1ebfu kh\u00e1ch h\u00e0ng c\u1ea3m th\u1ea5y kh\u00f4ng h\u00e0i l\u00f2ng v\u1ec1 d\u1ecbch v\u1ee5, v\u00e0 s\u1ebd s\u1eafp x\u1ebfp 1 b\u1ea1n k\u0129 thu\u1eadt vi\u00ean kh\u00e1c t\u1ed1t nh\u1ea5t l\u00e0m l\u1ea1i cho qu\u00fd kh\u00e1ch .<\/p>\n","protected":false},"excerpt":{"rendered":"<p>CH\u00cdNH S\u00c1CH B\u1ea2O H\u00c0NH \u00a0&#8211; \u0110\u1ed1i v\u1edbi d\u1ecbch v\u1ee5 Nail Service:\u00a0 Lisa Nail &amp; Spa cam k\u1ebft b\u1ea3o h\u00e0nh mi\u1ec5n ph\u00ed 10 ng\u00e0y trong m\u1ecdi tr\u01b0\u1eddng h\u1ee3p \u0111\u1ec3 qu\u00fd kh\u00e1ch h\u00e0ng an t\u00e2m s\u1eed d\u1ee5ng . &#8211; \u0110\u1ed1i v\u1edbi d\u1ecbch v\u1ee5 G\u1ed9i \u0110\u1ea7u D\u01b0\u1ee1ng Sinh, Massage :\u00a0 Lisa Nail &amp; Spa cam k\u1ebft s\u1ebd t\u1eb7ng [&#8230;]\n","protected":false},"author":1,"featured_media":0,"parent":0,"menu_order":0,"comment_status":"closed","ping_status":"closed","template":"","meta":{"footnotes":""},"yoast_head":"<!-- This site is optimized with the Yoast SEO plugin v20.13 - https:\/\/yoast.com\/wordpress\/plugins\/seo\/ -->\n<title>LISA NAIL &amp; SPA<\/title>\n<meta name=\"robots\" content=\"index, follow, max-snippet:-1, max-image-preview:large, max-video-preview:-1\" \/>\n<link rel=\"canonical\" href=\"https:\/\/pluginviet.com\/mau25\/chinh-sach-bao-hanh\/\" \/>\n<meta property=\"og:locale\" content=\"vi_VN\" \/>\n<meta property=\"og:type\" content=\"article\" \/>\n<meta property=\"og:title\" content=\"LISA NAIL &amp; SPA\" \/>\n<meta property=\"og:description\" content=\"CH\u00cdNH S\u00c1CH B\u1ea2O H\u00c0NH \u00a0&#8211; \u0110\u1ed1i v\u1edbi d\u1ecbch v\u1ee5 Nail Service:\u00a0 Lisa Nail &amp; Spa cam k\u1ebft b\u1ea3o h\u00e0nh mi\u1ec5n ph\u00ed 10 ng\u00e0y trong m\u1ecdi tr\u01b0\u1eddng h\u1ee3p \u0111\u1ec3 qu\u00fd kh\u00e1ch h\u00e0ng an t\u00e2m s\u1eed d\u1ee5ng . &#8211; \u0110\u1ed1i v\u1edbi d\u1ecbch v\u1ee5 G\u1ed9i \u0110\u1ea7u D\u01b0\u1ee1ng Sinh, Massage :\u00a0 Lisa Nail &amp; Spa cam k\u1ebft s\u1ebd t\u1eb7ng [...]\" \/>\n<meta property=\"og:url\" content=\"https:\/\/pluginviet.com\/mau25\/chinh-sach-bao-hanh\/\" \/>\n<meta property=\"og:site_name\" content=\"LISA NAIL &amp; SPA\" \/>\n<meta property=\"article:modified_time\" content=\"2023-06-05T09:55:49+00:00\" \/>\n<meta name=\"twitter:card\" content=\"summary_large_image\" \/>\n<meta name=\"twitter:label1\" content=\"\u01af\u1edbc t\u00ednh th\u1eddi gian \u0111\u1ecdc\" \/>\n\t<meta name=\"twitter:data1\" content=\"1 ph\u00fat\" \/>\n<script type=\"application\/ld+json\" class=\"yoast-schema-graph\">{\"@context\":\"https:\/\/schema.org\",\"@graph\":[{\"@type\":\"WebPage\",\"@id\":\"https:\/\/pluginviet.com\/mau25\/chinh-sach-bao-hanh\/\",\"url\":\"https:\/\/pluginviet.com\/mau25\/chinh-sach-bao-hanh\/\",\"name\":\"LISA NAIL &amp; SPA\",\"isPartOf\":{\"@id\":\"https:\/\/pluginviet.com\/mau25\/#website\"},\"datePublished\":\"2023-06-05T08:57:14+00:00\",\"dateModified\":\"2023-06-05T09:55:49+00:00\",\"breadcrumb\":{\"@id\":\"https:\/\/pluginviet.com\/mau25\/chinh-sach-bao-hanh\/#breadcrumb\"},\"inLanguage\":\"vi\",\"potentialAction\":[{\"@type\":\"ReadAction\",\"target\":[\"https:\/\/pluginviet.com\/mau25\/chinh-sach-bao-hanh\/\"]}]},{\"@type\":\"BreadcrumbList\",\"@id\":\"https:\/\/pluginviet.com\/mau25\/chinh-sach-bao-hanh\/#breadcrumb\",\"itemListElement\":[{\"@type\":\"ListItem\",\"position\":1,\"name\":\"Trang ch\u1ee7\",\"item\":\"https:\/\/pluginviet.com\/mau25\/\"},{\"@type\":\"ListItem\",\"position\":2,\"name\":\"Ch\u00ednh S\u00e1ch B\u1ea3o H\u00e0nh\"}]},{\"@type\":\"WebSite\",\"@id\":\"https:\/\/pluginviet.com\/mau25\/#website\",\"url\":\"https:\/\/pluginviet.com\/mau25\/\",\"name\":\"LISA NAIL &amp; SPA\",\"description\":\"\",\"potentialAction\":[{\"@type\":\"SearchAction\",\"target\":{\"@type\":\"EntryPoint\",\"urlTemplate\":\"https:\/\/pluginviet.com\/mau25\/?s={search_term_string}\"},\"query-input\":\"required name=search_term_string\"}],\"inLanguage\":\"vi\"}]}<\/script>\n<!-- \/ Yoast SEO plugin. -->","yoast_head_json":{"title":"LISA NAIL &amp; SPA","robots":{"index":"index","follow":"follow","max-snippet":"max-snippet:-1","max-image-preview":"max-image-preview:large","max-video-preview":"max-video-preview:-1"},"canonical":"https:\/\/pluginviet.com\/mau25\/chinh-sach-bao-hanh\/","og_locale":"vi_VN","og_type":"article","og_title":"LISA NAIL &amp; SPA","og_description":"CH\u00cdNH S\u00c1CH B\u1ea2O H\u00c0NH \u00a0&#8211; \u0110\u1ed1i v\u1edbi d\u1ecbch v\u1ee5 Nail Service:\u00a0 Lisa Nail &amp; Spa cam k\u1ebft b\u1ea3o h\u00e0nh mi\u1ec5n ph\u00ed 10 ng\u00e0y trong m\u1ecdi tr\u01b0\u1eddng h\u1ee3p \u0111\u1ec3 qu\u00fd kh\u00e1ch h\u00e0ng an t\u00e2m s\u1eed d\u1ee5ng . &#8211; \u0110\u1ed1i v\u1edbi d\u1ecbch v\u1ee5 G\u1ed9i \u0110\u1ea7u D\u01b0\u1ee1ng Sinh, Massage :\u00a0 Lisa Nail &amp; Spa cam k\u1ebft s\u1ebd t\u1eb7ng [...]","og_url":"https:\/\/pluginviet.com\/mau25\/chinh-sach-bao-hanh\/","og_site_name":"LISA NAIL &amp; SPA","article_modified_time":"2023-06-05T09:55:49+00:00","twitter_card":"summary_large_image","twitter_misc":{"\u01af\u1edbc t\u00ednh th\u1eddi gian \u0111\u1ecdc":"1 ph\u00fat"},"schema":{"@context":"https:\/\/schema.org","@graph":[{"@type":"WebPage","@id":"https:\/\/pluginviet.com\/mau25\/chinh-sach-bao-hanh\/","url":"https:\/\/pluginviet.com\/mau25\/chinh-sach-bao-hanh\/","name":"LISA NAIL &amp; SPA","isPartOf":{"@id":"https:\/\/pluginviet.com\/mau25\/#website"},"datePublished":"2023-06-05T08:57:14+00:00","dateModified":"2023-06-05T09:55:49+00:00","breadcrumb":{"@id":"https:\/\/pluginviet.com\/mau25\/chinh-sach-bao-hanh\/#breadcrumb"},"inLanguage":"vi","potentialAction":[{"@type":"ReadAction","target":["https:\/\/pluginviet.com\/mau25\/chinh-sach-bao-hanh\/"]}]},{"@type":"BreadcrumbList","@id":"https:\/\/pluginviet.com\/mau25\/chinh-sach-bao-hanh\/#breadcrumb","itemListElement":[{"@type":"ListItem","position":1,"name":"Trang ch\u1ee7","item":"https:\/\/pluginviet.com\/mau25\/"},{"@type":"ListItem","position":2,"name":"Ch\u00ednh S\u00e1ch B\u1ea3o H\u00e0nh"}]},{"@type":"WebSite","@id":"https:\/\/pluginviet.com\/mau25\/#website","url":"https:\/\/pluginviet.com\/mau25\/","name":"LISA NAIL &amp; SPA","description":"","potentialAction":[{"@type":"SearchAction","target":{"@type":"EntryPoint","urlTemplate":"https:\/\/pluginviet.com\/mau25\/?s={search_term_string}"},"query-input":"required name=search_term_string"}],"inLanguage":"vi"}]}},"lang":"vi","translations":{"vi":1900},"pll_sync_post":[],"_links":{"self":[{"href":"https:\/\/pluginviet.com\/mau25\/wp-json\/wp\/v2\/pages\/1900"}],"collection":[{"href":"https:\/\/pluginviet.com\/mau25\/wp-json\/wp\/v2\/pages"}],"about":[{"href":"https:\/\/pluginviet.com\/mau25\/wp-json\/wp\/v2\/types\/page"}],"author":[{"embeddable":true,"href":"https:\/\/pluginviet.com\/mau25\/wp-json\/wp\/v2\/users\/1"}],"replies":[{"embeddable":true,"href":"https:\/\/pluginviet.com\/mau25\/wp-json\/wp\/v2\/comments?post=1900"}],"version-history":[{"count":4,"href":"https:\/\/pluginviet.com\/mau25\/wp-json\/wp\/v2\/pages\/1900\/revisions"}],"predecessor-version":[{"id":1943,"href":"https:\/\/pluginviet.com\/mau25\/wp-json\/wp\/v2\/pages\/1900\/revisions\/1943"}],"wp:attachment":[{"href":"https:\/\/pluginviet.com\/mau25\/wp-json\/wp\/v2\/media?parent=1900"}],"curies":[{"name":"wp","href":"https:\/\/api.w.org\/{rel}","templated":true}]}}