{"id":1898,"date":"2023-06-05T08:57:03","date_gmt":"2023-06-05T08:57:03","guid":{"rendered":"https:\/\/depthoitrang.com\/lisanail\/?page_id=1898"},"modified":"2023-06-05T09:07:43","modified_gmt":"2023-06-05T09:07:43","slug":"chinh-sach-uu-dai-thanh-vien","status":"publish","type":"page","link":"https:\/\/pluginviet.com\/mau25\/chinh-sach-uu-dai-thanh-vien\/","title":{"rendered":"Ch\u00ednh S\u00e1ch \u01afu \u0110\u00e3i Th\u00e0nh Vi\u00ean"},"content":{"rendered":"<p>N\u1ed9i dung \u0111ang c\u1eadp nh\u1eadt&#8230;<\/p>\n","protected":false},"excerpt":{"rendered":"<p>N\u1ed9i dung \u0111ang c\u1eadp nh\u1eadt&#8230;<\/p>\n","protected":false},"author":1,"featured_media":0,"parent":0,"menu_order":0,"comment_status":"closed","ping_status":"closed","template":"","meta":{"footnotes":""},"yoast_head":"<!-- This site is optimized with the Yoast SEO plugin v20.13 - https:\/\/yoast.com\/wordpress\/plugins\/seo\/ -->\n<title>LISA NAIL &amp; SPA<\/title>\n<meta name=\"robots\" content=\"index, follow, max-snippet:-1, max-image-preview:large, max-video-preview:-1\" \/>\n<link rel=\"canonical\" href=\"https:\/\/pluginviet.com\/mau25\/chinh-sach-uu-dai-thanh-vien\/\" \/>\n<meta property=\"og:locale\" content=\"vi_VN\" \/>\n<meta property=\"og:type\" content=\"article\" \/>\n<meta property=\"og:title\" content=\"LISA NAIL &amp; SPA\" \/>\n<meta property=\"og:description\" content=\"N\u1ed9i dung \u0111ang c\u1eadp nh\u1eadt&#8230;\" \/>\n<meta property=\"og:url\" content=\"https:\/\/pluginviet.com\/mau25\/chinh-sach-uu-dai-thanh-vien\/\" \/>\n<meta property=\"og:site_name\" content=\"LISA NAIL &amp; SPA\" \/>\n<meta property=\"article:modified_time\" content=\"2023-06-05T09:07:43+00:00\" \/>\n<meta name=\"twitter:card\" content=\"summary_large_image\" \/>\n<meta name=\"twitter:label1\" content=\"\u01af\u1edbc t\u00ednh th\u1eddi gian \u0111\u1ecdc\" \/>\n\t<meta name=\"twitter:data1\" content=\"1 ph\u00fat\" \/>\n<script type=\"application\/ld+json\" class=\"yoast-schema-graph\">{\"@context\":\"https:\/\/schema.org\",\"@graph\":[{\"@type\":\"WebPage\",\"@id\":\"https:\/\/pluginviet.com\/mau25\/chinh-sach-uu-dai-thanh-vien\/\",\"url\":\"https:\/\/pluginviet.com\/mau25\/chinh-sach-uu-dai-thanh-vien\/\",\"name\":\"LISA NAIL &amp; SPA\",\"isPartOf\":{\"@id\":\"https:\/\/pluginviet.com\/mau25\/#website\"},\"datePublished\":\"2023-06-05T08:57:03+00:00\",\"dateModified\":\"2023-06-05T09:07:43+00:00\",\"breadcrumb\":{\"@id\":\"https:\/\/pluginviet.com\/mau25\/chinh-sach-uu-dai-thanh-vien\/#breadcrumb\"},\"inLanguage\":\"vi\",\"potentialAction\":[{\"@type\":\"ReadAction\",\"target\":[\"https:\/\/pluginviet.com\/mau25\/chinh-sach-uu-dai-thanh-vien\/\"]}]},{\"@type\":\"BreadcrumbList\",\"@id\":\"https:\/\/pluginviet.com\/mau25\/chinh-sach-uu-dai-thanh-vien\/#breadcrumb\",\"itemListElement\":[{\"@type\":\"ListItem\",\"position\":1,\"name\":\"Trang ch\u1ee7\",\"item\":\"https:\/\/pluginviet.com\/mau25\/\"},{\"@type\":\"ListItem\",\"position\":2,\"name\":\"Ch\u00ednh S\u00e1ch \u01afu \u0110\u00e3i Th\u00e0nh Vi\u00ean\"}]},{\"@type\":\"WebSite\",\"@id\":\"https:\/\/pluginviet.com\/mau25\/#website\",\"url\":\"https:\/\/pluginviet.com\/mau25\/\",\"name\":\"LISA NAIL &amp; SPA\",\"description\":\"\",\"potentialAction\":[{\"@type\":\"SearchAction\",\"target\":{\"@type\":\"EntryPoint\",\"urlTemplate\":\"https:\/\/pluginviet.com\/mau25\/?s={search_term_string}\"},\"query-input\":\"required name=search_term_string\"}],\"inLanguage\":\"vi\"}]}<\/script>\n<!-- \/ Yoast SEO plugin. -->","yoast_head_json":{"title":"LISA NAIL &amp; SPA","robots":{"index":"index","follow":"follow","max-snippet":"max-snippet:-1","max-image-preview":"max-image-preview:large","max-video-preview":"max-video-preview:-1"},"canonical":"https:\/\/pluginviet.com\/mau25\/chinh-sach-uu-dai-thanh-vien\/","og_locale":"vi_VN","og_type":"article","og_title":"LISA NAIL &amp; SPA","og_description":"N\u1ed9i dung \u0111ang c\u1eadp nh\u1eadt&#8230;","og_url":"https:\/\/pluginviet.com\/mau25\/chinh-sach-uu-dai-thanh-vien\/","og_site_name":"LISA NAIL &amp; SPA","article_modified_time":"2023-06-05T09:07:43+00:00","twitter_card":"summary_large_image","twitter_misc":{"\u01af\u1edbc t\u00ednh th\u1eddi gian \u0111\u1ecdc":"1 ph\u00fat"},"schema":{"@context":"https:\/\/schema.org","@graph":[{"@type":"WebPage","@id":"https:\/\/pluginviet.com\/mau25\/chinh-sach-uu-dai-thanh-vien\/","url":"https:\/\/pluginviet.com\/mau25\/chinh-sach-uu-dai-thanh-vien\/","name":"LISA NAIL &amp; SPA","isPartOf":{"@id":"https:\/\/pluginviet.com\/mau25\/#website"},"datePublished":"2023-06-05T08:57:03+00:00","dateModified":"2023-06-05T09:07:43+00:00","breadcrumb":{"@id":"https:\/\/pluginviet.com\/mau25\/chinh-sach-uu-dai-thanh-vien\/#breadcrumb"},"inLanguage":"vi","potentialAction":[{"@type":"ReadAction","target":["https:\/\/pluginviet.com\/mau25\/chinh-sach-uu-dai-thanh-vien\/"]}]},{"@type":"BreadcrumbList","@id":"https:\/\/pluginviet.com\/mau25\/chinh-sach-uu-dai-thanh-vien\/#breadcrumb","itemListElement":[{"@type":"ListItem","position":1,"name":"Trang ch\u1ee7","item":"https:\/\/pluginviet.com\/mau25\/"},{"@type":"ListItem","position":2,"name":"Ch\u00ednh S\u00e1ch \u01afu \u0110\u00e3i Th\u00e0nh Vi\u00ean"}]},{"@type":"WebSite","@id":"https:\/\/pluginviet.com\/mau25\/#website","url":"https:\/\/pluginviet.com\/mau25\/","name":"LISA NAIL &amp; SPA","description":"","potentialAction":[{"@type":"SearchAction","target":{"@type":"EntryPoint","urlTemplate":"https:\/\/pluginviet.com\/mau25\/?s={search_term_string}"},"query-input":"required name=search_term_string"}],"inLanguage":"vi"}]}},"lang":"vi","translations":{"vi":1898},"pll_sync_post":[],"_links":{"self":[{"href":"https:\/\/pluginviet.com\/mau25\/wp-json\/wp\/v2\/pages\/1898"}],"collection":[{"href":"https:\/\/pluginviet.com\/mau25\/wp-json\/wp\/v2\/pages"}],"about":[{"href":"https:\/\/pluginviet.com\/mau25\/wp-json\/wp\/v2\/types\/page"}],"author":[{"embeddable":true,"href":"https:\/\/pluginviet.com\/mau25\/wp-json\/wp\/v2\/users\/1"}],"replies":[{"embeddable":true,"href":"https:\/\/pluginviet.com\/mau25\/wp-json\/wp\/v2\/comments?post=1898"}],"version-history":[{"count":2,"href":"https:\/\/pluginviet.com\/mau25\/wp-json\/wp\/v2\/pages\/1898\/revisions"}],"predecessor-version":[{"id":1907,"href":"https:\/\/pluginviet.com\/mau25\/wp-json\/wp\/v2\/pages\/1898\/revisions\/1907"}],"wp:attachment":[{"href":"https:\/\/pluginviet.com\/mau25\/wp-json\/wp\/v2\/media?parent=1898"}],"curies":[{"name":"wp","href":"https:\/\/api.w.org\/{rel}","templated":true}]}}