{"id":474,"date":"2017-08-25T14:23:14","date_gmt":"2017-08-25T07:23:14","guid":{"rendered":"http:\/\/quanao1.khowebseotop.vn\/?post_type=product&#038;p=474"},"modified":"2022-11-20T10:50:16","modified_gmt":"2022-11-20T03:50:16","slug":"non-alan-walker-den-han-quoc-cho-nam","status":"publish","type":"product","link":"https:\/\/pluginviet.com\/mau23\/san-pham\/non-alan-walker-den-han-quoc-cho-nam\/","title":{"rendered":"N\u00f3n Alan Walker (\u0110EN) H\u00e0n Qu\u1ed1c cho nam"},"content":{"rendered":"<p>BlackBerry Bold 9000 l\u00e0 thi\u1ebft b\u1ecb ti\u1ebfp n\u1ed1i s\u1ef1 th\u00e0nh c\u00f4ng c\u1ee7a BlackBerry Curve v\u00e0 8800. BlackBerry Bold 9000 kh\u00f4ng ph\u1ea3i l\u00e0 cu\u1ed9c c\u00e1ch m\u1ea1ng nh\u01b0ng kinh nghi\u1ec7m l\u00e2u n\u0103m c\u1ee7a RIM \u0111\u00e3 \u0111\u01b0\u1ee3c d\u1ed3n h\u1ebft cho Bold v\u00e0 \u0111\u00e2y th\u1ef1c s\u1ef1 l\u00e0 m\u1ed9t trong nh\u1eefng \u0111i\u1ec7n tho\u1ea1i BlackBerry t\u1ed1t nh\u1ea5t tr\u00ean th\u1ecb tr\u01b0\u1eddng.<\/p>\n<p>M\u00e0n h\u00ecnh \u0111\u1ed9 ph\u00e2n gi\u1ea3i cao c\u0169ng th\u1eadt s\u1ef1 l\u00e0 m\u1ed9t \u0111i\u1ec3m n\u1ed5i b\u1eadt. Bold c\u00f3 m\u00e0n h\u00ecnh v\u1edbi \u0111\u1ed9 ph\u00e2n gi\u1ea3i l\u00ean t\u1edbi 320 x480 pixel, g\u1ea5p \u0111\u00f4i \u0111\u1ed9 ph\u00e2n gi\u1ea3i c\u1ee7a Curve. M\u00e0n h\u00ecnh \u0111\u1eb9p gi\u00fap cho m\u1ecdi vi\u1ec7c b\u1ea1n th\u1ef1c hi\u1ec7n tr\u00ean Bold c\u0169ng r\u1ea5t tuy\u1ec7t v\u1eddi \u0111\u1eb7c bi\u1ec7t l\u00e0 khi xem phim.<\/p>\n<p>\u0110i\u1ec7n tho\u1ea1i th\u00f4ng minh n\u00e0y r\u1ed9ng h\u01a1n so v\u1edbi c\u00e1c \u0111i\u1ec7n tho\u1ea1i c\u1ea1nh tranh kh\u00e1c nh\u01b0ng l\u1ea1i t\u01b0\u01a1ng \u0111\u1ed1i m\u1ecfng. \u0110i\u1ec7n tho\u1ea1i r\u1ed9ng h\u01a1n n\u00ean m\u00e0n h\u00ecnh c\u0169ng l\u1edbn h\u01a1n v\u00e0 c\u00e1c ph\u00edm r\u1ed9ng r\u00e3i h\u01a1n. D\u0129 nhi\u00ean, b\u00e0n ph\u00edm s\u1ebd kh\u00f4ng th\u1ec3 r\u1ed9ng nh\u01b0 b\u00e0n ph\u00edm ngang \u1edf m\u1ed9t s\u1ed1 \u0111i\u1ec7n tho\u1ea1i th\u00f4ng minh nh\u01b0ng b\u1ea1n v\u1eabn c\u00f3 c\u1ea3m gi\u00e1c tho\u1ea3i m\u00e1i khi nh\u1eadp li\u1ec7u. Kh\u00f4ng c\u00f3 kho\u1ea3ng c\u00e1ch gi\u1eefa c\u00e1c ph\u00edm nh\u1eefng m\u1ed7i ph\u00edm h\u01a1i n\u00e2ng cao l\u00ean m\u1ed9t ch\u00fat v\u00ec v\u1eady b\u1ea1n v\u1eabn c\u00f3 th\u1ec3 s\u1eed d\u1ee5ng ph\u00edm d\u1ec5 d\u00e0ng m\u00e0 kh\u00f4ng s\u1ee3 ch\u1ea1m v\u00e0o c\u00e1c ph\u00edm kh\u00e1c. Ch\u1ec9 ti\u1ebfc l\u00e0 Bold kh\u00f4ng c\u00f3 ph\u00edm ri\u00eang d\u00e0nh cho nh\u1eefng d\u1ea5u hay ph\u1ea3i s\u1eed d\u1ee5ng nhi\u1ec1u nh\u01b0 d\u1ea5u ch\u1ea5m v\u00e0 d\u1ea5u ph\u1ea9y.<\/p>\n<p>Gi\u1eefa m\u00e0n h\u00ecnh v\u00e0 b\u00e0n ph\u00edm l\u00e0 trackball. V\u00ec Bold kh\u00f4ng c\u00f3 m\u00e0n h\u00ecnh c\u1ea3m \u1ee9ng n\u00ean b\u1ea1n s\u1ebd ph\u1ea3i ph\u1ee5 thu\u1ed9c nhi\u1ec1u v\u00e0o trackball. N\u1ebfu c\u00f3 \u0111i\u1ec1u ki\u1ec7n s\u1eed d\u1ee5ng, b\u1ea1n s\u1ebd th\u1ea5y trackball n\u00e0y hay h\u01a1n D-pad v\u00e0 ho\u00e0n to\u00e0n \u01b0u vi\u1ec7t h\u01a1n track-whell c\u1ee7a BlackBerry c\u0169.<\/p>\n<p>Ph\u00edm ch\u01b0\u01a1ng tr\u00ecnh n\u1eb1m \u1edf c\u1ea3 b\u00ean tr\u00e1i v\u00e0 ph\u1ea3i c\u1ee7a \u0111i\u1ec7n tho\u1ea1i t\u1ea1o thu\u1eadn l\u1ee3i cho ng\u01b0\u1eddi s\u1eed d\u1ee5ng.<\/p>\n<p>Ngo\u00e0i ra \u1edf tr\u00ean \u0111\u1ea7u c\u1ee7a \u0111i\u1ec7n tho\u1ea1i c\u00f3 m\u1ed9t n\u00fat gi\u00fap b\u1ea1n t\u1eaft chu\u00f4ng \u0111i\u1ec7n tho\u1ea1i cu\u1ed9c g\u1ecdi \u0111\u1ebfn. N\u00fat n\u00e0y kh\u00f4ng c\u00f3 ch\u1ee9c n\u0103ng tr\u1ea3 l\u1eddi cu\u1ed9c g\u1ecdi ho\u1eb7c chuy\u1ec3n qua voice-mail m\u00e0 ch\u1ec9 \u0111\u01a1n thu\u1ea7n l\u00e0 t\u1eaft ti\u1ebfng. B\u1ea1n c\u0169ng c\u00f3 th\u1ec3 s\u1eed d\u1ee5ng n\u00fat n\u00e0y \u0111\u1ec3 \u0111\u1eb7t Bold \u1edf ch\u1ebf \u0111\u1ed9 ch\u1edd, kh\u00f3a ph\u00edm v\u00e0 t\u1eaft m\u00e0n h\u00ecnh cho \u0111\u1ebfn khi b\u1ea1n \u1ea5n l\u1ea1i n\u00fat n\u00e0y.<\/p>\n","protected":false},"excerpt":{"rendered":"<p>L\u00e0 da c\u00f4ng nghi\u1ec7p ho\u1eb7c da t\u1ed5ng h\u1ee3p. Lo\u1ea1i n\u00e0y cao c\u1ea5p h\u01a1n lo\u1ea1i tr\u00ean do \u0111\u01b0\u1ee3c l\u00e0m t\u1eeb c\u00e1c m\u1ea9u v\u1ee5n da, sau qu\u00e1 tr\u00ecnh xay r\u1ed3i \u00e9p polyester, cu\u1ed1i c\u00f9ng l\u00e0 tr\u00e1ng m\u1eb7t, nhu\u1ed9m v\u00e0 in v\u00e2n.<\/p>\n<p>Lo\u1ea1i b\u1ec1 m\u1eb7t da n\u00e0y c\u00f3 \u0111\u1ed9 breathable khi t\u01b0\u01a1ng t\u00e1c tr\u1ef1c ti\u1ebfp v\u1edbi da ng\u01b0\u1eddi s\u1eed d\u1ee5ng t\u1ed1t h\u01a1n PVC, \u0111\u1ed9 m\u1ec1m v\u00e0 \u0111\u1ed9 b\u1ec1n cao h\u01a1n.<\/p>\n","protected":false},"featured_media":899,"template":"","meta":[],"product_cat":[39,43,42,40,41,29,38],"product_tag":[],"yoast_head":"<!-- This site is optimized with the Yoast SEO plugin v21.8.1 - https:\/\/yoast.com\/wordpress\/plugins\/seo\/ -->\n<title>N\u00f3n Alan Walker (\u0110EN) H\u00e0n Qu\u1ed1c cho nam - CO\u0302NG TY C\u1ed4 PH\u1ea6N THO\u031b\u0300I TRANG H\u1ea0NH LUXURY VI\u1ec6T NAM<\/title>\n<meta name=\"robots\" content=\"index, follow, max-snippet:-1, max-image-preview:large, max-video-preview:-1\" \/>\n<link rel=\"canonical\" href=\"https:\/\/pluginviet.com\/mau23\/san-pham\/non-alan-walker-den-han-quoc-cho-nam\/\" \/>\n<meta property=\"og:locale\" content=\"vi_VN\" \/>\n<meta property=\"og:type\" content=\"article\" \/>\n<meta property=\"og:title\" content=\"N\u00f3n Alan Walker (\u0110EN) H\u00e0n Qu\u1ed1c cho nam - CO\u0302NG TY C\u1ed4 PH\u1ea6N THO\u031b\u0300I TRANG H\u1ea0NH LUXURY VI\u1ec6T NAM\" \/>\n<meta property=\"og:description\" content=\"L\u00e0 da c\u00f4ng nghi\u1ec7p ho\u1eb7c da t\u1ed5ng h\u1ee3p. Lo\u1ea1i n\u00e0y cao c\u1ea5p h\u01a1n lo\u1ea1i tr\u00ean do \u0111\u01b0\u1ee3c l\u00e0m t\u1eeb c\u00e1c m\u1ea9u v\u1ee5n da, sau qu\u00e1 tr\u00ecnh xay r\u1ed3i \u00e9p polyester, cu\u1ed1i c\u00f9ng l\u00e0 tr\u00e1ng m\u1eb7t, nhu\u1ed9m v\u00e0 in v\u00e2n.  Lo\u1ea1i b\u1ec1 m\u1eb7t da n\u00e0y c\u00f3 \u0111\u1ed9 breathable khi t\u01b0\u01a1ng t\u00e1c tr\u1ef1c ti\u1ebfp v\u1edbi da ng\u01b0\u1eddi s\u1eed d\u1ee5ng t\u1ed1t h\u01a1n PVC, \u0111\u1ed9 m\u1ec1m v\u00e0 \u0111\u1ed9 b\u1ec1n cao h\u01a1n.\" \/>\n<meta property=\"og:url\" content=\"https:\/\/pluginviet.com\/mau23\/san-pham\/non-alan-walker-den-han-quoc-cho-nam\/\" \/>\n<meta property=\"og:site_name\" content=\"CO\u0302NG TY C\u1ed4 PH\u1ea6N THO\u031b\u0300I TRANG H\u1ea0NH LUXURY VI\u1ec6T NAM\" \/>\n<meta property=\"article:modified_time\" content=\"2022-11-20T03:50:16+00:00\" \/>\n<meta property=\"og:image\" content=\"https:\/\/pluginviet.com\/mau23\/wp-content\/uploads\/2017\/08\/bo-combo-sieu-dang-balo-alan-walker-mua-1-tang-2-ao-khoac-alan-walker-non-alan-walker-7614-42476903-9276ad78d258c54fe6ab616fbdc5d39c.jpg\" \/>\n\t<meta property=\"og:image:width\" content=\"999\" \/>\n\t<meta property=\"og:image:height\" content=\"999\" \/>\n\t<meta property=\"og:image:type\" content=\"image\/jpeg\" \/>\n<meta name=\"twitter:card\" content=\"summary_large_image\" \/>\n<meta name=\"twitter:label1\" content=\"\u01af\u1edbc t\u00ednh th\u1eddi gian \u0111\u1ecdc\" \/>\n\t<meta name=\"twitter:data1\" content=\"3 ph\u00fat\" \/>\n<script type=\"application\/ld+json\" class=\"yoast-schema-graph\">{\"@context\":\"https:\/\/schema.org\",\"@graph\":[{\"@type\":\"WebPage\",\"@id\":\"https:\/\/pluginviet.com\/mau23\/san-pham\/non-alan-walker-den-han-quoc-cho-nam\/\",\"url\":\"https:\/\/pluginviet.com\/mau23\/san-pham\/non-alan-walker-den-han-quoc-cho-nam\/\",\"name\":\"N\u00f3n Alan Walker (\u0110EN) H\u00e0n Qu\u1ed1c cho nam - CO\u0302NG TY C\u1ed4 PH\u1ea6N THO\u031b\u0300I TRANG H\u1ea0NH LUXURY VI\u1ec6T NAM\",\"isPartOf\":{\"@id\":\"https:\/\/pluginviet.com\/mau23\/#website\"},\"datePublished\":\"2017-08-25T07:23:14+00:00\",\"dateModified\":\"2022-11-20T03:50:16+00:00\",\"breadcrumb\":{\"@id\":\"https:\/\/pluginviet.com\/mau23\/san-pham\/non-alan-walker-den-han-quoc-cho-nam\/#breadcrumb\"},\"inLanguage\":\"vi\",\"potentialAction\":[{\"@type\":\"ReadAction\",\"target\":[\"https:\/\/pluginviet.com\/mau23\/san-pham\/non-alan-walker-den-han-quoc-cho-nam\/\"]}]},{\"@type\":\"BreadcrumbList\",\"@id\":\"https:\/\/pluginviet.com\/mau23\/san-pham\/non-alan-walker-den-han-quoc-cho-nam\/#breadcrumb\",\"itemListElement\":[{\"@type\":\"ListItem\",\"position\":1,\"name\":\"Trang ch\u1ee7\",\"item\":\"https:\/\/pluginviet.com\/mau23\/\"},{\"@type\":\"ListItem\",\"position\":2,\"name\":\"C\u1eeda h\u00e0ng\",\"item\":\"https:\/\/pluginviet.com\/mau23\/cua-hang\/\"},{\"@type\":\"ListItem\",\"position\":3,\"name\":\"N\u00f3n Alan Walker (\u0110EN) H\u00e0n Qu\u1ed1c cho nam\"}]},{\"@type\":\"WebSite\",\"@id\":\"https:\/\/pluginviet.com\/mau23\/#website\",\"url\":\"https:\/\/pluginviet.com\/mau23\/\",\"name\":\"CO\u0302NG TY C\u1ed4 PH\u1ea6N THO\u031b\u0300I TRANG H\u1ea0NH LUXURY VI\u1ec6T NAM\",\"description\":\"\",\"potentialAction\":[{\"@type\":\"SearchAction\",\"target\":{\"@type\":\"EntryPoint\",\"urlTemplate\":\"https:\/\/pluginviet.com\/mau23\/?s={search_term_string}\"},\"query-input\":\"required name=search_term_string\"}],\"inLanguage\":\"vi\"}]}<\/script>\n<!-- \/ Yoast SEO plugin. -->","yoast_head_json":{"title":"N\u00f3n Alan Walker (\u0110EN) H\u00e0n Qu\u1ed1c cho nam - CO\u0302NG TY C\u1ed4 PH\u1ea6N THO\u031b\u0300I TRANG H\u1ea0NH LUXURY VI\u1ec6T NAM","robots":{"index":"index","follow":"follow","max-snippet":"max-snippet:-1","max-image-preview":"max-image-preview:large","max-video-preview":"max-video-preview:-1"},"canonical":"https:\/\/pluginviet.com\/mau23\/san-pham\/non-alan-walker-den-han-quoc-cho-nam\/","og_locale":"vi_VN","og_type":"article","og_title":"N\u00f3n Alan Walker (\u0110EN) H\u00e0n Qu\u1ed1c cho nam - CO\u0302NG TY C\u1ed4 PH\u1ea6N THO\u031b\u0300I TRANG H\u1ea0NH LUXURY VI\u1ec6T NAM","og_description":"L\u00e0 da c\u00f4ng nghi\u1ec7p ho\u1eb7c da t\u1ed5ng h\u1ee3p. Lo\u1ea1i n\u00e0y cao c\u1ea5p h\u01a1n lo\u1ea1i tr\u00ean do \u0111\u01b0\u1ee3c l\u00e0m t\u1eeb c\u00e1c m\u1ea9u v\u1ee5n da, sau qu\u00e1 tr\u00ecnh xay r\u1ed3i \u00e9p polyester, cu\u1ed1i c\u00f9ng l\u00e0 tr\u00e1ng m\u1eb7t, nhu\u1ed9m v\u00e0 in v\u00e2n.  Lo\u1ea1i b\u1ec1 m\u1eb7t da n\u00e0y c\u00f3 \u0111\u1ed9 breathable khi t\u01b0\u01a1ng t\u00e1c tr\u1ef1c ti\u1ebfp v\u1edbi da ng\u01b0\u1eddi s\u1eed d\u1ee5ng t\u1ed1t h\u01a1n PVC, \u0111\u1ed9 m\u1ec1m v\u00e0 \u0111\u1ed9 b\u1ec1n cao h\u01a1n.","og_url":"https:\/\/pluginviet.com\/mau23\/san-pham\/non-alan-walker-den-han-quoc-cho-nam\/","og_site_name":"CO\u0302NG TY C\u1ed4 PH\u1ea6N THO\u031b\u0300I TRANG H\u1ea0NH LUXURY VI\u1ec6T NAM","article_modified_time":"2022-11-20T03:50:16+00:00","og_image":[{"width":"999","height":"999","url":"https:\/\/pluginviet.com\/mau23\/wp-content\/uploads\/2017\/08\/bo-combo-sieu-dang-balo-alan-walker-mua-1-tang-2-ao-khoac-alan-walker-non-alan-walker-7614-42476903-9276ad78d258c54fe6ab616fbdc5d39c.jpg","type":"image\/jpeg"}],"twitter_card":"summary_large_image","twitter_misc":{"\u01af\u1edbc t\u00ednh th\u1eddi gian \u0111\u1ecdc":"3 ph\u00fat"},"schema":{"@context":"https:\/\/schema.org","@graph":[{"@type":"WebPage","@id":"https:\/\/pluginviet.com\/mau23\/san-pham\/non-alan-walker-den-han-quoc-cho-nam\/","url":"https:\/\/pluginviet.com\/mau23\/san-pham\/non-alan-walker-den-han-quoc-cho-nam\/","name":"N\u00f3n Alan Walker (\u0110EN) H\u00e0n Qu\u1ed1c cho nam - CO\u0302NG TY C\u1ed4 PH\u1ea6N THO\u031b\u0300I TRANG H\u1ea0NH LUXURY VI\u1ec6T NAM","isPartOf":{"@id":"https:\/\/pluginviet.com\/mau23\/#website"},"datePublished":"2017-08-25T07:23:14+00:00","dateModified":"2022-11-20T03:50:16+00:00","breadcrumb":{"@id":"https:\/\/pluginviet.com\/mau23\/san-pham\/non-alan-walker-den-han-quoc-cho-nam\/#breadcrumb"},"inLanguage":"vi","potentialAction":[{"@type":"ReadAction","target":["https:\/\/pluginviet.com\/mau23\/san-pham\/non-alan-walker-den-han-quoc-cho-nam\/"]}]},{"@type":"BreadcrumbList","@id":"https:\/\/pluginviet.com\/mau23\/san-pham\/non-alan-walker-den-han-quoc-cho-nam\/#breadcrumb","itemListElement":[{"@type":"ListItem","position":1,"name":"Trang ch\u1ee7","item":"https:\/\/pluginviet.com\/mau23\/"},{"@type":"ListItem","position":2,"name":"C\u1eeda h\u00e0ng","item":"https:\/\/pluginviet.com\/mau23\/cua-hang\/"},{"@type":"ListItem","position":3,"name":"N\u00f3n Alan Walker (\u0110EN) H\u00e0n Qu\u1ed1c cho nam"}]},{"@type":"WebSite","@id":"https:\/\/pluginviet.com\/mau23\/#website","url":"https:\/\/pluginviet.com\/mau23\/","name":"CO\u0302NG TY C\u1ed4 PH\u1ea6N THO\u031b\u0300I TRANG H\u1ea0NH LUXURY VI\u1ec6T NAM","description":"","potentialAction":[{"@type":"SearchAction","target":{"@type":"EntryPoint","urlTemplate":"https:\/\/pluginviet.com\/mau23\/?s={search_term_string}"},"query-input":"required name=search_term_string"}],"inLanguage":"vi"}]}},"_links":{"self":[{"href":"https:\/\/pluginviet.com\/mau23\/wp-json\/wp\/v2\/product\/474"}],"collection":[{"href":"https:\/\/pluginviet.com\/mau23\/wp-json\/wp\/v2\/product"}],"about":[{"href":"https:\/\/pluginviet.com\/mau23\/wp-json\/wp\/v2\/types\/product"}],"wp:featuredmedia":[{"embeddable":true,"href":"https:\/\/pluginviet.com\/mau23\/wp-json\/wp\/v2\/media\/899"}],"wp:attachment":[{"href":"https:\/\/pluginviet.com\/mau23\/wp-json\/wp\/v2\/media?parent=474"}],"wp:term":[{"taxonomy":"product_cat","embeddable":true,"href":"https:\/\/pluginviet.com\/mau23\/wp-json\/wp\/v2\/product_cat?post=474"},{"taxonomy":"product_tag","embeddable":true,"href":"https:\/\/pluginviet.com\/mau23\/wp-json\/wp\/v2\/product_tag?post=474"}],"curies":[{"name":"wp","href":"https:\/\/api.w.org\/{rel}","templated":true}]}}