{"id":1510,"date":"2022-09-15T11:52:18","date_gmt":"2022-09-15T04:52:18","guid":{"rendered":"https:\/\/khomaudep.com\/anhome\/?post_type=product&#038;p=1510"},"modified":"2022-09-16T17:52:13","modified_gmt":"2022-09-16T10:52:13","slug":"ban-lam-viec-so-31-office-table-10","status":"publish","type":"product","link":"https:\/\/pluginviet.com\/mau2\/san-pham\/ban-lam-viec-so-31-office-table-10\/","title":{"rendered":"B\u00e0n l\u00e0m vi\u1ec7c s\u1ed1 31 \/ office table"},"content":{"rendered":"<p>N\u1ebfu mu\u1ed1n th\u1ed5i m\u1ed9t &#8220;l\u00e0n gi\u00f3 m\u1edbi&#8221; cho g\u00f3c l\u00e0m vi\u1ec7c c\u1ee7a m\u00ecnh th\u00ec vi\u1ec7c \u0111\u1ea7u ti\u00ean b\u1ea1n c\u1ea7n ngh\u0129 \u0111\u1ebfn \u0111\u00f3 l\u00e0 rinh m\u1ed9t chi\u1ebfc b\u00e0n xinh x\u1eafn v\u00e0 th\u1ef1c s\u1ef1 \u01b0ng \u00fd!\u00a0Nh\u1edd \u0111\u00f3 m\u00e0 b\u1ea1n ch\u1eb3ng lang thang qu\u00e1n cafe hay l\u00e0m vi\u1ec7c mu\u1ed9n ch\u1ed1n c\u00f4ng s\u1edf, v\u00ec ngay trong ch\u00ednh ng\u00f4i nh\u00e0 c\u1ee7a b\u1ea1n c\u0169ng c\u00f3 m\u1ed9t g\u00f3c l\u00e0m vi\u1ec7c &#8220;chu\u1ea9n ch\u1ec9&#8221; ch\u1eb3ng k\u00e9m ai!<\/p>\n<p>V\u1edbi chi\u1ebfc b\u00e0n l\u00e0m vi\u1ec7c mang \u0111\u1eadm phong c\u00e1ch c\u1ee7a n\u1ed9i th\u1ea5t hi\u1ec7n \u0111\u1ea1i,<strong> B\u00c0N L\u00c0M VI\u1ec6C 31<\/strong>\u00a0c\u1ee7a\u00a0<strong>ANHOME<\/strong>\u00a0\u0111\u01b0\u1ee3c xem nh\u01b0 l\u00e0 m\u1ed9t &#8220;si\u00eau ph\u1ea9m&#8221; khi\u00a0\u0111\u01b0\u1ee3c thi\u1ebft k\u1ebf v\u1edbi s\u1ef1 th\u00f4ng minh v\u00e0 c\u1ed9ng g\u1ed9p nhi\u1ec1u ti\u1ec7n \u00edch:<\/p>\n<p>&#8211; Ph\u1ea7n b\u00e0n \u0111\u01b0\u1ee3c thi\u1ebft k\u1ebf t\u00edch h\u1ee3p c\u00f9ng ng\u0103n ch\u1ee9a \u0111\u1ed3 gi\u00fap b\u1ea1n s\u1eafp x\u1ebfp c\u00e1c m\u00f3n \u0111\u1ed3 m\u1ed9t c\u00e1ch khoa h\u1ecdc nh\u1ea5t<\/p>\n<p>&#8211;\u00a0Ph\u1ea7n m\u1eb7t b\u00e0n r\u1ed9ng v\u1eeba \u0111\u1ee7 v\u00e0 ch\u1eafc ch\u1eafn \u0111\u1ec3 b\u1ea1n c\u00f3 \u0111\u1ee7 kh\u00f4ng gian l\u00e0m vi\u1ec7c<\/p>\n<p>&#8211; Thi\u1ebft k\u1ebf \u0111\u01a1n gi\u1ea3n, hi\u1ec7n \u0111\u1ea1i \u0111\u1ec3 b\u1ea1n d\u1ec5 d\u00e0ng ph\u1ed1i h\u1ee3p v\u1edbi nhi\u1ec1u phong c\u00e1ch n\u1ed9i th\u1ea5t kh\u00e1c nhau<\/p>\n<p><u><strong>TH\u00d4NG TIN C\u1ea6N BI\u1ebeT:<\/strong><\/u><\/p>\n<p><strong>H\u01b0\u1edbng d\u1eabn s\u1eed d\u1ee5ng<\/strong>: B\u00e0n l\u00e0m vi\u1ec7c<\/p>\n<p><strong>Ch\u1ea5t li\u1ec7u<\/strong>: G\u1ed7\u00a0s\u1ed3i<\/p>\n<p><strong>K\u00edch th\u01b0\u1edbc<\/strong>: 1200 * 550 * 750 (B\u1ea1n c\u00f3 th\u1ec3 \u0111\u1eb7t theo k\u00edch th\u01b0\u1edbc m\u00ecnh mu\u1ed1n)<\/p>\n<p><strong>M\u00e0u s\u1eafc<\/strong>: N\u00e2u \u00f3c ch\u00f3<\/p>\n<p><strong>B\u1ea3o h\u00e0nh<\/strong>: 1 n\u0103m (N\u1ebfu do l\u1ed7i c\u1ee7a nh\u00e0 s\u1ea3n xu\u1ea5t)<\/p>\n<p><strong>Th\u1eddi gian giao h\u00e0ng:<\/strong>\u00a010-15\u00a0ng\u00e0y sau khi \u0111\u1eb7t h\u00e0ng.<\/p>\n","protected":false},"excerpt":{"rendered":"<p><strong>Ch\u1ea5t li\u1ec7u<\/strong>: G\u1ed7\u00a0s\u1ed3i<\/p>\n<p><strong>K\u00edch th\u01b0\u1edbc<\/strong>: 2000 * 550 * 750\u00a0<em>(Kh\u00e1ch\u00a0h\u00e0ng c\u00f3 th\u1ec3 \u0111\u1eb7t theo k\u00edch th\u01b0\u1edbc mong mu\u1ed1n)<\/em><\/p>\n","protected":false},"featured_media":1711,"comment_status":"open","ping_status":"closed","template":"","meta":[],"product_cat":[15,157,164,158,170,165,166,159,160,163,156,161,167,169,162,168],"product_tag":[],"yoast_head":"<!-- This site is optimized with the Yoast SEO plugin v21.1 - https:\/\/yoast.com\/wordpress\/plugins\/seo\/ -->\n<title>B\u00e0n l\u00e0m vi\u1ec7c s\u1ed1 31 \/ office table - N\u1ed9i Th\u1ea5t RUSTIC ANHOME<\/title>\n<meta name=\"robots\" content=\"index, follow, max-snippet:-1, max-image-preview:large, max-video-preview:-1\" \/>\n<link rel=\"canonical\" href=\"https:\/\/pluginviet.com\/mau2\/san-pham\/ban-lam-viec-so-31-office-table-10\/\" \/>\n<meta property=\"og:locale\" content=\"vi_VN\" \/>\n<meta property=\"og:type\" content=\"article\" \/>\n<meta property=\"og:title\" content=\"B\u00e0n l\u00e0m vi\u1ec7c s\u1ed1 31 \/ office table - N\u1ed9i Th\u1ea5t RUSTIC ANHOME\" \/>\n<meta property=\"og:description\" content=\"Ch\u1ea5t li\u1ec7u: G\u1ed7\u00a0s\u1ed3i  K\u00edch th\u01b0\u1edbc: 2000 * 550 * 750\u00a0(Kh\u00e1ch\u00a0h\u00e0ng c\u00f3 th\u1ec3 \u0111\u1eb7t theo k\u00edch th\u01b0\u1edbc mong mu\u1ed1n)\" \/>\n<meta property=\"og:url\" content=\"https:\/\/pluginviet.com\/mau2\/san-pham\/ban-lam-viec-so-31-office-table-10\/\" \/>\n<meta property=\"og:site_name\" content=\"N\u1ed9i Th\u1ea5t RUSTIC ANHOME\" \/>\n<meta property=\"article:modified_time\" content=\"2022-09-16T10:52:13+00:00\" \/>\n<meta property=\"og:image\" content=\"https:\/\/pluginviet.com\/mau2\/wp-content\/uploads\/2022\/09\/z3650331602797_b34bc0648496b8b2bac8c60f5fea3aca.jpg\" \/>\n\t<meta property=\"og:image:width\" content=\"633\" \/>\n\t<meta property=\"og:image:height\" content=\"663\" \/>\n\t<meta property=\"og:image:type\" content=\"image\/jpeg\" \/>\n<meta name=\"twitter:card\" content=\"summary_large_image\" \/>\n<meta name=\"twitter:label1\" content=\"\u01af\u1edbc t\u00ednh th\u1eddi gian \u0111\u1ecdc\" \/>\n\t<meta name=\"twitter:data1\" content=\"2 ph\u00fat\" \/>\n<script type=\"application\/ld+json\" class=\"yoast-schema-graph\">{\"@context\":\"https:\/\/schema.org\",\"@graph\":[{\"@type\":\"WebPage\",\"@id\":\"https:\/\/pluginviet.com\/mau2\/san-pham\/ban-lam-viec-so-31-office-table-10\/\",\"url\":\"https:\/\/pluginviet.com\/mau2\/san-pham\/ban-lam-viec-so-31-office-table-10\/\",\"name\":\"B\u00e0n l\u00e0m vi\u1ec7c s\u1ed1 31 \/ office table - N\u1ed9i Th\u1ea5t RUSTIC ANHOME\",\"isPartOf\":{\"@id\":\"https:\/\/pluginviet.com\/mau2\/#website\"},\"datePublished\":\"2022-09-15T04:52:18+00:00\",\"dateModified\":\"2022-09-16T10:52:13+00:00\",\"breadcrumb\":{\"@id\":\"https:\/\/pluginviet.com\/mau2\/san-pham\/ban-lam-viec-so-31-office-table-10\/#breadcrumb\"},\"inLanguage\":\"vi\",\"potentialAction\":[{\"@type\":\"ReadAction\",\"target\":[\"https:\/\/pluginviet.com\/mau2\/san-pham\/ban-lam-viec-so-31-office-table-10\/\"]}]},{\"@type\":\"BreadcrumbList\",\"@id\":\"https:\/\/pluginviet.com\/mau2\/san-pham\/ban-lam-viec-so-31-office-table-10\/#breadcrumb\",\"itemListElement\":[{\"@type\":\"ListItem\",\"position\":1,\"name\":\"Trang ch\u1ee7\",\"item\":\"https:\/\/pluginviet.com\/mau2\/\"},{\"@type\":\"ListItem\",\"position\":2,\"name\":\"Shop\",\"item\":\"https:\/\/pluginviet.com\/mau2\/shop\/\"},{\"@type\":\"ListItem\",\"position\":3,\"name\":\"B\u00e0n l\u00e0m vi\u1ec7c s\u1ed1 31 \/ office table\"}]},{\"@type\":\"WebSite\",\"@id\":\"https:\/\/pluginviet.com\/mau2\/#website\",\"url\":\"https:\/\/pluginviet.com\/mau2\/\",\"name\":\"N\u1ed9i Th\u1ea5t RUSTIC ANHOME\",\"description\":\"\",\"potentialAction\":[{\"@type\":\"SearchAction\",\"target\":{\"@type\":\"EntryPoint\",\"urlTemplate\":\"https:\/\/pluginviet.com\/mau2\/?s={search_term_string}\"},\"query-input\":\"required name=search_term_string\"}],\"inLanguage\":\"vi\"}]}<\/script>\n<!-- \/ Yoast SEO plugin. -->","yoast_head_json":{"title":"B\u00e0n l\u00e0m vi\u1ec7c s\u1ed1 31 \/ office table - N\u1ed9i Th\u1ea5t RUSTIC ANHOME","robots":{"index":"index","follow":"follow","max-snippet":"max-snippet:-1","max-image-preview":"max-image-preview:large","max-video-preview":"max-video-preview:-1"},"canonical":"https:\/\/pluginviet.com\/mau2\/san-pham\/ban-lam-viec-so-31-office-table-10\/","og_locale":"vi_VN","og_type":"article","og_title":"B\u00e0n l\u00e0m vi\u1ec7c s\u1ed1 31 \/ office table - N\u1ed9i Th\u1ea5t RUSTIC ANHOME","og_description":"Ch\u1ea5t li\u1ec7u: G\u1ed7\u00a0s\u1ed3i  K\u00edch th\u01b0\u1edbc: 2000 * 550 * 750\u00a0(Kh\u00e1ch\u00a0h\u00e0ng c\u00f3 th\u1ec3 \u0111\u1eb7t theo k\u00edch th\u01b0\u1edbc mong mu\u1ed1n)","og_url":"https:\/\/pluginviet.com\/mau2\/san-pham\/ban-lam-viec-so-31-office-table-10\/","og_site_name":"N\u1ed9i Th\u1ea5t RUSTIC ANHOME","article_modified_time":"2022-09-16T10:52:13+00:00","og_image":[{"width":633,"height":663,"url":"https:\/\/pluginviet.com\/mau2\/wp-content\/uploads\/2022\/09\/z3650331602797_b34bc0648496b8b2bac8c60f5fea3aca.jpg","type":"image\/jpeg"}],"twitter_card":"summary_large_image","twitter_misc":{"\u01af\u1edbc t\u00ednh th\u1eddi gian \u0111\u1ecdc":"2 ph\u00fat"},"schema":{"@context":"https:\/\/schema.org","@graph":[{"@type":"WebPage","@id":"https:\/\/pluginviet.com\/mau2\/san-pham\/ban-lam-viec-so-31-office-table-10\/","url":"https:\/\/pluginviet.com\/mau2\/san-pham\/ban-lam-viec-so-31-office-table-10\/","name":"B\u00e0n l\u00e0m vi\u1ec7c s\u1ed1 31 \/ office table - N\u1ed9i Th\u1ea5t RUSTIC ANHOME","isPartOf":{"@id":"https:\/\/pluginviet.com\/mau2\/#website"},"datePublished":"2022-09-15T04:52:18+00:00","dateModified":"2022-09-16T10:52:13+00:00","breadcrumb":{"@id":"https:\/\/pluginviet.com\/mau2\/san-pham\/ban-lam-viec-so-31-office-table-10\/#breadcrumb"},"inLanguage":"vi","potentialAction":[{"@type":"ReadAction","target":["https:\/\/pluginviet.com\/mau2\/san-pham\/ban-lam-viec-so-31-office-table-10\/"]}]},{"@type":"BreadcrumbList","@id":"https:\/\/pluginviet.com\/mau2\/san-pham\/ban-lam-viec-so-31-office-table-10\/#breadcrumb","itemListElement":[{"@type":"ListItem","position":1,"name":"Trang ch\u1ee7","item":"https:\/\/pluginviet.com\/mau2\/"},{"@type":"ListItem","position":2,"name":"Shop","item":"https:\/\/pluginviet.com\/mau2\/shop\/"},{"@type":"ListItem","position":3,"name":"B\u00e0n l\u00e0m vi\u1ec7c s\u1ed1 31 \/ office table"}]},{"@type":"WebSite","@id":"https:\/\/pluginviet.com\/mau2\/#website","url":"https:\/\/pluginviet.com\/mau2\/","name":"N\u1ed9i Th\u1ea5t RUSTIC ANHOME","description":"","potentialAction":[{"@type":"SearchAction","target":{"@type":"EntryPoint","urlTemplate":"https:\/\/pluginviet.com\/mau2\/?s={search_term_string}"},"query-input":"required name=search_term_string"}],"inLanguage":"vi"}]}},"_links":{"self":[{"href":"https:\/\/pluginviet.com\/mau2\/wp-json\/wp\/v2\/product\/1510"}],"collection":[{"href":"https:\/\/pluginviet.com\/mau2\/wp-json\/wp\/v2\/product"}],"about":[{"href":"https:\/\/pluginviet.com\/mau2\/wp-json\/wp\/v2\/types\/product"}],"replies":[{"embeddable":true,"href":"https:\/\/pluginviet.com\/mau2\/wp-json\/wp\/v2\/comments?post=1510"}],"wp:featuredmedia":[{"embeddable":true,"href":"https:\/\/pluginviet.com\/mau2\/wp-json\/wp\/v2\/media\/1711"}],"wp:attachment":[{"href":"https:\/\/pluginviet.com\/mau2\/wp-json\/wp\/v2\/media?parent=1510"}],"wp:term":[{"taxonomy":"product_cat","embeddable":true,"href":"https:\/\/pluginviet.com\/mau2\/wp-json\/wp\/v2\/product_cat?post=1510"},{"taxonomy":"product_tag","embeddable":true,"href":"https:\/\/pluginviet.com\/mau2\/wp-json\/wp\/v2\/product_tag?post=1510"}],"curies":[{"name":"wp","href":"https:\/\/api.w.org\/{rel}","templated":true}]}}