{"id":1203,"date":"2022-06-30T06:50:13","date_gmt":"2022-06-30T06:50:13","guid":{"rendered":"https:\/\/gaosachlegia.com\/?post_type=product&#038;p=1203"},"modified":"2022-07-15T06:26:56","modified_gmt":"2022-07-15T06:26:56","slug":"gao-st21-3","status":"publish","type":"product","link":"https:\/\/pluginviet.com\/mau18\/san-pham\/gao-st21-3\/","title":{"rendered":"G\u1ea1o ST21"},"content":{"rendered":"<p>G\u1ea1o ST25 L\u00faa T\u00f4m H\u1eefu C\u01a1 Organic NGON H\u00c0NG \u0110\u1ea6U TH\u1ebe GI\u1edaI C\u00d3 G\u00cc \u0110\u1eb6C BI\u1ec6T KHI\u1ebeN V\u1ea0N NG\u01af\u1edcI M\u00ca V\u00c0 TIN D\u00d9NG NH\u01af V\u1eacY!<\/p>\n<p>G\u1ea1o ST25 L\u00faa T\u00f4m H\u1eefu C\u01a1 \u0111\u01b0\u1ee3c tr\u1ed3ng t\u1ea1i ru\u1ed9ng t\u00f4m \u0111\u1ea3m b\u1ea3o \u0111\u1ed9 s\u1ea1ch v\u00e0 an to\u00e0n. N\u00f4ng d\u00e2n s\u1ea3n xu\u1ea5t v\u00e0 ch\u1ebf bi\u1ebfn theo ti\u00eau chu\u1ea9n kh\u1eaft khe G\u1ea0O T\u01af\u01a0I S\u1ea0CH kh\u00f4ng s\u1eed d\u1ee5ng t.h.u\u1ed1 c t.r.\u1eeb s \u00e2u , kh\u00f4ng ph\u00e2n b\u00f3n h\u00f3a h\u1ecdc, kh\u00f4ng t.h.u.\u1ed1c di .\u1ec7.t c \u1ecf , kh\u00f4ng ch \u1ea5t k\u00edch th\u00edch t\u0103ng tr\u01b0\u1edfng, kh\u00f4ng c h\u1ea5.t b\u1ea3o qu\u1ea3n v\u00e0 kh\u00f4ng ch \u1ea5t t\u1ea1o h\u01b0\u01a1ng.<\/p>\n<div>\n<p><img decoding=\"async\" loading=\"lazy\" class=\"size-large wp-image-1200 aligncenter\" src=\"https:\/\/gaosachlegia.com\/wp-content\/uploads\/2022\/06\/283082337_322934920018412_3624996613239785646_n-800x800.jpeg\" alt=\"\" width=\"800\" height=\"800\" srcset=\"https:\/\/pluginviet.com\/mau18\/wp-content\/uploads\/2022\/06\/283082337_322934920018412_3624996613239785646_n-800x800.jpeg 800w, https:\/\/pluginviet.com\/mau18\/wp-content\/uploads\/2022\/06\/283082337_322934920018412_3624996613239785646_n-400x400.jpeg 400w, https:\/\/pluginviet.com\/mau18\/wp-content\/uploads\/2022\/06\/283082337_322934920018412_3624996613239785646_n-280x280.jpeg 280w, https:\/\/pluginviet.com\/mau18\/wp-content\/uploads\/2022\/06\/283082337_322934920018412_3624996613239785646_n-768x768.jpeg 768w, https:\/\/pluginviet.com\/mau18\/wp-content\/uploads\/2022\/06\/283082337_322934920018412_3624996613239785646_n-600x600.jpeg 600w, https:\/\/pluginviet.com\/mau18\/wp-content\/uploads\/2022\/06\/283082337_322934920018412_3624996613239785646_n-100x100.jpeg 100w, https:\/\/pluginviet.com\/mau18\/wp-content\/uploads\/2022\/06\/283082337_322934920018412_3624996613239785646_n.jpeg 1000w\" sizes=\"(max-width: 800px) 100vw, 800px\" \/><\/p>\n<\/div>\n<p>ST25 h\u1eefu c\u01a1 gi\u00e0u d\u01b0\u1ee1ng ch\u1ea5t v\u1edbi h\u00e0m l\u01b0\u1ee3ng protein, omega 3, omega 6, omega 9, vitamin B1, canxi, s\u1eaft, ch\u1ea5t x\u01a1 ti\u00eau h\u00f3a,&#8230; cao d\u1ec5 d\u00e0ng b\u1ed5 sung qua c\u00e1c b\u1eefa c\u01a1m h\u00e0ng ng\u00e0y. \u0110\u1eb7c bi\u1ec7t, s\u1ea3n ph\u1ea9m \u0111\u00e3 \u0111\u1ea1t nhi\u1ec1u ch\u1ee9ng nh\u1eadn h\u1eefu c\u01a1 qu\u1ed1c t\u1ebf nh\u01b0 : ORGANIC EU (Ch\u00e2u \u00c2u), USDA (Hoa K\u1ef3, t\u01b0\u01a1ng \u0111\u01b0\u01a1ng Canada), JAS (Nh\u1eadt B\u1ea3n) .<\/p>\n<p><strong>C\u00e1ch nh\u1eadn bi\u1ebft h\u1ea1t g\u1ea1o:<\/strong>\u00a0H\u1ea1t g\u1ea1o nh\u1ecf, thon d\u00e0i (chi\u1ec1u d\u00e0i trung b\u00ecnh h\u1ea1t: 6,6mm), m\u00e0u tr\u1eafng trong, kh\u00f4ng b\u1ea1c b\u1ee5ng. G\u1ea1o c\u00f3 m\u00f9i th\u01a1m nh\u1eb9.<\/p>\n<p><strong>\u0110\u1eb7c t\u00ednh c\u01a1m:<\/strong>\u00a0C\u01a1m khi n\u1ea5u xong cho v\u1ecb ng\u1ecdt, m\u1ec1m d\u1ebbo, h\u1ea1t c\u01a1m k\u1ebft d\u00ednh \u0111\u1ec1u v\u00e0 b\u1eaft m\u1eaft, m\u00f9i th\u01a1m lan t\u1ecfa r\u00f5 r\u1ec7t. C\u01a1m v\u1eabn m\u1ec1m d\u1ebbo khi \u0111\u1ec3 ngu\u1ed9i.<\/p>\n<p><strong>Ngu\u1ed3n g\u1ed1c v\u00e0 xu\u1ea5t x\u1ee9:<\/strong>\u00a0G\u1ea1o ST21 \u0111\u01b0\u1ee3c lai t\u1ea1o t\u1eeb gi\u1ed1ng l\u00faa th\u01a1m \u0111\u1eb7c s\u1ea3n c\u1ee7a t\u1ec9nh S\u00f3c Tr\u0103ng, ch\u1ea5t l\u01b0\u1ee3ng v\u00e0 m\u00f9i v\u1ecb v\u01b0\u1ee3t tr\u1ed9i so v\u1edbi c\u00e1c lo\u1ea1i g\u1ea1o th\u01a1m kh\u00e1c, gi\u00e1 tr\u1ecb xu\u1ea5t kh\u1ea9u cao. G\u1ea1o ST21 \u0111\u01b0\u1ee3c xem l\u00e0 \u0111\u1ea1i di\u1ec7n cho g\u1ea1o th\u01a1m h\u1ea1t d\u00e0i c\u1ee7a Vi\u1ec7t Nam. G\u1ea1o c\u00f3 \u0111\u1ea7y \u0111\u1ee7 t\u00ednh \u01b0u vi\u1ec7t v\u00e0 c\u1ea1nh tranh ch\u1ea5t l\u01b0\u1ee3ng v\u1edbi g\u1ea1o th\u01a1m n\u1ed5i ti\u1ebfng c\u1ee7a c\u00e1c n\u01b0\u1edbc kh\u00e1c.<\/p>\n","protected":false},"excerpt":{"rendered":"<p>G\u1ea1o ST21 \u0111\u01b0\u1ee3c lai t\u1ea1o t\u1eeb gi\u1ed1ng l\u00faa th\u01a1m \u0111\u1eb7c s\u1ea3n c\u1ee7a t\u1ec9nh S\u00f3c Tr\u0103ng, ch\u1ea5t l\u01b0\u1ee3ng v\u00e0 m\u00f9i v\u1ecb v\u01b0\u1ee3t tr\u1ed9i so v\u1edbi c\u00e1c lo\u1ea1i g\u1ea1o th\u01a1m kh\u00e1c, gi\u00e1 tr\u1ecb xu\u1ea5t kh\u1ea9u cao. G\u1ea1o ST21 \u0111\u01b0\u1ee3c xem l\u00e0 \u0111\u1ea1i di\u1ec7n cho g\u1ea1o th\u01a1m h\u1ea1t d\u00e0i c\u1ee7a Vi\u1ec7t Nam. G\u1ea1o c\u00f3 \u0111\u1ea7y \u0111\u1ee7 t\u00ednh \u01b0u vi\u1ec7t v\u00e0 c\u1ea1nh tranh ch\u1ea5t l\u01b0\u1ee3ng v\u1edbi g\u1ea1o th\u01a1m n\u1ed5i ti\u1ebfng c\u1ee7a c\u00e1c n\u01b0\u1edbc kh\u00e1c.<\/p>\n","protected":false},"featured_media":1446,"comment_status":"open","ping_status":"closed","template":"","meta":[],"product_cat":[15,128,124],"product_tag":[],"yoast_head":"<!-- This site is optimized with the Yoast SEO plugin v20.11 - https:\/\/yoast.com\/wordpress\/plugins\/seo\/ -->\n<title>G\u1ea1o ST21 - G\u1ea1o S\u1ea1ch L\u00ea Gia<\/title>\n<meta name=\"robots\" content=\"index, follow, max-snippet:-1, max-image-preview:large, max-video-preview:-1\" \/>\n<link rel=\"canonical\" href=\"https:\/\/pluginviet.com\/mau18\/san-pham\/gao-st21-3\/\" \/>\n<meta property=\"og:locale\" content=\"vi_VN\" \/>\n<meta property=\"og:type\" content=\"article\" \/>\n<meta property=\"og:title\" content=\"G\u1ea1o ST21 - G\u1ea1o S\u1ea1ch L\u00ea Gia\" \/>\n<meta property=\"og:description\" content=\"G\u1ea1o ST21 \u0111\u01b0\u1ee3c lai t\u1ea1o t\u1eeb gi\u1ed1ng l\u00faa th\u01a1m \u0111\u1eb7c s\u1ea3n c\u1ee7a t\u1ec9nh S\u00f3c Tr\u0103ng, ch\u1ea5t l\u01b0\u1ee3ng v\u00e0 m\u00f9i v\u1ecb v\u01b0\u1ee3t tr\u1ed9i so v\u1edbi c\u00e1c lo\u1ea1i g\u1ea1o th\u01a1m kh\u00e1c, gi\u00e1 tr\u1ecb xu\u1ea5t kh\u1ea9u cao. G\u1ea1o ST21 \u0111\u01b0\u1ee3c xem l\u00e0 \u0111\u1ea1i di\u1ec7n cho g\u1ea1o th\u01a1m h\u1ea1t d\u00e0i c\u1ee7a Vi\u1ec7t Nam. G\u1ea1o c\u00f3 \u0111\u1ea7y \u0111\u1ee7 t\u00ednh \u01b0u vi\u1ec7t v\u00e0 c\u1ea1nh tranh ch\u1ea5t l\u01b0\u1ee3ng v\u1edbi g\u1ea1o th\u01a1m n\u1ed5i ti\u1ebfng c\u1ee7a c\u00e1c n\u01b0\u1edbc kh\u00e1c.\" \/>\n<meta property=\"og:url\" content=\"https:\/\/pluginviet.com\/mau18\/san-pham\/gao-st21-3\/\" \/>\n<meta property=\"og:site_name\" content=\"G\u1ea1o S\u1ea1ch L\u00ea Gia\" \/>\n<meta property=\"article:modified_time\" content=\"2022-07-15T06:26:56+00:00\" \/>\n<meta property=\"og:image\" content=\"https:\/\/pluginviet.com\/mau18\/wp-content\/uploads\/2022\/06\/gao-lua-tom-st25-hop-2kg.png\" \/>\n\t<meta property=\"og:image:width\" content=\"600\" \/>\n\t<meta property=\"og:image:height\" content=\"600\" \/>\n\t<meta property=\"og:image:type\" content=\"image\/png\" \/>\n<meta name=\"twitter:card\" content=\"summary_large_image\" \/>\n<meta name=\"twitter:label1\" content=\"\u01af\u1edbc t\u00ednh th\u1eddi gian \u0111\u1ecdc\" \/>\n\t<meta name=\"twitter:data1\" content=\"2 ph\u00fat\" \/>\n<script type=\"application\/ld+json\" class=\"yoast-schema-graph\">{\"@context\":\"https:\/\/schema.org\",\"@graph\":[{\"@type\":\"WebPage\",\"@id\":\"https:\/\/pluginviet.com\/mau18\/san-pham\/gao-st21-3\/\",\"url\":\"https:\/\/pluginviet.com\/mau18\/san-pham\/gao-st21-3\/\",\"name\":\"G\u1ea1o ST21 - G\u1ea1o S\u1ea1ch L\u00ea Gia\",\"isPartOf\":{\"@id\":\"https:\/\/pluginviet.com\/mau18\/#website\"},\"datePublished\":\"2022-06-30T06:50:13+00:00\",\"dateModified\":\"2022-07-15T06:26:56+00:00\",\"breadcrumb\":{\"@id\":\"https:\/\/pluginviet.com\/mau18\/san-pham\/gao-st21-3\/#breadcrumb\"},\"inLanguage\":\"vi\",\"potentialAction\":[{\"@type\":\"ReadAction\",\"target\":[\"https:\/\/pluginviet.com\/mau18\/san-pham\/gao-st21-3\/\"]}]},{\"@type\":\"BreadcrumbList\",\"@id\":\"https:\/\/pluginviet.com\/mau18\/san-pham\/gao-st21-3\/#breadcrumb\",\"itemListElement\":[{\"@type\":\"ListItem\",\"position\":1,\"name\":\"Trang ch\u1ee7\",\"item\":\"https:\/\/pluginviet.com\/mau18\/\"},{\"@type\":\"ListItem\",\"position\":2,\"name\":\"S\u1ea3n ph\u1ea9m\",\"item\":\"https:\/\/pluginviet.com\/mau18\/san-pham\/\"},{\"@type\":\"ListItem\",\"position\":3,\"name\":\"G\u1ea1o ST21\"}]},{\"@type\":\"WebSite\",\"@id\":\"https:\/\/pluginviet.com\/mau18\/#website\",\"url\":\"https:\/\/pluginviet.com\/mau18\/\",\"name\":\"G\u1ea1o S\u1ea1ch L\u00ea Gia\",\"description\":\"\",\"potentialAction\":[{\"@type\":\"SearchAction\",\"target\":{\"@type\":\"EntryPoint\",\"urlTemplate\":\"https:\/\/pluginviet.com\/mau18\/?s={search_term_string}\"},\"query-input\":\"required name=search_term_string\"}],\"inLanguage\":\"vi\"}]}<\/script>\n<!-- \/ Yoast SEO plugin. -->","yoast_head_json":{"title":"G\u1ea1o ST21 - G\u1ea1o S\u1ea1ch L\u00ea Gia","robots":{"index":"index","follow":"follow","max-snippet":"max-snippet:-1","max-image-preview":"max-image-preview:large","max-video-preview":"max-video-preview:-1"},"canonical":"https:\/\/pluginviet.com\/mau18\/san-pham\/gao-st21-3\/","og_locale":"vi_VN","og_type":"article","og_title":"G\u1ea1o ST21 - G\u1ea1o S\u1ea1ch L\u00ea Gia","og_description":"G\u1ea1o ST21 \u0111\u01b0\u1ee3c lai t\u1ea1o t\u1eeb gi\u1ed1ng l\u00faa th\u01a1m \u0111\u1eb7c s\u1ea3n c\u1ee7a t\u1ec9nh S\u00f3c Tr\u0103ng, ch\u1ea5t l\u01b0\u1ee3ng v\u00e0 m\u00f9i v\u1ecb v\u01b0\u1ee3t tr\u1ed9i so v\u1edbi c\u00e1c lo\u1ea1i g\u1ea1o th\u01a1m kh\u00e1c, gi\u00e1 tr\u1ecb xu\u1ea5t kh\u1ea9u cao. G\u1ea1o ST21 \u0111\u01b0\u1ee3c xem l\u00e0 \u0111\u1ea1i di\u1ec7n cho g\u1ea1o th\u01a1m h\u1ea1t d\u00e0i c\u1ee7a Vi\u1ec7t Nam. G\u1ea1o c\u00f3 \u0111\u1ea7y \u0111\u1ee7 t\u00ednh \u01b0u vi\u1ec7t v\u00e0 c\u1ea1nh tranh ch\u1ea5t l\u01b0\u1ee3ng v\u1edbi g\u1ea1o th\u01a1m n\u1ed5i ti\u1ebfng c\u1ee7a c\u00e1c n\u01b0\u1edbc kh\u00e1c.","og_url":"https:\/\/pluginviet.com\/mau18\/san-pham\/gao-st21-3\/","og_site_name":"G\u1ea1o S\u1ea1ch L\u00ea Gia","article_modified_time":"2022-07-15T06:26:56+00:00","og_image":[{"width":600,"height":600,"url":"https:\/\/pluginviet.com\/mau18\/wp-content\/uploads\/2022\/06\/gao-lua-tom-st25-hop-2kg.png","type":"image\/png"}],"twitter_card":"summary_large_image","twitter_misc":{"\u01af\u1edbc t\u00ednh th\u1eddi gian \u0111\u1ecdc":"2 ph\u00fat"},"schema":{"@context":"https:\/\/schema.org","@graph":[{"@type":"WebPage","@id":"https:\/\/pluginviet.com\/mau18\/san-pham\/gao-st21-3\/","url":"https:\/\/pluginviet.com\/mau18\/san-pham\/gao-st21-3\/","name":"G\u1ea1o ST21 - G\u1ea1o S\u1ea1ch L\u00ea Gia","isPartOf":{"@id":"https:\/\/pluginviet.com\/mau18\/#website"},"datePublished":"2022-06-30T06:50:13+00:00","dateModified":"2022-07-15T06:26:56+00:00","breadcrumb":{"@id":"https:\/\/pluginviet.com\/mau18\/san-pham\/gao-st21-3\/#breadcrumb"},"inLanguage":"vi","potentialAction":[{"@type":"ReadAction","target":["https:\/\/pluginviet.com\/mau18\/san-pham\/gao-st21-3\/"]}]},{"@type":"BreadcrumbList","@id":"https:\/\/pluginviet.com\/mau18\/san-pham\/gao-st21-3\/#breadcrumb","itemListElement":[{"@type":"ListItem","position":1,"name":"Trang ch\u1ee7","item":"https:\/\/pluginviet.com\/mau18\/"},{"@type":"ListItem","position":2,"name":"S\u1ea3n ph\u1ea9m","item":"https:\/\/pluginviet.com\/mau18\/san-pham\/"},{"@type":"ListItem","position":3,"name":"G\u1ea1o ST21"}]},{"@type":"WebSite","@id":"https:\/\/pluginviet.com\/mau18\/#website","url":"https:\/\/pluginviet.com\/mau18\/","name":"G\u1ea1o S\u1ea1ch L\u00ea Gia","description":"","potentialAction":[{"@type":"SearchAction","target":{"@type":"EntryPoint","urlTemplate":"https:\/\/pluginviet.com\/mau18\/?s={search_term_string}"},"query-input":"required name=search_term_string"}],"inLanguage":"vi"}]}},"_links":{"self":[{"href":"https:\/\/pluginviet.com\/mau18\/wp-json\/wp\/v2\/product\/1203"}],"collection":[{"href":"https:\/\/pluginviet.com\/mau18\/wp-json\/wp\/v2\/product"}],"about":[{"href":"https:\/\/pluginviet.com\/mau18\/wp-json\/wp\/v2\/types\/product"}],"replies":[{"embeddable":true,"href":"https:\/\/pluginviet.com\/mau18\/wp-json\/wp\/v2\/comments?post=1203"}],"wp:featuredmedia":[{"embeddable":true,"href":"https:\/\/pluginviet.com\/mau18\/wp-json\/wp\/v2\/media\/1446"}],"wp:attachment":[{"href":"https:\/\/pluginviet.com\/mau18\/wp-json\/wp\/v2\/media?parent=1203"}],"wp:term":[{"taxonomy":"product_cat","embeddable":true,"href":"https:\/\/pluginviet.com\/mau18\/wp-json\/wp\/v2\/product_cat?post=1203"},{"taxonomy":"product_tag","embeddable":true,"href":"https:\/\/pluginviet.com\/mau18\/wp-json\/wp\/v2\/product_tag?post=1203"}],"curies":[{"name":"wp","href":"https:\/\/api.w.org\/{rel}","templated":true}]}}