{"id":510,"date":"2019-03-06T08:02:47","date_gmt":"2019-03-06T08:02:47","guid":{"rendered":"http:\/\/khomaudep.com\/thamtu\/?page_id=510"},"modified":"2022-08-07T10:12:23","modified_gmt":"2022-08-07T03:12:23","slug":"lien-he","status":"publish","type":"page","link":"https:\/\/pluginviet.com\/mau14\/lien-he\/","title":{"rendered":"Li\u00ean h\u1ec7"},"content":{"rendered":"\t<section class=\"section lienhe\" id=\"section_1397240778\">\n\t\t<div class=\"bg section-bg fill bg-fill bg-loaded bg-loaded\" >\n\n\t\t\t\n\t\t\t\n\t\t\t\n\n\t\t<\/div>\n\n\t\t\n\n\t\t<div class=\"section-content relative\">\n\t\t\t\n\n  <div class=\"banner has-hover\" id=\"banner-33302561\">\n          <div class=\"banner-inner fill\">\n        <div class=\"banner-bg fill\" >\n            <div class=\"bg fill bg-fill bg-loaded\"><\/div>\n                        <div class=\"overlay\"><\/div>            \n                    <\/div>\n\t\t\n        <div class=\"banner-layers container\">\n            <div class=\"fill banner-link\"><\/div>            \n   <div id=\"text-box-917640379\" class=\"text-box banner-layer x5 md-x5 lg-x5 y50 md-y50 lg-y50 res-text\">\n                     <div data-animate=\"none\">           <div class=\"text-box-content text box-shadow-3\">\n              \n              <div class=\"text-inner text-left\">\n                  \n<h2 class=\"uppercase\"><strong>LI\u00caN H\u1ec6<\/strong><\/h2>\n<h3>Cty DOME TTC<\/h3>\n<p><strong>C\u00f4ng ty TNHH DOME TTC \u2013<\/strong> ch\u00e2n th\u00e0nh c\u1ea3m \u01a1n qu\u00fd kh\u00e1ch h\u00e0ng \u0111\u00e3 quan t\u00e2m \u0111\u1ebfn d\u1ecbch v\u1ee5 c\u1ee7a ch\u00fang t\u00f4i su\u1ed1t nh\u1eefng n\u0103m qua. Vui l\u00f2ng li\u00ean h\u1ec7 tr\u1ef1c ti\u1ebfp \u0111\u1ec3 \u0111\u01b0\u1ee3c t\u01b0 v\u1ea5n.<\/p>\n              <\/div>\n           <\/div>\n       <\/div>                     \n<style>\n#text-box-917640379 .text-box-content {\n  background-color: rgba(255, 255, 255, 0.75);\n  font-size: 100%;\n}\n#text-box-917640379 .text-inner {\n  padding: 30px 30px 30px 30px;\n}\n#text-box-917640379 {\n  width: 90%;\n}\n@media (min-width:550px) {\n  #text-box-917640379 {\n    width: 52%;\n  }\n}\n<\/style>\n    <\/div>\n \n        <\/div>\n      <\/div>\n\n            \n<style>\n#banner-33302561 {\n  padding-top: 282px;\n}\n#banner-33302561 .bg.bg-loaded {\n  background-image: url(https:\/\/pluginviet.com\/mau14\/wp-content\/uploads\/2022\/08\/banner-header-1400x350.jpeg);\n}\n#banner-33302561 .overlay {\n  background-color: rgba(190, 190, 190, 0.2);\n}\n#banner-33302561 .ux-shape-divider--top svg {\n  height: 150px;\n  --divider-top-width: 100%;\n}\n#banner-33302561 .ux-shape-divider--bottom svg {\n  height: 150px;\n  --divider-width: 100%;\n}\n@media (min-width:550px) {\n  #banner-33302561 {\n    padding-top: 500px;\n  }\n}\n<\/style>\n  <\/div>\n\n\n\t\t<\/div>\n\n\t\t\n<style>\n#section_1397240778 {\n  padding-top: 0px;\n  padding-bottom: 0px;\n}\n#section_1397240778 .ux-shape-divider--top svg {\n  height: 150px;\n  --divider-top-width: 100%;\n}\n#section_1397240778 .ux-shape-divider--bottom svg {\n  height: 150px;\n  --divider-width: 100%;\n}\n<\/style>\n\t<\/section>\n\t\n","protected":false},"excerpt":{"rendered":"","protected":false},"author":1,"featured_media":0,"parent":0,"menu_order":0,"comment_status":"closed","ping_status":"closed","template":"page-blank.php","meta":[],"yoast_head":"<!-- This site is optimized with the Yoast SEO plugin v20.11 - https:\/\/yoast.com\/wordpress\/plugins\/seo\/ -->\n<title>Li\u00ean h\u1ec7 - Cung c\u1ea5p d\u1ecbch v\u1ee5 ph\u00e1p l\u00fd cho doanh nghi\u1ec7p<\/title>\n<meta name=\"robots\" content=\"index, follow, max-snippet:-1, max-image-preview:large, max-video-preview:-1\" \/>\n<link rel=\"canonical\" href=\"https:\/\/pluginviet.com\/mau14\/lien-he\/\" \/>\n<meta property=\"og:locale\" content=\"vi_VN\" \/>\n<meta property=\"og:type\" content=\"article\" \/>\n<meta property=\"og:title\" content=\"Li\u00ean h\u1ec7 - Cung c\u1ea5p d\u1ecbch v\u1ee5 ph\u00e1p l\u00fd cho doanh nghi\u1ec7p\" \/>\n<meta property=\"og:url\" content=\"https:\/\/pluginviet.com\/mau14\/lien-he\/\" \/>\n<meta property=\"og:site_name\" content=\"Cung c\u1ea5p d\u1ecbch v\u1ee5 ph\u00e1p l\u00fd cho doanh nghi\u1ec7p\" \/>\n<meta property=\"article:modified_time\" content=\"2022-08-07T03:12:23+00:00\" \/>\n<meta name=\"twitter:card\" content=\"summary_large_image\" \/>\n<script type=\"application\/ld+json\" class=\"yoast-schema-graph\">{\"@context\":\"https:\/\/schema.org\",\"@graph\":[{\"@type\":\"WebPage\",\"@id\":\"https:\/\/pluginviet.com\/mau14\/lien-he\/\",\"url\":\"https:\/\/pluginviet.com\/mau14\/lien-he\/\",\"name\":\"Li\u00ean h\u1ec7 - Cung c\u1ea5p d\u1ecbch v\u1ee5 ph\u00e1p l\u00fd cho doanh nghi\u1ec7p\",\"isPartOf\":{\"@id\":\"https:\/\/pluginviet.com\/mau14\/#website\"},\"datePublished\":\"2019-03-06T08:02:47+00:00\",\"dateModified\":\"2022-08-07T03:12:23+00:00\",\"breadcrumb\":{\"@id\":\"https:\/\/pluginviet.com\/mau14\/lien-he\/#breadcrumb\"},\"inLanguage\":\"vi\",\"potentialAction\":[{\"@type\":\"ReadAction\",\"target\":[\"https:\/\/pluginviet.com\/mau14\/lien-he\/\"]}]},{\"@type\":\"BreadcrumbList\",\"@id\":\"https:\/\/pluginviet.com\/mau14\/lien-he\/#breadcrumb\",\"itemListElement\":[{\"@type\":\"ListItem\",\"position\":1,\"name\":\"Trang ch\u1ee7\",\"item\":\"https:\/\/pluginviet.com\/mau14\/\"},{\"@type\":\"ListItem\",\"position\":2,\"name\":\"Li\u00ean h\u1ec7\"}]},{\"@type\":\"WebSite\",\"@id\":\"https:\/\/pluginviet.com\/mau14\/#website\",\"url\":\"https:\/\/pluginviet.com\/mau14\/\",\"name\":\"Cung c\u1ea5p d\u1ecbch v\u1ee5 ph\u00e1p l\u00fd cho doanh nghi\u1ec7p\",\"description\":\"\",\"potentialAction\":[{\"@type\":\"SearchAction\",\"target\":{\"@type\":\"EntryPoint\",\"urlTemplate\":\"https:\/\/pluginviet.com\/mau14\/?s={search_term_string}\"},\"query-input\":\"required name=search_term_string\"}],\"inLanguage\":\"vi\"}]}<\/script>\n<!-- \/ Yoast SEO plugin. -->","yoast_head_json":{"title":"Li\u00ean h\u1ec7 - Cung c\u1ea5p d\u1ecbch v\u1ee5 ph\u00e1p l\u00fd cho doanh nghi\u1ec7p","robots":{"index":"index","follow":"follow","max-snippet":"max-snippet:-1","max-image-preview":"max-image-preview:large","max-video-preview":"max-video-preview:-1"},"canonical":"https:\/\/pluginviet.com\/mau14\/lien-he\/","og_locale":"vi_VN","og_type":"article","og_title":"Li\u00ean h\u1ec7 - Cung c\u1ea5p d\u1ecbch v\u1ee5 ph\u00e1p l\u00fd cho doanh nghi\u1ec7p","og_url":"https:\/\/pluginviet.com\/mau14\/lien-he\/","og_site_name":"Cung c\u1ea5p d\u1ecbch v\u1ee5 ph\u00e1p l\u00fd cho doanh nghi\u1ec7p","article_modified_time":"2022-08-07T03:12:23+00:00","twitter_card":"summary_large_image","schema":{"@context":"https:\/\/schema.org","@graph":[{"@type":"WebPage","@id":"https:\/\/pluginviet.com\/mau14\/lien-he\/","url":"https:\/\/pluginviet.com\/mau14\/lien-he\/","name":"Li\u00ean h\u1ec7 - Cung c\u1ea5p d\u1ecbch v\u1ee5 ph\u00e1p l\u00fd cho doanh nghi\u1ec7p","isPartOf":{"@id":"https:\/\/pluginviet.com\/mau14\/#website"},"datePublished":"2019-03-06T08:02:47+00:00","dateModified":"2022-08-07T03:12:23+00:00","breadcrumb":{"@id":"https:\/\/pluginviet.com\/mau14\/lien-he\/#breadcrumb"},"inLanguage":"vi","potentialAction":[{"@type":"ReadAction","target":["https:\/\/pluginviet.com\/mau14\/lien-he\/"]}]},{"@type":"BreadcrumbList","@id":"https:\/\/pluginviet.com\/mau14\/lien-he\/#breadcrumb","itemListElement":[{"@type":"ListItem","position":1,"name":"Trang ch\u1ee7","item":"https:\/\/pluginviet.com\/mau14\/"},{"@type":"ListItem","position":2,"name":"Li\u00ean h\u1ec7"}]},{"@type":"WebSite","@id":"https:\/\/pluginviet.com\/mau14\/#website","url":"https:\/\/pluginviet.com\/mau14\/","name":"Cung c\u1ea5p d\u1ecbch v\u1ee5 ph\u00e1p l\u00fd cho doanh nghi\u1ec7p","description":"","potentialAction":[{"@type":"SearchAction","target":{"@type":"EntryPoint","urlTemplate":"https:\/\/pluginviet.com\/mau14\/?s={search_term_string}"},"query-input":"required name=search_term_string"}],"inLanguage":"vi"}]}},"_links":{"self":[{"href":"https:\/\/pluginviet.com\/mau14\/wp-json\/wp\/v2\/pages\/510"}],"collection":[{"href":"https:\/\/pluginviet.com\/mau14\/wp-json\/wp\/v2\/pages"}],"about":[{"href":"https:\/\/pluginviet.com\/mau14\/wp-json\/wp\/v2\/types\/page"}],"author":[{"embeddable":true,"href":"https:\/\/pluginviet.com\/mau14\/wp-json\/wp\/v2\/users\/1"}],"replies":[{"embeddable":true,"href":"https:\/\/pluginviet.com\/mau14\/wp-json\/wp\/v2\/comments?post=510"}],"version-history":[{"count":19,"href":"https:\/\/pluginviet.com\/mau14\/wp-json\/wp\/v2\/pages\/510\/revisions"}],"predecessor-version":[{"id":1999,"href":"https:\/\/pluginviet.com\/mau14\/wp-json\/wp\/v2\/pages\/510\/revisions\/1999"}],"wp:attachment":[{"href":"https:\/\/pluginviet.com\/mau14\/wp-json\/wp\/v2\/media?parent=510"}],"curies":[{"name":"wp","href":"https:\/\/api.w.org\/{rel}","templated":true}]}}