{"id":2893,"date":"2022-04-04T08:08:27","date_gmt":"2022-04-04T08:08:27","guid":{"rendered":"https:\/\/khomaudep.com\/alvalipstick\/?post_type=product&#038;p=2893"},"modified":"2022-04-04T08:08:28","modified_gmt":"2022-04-04T08:08:28","slug":"son-dior-matte-100-nude-look-hong-nude-moi-nhat","status":"publish","type":"product","link":"https:\/\/pluginviet.com\/mau1\/san-pham\/son-dior-matte-100-nude-look-hong-nude-moi-nhat\/","title":{"rendered":"Son Dior Matte 100 Nude Look \u2013 H\u1ed3ng Nude M\u1edaI NH\u1ea4T"},"content":{"rendered":"<h2>Son Dior Matte 100 Nude Look \u2013 H\u1ed3ng Nude M\u1edaI NH\u1ea4T D\u00f2ng Dior Rouge<\/h2>\n<h3>Dior Rouge Matte 100<\/h3>\n<p>Bi\u1ec3u t\u01b0\u1ee3ng makeup cao c\u1ea5p c\u1ee7a Dior \u2013 Rouge Dior \u201ct\u00e1i sinh\u201d v\u1edbi 4 ki\u1ec3u k\u1ebft c\u1ea5u Velvet, Matte, Satin, Metallic. Son gi\u00e0u tinh ch\u1ea5t t\u1eeb hoa, ch\u0103m m\u00f4i hi\u1ec7u qu\u1ea3. \u0110i\u1ec3m n\u1ed5i b\u1eadt m\u00e0 phi\u00ean b\u1ea3n Rouge Dior M\u1edaI NH\u1ea4T n\u00e0y h\u01b0\u1edbng \u0111\u1ebfn l\u00e0 th\u00e2n thi\u1ec7n v\u1edbi m\u00f4i tr\u01b0\u1eddng. Son c\u00f3 th\u1ec3 refill l\u00f5i, c\u1ef1c k\u1ef3 \u1ea5n t\u01b0\u1ee3ng v\u00e0 ti\u1ec7n d\u1ee5ng. Trong b\u1ea3ng m\u00e0u Dior \u0111\u1ea7y \u201cchanh s\u1ea3\u201d, c\u00f3 \u201ct\u00e2n binh\u201d\u00a0<strong>son Dior 100\u00a0Nude Look<\/strong> \u0111\u1eb3ng c\u1ea5p. M\u00e0u son h\u1ed3ng nude khi\u1ebfn ai n\u1ea5y \u0111\u1eafm say ng\u00e2y ng\u1ea5t, v\u1edbi ch\u1ea5t son matte m\u1ecbn m\u00e0ng, l\u01b0\u1edbt nh\u1eb9 tr\u00ean m\u00f4i.<\/p>\n<figure id=\"attachment_2899\" aria-describedby=\"caption-attachment-2899\" style=\"width: 800px\" class=\"wp-caption aligncenter\"><img decoding=\"async\" loading=\"lazy\" class=\"wp-image-2899 size-full\" src=\"https:\/\/khomaudep.com\/alvalipstick\/wp-content\/uploads\/2022\/04\/dior100.1.jpg\" alt=\"\" width=\"800\" height=\"736\" srcset=\"https:\/\/pluginviet.com\/mau1\/wp-content\/uploads\/2022\/04\/dior100.1.jpg 800w, https:\/\/pluginviet.com\/mau1\/wp-content\/uploads\/2022\/04\/dior100.1-435x400.jpg 435w, https:\/\/pluginviet.com\/mau1\/wp-content\/uploads\/2022\/04\/dior100.1-768x707.jpg 768w, https:\/\/pluginviet.com\/mau1\/wp-content\/uploads\/2022\/04\/dior100.1-600x552.jpg 600w\" sizes=\"(max-width: 800px) 100vw, 800px\" \/><figcaption id=\"caption-attachment-2899\" class=\"wp-caption-text\">Dior Matte 100 Nude Look \u2013 nh\u00e2n t\u1ed1 m\u1edbi d\u00f2ng Rouge Dior<\/figcaption><\/figure>\n<h2>\u201cN\u00e0ng th\u01a1\u201d m\u1edbi nh\u00e0 Dior \u2013 son Dior 100 Nude Look ghi danh d\u00f2ng Rouge Dior Matte<\/h2>\n<h3>\u0110i\u1ec3m t\u00f4 n\u00e9t th\u01a1 h\u00e0i h\u00f2a cho di\u1ec7n m\u1ea1o v\u1edbi son Dior Rouge Dior 100 Nude Look H\u1ed2NG NUDE<\/h3>\n<p><strong>Son Dior m\u00e0u 100\u00a0<\/strong>\u2013 con s\u1ed1 th\u1eadt \u0111\u1eb9p n\u00e0y \u0111\u01b0\u1ee3c m\u00f4 t\u1ea3 l\u00e0\u00a0<em>nude pink<\/em>. H\u1ed3ng nude \u0111\u01b0\u1ee3c l\u00f2ng ph\u00e1i \u0111\u1eb9p khi l\u00ean m\u00f4i mong manh, nh\u1eb9 nh\u00e0ng v\u00e0 th\u01a1 m\u1ed9ng. V\u1edbi m\u00e0u son n\u00e0y, m\u1ed9t \u201cth\u1ea7n ch\u00fa\u201d tuy\u1ec7t \u0111\u1ed1i ph\u1ea3i nh\u1edb l\u00e0 makeup r\u1ed3i m\u1edbi d\u00f9ng.<\/p>\n<figure id=\"attachment_2894\" aria-describedby=\"caption-attachment-2894\" style=\"width: 800px\" class=\"wp-caption aligncenter\"><img decoding=\"async\" loading=\"lazy\" class=\"wp-image-2894 size-full\" src=\"https:\/\/khomaudep.com\/alvalipstick\/wp-content\/uploads\/2022\/04\/dior100.6.jpg\" alt=\"\" width=\"800\" height=\"1000\" srcset=\"https:\/\/pluginviet.com\/mau1\/wp-content\/uploads\/2022\/04\/dior100.6.jpg 800w, https:\/\/pluginviet.com\/mau1\/wp-content\/uploads\/2022\/04\/dior100.6-320x400.jpg 320w, https:\/\/pluginviet.com\/mau1\/wp-content\/uploads\/2022\/04\/dior100.6-640x800.jpg 640w, https:\/\/pluginviet.com\/mau1\/wp-content\/uploads\/2022\/04\/dior100.6-768x960.jpg 768w, https:\/\/pluginviet.com\/mau1\/wp-content\/uploads\/2022\/04\/dior100.6-600x750.jpg 600w\" sizes=\"(max-width: 800px) 100vw, 800px\" \/><figcaption id=\"caption-attachment-2894\" class=\"wp-caption-text\">Dior Matte 100 Nude Look h\u1ed3ng nude m\u01a1 m\u00e0ng<\/figcaption><\/figure>\n<p>Son m\u00e0u nh\u1ea1t, \u0111i\u1ec3m t\u00f4 n\u00e9t m\u00f4i m\u01a1 m\u00e0ng n\u00ean c\u1ea7n nh\u1ea5n nh\u00e1 v\u00e0o nh\u1eefng \u0111i\u1ec3m kh\u00e1c tr\u00ean g\u01b0\u01a1ng m\u1eb7t.\u00a0<strong>Son Dior Nude Look\u00a0<\/strong>t\u1ef1 nhi\u00ean v\u1eabn h\u1ee3p v\u1edbi nh\u1eefng makeup look s\u1eafc s\u1ea3o.<\/p>\n<h3>M\u00ea m\u1ea9n thi\u1ebft k\u1ebf c\u1ee7a son Dior 100 Nude Look \u2013 v\u1ecf \u0111en v\u1edbi logo CD \u1ea5n t\u01b0\u1ee3ng<\/h3>\n<p>Trong ti\u1ec1m th\u1ee9c c\u1ee7a bao th\u1ebf h\u1ec7, nh\u1eafc \u0111\u1ebfn Dior l\u00e0 ngh\u0129 ngay \u0111\u1ebfn th\u1ecfi\u00a0<strong>son Rouge Dior<\/strong>\u00a0v\u1ecf \u0111en tinh x\u1ea3o, huy\u1ec1n b\u00ed. Nh\u00e0 m\u1ed1t \u0111\u00ecnh \u0111\u00e1m Ph\u00e1p n\u00e0y v\u1eabn gi\u1eef nguy\u00ean n\u00e9t tinh hoa n\u00e0y su\u1ed1t bao n\u0103m th\u00e1ng. Cho \u0111\u1ebfn l\u1ea7n \u201ct\u00e1i b\u1ea3n\u201d n\u00e0y, v\u1edbi\u00a0<strong>son Rouge Dior 100\u00a0<\/strong>n\u00e0y, \u0111\u1ed9 hi\u1ec7n \u0111\u1ea1i, sang tr\u1ecdng l\u1ea1i c\u00e0ng \u0111\u01b0\u1ee3c n\u00e2ng t\u1ea7m. V\u1eabn l\u00e0 v\u1ecf \u0111en, l\u00f5i v\u00e0 vi\u1ec1n b\u1ea1c, v\u1eabn l\u00e0 nh\u1eefng \u0111\u01b0\u1eddng ch\u1ea1m kh\u1eafc tinh x\u1ea3o, mang t\u00ednh signature c\u1ee7a Dior, nh\u01b0ng tr\u00ean th\u00e2n\u00a0<strong>son Dior m\u00e0u 100\u00a0<\/strong>c\u00f2n nh\u1ea5n nh\u00e1 th\u00eam c\u1ea3 logo CD m\u1ea1 b\u1ea1c. Ti\u1ebfng vang c\u1ee7a th\u01b0\u01a1ng hi\u1ec7u Christian Dior t\u1ef1 bao gi\u1edd lu\u00f4n g\u1eafn li\u1ec1n v\u1edbi bi\u1ec3u t\u01b0\u1ee3ng huy\u1ec1n tho\u1ea1i \u1ea5y, nay l\u1ea1i \u0111\u01b0\u1ee3c kh\u00e9o l\u00e9o \u0111\u01b0a v\u00e0o, c\u00e0ng t\u0103ng gi\u00e1 tr\u1ecb cho phi\u00ean b\u1ea3n Rouge Dior hi\u1ec7n \u0111\u1ea1i.<\/p>\n<figure id=\"attachment_2896\" aria-describedby=\"caption-attachment-2896\" style=\"width: 800px\" class=\"wp-caption aligncenter\"><img decoding=\"async\" loading=\"lazy\" class=\"wp-image-2896 size-full\" src=\"https:\/\/khomaudep.com\/alvalipstick\/wp-content\/uploads\/2022\/04\/dior100.4.jpg\" alt=\"\" width=\"800\" height=\"533\" srcset=\"https:\/\/pluginviet.com\/mau1\/wp-content\/uploads\/2022\/04\/dior100.4.jpg 800w, https:\/\/pluginviet.com\/mau1\/wp-content\/uploads\/2022\/04\/dior100.4-600x400.jpg 600w, https:\/\/pluginviet.com\/mau1\/wp-content\/uploads\/2022\/04\/dior100.4-768x512.jpg 768w\" sizes=\"(max-width: 800px) 100vw, 800px\" \/><figcaption id=\"caption-attachment-2896\" class=\"wp-caption-text\">Dior m\u00e0u 100 Nude Look c\u1eadn c\u1ea3nh th\u1ecfi son<\/figcaption><\/figure>\n<p>N\u00f3i v\u1ec1 thi\u1ebft k\u1ebf \u1edf \u0111\u1ea7u son th\u00ec d\u00e1ng c\u00f9ng v\u1edbi d\u00f2ng ch\u1ea1m kh\u1eafc Dior \u0111\u00e3 lu\u00f4n \u201c\u0111i c\u00f9ng n\u0103m th\u00e1ng\u201d.\u00a0<strong>Dior Rouge 100 Nude Look\u00a0<\/strong>lu\u00f4n ho\u00e0ng gia, tinh t\u1ebf v\u00e0 thu h\u00fat nh\u01b0 v\u1eady. Ngo\u1ea1i h\u00ecnh \u0111\u00fang l\u00e0 thu\u1ed9c d\u1ea1ng \u201cti\u1ec3u th\u01b0 ki\u00eau k\u1ef3\u201d m\u00e0 m\u1ecdi c\u00f4 n\u00e0ng \u0111\u1ec1u mu\u1ed1n s\u1edf h\u1eefu. B\u1ecf\u00a0<strong>son Dior Nude Look\u00a0<\/strong>ra thoa c\u0169ng l\u00e0 m\u1ed9t c\u00e1ch \u0111\u1ec3 gia t\u0103ng kh\u00ed ch\u1ea5t.<\/p>\n<h3>Phi\u00ean b\u1ea3n Dior Refillable \u2013 Dior 100 Nude Look c\u00f3 th\u1ec3 THAY L\u00d5I<\/h3>\n<p>B\u1eaft k\u1ecbp v\u1edbi nh\u1eefng \u00f4ng l\u1edbn son m\u00f4i cao c\u1ea5p h\u00e0ng \u0111\u1ea7u th\u1ebf gi\u1edbi, Dior c\u0169ng \u0111\u00e3 ra m\u1eaft phi\u00ean b\u1ea3n\u00a0<strong>son Dior Refillable\u00a0<\/strong>t\u1ee9c l\u00e0 son c\u00f3 th\u1ec3 thay l\u00f5i. \u0110i\u1ec1u quan tr\u1ecdng c\u1ea7n nh\u1eafc l\u1ea1i nhi\u1ec1u l\u1ea7n cho n\u00e0ng ti\u1ebfp t\u1ee5c sung s\u01b0\u1edbng h\u1ea1nh ph\u00fac.<\/p>\n<figure id=\"attachment_2895\" aria-describedby=\"caption-attachment-2895\" style=\"width: 800px\" class=\"wp-caption aligncenter\"><img decoding=\"async\" loading=\"lazy\" class=\"wp-image-2895 size-full\" src=\"https:\/\/khomaudep.com\/alvalipstick\/wp-content\/uploads\/2022\/04\/dior100.5.jpg\" alt=\"\" width=\"800\" height=\"833\" srcset=\"https:\/\/pluginviet.com\/mau1\/wp-content\/uploads\/2022\/04\/dior100.5.jpg 800w, https:\/\/pluginviet.com\/mau1\/wp-content\/uploads\/2022\/04\/dior100.5-384x400.jpg 384w, https:\/\/pluginviet.com\/mau1\/wp-content\/uploads\/2022\/04\/dior100.5-768x800.jpg 768w, https:\/\/pluginviet.com\/mau1\/wp-content\/uploads\/2022\/04\/dior100.5-600x625.jpg 600w\" sizes=\"(max-width: 800px) 100vw, 800px\" \/><figcaption id=\"caption-attachment-2895\" class=\"wp-caption-text\">Dior Matte 100 Nude Look \u2013 v\u1ebb \u0111\u1eb9p m\u00ea ho\u1eb7c \u00e1nh nh\u00ecn<\/figcaption><\/figure>\n<p>N\u00f3i v\u1ec1 s\u1ef1 \u0111\u1ed5i m\u1edbi c\u1ee7a d\u00f2ng Rouge Dior n\u00e0y, Dior nh\u1ea5n m\u1ea1nh v\u00e0o\u00a0<em>Beauty, loyalty and sustainability\u00a0<\/em>\u2013 v\u1ebb \u0111\u1eb9p, l\u00f2ng trung th\u00e0nh v\u00e0 gi\u00e1 tr\u1ecb b\u1ec1n v\u1eefng. S\u1eafm m\u1ed9t th\u1ecfi son r\u1ed3i tha h\u1ed3 m\u00e0 mua l\u00f5i refill. Gi\u1ea3i ph\u00e1p n\u00e0y th\u00e2n thi\u1ec7n v\u1edbi m\u00f4i tr\u01b0\u1eddng, \u0111\u00e3 th\u1ebf c\u00f2n gi\u00fap n\u00e0ng ti\u1ebft ki\u1ec7m kha kh\u00e1 m\u00e0 v\u1eabn th\u1ecfa \u0111\u01b0\u1ee3c \u0111am m\u00ea x\u00e0i nhi\u1ec1u m\u00e0u son m\u1ed9t l\u00fac.\u00a0<strong>Son Dior 100 Nude Look\u00a0<\/strong>nhi\u1ec1u s\u1ef1 \u0111\u00e1ng y\u00eau c\u0169ng b\u1edfi v\u1eady.<\/p>\n<h3>Matte \u2013 c\u00f3 g\u00ec m\u1edbi \u1edf phi\u00ean b\u1ea3n l\u00ec c\u1ee7a son Dior Matte 100 Nude Look<\/h3>\n<figure id=\"attachment_2898\" aria-describedby=\"caption-attachment-2898\" style=\"width: 800px\" class=\"wp-caption aligncenter\"><img decoding=\"async\" loading=\"lazy\" class=\"wp-image-2898 size-full\" src=\"https:\/\/khomaudep.com\/alvalipstick\/wp-content\/uploads\/2022\/04\/dior100.2.jpg\" alt=\"\" width=\"800\" height=\"533\" srcset=\"https:\/\/pluginviet.com\/mau1\/wp-content\/uploads\/2022\/04\/dior100.2.jpg 800w, https:\/\/pluginviet.com\/mau1\/wp-content\/uploads\/2022\/04\/dior100.2-600x400.jpg 600w, https:\/\/pluginviet.com\/mau1\/wp-content\/uploads\/2022\/04\/dior100.2-768x512.jpg 768w\" sizes=\"(max-width: 800px) 100vw, 800px\" \/><figcaption id=\"caption-attachment-2898\" class=\"wp-caption-text\">Dior Matte 100 Nude Look nh\u1ea1t m\u00e0u nh\u01b0ng kh\u00f4ng k\u00e9m ph\u1ea7n thu h\u00fat<\/figcaption><\/figure>\n<p>N\u1ebfu nh\u01b0 d\u00f2ng Velvet nh\u00ecn tr\u00ean th\u1ecfi ch\u1eb3ng kh\u00e1c n\u00e0o son l\u00ec c\u1ee7a Louboutin th\u00ec\u00a0<strong>son Dior m\u00e0u 100 Nude Look\u00a0<\/strong>b\u1ea3n Matte n\u00e0y l\u1ea1i m\u1ecbn m\u00e0ng v\u1eeba \u0111\u1ee7. Son kh\u00f4ng b\u00f3ng, m\u1ecbn nh\u01b0ng kh\u00f4ng b\u1ed9t, v\u1eabn l\u01b0\u1edbt nh\u1eb9 nh\u01b0 nhung. V\u1ed1n d\u0129 Dior Matte v\u1eabn lu\u00f4n l\u00e0 \u201ch\u00ecnh m\u1eabu l\u00fd t\u01b0\u1edfng\u201d trong l\u00f2ng bao ph\u00e1i \u0111\u1eb9p m\u00e0. Thoa son m\u00e0 c\u1ea3m gi\u00e1c nh\u01b0 kh\u00f4ng, ch\u1eb3ng ch\u00fat b\u1ebft d\u00ednh hay n\u1eb7ng m\u00f4i.\u00a0<strong>Son Dior Matte 100 Nude Look\u00a0<\/strong>\u0111\u1ec9nh \u1edf ch\u1ed7 ph\u1ee7 cho b\u1edd m\u00f4i s\u1ef1 quy\u1ebfn r\u0169 \u0111\u1ebfn m\u1ee9c kh\u00f3 c\u01b0\u1ee1ng nh\u1edd k\u1ebft c\u1ea5u m\u1ecbn \u0111\u1eb9p.<\/p>\n<h3>B\u1ec1n m\u00e0u kh\u1ee7ng m\u00e0 son Dior m\u00e0u 100 v\u1eabn \u201cc\u01b0ng\u201d m\u00f4i tuy\u1ec7t \u0111\u1ed1i<\/h3>\n<p>Nh\u00ecn v\u00e0o th\u00e0nh ph\u1ea7n son Dior Rouge 100 Nude Look to\u00e0n th\u1ea5y \u0111i\u1ec3m s\u00e1ng. D\u00f9 l\u00e0 ch\u1ea5t l\u00ec matte th\u00ec\u00a0<strong>Dior 100 Nude Look\u00a0<\/strong>v\u1eabn c\u01b0ng n\u1ef1ng b\u1edd m\u00f4i tuy\u1ec7t \u0111\u1ed1i. Son chi\u1ebft xu\u1ea5t t\u1eeb hoa m\u1eabu \u0111\u01a1n, hoa l\u1ef1a, b\u01a1 h\u1ea1t m\u1ee1\u2026 ho\u00e0n to\u00e0n t\u1ef1 nhi\u00ean. H\u00e3ng nh\u1ea5n m\u1ea1nh v\u00e0o kh\u1ea3 n\u0103ng b\u1ec1n m\u00e0u c\u1ee7a th\u1ecfi\u00a0<strong>son Dior Rouge New\u00a0<\/strong>n\u00e0y \u2013 con s\u1ed1 l\u00ean t\u1edbi 16 gi\u1edd li\u1ec1n.<\/p>\n<figure id=\"attachment_2897\" aria-describedby=\"caption-attachment-2897\" style=\"width: 800px\" class=\"wp-caption aligncenter\"><img decoding=\"async\" loading=\"lazy\" class=\"wp-image-2897 size-full\" src=\"https:\/\/khomaudep.com\/alvalipstick\/wp-content\/uploads\/2022\/04\/dior100.3.jpg\" alt=\"\" width=\"800\" height=\"533\" srcset=\"https:\/\/pluginviet.com\/mau1\/wp-content\/uploads\/2022\/04\/dior100.3.jpg 800w, https:\/\/pluginviet.com\/mau1\/wp-content\/uploads\/2022\/04\/dior100.3-600x400.jpg 600w, https:\/\/pluginviet.com\/mau1\/wp-content\/uploads\/2022\/04\/dior100.3-768x512.jpg 768w\" sizes=\"(max-width: 800px) 100vw, 800px\" \/><figcaption id=\"caption-attachment-2897\" class=\"wp-caption-text\">\u0110\u1ed9 b\u1ec1n m\u00e0u c\u1ee7a Dior m\u00e0u 100<\/figcaption><\/figure>\n<p>Rouge Dior \u0111\u1ed5i m\u1edbi v\u1edbi c\u00f4ng th\u1ee9c s\u00e1ng t\u1ea1o cho m\u00e0u s\u1eafc th\u1eddi trang v\u00e0 cao c\u1ea5p h\u01a1n. Son chu\u1ea9n m\u00e0u v\u00e0 c\u00f3 \u0111\u1ed9 r\u1ea1ng r\u1ee1 h\u01a1n. Th\u00e0nh ph\u1ea7n d\u01b0\u1ee1ng chuy\u00ean s\u00e2u gi\u00fap m\u00f4i lu\u00f4n m\u1ec1m m\u1ea1i v\u00e0 m\u1ecbn m\u00e0ng. Son ph\u1ee7 l\u00ean r\u00e3nh m\u00f4i, tan \u0111\u1ec1u sau khi ch\u1ea1m v\u00e0o da.<\/p>\n<h2>Phi\u00ean b\u1ea3n ng\u1ecdt ng\u00e0o ho\u00e0n m\u0129 mang t\u00ean Dior m\u00e0u 100 Nude Look Matte<\/h2>\n<p>Qu\u1ea3 th\u1ef1c,\u00a0<strong>Dior 100 Nude Look\u00a0<\/strong>ch\u00ednh x\u00e1c l\u00e0 must-have-item trong n\u0103m t\u1edbi. T\u1eeb m\u00e0u son h\u1ed3ng nude s\u1ed1ng \u0111\u1ed9ng cho \u0111\u1ebfn k\u1ebft c\u1ea5u matte \u1ea3o di\u1ec7u, c\u00f9ng v\u1edbi packaging h\u1ea5p d\u1eabn, thu h\u00fat h\u01a1n. Nhanh tay rinh ngay th\u1ecfi\u00a0<strong>son Dior m\u00e0u h\u1ed3ng nude<\/strong>\u00a0\u0111\u1eb9p n\u00e1 th\u1edf nay cho k\u1ecbp th\u00f4i n\u00e0ng. Best-seller \u0111\u1ea5y, ch\u1eadm ch\u00e2n l\u00e0 \u201ckh\u00f4ng c\u00f3 c\u1eeda\u201d s\u1eafm \u0111\u00e2u nha.<\/p>\n<h2 style=\"text-align: right\"><strong>khomaudep.com\/alvalipstick<\/strong><\/h2>\n\n\n<div class=\"kk-star-ratings kksr-auto kksr-align-right kksr-valign-bottom kksr-disabled\"\n    data-payload='{&quot;align&quot;:&quot;right&quot;,&quot;id&quot;:&quot;2893&quot;,&quot;readonly&quot;:&quot;1&quot;,&quot;slug&quot;:&quot;default&quot;,&quot;valign&quot;:&quot;bottom&quot;,&quot;ignore&quot;:&quot;&quot;,&quot;reference&quot;:&quot;auto&quot;,&quot;class&quot;:&quot;&quot;,&quot;count&quot;:&quot;0&quot;,&quot;legendonly&quot;:&quot;&quot;,&quot;score&quot;:&quot;0&quot;,&quot;starsonly&quot;:&quot;&quot;,&quot;best&quot;:&quot;5&quot;,&quot;gap&quot;:&quot;5&quot;,&quot;greet&quot;:&quot;Rate this product&quot;,&quot;legend&quot;:&quot;0\\\/5 - (0 b\\u00ecnh ch\\u1ecdn)&quot;,&quot;size&quot;:&quot;24&quot;,&quot;title&quot;:&quot;Son Dior Matte 100 Nude Look \\u2013 H\\u1ed3ng Nude M\\u1edaI NH\\u1ea4T&quot;,&quot;width&quot;:&quot;0&quot;,&quot;_legend&quot;:&quot;{score}\\\/{best} - ({count} {votes})&quot;,&quot;font_factor&quot;:&quot;1.25&quot;}'>\n            \n<div class=\"kksr-stars\">\n    \n<div class=\"kksr-stars-inactive\">\n            <div class=\"kksr-star\" data-star=\"1\" style=\"padding-right: 5px\">\n            \n\n<div class=\"kksr-icon\" style=\"width: 24px; height: 24px;\"><\/div>\n        <\/div>\n            <div class=\"kksr-star\" data-star=\"2\" style=\"padding-right: 5px\">\n            \n\n<div class=\"kksr-icon\" style=\"width: 24px; height: 24px;\"><\/div>\n        <\/div>\n            <div class=\"kksr-star\" data-star=\"3\" style=\"padding-right: 5px\">\n            \n\n<div class=\"kksr-icon\" style=\"width: 24px; height: 24px;\"><\/div>\n        <\/div>\n            <div class=\"kksr-star\" data-star=\"4\" style=\"padding-right: 5px\">\n            \n\n<div class=\"kksr-icon\" style=\"width: 24px; height: 24px;\"><\/div>\n        <\/div>\n            <div class=\"kksr-star\" data-star=\"5\" style=\"padding-right: 5px\">\n            \n\n<div class=\"kksr-icon\" style=\"width: 24px; height: 24px;\"><\/div>\n        <\/div>\n    <\/div>\n    \n<div class=\"kksr-stars-active\" style=\"width: 0px;\">\n            <div class=\"kksr-star\" style=\"padding-right: 5px\">\n            \n\n<div class=\"kksr-icon\" style=\"width: 24px; height: 24px;\"><\/div>\n        <\/div>\n            <div class=\"kksr-star\" style=\"padding-right: 5px\">\n            \n\n<div class=\"kksr-icon\" style=\"width: 24px; height: 24px;\"><\/div>\n        <\/div>\n            <div class=\"kksr-star\" style=\"padding-right: 5px\">\n            \n\n<div class=\"kksr-icon\" style=\"width: 24px; height: 24px;\"><\/div>\n        <\/div>\n            <div class=\"kksr-star\" style=\"padding-right: 5px\">\n            \n\n<div class=\"kksr-icon\" style=\"width: 24px; height: 24px;\"><\/div>\n        <\/div>\n            <div class=\"kksr-star\" style=\"padding-right: 5px\">\n            \n\n<div class=\"kksr-icon\" style=\"width: 24px; height: 24px;\"><\/div>\n        <\/div>\n    <\/div>\n<\/div>\n                \n\n<div class=\"kksr-legend\" style=\"font-size: 19.2px;\">\n            <span class=\"kksr-muted\">Rate this product<\/span>\n    <\/div>\n    <\/div>\n","protected":false},"excerpt":{"rendered":"<p>Rouge Dior t\u00e1i xu\u1ea5t, ph\u00e1i \u0111\u1eb9p \u201cph\u00e1t cu\u1ed3ng\u201d v\u00ec nh\u1eefng nh\u00e2n t\u1ed1 m\u1edbi.\u00a0<strong>Son Dior 100 Nude Look\u00a0<\/strong>h\u1ed3ng nude l\u00e0 m\u1ed9t trong s\u1ed1 nh\u1eefng hot item. Phi\u00ean b\u1ea3n \u0111\u1ed5i m\u1edbi, v\u1edbi nhi\u1ec1u d\u1ea5u \u1ea5n \u0111\u1eb7c bi\u1ec7t c\u1ef1c k\u1ef3.<\/p>\n<ul>\n<li>Th\u01b0\u01a1ng hi\u1ec7u:\u00a0<strong>Christian Dior<\/strong><\/li>\n<li>Xu\u1ea5t x\u1ee9:\u00a0<strong>Ph\u00e1p<\/strong><\/li>\n<li>D\u00f2ng:\u00a0<strong>Rouge Dior New<\/strong><\/li>\n<\/ul>\n","protected":false},"featured_media":2900,"comment_status":"open","ping_status":"closed","template":"","meta":[],"pwb-brand":[306],"product_cat":[15,171],"product_tag":[444,445,446,447,448,449],"brands":[{"id":306,"name":"Dior","slug":"dior"}],"_links":{"self":[{"href":"https:\/\/pluginviet.com\/mau1\/wp-json\/wp\/v2\/product\/2893"}],"collection":[{"href":"https:\/\/pluginviet.com\/mau1\/wp-json\/wp\/v2\/product"}],"about":[{"href":"https:\/\/pluginviet.com\/mau1\/wp-json\/wp\/v2\/types\/product"}],"replies":[{"embeddable":true,"href":"https:\/\/pluginviet.com\/mau1\/wp-json\/wp\/v2\/comments?post=2893"}],"wp:featuredmedia":[{"embeddable":true,"href":"https:\/\/pluginviet.com\/mau1\/wp-json\/wp\/v2\/media\/2900"}],"wp:attachment":[{"href":"https:\/\/pluginviet.com\/mau1\/wp-json\/wp\/v2\/media?parent=2893"}],"wp:term":[{"taxonomy":"pwb-brand","embeddable":true,"href":"https:\/\/pluginviet.com\/mau1\/wp-json\/wp\/v2\/pwb-brand?post=2893"},{"taxonomy":"product_cat","embeddable":true,"href":"https:\/\/pluginviet.com\/mau1\/wp-json\/wp\/v2\/product_cat?post=2893"},{"taxonomy":"product_tag","embeddable":true,"href":"https:\/\/pluginviet.com\/mau1\/wp-json\/wp\/v2\/product_tag?post=2893"}],"curies":[{"name":"wp","href":"https:\/\/api.w.org\/{rel}","templated":true}]}}