{"id":2855,"date":"2022-03-29T04:24:45","date_gmt":"2022-03-29T04:24:45","guid":{"rendered":"https:\/\/khomaudep.com\/alvalipstick\/?post_type=product&#038;p=2855"},"modified":"2022-03-29T04:24:45","modified_gmt":"2022-03-29T04:24:45","slug":"son-chanel-114-epitome-mau-do-mam-xoi","status":"publish","type":"product","link":"https:\/\/pluginviet.com\/mau1\/san-pham\/son-chanel-114-epitome-mau-do-mam-xoi\/","title":{"rendered":"Son Chanel 114 \u00c9pitome M\u00e0u \u0110\u1ecf M\u00e2m X\u00f4i"},"content":{"rendered":"<h2>Son Chanel 114 \u00c9pitome M\u00e0u \u0110\u1ecf M\u00e2m X\u00f4i<\/h2>\n<h3>B\u1ed9 s\u01b0u t\u1eadp Chanel Rouge Allure Velvet Extreme v\u00e0 th\u1ecfi son Chanel 114<\/h3>\n<p>Chanel \u2013 m\u1ed9t trong nh\u1eefng c\u00e1i t\u00ean \u0111\u00ecnh \u0111\u00e1m nh\u1ea5t trong gi\u1edbi th\u1eddi trang cao c\u1ea5p th\u1ebf gi\u1edbi. M\u1ecdi s\u1ea3n ph\u1ea9m c\u1ed9p m\u00e1c Chanel lu\u00f4n l\u00e0 ni\u1ec1m m\u01a1 \u01b0\u1edbc c\u1ee7a gi\u1edbi m\u1ed9 \u0111i\u1ec7u. Son Chanel c\u0169ng ch\u1eb3ng ngo\u00e0i \u201cv\u00f9ng ph\u1ee7 s\u00f3ng\u201d c\u1ee7a ph\u00e1i \u0111\u1eb9p, chu\u1ea9n x\u00e1c l\u00e0 must-have-item trong b\u1ed9 s\u01b0u t\u1eadp. H\u00e3ng c\u00f3 r\u1ea5t nhi\u1ec1u d\u00f2ng son \u0111\u1ec9nh cao. \u0110\u1ec3 kh\u1eb3ng \u0111\u1ecbnh th\u00eam v\u1ecb th\u1ebf c\u1ee7a \u201c\u0111\u1ebf ch\u1ebft\u201d Chanel h\u00e3ng \u0111\u00e3 cho ra BST Chanel Rouge Allure Velvet Extreme l\u00ec \u0111\u1ec9nh cao. Thi\u1ebft k\u1ebf v\u1ecf \u0111en c\u1ed5 \u0111i\u1ec3n \u0111\u1eb7c s\u1eafc, b\u1ea3ng m\u00e0u \u0111\u1eb9p \u201ckh\u00f4ng g\u00f3c ch\u1ebft\u201d c\u00f9ng ch\u1ea5t son l\u00ec m\u00e0 kh\u00f4ng g\u00e2y kh\u00f4 m\u00f4i cho ph\u00e1i \u0111\u1eb9p tr\u1ea3i nghi\u1ec7m l\u00e0n m\u00f4i m\u1ec1m m\u1ea1i nh\u01b0 l\u1ee5a, kh\u00f3 c\u01b0\u1ee1ng b\u1ea5t ng\u1edd.\u00a0<strong>Son Chanel 114\u00a0<\/strong><strong>\u00a0\u00c9pitome<\/strong>\u00a0\u0111\u1ecf m\u00e2m x\u00f4i ch\u00ednh l\u00e0 c\u00e1i t\u00ean hot hit c\u1ee7a d\u00f2ng l\u00ec Extreme n\u00e0y.<\/p>\n<figure id=\"attachment_2856\" aria-describedby=\"caption-attachment-2856\" style=\"width: 800px\" class=\"wp-caption aligncenter\"><img decoding=\"async\" loading=\"lazy\" class=\"wp-image-2856 size-full\" src=\"https:\/\/khomaudep.com\/alvalipstick\/wp-content\/uploads\/2022\/03\/chanel114.1.jpg\" alt=\"\" width=\"800\" height=\"735\" srcset=\"https:\/\/pluginviet.com\/mau1\/wp-content\/uploads\/2022\/03\/chanel114.1.jpg 800w, https:\/\/pluginviet.com\/mau1\/wp-content\/uploads\/2022\/03\/chanel114.1-435x400.jpg 435w, https:\/\/pluginviet.com\/mau1\/wp-content\/uploads\/2022\/03\/chanel114.1-768x706.jpg 768w, https:\/\/pluginviet.com\/mau1\/wp-content\/uploads\/2022\/03\/chanel114.1-600x551.jpg 600w\" sizes=\"(max-width: 800px) 100vw, 800px\" \/><figcaption id=\"caption-attachment-2856\" class=\"wp-caption-text\">Son Chanel 114 \u00c9pitome \u0111\u1ecf m\u00e2m x\u00f4i<\/figcaption><\/figure>\n<h2>\u0110\u1ec7 nh\u1ea5t son l\u00ec \u2013 son Chanel 114 \u00c9pitome v\u1ea1n \u0111i\u1ec1u m\u00ea \u0111\u1eafm<\/h2>\n<h3>Thi\u1ebft k\u1ebf son Chanel 114 \u00c9pitome l\u1ecbch l\u00e3m, tinh t\u1ebf<\/h3>\n<p>\u0110\u1ed9ng l\u00f2ng khi nh\u00ecn\u00a0<strong>son Chanel Rouge Allure Velvet Extreme 114\u00a0<\/strong>b\u1edfi thi\u1ebft k\u1ebf qu\u00e1 \u201cn\u1ecbnh m\u1eaft\u201d. Trong h\u1ea7u h\u1ebft c\u00e1c s\u1ea3n ph\u1ea9m t\u1eeb th\u1eddi trang, n\u01b0\u1edbc hoa, m\u1ef9 ph\u1ea9m c\u1ee7a h\u00e3ng, s\u1ef1 sang ch\u1ea3nh m\u00e0 \u0111\u1eb3ng c\u1ea5p lu\u00f4n \u0111\u01b0\u1ee3c Chanel kh\u00e9o l\u00e9o \u0111\u01b0a v\u00e0o trong t\u1eebng chi ti\u1ebft, \u0111\u00f3 l\u00e0 ngu\u1ed3n c\u1ea3m h\u1ee9ng b\u1ea5t t\u1eadn cho ph\u00e1i \u0111\u1eb9p. V\u1edbi BST Allure Rouge Velvet Extreme n\u00e0y c\u0169ng v\u1eady.<\/p>\n<figure id=\"attachment_2863\" aria-describedby=\"caption-attachment-2863\" style=\"width: 800px\" class=\"wp-caption aligncenter\"><img decoding=\"async\" loading=\"lazy\" class=\"wp-image-2863 size-full\" src=\"https:\/\/khomaudep.com\/alvalipstick\/wp-content\/uploads\/2022\/03\/chanel114.7.jpg\" alt=\"\" width=\"800\" height=\"600\" srcset=\"https:\/\/pluginviet.com\/mau1\/wp-content\/uploads\/2022\/03\/chanel114.7.jpg 800w, https:\/\/pluginviet.com\/mau1\/wp-content\/uploads\/2022\/03\/chanel114.7-533x400.jpg 533w, https:\/\/pluginviet.com\/mau1\/wp-content\/uploads\/2022\/03\/chanel114.7-768x576.jpg 768w, https:\/\/pluginviet.com\/mau1\/wp-content\/uploads\/2022\/03\/chanel114.7-600x450.jpg 600w\" sizes=\"(max-width: 800px) 100vw, 800px\" \/><figcaption id=\"caption-attachment-2863\" class=\"wp-caption-text\">Son Chanel 114 \u00c9pitome<\/figcaption><\/figure>\n<p><strong>Son Chanel 114\u00a0<\/strong><strong>\u00c9pitome<\/strong>\u00a0c\u00f3 thi\u1ebft k\u1ebf tr\u1ee5 vu\u00f4ng quen thu\u1ed9c, \u0111\u01b0\u1ee3c bo tr\u00f2n 4 g\u00f3c trong ngo\u00e0i \u0111\u1ec1u m\u1ed9t t\u00f4ng \u0111en huy\u1ec1n b\u00ed. \u0110\u00e2y qu\u1ea3 th\u1ef1c l\u00e0 n\u00e9t \u0111\u1eb9p b\u00ed \u1ea9n, sang tr\u1ecdng, m\u1ed9t c\u1ea3m gi\u00e1c quy\u1ec1n l\u1ef1c kh\u00f3 g\u00ec c\u00f3 th\u1ec3 s\u00e0nh k\u1ecbp. \u0110i\u1ec3m nh\u1ea5n th\u01b0\u01a1ng hi\u1ec7u v\u1eabn th\u1ec3 hi\u1ec7n qua logo Chanel \u0111en n\u1ed5i b\u1eadt tr\u00ean n\u1eafp son c\u0169ng nh\u01b0 kh\u1eafc ch\u00ecm tr\u00ean th\u1ecfi son. \u0110\u1ea7u\u00a0<strong>son Chanel 114\u00a0<\/strong>v\u00e1t nghi\u00eang ho\u00e0n h\u1ea3o, cho \u0111\u01b0\u1eddng m\u00f4i chu\u1ea9n n\u00e9t.\u00a0<strong>Son Chanel m\u00e0u 114\u00a0<\/strong><strong>\u00c9pitome<\/strong>\u00a0nh\u1ecf g\u1ecdn, ch\u1eafc ch\u1eafn, ti\u1ec7n l\u1ee3i mang theo mu\u00f4n n\u01a1i.<\/p>\n<figure id=\"attachment_2857\" aria-describedby=\"caption-attachment-2857\" style=\"width: 640px\" class=\"wp-caption aligncenter\"><img decoding=\"async\" loading=\"lazy\" class=\"wp-image-2857 size-full\" src=\"https:\/\/khomaudep.com\/alvalipstick\/wp-content\/uploads\/2022\/03\/chanel114.2.jpg\" alt=\"\" width=\"640\" height=\"598\" srcset=\"https:\/\/pluginviet.com\/mau1\/wp-content\/uploads\/2022\/03\/chanel114.2.jpg 640w, https:\/\/pluginviet.com\/mau1\/wp-content\/uploads\/2022\/03\/chanel114.2-428x400.jpg 428w, https:\/\/pluginviet.com\/mau1\/wp-content\/uploads\/2022\/03\/chanel114.2-600x561.jpg 600w\" sizes=\"(max-width: 640px) 100vw, 640px\" \/><figcaption id=\"caption-attachment-2857\" class=\"wp-caption-text\">Son Chanel m\u00e0u 114 \u00c9pitome<\/figcaption><\/figure>\n<h3>Son Chanel 114 \u00c9pitome \u0111\u1ecf m\u00e2m x\u00f4i c\u1ef1c ph\u1ea9m<\/h3>\n<p>Trong h\u00e0nh tr\u00ecnh t\u00ecm m\u00e0u son ho\u00e0n m\u0129 nh\u00e0 Chanel n\u00e0ng ki\u1ec3u g\u00ec c\u0169ng b\u1ecb rung rinh khi b\u1eaft g\u1eb7p\u00a0<strong>son Chanel 114<\/strong>. \u0110\u1ecf m\u00e2m x\u00f4i th\u1eddi th\u01b0\u1ee3ng. Son cho b\u1edd m\u00f4i b\u1eebng s\u00e1ng, t\u00f4n da c\u1ef1c k\u1ef3. D\u00f9 c\u00f3 ph\u1ea3i fan son \u0111\u1ecf hay kh\u00f4ng th\u00ec ai n\u1ea5y c\u0169ng \u0111\u1ec1u ph\u00e1t cu\u1ed3ng v\u00ec\u00a0<strong>son Chanel 114\u00a0<\/strong>cho xem. X\u1ee9ng danh \u201csi\u00eau ph\u1ea9m\u201d t\u1eeb d\u00f2ng\u00a0<strong>Chanel Rouge Allure Velvet Extreme,\u00a0<\/strong>qu\u00e1 x\u1ee9ng \u0111\u00e1ng \u0111\u1ec3 b\u1ea5t c\u1ee9 ai s\u1edf h\u1eefu.<\/p>\n<figure id=\"attachment_2859\" aria-describedby=\"caption-attachment-2859\" style=\"width: 800px\" class=\"wp-caption aligncenter\"><img decoding=\"async\" loading=\"lazy\" class=\"wp-image-2859 size-full\" src=\"https:\/\/khomaudep.com\/alvalipstick\/wp-content\/uploads\/2022\/03\/chanel114.4.jpg\" alt=\"\" width=\"800\" height=\"800\" srcset=\"https:\/\/pluginviet.com\/mau1\/wp-content\/uploads\/2022\/03\/chanel114.4.jpg 800w, https:\/\/pluginviet.com\/mau1\/wp-content\/uploads\/2022\/03\/chanel114.4-400x400.jpg 400w, https:\/\/pluginviet.com\/mau1\/wp-content\/uploads\/2022\/03\/chanel114.4-280x280.jpg 280w, https:\/\/pluginviet.com\/mau1\/wp-content\/uploads\/2022\/03\/chanel114.4-768x768.jpg 768w, https:\/\/pluginviet.com\/mau1\/wp-content\/uploads\/2022\/03\/chanel114.4-600x600.jpg 600w, https:\/\/pluginviet.com\/mau1\/wp-content\/uploads\/2022\/03\/chanel114.4-100x100.jpg 100w\" sizes=\"(max-width: 800px) 100vw, 800px\" \/><figcaption id=\"caption-attachment-2859\" class=\"wp-caption-text\">Son Chanel m\u00e0u 114 \u00c9pitome thu\u1ed9c d\u00f2ng Rouge Allure Velvet Extreme<\/figcaption><\/figure>\n<p>&nbsp;<\/p>\n<h3>Son Chanel m\u00e0u 114 l\u00ec\u00a0m\u1ecbn, ch\u0103m m\u00f4i hi\u1ec7u qu\u1ea3<\/h3>\n<p><strong>Son Chanel 114\u00a0<\/strong><strong>\u00c9pitome<\/strong>\u00a0c\u00f3 ch\u1ea5t son l\u00ec m\u1ecbn, kh\u1ea3 n\u0103ng l\u00ean m\u00e0u chu\u1ea9n m\u00e0 cho \u0111\u00f4i m\u00f4i c\u1ea3m gi\u00e1c m\u1ecfng nh\u1eb9, t\u1ef1 nhi\u00ean. Nh\u1edd th\u00e0nh ph\u1ea7n b\u1ed5 sung th\u00eam Jojoba m\u00e0 kh\u1ea3 n\u0103ng d\u01b0\u1ee1ng \u1ea9m v\u00e0 m\u1ec1m m\u00f4i c\u1ee7a\u00a0<strong>son Chanel m\u00e0u 114\u00a0<\/strong>th\u1ef1c s\u1ef1 l\u00e0 ni\u1ec1m t\u1ef1 h\u00e0o m\u00e0 Chanel mang t\u1edbi.<\/p>\n<figure id=\"attachment_2858\" aria-describedby=\"caption-attachment-2858\" style=\"width: 770px\" class=\"wp-caption aligncenter\"><img decoding=\"async\" loading=\"lazy\" class=\"wp-image-2858 size-full\" src=\"https:\/\/khomaudep.com\/alvalipstick\/wp-content\/uploads\/2022\/03\/chanel114.3.jpg\" alt=\"\" width=\"770\" height=\"960\" srcset=\"https:\/\/pluginviet.com\/mau1\/wp-content\/uploads\/2022\/03\/chanel114.3.jpg 770w, https:\/\/pluginviet.com\/mau1\/wp-content\/uploads\/2022\/03\/chanel114.3-321x400.jpg 321w, https:\/\/pluginviet.com\/mau1\/wp-content\/uploads\/2022\/03\/chanel114.3-642x800.jpg 642w, https:\/\/pluginviet.com\/mau1\/wp-content\/uploads\/2022\/03\/chanel114.3-768x958.jpg 768w, https:\/\/pluginviet.com\/mau1\/wp-content\/uploads\/2022\/03\/chanel114.3-600x748.jpg 600w\" sizes=\"(max-width: 770px) 100vw, 770px\" \/><figcaption id=\"caption-attachment-2858\" class=\"wp-caption-text\">Son Chanel m\u00e0u 114 \u00c9pitome<\/figcaption><\/figure>\n<p>Nh\u00ecn th\u00ec ch\u1ea5t l\u00ec c\u1ef1c m\u1ec1m, m\u00f4i ho\u00e0n to\u00e0n kh\u00f4ng b\u00f3ng n\u00ean\u00a0<strong>son Chanel 114\u00a0<\/strong>n\u00e0y b\u00e1m m\u00e0u \u0111\u1ebfn 8 gi\u1edd \u0111\u1ed3ng h\u1ed3.<\/p>\n<h2>H\u01b0\u1edbng d\u1eabn s\u1eed d\u1ee5ng son Chanel 114 \u00c9pitome<\/h2>\n<figure id=\"attachment_2864\" aria-describedby=\"caption-attachment-2864\" style=\"width: 800px\" class=\"wp-caption aligncenter\"><img decoding=\"async\" loading=\"lazy\" class=\"wp-image-2864 size-full\" src=\"https:\/\/khomaudep.com\/alvalipstick\/wp-content\/uploads\/2022\/03\/chanel114.8.jpg\" alt=\"\" width=\"800\" height=\"787\" srcset=\"https:\/\/pluginviet.com\/mau1\/wp-content\/uploads\/2022\/03\/chanel114.8.jpg 800w, https:\/\/pluginviet.com\/mau1\/wp-content\/uploads\/2022\/03\/chanel114.8-407x400.jpg 407w, https:\/\/pluginviet.com\/mau1\/wp-content\/uploads\/2022\/03\/chanel114.8-768x756.jpg 768w, https:\/\/pluginviet.com\/mau1\/wp-content\/uploads\/2022\/03\/chanel114.8-600x590.jpg 600w\" sizes=\"(max-width: 800px) 100vw, 800px\" \/><figcaption id=\"caption-attachment-2864\" class=\"wp-caption-text\">Chanel 114 \u00c9pitome<\/figcaption><\/figure>\n<ul>\n<li>B\u1ea3o qu\u1ea3n son Chanel \u1edf n\u01a1i kh\u00f4 r\u00e1o, tr\u00e1nh \u00e1nh n\u1eafng tr\u1ef1c ti\u1ebfp c\u1ee7a m\u1eb7t tr\u1eddi.<\/li>\n<\/ul>\n<h2 style=\"text-align: right\"><strong>khomaudep.com\/alvalipstick<\/strong><\/h2>\n\n\n<div class=\"kk-star-ratings kksr-auto kksr-align-right kksr-valign-bottom kksr-disabled\"\n    data-payload='{&quot;align&quot;:&quot;right&quot;,&quot;id&quot;:&quot;2855&quot;,&quot;readonly&quot;:&quot;1&quot;,&quot;slug&quot;:&quot;default&quot;,&quot;valign&quot;:&quot;bottom&quot;,&quot;ignore&quot;:&quot;&quot;,&quot;reference&quot;:&quot;auto&quot;,&quot;class&quot;:&quot;&quot;,&quot;count&quot;:&quot;0&quot;,&quot;legendonly&quot;:&quot;&quot;,&quot;score&quot;:&quot;0&quot;,&quot;starsonly&quot;:&quot;&quot;,&quot;best&quot;:&quot;5&quot;,&quot;gap&quot;:&quot;5&quot;,&quot;greet&quot;:&quot;Rate this product&quot;,&quot;legend&quot;:&quot;0\\\/5 - (0 b\\u00ecnh ch\\u1ecdn)&quot;,&quot;size&quot;:&quot;24&quot;,&quot;title&quot;:&quot;Son Chanel 114 \\u00c9pitome M\\u00e0u \\u0110\\u1ecf M\\u00e2m X\\u00f4i&quot;,&quot;width&quot;:&quot;0&quot;,&quot;_legend&quot;:&quot;{score}\\\/{best} - ({count} {votes})&quot;,&quot;font_factor&quot;:&quot;1.25&quot;}'>\n            \n<div class=\"kksr-stars\">\n    \n<div class=\"kksr-stars-inactive\">\n            <div class=\"kksr-star\" data-star=\"1\" style=\"padding-right: 5px\">\n            \n\n<div class=\"kksr-icon\" style=\"width: 24px; height: 24px;\"><\/div>\n        <\/div>\n            <div class=\"kksr-star\" data-star=\"2\" style=\"padding-right: 5px\">\n            \n\n<div class=\"kksr-icon\" style=\"width: 24px; height: 24px;\"><\/div>\n        <\/div>\n            <div class=\"kksr-star\" data-star=\"3\" style=\"padding-right: 5px\">\n            \n\n<div class=\"kksr-icon\" style=\"width: 24px; height: 24px;\"><\/div>\n        <\/div>\n            <div class=\"kksr-star\" data-star=\"4\" style=\"padding-right: 5px\">\n            \n\n<div class=\"kksr-icon\" style=\"width: 24px; height: 24px;\"><\/div>\n        <\/div>\n            <div class=\"kksr-star\" data-star=\"5\" style=\"padding-right: 5px\">\n            \n\n<div class=\"kksr-icon\" style=\"width: 24px; height: 24px;\"><\/div>\n        <\/div>\n    <\/div>\n    \n<div class=\"kksr-stars-active\" style=\"width: 0px;\">\n            <div class=\"kksr-star\" style=\"padding-right: 5px\">\n            \n\n<div class=\"kksr-icon\" style=\"width: 24px; height: 24px;\"><\/div>\n        <\/div>\n            <div class=\"kksr-star\" style=\"padding-right: 5px\">\n            \n\n<div class=\"kksr-icon\" style=\"width: 24px; height: 24px;\"><\/div>\n        <\/div>\n            <div class=\"kksr-star\" style=\"padding-right: 5px\">\n            \n\n<div class=\"kksr-icon\" style=\"width: 24px; height: 24px;\"><\/div>\n        <\/div>\n            <div class=\"kksr-star\" style=\"padding-right: 5px\">\n            \n\n<div class=\"kksr-icon\" style=\"width: 24px; height: 24px;\"><\/div>\n        <\/div>\n            <div class=\"kksr-star\" style=\"padding-right: 5px\">\n            \n\n<div class=\"kksr-icon\" style=\"width: 24px; height: 24px;\"><\/div>\n        <\/div>\n    <\/div>\n<\/div>\n                \n\n<div class=\"kksr-legend\" style=\"font-size: 19.2px;\">\n            <span class=\"kksr-muted\">Rate this product<\/span>\n    <\/div>\n    <\/div>\n","protected":false},"excerpt":{"rendered":"<p><strong>Son Chanel 114 \u00c9pitome\u00a0<\/strong>ghi danh v\u00e0o b\u1ed9 s\u01b0u t\u1eadp Rouge Allure Velvet Extreme v\u00e0 tr\u1edf th\u00e0nh c\u00e1i t\u00ean s\u00e1ng gi\u00e1 nh\u1ea5t. S\u1eafc \u0111\u1ecf m\u00e2m x\u00f4i (\u0111\u1ecf raspberry) chinh ph\u1ee5c m\u1ecdi n\u1ea5c thang quy\u1ebfn r\u0169 m\u00e0 ph\u00e1i \u0111\u1eb9p h\u01b0\u1edbng t\u1edbi.<\/p>\n<ul>\n<li><strong>Th\u01b0\u01a1ng hi\u1ec7u: Chanel<\/strong><\/li>\n<li><strong>Xu\u1ea5t x\u1ee9: Ph\u00e1p<\/strong><\/li>\n<li><strong>Tr\u1ecdng l\u01b0\u1ee3ng: 3,5g<\/strong><\/li>\n<\/ul>\n","protected":false},"featured_media":2862,"comment_status":"open","ping_status":"closed","template":"","meta":[],"pwb-brand":[243],"product_cat":[15,171],"product_tag":[429,430,431,432,433],"brands":[{"id":243,"name":"Chanel","slug":"chanel"}],"_links":{"self":[{"href":"https:\/\/pluginviet.com\/mau1\/wp-json\/wp\/v2\/product\/2855"}],"collection":[{"href":"https:\/\/pluginviet.com\/mau1\/wp-json\/wp\/v2\/product"}],"about":[{"href":"https:\/\/pluginviet.com\/mau1\/wp-json\/wp\/v2\/types\/product"}],"replies":[{"embeddable":true,"href":"https:\/\/pluginviet.com\/mau1\/wp-json\/wp\/v2\/comments?post=2855"}],"wp:featuredmedia":[{"embeddable":true,"href":"https:\/\/pluginviet.com\/mau1\/wp-json\/wp\/v2\/media\/2862"}],"wp:attachment":[{"href":"https:\/\/pluginviet.com\/mau1\/wp-json\/wp\/v2\/media?parent=2855"}],"wp:term":[{"taxonomy":"pwb-brand","embeddable":true,"href":"https:\/\/pluginviet.com\/mau1\/wp-json\/wp\/v2\/pwb-brand?post=2855"},{"taxonomy":"product_cat","embeddable":true,"href":"https:\/\/pluginviet.com\/mau1\/wp-json\/wp\/v2\/product_cat?post=2855"},{"taxonomy":"product_tag","embeddable":true,"href":"https:\/\/pluginviet.com\/mau1\/wp-json\/wp\/v2\/product_tag?post=2855"}],"curies":[{"name":"wp","href":"https:\/\/api.w.org\/{rel}","templated":true}]}}