{"id":2818,"date":"2022-03-25T04:00:16","date_gmt":"2022-03-25T04:00:16","guid":{"rendered":"https:\/\/khomaudep.com\/alvalipstick\/?post_type=product&#038;p=2818"},"modified":"2022-03-25T09:11:55","modified_gmt":"2022-03-25T09:11:55","slug":"son-chanel-847-rouge-majestueux-mau-do-dam-dep-nhat","status":"publish","type":"product","link":"https:\/\/pluginviet.com\/mau1\/san-pham\/son-chanel-847-rouge-majestueux-mau-do-dam-dep-nhat\/","title":{"rendered":"Son Chanel 847 Rouge Majestueux \u2013 M\u00e0u \u0110\u1ecf \u0110\u1eadm \u0110\u1eb9p Nh\u1ea5t"},"content":{"rendered":"<h2>Son Chanel 847 Rouge Majestueux \u2013 M\u00e0u \u0110\u1ecf \u0110\u1eadm \u0110\u1eb9p Nh\u1ea5t<\/h2>\n<h3>Son Chanel 847<\/h3>\n<p>Kh\u1edfi \u0111\u1ed9ng m\u00f9a l\u1ec5 h\u1ed9i cu\u1ed1i n\u0103m v\u1edbi m\u1ed9t phi\u00ean b\u1ea3n son th\u1ecfi ho\u00e0n to\u00e0n m\u1edbi, Chanel Rouge Allure\u00a0Luminous Intense Lip Colour ch\u1eafc ch\u1eafn l\u00e0 t\u1eeb kh\u00f3a l\u00e0m \u0111\u1eb9p \u0111\u01b0\u1ee3c h\u1ed9i ch\u1ecb em quan t\u00e2m s\u1ed1 m\u1ed9t hi\u1ec7n nay. 6 t\u00f4ng m\u00e0u \u201cn\u1ecbnh m\u00f4i\u201d k\u1ebft h\u1ee3p c\u00f9ng 1 thi\u1ebft k\u1ebf sang ch\u1ea3nh s\u1eb5n s\u00e0ng \u201c\u0111\u1ed1n tim\u201d b\u1ea5t c\u1ee9 t\u00edn \u0111\u1ed3 m\u00ea son n\u00e0o. N\u1ebfu \u0111ang t\u00ecm ki\u1ebfm m\u1ed9t l\u1edbp fisnish m\u1ec1m m\u1ecbn, chi\u1ec1u chu\u1ed9ng b\u1edd m\u00f4i ho\u00e0n h\u1ea3o th\u00ec ch\u1eafc h\u1eb3n Chanel Rouge Allure\u00a0Luminous Intense Lip Colour s\u1ebd l\u00e0 c\u00e1i t\u00ean \u201cchinh ph\u1ee5c\u201d n\u00e0ng ngay t\u1ee9c kh\u1eafc. Kh\u00e1m ph\u00e1 ngay\u00a0<strong>son Chanel 847<\/strong>\u00a0\u2013 \u201cn\u00e0ng th\u01a1\u201d c\u1ee7a c\u1ea3 BST \u0111\u1ec3 c\u00f9ng tr\u1ea3i nghi\u1ec7m k\u1ef9 l\u01b0\u1ee1ng h\u01a1n v\u1ec1 d\u00f2ng s\u1ea3n ph\u1ea9m m\u1edbi toanh n\u00e0y nh\u00e9!<\/p>\n<h2>L\u1ed9ng l\u1eaby m\u00f9a l\u1ec5 h\u1ed9i cu\u1ed1i n\u0103m v\u1edbi s\u1eafc son Chanel 847 Rouge Majestueux l\u1ed9ng l\u1eaby<\/h2>\n<h3>T\u00f4 \u0111i\u1ec3m cho \u0111\u00f4i m\u00f4i v\u1edbi s\u1eafc \u0111\u1ecf \u0111\u1eadm cu\u1ed1n h\u00fat c\u1ee7a th\u1ecfi son Chanel 847<\/h3>\n<p>N\u1ebfu y\u00eau th\u00edch nh\u1eefng t\u00f4ng tr\u1ea7m \u0111\u1eb7c tr\u01b0ng c\u1ee7a m\u00f9a l\u1ec5 h\u1ed9i th\u00ec ch\u1eafc h\u1eb3n m\u00e0u\u00a0<strong>son Chanel 847<\/strong>\u00a0\u0111\u1ecf \u0111\u1eadm s\u1ebd l\u00e0 \u201cn\u00e0ng th\u01a1\u201d c\u1ef1c l\u00fd t\u01b0\u1edfng g\u1eedi \u0111\u1ebfn b\u1ea1n. Gam son ki\u00eau k\u1ef3, quy\u1ebfn r\u0169 t\u00f4 \u0111i\u1ec3m cho \u0111\u00f4i m\u00f4i n\u00e9t sang ch\u1ea3nh \u0111\u1ea7y \u1ea5n t\u01b0\u1ee3ng. Son Chanel 847 kh\u00f4ng k\u00e9n da n\u00ean m\u1ecdi b\u1ea1n g\u00e1i \u0111\u1ec1u c\u00f3 th\u1ec3 \u201cth\u1eed s\u1ee9c\u201d d\u1ec5 d\u00e0ng. M\u00e0u son n\u00e0y th\u00edch h\u1ee3p v\u1edbi nh\u1eefng ki\u1ec3u makeup \u0111\u1eadm mang phong c\u00e1ch tr\u01b0\u1edfng th\u00e0nh, sexy, c\u1ef1c k\u1ef3 th\u00edch h\u1ee3p cho m\u00f9a ti\u1ec7c t\u00f9ng, l\u1ec5 h\u1ed9i cu\u1ed1i n\u0103m n\u00e0ng nh\u00e9!<\/p>\n<figure id=\"attachment_2820\" aria-describedby=\"caption-attachment-2820\" style=\"width: 600px\" class=\"wp-caption aligncenter\"><img decoding=\"async\" loading=\"lazy\" class=\"wp-image-2820 size-full\" src=\"https:\/\/khomaudep.com\/alvalipstick\/wp-content\/uploads\/2022\/03\/chanel847.2.jpg\" alt=\"\" width=\"600\" height=\"600\" srcset=\"https:\/\/pluginviet.com\/mau1\/wp-content\/uploads\/2022\/03\/chanel847.2.jpg 600w, https:\/\/pluginviet.com\/mau1\/wp-content\/uploads\/2022\/03\/chanel847.2-400x400.jpg 400w, https:\/\/pluginviet.com\/mau1\/wp-content\/uploads\/2022\/03\/chanel847.2-280x280.jpg 280w, https:\/\/pluginviet.com\/mau1\/wp-content\/uploads\/2022\/03\/chanel847.2-100x100.jpg 100w\" sizes=\"(max-width: 600px) 100vw, 600px\" \/><figcaption id=\"caption-attachment-2820\" class=\"wp-caption-text\">Son Chanel m\u00e0u 847<\/figcaption><\/figure>\n<h3>Son Chanel 847 chi\u1ec1u chu\u1ed9ng b\u1edd m\u00f4i ho\u00e0n h\u1ea3o v\u1edbi c\u1ea5u tr\u00fac satin c\u0103ng m\u1ecbn, b\u00e1m m\u00e0u t\u1ed1t<\/h3>\n<p>V\u1ec1 c\u1ea5u tr\u00fac th\u00ec d\u00f2ng\u00a0<strong>son Chanel Rouge Allure\u00a0New<\/strong>\u00a0v\u1eabn gi\u1eef nguy\u00ean nh\u1eefng \u01b0u \u0111i\u1ec3m n\u1ed5i b\u1eadt c\u1ee7a c\u00e1c BST son m\u00f4i tr\u01b0\u1edbc \u0111\u00e2y. Son mang k\u1ebft c\u1ea5u satin v\u1edbi c\u1ea3m gi\u00e1c m\u1ecfng nh\u1eb9, c\u1ef1c k\u1ef3 m\u1ec1m m\u1ecbn v\u00e0 m\u01b0\u1edbt m\u00f4i khi \u0111\u00e1nh l\u00ean. C\u00f4ng th\u1ee9c s\u00e1ng t\u1ea1o \u201cultra-thin\u201d gi\u00fap\u00a0<strong>Chanel 847<\/strong>\u00a0l\u01b0\u1edbt tr\u00ean m\u00f4i nh\u1eb9 t\u00eanh m\u00e0 kh\u00f4ng h\u1ec1 g\u00e2y \u01b0\u1edbt d\u00ednh hay n\u1eb7ng m\u00f4i m\u1ed9t ch\u00fat n\u00e0o. Son c\u00f2n \u0111\u01b0\u1ee3c b\u1ed5 sung c\u00e1c th\u00e0nh ph\u1ea7n ch\u0103m s\u00f3c t\u1ed1i \u01b0u t\u1eeb tinh d\u1ea7u h\u1ea1nh nh\u00e2n, tr\u00e0 xanh v\u00e0 g\u1ed7 Sappan gi\u00fap \u0111\u00f4i m\u00f4i lu\u00f4n m\u1ec1m m\u1ea1i, d\u01b0\u1ee1ng \u1ea9m v\u00e0 \u0111\u01b0\u1ee3c b\u1ea3o v\u1ec7 t\u1ed1t. Gi\u1edd \u0111\u00e2y vi\u1ec7c l\u00e0m \u0111\u1eb9p v\u00e0 ch\u0103m s\u00f3c \u0111\u00f4i m\u00f4i tr\u1edf n\u00ean d\u1ec5 d\u00e0ng h\u01a1n bao gi\u1edd h\u1ebft v\u1edbi tips makeup 2 trong 1 t\u1eeb th\u1ecfi son Chanel 847.<\/p>\n<figure id=\"attachment_2823\" aria-describedby=\"caption-attachment-2823\" style=\"width: 600px\" class=\"wp-caption aligncenter\"><img decoding=\"async\" loading=\"lazy\" class=\"wp-image-2823 size-full\" src=\"https:\/\/khomaudep.com\/alvalipstick\/wp-content\/uploads\/2022\/03\/chanel847.4.jpg\" alt=\"\" width=\"600\" height=\"600\" srcset=\"https:\/\/pluginviet.com\/mau1\/wp-content\/uploads\/2022\/03\/chanel847.4.jpg 600w, https:\/\/pluginviet.com\/mau1\/wp-content\/uploads\/2022\/03\/chanel847.4-400x400.jpg 400w, https:\/\/pluginviet.com\/mau1\/wp-content\/uploads\/2022\/03\/chanel847.4-280x280.jpg 280w, https:\/\/pluginviet.com\/mau1\/wp-content\/uploads\/2022\/03\/chanel847.4-100x100.jpg 100w\" sizes=\"(max-width: 600px) 100vw, 600px\" \/><figcaption id=\"caption-attachment-2823\" class=\"wp-caption-text\">Swatch son Chanel 847<\/figcaption><\/figure>\n<p>Tuy thu\u1ed9c d\u00f2ng son l\u00ec c\u00f3 d\u01b0\u1ee1ng nh\u01b0ng\u00a0<strong>Chanel m\u00e0u 847<\/strong>\u00a0v\u1eabn kh\u00f4ng h\u1ec1 t\u1ecf ra thua k\u00e9m trong \u201ccu\u1ed9c \u0111ua\u201d l\u01b0u m\u00e0u kh\u1ed1c li\u1ec7t. N\u1ebfu kh\u00f4ng s\u1eed d\u1ee5ng hay \u0103n u\u1ed1ng qu\u00e1 nhi\u1ec1u \u0111\u1ed3 d\u1ea7u m\u1ee1 th\u00ec m\u00e0u son c\u00f3 th\u1ec3 l\u01b0u gi\u1eef tr\u00ean m\u00f4i trong su\u1ed1t 6 \u0111\u1ebfn 8 gi\u1edd \u0111\u1ed3ng h\u1ed3 li\u00ean t\u1ee5c. \u0110\u1ebfn cu\u1ed1i ng\u00e0y, son Chanel 847 v\u1eabn s\u1ebd l\u01b0u l\u1ea1i tr\u00ean m\u00f4i m\u1ed9t l\u1edbp base m\u1ecfng nh\u1eb9, t\u1ef1 nhi\u00ean \u0111\u1ea7y cu\u1ed1n h\u00fat n\u00e0ng nh\u00e9!<\/p>\n<figure id=\"attachment_2819\" aria-describedby=\"caption-attachment-2819\" style=\"width: 600px\" class=\"wp-caption aligncenter\"><img decoding=\"async\" loading=\"lazy\" class=\"wp-image-2819 size-full\" src=\"https:\/\/khomaudep.com\/alvalipstick\/wp-content\/uploads\/2022\/03\/chanel847.1.jpg\" alt=\"\" width=\"600\" height=\"600\" srcset=\"https:\/\/pluginviet.com\/mau1\/wp-content\/uploads\/2022\/03\/chanel847.1.jpg 600w, https:\/\/pluginviet.com\/mau1\/wp-content\/uploads\/2022\/03\/chanel847.1-400x400.jpg 400w, https:\/\/pluginviet.com\/mau1\/wp-content\/uploads\/2022\/03\/chanel847.1-280x280.jpg 280w, https:\/\/pluginviet.com\/mau1\/wp-content\/uploads\/2022\/03\/chanel847.1-100x100.jpg 100w\" sizes=\"(max-width: 600px) 100vw, 600px\" \/><figcaption id=\"caption-attachment-2819\" class=\"wp-caption-text\">Ch\u1ea5t satin m\u1ec1m m\u1ea1i, b\u00e1m m\u00e0u c\u1ef1c \u0111\u1ec9nh c\u1ee7a th\u1ecfi son Chanel 847<\/figcaption><\/figure>\n<h3>Thi\u1ebft k\u1ebf m\u1edbi m\u1ebb, \u0111\u1eadm n\u00e9t ki\u00eau sa c\u1ee7a nh\u1eefng th\u1ecfi son Chanel 847<\/h3>\n<p>Chanel v\u1eabn l\u01b0u gi\u1eef thi\u1ebft k\u1ebf b\u1ea5m \u0111\u1ed9c \u0111\u00e1o cho phi\u00ean b\u1ea3n son m\u00f4i gi\u1edbi h\u1ea1n m\u00f9a l\u1ec5 h\u1ed9i n\u0103m nay. Tuy nhi\u00ean, chi ti\u1ebft n\u1eafp son \u0111\u00e3 \u0111\u01b0\u1ee3c thay th\u1ebf v\u1edbi vi\u1ec1n v\u00e0ng l\u1ea5p l\u00e1nh \u0111\u1ea7y m\u00ea ho\u1eb7c. V\u1edbi phi\u00ean b\u1ea3n gi\u1edbi h\u1ea1n n\u00e0y, th\u01b0\u01a1ng hi\u1ec7u l\u00e0m \u0111\u1eb9p cao c\u1ea5p n\u01b0\u1edbc Ph\u00e1p \u0111\u00e3 n\u00e2ng m\u1ed9t t\u1ea7m cao m\u1edbi cho thi\u1ebft k\u1ebf d\u00f2ng son Rouge Allure truy\u1ec1n th\u1ed1ng c\u1ee7a m\u00ecnh. Th\u1ecfi\u00a0<strong>son Chanel 847<\/strong>\u00a0gi\u1edd \u0111\u00e2y \u0111\u00e3 tr\u1edf n\u00ean sang ch\u1ea3nh v\u00e0 l\u1ed9ng l\u1eaby ho\u00e0n h\u1ea3o khi c\u1ea7m tr\u00ean tay. B\u00ean c\u1ea1nh \u0111\u00f3, thi\u1ebft k\u1ebf nh\u1ecf nh\u1eafn, g\u1ecdn g\u00e0ng c\u1ee7a nh\u1eefng c\u00e2y son Chanel c\u0169ng \u0111\u01b0\u1ee3c ph\u00e1i \u0111\u1eb9p \u0111\u1eb7c bi\u1ec7t y\u00eau th\u00edch qua th\u00e1ng n\u0103m. Son Chanel 847 qu\u1ea3 x\u1ee9ng \u0111\u00e1ng l\u00e0 phi\u00ean b\u1ea3n son m\u00f4i ho\u00e0n thi\u1ec7n nh\u1ea5t \u0111\u1ebfn t\u1eeb brand l\u00e0m \u0111\u1eb9p \u0111\u00ecnh \u0111\u00e1m x\u1ee9 l\u1ee5c l\u0103ng.<\/p>\n<figure id=\"attachment_2822\" aria-describedby=\"caption-attachment-2822\" style=\"width: 600px\" class=\"wp-caption aligncenter\"><img decoding=\"async\" loading=\"lazy\" class=\"wp-image-2822 size-full\" src=\"https:\/\/khomaudep.com\/alvalipstick\/wp-content\/uploads\/2022\/03\/chanel847.jpg\" alt=\"\" width=\"600\" height=\"600\" srcset=\"https:\/\/pluginviet.com\/mau1\/wp-content\/uploads\/2022\/03\/chanel847.jpg 600w, https:\/\/pluginviet.com\/mau1\/wp-content\/uploads\/2022\/03\/chanel847-400x400.jpg 400w, https:\/\/pluginviet.com\/mau1\/wp-content\/uploads\/2022\/03\/chanel847-280x280.jpg 280w, https:\/\/pluginviet.com\/mau1\/wp-content\/uploads\/2022\/03\/chanel847-100x100.jpg 100w\" sizes=\"(max-width: 600px) 100vw, 600px\" \/><figcaption id=\"caption-attachment-2822\" class=\"wp-caption-text\">Thi\u1ebft k\u1ebf c\u1ed5 \u0111i\u1ec3n c\u1ee7a c\u00e2y son Chanel 847<\/figcaption><\/figure>\n<h3>Son Chanel 847 \u0111\u1ebfn t\u1eeb b\u1ed9 s\u01b0u t\u1eadp makeup phi\u00ean b\u1ea3n gi\u1edbi h\u1ea1n m\u00f9a l\u1ec5 h\u1ed9i cu\u1ed1i n\u0103m<\/h3>\n<p>Ra m\u1eaft trong BST son m\u00f4i phi\u00ean b\u1ea3n gi\u1edbi h\u1ea1n m\u00f9a l\u1ec5 h\u1ed9i cu\u1ed1i n\u0103m 2019, Chanel 847 ch\u1eafc ch\u1eafn l\u00e0 ng\u00f4i sao t\u1ecfa s\u00e1ng nh\u1ea5t thu h\u00fat m\u1ecdi c\u00f4 n\u00e0ng. C\u00f9ng v\u1edbi Eyeshadow, Highlighter, son m\u00f4i v\u00e0 son b\u00f3ng, Chanel 2019 Makeup Collection mang \u0111\u1ebfn v\u00f4 v\u00e0n l\u1ef1a ch\u1ecdn makeup g\u1eedi \u0111\u1ebfn ph\u00e1i \u0111\u1eb9p. N\u1ebfu \u0111ang ph\u00e2n v\u00e2n cho phong c\u00e1ch trang \u0111i\u1ec3m m\u00f9a cu\u1ed1i n\u0103m sao cho l\u1ed9ng l\u1eaby th\u00ec ch\u1eafc ch\u1eafn BST phi\u00ean b\u1ea3n gi\u1edbi h\u1ea1n n\u00e0y s\u1ebd l\u00e0 m\u1ed9t g\u1ee3i \u00fd kh\u00f4ng th\u1ec3 b\u1ecf qua d\u00e0nh cho b\u1ea1n!<\/p>\n<figure id=\"attachment_2821\" aria-describedby=\"caption-attachment-2821\" style=\"width: 600px\" class=\"wp-caption aligncenter\"><img decoding=\"async\" loading=\"lazy\" class=\"wp-image-2821 size-full\" src=\"https:\/\/khomaudep.com\/alvalipstick\/wp-content\/uploads\/2022\/03\/chanel847.3.jpg\" alt=\"\" width=\"600\" height=\"600\" srcset=\"https:\/\/pluginviet.com\/mau1\/wp-content\/uploads\/2022\/03\/chanel847.3.jpg 600w, https:\/\/pluginviet.com\/mau1\/wp-content\/uploads\/2022\/03\/chanel847.3-400x400.jpg 400w, https:\/\/pluginviet.com\/mau1\/wp-content\/uploads\/2022\/03\/chanel847.3-280x280.jpg 280w, https:\/\/pluginviet.com\/mau1\/wp-content\/uploads\/2022\/03\/chanel847.3-100x100.jpg 100w\" sizes=\"(max-width: 600px) 100vw, 600px\" \/><figcaption id=\"caption-attachment-2821\" class=\"wp-caption-text\">Son Chanel 847 Rouge Majestueux<\/figcaption><\/figure>\n<h2>B\u1eadt m\u00ed tips l\u00e0m \u0111\u1eb9p si\u00eau \u0111\u1ec9nh t\u1eeb nh\u1eefng c\u00e2y son Chanel 847 m\u00ea ho\u1eb7c s\u1ee9c h\u00fat<\/h2>\n<p>L\u00e0m \u0111\u1eb9p si\u00eau d\u1ec5 d\u00e0ng v\u1edbi 3 m\u1eb9o c\u1ef1c \u0111\u1ec9nh t\u1eeb th\u01b0\u01a1ng hi\u1ec7u l\u00e0m \u0111\u1eb9p n\u01b0\u1edbc Ph\u00e1p. B\u1ea1n ch\u1ec9 c\u1ea7n s\u1edf h\u1eefu 1 th\u1ecfi\u00a0<strong>son Chanel 847<\/strong>\u00a0v\u00e0 th\u1ef1c hi\u1ec7n theo c\u00e1c b\u01b0\u1edbc sau:<\/p>\n<ul>\n<li>B\u01b0\u1edbc 1: T\u1ea9y da ch\u1ebft k\u1ef9 c\u00e0ng cho m\u00f4i tr\u01b0\u1edbc khi \u0111\u00e1nh son<\/li>\n<li>B\u01b0\u1edbc 2: Vi\u1ec1n m\u00f4i v\u1edbi ch\u00ec k\u1ebb \u0111\u1ec3 t\u1ea1o c\u1ea3m gi\u00e1c s\u1eafc n\u00e9t, quy\u1ebfn r\u0169 h\u01a1n<\/li>\n<li>B\u01b0\u1edbc 3: T\u00f4 son Chanel 847 tr\u1ef1c ti\u1ebfp l\u00ean m\u00f4i. B\u1ea1n c\u00f3 th\u1ec3 d\u00f9ng th\u00eam c\u1ecd m\u00f4i \u0111\u1ec3 s\u1eafc son l\u00ean \u0111\u1ec1u m\u00e0u v\u00e0 ho\u00e0n h\u1ea3o h\u01a1n<\/li>\n<\/ul>\n<h2 style=\"text-align: right\"><strong>khomaudep.com\/alvalipstick<\/strong><\/h2>\n\n\n<div class=\"kk-star-ratings kksr-auto kksr-align-right kksr-valign-bottom kksr-disabled\"\n    data-payload='{&quot;align&quot;:&quot;right&quot;,&quot;id&quot;:&quot;2818&quot;,&quot;readonly&quot;:&quot;1&quot;,&quot;slug&quot;:&quot;default&quot;,&quot;valign&quot;:&quot;bottom&quot;,&quot;ignore&quot;:&quot;&quot;,&quot;reference&quot;:&quot;auto&quot;,&quot;class&quot;:&quot;&quot;,&quot;count&quot;:&quot;0&quot;,&quot;legendonly&quot;:&quot;&quot;,&quot;score&quot;:&quot;0&quot;,&quot;starsonly&quot;:&quot;&quot;,&quot;best&quot;:&quot;5&quot;,&quot;gap&quot;:&quot;5&quot;,&quot;greet&quot;:&quot;Rate this product&quot;,&quot;legend&quot;:&quot;0\\\/5 - (0 b\\u00ecnh ch\\u1ecdn)&quot;,&quot;size&quot;:&quot;24&quot;,&quot;title&quot;:&quot;Son Chanel 847 Rouge Majestueux \\u2013 M\\u00e0u \\u0110\\u1ecf \\u0110\\u1eadm \\u0110\\u1eb9p Nh\\u1ea5t&quot;,&quot;width&quot;:&quot;0&quot;,&quot;_legend&quot;:&quot;{score}\\\/{best} - ({count} {votes})&quot;,&quot;font_factor&quot;:&quot;1.25&quot;}'>\n            \n<div class=\"kksr-stars\">\n    \n<div class=\"kksr-stars-inactive\">\n            <div class=\"kksr-star\" data-star=\"1\" style=\"padding-right: 5px\">\n            \n\n<div class=\"kksr-icon\" style=\"width: 24px; height: 24px;\"><\/div>\n        <\/div>\n            <div class=\"kksr-star\" data-star=\"2\" style=\"padding-right: 5px\">\n            \n\n<div class=\"kksr-icon\" style=\"width: 24px; height: 24px;\"><\/div>\n        <\/div>\n            <div class=\"kksr-star\" data-star=\"3\" style=\"padding-right: 5px\">\n            \n\n<div class=\"kksr-icon\" style=\"width: 24px; height: 24px;\"><\/div>\n        <\/div>\n            <div class=\"kksr-star\" data-star=\"4\" style=\"padding-right: 5px\">\n            \n\n<div class=\"kksr-icon\" style=\"width: 24px; height: 24px;\"><\/div>\n        <\/div>\n            <div class=\"kksr-star\" data-star=\"5\" style=\"padding-right: 5px\">\n            \n\n<div class=\"kksr-icon\" style=\"width: 24px; height: 24px;\"><\/div>\n        <\/div>\n    <\/div>\n    \n<div class=\"kksr-stars-active\" style=\"width: 0px;\">\n            <div class=\"kksr-star\" style=\"padding-right: 5px\">\n            \n\n<div class=\"kksr-icon\" style=\"width: 24px; height: 24px;\"><\/div>\n        <\/div>\n            <div class=\"kksr-star\" style=\"padding-right: 5px\">\n            \n\n<div class=\"kksr-icon\" style=\"width: 24px; height: 24px;\"><\/div>\n        <\/div>\n            <div class=\"kksr-star\" style=\"padding-right: 5px\">\n            \n\n<div class=\"kksr-icon\" style=\"width: 24px; height: 24px;\"><\/div>\n        <\/div>\n            <div class=\"kksr-star\" style=\"padding-right: 5px\">\n            \n\n<div class=\"kksr-icon\" style=\"width: 24px; height: 24px;\"><\/div>\n        <\/div>\n            <div class=\"kksr-star\" style=\"padding-right: 5px\">\n            \n\n<div class=\"kksr-icon\" style=\"width: 24px; height: 24px;\"><\/div>\n        <\/div>\n    <\/div>\n<\/div>\n                \n\n<div class=\"kksr-legend\" style=\"font-size: 19.2px;\">\n            <span class=\"kksr-muted\">Rate this product<\/span>\n    <\/div>\n    <\/div>\n","protected":false},"excerpt":{"rendered":"<p>Chanel 847 l\u00e0 gam son ki\u00eau k\u1ef3, quy\u1ebfn r\u0169, gi\u00fap t\u00f4 \u0111i\u1ec3m cho \u0111\u00f4i m\u00f4i n\u00e9t sang ch\u1ea3nh \u0111\u1ea7y \u1ea5n t\u01b0\u1ee3ng.\u00a0<strong>Son Chanel 847<\/strong>\u00a0kh\u00f4ng k\u00e9n da n\u00ean m\u1ecdi b\u1ea1n g\u00e1i \u0111\u1ec1u c\u00f3 th\u1ec3 \u201cth\u1eed s\u1ee9c\u201d d\u1ec5 d\u00e0ng. M\u00e0u son n\u00e0y th\u00edch h\u1ee3p v\u1edbi nh\u1eefng ki\u1ec3u makeup \u0111\u1eadm mang phong c\u00e1ch tr\u01b0\u1edfng th\u00e0nh, sexy, c\u1ef1c k\u1ef3 th\u00edch h\u1ee3p cho m\u00f9a ti\u1ec7c t\u00f9ng, l\u1ec5 h\u1ed9i cu\u1ed1i n\u0103m n\u00e0ng nh\u00e9!<\/p>\n<ul>\n<li><strong>Th\u01b0\u01a1ng hi\u1ec7u:<\/strong>\u00a0Chanel<\/li>\n<li><strong>Xu\u1ea5t x\u1ee9:<\/strong>\u00a0Ph\u00e1p<\/li>\n<li><strong>Tr\u1ecdng l\u01b0\u1ee3ng:<\/strong>\u00a03,5g<\/li>\n<li><strong>D\u00f2ng:<\/strong>\u00a0Rouge Allure\u00a0Luminous Intense Lip Colour<\/li>\n<\/ul>\n","protected":false},"featured_media":2822,"comment_status":"open","ping_status":"closed","template":"","meta":[],"pwb-brand":[243],"product_cat":[15,171],"product_tag":[414,415,416,417,418],"brands":[{"id":243,"name":"Chanel","slug":"chanel"}],"_links":{"self":[{"href":"https:\/\/pluginviet.com\/mau1\/wp-json\/wp\/v2\/product\/2818"}],"collection":[{"href":"https:\/\/pluginviet.com\/mau1\/wp-json\/wp\/v2\/product"}],"about":[{"href":"https:\/\/pluginviet.com\/mau1\/wp-json\/wp\/v2\/types\/product"}],"replies":[{"embeddable":true,"href":"https:\/\/pluginviet.com\/mau1\/wp-json\/wp\/v2\/comments?post=2818"}],"wp:featuredmedia":[{"embeddable":true,"href":"https:\/\/pluginviet.com\/mau1\/wp-json\/wp\/v2\/media\/2822"}],"wp:attachment":[{"href":"https:\/\/pluginviet.com\/mau1\/wp-json\/wp\/v2\/media?parent=2818"}],"wp:term":[{"taxonomy":"pwb-brand","embeddable":true,"href":"https:\/\/pluginviet.com\/mau1\/wp-json\/wp\/v2\/pwb-brand?post=2818"},{"taxonomy":"product_cat","embeddable":true,"href":"https:\/\/pluginviet.com\/mau1\/wp-json\/wp\/v2\/product_cat?post=2818"},{"taxonomy":"product_tag","embeddable":true,"href":"https:\/\/pluginviet.com\/mau1\/wp-json\/wp\/v2\/product_tag?post=2818"}],"curies":[{"name":"wp","href":"https:\/\/api.w.org\/{rel}","templated":true}]}}