{"id":2811,"date":"2022-03-25T03:29:02","date_gmt":"2022-03-25T03:29:02","guid":{"rendered":"https:\/\/khomaudep.com\/alvalipstick\/?post_type=product&#038;p=2811"},"modified":"2022-03-25T09:10:58","modified_gmt":"2022-03-25T09:10:58","slug":"son-chanel-130-rouge-obscur-mau-do-burgundi","status":"publish","type":"product","link":"https:\/\/pluginviet.com\/mau1\/san-pham\/son-chanel-130-rouge-obscur-mau-do-burgundi\/","title":{"rendered":"Son CHANEL 130 Rouge Obscur \u2013 M\u00e0u \u0110\u1ecf Burgundi"},"content":{"rendered":"<p><em><strong>&#8211;<\/strong><\/em><strong>\u00a0Son Chanel\u00a0130 Rouge Obscur\u00a0<\/strong>l\u00e0 m\u00e0u \u0111\u1ecf\u00a0Burgundi si\u00eau quy\u1ebfn r\u0169\u00a0l\u00e0 th\u1ecfi son \u0111\u1eb3ng c\u1ea5p ch\u1eafc ch\u1eafn s\u1ebd l\u00e0m h\u00e0i l\u00f2ng c\u00e1c c\u00f4 n\u00e0ng y\u00eau son kh\u00f4ng ch\u1ec9 b\u1edfi v\u00ec thi\u1ebft k\u1ebf sang tr\u1ecdng, b\u1eaft m\u1eaft m\u00e0 c\u00f2n b\u1edfi ch\u1ea5t son l\u00ec m\u1ec1m m\u1ea1i, b\u1ec1n m\u00e0u v\u00e0 l\u00e2u tr\u00f4i.<\/p>\n<figure id=\"attachment_2817\" aria-describedby=\"caption-attachment-2817\" style=\"width: 606px\" class=\"wp-caption aligncenter\"><img decoding=\"async\" loading=\"lazy\" class=\"wp-image-2817 size-full\" src=\"https:\/\/khomaudep.com\/alvalipstick\/wp-content\/uploads\/2022\/03\/chanel130.jpg\" alt=\"\" width=\"606\" height=\"740\" srcset=\"https:\/\/pluginviet.com\/mau1\/wp-content\/uploads\/2022\/03\/chanel130.jpg 606w, https:\/\/pluginviet.com\/mau1\/wp-content\/uploads\/2022\/03\/chanel130-328x400.jpg 328w, https:\/\/pluginviet.com\/mau1\/wp-content\/uploads\/2022\/03\/chanel130-600x733.jpg 600w\" sizes=\"(max-width: 606px) 100vw, 606px\" \/><figcaption id=\"caption-attachment-2817\" class=\"wp-caption-text\">Thi\u1ebft K\u1ebf Chanel Rouge Allure Velvet Extreme<\/figcaption><\/figure>\n<p>&#8211; N\u1ebfu y\u00eau m\u1ebfn \u0111\u1ed9 l\u00e2u tr\u00f4i c\u1ee7a nh\u1eefng c\u00e2y Chanel Rouge Allure Ink nh\u01b0ng l\u1ea1i m\u00ea ch\u1ea5t son th\u1ecfi c\u1ed5 \u0111i\u1ec3n th\u00ec\u00a0<strong>Chanel Rouge Allure Velvet Extreme<\/strong>\u00a0h\u1eb3n s\u1ebd kh\u00f4ng khi\u1ebfn c\u00e1c c\u00f4 n\u00e0ng m\u00ea son l\u00ec th\u1ea5t v\u1ecdng. C\u00e1i t\u00ean n\u00f3i l\u00ean t\u1ea5t c\u1ea3: d\u00f2ng son n\u00e0y t\u1ea1o hi\u1ec7u \u1ee9ng c\u1ef1c l\u00ec nh\u01b0ng c\u00f4ng th\u1ee9c \u0111\u1ed9c \u0111\u00e1o mang hi\u1ec7u \u1ee9ng l\u01b0\u1edbt tr\u00ean m\u00f4i th\u1eadt nh\u1eb9 nh\u01b0 kem, kh\u00f4ng g\u00e2y kh\u00f4 m\u00f4i c\u00f9ng ch\u1ea5t m\u00e0u l\u00ean \u0111\u1eadm n\u00e9t v\u00e0 b\u1ec1n l\u00e2u. Tuy\u1ec7t v\u1eddi h\u01a1n v\u1edbi m\u1eabu v\u1ecf l\u00ec \u201cmatte on matte\u201d gi\u1edbi h\u1ea1n \u0111\u1ea7y quy\u1ebfn r\u0169.<\/p>\n<figure id=\"attachment_2815\" aria-describedby=\"caption-attachment-2815\" style=\"width: 846px\" class=\"wp-caption aligncenter\"><img decoding=\"async\" loading=\"lazy\" class=\"wp-image-2815 size-full\" src=\"https:\/\/khomaudep.com\/alvalipstick\/wp-content\/uploads\/2022\/03\/chanel130.1.jpg\" alt=\"\" width=\"846\" height=\"960\" srcset=\"https:\/\/pluginviet.com\/mau1\/wp-content\/uploads\/2022\/03\/chanel130.1.jpg 846w, https:\/\/pluginviet.com\/mau1\/wp-content\/uploads\/2022\/03\/chanel130.1-353x400.jpg 353w, https:\/\/pluginviet.com\/mau1\/wp-content\/uploads\/2022\/03\/chanel130.1-705x800.jpg 705w, https:\/\/pluginviet.com\/mau1\/wp-content\/uploads\/2022\/03\/chanel130.1-768x871.jpg 768w, https:\/\/pluginviet.com\/mau1\/wp-content\/uploads\/2022\/03\/chanel130.1-600x681.jpg 600w\" sizes=\"(max-width: 846px) 100vw, 846px\" \/><figcaption id=\"caption-attachment-2815\" class=\"wp-caption-text\">M\u00e0u Son L\u00ec Chanel Rouge Allure Velvet Extreme M\u00e0u 130 Rouge Obscur<\/figcaption><\/figure>\n<p>&#8211; C\u01b0\u1eddng \u0111\u1ed9 m\u00e0u s\u1eafc ho\u00e0n h\u1ea3o c\u1ee7a\u00a0<strong>Ch<\/strong><strong>anel Rouge Allure Velvet Extreme<\/strong> c\u00f3 \u0111\u01b0\u1ee3c nh\u1edd c\u00e1c si\u00eau s\u1eafc t\u1ed1 micron k\u1ebft h\u1ee3p c\u00f9ng ph\u1ee9c h\u1ee3p matcha, d\u1ea7u h\u1ea1nh nh\u00e2n v\u00e0 vitamin E. Trong khi \u0111\u00f3, b\u1ed9t g\u1ea1o v\u00e0 kho\u00e1ng magi\u00ea t\u1ef1 nhi\u00ean cung c\u1ea5p hi\u1ec7u \u1ee9ng l\u00ec \u0111anh m\u1ea1nh m\u1ebd v\u00e0 c\u1ea3 c\u1ea3m gi\u00e1c m\u1ec1m m\u1ecbn, m\u01b0\u1edbt m\u1ea3i tr\u00ean m\u00f4i. \u0110i c\u00f9ng hi\u1ec7u \u1ee9ng l\u00ec c\u1ef1c \u0111\u1ea1i, d\u00f2ng son n\u00e0y nghi\u1ec5m nhi\u00ean s\u1edf h\u1eefu kh\u1ea3 n\u0103ng gi\u1eef m\u00e0u b\u1ec1n b\u1ec9. L\u1edbp m\u00e0u ch\u1ec9 c\u00f3 th\u1ec3 tr\u00f4i \u0111i khi ta t\u1ea9y trang v\u00e0o cu\u1ed1i ng\u00e0y.<\/p>\n<figure id=\"attachment_2816\" aria-describedby=\"caption-attachment-2816\" style=\"width: 726px\" class=\"wp-caption aligncenter\"><img decoding=\"async\" loading=\"lazy\" class=\"wp-image-2816 size-full\" src=\"https:\/\/khomaudep.com\/alvalipstick\/wp-content\/uploads\/2022\/03\/chanel130.2.jpg\" alt=\"\" width=\"726\" height=\"960\" srcset=\"https:\/\/pluginviet.com\/mau1\/wp-content\/uploads\/2022\/03\/chanel130.2.jpg 726w, https:\/\/pluginviet.com\/mau1\/wp-content\/uploads\/2022\/03\/chanel130.2-303x400.jpg 303w, https:\/\/pluginviet.com\/mau1\/wp-content\/uploads\/2022\/03\/chanel130.2-605x800.jpg 605w, https:\/\/pluginviet.com\/mau1\/wp-content\/uploads\/2022\/03\/chanel130.2-600x793.jpg 600w\" sizes=\"(max-width: 726px) 100vw, 726px\" \/><figcaption id=\"caption-attachment-2816\" class=\"wp-caption-text\">CHANEL 130 Rouge Obscur \u2013 M\u00e0u \u0110\u1ecf Burgundi<\/figcaption><\/figure>\n<ul>\n<li><strong><em>Chanel 130<\/em><\/strong>\u00a0l\u00e0 s\u1ef1 k\u1ebft h\u1ee3p ho\u00e0n h\u1ea3o gi\u1eefa m\u00e0u \u0111\u1ecf boocdo v\u00e0 t\u00edm \u0111\u1ea5t ki\u00eau sa t\u1ea1o n\u00ean s\u1eafc m\u00e0u l\u1ed9ng l\u1eaby. M\u00e0u son gi\u00fap n\u00e0ng tr\u1edf n\u00ean cu\u1ed1n h\u00fat h\u01a1n v\u1edbi n\u00e9t \u0111\u1eb9p ma m\u1ecb, quy\u1ebfn r\u0169 v\u00f4 \u0111\u1ed1i. M\u1ed9t tone son x\u1ecbn nh\u01b0 n\u00e0y ch\u1eafc h\u1eb3n kh\u00f4ng th\u1ec3 thi\u1ebfu trong nh\u1eefng bu\u1ed5i ti\u1ec7c sang tr\u1ecdng \u0111\u00e2u n\u00e8.<\/li>\n<\/ul>\n<h2 style=\"text-align: right\"><strong>khomaudep.com\/alvalipstick<\/strong><\/h2>\n\n\n<div class=\"kk-star-ratings kksr-auto kksr-align-right kksr-valign-bottom kksr-disabled\"\n    data-payload='{&quot;align&quot;:&quot;right&quot;,&quot;id&quot;:&quot;2811&quot;,&quot;readonly&quot;:&quot;1&quot;,&quot;slug&quot;:&quot;default&quot;,&quot;valign&quot;:&quot;bottom&quot;,&quot;ignore&quot;:&quot;&quot;,&quot;reference&quot;:&quot;auto&quot;,&quot;class&quot;:&quot;&quot;,&quot;count&quot;:&quot;0&quot;,&quot;legendonly&quot;:&quot;&quot;,&quot;score&quot;:&quot;0&quot;,&quot;starsonly&quot;:&quot;&quot;,&quot;best&quot;:&quot;5&quot;,&quot;gap&quot;:&quot;5&quot;,&quot;greet&quot;:&quot;Rate this product&quot;,&quot;legend&quot;:&quot;0\\\/5 - (0 b\\u00ecnh ch\\u1ecdn)&quot;,&quot;size&quot;:&quot;24&quot;,&quot;title&quot;:&quot;Son CHANEL 130 Rouge Obscur \\u2013 M\\u00e0u \\u0110\\u1ecf Burgundi&quot;,&quot;width&quot;:&quot;0&quot;,&quot;_legend&quot;:&quot;{score}\\\/{best} - ({count} {votes})&quot;,&quot;font_factor&quot;:&quot;1.25&quot;}'>\n            \n<div class=\"kksr-stars\">\n    \n<div class=\"kksr-stars-inactive\">\n            <div class=\"kksr-star\" data-star=\"1\" style=\"padding-right: 5px\">\n            \n\n<div class=\"kksr-icon\" style=\"width: 24px; height: 24px;\"><\/div>\n        <\/div>\n            <div class=\"kksr-star\" data-star=\"2\" style=\"padding-right: 5px\">\n            \n\n<div class=\"kksr-icon\" style=\"width: 24px; height: 24px;\"><\/div>\n        <\/div>\n            <div class=\"kksr-star\" data-star=\"3\" style=\"padding-right: 5px\">\n            \n\n<div class=\"kksr-icon\" style=\"width: 24px; height: 24px;\"><\/div>\n        <\/div>\n            <div class=\"kksr-star\" data-star=\"4\" style=\"padding-right: 5px\">\n            \n\n<div class=\"kksr-icon\" style=\"width: 24px; height: 24px;\"><\/div>\n        <\/div>\n            <div class=\"kksr-star\" data-star=\"5\" style=\"padding-right: 5px\">\n            \n\n<div class=\"kksr-icon\" style=\"width: 24px; height: 24px;\"><\/div>\n        <\/div>\n    <\/div>\n    \n<div class=\"kksr-stars-active\" style=\"width: 0px;\">\n            <div class=\"kksr-star\" style=\"padding-right: 5px\">\n            \n\n<div class=\"kksr-icon\" style=\"width: 24px; height: 24px;\"><\/div>\n        <\/div>\n            <div class=\"kksr-star\" style=\"padding-right: 5px\">\n            \n\n<div class=\"kksr-icon\" style=\"width: 24px; height: 24px;\"><\/div>\n        <\/div>\n            <div class=\"kksr-star\" style=\"padding-right: 5px\">\n            \n\n<div class=\"kksr-icon\" style=\"width: 24px; height: 24px;\"><\/div>\n        <\/div>\n            <div class=\"kksr-star\" style=\"padding-right: 5px\">\n            \n\n<div class=\"kksr-icon\" style=\"width: 24px; height: 24px;\"><\/div>\n        <\/div>\n            <div class=\"kksr-star\" style=\"padding-right: 5px\">\n            \n\n<div class=\"kksr-icon\" style=\"width: 24px; height: 24px;\"><\/div>\n        <\/div>\n    <\/div>\n<\/div>\n                \n\n<div class=\"kksr-legend\" style=\"font-size: 19.2px;\">\n            <span class=\"kksr-muted\">Rate this product<\/span>\n    <\/div>\n    <\/div>\n","protected":false},"excerpt":{"rendered":"<h3><em><strong>&#8211;<\/strong><\/em><strong>\u00a0Son Chanel\u00a0130 Rouge Obscur\u00a0<\/strong>l\u00e0 m\u00e0u \u0111\u1ecf Burgundi si\u00eau quy\u1ebfn r\u0169 l\u00e0 th\u1ecfi son \u0111\u1eb3ng c\u1ea5p ch\u1eafc ch\u1eafn s\u1ebd l\u00e0m h\u00e0i l\u00f2ng c\u00e1c c\u00f4 n\u00e0ng y\u00eau son kh\u00f4ng ch\u1ec9 b\u1edfi v\u00ec thi\u1ebft k\u1ebf sang tr\u1ecdng, b\u1eaft m\u1eaft m\u00e0 c\u00f2n b\u1edfi ch\u1ea5t son l\u00ec m\u1ec1m m\u1ea1i, b\u1ec1n m\u00e0u v\u00e0 l\u00e2u tr\u00f4i.<\/h3>\n<div class=\"product-short-description\">\n<ul>\n<li>\n<h4><strong>T\u00ean s\u1ea3n ph\u1ea9m :\u00a0<\/strong>CHANEL Rouge Allure Velvet Extreme 130 Rouge Obscur.<\/h4>\n<\/li>\n<li>\n<h4><strong>D\u00f2ng :<\/strong>\u00a0Rouge Allure Velvet Extreme.<\/h4>\n<\/li>\n<li>\n<h4><strong>M\u00e0u :<\/strong>\u00a0\u0110\u1ecf Burgundi.<\/h4>\n<\/li>\n<\/ul>\n<\/div>\n<div class=\"getacf\">\n<h4><b>Tr\u1ecdng l\u01b0\u1ee3ng : <\/b>3.5gr<\/h4>\n<h4><b>Xu\u1ea5t x\u1ee9:<\/b>\u00a0Ph\u00e1p<\/h4>\n<\/div>\n","protected":false},"featured_media":2817,"comment_status":"open","ping_status":"closed","template":"","meta":[],"pwb-brand":[243],"product_cat":[15,171],"product_tag":[408,393,409,410],"brands":[{"id":243,"name":"Chanel","slug":"chanel"}],"_links":{"self":[{"href":"https:\/\/pluginviet.com\/mau1\/wp-json\/wp\/v2\/product\/2811"}],"collection":[{"href":"https:\/\/pluginviet.com\/mau1\/wp-json\/wp\/v2\/product"}],"about":[{"href":"https:\/\/pluginviet.com\/mau1\/wp-json\/wp\/v2\/types\/product"}],"replies":[{"embeddable":true,"href":"https:\/\/pluginviet.com\/mau1\/wp-json\/wp\/v2\/comments?post=2811"}],"wp:featuredmedia":[{"embeddable":true,"href":"https:\/\/pluginviet.com\/mau1\/wp-json\/wp\/v2\/media\/2817"}],"wp:attachment":[{"href":"https:\/\/pluginviet.com\/mau1\/wp-json\/wp\/v2\/media?parent=2811"}],"wp:term":[{"taxonomy":"pwb-brand","embeddable":true,"href":"https:\/\/pluginviet.com\/mau1\/wp-json\/wp\/v2\/pwb-brand?post=2811"},{"taxonomy":"product_cat","embeddable":true,"href":"https:\/\/pluginviet.com\/mau1\/wp-json\/wp\/v2\/product_cat?post=2811"},{"taxonomy":"product_tag","embeddable":true,"href":"https:\/\/pluginviet.com\/mau1\/wp-json\/wp\/v2\/product_tag?post=2811"}],"curies":[{"name":"wp","href":"https:\/\/api.w.org\/{rel}","templated":true}]}}