{"id":2806,"date":"2022-03-25T03:11:17","date_gmt":"2022-03-25T03:11:17","guid":{"rendered":"https:\/\/khomaudep.com\/alvalipstick\/?post_type=product&#038;p=2806"},"modified":"2022-03-25T09:10:48","modified_gmt":"2022-03-25T09:10:48","slug":"son-chanel-rouge-allure-velvet-extreme-132-endless-mau-hoa-hong-kho","status":"publish","type":"product","link":"https:\/\/pluginviet.com\/mau1\/san-pham\/son-chanel-rouge-allure-velvet-extreme-132-endless-mau-hoa-hong-kho\/","title":{"rendered":"Son Chanel Rouge Allure Velvet Extreme 132 Endless M\u00e0u Hoa H\u1ed3ng Kh\u00f4"},"content":{"rendered":"<p><strong><em>&#8211;\u00a0Son Chanel 132 Endless\u00a0<\/em><\/strong>mang t\u00f4ng m\u00e0u h\u1ed3ng \u0111\u1ecf \u0111\u1ea5t c\u1ef1c \u0111\u1eb9p\u00a0v\u1eeba cho ra m\u1eaft. \u0110\u00e2y l\u00e0 m\u00e0u son \u0111\u01b0\u1ee3c s\u1ef1 l\u1ef1a ch\u1ecdn c\u1ee7a c\u00e1c c\u00f4 n\u00e0ng c\u00f3 t\u00ednh c\u00e1ch\u00a0n\u0103ng \u0111\u1ed9ng, tr\u1ebb trung nh\u00e9.<\/p>\n<figure id=\"attachment_2809\" aria-describedby=\"caption-attachment-2809\" style=\"width: 1024px\" class=\"wp-caption aligncenter\"><img decoding=\"async\" loading=\"lazy\" class=\"wp-image-2809 size-full\" src=\"https:\/\/khomaudep.com\/alvalipstick\/wp-content\/uploads\/2022\/03\/chanel132.jpg\" alt=\"\" width=\"1024\" height=\"1024\" srcset=\"https:\/\/pluginviet.com\/mau1\/wp-content\/uploads\/2022\/03\/chanel132.jpg 1024w, https:\/\/pluginviet.com\/mau1\/wp-content\/uploads\/2022\/03\/chanel132-400x400.jpg 400w, https:\/\/pluginviet.com\/mau1\/wp-content\/uploads\/2022\/03\/chanel132-800x800.jpg 800w, https:\/\/pluginviet.com\/mau1\/wp-content\/uploads\/2022\/03\/chanel132-280x280.jpg 280w, https:\/\/pluginviet.com\/mau1\/wp-content\/uploads\/2022\/03\/chanel132-768x768.jpg 768w, https:\/\/pluginviet.com\/mau1\/wp-content\/uploads\/2022\/03\/chanel132-600x600.jpg 600w, https:\/\/pluginviet.com\/mau1\/wp-content\/uploads\/2022\/03\/chanel132-100x100.jpg 100w\" sizes=\"(max-width: 1024px) 100vw, 1024px\" \/><figcaption id=\"caption-attachment-2809\" class=\"wp-caption-text\">Thi\u1ebft K\u1ebf Chanel Rouge Allure Velvet Extreme 132 Endless<\/figcaption><\/figure>\n<p>&#8211; N\u1ebfu y\u00eau m\u1ebfn \u0111\u1ed9 l\u00e2u tr\u00f4i c\u1ee7a nh\u1eefng c\u00e2y\u00a0<em><strong>Chanel Rouge Allure Ink<\/strong><\/em>\u00a0nh\u01b0ng l\u1ea1i m\u00ea ch\u1ea5t son th\u1ecfi c\u1ed5 \u0111i\u1ec3n th\u00ec\u00a0<em><strong>Chanel Rouge Allure Velvet Extreme<\/strong>\u00a0<\/em>h\u1eb3n s\u1ebd kh\u00f4ng khi\u1ebfn c\u00e1c c\u00f4 n\u00e0ng m\u00ea son l\u00ec th\u1ea5t v\u1ecdng.<\/p>\n<figure id=\"attachment_2807\" aria-describedby=\"caption-attachment-2807\" style=\"width: 760px\" class=\"wp-caption aligncenter\"><img decoding=\"async\" loading=\"lazy\" class=\"wp-image-2807 size-full\" src=\"https:\/\/khomaudep.com\/alvalipstick\/wp-content\/uploads\/2022\/03\/chanel132.1.jpg\" alt=\"\" width=\"760\" height=\"761\" srcset=\"https:\/\/pluginviet.com\/mau1\/wp-content\/uploads\/2022\/03\/chanel132.1.jpg 760w, https:\/\/pluginviet.com\/mau1\/wp-content\/uploads\/2022\/03\/chanel132.1-399x400.jpg 399w, https:\/\/pluginviet.com\/mau1\/wp-content\/uploads\/2022\/03\/chanel132.1-280x280.jpg 280w, https:\/\/pluginviet.com\/mau1\/wp-content\/uploads\/2022\/03\/chanel132.1-600x601.jpg 600w, https:\/\/pluginviet.com\/mau1\/wp-content\/uploads\/2022\/03\/chanel132.1-100x100.jpg 100w\" sizes=\"(max-width: 760px) 100vw, 760px\" \/><figcaption id=\"caption-attachment-2807\" class=\"wp-caption-text\">M\u00e0u Son L\u00ec Chanel Rouge Allure Velvet Extreme 132 Endless<\/figcaption><\/figure>\n<p>&#8211; D\u00f2ng son n\u00e0y t\u1ea1o hi\u1ec7u \u1ee9ng c\u1ef1c l\u00ec nh\u01b0ng c\u00f4ng th\u1ee9c \u0111\u1ed9c \u0111\u00e1o mang hi\u1ec7u \u1ee9ng l\u01b0\u1edbt tr\u00ean m\u00f4i th\u1eadt nh\u1eb9 nh\u01b0 kem, kh\u00f4ng g\u00e2y kh\u00f4 m\u00f4i c\u00f9ng ch\u1ea5t m\u00e0u l\u00ean \u0111\u1eadm n\u00e9t v\u00e0 b\u1ec1n l\u00e2u. Tuy\u1ec7t v\u1eddi h\u01a1n v\u1edbi m\u1eabu v\u1ecf l\u00ec \u201cmatte on matte\u201d gi\u1edbi h\u1ea1n \u0111\u1ea7y quy\u1ebfn r\u0169.<\/p>\n<figure id=\"attachment_2808\" aria-describedby=\"caption-attachment-2808\" style=\"width: 739px\" class=\"wp-caption aligncenter\"><img decoding=\"async\" loading=\"lazy\" class=\"wp-image-2808 size-full\" src=\"https:\/\/khomaudep.com\/alvalipstick\/wp-content\/uploads\/2022\/03\/chanel132.2.jpg\" alt=\"\" width=\"739\" height=\"960\" srcset=\"https:\/\/pluginviet.com\/mau1\/wp-content\/uploads\/2022\/03\/chanel132.2.jpg 739w, https:\/\/pluginviet.com\/mau1\/wp-content\/uploads\/2022\/03\/chanel132.2-308x400.jpg 308w, https:\/\/pluginviet.com\/mau1\/wp-content\/uploads\/2022\/03\/chanel132.2-616x800.jpg 616w, https:\/\/pluginviet.com\/mau1\/wp-content\/uploads\/2022\/03\/chanel132.2-600x779.jpg 600w\" sizes=\"(max-width: 739px) 100vw, 739px\" \/><figcaption id=\"caption-attachment-2808\" class=\"wp-caption-text\">132 Endless M\u00e0u Hoa H\u1ed3ng Kh\u00f4<\/figcaption><\/figure>\n<p>&#8211; C\u01b0\u1eddng \u0111\u1ed9 m\u00e0u s\u1eafc ho\u00e0n h\u1ea3o c\u1ee7a\u00a0<em><strong>Rouge Allure Velvet Extr\u00eame<\/strong><\/em>\u00a0c\u00f3 \u0111\u01b0\u1ee3c nh\u1edd c\u00e1c si\u00eau s\u1eafc t\u1ed1 micron k\u1ebft h\u1ee3p c\u00f9ng ph\u1ee9c h\u1ee3p matcha, d\u1ea7u h\u1ea1nh nh\u00e2n v\u00e0 vitamin E.<\/p>\n<p>&#8211; Trong khi \u0111\u00f3, b\u1ed9t g\u1ea1o v\u00e0 kho\u00e1ng magi\u00ea t\u1ef1 nhi\u00ean cung c\u1ea5p hi\u1ec7u \u1ee9ng l\u00ec \u0111anh m\u1ea1nh m\u1ebd v\u00e0 c\u1ea3 c\u1ea3m gi\u00e1c m\u1ec1m m\u1ecbn, m\u01b0\u1edbt m\u1ea3i tr\u00ean m\u00f4i. \u0110i c\u00f9ng hi\u1ec7u \u1ee9ng l\u00ec c\u1ef1c \u0111\u1ea1i, d\u00f2ng son n\u00e0y nghi\u1ec5m nhi\u00ean s\u1edf h\u1eefu kh\u1ea3 n\u0103ng gi\u1eef m\u00e0u b\u1ec1n b\u1ec9. L\u1edbp m\u00e0u ch\u1ec9 c\u00f3 th\u1ec3 tr\u00f4i \u0111i khi ta t\u1ea9y trang v\u00e0o cu\u1ed1i ng\u00e0y.<\/p>\n<h2 style=\"text-align: right\"><strong>khomaudep.com\/alvalipstick<\/strong><\/h2>\n\n\n<div class=\"kk-star-ratings kksr-auto kksr-align-right kksr-valign-bottom kksr-disabled\"\n    data-payload='{&quot;align&quot;:&quot;right&quot;,&quot;id&quot;:&quot;2806&quot;,&quot;readonly&quot;:&quot;1&quot;,&quot;slug&quot;:&quot;default&quot;,&quot;valign&quot;:&quot;bottom&quot;,&quot;ignore&quot;:&quot;&quot;,&quot;reference&quot;:&quot;auto&quot;,&quot;class&quot;:&quot;&quot;,&quot;count&quot;:&quot;0&quot;,&quot;legendonly&quot;:&quot;&quot;,&quot;score&quot;:&quot;0&quot;,&quot;starsonly&quot;:&quot;&quot;,&quot;best&quot;:&quot;5&quot;,&quot;gap&quot;:&quot;5&quot;,&quot;greet&quot;:&quot;Rate this product&quot;,&quot;legend&quot;:&quot;0\\\/5 - (0 b\\u00ecnh ch\\u1ecdn)&quot;,&quot;size&quot;:&quot;24&quot;,&quot;title&quot;:&quot;Son Chanel Rouge Allure Velvet Extreme 132 Endless M\\u00e0u Hoa H\\u1ed3ng Kh\\u00f4&quot;,&quot;width&quot;:&quot;0&quot;,&quot;_legend&quot;:&quot;{score}\\\/{best} - ({count} {votes})&quot;,&quot;font_factor&quot;:&quot;1.25&quot;}'>\n            \n<div class=\"kksr-stars\">\n    \n<div class=\"kksr-stars-inactive\">\n            <div class=\"kksr-star\" data-star=\"1\" style=\"padding-right: 5px\">\n            \n\n<div class=\"kksr-icon\" style=\"width: 24px; height: 24px;\"><\/div>\n        <\/div>\n            <div class=\"kksr-star\" data-star=\"2\" style=\"padding-right: 5px\">\n            \n\n<div class=\"kksr-icon\" style=\"width: 24px; height: 24px;\"><\/div>\n        <\/div>\n            <div class=\"kksr-star\" data-star=\"3\" style=\"padding-right: 5px\">\n            \n\n<div class=\"kksr-icon\" style=\"width: 24px; height: 24px;\"><\/div>\n        <\/div>\n            <div class=\"kksr-star\" data-star=\"4\" style=\"padding-right: 5px\">\n            \n\n<div class=\"kksr-icon\" style=\"width: 24px; height: 24px;\"><\/div>\n        <\/div>\n            <div class=\"kksr-star\" data-star=\"5\" style=\"padding-right: 5px\">\n            \n\n<div class=\"kksr-icon\" style=\"width: 24px; height: 24px;\"><\/div>\n        <\/div>\n    <\/div>\n    \n<div class=\"kksr-stars-active\" style=\"width: 0px;\">\n            <div class=\"kksr-star\" style=\"padding-right: 5px\">\n            \n\n<div class=\"kksr-icon\" style=\"width: 24px; height: 24px;\"><\/div>\n        <\/div>\n            <div class=\"kksr-star\" style=\"padding-right: 5px\">\n            \n\n<div class=\"kksr-icon\" style=\"width: 24px; height: 24px;\"><\/div>\n        <\/div>\n            <div class=\"kksr-star\" style=\"padding-right: 5px\">\n            \n\n<div class=\"kksr-icon\" style=\"width: 24px; height: 24px;\"><\/div>\n        <\/div>\n            <div class=\"kksr-star\" style=\"padding-right: 5px\">\n            \n\n<div class=\"kksr-icon\" style=\"width: 24px; height: 24px;\"><\/div>\n        <\/div>\n            <div class=\"kksr-star\" style=\"padding-right: 5px\">\n            \n\n<div class=\"kksr-icon\" style=\"width: 24px; height: 24px;\"><\/div>\n        <\/div>\n    <\/div>\n<\/div>\n                \n\n<div class=\"kksr-legend\" style=\"font-size: 19.2px;\">\n            <span class=\"kksr-muted\">Rate this product<\/span>\n    <\/div>\n    <\/div>\n","protected":false},"excerpt":{"rendered":"<h4><strong>Son Chanel Rouge Allure Velvet Extreme 132 Endless M\u00e0u Hoa H\u1ed3ng Kh\u00f4<\/strong>\u00a0l\u00e0\u00a0c\u00e2y son cao c\u1ea5p\u00a0c\u1ee7a th\u01b0\u01a1ng hi\u1ec7u Chanel v\u00f4 c\u00f9ng nh\u1eb9 nh\u00e0ng v\u00e0 ng\u1ecdt ng\u00e0o.\u00a0<strong>Chanel Rouge Allure Velvet Extreme 132 Endless\u00a0<\/strong>l\u00e0 l\u1ef1a ch\u1ecdn th\u00edch h\u1ee3p khi tham gia ho\u1ea1t \u0111\u1ed9ng k\u1ebft n\u1ed1i v\u00e0 mang t\u00ednh h\u01b0\u1edbng ngo\u1ea1i.<\/h4>\n<div class=\"product-short-description\">\n<ul>\n<li>\n<h4><strong>T\u00ean s\u1ea3n ph\u1ea9m :<\/strong>\u00a0CHANEL Rouge Allure Velvet Extreme\u00a0\u2764\u00a0132 Endless<\/h4>\n<\/li>\n<li>\n<h4><strong>D\u00f2ng :<\/strong>\u00a0Rouge Allure Velvet Extreme<\/h4>\n<\/li>\n<li>\n<h4><strong>M\u00e0u :\u00a0<\/strong>C\u00e1nh Hoa H\u1ed3ng Kh\u00f4<\/h4>\n<\/li>\n<\/ul>\n<\/div>\n<div class=\"getacf\">\n<h4><b>Tr\u1ecdng l\u01b0\u1ee3ng :<\/b> 3.5gr<\/h4>\n<h4><b>Xu\u1ea5t x\u1ee9:<\/b>\u00a0Ph\u00e1p<\/h4>\n<\/div>\n","protected":false},"featured_media":2809,"comment_status":"open","ping_status":"closed","template":"","meta":[],"pwb-brand":[243],"product_cat":[15,171],"product_tag":[412,413,393,411],"brands":[{"id":243,"name":"Chanel","slug":"chanel"}],"_links":{"self":[{"href":"https:\/\/pluginviet.com\/mau1\/wp-json\/wp\/v2\/product\/2806"}],"collection":[{"href":"https:\/\/pluginviet.com\/mau1\/wp-json\/wp\/v2\/product"}],"about":[{"href":"https:\/\/pluginviet.com\/mau1\/wp-json\/wp\/v2\/types\/product"}],"replies":[{"embeddable":true,"href":"https:\/\/pluginviet.com\/mau1\/wp-json\/wp\/v2\/comments?post=2806"}],"wp:featuredmedia":[{"embeddable":true,"href":"https:\/\/pluginviet.com\/mau1\/wp-json\/wp\/v2\/media\/2809"}],"wp:attachment":[{"href":"https:\/\/pluginviet.com\/mau1\/wp-json\/wp\/v2\/media?parent=2806"}],"wp:term":[{"taxonomy":"pwb-brand","embeddable":true,"href":"https:\/\/pluginviet.com\/mau1\/wp-json\/wp\/v2\/pwb-brand?post=2806"},{"taxonomy":"product_cat","embeddable":true,"href":"https:\/\/pluginviet.com\/mau1\/wp-json\/wp\/v2\/product_cat?post=2806"},{"taxonomy":"product_tag","embeddable":true,"href":"https:\/\/pluginviet.com\/mau1\/wp-json\/wp\/v2\/product_tag?post=2806"}],"curies":[{"name":"wp","href":"https:\/\/api.w.org\/{rel}","templated":true}]}}