{"id":2745,"date":"2022-03-22T08:08:21","date_gmt":"2022-03-22T08:08:21","guid":{"rendered":"https:\/\/khomaudep.com\/alvalipstick\/?post_type=product&#038;p=2745"},"modified":"2022-03-25T08:45:56","modified_gmt":"2022-03-25T08:45:56","slug":"son-tom-ford-night-porter-38-mau-do-lanh","status":"publish","type":"product","link":"https:\/\/pluginviet.com\/mau1\/san-pham\/son-tom-ford-night-porter-38-mau-do-lanh\/","title":{"rendered":"Son Tom Ford Night Porter 38 M\u00e0u \u0110\u1ecf L\u1ea1nh"},"content":{"rendered":"<h2>Son Tom Ford 38 \u2013 Son Tom Ford Night Porter M\u00e0u \u0110\u1ecf L\u1ea1nh<\/h2>\n<h3>Son Tom Ford Night Porter<\/h3>\n<p>\u0110\u01b0\u1ee3c g\u1ecdi l\u00e0 huy\u1ec1n tho\u1ea1i son m\u00f4i, \u0111\u01b0\u1ee3c coi l\u00e0 \u201cb\u00e1u v\u1eadt\u201d m\u00e0 m\u1ecdi c\u00f4 n\u00e0ng \u0111\u1ec1u s\u0103n \u0111\u00f3n, ch\u00ednh l\u00e0 son Tom Ford Night Porter. Son ch\u01b0a khi n\u00e0o v\u1eafng m\u1eb7t trong top list nh\u1eefng th\u1ecfi son l\u00ec \u0111\u1eb9p, sang ch\u1ea3nh v\u00e0 \u0111\u1eaft \u0111\u1ecf b\u1eadc nh\u1ea5t tr\u00ean th\u1ebf gi\u1edbi. Kh\u00f4ng ch\u1ec9 nh\u1eadn \u0111\u01b0\u1ee3c \u0111\u00e1nh gi\u00e1 cao c\u1ee7a h\u00e0ng lo\u1ea1t t\u1ea1p ch\u00ed danh ti\u1ebfng, chuy\u00ean gia m\u00e0 th\u1ecfi son T\u1ecdm Ford Night Porter n\u00e0y c\u00f2n \u0111\u01b0\u1ee3c c\u00f4ng nh\u1eadn b\u1edfi h\u1ebft th\u1ea3y ph\u00e1i \u0111\u1eb9p. Ngo\u1ea1i h\u00ecnh sang tr\u1ecdng, \u0111\u1eb3ng c\u1ea5p, tinh t\u1ebf,\u00a0<b>son Tom Ford 38<\/b>\u00a0\u00a0c\u00f2n n\u1ed5i b\u1eadt l\u00e0 l\u00ean m\u00e0u chu\u1ea9n, l\u01b0u m\u00e0u d\u00e0i l\u00e2u m\u00e0 v\u1eabn d\u01b0\u1ee1ng m\u00f4i c\u1ef1c k\u1ef3 xu\u1ea5t s\u1eafc. H\u1ecfi r\u1eb1ng \u0111\u00e2u l\u00e0 th\u1ecfi son \u0111\u1ed1n g\u1ee5c \u0111\u01b0\u1ee3c m\u1ecdi ph\u00e1i \u0111\u1eb9p, ch\u00ednh l\u00e0 son Tom Ford 38 Night Porter n\u00e0y.<\/p>\n<figure id=\"attachment_2746\" aria-describedby=\"caption-attachment-2746\" style=\"width: 870px\" class=\"wp-caption aligncenter\"><img decoding=\"async\" loading=\"lazy\" class=\"wp-image-2746 size-full\" src=\"https:\/\/khomaudep.com\/alvalipstick\/wp-content\/uploads\/2022\/03\/tf38.1.jpg\" alt=\"\" width=\"870\" height=\"800\" srcset=\"https:\/\/pluginviet.com\/mau1\/wp-content\/uploads\/2022\/03\/tf38.1.jpg 870w, https:\/\/pluginviet.com\/mau1\/wp-content\/uploads\/2022\/03\/tf38.1-435x400.jpg 435w, https:\/\/pluginviet.com\/mau1\/wp-content\/uploads\/2022\/03\/tf38.1-768x706.jpg 768w, https:\/\/pluginviet.com\/mau1\/wp-content\/uploads\/2022\/03\/tf38.1-600x552.jpg 600w\" sizes=\"(max-width: 870px) 100vw, 870px\" \/><figcaption id=\"caption-attachment-2746\" class=\"wp-caption-text\">C\u1ef1c hot th\u1ecfi Tom Ford 38 Night Porter<\/figcaption><\/figure>\n<h3>L\u1eddi ng\u1ecf v\u1ec1 d\u00f2ng son Tom Ford Lip Color Matte c\u0169ng nh\u01b0 son Tom Ford 38 Night Porter<\/h3>\n<p>Tom Ford \u2013 \u201c\u00f4ng l\u1edbn\u201d trong l\u00e0ng th\u1eddi trang th\u1ebf gi\u1edbi \u0111\u01b0\u1ee3c s\u00e1ng l\u1eadp b\u1edfi ch\u00ednh Thomas Carlyle Tom Ford. \u0110\u01b0\u1ee3c bi\u1ebft \u0111\u1ebfn l\u00e0 nh\u00e0 thi\u1ebft k\u1ebf l\u1eebng l\u1eaby nh\u00e0 Gucci, Tom Ford sau n\u00e0y g\u00e2y d\u1ef1ng n\u00ean \u0111\u1ebf ch\u1ebf cho ri\u00eang m\u00ecnh. Nh\u1eefng s\u1ea3n ph\u1ea9m mang c\u1ed9p m\u00e1c Tom Ford h\u1ee3p xu h\u01b0\u1edbng, th\u1eddi th\u01b0\u1ee3ng v\u00e0 c\u0169ng t\u1ea1o n\u00ean nh\u1eefng ti\u00eau chu\u1ea9n \u0111\u1ec9nh cao trong th\u1eddi trang. D\u00f9 ra \u0111\u1eddi sau nh\u01b0ng \u0111\u1ed9 hot c\u1ee7a Tom Ford ch\u1eb3ng h\u1ec1 k\u00e9m c\u1ea1nh Chanel, YSL, Gucci, Dior\u2026 M\u1ed9t trong nh\u1eefng \u0111\u1ed9t ph\u00e1 c\u1ee7a th\u01b0\u01a1ng hi\u1ec7u Tom Ford ch\u00ednh l\u00e0\u00a0<b>son m\u00f4i Tom Ford<\/b>.<\/p>\n<figure id=\"attachment_2754\" aria-describedby=\"caption-attachment-2754\" style=\"width: 800px\" class=\"wp-caption aligncenter\"><img decoding=\"async\" loading=\"lazy\" class=\"wp-image-2754 size-full\" src=\"https:\/\/khomaudep.com\/alvalipstick\/wp-content\/uploads\/2022\/03\/tf38.9.jpg\" alt=\"\" width=\"800\" height=\"515\" srcset=\"https:\/\/pluginviet.com\/mau1\/wp-content\/uploads\/2022\/03\/tf38.9.jpg 800w, https:\/\/pluginviet.com\/mau1\/wp-content\/uploads\/2022\/03\/tf38.9-621x400.jpg 621w, https:\/\/pluginviet.com\/mau1\/wp-content\/uploads\/2022\/03\/tf38.9-768x494.jpg 768w, https:\/\/pluginviet.com\/mau1\/wp-content\/uploads\/2022\/03\/tf38.9-600x386.jpg 600w\" sizes=\"(max-width: 800px) 100vw, 800px\" \/><figcaption id=\"caption-attachment-2754\" class=\"wp-caption-text\">Son Tom Ford Night Porter \u0111\u1ecf l\u1ea1nh<\/figcaption><\/figure>\n<p>Son Tom Ford thu\u1ed9c ph\u00e2n kh\u00fac cao c\u1ea5p, c\u00f3 th\u1ec3 xa x\u1ec9 nh\u01b0ng v\u00f4 c\u00f9ng \u0111\u00e1ng \u0111\u1ec3 s\u1edf h\u1eefu. B\u1ea3ng m\u00e0u son Tom Ford h\u1ed9i t\u1ee5 to\u00e0n nh\u1eefng \u201ck\u00ec quan\u201d \u0111\u1eaft gi\u00e1 trong gi\u1edbi son m\u00f4i. M\u1ed9t trong nh\u1eefng d\u00f2ng \u0103n kh\u00e1ch nh\u1ea5t ch\u00ednh l\u00e0 d\u00f2ng l\u00ec Lip Color Matte. V\u1edbi nh\u1eefng c\u1ea3i ti\u1ebfn n\u1ed5i tr\u1ed9i, son l\u01b0\u1edbt tr\u00ean m\u00f4i ch\u1eb3ng kh\u00e1c n\u00e0o tr\u1ea3i th\u1ea3m l\u1ee5a m\u1ecbn m\u00e0ng. V\u00e0 hot nh\u1ea5t d\u00f2ng n\u00e0y, l\u00e0\u00a0<b>son Tom Ford 38 Night Porter.\u00a0<\/b><\/p>\n<h2>Ti\u1ebft l\u1ed9 s\u1ef1 quy\u1ebfn r\u0169 \u0111\u1ebfn t\u1eeb huy\u1ec1n tho\u1ea1i \u0111\u1ecf l\u1ea1nh \u2013 son Tom Ford 38 Night Porter<\/h2>\n<h3>\u0110\u1ece L\u1ea0NH \u2013 M\u00e0u son Tom Ford Night Porter th\u1ea7n th\u00e1i, t\u00f4n da<\/h3>\n<figure id=\"attachment_2748\" aria-describedby=\"caption-attachment-2748\" style=\"width: 800px\" class=\"wp-caption aligncenter\"><img decoding=\"async\" loading=\"lazy\" class=\"wp-image-2748 size-full\" src=\"https:\/\/khomaudep.com\/alvalipstick\/wp-content\/uploads\/2022\/03\/tf38.3.jpg\" alt=\"\" width=\"800\" height=\"919\" srcset=\"https:\/\/pluginviet.com\/mau1\/wp-content\/uploads\/2022\/03\/tf38.3.jpg 800w, https:\/\/pluginviet.com\/mau1\/wp-content\/uploads\/2022\/03\/tf38.3-348x400.jpg 348w, https:\/\/pluginviet.com\/mau1\/wp-content\/uploads\/2022\/03\/tf38.3-696x800.jpg 696w, https:\/\/pluginviet.com\/mau1\/wp-content\/uploads\/2022\/03\/tf38.3-768x882.jpg 768w, https:\/\/pluginviet.com\/mau1\/wp-content\/uploads\/2022\/03\/tf38.3-600x689.jpg 600w\" sizes=\"(max-width: 800px) 100vw, 800px\" \/><figcaption id=\"caption-attachment-2748\" class=\"wp-caption-text\">Son TF 38 Night Porter<\/figcaption><\/figure>\n<p>Son \u0111\u1ecf \u0111\u01b0\u1ee3c g\u1ecdi l\u00e0 n\u1eef ho\u00e0ng trong gi\u1edbi son m\u00f4i. Con g\u00e1i th\u00ec ai ch\u1eb3ng ph\u1ea3i c\u00f3 d\u0103m ba th\u1ecfi son \u0111\u1ecf. Rinh\u00a0<b>son TF Night Porter\u00a0<\/b>l\u00e0 m\u1ed9t b\u01b0\u1edbc l\u00e0m sang ch\u1ea3nh h\u00f3a t\u1ee7 \u0111\u1ed3 makeup. M\u1ed9t s\u1eafc \u0111\u1ecf \u0111\u1ee7 khi\u1ebfn b\u1ea5t c\u1ee9 ai cu\u1ed3ng si ph\u1ea5n kh\u00edch. Son \u0111\u1eb9p v\u01b0\u1ee3t ngo\u00e0i s\u1ee9c t\u01b0\u1edfng t\u01b0\u1ee3ng. M\u1ed9t m\u00e0u son v\u1eeba ng\u1ecdt ng\u00e0o, v\u1eeba s\u1eafc l\u1ea1nh. \u1ede m\u00e0u Night Porter n\u00e0y, kh\u00f4ng nh\u1ea1t nh\u00f2a m\u00e0 c\u0169ng ch\u1eb3ng h\u1ec1 qu\u00e1 d\u1ecb.<\/p>\n<figure id=\"attachment_2758\" aria-describedby=\"caption-attachment-2758\" style=\"width: 800px\" class=\"wp-caption aligncenter\"><img decoding=\"async\" loading=\"lazy\" class=\"wp-image-2758 size-full\" src=\"https:\/\/khomaudep.com\/alvalipstick\/wp-content\/uploads\/2022\/03\/tf38.12.jpg\" alt=\"\" width=\"800\" height=\"781\" srcset=\"https:\/\/pluginviet.com\/mau1\/wp-content\/uploads\/2022\/03\/tf38.12.jpg 800w, https:\/\/pluginviet.com\/mau1\/wp-content\/uploads\/2022\/03\/tf38.12-410x400.jpg 410w, https:\/\/pluginviet.com\/mau1\/wp-content\/uploads\/2022\/03\/tf38.12-768x750.jpg 768w, https:\/\/pluginviet.com\/mau1\/wp-content\/uploads\/2022\/03\/tf38.12-600x586.jpg 600w\" sizes=\"(max-width: 800px) 100vw, 800px\" \/><figcaption id=\"caption-attachment-2758\" class=\"wp-caption-text\">Tom Ford 38 Night Porter<\/figcaption><\/figure>\n<p>Th\u1ef1c s\u1ef1 quy\u1ebfn r\u0169<b>\u00a0son Tom Ford m\u00e0u \u0111\u1ecf l\u1ea1nh<\/b>\u00a0kh\u00f4ng ch\u1ec9 ph\u00f9 h\u1ee3p \u0111\u1ec3 makeup h\u00e0ng ng\u00e0y m\u00e0 d\u00f9ng trong nh\u1eefng bu\u1ed5i ti\u1ec7c t\u00f9ng c\u0169ng c\u1ee9 g\u1ecdi l\u00e0 s\u1ed1 1. Son r\u1ea5t t\u00f4n da.<\/p>\n<h3>So s\u00e1nh son TF 38 v\u1edbi son TF 08 v\u00e0 son TF 80<\/h3>\n<p>Nhi\u1ec1u n\u00e0ng m\u00ea son \u0111\u1eadm, nh\u1ecbch\u00a0<b>son Tom Ford Night Porter\u00a0<\/b>n\u00e0y th\u00ec n\u00ean ng\u00f3 nghi\u00eang th\u00eam hai s\u1eafc \u0111\u1ed9 g\u1ea7n t\u01b0\u01a1ng \u0111\u1ed3ng kh\u00e1c nh\u00e0 Tom Ford. Nh\u01b0 l\u00e0\u00a0<b>son Tom Ford 80 Impassined\u00a0<\/b>hay\u00a0<b>son Tom Ford 08 Velvet Cherry\u00a0<\/b>ch\u1eb3ng h\u1ea1n. M\u00e0u 08 l\u00e0 \u0111\u1ecf r\u01b0\u1ee3u vang, son n\u00e0y g\u1ea7n gi\u1ed1ng v\u1edbi TF 38 nh\u1ea5t v\u00ec \u0111\u1ec1u l\u00e0 tone l\u1ea1nh. Trong khi \u0111\u00f3, son TF 80 l\u1ea1i l\u00e0 m\u1ed9t s\u1eafc \u0111\u1ecf pha n\u00e2u. C\u01a1 b\u1ea3n th\u00ec \u0111\u1ec1u tr\u1ea7m quy\u1ebfn r\u0169 nh\u01b0 nhau.<\/p>\n<figure id=\"attachment_2759\" aria-describedby=\"caption-attachment-2759\" style=\"width: 800px\" class=\"wp-caption aligncenter\"><img decoding=\"async\" loading=\"lazy\" class=\"wp-image-2759 size-full\" src=\"https:\/\/khomaudep.com\/alvalipstick\/wp-content\/uploads\/2022\/03\/tf38.13.jpg\" alt=\"\" width=\"800\" height=\"238\" srcset=\"https:\/\/pluginviet.com\/mau1\/wp-content\/uploads\/2022\/03\/tf38.13.jpg 800w, https:\/\/pluginviet.com\/mau1\/wp-content\/uploads\/2022\/03\/tf38.13-768x228.jpg 768w, https:\/\/pluginviet.com\/mau1\/wp-content\/uploads\/2022\/03\/tf38.13-600x179.jpg 600w\" sizes=\"(max-width: 800px) 100vw, 800px\" \/><figcaption id=\"caption-attachment-2759\" class=\"wp-caption-text\">So th\u00eam son Tom Ford 38 v\u1edbi son TF 08 hay 80<\/figcaption><\/figure>\n<p>N\u1ebfu t\u00f2 m\u00f2 v\u1ec1 hai m\u00e0u son c\u1ef1c ph\u1ea9m n\u00e0y n\u1eefa nh\u00e0 Tom Ford, click v\u00e0o \u0111\u00e2y ngay nh\u00e9:<\/p>\n<ul>\n<li><b><span style=\"color: #0000ff\"><a style=\"color: #0000ff\" href=\"https:\/\/khomaudep.com\/alvalipstick\/san-pham\/son-tom-ford-impassioned-80-mau-do-nau\/\">Son Tom Ford 80<\/a><\/span>\u00a0Impassioned<\/b><\/li>\n<li><b><a href=\"https:\/\/khomaudep.com\/alvalipstick\/san-pham\/son-tom-ford-velvet-cherry-08-mau-do-ruou-vang\/\"><span style=\"color: #0000ff\">Son Tom Ford 08<\/span><\/a>\u00a0Velvet Cherry<\/b><\/li>\n<\/ul>\n<figure id=\"attachment_2760\" aria-describedby=\"caption-attachment-2760\" style=\"width: 800px\" class=\"wp-caption aligncenter\"><img decoding=\"async\" loading=\"lazy\" class=\"wp-image-2760 size-full\" src=\"https:\/\/khomaudep.com\/alvalipstick\/wp-content\/uploads\/2022\/03\/tf38.14.jpg\" alt=\"\" width=\"800\" height=\"582\" srcset=\"https:\/\/pluginviet.com\/mau1\/wp-content\/uploads\/2022\/03\/tf38.14.jpg 800w, https:\/\/pluginviet.com\/mau1\/wp-content\/uploads\/2022\/03\/tf38.14-550x400.jpg 550w, https:\/\/pluginviet.com\/mau1\/wp-content\/uploads\/2022\/03\/tf38.14-768x559.jpg 768w, https:\/\/pluginviet.com\/mau1\/wp-content\/uploads\/2022\/03\/tf38.14-600x437.jpg 600w\" sizes=\"(max-width: 800px) 100vw, 800px\" \/><figcaption id=\"caption-attachment-2760\" class=\"wp-caption-text\">\u0110\u1eb7t son Tom Ford 38 c\u1ea1nh son TF 07<\/figcaption><\/figure>\n<figure id=\"attachment_2761\" aria-describedby=\"caption-attachment-2761\" style=\"width: 800px\" class=\"wp-caption aligncenter\"><img decoding=\"async\" loading=\"lazy\" class=\"wp-image-2761 size-full\" src=\"https:\/\/khomaudep.com\/alvalipstick\/wp-content\/uploads\/2022\/03\/tf38.15.jpg\" alt=\"\" width=\"800\" height=\"239\" srcset=\"https:\/\/pluginviet.com\/mau1\/wp-content\/uploads\/2022\/03\/tf38.15.jpg 800w, https:\/\/pluginviet.com\/mau1\/wp-content\/uploads\/2022\/03\/tf38.15-768x229.jpg 768w, https:\/\/pluginviet.com\/mau1\/wp-content\/uploads\/2022\/03\/tf38.15-600x179.jpg 600w\" sizes=\"(max-width: 800px) 100vw, 800px\" \/><figcaption id=\"caption-attachment-2761\" class=\"wp-caption-text\">M\u00ea \u0111\u1eafm nh\u1eefng th\u1ecfi son Tom Ford \u0111\u1ecf \u1ea5n t\u01b0\u1ee3ng<\/figcaption><\/figure>\n<figure id=\"attachment_2762\" aria-describedby=\"caption-attachment-2762\" style=\"width: 800px\" class=\"wp-caption aligncenter\"><img decoding=\"async\" loading=\"lazy\" class=\"wp-image-2762 size-full\" src=\"https:\/\/khomaudep.com\/alvalipstick\/wp-content\/uploads\/2022\/03\/tf38.16.jpg\" alt=\"\" width=\"800\" height=\"267\" srcset=\"https:\/\/pluginviet.com\/mau1\/wp-content\/uploads\/2022\/03\/tf38.16.jpg 800w, https:\/\/pluginviet.com\/mau1\/wp-content\/uploads\/2022\/03\/tf38.16-768x256.jpg 768w, https:\/\/pluginviet.com\/mau1\/wp-content\/uploads\/2022\/03\/tf38.16-600x200.jpg 600w\" sizes=\"(max-width: 800px) 100vw, 800px\" \/><figcaption id=\"caption-attachment-2762\" class=\"wp-caption-text\">\u0110\u1eb7t son TF 38 so v\u1edbi son TF 07 v\u00e0 son TF 16<\/figcaption><\/figure>\n<h3>K\u1ebft c\u1ea5u c\u1ee7a son Tom Ford 38 l\u00ec m\u1ecbn l\u1ecbm tim, khi\u1ebfn m\u00f4i m\u1ec1m m\u1ecdng sang ch\u1ea3nh<\/h3>\n<p>D\u00f2ng Lip Color Matte l\u00ec \u0111\u1ec9nh cao. D\u00f9 hi\u1ec7n t\u1ea1i c\u00f3 bao nhi\u00eau d\u00f2ng l\u00ec ph\u1ea5n, l\u00ec b\u1ed9t th\u00ec c\u00f3 l\u1ebd v\u1eabn ch\u01b0a \u0111\u1ecd l\u1ea1i \u0111\u01b0\u1ee3c v\u1edbi Tom Ford. Trong ph\u00e2n kh\u00fac cao c\u1ea5p, n\u00e0ng h\u1eb3n m\u01a1 v\u1ec1 m\u1ed9t th\u1ecfi son k\u1ebft c\u1ea5u th\u1ea7n th\u00e1nh tr\u1ecdn v\u1eb9n nh\u01b0 n\u00e0y. Son l\u00ean m\u00f4i chu\u1ea9n m\u00e0u m\u00e0 v\u1eabn m\u1ec1m m\u1ea1i. M\u1ed9t \u0111\u01b0\u1eddng thoa son l\u00e0 \u0111\u00e3 t\u1ea1o n\u00ean s\u1ef1 kh\u00e1c bi\u1ec7t cho b\u1edd m\u00f4i. Che ph\u1ee7 t\u1ed1t c\u0169ng l\u00e0 \u0111i\u1ec3m c\u1ed9ng c\u1ee7a\u00a0<b>son Tom Ford Night Porter<\/b>\u00a0n\u00e0y. B\u1ea3o sao m\u00e0 son nh\u1eadn \u0111\u01b0\u1ee3c c\u01a1n m\u01b0a l\u1eddi khen tr\u00ean kh\u1eafp m\u1ecdi di\u1ec5n \u0111\u00e0n l\u00e0m \u0111\u1eb9p.<\/p>\n<h3>\u0110\u1ed9 b\u1ec1n m\u00e0u c\u1ee7a son Tom Ford 38 Night Porter tr\u00ean c\u1ea3 b\u1ea5t ng\u1edd<\/h3>\n<p>C\u00f4 n\u00e0ng n\u00e0o h\u1eb3n c\u0169ng mu\u1ed1n d\u00f9ng son m\u00e0 l\u1ea1i nh\u01b0 phun m\u00f4i. D\u00f9 \u0103n u\u1ed1ng tho\u1ea3 phanh th\u00ec l\u1edbp m\u00e0u son tr\u00ean m\u00f4i v\u1eabn ch\u1eb3ng b\u1ecb xi nh\u00ea g\u00ec, v\u1eabn b\u1ec1n \u0111\u1eb9p v\u1eb9n nguy\u00ean. V\u00e0\u00a0<b>son Tom Ford 38 Night Porter\u00a0<\/b>xu\u1ea5t hi\u1ec7n \u0111\u1ec3 \u0111\u00e1p tr\u1ecdn nguy\u1ec7n v\u1ecdng \u1ea5y c\u1ee7a ph\u00e1i \u0111\u1eb9p.\u00a0<b>Son Tom Ford<\/b>\u00a0kh\u00f4ng loang m\u00e0u theo th\u1eddi gian, gi\u1eef m\u00e0u \u0111\u1eb9p \u0111\u1ebfn kho\u1ea3ng 8 ti\u1ebfng li\u1ec1n.<\/p>\n<figure id=\"attachment_2749\" aria-describedby=\"caption-attachment-2749\" style=\"width: 800px\" class=\"wp-caption aligncenter\"><img decoding=\"async\" loading=\"lazy\" class=\"wp-image-2749 size-full\" src=\"https:\/\/khomaudep.com\/alvalipstick\/wp-content\/uploads\/2022\/03\/tf38.4.jpg\" alt=\"\" width=\"800\" height=\"656\" srcset=\"https:\/\/pluginviet.com\/mau1\/wp-content\/uploads\/2022\/03\/tf38.4.jpg 800w, https:\/\/pluginviet.com\/mau1\/wp-content\/uploads\/2022\/03\/tf38.4-488x400.jpg 488w, https:\/\/pluginviet.com\/mau1\/wp-content\/uploads\/2022\/03\/tf38.4-768x630.jpg 768w, https:\/\/pluginviet.com\/mau1\/wp-content\/uploads\/2022\/03\/tf38.4-600x492.jpg 600w\" sizes=\"(max-width: 800px) 100vw, 800px\" \/><figcaption id=\"caption-attachment-2749\" class=\"wp-caption-text\">M\u00e0u Tom Ford 38 Night Porter sang x\u1ecbn<\/figcaption><\/figure>\n<p>Nhi\u1ec1u h\u00e3ng t\u0103ng l\u01b0\u1ee3ng ch\u00ec trong son nh\u1eb1m n\u00e2ng cao hi\u1ec7u \u1ee9ng m\u00e0u, \u0111\u1ec3 son b\u1ec1n m\u00e0u th\u00ec ri\u00eang Tom Ford l\u1ea1i n\u00f3i KH\u00d4NG v\u1edbi \u0111i\u1ec1u n\u00e0y.\u00a0<b>Son TF 38\u00a0<\/b>l\u00e0nh t\u00ednh, kh\u00f4ng ch\u1ee9a th\u00e0nh ph\u1ea7n kim lo\u1ea1i \u0111\u1ed9c h\u1ea1i, vu\u1ed1t ve m\u00f4i m\u1ec1m xinh x\u1eafn cho n\u00e0ng.<\/p>\n<h3>Li\u1ec7u son Tom Ford 38 Night Porter l\u00ec th\u00ec c\u00f3 s\u1ee3 kh\u00f4 m\u00f4i kh\u00f4ng, th\u1ea7n ph\u1ea7n d\u01b0\u1ee1ng nh\u01b0 n\u00e0o?<\/h3>\n<p>M\u1ed9t \u0111i\u1ec1u \u0111\u00e1ng t\u1ef1 h\u00e0o ti\u1ebfp theo c\u1ee7a c\u00e2y son huy\u1ec1n tho\u1ea1i nh\u00e0 Tom Ford l\u00e0 th\u00e0nh ph\u1ea7n d\u01b0\u1ee1ng ng\u1eadp tr\u00e0n. Ai l\u00e0 fan c\u1ee7a Tom Ford h\u1eb3n \u0111\u1ec1u nh\u1edb h\u00e3ng t\u00edch h\u1ee3p h\u1ea1t soja, b\u01a1 murumuru hay oil c\u1ee7a c\u00fac la m\u00e3. Ch\u1eb3ng l\u1ea1 m\u00e0 thoa\u00a0<b>son Tom Ford 38\u00a0<\/b>l\u00ean m\u00e0u m\u01b0\u1edbt v\u00e0 t\u1ec7p ho\u00e0n h\u1ea3o \u0111\u1ebfn th\u1ebf.<\/p>\n<p>D\u00f9 r\u1eb1ng l\u01b0u m\u00e0u d\u00e0i l\u00e2u l\u00e0 th\u1ebf nh\u01b0ng m\u00e0\u00a0<b>son Tom Ford 38\u00a0<\/b>kh\u00f4ng h\u1ec1 khi\u1ebfn m\u00f4i b\u1ecb kh\u00f4 m\u1ed9t ch\u00fat x\u00edu n\u00e0o. Son ng\u1eadp d\u01b0\u1ee1ng, len l\u1ecfi v\u00e0o t\u1eebng k\u1ebd m\u00f4i. D\u00f9ng l\u00ec m\u00e0 v\u1eabn c\u1ea3m th\u1ea5y m\u01b0\u1edbt, \u0111\u00fang l\u00e0 c\u00e1ch t\u1ea1o n\u00e9t sang ch\u1ea3nh b\u1eadc nh\u1ea5t \u0111\u00e2y m\u00e0.<\/p>\n<h3>Son Tom Ford 38 Night Porter v\u1edbi h\u01b0\u01a1ng th\u01a1m d\u1ecbu nh\u1eb9<\/h3>\n<figure id=\"attachment_2763\" aria-describedby=\"caption-attachment-2763\" style=\"width: 800px\" class=\"wp-caption aligncenter\"><img decoding=\"async\" loading=\"lazy\" class=\"wp-image-2763 size-full\" src=\"https:\/\/khomaudep.com\/alvalipstick\/wp-content\/uploads\/2022\/03\/tf38.17.jpg\" alt=\"\" width=\"800\" height=\"748\" srcset=\"https:\/\/pluginviet.com\/mau1\/wp-content\/uploads\/2022\/03\/tf38.17.jpg 800w, https:\/\/pluginviet.com\/mau1\/wp-content\/uploads\/2022\/03\/tf38.17-428x400.jpg 428w, https:\/\/pluginviet.com\/mau1\/wp-content\/uploads\/2022\/03\/tf38.17-768x718.jpg 768w, https:\/\/pluginviet.com\/mau1\/wp-content\/uploads\/2022\/03\/tf38.17-600x561.jpg 600w\" sizes=\"(max-width: 800px) 100vw, 800px\" \/><figcaption id=\"caption-attachment-2763\" class=\"wp-caption-text\">\u0110\u1ed9 b\u1ec1n m\u00e0u c\u1ee7a son TF 38 c\u1ef1c cao<\/figcaption><\/figure>\n<p>T\u1eeb l\u00fac kh\u1ebd m\u1edf n\u1eafp son cho \u0111\u1ebfn khi d\u00f9ng\u00a0<b>son Tom Ford 38 Night Porter<\/b>\u00a0l\u00e0 m\u1ed9t h\u00e0nh tr\u00ecnh tr\u1ea3i nghi\u1ec7m c\u1ee7a kh\u1ee9u gi\u00e1c. Th\u1ea5y h\u01b0\u01a1ng vanilla ng\u1ecdt ng\u00e0o l\u00f4i cu\u1ed1n m\u1edbi l\u00e0 son Tom Ford chu\u1ea9n nha. Th\u00eam v\u00e0o \u0111\u00f3 c\u00f2n kh\u1ebd tho\u1ea3ng nh\u1eb9 tinh d\u1ea7u hoa c\u00fac n\u1eefa.<\/p>\n<h3>Thi\u1ebft k\u1ebf son Tom Ford Night Porter: \u0111en l\u1ecbch l\u00e3m, \u0111en \u0111\u1eb3ng c\u1ea5p v\u00e0 \u0111en kh\u00ed ch\u1ea5t<\/h3>\n<figure id=\"attachment_2756\" aria-describedby=\"caption-attachment-2756\" style=\"width: 800px\" class=\"wp-caption aligncenter\"><img decoding=\"async\" loading=\"lazy\" class=\"wp-image-2756 size-full\" src=\"https:\/\/khomaudep.com\/alvalipstick\/wp-content\/uploads\/2022\/03\/tf38.11.jpg\" alt=\"\" width=\"800\" height=\"800\" srcset=\"https:\/\/pluginviet.com\/mau1\/wp-content\/uploads\/2022\/03\/tf38.11.jpg 800w, https:\/\/pluginviet.com\/mau1\/wp-content\/uploads\/2022\/03\/tf38.11-400x400.jpg 400w, https:\/\/pluginviet.com\/mau1\/wp-content\/uploads\/2022\/03\/tf38.11-280x280.jpg 280w, https:\/\/pluginviet.com\/mau1\/wp-content\/uploads\/2022\/03\/tf38.11-768x768.jpg 768w, https:\/\/pluginviet.com\/mau1\/wp-content\/uploads\/2022\/03\/tf38.11-600x600.jpg 600w, https:\/\/pluginviet.com\/mau1\/wp-content\/uploads\/2022\/03\/tf38.11-100x100.jpg 100w\" sizes=\"(max-width: 800px) 100vw, 800px\" \/><figcaption id=\"caption-attachment-2756\" class=\"wp-caption-text\">Tom Ford 38 Night Porter v\u1ecf vu\u00f4ng quy\u1ec1n qu\u00fd<\/figcaption><\/figure>\n<p>Ch\u1eb3ng xa l\u1ea1 g\u00ec, d\u00e1ng h\u00ecnh vu\u00f4ng v\u1eafn m\u1ea1nh m\u1ebd \u0111i\u1ec3m t\u00f4 vi\u1ec1n v\u00e0ng ho\u00e0ng gia sang ch\u1ea3nh, l\u00e0\u00a0<b>son Tom Ford 38\u00a0<\/b>\u0111\u00e2y m\u00e0. M\u1ec7nh danh l\u00e0\u00a0<i>king of the lipsticks\u00a0<\/i>c\u00f3 kh\u00e1c, son l\u00e0m ra \u0111\u00fang ki\u1ec3u ai c\u0169ng s\u1ebd ghi\u1ec1n c\u1ea3. Bao b\u00ec son \u0111\u1eb9p m\u00ea li, ho\u00e0n m\u0129 t\u1eeb v\u1ecf gi\u1ea5y cho \u0111\u1ebfn th\u00e2n son v\u00e0 l\u00f5i son. T\u1eebng \u0111\u01b0\u1eddng ch\u1ea1m kh\u1eafc logo TF tr\u00ean \u0111\u1ea7u th\u1ecfi c\u0169ng c\u1ef1c k\u1ef3 \u0111\u1ec9nh. N\u00f3i v\u1ec1 kh\u00ed ch\u1ea5t th\u00ec th\u1ecfi Tom Ford n\u00e0y \u0111\u00fang l\u00e0 kh\u00f3 ai s\u00e1nh b\u1eb1ng.<\/p>\n<h2>Son Tom Ford 38 Night Porter ai c\u0169ng n\u00ean c\u00f3, \u0111\u1eb9p \u0111\u1ebfn kh\u00f3 c\u01b0\u1ee1ng<\/h2>\n<p>Kh\u00f4ng ph\u00f4 tr\u01b0\u01a1ng ch\u00fat n\u00e0o khi g\u1ecdi\u00a0<b>son Tom Ford 38\u00a0<\/b>l\u00e0 b\u00e1u v\u1eadt v\u1ea1n ng\u01b0\u1eddi m\u00ea. M\u1ed9t th\u1ecfi son ch\u1eb3ng kh\u00e1c n\u00e0o \u201ctrang s\u1ee9c\u201d, v\u1eeba t\u00f4 \u0111i\u1ec3m cho b\u1edd m\u00f4i, v\u1eeba t\u00f4 \u0111i\u1ec3m cho v\u1ebb ngo\u00e0i th\u1eddi trang v\u00e0 s\u00e0nh \u0111i\u1ec7u. Hi\u1ebfm l\u1eafm m\u1edbi c\u00f3 m\u1ed9t th\u1ecfi son \u0111\u1ecf l\u1ea1nh sang ch\u1ea3nh \u0111\u00e1ng xu\u00fdt xoa nh\u01b0 th\u1ebf n\u00e0y. N\u00e0ng t\u1ef1 th\u01b0\u1edfng ngay m\u1ed9t th\u1ecfi Tom Ford v\u1ec1, \u0111\u00f3 l\u00e0 c\u00e1ch y\u00eau th\u01b0\u01a1ng b\u1ea3n th\u00e2n t\u1ed1t nh\u1ea5t.<\/p>\n<h2 style=\"text-align: right\"><strong>khomaudep.com\/alvalipstick<\/strong><\/h2>\n\n\n<div class=\"kk-star-ratings kksr-auto kksr-align-right kksr-valign-bottom kksr-disabled\"\n    data-payload='{&quot;align&quot;:&quot;right&quot;,&quot;id&quot;:&quot;2745&quot;,&quot;readonly&quot;:&quot;1&quot;,&quot;slug&quot;:&quot;default&quot;,&quot;valign&quot;:&quot;bottom&quot;,&quot;ignore&quot;:&quot;&quot;,&quot;reference&quot;:&quot;auto&quot;,&quot;class&quot;:&quot;&quot;,&quot;count&quot;:&quot;0&quot;,&quot;legendonly&quot;:&quot;&quot;,&quot;score&quot;:&quot;0&quot;,&quot;starsonly&quot;:&quot;&quot;,&quot;best&quot;:&quot;5&quot;,&quot;gap&quot;:&quot;5&quot;,&quot;greet&quot;:&quot;Rate this product&quot;,&quot;legend&quot;:&quot;0\\\/5 - (0 b\\u00ecnh ch\\u1ecdn)&quot;,&quot;size&quot;:&quot;24&quot;,&quot;title&quot;:&quot;Son Tom Ford Night Porter 38 M\\u00e0u \\u0110\\u1ecf L\\u1ea1nh&quot;,&quot;width&quot;:&quot;0&quot;,&quot;_legend&quot;:&quot;{score}\\\/{best} - ({count} {votes})&quot;,&quot;font_factor&quot;:&quot;1.25&quot;}'>\n            \n<div class=\"kksr-stars\">\n    \n<div class=\"kksr-stars-inactive\">\n            <div class=\"kksr-star\" data-star=\"1\" style=\"padding-right: 5px\">\n            \n\n<div class=\"kksr-icon\" style=\"width: 24px; height: 24px;\"><\/div>\n        <\/div>\n            <div class=\"kksr-star\" data-star=\"2\" style=\"padding-right: 5px\">\n            \n\n<div class=\"kksr-icon\" style=\"width: 24px; height: 24px;\"><\/div>\n        <\/div>\n            <div class=\"kksr-star\" data-star=\"3\" style=\"padding-right: 5px\">\n            \n\n<div class=\"kksr-icon\" style=\"width: 24px; height: 24px;\"><\/div>\n        <\/div>\n            <div class=\"kksr-star\" data-star=\"4\" style=\"padding-right: 5px\">\n            \n\n<div class=\"kksr-icon\" style=\"width: 24px; height: 24px;\"><\/div>\n        <\/div>\n            <div class=\"kksr-star\" data-star=\"5\" style=\"padding-right: 5px\">\n            \n\n<div class=\"kksr-icon\" style=\"width: 24px; height: 24px;\"><\/div>\n        <\/div>\n    <\/div>\n    \n<div class=\"kksr-stars-active\" style=\"width: 0px;\">\n            <div class=\"kksr-star\" style=\"padding-right: 5px\">\n            \n\n<div class=\"kksr-icon\" style=\"width: 24px; height: 24px;\"><\/div>\n        <\/div>\n            <div class=\"kksr-star\" style=\"padding-right: 5px\">\n            \n\n<div class=\"kksr-icon\" style=\"width: 24px; height: 24px;\"><\/div>\n        <\/div>\n            <div class=\"kksr-star\" style=\"padding-right: 5px\">\n            \n\n<div class=\"kksr-icon\" style=\"width: 24px; height: 24px;\"><\/div>\n        <\/div>\n            <div class=\"kksr-star\" style=\"padding-right: 5px\">\n            \n\n<div class=\"kksr-icon\" style=\"width: 24px; height: 24px;\"><\/div>\n        <\/div>\n            <div class=\"kksr-star\" style=\"padding-right: 5px\">\n            \n\n<div class=\"kksr-icon\" style=\"width: 24px; height: 24px;\"><\/div>\n        <\/div>\n    <\/div>\n<\/div>\n                \n\n<div class=\"kksr-legend\" style=\"font-size: 19.2px;\">\n            <span class=\"kksr-muted\">Rate this product<\/span>\n    <\/div>\n    <\/div>\n","protected":false},"excerpt":{"rendered":"<p>Ph\u00e1i \u0111\u1eb9p ch\u01b0a bao gi\u1edd th\u1ea5y l\u00e0 c\u00f3 \u0111\u1ee7 son m\u00f4i c\u1ea3. \u0110\u1eb7c bi\u1ec7t l\u00e0 son \u0111\u1ecf \u2013 th\u1ee9 \u201cthu\u1ed1c th\u1ea7n\u201d g\u00e2y m\u00ea t\u1eeb c\u00e1i nh\u00ecn \u0111\u1ea7u ti\u00ean, m\u00ea \u0111\u1ebfn d\u00e0i l\u00e2u. S\u1ee9c h\u1ea5p d\u1eabn c\u1ee7a\u00a0<b>son Tom Ford 38 Night Porter\u00a0<\/b>\u0111\u01b0\u1ee3c ch\u1ee9ng minh qua s\u1eafc \u0111\u1ecf l\u1ea1nh ki\u00eau k\u1ef3, l\u1ea1 m\u1eaft. Son \u0111\u1ebfn t\u1eeb BST Lip Color Matte m\u1ecbn \u0111\u1eb9p ng\u00fat ng\u00e0n, l\u00ean m\u00f4i n\u00e9t c\u0103ng trong t\u1eebng \u0111\u01b0\u1eddng thoa. V\u1ecf \u0111en vi\u1ec1n v\u00e0ng b\u00ean ngo\u00e0i ho\u00e0n thi\u1ec7n s\u1ef1 sang ch\u1ea3nh th\u1ea7n th\u00e1nh cho son TF 38 n\u00e0y. \u0110\u00fang l\u00e0 c\u1ef1c ph\u1ea9m m\u1ecdi c\u00f4 g\u00e1i n\u00ean chinh ph\u1ee5c.<\/p>\n<ul>\n<li>Th\u01b0\u01a1ng hi\u1ec7u:\u00a0<strong>Tom Ford<\/strong><\/li>\n<li>Xu\u1ea5t x\u1ee9:\u00a0<strong>Made in Belgium<\/strong><\/li>\n<li>Tr\u1ecdng l\u01b0\u1ee3ng:\u00a0<strong>3g<\/strong><\/li>\n<li>D\u00f2ng:\u00a0<strong>Lip Color Matte<\/strong><\/li>\n<\/ul>\n","protected":false},"featured_media":2757,"comment_status":"open","ping_status":"closed","template":"","meta":[],"pwb-brand":[172],"product_cat":[15,171],"product_tag":[385,386,387,390,388,389,391],"brands":[{"id":172,"name":"Tom Ford","slug":"tom-ford"}],"_links":{"self":[{"href":"https:\/\/pluginviet.com\/mau1\/wp-json\/wp\/v2\/product\/2745"}],"collection":[{"href":"https:\/\/pluginviet.com\/mau1\/wp-json\/wp\/v2\/product"}],"about":[{"href":"https:\/\/pluginviet.com\/mau1\/wp-json\/wp\/v2\/types\/product"}],"replies":[{"embeddable":true,"href":"https:\/\/pluginviet.com\/mau1\/wp-json\/wp\/v2\/comments?post=2745"}],"wp:featuredmedia":[{"embeddable":true,"href":"https:\/\/pluginviet.com\/mau1\/wp-json\/wp\/v2\/media\/2757"}],"wp:attachment":[{"href":"https:\/\/pluginviet.com\/mau1\/wp-json\/wp\/v2\/media?parent=2745"}],"wp:term":[{"taxonomy":"pwb-brand","embeddable":true,"href":"https:\/\/pluginviet.com\/mau1\/wp-json\/wp\/v2\/pwb-brand?post=2745"},{"taxonomy":"product_cat","embeddable":true,"href":"https:\/\/pluginviet.com\/mau1\/wp-json\/wp\/v2\/product_cat?post=2745"},{"taxonomy":"product_tag","embeddable":true,"href":"https:\/\/pluginviet.com\/mau1\/wp-json\/wp\/v2\/product_tag?post=2745"}],"curies":[{"name":"wp","href":"https:\/\/api.w.org\/{rel}","templated":true}]}}