{"id":2702,"date":"2022-03-21T07:49:16","date_gmt":"2022-03-21T07:49:16","guid":{"rendered":"https:\/\/khomaudep.com\/alvalipstick\/?post_type=product&#038;p=2702"},"modified":"2022-03-25T08:39:55","modified_gmt":"2022-03-25T08:39:55","slug":"son-kem-mac-982-marrakesh-mere-do-dat-powder-kiss-liquid-lipcolour","status":"publish","type":"product","link":"https:\/\/pluginviet.com\/mau1\/san-pham\/son-kem-mac-982-marrakesh-mere-do-dat-powder-kiss-liquid-lipcolour\/","title":{"rendered":"Son Kem MAC 982 Marrakesh-mere \u0110\u1ecf \u0110\u1ea5t \u2013 Powder Kiss Liquid Lipcolour"},"content":{"rendered":"<h2>Son Kem MAC 982 Marrakesh-mere \u2013 BST MAC Powder Kiss Liquid Lipcolour<\/h2>\n<p>C\u00e1i t\u00ean MAC Powder Kiss d\u01b0\u1eddng nh\u01b0 \u0111\u00e3 qu\u00e1 quen thu\u1ed9c v\u1edbi c\u00e1c t\u00edn \u0111\u1ed3 l\u00e0m \u0111\u1eb9p tr\u00ean kh\u1eafp th\u1ebf gi\u1edbi. 2018 \u0111\u01b0\u1ee3c g\u1ecdi l\u00e0 n\u0103m c\u1ee7a MAC, do s\u1ef1 th\u00e0nh c\u00f4ng r\u1ef1c r\u1ee1 c\u1ee7a BST son th\u1ecfi MAC Powder Kiss Lipstick, \u0111\u00e3 mang v\u1ec1 cho MAC nhi\u1ec1u ti\u1ebfng t\u0103m l\u1edbn. Th\u00ec g\u1ea7n 2 sau, kh\u00f4ng \u0111\u1ec3 b\u1ecf l\u1ee1 c\u01a1 h\u1ed9i, MAC ti\u1ebfp t\u1ee5c tr\u00ecnh l\u00e0ng BST son kem Powder Kiss Liquid Lipcolour, khi\u1ebfn ph\u00e1i \u0111\u1eb9p kh\u00f4ng kh\u1ecfi xu\u00fdt xoa. C\u01a1n s\u1ed1t 17 c\u00e2y son kem MAC Liquid Lipcolour ch\u01b0a k\u1ecbp h\u1ea1 nhi\u1ec7t, th\u00ec \u0111\u1ea7u n\u0103m 2021, MAC l\u1ea1i ti\u1ebfp t\u1ee5c l\u00ean k\u1ec7 9 em son kem si\u00eau hot, \u201cph\u00e1 \u0111\u1ea3o\u201d th\u1ebf gi\u1edbi son m\u00f4i.\u00a0<b>Son Kem MAC 982\u00a0<\/b>Marrakesh-mere thu\u1ed9c top 1 th\u1ecfi son xu\u1ea5t s\u1eafc nh\u1ea5t Powder Kiss Liquid Lipcolour m\u1edbi.<\/p>\n<figure id=\"attachment_2709\" aria-describedby=\"caption-attachment-2709\" style=\"width: 800px\" class=\"wp-caption aligncenter\"><img decoding=\"async\" loading=\"lazy\" class=\"wp-image-2709 size-full\" src=\"https:\/\/khomaudep.com\/alvalipstick\/wp-content\/uploads\/2022\/03\/mac-982.5.jpg\" alt=\"\" width=\"800\" height=\"800\" srcset=\"https:\/\/pluginviet.com\/mau1\/wp-content\/uploads\/2022\/03\/mac-982.5.jpg 800w, https:\/\/pluginviet.com\/mau1\/wp-content\/uploads\/2022\/03\/mac-982.5-400x400.jpg 400w, https:\/\/pluginviet.com\/mau1\/wp-content\/uploads\/2022\/03\/mac-982.5-280x280.jpg 280w, https:\/\/pluginviet.com\/mau1\/wp-content\/uploads\/2022\/03\/mac-982.5-768x768.jpg 768w, https:\/\/pluginviet.com\/mau1\/wp-content\/uploads\/2022\/03\/mac-982.5-600x600.jpg 600w, https:\/\/pluginviet.com\/mau1\/wp-content\/uploads\/2022\/03\/mac-982.5-100x100.jpg 100w\" sizes=\"(max-width: 800px) 100vw, 800px\" \/><figcaption id=\"caption-attachment-2709\" class=\"wp-caption-text\">Son MAC Powder Kiss Liquid Lipcolour 982 best-seller<\/figcaption><\/figure>\n<h2>Nh\u1eefng \u01b0u \u0111i\u1ec3m v\u01b0\u1ee3t tr\u1ed9i c\u1ee7a son kem MAC 982 Marrakesh-mere<\/h2>\n<h3>Son kem MAC 982 m\u00e0u \u0110\u1ecf \u0110\u1ea5t trendy \u0111\u1eb9p b\u1ea5t t\u1eadn<\/h3>\n<p>M\u1ed9t trong nh\u1eefng l\u00fd do l\u00e0m n\u00ean t\u00ean tu\u1ed5i c\u1ee7a\u00a0<b>son kem MAC 982 Marrakesh-mere\u00a0<\/b>ch\u1eafc ch\u1eafn kh\u00f4ng th\u1ec3 thi\u1ebfu m\u00e0u son \u0111\u1ecf \u0111\u1ea5t th\u1ea7n th\u00e1nh. Son MAC m\u00e0u \u0111\u1ecf \u0111\u1ea5t quy\u1ebfn r\u0169, m\u00ea say l\u00e0 bao ch\u1ecb em ph\u00e1i \u0111\u1eb9p si\u00eau l\u00f2ng. M\u00e0u son Marrakesh-mere \u0111\u01b0\u1ee3c m\u1ec7nh danh l\u00e0 \u201c\u00e1t ch\u1ee7 b\u00e0i\u201d, m\u1ea3nh gh\u00e9p ho\u00e0n h\u1ea3o c\u1ee7a Powder Kiss Liquid Lipcolour.<\/p>\n<figure id=\"attachment_2710\" aria-describedby=\"caption-attachment-2710\" style=\"width: 800px\" class=\"wp-caption aligncenter\"><img decoding=\"async\" loading=\"lazy\" class=\"wp-image-2710 size-full\" src=\"https:\/\/khomaudep.com\/alvalipstick\/wp-content\/uploads\/2022\/03\/mac-982.6.jpg\" alt=\"\" width=\"800\" height=\"986\" srcset=\"https:\/\/pluginviet.com\/mau1\/wp-content\/uploads\/2022\/03\/mac-982.6.jpg 800w, https:\/\/pluginviet.com\/mau1\/wp-content\/uploads\/2022\/03\/mac-982.6-325x400.jpg 325w, https:\/\/pluginviet.com\/mau1\/wp-content\/uploads\/2022\/03\/mac-982.6-649x800.jpg 649w, https:\/\/pluginviet.com\/mau1\/wp-content\/uploads\/2022\/03\/mac-982.6-768x947.jpg 768w, https:\/\/pluginviet.com\/mau1\/wp-content\/uploads\/2022\/03\/mac-982.6-600x740.jpg 600w\" sizes=\"(max-width: 800px) 100vw, 800px\" \/><figcaption id=\"caption-attachment-2710\" class=\"wp-caption-text\">Son kem MAC 982 Marrakesh-mere m\u00e0u \u0111\u1ecf \u0111\u1ea5t th\u1eddi th\u01b0\u1ee3ng<\/figcaption><\/figure>\n<p>M\u00e0u\u00a0<b>son MAC Powder Kiss Liquid Lipcolour 982\u00a0<\/b>l\u00e0 s\u1ef1 ph\u1ed1i m\u00e0u ho\u00e0n h\u1ea3o gi\u1eefa gam \u0111\u1ecf r\u1ef1c r\u1ee1 v\u00e0 gam m\u00e0u \u0111\u1ea5t tr\u1ea7m \u1ea5m. S\u1ef1 k\u1ebft h\u1ee3p tuy\u1ec7t v\u1eddi t\u1ea1o ra m\u00e0u son Marrakesh-mere kh\u00f4ng qu\u00e1 tr\u1ea7m, c\u0169ng kh\u00f4ng qu\u00e1 t\u01b0\u01a1i. \u0110\u1eb7c bi\u1ec7t ph\u00f9 h\u1ee3p s\u1eed d\u1ee5ng v\u1edbi m\u1ecdi m\u00e0u da v\u00e0 m\u1ecdi \u0111\u1ed9 tu\u1ed5i.<\/p>\n<figure id=\"attachment_2711\" aria-describedby=\"caption-attachment-2711\" style=\"width: 800px\" class=\"wp-caption aligncenter\"><img decoding=\"async\" loading=\"lazy\" class=\"wp-image-2711 size-full\" src=\"https:\/\/khomaudep.com\/alvalipstick\/wp-content\/uploads\/2022\/03\/mac-982.7.jpg\" alt=\"\" width=\"800\" height=\"800\" srcset=\"https:\/\/pluginviet.com\/mau1\/wp-content\/uploads\/2022\/03\/mac-982.7.jpg 800w, https:\/\/pluginviet.com\/mau1\/wp-content\/uploads\/2022\/03\/mac-982.7-400x400.jpg 400w, https:\/\/pluginviet.com\/mau1\/wp-content\/uploads\/2022\/03\/mac-982.7-280x280.jpg 280w, https:\/\/pluginviet.com\/mau1\/wp-content\/uploads\/2022\/03\/mac-982.7-768x768.jpg 768w, https:\/\/pluginviet.com\/mau1\/wp-content\/uploads\/2022\/03\/mac-982.7-600x600.jpg 600w, https:\/\/pluginviet.com\/mau1\/wp-content\/uploads\/2022\/03\/mac-982.7-100x100.jpg 100w\" sizes=\"(max-width: 800px) 100vw, 800px\" \/><figcaption id=\"caption-attachment-2711\" class=\"wp-caption-text\">Son kem MAC m\u00e0u 982 Top 1 son b\u00e1n ch\u1ea1y nh\u1ea5t Powder Kiss Liquid Lipcolour<\/figcaption><\/figure>\n<h3>\u0110i\u1ec3m 10 cho ch\u1ea5t son kem MAC Powder Kiss Liquid Lipcolour 982 cao c\u1ea5p<\/h3>\n<p>Kh\u00f4ng th\u1ec3 ph\u1ee7 nh\u1eadn \u0111\u01b0\u1ee3c, \u0111\u1ed9 hot c\u1ee7a MAC Powder Kiss Liquid Lipcolour, g\u1ea7n nh\u01b0 n\u1eb1m \u1edf ch\u1ea5t son kem th\u1ea7n th\u00e1nh. K\u1ebft c\u1ea5u Powder b\u1ed9t ph\u1ea5n nh\u1ecf li ti, gi\u00fap l\u1ea5p \u0111\u1ea7y kho\u1ea3ng tr\u1ed1ng ph\u1ea7n r\u00e3nh m\u00f4i, gi\u00fap t\u1ea1o hi\u1ec7u \u1ee9ng m\u1edd l\u1ef3, cho m\u1edd m\u00f4i \u0111\u1ea7y \u0111\u1eb7n, tr\u1ebb trung. Ch\u1ea5t son kem Liquid Lipcolour c\u00f3 \u0111\u1ed9 x\u1ed1p nh\u1eb9, c\u1ef1c k\u1ef3 d\u1ec5 t\u00e1n m\u00e0u son. B\u00ean c\u1ea1nh \u0111\u00f3, si\u00eau ph\u1ea9m MAC c\u00f2n khi\u1ebfn d\u00e2n t\u00ecnh xu\u00fdt xoa v\u1ec1 \u0111\u1ed9 m\u1ecfng nh\u1eb9 khi t\u00f4 l\u00ean m\u00f4i c\u1ee7a\u00a0<b>son MAC 982.\u00a0<\/b>Ch\u1ea5t son kem m\u1ecbn nh\u01b0 nhung, l\u00ean m\u00e0u r\u00f5 ngay t\u1eeb l\u1ea7n t\u00f4 \u0111\u1ea7u ti\u00ean, mang l\u1ea1i c\u1ea3m gi\u00e1c m\u1ecfng nh\u1eb9 su\u1ed1t ng\u00e0y d\u00e0i.<\/p>\n<figure id=\"attachment_2705\" aria-describedby=\"caption-attachment-2705\" style=\"width: 800px\" class=\"wp-caption aligncenter\"><img decoding=\"async\" loading=\"lazy\" class=\"wp-image-2705 size-full\" src=\"https:\/\/khomaudep.com\/alvalipstick\/wp-content\/uploads\/2022\/03\/mac-982.3.jpg\" alt=\"\" width=\"800\" height=\"800\" srcset=\"https:\/\/pluginviet.com\/mau1\/wp-content\/uploads\/2022\/03\/mac-982.3.jpg 800w, https:\/\/pluginviet.com\/mau1\/wp-content\/uploads\/2022\/03\/mac-982.3-400x400.jpg 400w, https:\/\/pluginviet.com\/mau1\/wp-content\/uploads\/2022\/03\/mac-982.3-280x280.jpg 280w, https:\/\/pluginviet.com\/mau1\/wp-content\/uploads\/2022\/03\/mac-982.3-768x768.jpg 768w, https:\/\/pluginviet.com\/mau1\/wp-content\/uploads\/2022\/03\/mac-982.3-600x600.jpg 600w, https:\/\/pluginviet.com\/mau1\/wp-content\/uploads\/2022\/03\/mac-982.3-100x100.jpg 100w\" sizes=\"(max-width: 800px) 100vw, 800px\" \/><figcaption id=\"caption-attachment-2705\" class=\"wp-caption-text\">Ch\u1ea5t son kem th\u1ea7n th\u00e1nh, m\u1ecbn nh\u01b0 b\u1ed9t ph\u1ea5n<\/figcaption><\/figure>\n<p>H\u01a1n n\u1eefa,\u00a0ch\u1ea5t son kem l\u00ec, nh\u01b0ng kh\u00f4ng h\u1ec1 g\u00e2y kh\u00f4 m\u00f4i hay n\u1eb7ng m\u00f4i<b>;\u00a0<\/b>son c\u0169ng \u00edt tr\u01a1n tr\u01b0\u1ee3t h\u01a1n d\u00f2ng son th\u1ecfi, v\u1eady n\u00ean, son c\u1ef1c b\u1ec1n m\u00e0u tr\u00ean m\u00f4i. Trong 1 c\u00e2y son kem MAC Powder Kiss c\u00f3 nhi\u1ec1u th\u00e0nh ph\u1ea7n d\u01b0\u1ee1ng \u0111\u01b0\u1ee3c k\u1ebft h\u1ee3p ch\u1ea5t \u0111\u1ed9c \u0111\u00e1o to\u00e0n to\u00e0n l\u00e0nh t\u00ednh. Kh\u00f4ng g\u00e2y d\u1ecb \u1ee9ng hay k\u00edch \u1ee9ng cho m\u00f4i. Thu\u1ed9c d\u00f2ng son kem l\u00ec nh\u01b0ng v\u00f4 c\u00f9ng m\u1ec1m m\u1ecbn, kh\u00f4ng b\u1ecb hi\u1ec7n t\u01b0\u1ee3ng v\u00f3n c\u1ee5c hay n\u1ee9t r\u00e3nh m\u00f4i. Ngo\u00e0i ra, m\u1ed9t c\u00e2y<b>\u00a0son MAC 982<\/b>, c\u00f3 th\u1ec3 b\u00e1m m\u00e0u tr\u00ean m\u00f4i t\u1eeb 7-9 ti\u1ebfng. \u0110\u1ed9 b\u00e1m m\u00e0u xu\u1ea5t s\u1eafc \u0111\u01b0\u1ee3c gi\u1edbi ph\u00ea b\u00ecnh \u0111\u00e1nh gi\u00e1 r\u1ea5t cao.<\/p>\n<figure id=\"attachment_2712\" aria-describedby=\"caption-attachment-2712\" style=\"width: 800px\" class=\"wp-caption aligncenter\"><img decoding=\"async\" loading=\"lazy\" class=\"wp-image-2712 size-full\" src=\"https:\/\/khomaudep.com\/alvalipstick\/wp-content\/uploads\/2022\/03\/mac-982.8.jpg\" alt=\"\" width=\"800\" height=\"1000\" srcset=\"https:\/\/pluginviet.com\/mau1\/wp-content\/uploads\/2022\/03\/mac-982.8.jpg 800w, https:\/\/pluginviet.com\/mau1\/wp-content\/uploads\/2022\/03\/mac-982.8-320x400.jpg 320w, https:\/\/pluginviet.com\/mau1\/wp-content\/uploads\/2022\/03\/mac-982.8-640x800.jpg 640w, https:\/\/pluginviet.com\/mau1\/wp-content\/uploads\/2022\/03\/mac-982.8-768x960.jpg 768w, https:\/\/pluginviet.com\/mau1\/wp-content\/uploads\/2022\/03\/mac-982.8-600x750.jpg 600w\" sizes=\"(max-width: 800px) 100vw, 800px\" \/><figcaption id=\"caption-attachment-2712\" class=\"wp-caption-text\">MAC Powder Kiss Liquid Lipcolour m\u00e0u 982 Marrakesh-mere<\/figcaption><\/figure>\n<h3>Son MAC 982 c\u00f3 m\u00f9i g\u00ec kh\u00f4ng?<\/h3>\n<p><strong>Son kem MAC Marrakesh-mere 982<\/strong>\u00a0c\u00f3 m\u00f9i vanilla \u0111\u1eb7c tr\u01b0ng nh\u1eb9 nh\u00e0ng nh\u01b0 c\u00e1c d\u00f2ng son tr\u01b0\u1edbc \u0111\u00f3 c\u1ee7a h\u00e3ng. Son s\u1ebd kh\u00f4ng b\u00e1m m\u00f9i l\u00e2u, bay ngay sau v\u00e0i gi\u00e2y khi v\u1eeba thoa l\u00ean m\u00f4i.<\/p>\n<h3>Thi\u1ebft k\u1ebf son MAC Powder Kiss Liquid Lipcolour 982 c\u00f3 g\u00ec \u0111\u1eb7c bi\u1ec7t?<\/h3>\n<p>Nh\u00ecn b\u00ean ngo\u00e0i, thi\u1ebft k\u1ebf\u00a0<b>son MAC Powder Kiss Liquid Lipcolour 982\u00a0<\/b>kh\u00f4ng c\u00f3 g\u00ec qu\u00e1 \u0111\u1eb7c bi\u1ec7t. V\u1eabn gi\u1eef h\u00ecnh d\u1ea1ng vi\u00ean \u0111\u1ea1n bi\u1ec3u t\u01b0\u1ee3ng c\u1ee7a h\u00e3ng. Th\u00e2n son \u0111\u01b0\u1ee3c l\u00e0m b\u1eb1ng nh\u1ef1a l\u00ec trong su\u1ed1t, gi\u00fap d\u1ec5 d\u00e0ng th\u1ea5y \u0111\u01b0\u1ee3c m\u00e0u son. N\u1eafp son \u0111en nh\u00e1m quen thu\u1ed9c.\u00a0<strong>Son kem MAC 982\u00a0<\/strong>\u0111\u01b0\u1ee3c thi\u1ebft k\u1ebf nh\u1ecf g\u1ecdn d\u1ec5 c\u1ea7m n\u1eafm, d\u1ec5 s\u1eed d\u1ee5ng v\u00e0 mang theo.<\/p>\n<figure id=\"attachment_2713\" aria-describedby=\"caption-attachment-2713\" style=\"width: 800px\" class=\"wp-caption aligncenter\"><img decoding=\"async\" loading=\"lazy\" class=\"wp-image-2713 size-full\" src=\"https:\/\/khomaudep.com\/alvalipstick\/wp-content\/uploads\/2022\/03\/mac-982.9.jpg\" alt=\"\" width=\"800\" height=\"755\" srcset=\"https:\/\/pluginviet.com\/mau1\/wp-content\/uploads\/2022\/03\/mac-982.9.jpg 800w, https:\/\/pluginviet.com\/mau1\/wp-content\/uploads\/2022\/03\/mac-982.9-424x400.jpg 424w, https:\/\/pluginviet.com\/mau1\/wp-content\/uploads\/2022\/03\/mac-982.9-768x725.jpg 768w, https:\/\/pluginviet.com\/mau1\/wp-content\/uploads\/2022\/03\/mac-982.9-600x566.jpg 600w\" sizes=\"(max-width: 800px) 100vw, 800px\" \/><figcaption id=\"caption-attachment-2713\" class=\"wp-caption-text\">Thi\u1ebft k\u1ebf th\u00f4ng minh, d\u1ec5 s\u1eed d\u1ee5ng<\/figcaption><\/figure>\n<p>\u0110i\u1ec3m \u0111\u1eb7c bi\u1ec7t, trong thi\u1ebft k\u1ebf c\u1ee7a d\u00f2ng Liquid Lipcolour, n\u1eb1m \u1edf ph\u1ea7n \u0111\u1ea7u c\u1ecd \u0111\u01b0\u1ee3c thi\u1ebft l\u1ea1 m\u1eaft. \u0110\u1ea7u c\u1ecd h\u00ecnh \u0111\u1ed3ng h\u1ed3 c\u00e1t, v\u1eeba t\u1ea1o \u0111\u01b0\u1ee3c \u0111i\u1ec3m nh\u1ea5n \u0111\u1eb7c bi\u1ec7t trong t\u00e2m tr\u00ed kh\u00e1ch h\u00e0ng. V\u1eeba gi\u00fap l\u01b0\u1ee3ng son m\u1ed7i l\u1ea7n l\u1ea5y ra \u0111\u01b0\u1ee3c nhi\u1ec1u h\u01a1n.<\/p>\n<figure style=\"width: 800px\" class=\"wp-caption aligncenter\"><img decoding=\"async\" loading=\"lazy\" src=\"https:\/\/lipstick.vn\/wp-content\/uploads\/2021\/02\/982-powder-kiss-marrakesh-mere-liquid.png\" alt=\"\" width=\"800\" height=\"800\" \/><figcaption class=\"wp-caption-text\">Son kem MAC 982 Marrakesh-mere<\/figcaption><\/figure>\n<h2>Son kem MAC Marrakesh-mere 982 \u2013 s\u1ef1 l\u1ef1a ch\u1ecdn ho\u00e0n h\u1ea3o cho ph\u00e1i \u0111\u1eb9p<\/h2>\n<p>\u0110\u01b0\u1ee3c \u0111\u00e1nh gi\u00e1 l\u00e0 c\u00e2y son to\u00e0n m\u1ef9, MAC Powder Kiss Liquid Lipcolour s\u1edf h\u1eefu nh\u1eefng \u201ct\u00edn \u0111\u1ed3\u201d trung th\u00e0nh tr\u00ean kh\u1eafp th\u1ebf gi\u1edbi. V\u1ebb \u0111\u1eb9p kh\u00f4ng th\u1ec3 ph\u1ee7 nh\u1eadn b\u1eb1ng \u0111\u1ed9 ph\u1ee7 s\u00f3ng to\u00e0n c\u1ea7u, \u0111\u01b0\u1ee3c c\u00e1c ng\u00f4i sao qu\u1ed1c t\u1ebf h\u00e0ng \u0111\u1ea7u s\u1eed d\u1ee5ng, \u0111\u01b0\u1ee3c c\u00e1c Blogger kh\u00f4ng ti\u1ebfc l\u1eddi c\u00f3 c\u00e1nh cho c\u00e2y son kem th\u1ea7n th\u00e1nh n\u00e0y. Ch\u1ea5t l\u01b0\u1ee3ng son s\u00e1nh ngang nh\u1eefng d\u00f2ng son highend cao c\u1ea5p, nh\u01b0ng gi\u00e1 th\u00e0nh ch\u1ec9 b\u1eb1ng m\u1ed9t n\u1eeda. R\u1ea5t x\u1ee9ng \u0111\u00e1ng \u0111\u01b0\u1ee3c n\u1eb1m trong gi\u1ecf h\u00e0ng \u0111\u00fang kh\u00f4ng n\u00e0o!<\/p>\n<h2 style=\"text-align: right\"><strong>khomaudep.com\/alvalipstick<\/strong><\/h2>\n\n\n<div class=\"kk-star-ratings kksr-auto kksr-align-right kksr-valign-bottom kksr-disabled\"\n    data-payload='{&quot;align&quot;:&quot;right&quot;,&quot;id&quot;:&quot;2702&quot;,&quot;readonly&quot;:&quot;1&quot;,&quot;slug&quot;:&quot;default&quot;,&quot;valign&quot;:&quot;bottom&quot;,&quot;ignore&quot;:&quot;&quot;,&quot;reference&quot;:&quot;auto&quot;,&quot;class&quot;:&quot;&quot;,&quot;count&quot;:&quot;0&quot;,&quot;legendonly&quot;:&quot;&quot;,&quot;score&quot;:&quot;0&quot;,&quot;starsonly&quot;:&quot;&quot;,&quot;best&quot;:&quot;5&quot;,&quot;gap&quot;:&quot;5&quot;,&quot;greet&quot;:&quot;Rate this product&quot;,&quot;legend&quot;:&quot;0\\\/5 - (0 b\\u00ecnh ch\\u1ecdn)&quot;,&quot;size&quot;:&quot;24&quot;,&quot;title&quot;:&quot;Son Kem MAC 982 Marrakesh-mere \\u0110\\u1ecf \\u0110\\u1ea5t \\u2013 Powder Kiss Liquid Lipcolour&quot;,&quot;width&quot;:&quot;0&quot;,&quot;_legend&quot;:&quot;{score}\\\/{best} - ({count} {votes})&quot;,&quot;font_factor&quot;:&quot;1.25&quot;}'>\n            \n<div class=\"kksr-stars\">\n    \n<div class=\"kksr-stars-inactive\">\n            <div class=\"kksr-star\" data-star=\"1\" style=\"padding-right: 5px\">\n            \n\n<div class=\"kksr-icon\" style=\"width: 24px; height: 24px;\"><\/div>\n        <\/div>\n            <div class=\"kksr-star\" data-star=\"2\" style=\"padding-right: 5px\">\n            \n\n<div class=\"kksr-icon\" style=\"width: 24px; height: 24px;\"><\/div>\n        <\/div>\n            <div class=\"kksr-star\" data-star=\"3\" style=\"padding-right: 5px\">\n            \n\n<div class=\"kksr-icon\" style=\"width: 24px; height: 24px;\"><\/div>\n        <\/div>\n            <div class=\"kksr-star\" data-star=\"4\" style=\"padding-right: 5px\">\n            \n\n<div class=\"kksr-icon\" style=\"width: 24px; height: 24px;\"><\/div>\n        <\/div>\n            <div class=\"kksr-star\" data-star=\"5\" style=\"padding-right: 5px\">\n            \n\n<div class=\"kksr-icon\" style=\"width: 24px; height: 24px;\"><\/div>\n        <\/div>\n    <\/div>\n    \n<div class=\"kksr-stars-active\" style=\"width: 0px;\">\n            <div class=\"kksr-star\" style=\"padding-right: 5px\">\n            \n\n<div class=\"kksr-icon\" style=\"width: 24px; height: 24px;\"><\/div>\n        <\/div>\n            <div class=\"kksr-star\" style=\"padding-right: 5px\">\n            \n\n<div class=\"kksr-icon\" style=\"width: 24px; height: 24px;\"><\/div>\n        <\/div>\n            <div class=\"kksr-star\" style=\"padding-right: 5px\">\n            \n\n<div class=\"kksr-icon\" style=\"width: 24px; height: 24px;\"><\/div>\n        <\/div>\n            <div class=\"kksr-star\" style=\"padding-right: 5px\">\n            \n\n<div class=\"kksr-icon\" style=\"width: 24px; height: 24px;\"><\/div>\n        <\/div>\n            <div class=\"kksr-star\" style=\"padding-right: 5px\">\n            \n\n<div class=\"kksr-icon\" style=\"width: 24px; height: 24px;\"><\/div>\n        <\/div>\n    <\/div>\n<\/div>\n                \n\n<div class=\"kksr-legend\" style=\"font-size: 19.2px;\">\n            <span class=\"kksr-muted\">Rate this product<\/span>\n    <\/div>\n    <\/div>\n","protected":false},"excerpt":{"rendered":"<p><b>Son kem MAC\u00a0<\/b><b>982 Marrakesh-mere<\/b>\u00a0m\u00e0u \u0111\u1ecf \u0111\u1ea5t th\u1ea7n th\u00e1nh, g\u00f3p ph\u1ea7n kh\u00f4ng nh\u1ecf gi\u00fap Powder Kiss Liquid Lipcolour l\u00e0m chao \u0111\u1ea3o th\u1ecb tr\u01b0\u1eddng son th\u1ebf gi\u1edbi. M\u00e0u\u00a0<b>son MAC 982<\/b>\u00a0trendy \u0111\u1ee9ng Top best-seller d\u00f2ng son kem Powder Kiss, ch\u00e1y h\u00e0ng li\u00ean t\u1ee5c. Ch\u1ea5t son m\u1ecbn nh\u01b0 b\u1ed9t ph\u1ea5n, l\u01b0\u1edbt c\u1ef1c k\u00ec m\u1ecfng nh\u1eb9 tr\u00ean m\u00f4i. H\u01a1n n\u1eefa, ch\u1ea5t son kem l\u00ec, nh\u01b0ng kh\u00f4ng g\u00e2y b\u1ebft d\u00ednh hay n\u1eb7ng m\u00f4i n\u1eb7ng m\u00f4i. Son kem Powder Kiss Liquid Lipcolour c\u00f2n \u0111\u01b0\u1ee3c ph\u00e1i \u0111\u1eb9p h\u1ebft s\u1ee9c \u01b0u \u00e1i, nh\u1edd \u0111\u1ed9 b\u00e1m m\u00e0u \u0111\u1ec9nh cao t\u1eeb 7-9 ti\u1ebfng m\u00e0 kh\u00f4ng lo bay m\u00e0u su\u1ed1t ng\u00e0y d\u00e0i.<\/p>\n<ul>\n<li>Xu\u1ea5t x\u1ee9:\u00a0<strong>M\u1ef9<\/strong><\/li>\n<li>Th\u01b0\u01a1ng hi\u1ec7u:\u00a0<strong>MAC<\/strong><\/li>\n<li>B\u1ed9 s\u01b0u t\u1eadp:\u00a0<strong>Powder Kiss Liquid Lipcolour<\/strong><\/li>\n<li>Dung t\u00edch:\u00a0<strong>5ml<\/strong><\/li>\n<\/ul>\n","protected":false},"featured_media":2707,"comment_status":"open","ping_status":"closed","template":"","meta":[],"pwb-brand":[274],"product_cat":[15,171],"product_tag":[371,372,373,302,304],"brands":[{"id":274,"name":"MAC","slug":"mac"}],"_links":{"self":[{"href":"https:\/\/pluginviet.com\/mau1\/wp-json\/wp\/v2\/product\/2702"}],"collection":[{"href":"https:\/\/pluginviet.com\/mau1\/wp-json\/wp\/v2\/product"}],"about":[{"href":"https:\/\/pluginviet.com\/mau1\/wp-json\/wp\/v2\/types\/product"}],"replies":[{"embeddable":true,"href":"https:\/\/pluginviet.com\/mau1\/wp-json\/wp\/v2\/comments?post=2702"}],"wp:featuredmedia":[{"embeddable":true,"href":"https:\/\/pluginviet.com\/mau1\/wp-json\/wp\/v2\/media\/2707"}],"wp:attachment":[{"href":"https:\/\/pluginviet.com\/mau1\/wp-json\/wp\/v2\/media?parent=2702"}],"wp:term":[{"taxonomy":"pwb-brand","embeddable":true,"href":"https:\/\/pluginviet.com\/mau1\/wp-json\/wp\/v2\/pwb-brand?post=2702"},{"taxonomy":"product_cat","embeddable":true,"href":"https:\/\/pluginviet.com\/mau1\/wp-json\/wp\/v2\/product_cat?post=2702"},{"taxonomy":"product_tag","embeddable":true,"href":"https:\/\/pluginviet.com\/mau1\/wp-json\/wp\/v2\/product_tag?post=2702"}],"curies":[{"name":"wp","href":"https:\/\/api.w.org\/{rel}","templated":true}]}}