{"id":2687,"date":"2022-03-21T03:55:28","date_gmt":"2022-03-21T03:55:28","guid":{"rendered":"https:\/\/khomaudep.com\/alvalipstick\/?post_type=product&#038;p=2687"},"modified":"2022-03-25T08:39:13","modified_gmt":"2022-03-25T08:39:13","slug":"son-kem-mac-995-fashion-sweetie-do-tram-powder-kiss-liquid-lipcolour","status":"publish","type":"product","link":"https:\/\/pluginviet.com\/mau1\/san-pham\/son-kem-mac-995-fashion-sweetie-do-tram-powder-kiss-liquid-lipcolour\/","title":{"rendered":"Son Kem MAC 995 Fashion, Sweetie \u0110\u1ecf Tr\u1ea7m \u2013 Powder Kiss Liquid Lipcolour"},"content":{"rendered":"<h2>Son kem MAC 995 Fashion, Sweetie \u2013 BST MAC Powder Kiss Liquid Lipcolour<\/h2>\n<p>C\u00e1i t\u00ean MAC Powder Kiss d\u01b0\u1eddng nh\u01b0 \u0111\u00e3 qu\u00e1 quen thu\u1ed9c v\u1edbi c\u00e1c t\u00edn \u0111\u1ed3 l\u00e0m \u0111\u1eb9p tr\u00ean kh\u1eafp th\u1ebf gi\u1edbi. N\u0103m 2018 \u0111\u01b0\u1ee3c g\u1ecdi l\u00e0 n\u0103m c\u1ee7a MAC, do s\u1ef1 th\u00e0nh c\u00f4ng r\u1ef1c r\u1ee1 c\u1ee7a BST son th\u1ecfi MAC Powder Kiss Lipstick, mang v\u1ec1 cho MAC nhi\u1ec1u ti\u1ebfng t\u0103m l\u1edbn. G\u1ea7n 2 sau, kh\u00f4ng \u0111\u1ec3 b\u1ecf l\u1ee1 c\u01a1 h\u1ed9i, MAC ti\u1ebfp t\u1ee5c tr\u00ecnh l\u00e0ng BST son kem Powder Kiss Liquid Lipcolour, khi\u1ebfn ph\u00e1i \u0111\u1eb9p kh\u00f4ng kh\u1ecfi xu\u00fdt xoa. C\u01a1n s\u1ed1t 17 c\u00e2y son kem MAC Liquid Lipcolour ch\u01b0a k\u1ecbp h\u1ea1 nhi\u1ec7t. Th\u00ec \u0111\u1ea7u n\u0103m 2021, MAC l\u1ea1i ti\u1ebfp t\u1ee5c l\u00ean k\u1ec7 9 em son kem si\u00eau hot, \u201cph\u00e1 \u0111\u1ea3o\u201d th\u1ebf gi\u1edbi son m\u00f4i.\u00a0<b>Son Kem MAC\u00a0995\u00a0<\/b>Fashion, Sweetie c\u00f3 s\u1ee9c \u1ea3nh h\u01b0\u1edfng kh\u00f4ng nh\u1ecf, g\u00f3p ph\u1ea7n v\u00e0o \u0111\u1ed9 ph\u1ee7 s\u00f3ng to\u00e0n c\u1ea7u c\u1ee7a Powder Kiss Liquid Lipcolour m\u1edbi.<\/p>\n<figure id=\"attachment_2694\" aria-describedby=\"caption-attachment-2694\" style=\"width: 800px\" class=\"wp-caption aligncenter\"><img decoding=\"async\" loading=\"lazy\" class=\"wp-image-2694 size-full\" src=\"https:\/\/khomaudep.com\/alvalipstick\/wp-content\/uploads\/2022\/03\/mac-995.6.jpg\" alt=\"\" width=\"800\" height=\"800\" srcset=\"https:\/\/pluginviet.com\/mau1\/wp-content\/uploads\/2022\/03\/mac-995.6.jpg 800w, https:\/\/pluginviet.com\/mau1\/wp-content\/uploads\/2022\/03\/mac-995.6-400x400.jpg 400w, https:\/\/pluginviet.com\/mau1\/wp-content\/uploads\/2022\/03\/mac-995.6-280x280.jpg 280w, https:\/\/pluginviet.com\/mau1\/wp-content\/uploads\/2022\/03\/mac-995.6-768x768.jpg 768w, https:\/\/pluginviet.com\/mau1\/wp-content\/uploads\/2022\/03\/mac-995.6-600x600.jpg 600w, https:\/\/pluginviet.com\/mau1\/wp-content\/uploads\/2022\/03\/mac-995.6-100x100.jpg 100w\" sizes=\"(max-width: 800px) 100vw, 800px\" \/><figcaption id=\"caption-attachment-2694\" class=\"wp-caption-text\">MAC Powder Kiss Liquid Lipcolour<\/figcaption><\/figure>\n<h2>Nh\u1eefng \u01b0u \u0111i\u1ec3m v\u01b0\u1ee3t tr\u1ed9i c\u1ee7a son kem MAC 995 Fashion, Sweetie<\/h2>\n<h3>Son kem MAC 995 m\u00e0u \u0110\u1ecf Tr\u1ea7m c\u1ef1c x\u1ecbn, c\u1ef1c sang<\/h3>\n<p>M\u00e0u son \u0111\u1ecf tr\u1ea7m c\u00f3 1-0-2 nh\u00e0 Powder Kiss Liquid Lipcolour, l\u00e0m chao \u0111\u1ea3o th\u1ebf gi\u1edbi son m\u00f4i. S\u1eafc son \u0111\u1ecf tr\u1ea7m v\u1eeba mang phong c\u00e1ch c\u00e1 t\u00ednh, tr\u1ebb trung, n\u0103ng \u0111\u1ed9ng. Nh\u01b0ng b\u00ean c\u1ea1nh \u0111\u00f3, m\u00e0u\u00a0<b>son kem MAC 995 Fashion, Sweetie\u00a0<\/b>v\u1eabn\u00a0t\u00f4 l\u00ean v\u1ebb \u0111\u1eb9p c\u1ed5 \u0111i\u1ec3n, qu\u00fd ph\u00e1i v\u00e0 c\u1ef1c k\u1ef3 sang tr\u1ecdng cho nh\u1eefng n\u00e0ng th\u01a1 nh\u00e0 MAC Powder Kiss.<\/p>\n<figure id=\"attachment_2695\" aria-describedby=\"caption-attachment-2695\" style=\"width: 800px\" class=\"wp-caption aligncenter\"><img decoding=\"async\" loading=\"lazy\" class=\"wp-image-2695 size-full\" src=\"https:\/\/khomaudep.com\/alvalipstick\/wp-content\/uploads\/2022\/03\/mac-995.7.jpg\" alt=\"\" width=\"800\" height=\"818\" srcset=\"https:\/\/pluginviet.com\/mau1\/wp-content\/uploads\/2022\/03\/mac-995.7.jpg 800w, https:\/\/pluginviet.com\/mau1\/wp-content\/uploads\/2022\/03\/mac-995.7-391x400.jpg 391w, https:\/\/pluginviet.com\/mau1\/wp-content\/uploads\/2022\/03\/mac-995.7-782x800.jpg 782w, https:\/\/pluginviet.com\/mau1\/wp-content\/uploads\/2022\/03\/mac-995.7-768x785.jpg 768w, https:\/\/pluginviet.com\/mau1\/wp-content\/uploads\/2022\/03\/mac-995.7-600x614.jpg 600w\" sizes=\"(max-width: 800px) 100vw, 800px\" \/><figcaption id=\"caption-attachment-2695\" class=\"wp-caption-text\">Son MAC Powder Kiss Liquid Lipcolour m\u00e0u 995<\/figcaption><\/figure>\n<p>S\u1eafc \u0111\u1ecf tr\u1ea7m trong\u00a0<b>son MAC 995\u00a0<\/b>c\u00f3 th\u1ec3 thay \u0111\u1ed5i \u0111\u1ed9 \u0111\u1eadm nh\u1ea1t, t\u00f9y theo s\u1ed1 l\u1ea7n di son. V\u00ec v\u1eady, ch\u1ecb em c\u00f3 th\u1ec3 linh ho\u1ea1t thay \u0111\u1ed5i phong c\u00e1ch trang \u0111i\u1ec3m linh ho\u1ea1t ch\u1ec9 v\u1edbi 1 c\u00e2y son duy nh\u1ea5t. T\u00ean son Fashion, Sweetie c\u0169ng mang \u0111\u1ebfn ph\u1ea7n n\u00e0o th\u00f4ng \u0111i\u1ec7p nh\u00e0 s\u1ea3n xu\u1ea5t mu\u1ed1n truy\u1ec1n t\u1ea3i. Si\u00eau ph\u1ea9m\u00a0<strong>son MAC m\u00e0u \u0111\u1ecf tr\u1ea7m<\/strong>\u00a0v\u1eeba th\u1ec3 hi\u1ec7n \u0111\u01b0\u1ee3c phong c\u00e1ch, c\u00e1 t\u00ednh, nh\u01b0ng v\u1eabn kh\u00f4ng k\u00e9m ph\u1ea7n ng\u1ecdt ng\u00e0o ng\u00e2y ng\u1ea5t.<\/p>\n<figure id=\"attachment_2696\" aria-describedby=\"caption-attachment-2696\" style=\"width: 800px\" class=\"wp-caption aligncenter\"><img decoding=\"async\" loading=\"lazy\" class=\"wp-image-2696 size-full\" src=\"https:\/\/khomaudep.com\/alvalipstick\/wp-content\/uploads\/2022\/03\/mac-995.8.jpg\" alt=\"\" width=\"800\" height=\"986\" srcset=\"https:\/\/pluginviet.com\/mau1\/wp-content\/uploads\/2022\/03\/mac-995.8.jpg 800w, https:\/\/pluginviet.com\/mau1\/wp-content\/uploads\/2022\/03\/mac-995.8-325x400.jpg 325w, https:\/\/pluginviet.com\/mau1\/wp-content\/uploads\/2022\/03\/mac-995.8-649x800.jpg 649w, https:\/\/pluginviet.com\/mau1\/wp-content\/uploads\/2022\/03\/mac-995.8-768x947.jpg 768w, https:\/\/pluginviet.com\/mau1\/wp-content\/uploads\/2022\/03\/mac-995.8-600x740.jpg 600w\" sizes=\"(max-width: 800px) 100vw, 800px\" \/><figcaption id=\"caption-attachment-2696\" class=\"wp-caption-text\">Son kem MAC 995 Fashion, Sweetie m\u00e0u \u0111\u1ecf tr\u1ea7m sang ch\u1ea3nh<\/figcaption><\/figure>\n<h3>\u0110i\u1ec3m 10 cho ch\u1ea5t son kem MAC Powder Kiss Liquid Lipcolour 995 cao c\u1ea5p<\/h3>\n<p>Kh\u00f4ng th\u1ec3 ph\u1ee7 nh\u1eadn \u0111\u01b0\u1ee3c, \u0111\u1ed9 hot c\u1ee7a MAC Powder Kiss Liquid Lipcolour, g\u1ea7n nh\u01b0 n\u1eb1m \u1edf ch\u1ea5t son kem th\u1ea7n th\u00e1nh. K\u1ebft c\u1ea5u Powder b\u1ed9t ph\u1ea5n nh\u1ecf li ti, gi\u00fap l\u1ea5p \u0111\u1ea7y kho\u1ea3ng tr\u1ed1ng ph\u1ea7n r\u00e3nh m\u00f4i, gi\u00fap t\u1ea1o hi\u1ec7u \u1ee9ng m\u1edd l\u1ef3, cho m\u1edd m\u00f4i \u0111\u1ea7y \u0111\u1eb7n, tr\u1ebb trung. Ch\u1ea5t son kem Liquid Lipcolour c\u00f3 \u0111\u1ed9 x\u1ed1p nh\u1eb9, c\u1ef1c k\u1ef3 d\u1ec5 t\u00e1n m\u00e0u son. B\u00ean c\u1ea1nh \u0111\u00f3, si\u00eau ph\u1ea9m MAC c\u00f2n khi\u1ebfn d\u00e2n t\u00ecnh xu\u00fdt xoa v\u1ec1 \u0111\u1ed9 m\u1ecfng nh\u1eb9 khi t\u00f4 l\u00ean m\u00f4i c\u1ee7a\u00a0<b>son MAC 995.\u00a0<\/b>Ch\u1ea5t son kem m\u1ecbn nh\u01b0 nhung, l\u00ean m\u00e0u r\u00f5 ngay t\u1eeb l\u1ea7n t\u00f4 \u0111\u1ea7u ti\u00ean, mang l\u1ea1i c\u1ea3m gi\u00e1c m\u1ecfng nh\u1eb9 su\u1ed1t ng\u00e0y d\u00e0i.<\/p>\n<figure id=\"attachment_2691\" aria-describedby=\"caption-attachment-2691\" style=\"width: 800px\" class=\"wp-caption aligncenter\"><img decoding=\"async\" loading=\"lazy\" class=\"wp-image-2691 size-full\" src=\"https:\/\/khomaudep.com\/alvalipstick\/wp-content\/uploads\/2022\/03\/mac-995.4.jpg\" alt=\"\" width=\"800\" height=\"751\" srcset=\"https:\/\/pluginviet.com\/mau1\/wp-content\/uploads\/2022\/03\/mac-995.4.jpg 800w, https:\/\/pluginviet.com\/mau1\/wp-content\/uploads\/2022\/03\/mac-995.4-426x400.jpg 426w, https:\/\/pluginviet.com\/mau1\/wp-content\/uploads\/2022\/03\/mac-995.4-768x721.jpg 768w, https:\/\/pluginviet.com\/mau1\/wp-content\/uploads\/2022\/03\/mac-995.4-600x563.jpg 600w\" sizes=\"(max-width: 800px) 100vw, 800px\" \/><figcaption id=\"caption-attachment-2691\" class=\"wp-caption-text\">Ch\u1ea5t son kem l\u00ec, m\u1ecbn nh\u01b0 b\u1ed9t ph\u1ea5n, m\u1ecfng nh\u1eb9 tr\u00ean m\u00f4i<\/figcaption><\/figure>\n<p>H\u01a1n n\u1eefa,\u00a0ch\u1ea5t son kem l\u00ec, nh\u01b0ng kh\u00f4ng h\u1ec1 g\u00e2y kh\u00f4 m\u00f4i hay n\u1eb7ng m\u00f4i<b>;\u00a0<\/b>son c\u0169ng \u00edt tr\u01a1n tr\u01b0\u1ee3t h\u01a1n d\u00f2ng son th\u1ecfi, v\u1eady n\u00ean, son c\u1ef1c b\u1ec1n m\u00e0u tr\u00ean m\u00f4i. Trong 1 c\u00e2y son kem MAC Powder Kiss c\u00f3 nhi\u1ec1u th\u00e0nh ph\u1ea7n d\u01b0\u1ee1ng \u0111\u01b0\u1ee3c k\u1ebft h\u1ee3p ch\u1ea5t \u0111\u1ed9c \u0111\u00e1o to\u00e0n to\u00e0n l\u00e0nh t\u00ednh. Kh\u00f4ng g\u00e2y d\u1ecb \u1ee9ng hay k\u00edch \u1ee9ng cho m\u00f4i. Thu\u1ed9c d\u00f2ng son kem l\u00ec nh\u01b0ng v\u00f4 c\u00f9ng m\u1ec1m m\u1ecbn, kh\u00f4ng b\u1ecb hi\u1ec7n t\u01b0\u1ee3ng v\u00f3n c\u1ee5c hay n\u1ee9t r\u00e3nh m\u00f4i. Ngo\u00e0i ra, m\u1ed9t c\u00e2y<b>\u00a0son MAC 995<\/b>, c\u00f3 th\u1ec3 b\u00e1m m\u00e0u tr\u00ean m\u00f4i t\u1eeb 7-9 ti\u1ebfng. \u0110\u1ed9 b\u00e1m m\u00e0u xu\u1ea5t s\u1eafc \u0111\u01b0\u1ee3c gi\u1edbi ph\u00ea b\u00ecnh \u0111\u00e1nh gi\u00e1 r\u1ea5t cao.<\/p>\n<figure id=\"attachment_2697\" aria-describedby=\"caption-attachment-2697\" style=\"width: 800px\" class=\"wp-caption aligncenter\"><img decoding=\"async\" loading=\"lazy\" class=\"wp-image-2697 size-full\" src=\"https:\/\/khomaudep.com\/alvalipstick\/wp-content\/uploads\/2022\/03\/mac-995.9.jpg\" alt=\"\" width=\"800\" height=\"864\" srcset=\"https:\/\/pluginviet.com\/mau1\/wp-content\/uploads\/2022\/03\/mac-995.9.jpg 800w, https:\/\/pluginviet.com\/mau1\/wp-content\/uploads\/2022\/03\/mac-995.9-370x400.jpg 370w, https:\/\/pluginviet.com\/mau1\/wp-content\/uploads\/2022\/03\/mac-995.9-741x800.jpg 741w, https:\/\/pluginviet.com\/mau1\/wp-content\/uploads\/2022\/03\/mac-995.9-768x829.jpg 768w, https:\/\/pluginviet.com\/mau1\/wp-content\/uploads\/2022\/03\/mac-995.9-600x648.jpg 600w\" sizes=\"(max-width: 800px) 100vw, 800px\" \/><figcaption id=\"caption-attachment-2697\" class=\"wp-caption-text\">Son MAC Fashion, Sweetie \u0111\u1eb9p r\u1ea1ng ng\u1eddi<\/figcaption><\/figure>\n<h3>Son MAC 995 c\u00f3 m\u00f9i g\u00ec kh\u00f4ng?<\/h3>\n<p><b>Son kem MAC Fashion, Sweetie 995 c<\/b>\u00f3 m\u00f9i vanilla \u0111\u1eb7c tr\u01b0ng nh\u1eb9 nh\u00e0ng nh\u01b0 c\u00e1c d\u00f2ng son tr\u01b0\u1edbc \u0111\u00f3 c\u1ee7a h\u00e3ng. Son s\u1ebd kh\u00f4ng b\u00e1m m\u00f9i l\u00e2u, bay ngay sau v\u00e0i gi\u00e2y khi v\u1eeba thoa l\u00ean m\u00f4i.<\/p>\n<figure id=\"attachment_2698\" aria-describedby=\"caption-attachment-2698\" style=\"width: 800px\" class=\"wp-caption aligncenter\"><img decoding=\"async\" loading=\"lazy\" class=\"wp-image-2698 size-full\" src=\"https:\/\/khomaudep.com\/alvalipstick\/wp-content\/uploads\/2022\/03\/mac-995.10.jpg\" alt=\"\" width=\"800\" height=\"806\" srcset=\"https:\/\/pluginviet.com\/mau1\/wp-content\/uploads\/2022\/03\/mac-995.10.jpg 800w, https:\/\/pluginviet.com\/mau1\/wp-content\/uploads\/2022\/03\/mac-995.10-397x400.jpg 397w, https:\/\/pluginviet.com\/mau1\/wp-content\/uploads\/2022\/03\/mac-995.10-794x800.jpg 794w, https:\/\/pluginviet.com\/mau1\/wp-content\/uploads\/2022\/03\/mac-995.10-768x774.jpg 768w, https:\/\/pluginviet.com\/mau1\/wp-content\/uploads\/2022\/03\/mac-995.10-600x605.jpg 600w, https:\/\/pluginviet.com\/mau1\/wp-content\/uploads\/2022\/03\/mac-995.10-100x100.jpg 100w\" sizes=\"(max-width: 800px) 100vw, 800px\" \/><figcaption id=\"caption-attachment-2698\" class=\"wp-caption-text\">on MAC Powder Kiss Liquid Lipcolour 995 m\u00e0u \u0111\u1ecf tr\u1ea7m<\/figcaption><\/figure>\n<h3>Thi\u1ebft k\u1ebf son MAC Powder Kiss Liquid Lipcolour 995 c\u00f3 g\u00ec \u0111\u1eb7c bi\u1ec7t?<\/h3>\n<p>Nh\u00ecn b\u00ean ngo\u00e0i, thi\u1ebft k\u1ebf\u00a0<b>son MAC Powder Kiss Liquid Lipcolour 995\u00a0<\/b>kh\u00f4ng c\u00f3 g\u00ec qu\u00e1 \u0111\u1eb7c bi\u1ec7t. V\u1eabn gi\u1eef h\u00ecnh d\u1ea1ng vi\u00ean \u0111\u1ea1n bi\u1ec3u t\u01b0\u1ee3ng c\u1ee7a h\u00e3ng. Th\u00e2n son \u0111\u01b0\u1ee3c l\u00e0m b\u1eb1ng nh\u1ef1a l\u00ec trong su\u1ed1t, gi\u00fap d\u1ec5 d\u00e0ng th\u1ea5y \u0111\u01b0\u1ee3c m\u00e0u son. N\u1eafp son \u0111en nh\u00e1m quen thu\u1ed9c.\u00a0<b>Son kem MAC 995\u00a0<\/b>\u0111\u01b0\u1ee3c thi\u1ebft k\u1ebf nh\u1ecf g\u1ecdn d\u1ec5 c\u1ea7m n\u1eafm, d\u1ec5 s\u1eed d\u1ee5ng v\u00e0 mang theo.<\/p>\n<figure id=\"attachment_2699\" aria-describedby=\"caption-attachment-2699\" style=\"width: 800px\" class=\"wp-caption aligncenter\"><img decoding=\"async\" loading=\"lazy\" class=\"wp-image-2699 size-full\" src=\"https:\/\/khomaudep.com\/alvalipstick\/wp-content\/uploads\/2022\/03\/mac-995.11.jpg\" alt=\"\" width=\"800\" height=\"806\" srcset=\"https:\/\/pluginviet.com\/mau1\/wp-content\/uploads\/2022\/03\/mac-995.11.jpg 800w, https:\/\/pluginviet.com\/mau1\/wp-content\/uploads\/2022\/03\/mac-995.11-397x400.jpg 397w, https:\/\/pluginviet.com\/mau1\/wp-content\/uploads\/2022\/03\/mac-995.11-794x800.jpg 794w, https:\/\/pluginviet.com\/mau1\/wp-content\/uploads\/2022\/03\/mac-995.11-768x774.jpg 768w, https:\/\/pluginviet.com\/mau1\/wp-content\/uploads\/2022\/03\/mac-995.11-600x605.jpg 600w, https:\/\/pluginviet.com\/mau1\/wp-content\/uploads\/2022\/03\/mac-995.11-100x100.jpg 100w\" sizes=\"(max-width: 800px) 100vw, 800px\" \/><figcaption id=\"caption-attachment-2699\" class=\"wp-caption-text\">MAC Powder Kiss Liquid Lipcolour<\/figcaption><\/figure>\n<p>\u0110i\u1ec3m \u0111\u1eb7c bi\u1ec7t, trong thi\u1ebft k\u1ebf c\u1ee7a d\u00f2ng Liquid Lipcolour, n\u1eb1m \u1edf ph\u1ea7n \u0111\u1ea7u c\u1ecd \u0111\u01b0\u1ee3c thi\u1ebft l\u1ea1 m\u1eaft. \u0110\u1ea7u c\u1ecd h\u00ecnh \u0111\u1ed3ng h\u1ed3 c\u00e1t, v\u1eeba t\u1ea1o \u0111\u01b0\u1ee3c \u0111i\u1ec3m nh\u1ea5n \u0111\u1eb7c bi\u1ec7t trong t\u00e2m tr\u00ed kh\u00e1ch h\u00e0ng. V\u1eeba gi\u00fap l\u01b0\u1ee3ng son m\u1ed7i l\u1ea7n l\u1ea5y ra \u0111\u01b0\u1ee3c nhi\u1ec1u h\u01a1n.<\/p>\n<h2>Son kem MAC Fashion, Sweetie \u2013 s\u1ef1 l\u1ef1a ch\u1ecdn ho\u00e0n h\u1ea3o cho ph\u00e1i \u0111\u1eb9p<\/h2>\n<p>\u0110\u01b0\u1ee3c \u0111\u00e1nh gi\u00e1 l\u00e0 c\u00e2y son to\u00e0n m\u1ef9, MAC Powder Kiss Liquid Lipcolour s\u1edf h\u1eefu nh\u1eefng \u201ct\u00edn \u0111\u1ed3\u201d trung th\u00e0nh tr\u00ean kh\u1eafp th\u1ebf gi\u1edbi. V\u1ebb \u0111\u1eb9p kh\u00f4ng th\u1ec3 ph\u1ee7 nh\u1eadn b\u1eb1ng \u0111\u1ed9 ph\u1ee7 s\u00f3ng to\u00e0n c\u1ea7u, \u0111\u01b0\u1ee3c c\u00e1c ng\u00f4i sao qu\u1ed1c t\u1ebf h\u00e0ng \u0111\u1ea7u s\u1eed d\u1ee5ng, \u0111\u01b0\u1ee3c c\u00e1c Blogger kh\u00f4ng ti\u1ebfc l\u1eddi c\u00f3 c\u00e1nh cho c\u00e2y son kem th\u1ea7n th\u00e1nh n\u00e0y. Ch\u1ea5t l\u01b0\u1ee3ng son s\u00e1nh ngang nh\u1eefng d\u00f2ng son highend cao c\u1ea5p, nh\u01b0ng gi\u00e1 th\u00e0nh ch\u1ec9 b\u1eb1ng m\u1ed9t n\u1eeda. R\u1ea5t x\u1ee9ng \u0111\u00e1ng \u0111\u01b0\u1ee3c n\u1eb1m trong gi\u1ecf h\u00e0ng \u0111\u00fang kh\u00f4ng n\u00e0o!<\/p>\n<h2 style=\"text-align: right\"><strong>khomaudep.com\/alvalipstick<\/strong><\/h2>\n\n\n<div class=\"kk-star-ratings kksr-auto kksr-align-right kksr-valign-bottom kksr-disabled\"\n    data-payload='{&quot;align&quot;:&quot;right&quot;,&quot;id&quot;:&quot;2687&quot;,&quot;readonly&quot;:&quot;1&quot;,&quot;slug&quot;:&quot;default&quot;,&quot;valign&quot;:&quot;bottom&quot;,&quot;ignore&quot;:&quot;&quot;,&quot;reference&quot;:&quot;auto&quot;,&quot;class&quot;:&quot;&quot;,&quot;count&quot;:&quot;0&quot;,&quot;legendonly&quot;:&quot;&quot;,&quot;score&quot;:&quot;0&quot;,&quot;starsonly&quot;:&quot;&quot;,&quot;best&quot;:&quot;5&quot;,&quot;gap&quot;:&quot;5&quot;,&quot;greet&quot;:&quot;Rate this product&quot;,&quot;legend&quot;:&quot;0\\\/5 - (0 b\\u00ecnh ch\\u1ecdn)&quot;,&quot;size&quot;:&quot;24&quot;,&quot;title&quot;:&quot;Son Kem MAC 995 Fashion, Sweetie \\u0110\\u1ecf Tr\\u1ea7m \\u2013 Powder Kiss Liquid Lipcolour&quot;,&quot;width&quot;:&quot;0&quot;,&quot;_legend&quot;:&quot;{score}\\\/{best} - ({count} {votes})&quot;,&quot;font_factor&quot;:&quot;1.25&quot;}'>\n            \n<div class=\"kksr-stars\">\n    \n<div class=\"kksr-stars-inactive\">\n            <div class=\"kksr-star\" data-star=\"1\" style=\"padding-right: 5px\">\n            \n\n<div class=\"kksr-icon\" style=\"width: 24px; height: 24px;\"><\/div>\n        <\/div>\n            <div class=\"kksr-star\" data-star=\"2\" style=\"padding-right: 5px\">\n            \n\n<div class=\"kksr-icon\" style=\"width: 24px; height: 24px;\"><\/div>\n        <\/div>\n            <div class=\"kksr-star\" data-star=\"3\" style=\"padding-right: 5px\">\n            \n\n<div class=\"kksr-icon\" style=\"width: 24px; height: 24px;\"><\/div>\n        <\/div>\n            <div class=\"kksr-star\" data-star=\"4\" style=\"padding-right: 5px\">\n            \n\n<div class=\"kksr-icon\" style=\"width: 24px; height: 24px;\"><\/div>\n        <\/div>\n            <div class=\"kksr-star\" data-star=\"5\" style=\"padding-right: 5px\">\n            \n\n<div class=\"kksr-icon\" style=\"width: 24px; height: 24px;\"><\/div>\n        <\/div>\n    <\/div>\n    \n<div class=\"kksr-stars-active\" style=\"width: 0px;\">\n            <div class=\"kksr-star\" style=\"padding-right: 5px\">\n            \n\n<div class=\"kksr-icon\" style=\"width: 24px; height: 24px;\"><\/div>\n        <\/div>\n            <div class=\"kksr-star\" style=\"padding-right: 5px\">\n            \n\n<div class=\"kksr-icon\" style=\"width: 24px; height: 24px;\"><\/div>\n        <\/div>\n            <div class=\"kksr-star\" style=\"padding-right: 5px\">\n            \n\n<div class=\"kksr-icon\" style=\"width: 24px; height: 24px;\"><\/div>\n        <\/div>\n            <div class=\"kksr-star\" style=\"padding-right: 5px\">\n            \n\n<div class=\"kksr-icon\" style=\"width: 24px; height: 24px;\"><\/div>\n        <\/div>\n            <div class=\"kksr-star\" style=\"padding-right: 5px\">\n            \n\n<div class=\"kksr-icon\" style=\"width: 24px; height: 24px;\"><\/div>\n        <\/div>\n    <\/div>\n<\/div>\n                \n\n<div class=\"kksr-legend\" style=\"font-size: 19.2px;\">\n            <span class=\"kksr-muted\">Rate this product<\/span>\n    <\/div>\n    <\/div>\n","protected":false},"excerpt":{"rendered":"<p><b>Son kem MAC\u00a0<\/b><b>995<\/b>\u00a0Fashion, Sweetie m\u00e0u \u0111\u1ecf tr\u1ea7m b\u00e1n ch\u1ea1y nh\u1ea5t th\u1ecb tr\u01b0\u1eddng ch\u00e2u \u00c1. Ch\u1ea5t son \u0111\u1eb9p m\u01b0\u1ee3t m\u00e0, ch\u1ee9a c\u00e1c b\u1ed9t ph\u1ea5n li ti l\u1ea5p \u0111\u1ea7y kho\u1ea3ng tr\u1ed1ng ph\u1ea7n r\u00e3nh m\u00f4i k\u00e9m xinh. B\u00ean c\u1ea1nh \u0111\u00f3, son MAC 995 bao g\u1ed3m nhi\u1ec1u d\u01b0\u1ee1ng ch\u1ea5t d\u01b0\u1ee1ng \u1ea9m, th\u1ea5m s\u00e2u v\u00e0o t\u1ea7ng bi\u1ec3u b\u00ec. T\u1ea1o n\u00ean ch\u1ea5t son kem th\u1ea7n th\u00e1nh, si\u00eau l\u00ec nh\u01b0ng kh\u00f4ng g\u00e2y kh\u00f4 m\u00f4i. Son MAC m\u00e0u \u0111\u1ecf tr\u1ea7m l\u00e0 s\u1ef1 k\u1ebft h\u1ee3p ho\u00e0n h\u1ea3o gi\u1eefa s\u1eafc \u0111\u1ecf kh\u00e1 m\u1ea1nh, c\u00f9ng gam m\u00e0u n\u00e2u tr\u1ea7m \u1ea5m. T\u1ea1o ra m\u00e0u son c\u1ef1c trendy, v\u1eeba th\u1eddi th\u01b0\u1ee3ng, v\u1eeba quy\u1ebfn r\u0169, sexy.<\/p>\n<ul>\n<li>Xu\u1ea5t x\u1ee9:\u00a0<b>M\u1ef9<\/b><\/li>\n<li>Th\u01b0\u01a1ng hi\u1ec7u:\u00a0<b>MAC<\/b><\/li>\n<li>B\u1ed9 s\u01b0u t\u1eadp:\u00a0<b>Powder Kiss Liquid Lipcolour<\/b><\/li>\n<li>Dung t\u00edch:\u00a0<b>5ml<\/b><\/li>\n<\/ul>\n","protected":false},"featured_media":2693,"comment_status":"open","ping_status":"closed","template":"","meta":[],"pwb-brand":[274],"product_cat":[15,171],"product_tag":[366,367,368,369,370],"brands":[{"id":274,"name":"MAC","slug":"mac"}],"_links":{"self":[{"href":"https:\/\/pluginviet.com\/mau1\/wp-json\/wp\/v2\/product\/2687"}],"collection":[{"href":"https:\/\/pluginviet.com\/mau1\/wp-json\/wp\/v2\/product"}],"about":[{"href":"https:\/\/pluginviet.com\/mau1\/wp-json\/wp\/v2\/types\/product"}],"replies":[{"embeddable":true,"href":"https:\/\/pluginviet.com\/mau1\/wp-json\/wp\/v2\/comments?post=2687"}],"wp:featuredmedia":[{"embeddable":true,"href":"https:\/\/pluginviet.com\/mau1\/wp-json\/wp\/v2\/media\/2693"}],"wp:attachment":[{"href":"https:\/\/pluginviet.com\/mau1\/wp-json\/wp\/v2\/media?parent=2687"}],"wp:term":[{"taxonomy":"pwb-brand","embeddable":true,"href":"https:\/\/pluginviet.com\/mau1\/wp-json\/wp\/v2\/pwb-brand?post=2687"},{"taxonomy":"product_cat","embeddable":true,"href":"https:\/\/pluginviet.com\/mau1\/wp-json\/wp\/v2\/product_cat?post=2687"},{"taxonomy":"product_tag","embeddable":true,"href":"https:\/\/pluginviet.com\/mau1\/wp-json\/wp\/v2\/product_tag?post=2687"}],"curies":[{"name":"wp","href":"https:\/\/api.w.org\/{rel}","templated":true}]}}