{"id":2667,"date":"2022-03-16T09:37:38","date_gmt":"2022-03-16T09:37:38","guid":{"rendered":"https:\/\/khomaudep.com\/alvalipstick\/?post_type=product&#038;p=2667"},"modified":"2022-04-05T04:04:35","modified_gmt":"2022-04-05T04:04:35","slug":"son-dior-velvet-840-rayonnate-do-gach-moi-nhat","status":"publish","type":"product","link":"https:\/\/pluginviet.com\/mau1\/san-pham\/son-dior-velvet-840-rayonnate-do-gach-moi-nhat\/","title":{"rendered":"Son Dior Velvet 840 Rayonnate \u2013 \u0110\u1ecf G\u1ea1ch M\u1edaI NH\u1ea4T"},"content":{"rendered":"<h2>Son Dior Velvet 840 Rayonnate \u2013 \u0110\u1ecf G\u1ea1ch M\u1edaI NH\u1ea4T Dior Rouge Velvet<\/h2>\n<h3>Dior Rouge Velvet 840<\/h3>\n<p>Trong b\u1ea3ng m\u00e0u Dior \u201cchanh s\u1ea3\u201d, Dior 840 Rayonnate ch\u00ednh l\u00e0 m\u1ed9t trong nh\u1eefng \u201cn\u00e0ng th\u01a1\u201d m\u00e0 m\u1ecdi t\u00edn \u0111\u1ed3 m\u1ed9 \u0111i\u1ec7u say \u0111\u1eafm. M\u00e0u son m\u1edbi kho\u00e1c l\u00ean m\u00ecnh di\u1ec7n m\u1ea1o c\u0169ng m\u1edbi m\u1ebb h\u01a1n h\u1eb3n. V\u1eabn l\u00e0 Rouge Dior nh\u01b0ng n\u00e2ng c\u1ea5p ch\u1ea5t son th\u00e0nh Velvet, khi\u1ebfn b\u1edd m\u00f4i m\u1ec1m m\u1ea1i nh\u01b0 nhung. C\u1ef1c ph\u1ea9m xu\u1ea5t s\u1eafc, nh\u1ea5t \u0111\u1ecbnh m\u1ecdi c\u00f4 n\u00e0ng \u0111\u1ec1u n\u00ean c\u00f3 trong t\u1ee7 \u0111\u1ed3, ch\u00ednh l\u00e0\u00a0<strong>son Dior 840\u00a0<\/strong>M\u1edaI NH\u1ea4T n\u00e0y!<\/p>\n<figure id=\"attachment_2668\" aria-describedby=\"caption-attachment-2668\" style=\"width: 800px\" class=\"wp-caption aligncenter\"><img decoding=\"async\" loading=\"lazy\" class=\"wp-image-2668 size-full\" src=\"https:\/\/khomaudep.com\/alvalipstick\/wp-content\/uploads\/2022\/03\/dior840.1.jpg\" alt=\"\" width=\"800\" height=\"736\" srcset=\"https:\/\/pluginviet.com\/mau1\/wp-content\/uploads\/2022\/03\/dior840.1.jpg 800w, https:\/\/pluginviet.com\/mau1\/wp-content\/uploads\/2022\/03\/dior840.1-435x400.jpg 435w, https:\/\/pluginviet.com\/mau1\/wp-content\/uploads\/2022\/03\/dior840.1-768x707.jpg 768w, https:\/\/pluginviet.com\/mau1\/wp-content\/uploads\/2022\/03\/dior840.1-600x552.jpg 600w\" sizes=\"(max-width: 800px) 100vw, 800px\" \/><figcaption id=\"caption-attachment-2668\" class=\"wp-caption-text\">Dior 840 Rayonnate Velvet l\u00e0 phi\u00ean b\u1ea3n Dior m\u1edbi nh\u1ea5t<\/figcaption><\/figure>\n<h2>\u201cN\u1eef th\u1ea7n\u201d th\u1ebf h\u1ec7 m\u1edbi c\u1ee7a Dior, v\u1eabn l\u00e0 son Dior 840 Rayonnate nh\u01b0ng l\u1ea1i l\u00e0 Rouge Velvet<\/h2>\n<h3>\u0110\u1ece G\u1ea0CH pha cam ch\u00e1y l\u00e0 m\u00e0u son Dior Velvet 840 Rayonnate Velvet<\/h3>\n<figure id=\"attachment_2670\" aria-describedby=\"caption-attachment-2670\" style=\"width: 800px\" class=\"wp-caption aligncenter\"><img decoding=\"async\" loading=\"lazy\" class=\"wp-image-2670 size-full\" src=\"https:\/\/khomaudep.com\/alvalipstick\/wp-content\/uploads\/2022\/03\/dior840.3.jpg\" alt=\"\" width=\"800\" height=\"823\" srcset=\"https:\/\/pluginviet.com\/mau1\/wp-content\/uploads\/2022\/03\/dior840.3.jpg 800w, https:\/\/pluginviet.com\/mau1\/wp-content\/uploads\/2022\/03\/dior840.3-389x400.jpg 389w, https:\/\/pluginviet.com\/mau1\/wp-content\/uploads\/2022\/03\/dior840.3-778x800.jpg 778w, https:\/\/pluginviet.com\/mau1\/wp-content\/uploads\/2022\/03\/dior840.3-768x790.jpg 768w, https:\/\/pluginviet.com\/mau1\/wp-content\/uploads\/2022\/03\/dior840.3-600x617.jpg 600w\" sizes=\"(max-width: 800px) 100vw, 800px\" \/><figcaption id=\"caption-attachment-2670\" class=\"wp-caption-text\">Dior 840 Rayonnate Velvet t\u00f4n l\u00ean m\u1ecdi s\u1eafc da<\/figcaption><\/figure>\n<p>\u0110\u01b0\u1ee3c m\u00f4 t\u1ea3 l\u00e0\u00a0<em>Deep Brick Red<\/em>,\u00a0<strong>Dior m\u00e0u 840\u00a0<\/strong>l\u00e0 n\u00e9t ch\u1ea5m ph\u00e1 m\u1edbi m\u00e0 Dior mang \u0111\u1ebfn. \u0110\u1ecf g\u1ea1ch nh\u01b0ng l\u1ea1i ch\u1eb3ng b\u1ecb \u0111\u1eadm m\u00e0u qu\u00e1. Son gi\u1eef \u0111\u01b0\u1ee3c s\u1ef1 t\u01b0\u01a1i s\u00e1ng, tr\u1ebb trung v\u00e0 thu h\u00fat c\u1ee7a t\u00f4ng cam. Ph\u00e1i \u0111\u1eb9p hi\u1ec7n \u0111\u1ea1i ng\u00e0y c\u00e0ng m\u00ea ki\u1ec3u son pha n\u00e2u \u0111\u1ea5t nh\u01b0 n\u00e0y. M\u00f4i chu\u1ea9n th\u1eddi th\u01b0\u1ee3ng m\u00e0 kh\u00ed ch\u1ea5t c\u0169ng \u0111\u01b0\u1ee3c n\u00e2ng t\u1ea7m. B\u00e0n v\u1ec1 \u0111\u1ed9 t\u00f4n da th\u00ec d\u01b0\u1eddng nh\u01b0\u00a0<strong>son Dior Rayonnate Velvet\u00a0<\/strong>kh\u00f4ng c\u00f3 \u0111\u1ed1i th\u1ee7.<\/p>\n<figure id=\"attachment_2674\" aria-describedby=\"caption-attachment-2674\" style=\"width: 800px\" class=\"wp-caption aligncenter\"><img decoding=\"async\" loading=\"lazy\" class=\"wp-image-2674 size-full\" src=\"https:\/\/khomaudep.com\/alvalipstick\/wp-content\/uploads\/2022\/03\/dior840.6.jpg\" alt=\"\" width=\"800\" height=\"533\" srcset=\"https:\/\/pluginviet.com\/mau1\/wp-content\/uploads\/2022\/03\/dior840.6.jpg 800w, https:\/\/pluginviet.com\/mau1\/wp-content\/uploads\/2022\/03\/dior840.6-600x400.jpg 600w, https:\/\/pluginviet.com\/mau1\/wp-content\/uploads\/2022\/03\/dior840.6-768x512.jpg 768w\" sizes=\"(max-width: 800px) 100vw, 800px\" \/><figcaption id=\"caption-attachment-2674\" class=\"wp-caption-text\">Dior Velvet 840 Rayonnate sang x\u1ecbn<\/figcaption><\/figure>\n<h3>Ngo\u1ea1i h\u00ecnh chanh x\u1ea3 c\u1ee7a son Dior 840 Rayonnate Velvet v\u1edbi nh\u1eefng d\u1ea5u \u1ea5n m\u1edbi<\/h3>\n<p>Hi\u1ec7n \u0111\u1ea1i v\u00e0 sang tr\u1ecdng h\u01a1n bao gi\u1edd h\u1ebft, phi\u00ean b\u1ea3n\u00a0<strong>son Rouge Dior\u00a0Velvet 840 Rayonnate\u00a0<\/strong>m\u1edbi \u0111\u01b0\u1ee3c \u0111i\u1ec3m t\u00f4 d\u1ea5u \u1ea5n m\u1edbi tr\u00ean th\u00e2n son, \u0111\u00f3 l\u00e0 bi\u1ec3u t\u01b0\u1ee3ng CD m\u1ea1 b\u1ea1c. Ti\u1ebfng vang c\u1ee7a Christian Dior c\u0169ng g\u1eafn li\u1ec1n v\u1edbi logo huy\u1ec1n tho\u1ea1i n\u00e0y. T\u1ea1o \u0111i\u1ec3m nh\u1ea5n cho son \u1edf ph\u1ea7n m\u1ed9t c\u00e1ch h\u00e0i h\u00f2a, v\u1eeba v\u1eb7n khi\u1ebfn m\u00e0n \u201cl\u00ean s\u00f3ng\u201d c\u1ee7a\u00a0<strong>son Dior Velvet 840 Rayonnate\u00a0<\/strong>\u0111\u1ea7y huy ho\u00e0ng v\u00e0 thu h\u00fat. Son v\u1eabn gi\u1eef nh\u1eefng \u01b0u \u0111i\u1ec3m c\u0169 v\u1ec1 thi\u1ebft k\u1ebf c\u1ee7a d\u00f2ng Rouge Dior.<\/p>\n<figure id=\"attachment_2672\" aria-describedby=\"caption-attachment-2672\" style=\"width: 800px\" class=\"wp-caption aligncenter\"><img decoding=\"async\" loading=\"lazy\" class=\"wp-image-2672 size-full\" src=\"https:\/\/khomaudep.com\/alvalipstick\/wp-content\/uploads\/2022\/03\/dior840.5.jpg\" alt=\"\" width=\"800\" height=\"533\" srcset=\"https:\/\/pluginviet.com\/mau1\/wp-content\/uploads\/2022\/03\/dior840.5.jpg 800w, https:\/\/pluginviet.com\/mau1\/wp-content\/uploads\/2022\/03\/dior840.5-600x400.jpg 600w, https:\/\/pluginviet.com\/mau1\/wp-content\/uploads\/2022\/03\/dior840.5-768x512.jpg 768w\" sizes=\"(max-width: 800px) 100vw, 800px\" \/><figcaption id=\"caption-attachment-2672\" class=\"wp-caption-text\">Dior 840 l\u00e0 b\u1ea3n c\u00f3 th\u1ec3 thay l\u00f5i<\/figcaption><\/figure>\n<h3>Phi\u00ean b\u1ea3n Dior Refillable \u2013 Dior 840 Rayonnate thay l\u00f5i<\/h3>\n<p><em>Beauty, loyalty and sustainability\u00a0<\/em>\u2013 v\u1ebb \u0111\u1eb9p, l\u00f2ng trung th\u00e0nh v\u00e0 gi\u00e1 tr\u1ecb b\u1ec1n v\u1eefng \u2013 \u0111\u00f3 l\u00e0 nh\u1eefng \u0111i\u1ec1u m\u00e0 Dior n\u00f3i v\u1ec1 d\u00f2ng Rouge Dior m\u1edbi nh\u1ea5t n\u00e0y. H\u00e3ng \u00e1p d\u1ee5ng ph\u01b0\u01a1ng ph\u00e1p qu\u1ea3ng b\u00e1 son m\u00f4i mang t\u00ednh th\u00e2n thi\u1ec7n v\u1edbi m\u00f4i tr\u01b0\u1eddng h\u01a1n, th\u00f4ng qua c\u00e1c bi\u1ec3u t\u01b0\u1ee3ng son m\u00f4i kinh \u0111i\u1ec3n. Son l\u00e0m d\u01b0\u1edbi d\u1ea1ng refill, t\u1ee9c l\u00e0 m\u1ed9t th\u1ecfi \u0111\u1ea5y c\u00f3 th\u1ec3 thay th\u1ebf \u0111\u01b0\u1ee3c nhi\u1ec1u m\u00e0u son t\u00f9y th\u00edch. V\u1eabn l\u00e0 v\u1ecf ngo\u00e0i h\u00e0o nho\u00e1ng \u1ea5y, d\u00f9ng h\u1ebft\u00a0<strong>son Dior 840 Rayonnate\u00a0<\/strong>th\u00ec ho\u00e0n to\u00e0n c\u00f3 th\u1ec3 mua l\u00f5i \u0111\u1ec3 refill th\u1ecfi kh\u00e1c v\u00e0o!<\/p>\n<figure id=\"attachment_2671\" aria-describedby=\"caption-attachment-2671\" style=\"width: 800px\" class=\"wp-caption aligncenter\"><img decoding=\"async\" loading=\"lazy\" class=\"wp-image-2671 size-full\" src=\"https:\/\/khomaudep.com\/alvalipstick\/wp-content\/uploads\/2022\/03\/dior840.4.jpg\" alt=\"\" width=\"800\" height=\"800\" srcset=\"https:\/\/pluginviet.com\/mau1\/wp-content\/uploads\/2022\/03\/dior840.4.jpg 800w, https:\/\/pluginviet.com\/mau1\/wp-content\/uploads\/2022\/03\/dior840.4-400x400.jpg 400w, https:\/\/pluginviet.com\/mau1\/wp-content\/uploads\/2022\/03\/dior840.4-280x280.jpg 280w, https:\/\/pluginviet.com\/mau1\/wp-content\/uploads\/2022\/03\/dior840.4-768x768.jpg 768w, https:\/\/pluginviet.com\/mau1\/wp-content\/uploads\/2022\/03\/dior840.4-600x600.jpg 600w, https:\/\/pluginviet.com\/mau1\/wp-content\/uploads\/2022\/03\/dior840.4-100x100.jpg 100w\" sizes=\"(max-width: 800px) 100vw, 800px\" \/><figcaption id=\"caption-attachment-2671\" class=\"wp-caption-text\">C\u1eadn c\u1ea3nh Dior m\u00e0u 840<\/figcaption><\/figure>\n<h3>Velvet \u2013 ch\u1ea5t son n\u00e2ng t\u1ea7m \u0111\u1eb3ng c\u1ea5p c\u1ee7a Dior Velvet 840 Rayonnate<\/h3>\n<p>Nh\u00ecn tr\u00ean th\u1ecfi \u0111\u00e3 \u0111\u1ee7 th\u1ea5y \u0111\u01b0\u1ee3c \u0111\u1ed9 l\u00ec chu\u1ea9n VELVET c\u1ee7a\u00a0<strong>Dior m\u00e0u 840 Rayonnate\u00a0<\/strong>n\u00e0y. Son kh\u00f4ng c\u00f3 m\u1ed9t ch\u00fat b\u00f3ng, c\u00f3 \u0111\u1ed9 b\u1ed9t m\u1ecbn, l\u01b0\u1edbt nh\u1eb9 nh\u01b0 nhung. \u0110\u00e2y l\u00e0 ki\u1ec3u son l\u00ec \u201ch\u00ecnh m\u1eabu l\u00fd t\u01b0\u1edfng\u201d m\u00e0 m\u1ecdi brand hi-end \u0111\u1ec1u h\u01b0\u1edbng \u0111\u1ebfn. Thoa son m\u00e0 c\u1ea3m gi\u00e1c nh\u01b0 kh\u00f4ng, ch\u1eb3ng ch\u00fat b\u1ebft d\u00ednh hay n\u1eb7ng m\u00f4i.\u00a0<strong>Son Dior Velvet 840 Rayonnate\u00a0<\/strong>\u0111\u1ec9nh \u1edf ch\u1ed7 ph\u1ee7 cho b\u1edd m\u00f4i s\u1ef1 quy\u1ebfn r\u0169 \u0111\u1ebfn m\u1ee9c kh\u00f3 c\u01b0\u1ee1ng nh\u1edd k\u1ebft c\u1ea5u m\u1ecbn \u0111\u1eb9p.<\/p>\n<h3>Th\u00e0nh ph\u1ea7n son Dior Rouge Velvet 840 Rayonnate c\u00f3 g\u00ec, \u0111\u1ed9 b\u1ec1n m\u00e0u ra sao?<\/h3>\n<p>D\u00f9 l\u00e0 ch\u1ea5t l\u00ec velvet th\u00ec\u00a0<strong>Dior 840 Rayonnate\u00a0<\/strong>v\u1eabn c\u01b0ng n\u1ef1ng b\u1edd m\u00f4i tuy\u1ec7t \u0111\u1ed1i. Son chi\u1ebft xu\u1ea5t t\u1eeb hoa m\u1eabu \u0111\u01a1n, hoa l\u1ef1a, b\u01a1 h\u1ea1t m\u1ee1\u2026 ho\u00e0n to\u00e0n t\u1ef1 nhi\u00ean. H\u00e3ng nh\u1ea5n m\u1ea1nh v\u00e0o kh\u1ea3 n\u0103ng b\u1ec1n m\u00e0u c\u1ee7a th\u1ecfi\u00a0<strong>son Dior Rouge Velvet\u00a0<\/strong>n\u00e0y \u2013 con s\u1ed1 l\u00ean t\u1edbi 16 gi\u1edd li\u1ec1n.<\/p>\n<figure id=\"attachment_2669\" aria-describedby=\"caption-attachment-2669\" style=\"width: 800px\" class=\"wp-caption aligncenter\"><img decoding=\"async\" loading=\"lazy\" class=\"wp-image-2669 size-full\" src=\"https:\/\/khomaudep.com\/alvalipstick\/wp-content\/uploads\/2022\/03\/dior840.2.jpg\" alt=\"\" width=\"800\" height=\"533\" srcset=\"https:\/\/pluginviet.com\/mau1\/wp-content\/uploads\/2022\/03\/dior840.2.jpg 800w, https:\/\/pluginviet.com\/mau1\/wp-content\/uploads\/2022\/03\/dior840.2-600x400.jpg 600w, https:\/\/pluginviet.com\/mau1\/wp-content\/uploads\/2022\/03\/dior840.2-768x512.jpg 768w\" sizes=\"(max-width: 800px) 100vw, 800px\" \/><figcaption id=\"caption-attachment-2669\" class=\"wp-caption-text\">Rouge Dior 840 b\u1ec1n m\u00e0u<\/figcaption><\/figure>\n<p>Rouge Dior \u0111\u1ed5i m\u1edbi v\u1edbi c\u00f4ng th\u1ee9c s\u00e1ng t\u1ea1o cho m\u00e0u s\u1eafc th\u1eddi trang v\u00e0 cao c\u1ea5p h\u01a1n. Son chu\u1ea9n m\u00e0u v\u00e0 c\u00f3 \u0111\u1ed9 r\u1ea1ng r\u1ee1 h\u01a1n. Th\u00e0nh ph\u1ea7n d\u01b0\u1ee1ng chuy\u00ean s\u00e2u gi\u00fap m\u00f4i lu\u00f4n m\u1ec1m m\u1ea1i v\u00e0 m\u1ecbn m\u00e0ng. Son ph\u1ee7 l\u00ean r\u00e3nh m\u00f4i, tan \u0111\u1ec1u sau khi ch\u1ea1m v\u00e0o da.<\/p>\n<h2>Ch\u1ea1m \u0111\u1ebfn s\u1ef1 ho\u00e0n m\u0129 v\u1edbi Dior m\u00e0u 840 Rayonnate Velvet<\/h2>\n<p>Phi\u00ean b\u1ea3n\u00a0<strong>Dior 840 Rayonnate\u00a0<\/strong>m\u1edbi n\u00e0y x\u1ee9ng danh x\u1ebfp v\u00e0o top son must-have trong n\u0103m t\u1edbi. T\u1eeb m\u00e0u son huy\u1ec1n tho\u1ea1i \u0111\u01b0\u1ee3c \u201ct\u00e1i b\u1ea3n\u201d v\u1edbi k\u1ebft c\u1ea5u velvet \u1ea3o di\u1ec7u, v\u1edbi ngo\u1ea1i h\u00ecnh thu h\u00fat h\u01a1n. Kh\u1edfi \u0111\u1ed9ng n\u0103m m\u1edbi v\u1edbi th\u1ecfi\u00a0<strong>son Dior m\u00e0u \u0111\u1ecf g\u1ea1ch<\/strong>\u00a0\u0111\u1eb9p n\u00e1 th\u1edf n\u00e0y th\u00f4i n\u00e0ng!<\/p>\n<h2 style=\"text-align: right\"><strong>khomaudep.com\/alvalipstick<\/strong><\/h2>\n\n\n<div class=\"kk-star-ratings kksr-auto kksr-align-right kksr-valign-bottom kksr-disabled\"\n    data-payload='{&quot;align&quot;:&quot;right&quot;,&quot;id&quot;:&quot;2667&quot;,&quot;readonly&quot;:&quot;1&quot;,&quot;slug&quot;:&quot;default&quot;,&quot;valign&quot;:&quot;bottom&quot;,&quot;ignore&quot;:&quot;&quot;,&quot;reference&quot;:&quot;auto&quot;,&quot;class&quot;:&quot;&quot;,&quot;count&quot;:&quot;0&quot;,&quot;legendonly&quot;:&quot;&quot;,&quot;score&quot;:&quot;0&quot;,&quot;starsonly&quot;:&quot;&quot;,&quot;best&quot;:&quot;5&quot;,&quot;gap&quot;:&quot;5&quot;,&quot;greet&quot;:&quot;Rate this product&quot;,&quot;legend&quot;:&quot;0\\\/5 - (0 b\\u00ecnh ch\\u1ecdn)&quot;,&quot;size&quot;:&quot;24&quot;,&quot;title&quot;:&quot;Son Dior Velvet 840 Rayonnate \\u2013 \\u0110\\u1ecf G\\u1ea1ch M\\u1edaI NH\\u1ea4T&quot;,&quot;width&quot;:&quot;0&quot;,&quot;_legend&quot;:&quot;{score}\\\/{best} - ({count} {votes})&quot;,&quot;font_factor&quot;:&quot;1.25&quot;}'>\n            \n<div class=\"kksr-stars\">\n    \n<div class=\"kksr-stars-inactive\">\n            <div class=\"kksr-star\" data-star=\"1\" style=\"padding-right: 5px\">\n            \n\n<div class=\"kksr-icon\" style=\"width: 24px; height: 24px;\"><\/div>\n        <\/div>\n            <div class=\"kksr-star\" data-star=\"2\" style=\"padding-right: 5px\">\n            \n\n<div class=\"kksr-icon\" style=\"width: 24px; height: 24px;\"><\/div>\n        <\/div>\n            <div class=\"kksr-star\" data-star=\"3\" style=\"padding-right: 5px\">\n            \n\n<div class=\"kksr-icon\" style=\"width: 24px; height: 24px;\"><\/div>\n        <\/div>\n            <div class=\"kksr-star\" data-star=\"4\" style=\"padding-right: 5px\">\n            \n\n<div class=\"kksr-icon\" style=\"width: 24px; height: 24px;\"><\/div>\n        <\/div>\n            <div class=\"kksr-star\" data-star=\"5\" style=\"padding-right: 5px\">\n            \n\n<div class=\"kksr-icon\" style=\"width: 24px; height: 24px;\"><\/div>\n        <\/div>\n    <\/div>\n    \n<div class=\"kksr-stars-active\" style=\"width: 0px;\">\n            <div class=\"kksr-star\" style=\"padding-right: 5px\">\n            \n\n<div class=\"kksr-icon\" style=\"width: 24px; height: 24px;\"><\/div>\n        <\/div>\n            <div class=\"kksr-star\" style=\"padding-right: 5px\">\n            \n\n<div class=\"kksr-icon\" style=\"width: 24px; height: 24px;\"><\/div>\n        <\/div>\n            <div class=\"kksr-star\" style=\"padding-right: 5px\">\n            \n\n<div class=\"kksr-icon\" style=\"width: 24px; height: 24px;\"><\/div>\n        <\/div>\n            <div class=\"kksr-star\" style=\"padding-right: 5px\">\n            \n\n<div class=\"kksr-icon\" style=\"width: 24px; height: 24px;\"><\/div>\n        <\/div>\n            <div class=\"kksr-star\" style=\"padding-right: 5px\">\n            \n\n<div class=\"kksr-icon\" style=\"width: 24px; height: 24px;\"><\/div>\n        <\/div>\n    <\/div>\n<\/div>\n                \n\n<div class=\"kksr-legend\" style=\"font-size: 19.2px;\">\n            <span class=\"kksr-muted\">Rate this product<\/span>\n    <\/div>\n    <\/div>\n","protected":false},"excerpt":{"rendered":"<p><strong>Son Dior 840 Rayonnate Velvet\u00a0<\/strong>l\u00e0 t\u00f4ng \u0111\u1ecf g\u1ea1ch m\u00e0 m\u1ecdi c\u00f4 n\u00e0ng \u0111\u1ec1u m\u00ea m\u1ea9n. Son t\u00f4n da, k\u1ebft c\u1ea5u Velvet m\u1edbi nh\u1ea5t, \u0111\u01b0\u1ee3c c\u1ea3i ti\u1ebfn t\u1eeb b\u1ea3n matte \u0111\u00ecnh \u0111\u00e1m tr\u01b0\u1edbc \u0111\u00f3. Thoa son l\u00ean m\u00f4i th\u1ea5y h\u1ea1t m\u00e0u tan m\u1ed9t c\u00e1ch m\u1ec1m m\u1ecbn. Son Dior Velvet 840 \u0111\u1eb7c bi\u1ec7t \u1edf th\u00e2n son logo CD sang ch\u1ea3nh, l\u00f5i son c\u00f3 th\u1ec3 refill.<\/p>\n<ul>\n<li>Th\u01b0\u01a1ng hi\u1ec7u:\u00a0<strong>Christian Dior<\/strong><\/li>\n<li>Xu\u1ea5t x\u1ee9:\u00a0<strong>Ph\u00e1p<\/strong><\/li>\n<li>D\u00f2ng:\u00a0<strong>Rouge Dior NEW<\/strong><\/li>\n<\/ul>\n","protected":false},"featured_media":2673,"comment_status":"open","ping_status":"closed","template":"","meta":[],"pwb-brand":[306],"product_cat":[15,171],"product_tag":[354,355,356,357,358,359],"brands":[{"id":306,"name":"Dior","slug":"dior"}],"_links":{"self":[{"href":"https:\/\/pluginviet.com\/mau1\/wp-json\/wp\/v2\/product\/2667"}],"collection":[{"href":"https:\/\/pluginviet.com\/mau1\/wp-json\/wp\/v2\/product"}],"about":[{"href":"https:\/\/pluginviet.com\/mau1\/wp-json\/wp\/v2\/types\/product"}],"replies":[{"embeddable":true,"href":"https:\/\/pluginviet.com\/mau1\/wp-json\/wp\/v2\/comments?post=2667"}],"wp:featuredmedia":[{"embeddable":true,"href":"https:\/\/pluginviet.com\/mau1\/wp-json\/wp\/v2\/media\/2673"}],"wp:attachment":[{"href":"https:\/\/pluginviet.com\/mau1\/wp-json\/wp\/v2\/media?parent=2667"}],"wp:term":[{"taxonomy":"pwb-brand","embeddable":true,"href":"https:\/\/pluginviet.com\/mau1\/wp-json\/wp\/v2\/pwb-brand?post=2667"},{"taxonomy":"product_cat","embeddable":true,"href":"https:\/\/pluginviet.com\/mau1\/wp-json\/wp\/v2\/product_cat?post=2667"},{"taxonomy":"product_tag","embeddable":true,"href":"https:\/\/pluginviet.com\/mau1\/wp-json\/wp\/v2\/product_tag?post=2667"}],"curies":[{"name":"wp","href":"https:\/\/api.w.org\/{rel}","templated":true}]}}