{"id":2654,"date":"2022-03-16T08:33:08","date_gmt":"2022-03-16T08:33:08","guid":{"rendered":"https:\/\/khomaudep.com\/alvalipstick\/?post_type=product&#038;p=2654"},"modified":"2022-03-25T08:36:18","modified_gmt":"2022-03-25T08:36:18","slug":"son-tom-ford-02-libertine-hong-dat-lip-color","status":"publish","type":"product","link":"https:\/\/pluginviet.com\/mau1\/san-pham\/son-tom-ford-02-libertine-hong-dat-lip-color\/","title":{"rendered":"Son Tom Ford 02 Libertine H\u1ed3ng \u0110\u1ea5t \u2013 Lip Color"},"content":{"rendered":"<h2>Son Tom Ford 02 \u2013 Son Tom Ford Libertine M\u00e0u H\u1ed3ng \u0110\u1ea5t<\/h2>\n<h3>Son Tom Ford 02<\/h3>\n<p>M\u1ed9t trong nh\u1eefng d\u00f2ng son Tom Ford chi\u1ebfm \u0111\u01b0\u1ee3c c\u1ea3m t\u00ecnh t\u1eeb ph\u00e1i \u0111\u1eb9p nh\u1ea5t, ch\u00ednh l\u00e0 d\u00f2ng Lip Color. Son \u0111en vi\u1ec1n v\u00e0ng vu\u00f4ng v\u1eafn, sang ch\u1ea3nh t\u1ef1 bao gi\u1edd \u0111\u00e3 tr\u1edf th\u00e0nh bi\u1ec3u t\u01b0\u1ee3ng c\u1ee7a s\u1ef1 th\u1eddi trang, s\u00e0nh \u0111i\u1ec7u trong gi\u1edbi son m\u00f4i. Tom Ford ra m\u1eaft bao si\u00eau ph\u1ea9m, trong \u0111\u00f3 c\u00f3 bao c\u00e1i t\u00ean \u0111\u1ebfn t\u1eeb BST Lip Color. D\u00f2ng son l\u00ec c\u00f3 d\u01b0\u1ee1ng huy\u1ec1n tho\u1ea1i v\u1edbi gia t\u00e0i kh\u1ee7ng, cho m\u00f4i m\u1ecdng \u0111\u1eb9p tuy\u1ec7t \u0111\u1ed1i. M\u1ed9t trong nh\u1eefng nh\u00e2n t\u1ed1 m\u1edbi nh\u1ea5t \u0111\u01b0\u1ee3c h\u00e3ng b\u1ed5 sung v\u00e0o BST ch\u00ednh l\u00e0\u00a0<strong>son Tom Ford 02<\/strong>. H\u1ed3ng \u0111\u1ea5t hot trend, h\u1ee9a h\u1eb9n khuynh \u0111\u1ea3o gi\u1edbi m\u1ed9 \u0111i\u1ec7u.<\/p>\n<figure id=\"attachment_2655\" aria-describedby=\"caption-attachment-2655\" style=\"width: 800px\" class=\"wp-caption aligncenter\"><img decoding=\"async\" loading=\"lazy\" class=\"wp-image-2655 size-full\" src=\"https:\/\/khomaudep.com\/alvalipstick\/wp-content\/uploads\/2022\/03\/tf02.1.jpg\" alt=\"\" width=\"800\" height=\"735\" srcset=\"https:\/\/pluginviet.com\/mau1\/wp-content\/uploads\/2022\/03\/tf02.1.jpg 800w, https:\/\/pluginviet.com\/mau1\/wp-content\/uploads\/2022\/03\/tf02.1-435x400.jpg 435w, https:\/\/pluginviet.com\/mau1\/wp-content\/uploads\/2022\/03\/tf02.1-768x706.jpg 768w, https:\/\/pluginviet.com\/mau1\/wp-content\/uploads\/2022\/03\/tf02.1-600x551.jpg 600w\" sizes=\"(max-width: 800px) 100vw, 800px\" \/><figcaption id=\"caption-attachment-2655\" class=\"wp-caption-text\">Tom Ford 02 Libertine \u0111\u1ebfn t\u1eeb d\u00f2ng Lip Color<\/figcaption><\/figure>\n<h3>\u0110\u00f4i n\u00e9t v\u1ec1 son Tom Ford Libertine v\u00e0 d\u00f2ng Lip Color<\/h3>\n<p>Tom Ford \u0111\u01b0\u1ee3c t\u1ea1o n\u00ean b\u1edfi Thomas Carlyle Tom Ford. \u00d4ng t\u1eebng l\u00e0 gi\u00e1m \u0111\u1ed1c s\u00e1ng t\u1ea1o c\u1ee7a Gucci, r\u1ed3i sau \u0111\u00f3 m\u1edbi t\u1ef1 t\u1ea1o n\u00ean d\u1ea5u \u1ea5n t\u00e0i ba cho m\u00ecnh b\u1eb1ng th\u01b0\u01a1ng hi\u1ec7u ri\u00eang. Nh\u1eafc \u0111\u1ebfn Tom Ford l\u00e0 k\u1ec3 v\u1ec1 m\u1ed9t th\u01b0\u01a1ng hi\u1ec7u th\u1eddi trang, m\u1ef9 ph\u1ea9m v\u00f4 c\u00f9ng th\u1eddi th\u01b0\u1ee3ng, cao c\u1ea5p, trong \u0111\u00f3 son Tom Ford ch\u00ednh l\u00e0 tuy\u1ec7t ph\u1ea9m kh\u00f4ng th\u1ec3 b\u1ecf l\u1ee1.<\/p>\n<figure id=\"attachment_2657\" aria-describedby=\"caption-attachment-2657\" style=\"width: 800px\" class=\"wp-caption aligncenter\"><img decoding=\"async\" loading=\"lazy\" class=\"wp-image-2657 size-full\" src=\"https:\/\/khomaudep.com\/alvalipstick\/wp-content\/uploads\/2022\/03\/tf02.3.jpg\" alt=\"\" width=\"800\" height=\"1023\" srcset=\"https:\/\/pluginviet.com\/mau1\/wp-content\/uploads\/2022\/03\/tf02.3.jpg 800w, https:\/\/pluginviet.com\/mau1\/wp-content\/uploads\/2022\/03\/tf02.3-313x400.jpg 313w, https:\/\/pluginviet.com\/mau1\/wp-content\/uploads\/2022\/03\/tf02.3-626x800.jpg 626w, https:\/\/pluginviet.com\/mau1\/wp-content\/uploads\/2022\/03\/tf02.3-768x982.jpg 768w, https:\/\/pluginviet.com\/mau1\/wp-content\/uploads\/2022\/03\/tf02.3-600x767.jpg 600w\" sizes=\"(max-width: 800px) 100vw, 800px\" \/><figcaption id=\"caption-attachment-2657\" class=\"wp-caption-text\">C\u1eadn \u1ea3nh son TF 02 m\u1edbi<\/figcaption><\/figure>\n<p>Son TF xa x\u1ec9, nh\u01b0ng \u0111\u00e1ng rinh c\u1ef1c k\u1ef3. Nh\u1eefng m\u00e0u son c\u1ee7a h\u00e3ng \u0111\u1ec1u danh gi\u00e1 c\u1ea3. M\u1ed9t trong nh\u1eefng BST \u0111\u01b0\u1ee3c s\u0103n \u0111\u00f3n nh\u1ea5t kh\u00f4ng g\u00ec kh\u00e1c ch\u00ednh l\u00e0 Lip Color \u2013 d\u00f2ng son l\u00ec c\u00f3 d\u01b0\u1ee1ng \u0111\u1ec9nh nh\u1ea5t m\u1ecdi th\u1eddi \u0111\u1ea1i, cho b\u1edd m\u00f4i c\u0103ng tr\u00e0n quy\u1ebfn r\u0169. Trong d\u00f2ng son l\u1eebng danh n\u00e0y, \u0111\u00e2u th\u1ec3 k\u1ec3 thi\u1ebfu c\u00e1i t\u00ean\u00a0<strong>son Tom Ford Libertine 02\u00a0<\/strong>m\u1edbi tr\u00ecnh l\u00e0ng g\u1ea7n \u0111\u00e2y!<\/p>\n<h2>S\u1ee9c h\u00fat kh\u00f3 c\u01b0\u1ee1ng mang t\u00ean son Tom Ford Libertine 02<\/h2>\n<h3>Son TF 02 Libertine h\u1ed3ng \u0111\u1ea5t bao ng\u01b0\u1eddi say \u0111\u1eafm<\/h3>\n<p>Hot kh\u1eb9t l\u1eb9t nh\u1ea5t n\u0103m nay l\u00e0 m\u00e0n \u201ccomeback\u201d c\u1ee7a Tom Ford. Th\u01b0\u01a1ng hi\u1ec7u \u0111\u00ecnh \u0111\u00e1m M\u1ef9 n\u00e0y b\u1ed5 sung v\u00e0o b\u1ed9 s\u01b0u t\u1eadp h\u00e0ng lo\u1ea1t nh\u1eefng t\u00f4ng \u0111\u1ed9 trendy m\u1edbi. M\u00e0u hot c\u1eadp b\u1ebfn l\u1ea7n n\u00e0y ch\u00ednh l\u00e0\u00a0<strong>son Tom Ford m\u00e0u 02 Libertine.\u00a0<\/strong>M\u1ed9t s\u1eafc h\u1ed3ng pha cam \u0111\u1ea5t, m\u1ec1m m\u1ecbn m\u1ecdng m\u00f4i, nh\u00ecn c\u1ef1c xinh m\u00e0 r\u1ea5t T\u00e2y. M\u00e0u son m\u1edbi kh\u00f4ng h\u1ec1 k\u00e9n da ch\u00fat n\u00e0o. Son s\u00e0nh \u0111i\u1ec7u m\u00e0 d\u1ec5 \u0111\u00e1nh h\u01a1n nhi\u1ec1u. L\u00e0 pha n\u00e2u nh\u01b0ng ch\u1eb3ng qu\u00e1 ng\u1ea3 \u0111\u1ea5t, c\u00f3 quy\u1ec7n h\u1ed3ng v\u00e0 \u0111\u1ecf, \u0111\u1ea3m b\u1ea3o da ch\u1ec9 c\u00f3 s\u00e1ng ch\u1ee9 kh\u00f4ng lo \u201cch\u1edbt qu\u1edbt\u201d.<\/p>\n<figure id=\"attachment_2661\" aria-describedby=\"caption-attachment-2661\" style=\"width: 800px\" class=\"wp-caption aligncenter\"><img decoding=\"async\" loading=\"lazy\" class=\"wp-image-2661 size-full\" src=\"https:\/\/khomaudep.com\/alvalipstick\/wp-content\/uploads\/2022\/03\/tf02.6.jpg\" alt=\"\" width=\"800\" height=\"800\" srcset=\"https:\/\/pluginviet.com\/mau1\/wp-content\/uploads\/2022\/03\/tf02.6.jpg 800w, https:\/\/pluginviet.com\/mau1\/wp-content\/uploads\/2022\/03\/tf02.6-400x400.jpg 400w, https:\/\/pluginviet.com\/mau1\/wp-content\/uploads\/2022\/03\/tf02.6-280x280.jpg 280w, https:\/\/pluginviet.com\/mau1\/wp-content\/uploads\/2022\/03\/tf02.6-768x768.jpg 768w, https:\/\/pluginviet.com\/mau1\/wp-content\/uploads\/2022\/03\/tf02.6-600x600.jpg 600w, https:\/\/pluginviet.com\/mau1\/wp-content\/uploads\/2022\/03\/tf02.6-100x100.jpg 100w\" sizes=\"(max-width: 800px) 100vw, 800px\" \/><figcaption id=\"caption-attachment-2661\" class=\"wp-caption-text\">Tom Ford 02 Libertine \u0111\u1eadm n\u00e9t<\/figcaption><\/figure>\n<h3>Ch\u1ea5t Tom Ford 02 Libertine cho m\u00f4i m\u1ecdng \u0111\u1eb9p ng\u00fat ng\u00e0n sang ch\u1ea3nh<\/h3>\n<p>D\u00f2ng Lip Color c\u1ee7a Tom Ford \u0111\u01b0\u1ee3c bi\u1ebft \u0111\u1ebfn v\u1edbi ch\u1ea5t l\u00ec c\u00f3 d\u01b0\u1ee1ng c\u1ef1c \u0111\u1ec9nh.\u00a0<strong>Son Tom Ford Libertine\u00a0<\/strong>c\u0169ng \u0111\u01b0\u1ee3c c\u00f4ng nh\u1eadn b\u1edfi h\u1ebft th\u1ea3y c\u00e1c c\u00f4 n\u00e0ng m\u00ea son, c\u00e1c beauty blogger cho \u0111\u1ebfn minh tinh, c\u00e1c chuy\u00ean gia l\u00e0m \u0111\u1eb9p. Son k\u1ebft c\u1ea5u m\u1ec1m m\u1ea1i l\u1ea1i c\u01b0ng n\u1ef1ng m\u00f4i h\u1ebft n\u1ea5c.\u00a0<b>Son Tom Ford 02\u00a0<\/b>nh\u01b0 tr\u1ea3i l\u1ee5a tr\u00ean m\u00f4i, che ph\u1ee7 m\u00f4i b\u1edfi l\u1edbp m\u00e0u \u0111\u1eb9p \u0111\u1ebd v\u00e0 chu\u1ea9n n\u00e9t, cho m\u00f4i m\u1ecdng c\u0103ng c\u00f3 kh\u00e1c n\u00e0o v\u1eeba \u0111\u01b0\u1ee3c ti\u00eam filter.<\/p>\n<figure id=\"attachment_2662\" aria-describedby=\"caption-attachment-2662\" style=\"width: 800px\" class=\"wp-caption aligncenter\"><img decoding=\"async\" loading=\"lazy\" class=\"wp-image-2662 size-full\" src=\"https:\/\/khomaudep.com\/alvalipstick\/wp-content\/uploads\/2022\/03\/tf02.5-1.jpg\" alt=\"\" width=\"800\" height=\"559\" srcset=\"https:\/\/pluginviet.com\/mau1\/wp-content\/uploads\/2022\/03\/tf02.5-1.jpg 800w, https:\/\/pluginviet.com\/mau1\/wp-content\/uploads\/2022\/03\/tf02.5-1-572x400.jpg 572w, https:\/\/pluginviet.com\/mau1\/wp-content\/uploads\/2022\/03\/tf02.5-1-768x537.jpg 768w, https:\/\/pluginviet.com\/mau1\/wp-content\/uploads\/2022\/03\/tf02.5-1-600x419.jpg 600w\" sizes=\"(max-width: 800px) 100vw, 800px\" \/><figcaption id=\"caption-attachment-2662\" class=\"wp-caption-text\">Tom Ford 02 Libertine c\u1ef1c m\u00ea<\/figcaption><\/figure>\n<h3>Son Tom Ford Libertine 02 ghi \u0111i\u1ec3m v\u1edbi \u0111\u1ed9 b\u1ec1n m\u00e0u \u1ea5n t\u01b0\u1ee3ng<\/h3>\n<p>Son l\u00ec Tom Ford d\u00f2ng Lip Color Matte n\u1ed5i ti\u1ebfng l\u00ean m\u00f4i b\u1ec1n \u0111\u01b0\u1ee3c m\u00e0u \u0111\u1ebfn 8 gi\u1edd \u0111\u1ed3ng h\u1ed3. Trong khi \u0111\u00f3 d\u00f2ng Lip Color n\u00e0y c\u0169ng ch\u1eb3ng h\u1ec1 k\u00e9m c\u1ea1nh. D\u00f9ng son m\u00e0 nh\u01b0 phun m\u00e0u cho m\u00f4i v\u1eady, \u0111\u1ed9 b\u00e1m l\u00ean \u0111\u1ebfn kho\u1ea3ng 6 gi\u1edd li\u1ec1n. D\u00f9 b\u00e1m m\u00e0u d\u00e0i l\u00e2u l\u00e0 th\u1ebf nh\u01b0ng nhi\u1ec7m v\u1ee5 vu\u1ed1t ve, ch\u0103m s\u00f3c m\u00f4i, khi\u1ebfn m\u00f4i c\u0103ng m\u1ecdng c\u1ee7a son Tom Ford Libertine v\u1eabn c\u00f3 \u0111\u1ea7y \u0111\u1ee7.\u00a0<strong>Son TF 02\u00a0<\/strong>d\u00f9 \u0103n u\u1ed1ng m\u00e0u c\u0169ng ch\u1eb3ng si nh\u00ea l\u00e0 m\u1ea5y, base tr\u00ean m\u00f4i v\u1eabn c\u00f2n \u0111\u01b0\u1ee3c l\u01b0u l\u1ea1i.<\/p>\n<figure id=\"attachment_2656\" aria-describedby=\"caption-attachment-2656\" style=\"width: 768px\" class=\"wp-caption aligncenter\"><img decoding=\"async\" loading=\"lazy\" class=\"wp-image-2656 size-full\" src=\"https:\/\/khomaudep.com\/alvalipstick\/wp-content\/uploads\/2022\/03\/tf02.2.jpg\" alt=\"\" width=\"768\" height=\"960\" srcset=\"https:\/\/pluginviet.com\/mau1\/wp-content\/uploads\/2022\/03\/tf02.2.jpg 768w, https:\/\/pluginviet.com\/mau1\/wp-content\/uploads\/2022\/03\/tf02.2-320x400.jpg 320w, https:\/\/pluginviet.com\/mau1\/wp-content\/uploads\/2022\/03\/tf02.2-640x800.jpg 640w, https:\/\/pluginviet.com\/mau1\/wp-content\/uploads\/2022\/03\/tf02.2-600x750.jpg 600w\" sizes=\"(max-width: 768px) 100vw, 768px\" \/><figcaption id=\"caption-attachment-2656\" class=\"wp-caption-text\">TF 02 Libertine c\u1ef1c sang<\/figcaption><\/figure>\n<h3>Th\u00e0nh ph\u1ea7n d\u01b0\u1ee1ng n\u1ed5i b\u1eadt c\u1ee7a son Tom Ford Libertine m\u00e0u 02 r\u1ea5t \u0111\u00e1ng ng\u01b0\u1ee1ng m\u1ed9<\/h3>\n<p>Ph\u00e1t hi\u1ec7n ra trong th\u1ecfi son n\u00e0y l\u00e0 m\u1ed9t \u201ckho b\u00e1u\u201d c\u1ee7a nh\u1eefng chi\u1ebft xu\u1ea5t qu\u00fd, dinh d\u01b0\u1ee1ng nh\u01b0: h\u1ea1t soja n\u00e0y, r\u1ed3i tinh d\u1ea7u hoa c\u00fac La M\u00e3 v\u00e0 c\u1ea3 b\u01a1 murumuru n\u1eefa\u2026Ch\u1eb3ng l\u1ea1 m\u00e0 m\u1ed9t khi thoa\u00a0<strong>son TF Libertine\u00a0<\/strong>l\u00ean, v\u1eeba tr\u01a1n tru, m\u1ecbn m\u00e0ng, d\u00f9ng c\u00e0ng l\u00e2u m\u00f4i c\u00e0ng \u0111\u1eb9p, m\u00e0u th\u00ec t\u1ec7p ho\u00e0n h\u1ea3o n\u1eefa.<\/p>\n<figure id=\"attachment_2663\" aria-describedby=\"caption-attachment-2663\" style=\"width: 800px\" class=\"wp-caption aligncenter\"><img decoding=\"async\" loading=\"lazy\" class=\"wp-image-2663 size-full\" src=\"https:\/\/khomaudep.com\/alvalipstick\/wp-content\/uploads\/2022\/03\/tf02.7.jpg\" alt=\"\" width=\"800\" height=\"1049\" srcset=\"https:\/\/pluginviet.com\/mau1\/wp-content\/uploads\/2022\/03\/tf02.7.jpg 800w, https:\/\/pluginviet.com\/mau1\/wp-content\/uploads\/2022\/03\/tf02.7-305x400.jpg 305w, https:\/\/pluginviet.com\/mau1\/wp-content\/uploads\/2022\/03\/tf02.7-610x800.jpg 610w, https:\/\/pluginviet.com\/mau1\/wp-content\/uploads\/2022\/03\/tf02.7-768x1007.jpg 768w, https:\/\/pluginviet.com\/mau1\/wp-content\/uploads\/2022\/03\/tf02.7-600x787.jpg 600w\" sizes=\"(max-width: 800px) 100vw, 800px\" \/><figcaption id=\"caption-attachment-2663\" class=\"wp-caption-text\">Tom Ford 02 Libertine \u1ea5n t\u01b0\u1ee3ng<\/figcaption><\/figure>\n<p>D\u00f9 son b\u1ec1n gi\u1eef m\u00e0u ch\u1eb7t kh\u00f4ng tr\u00f4i th\u00ec th\u00ec\u00a0<strong>son Tom Ford 02\u00a0<\/strong>l\u1ea1i kh\u00f4ng h\u1ec1 g\u00e2y kh\u00f4. Kh\u1ea3 n\u0103ng d\u01b0\u1ee1ng \u1ea9m t\u1ed1t, d\u00f9ng\u00a0<b>son Tom Ford Lip Color\u00a0<\/b>chu\u1ea9n l\u00e0 \u0111\u1eb9p m\u1ed9t c\u00e1ch si\u00eau sang!<\/p>\n<h3>M\u00f9i h\u01b0\u01a1ng vani ng\u1ecdt d\u1ecbu \u0111\u1ebfn t\u1eeb son Tom Ford Libertine<\/h3>\n<p>Tho\u1ea3ng h\u01b0\u01a1ng d\u1ecbu \u00eam ngay l\u1eadp t\u1ee9c l\u00fac n\u00e0ng m\u1edf<strong>\u00a0Tom Ford 02\u00a0<\/strong>ra. H\u01b0\u01a1ng ch\u1ea1m v\u00e0o m\u00f4i, v\u00e0o kh\u1ee9u gi\u00e1c \u1ea5y ch\u00ednh l\u00e0 vanilla ng\u1ecdt ng\u00e0o. Th\u00eam v\u00e0o \u0111\u00f3, c\u00f2n l\u00e0 quy\u1ec7n h\u01b0\u01a1ng c\u1ee7a c\u1ea3 tinh d\u1ea7u hoa c\u00fac trong th\u00e0nh ph\u1ea7n \u0111\u1eb7c tr\u01b0ng c\u1ee7a son n\u1eefa. \u0110\u00e3 \u0111\u1eb9p t\u1eeb thi\u1ebft k\u1ebf, ch\u1ea5t son chu\u1ea9n m\u1ecbn m\u00e0 c\u00f2n mang theo m\u00f9i h\u01b0\u01a1ng quy\u1ebfn r\u0169 n\u1eefa, ai l\u1ea1i kh\u00f4ng m\u00ea c\u01a1 ch\u1ee9?<\/p>\n<figure id=\"attachment_2664\" aria-describedby=\"caption-attachment-2664\" style=\"width: 800px\" class=\"wp-caption aligncenter\"><img decoding=\"async\" loading=\"lazy\" class=\"wp-image-2664 size-full\" src=\"https:\/\/khomaudep.com\/alvalipstick\/wp-content\/uploads\/2022\/03\/tf02.8.jpg\" alt=\"\" width=\"800\" height=\"1065\" srcset=\"https:\/\/pluginviet.com\/mau1\/wp-content\/uploads\/2022\/03\/tf02.8.jpg 800w, https:\/\/pluginviet.com\/mau1\/wp-content\/uploads\/2022\/03\/tf02.8-300x400.jpg 300w, https:\/\/pluginviet.com\/mau1\/wp-content\/uploads\/2022\/03\/tf02.8-601x800.jpg 601w, https:\/\/pluginviet.com\/mau1\/wp-content\/uploads\/2022\/03\/tf02.8-768x1022.jpg 768w, https:\/\/pluginviet.com\/mau1\/wp-content\/uploads\/2022\/03\/tf02.8-600x799.jpg 600w\" sizes=\"(max-width: 800px) 100vw, 800px\" \/><figcaption id=\"caption-attachment-2664\" class=\"wp-caption-text\">Tom Ford 02 Libertine m\u00f9i h\u01b0\u01a1ng quy\u1ebfn r\u0169<\/figcaption><\/figure>\n<h3>Thi\u1ebft k\u1ebf son Tom Ford 02 Libertine \u0111\u1eb3ng c\u1ea5p chu\u1ea9n Tom Ford<\/h3>\n<p>D\u00e1ng h\u00ecnh th\u00e2n quen \u1ea5y: v\u1eabn l\u00e0 v\u1ecf vu\u00f4ng g\u00f3c c\u1ea1nh, v\u1eabn m\u00e0u \u0111en huy\u1ec1n b\u00ed v\u1edbi vi\u1ec1n v\u00e0ng qu\u00fd ph\u00e1i \u0111i\u1ec3m t\u00f4,\u00a0<strong>Tom Ford 02 Libertine\u00a0<\/strong>khi\u1ebfn ai n\u1ea5y c\u0169ng m\u00ea, ai c\u0169ng ng\u01b0\u1edbc nh\u00ecn. Danh x\u01b0ng\u00a0<em>King Of The Lipsticks\u00a0<\/em>c\u1ee7a Tom Ford m\u00e3i v\u1eabn l\u00e0 b\u1ea5t h\u1ee7. Bao b\u00ec c\u1ee7a th\u1ecfi son n\u00e0y \u0111\u1eb9p m\u00ea li. T\u1eebng \u0111\u01b0\u1eddng ch\u1ea1m kh\u1eafc c\u0169ng tinh x\u1ea3o, logo TF tr\u00ean \u0111\u1ea7u th\u1ecfi son c\u0169ng \u0111\u01a1n gi\u1ea3n m\u00e0 c\u00f3 b\u1ea3n s\u1eafc ri\u00eang. Ch\u1eb3ng h\u1ec1 qu\u00e1 l\u1eddi ch\u00fat n\u00e0o khi n\u00f3i\u00a0<strong>s<\/strong><strong>on TF Libertine\u00a0<\/strong>mang v\u1ebb ngo\u00e0i v\u1ea1n ng\u01b0\u1eddi m\u00ea c\u1ea3!<\/p>\n<figure id=\"attachment_2665\" aria-describedby=\"caption-attachment-2665\" style=\"width: 764px\" class=\"wp-caption aligncenter\"><img decoding=\"async\" loading=\"lazy\" class=\"wp-image-2665 size-full\" src=\"https:\/\/khomaudep.com\/alvalipstick\/wp-content\/uploads\/2022\/03\/tf02.9.jpg\" alt=\"\" width=\"764\" height=\"994\" srcset=\"https:\/\/pluginviet.com\/mau1\/wp-content\/uploads\/2022\/03\/tf02.9.jpg 764w, https:\/\/pluginviet.com\/mau1\/wp-content\/uploads\/2022\/03\/tf02.9-307x400.jpg 307w, https:\/\/pluginviet.com\/mau1\/wp-content\/uploads\/2022\/03\/tf02.9-615x800.jpg 615w, https:\/\/pluginviet.com\/mau1\/wp-content\/uploads\/2022\/03\/tf02.9-600x781.jpg 600w\" sizes=\"(max-width: 764px) 100vw, 764px\" \/><figcaption id=\"caption-attachment-2665\" class=\"wp-caption-text\">Tom Ford Libertine 02 \u2013 ai c\u0169ng ghi\u1ec1n<\/figcaption><\/figure>\n<h2>Son Tom Ford Libertine 02 must-have-item c\u1ee7a n\u0103m<\/h2>\n<p>\u1ea4n t\u01b0\u1ee3ng v\u1ec1\u00a0<strong>son TF 02\u00a0<\/strong>qu\u1ea3 th\u1eadt r\u1ea5t s\u00e2u \u0111\u1eadm. Th\u1ecfi son Tom Ford n\u00e0y ch\u00ednh x\u00e1c l\u00e0 m\u1ed9t kho b\u00e1u qu\u00fd gi\u00e1, m\u1ed9t trang s\u1ee9c sang ch\u1ea3nh m\u00e0 c\u00f4 n\u00e0ng n\u00e0o c\u0169ng mu\u1ed1n n\u1eafm gi\u1eef. Son nh\u1ecf nh\u1eafn nh\u01b0ng ho\u00e0n h\u1ea3o b\u1ea5t ng\u1edd. \u0110\u00e3 ch\u1ecdn \u0111\u1ed3ng h\u00e0nh c\u00f9ng Tom Ford, ch\u1eafc ch\u1eafn kh\u00f4ng bao gi\u1edd h\u1ed1i ti\u1ebfc.<\/p>\n<h2 style=\"text-align: right\"><strong>khomaudep.com\/alvalipstick<\/strong><\/h2>\n\n\n<div class=\"kk-star-ratings kksr-auto kksr-align-right kksr-valign-bottom kksr-disabled\"\n    data-payload='{&quot;align&quot;:&quot;right&quot;,&quot;id&quot;:&quot;2654&quot;,&quot;readonly&quot;:&quot;1&quot;,&quot;slug&quot;:&quot;default&quot;,&quot;valign&quot;:&quot;bottom&quot;,&quot;ignore&quot;:&quot;&quot;,&quot;reference&quot;:&quot;auto&quot;,&quot;class&quot;:&quot;&quot;,&quot;count&quot;:&quot;0&quot;,&quot;legendonly&quot;:&quot;&quot;,&quot;score&quot;:&quot;0&quot;,&quot;starsonly&quot;:&quot;&quot;,&quot;best&quot;:&quot;5&quot;,&quot;gap&quot;:&quot;5&quot;,&quot;greet&quot;:&quot;Rate this product&quot;,&quot;legend&quot;:&quot;0\\\/5 - (0 b\\u00ecnh ch\\u1ecdn)&quot;,&quot;size&quot;:&quot;24&quot;,&quot;title&quot;:&quot;Son Tom Ford 02 Libertine H\\u1ed3ng \\u0110\\u1ea5t \\u2013 Lip Color&quot;,&quot;width&quot;:&quot;0&quot;,&quot;_legend&quot;:&quot;{score}\\\/{best} - ({count} {votes})&quot;,&quot;font_factor&quot;:&quot;1.25&quot;}'>\n            \n<div class=\"kksr-stars\">\n    \n<div class=\"kksr-stars-inactive\">\n            <div class=\"kksr-star\" data-star=\"1\" style=\"padding-right: 5px\">\n            \n\n<div class=\"kksr-icon\" style=\"width: 24px; height: 24px;\"><\/div>\n        <\/div>\n            <div class=\"kksr-star\" data-star=\"2\" style=\"padding-right: 5px\">\n            \n\n<div class=\"kksr-icon\" style=\"width: 24px; height: 24px;\"><\/div>\n        <\/div>\n            <div class=\"kksr-star\" data-star=\"3\" style=\"padding-right: 5px\">\n            \n\n<div class=\"kksr-icon\" style=\"width: 24px; height: 24px;\"><\/div>\n        <\/div>\n            <div class=\"kksr-star\" data-star=\"4\" style=\"padding-right: 5px\">\n            \n\n<div class=\"kksr-icon\" style=\"width: 24px; height: 24px;\"><\/div>\n        <\/div>\n            <div class=\"kksr-star\" data-star=\"5\" style=\"padding-right: 5px\">\n            \n\n<div class=\"kksr-icon\" style=\"width: 24px; height: 24px;\"><\/div>\n        <\/div>\n    <\/div>\n    \n<div class=\"kksr-stars-active\" style=\"width: 0px;\">\n            <div class=\"kksr-star\" style=\"padding-right: 5px\">\n            \n\n<div class=\"kksr-icon\" style=\"width: 24px; height: 24px;\"><\/div>\n        <\/div>\n            <div class=\"kksr-star\" style=\"padding-right: 5px\">\n            \n\n<div class=\"kksr-icon\" style=\"width: 24px; height: 24px;\"><\/div>\n        <\/div>\n            <div class=\"kksr-star\" style=\"padding-right: 5px\">\n            \n\n<div class=\"kksr-icon\" style=\"width: 24px; height: 24px;\"><\/div>\n        <\/div>\n            <div class=\"kksr-star\" style=\"padding-right: 5px\">\n            \n\n<div class=\"kksr-icon\" style=\"width: 24px; height: 24px;\"><\/div>\n        <\/div>\n            <div class=\"kksr-star\" style=\"padding-right: 5px\">\n            \n\n<div class=\"kksr-icon\" style=\"width: 24px; height: 24px;\"><\/div>\n        <\/div>\n    <\/div>\n<\/div>\n                \n\n<div class=\"kksr-legend\" style=\"font-size: 19.2px;\">\n            <span class=\"kksr-muted\">Rate this product<\/span>\n    <\/div>\n    <\/div>\n","protected":false},"excerpt":{"rendered":"<p>H\u00e3y bi\u1ebfn th\u00e0nh n\u00e0ng th\u01a1 nh\u1edd t\u00f4ng m\u00e0u m\u1edbi toanh nh\u00e0 Tom Ford mang t\u00ean\u00a0<strong>son Tom Ford 02 Libertine<\/strong>. H\u1ed3ng \u0111\u1ea5t mix cam khi\u1ebfn bao n\u00e0ng \u0111\u1ed5 g\u1ee5c. C\u00e2y son Lip Color m\u1edbi \u0111\u01b0\u1ee3c b\u1ed5 sung, \u0111\u00e3 d\u00f9ng ch\u1ec9 c\u00f3 m\u00ea.<\/p>\n<ul>\n<li>Th\u01b0\u01a1ng hi\u1ec7u:\u00a0<strong>Tom Ford<\/strong><\/li>\n<li>Xu\u1ea5t x\u1ee9:\u00a0<strong>Made in Belgium<\/strong><\/li>\n<li>D\u00f2ng:\u00a0<strong>Lip Color<\/strong><\/li>\n<\/ul>\n","protected":false},"featured_media":2660,"comment_status":"open","ping_status":"closed","template":"","meta":[],"pwb-brand":[172],"product_cat":[15,171],"product_tag":[349,350,351,352,353],"brands":[{"id":172,"name":"Tom Ford","slug":"tom-ford"}],"_links":{"self":[{"href":"https:\/\/pluginviet.com\/mau1\/wp-json\/wp\/v2\/product\/2654"}],"collection":[{"href":"https:\/\/pluginviet.com\/mau1\/wp-json\/wp\/v2\/product"}],"about":[{"href":"https:\/\/pluginviet.com\/mau1\/wp-json\/wp\/v2\/types\/product"}],"replies":[{"embeddable":true,"href":"https:\/\/pluginviet.com\/mau1\/wp-json\/wp\/v2\/comments?post=2654"}],"wp:featuredmedia":[{"embeddable":true,"href":"https:\/\/pluginviet.com\/mau1\/wp-json\/wp\/v2\/media\/2660"}],"wp:attachment":[{"href":"https:\/\/pluginviet.com\/mau1\/wp-json\/wp\/v2\/media?parent=2654"}],"wp:term":[{"taxonomy":"pwb-brand","embeddable":true,"href":"https:\/\/pluginviet.com\/mau1\/wp-json\/wp\/v2\/pwb-brand?post=2654"},{"taxonomy":"product_cat","embeddable":true,"href":"https:\/\/pluginviet.com\/mau1\/wp-json\/wp\/v2\/product_cat?post=2654"},{"taxonomy":"product_tag","embeddable":true,"href":"https:\/\/pluginviet.com\/mau1\/wp-json\/wp\/v2\/product_tag?post=2654"}],"curies":[{"name":"wp","href":"https:\/\/api.w.org\/{rel}","templated":true}]}}