{"id":2627,"date":"2022-03-16T04:23:52","date_gmt":"2022-03-16T04:23:52","guid":{"rendered":"https:\/\/khomaudep.com\/alvalipstick\/?post_type=product&#038;p=2627"},"modified":"2022-03-25T08:34:52","modified_gmt":"2022-03-25T08:34:52","slug":"son-dior-rouge-520-feel-good-hong-do-from-satin-to-matte","status":"publish","type":"product","link":"https:\/\/pluginviet.com\/mau1\/san-pham\/son-dior-rouge-520-feel-good-hong-do-from-satin-to-matte\/","title":{"rendered":"Son Dior Rouge 520 Feel Good H\u1ed3ng \u0110\u1ecf \u2013 From Satin To Matte"},"content":{"rendered":"<h2>Son Dior Rouge 520 Feel Good M\u00e0u H\u1ed3ng \u0110\u1ecf<\/h2>\n<h3>Son Dior 520<\/h3>\n<p><strong>Son Rouge Dior<\/strong>\u00a0l\u00e0 b\u1ed9 s\u01b0u t\u1eadp son huy\u1ec1n tho\u1ea1i c\u1ee7a th\u01b0\u01a1ng hi\u1ec7u th\u1eddi trang cao c\u1ea5p, \u0111\u1eaft gi\u00e1 h\u00e0ng \u0111\u1ea7u Ph\u00e1p, ra \u0111\u1eddi v\u00e0o n\u0103m 1953. D\u00f2ng son n\u1ed5i ti\u1ebfng khi\u1ebfn ph\u00e1i \u0111\u1eb9p c\u1ea3m th\u1ea5y h\u1ea1nh ph\u00fac khi mang theo b\u00ean m\u00ecnh.\u00a0<strong>Son Dior 520 Feel Good\u00a0<\/strong>\u0111\u1ebfn t\u1eeb d\u00f2ng n\u00e0y\u00a0li\u00ean t\u1ee5c gi\u1eef k\u1ec9 l\u1ee5c b\u00e1n ch\u1ea1y trong su\u1ed1t h\u00e0ng n\u1eeda th\u1eadp k\u1ef7, \u0111\u01b0\u1ee3c coi l\u00e0 m\u00e0u son bi\u1ec3u t\u01b0\u1ee3ng c\u1ee7a Dior. H\u1ed3ng \u0111\u1ecf m\u00e3nh li\u1ec7t,\u00a0khi\u1ebfn bao qu\u00fd c\u00f4 hi\u1ec7n \u0111\u1ea1i m\u00ea m\u1ea9n.<\/p>\n<figure id=\"attachment_2628\" aria-describedby=\"caption-attachment-2628\" style=\"width: 700px\" class=\"wp-caption aligncenter\"><img decoding=\"async\" loading=\"lazy\" class=\"wp-image-2628 size-full\" src=\"https:\/\/khomaudep.com\/alvalipstick\/wp-content\/uploads\/2022\/03\/dior520.1.jpg\" alt=\"\" width=\"700\" height=\"700\" srcset=\"https:\/\/pluginviet.com\/mau1\/wp-content\/uploads\/2022\/03\/dior520.1.jpg 700w, https:\/\/pluginviet.com\/mau1\/wp-content\/uploads\/2022\/03\/dior520.1-400x400.jpg 400w, https:\/\/pluginviet.com\/mau1\/wp-content\/uploads\/2022\/03\/dior520.1-280x280.jpg 280w, https:\/\/pluginviet.com\/mau1\/wp-content\/uploads\/2022\/03\/dior520.1-600x600.jpg 600w, https:\/\/pluginviet.com\/mau1\/wp-content\/uploads\/2022\/03\/dior520.1-100x100.jpg 100w\" sizes=\"(max-width: 700px) 100vw, 700px\" \/><figcaption id=\"caption-attachment-2628\" class=\"wp-caption-text\">Son Dior 520 Feel Good m\u00e0u h\u1ed3ng \u0111\u1ecf<\/figcaption><\/figure>\n<h3>V\u00e0i n\u00e9t v\u1ec1 th\u01b0\u01a1ng hi\u1ec7u Dior<\/h3>\n<p>Th\u01b0\u01a1ng hi\u1ec7u Dior do nh\u00e0 thi\u1ebft k\u1ebf l\u1eebng danh\u00a0Christian Dior th\u00e0nh l\u1eadp. H\u00e3ng lu\u00f4n t\u1ea1o ra nh\u1eefng b\u1ed9 s\u01b0u t\u1eadp \u0111\u1eaft \u0111\u1ecf, sang ch\u1ea3nh nh\u1ea5t t\u1eeb th\u1eddi trang cho t\u1edbi m\u1ef9 ph\u1ea9m, b\u1ea3o ch\u1ee9ng cho v\u1ebb \u0111\u1eb9p ho\u00e0n m\u1ef9 \u0111i c\u00f9ng \u0111\u1eb3ng c\u1ea5p kh\u00e1c bi\u1ec7t.<\/p>\n<p><strong>Son Dior\u00a0Rouge 520\u00a0Feel Good\u00a0<\/strong>trong b\u1ed9 s\u01b0u t\u1eadp son Rouge Dior, \u0111\u01b0\u1ee3c l\u1ea5y c\u1ea3m h\u1ee9ng s\u00e1ng t\u1ea1o ch\u1ee7 \u0111\u1ea1o t\u1eeb ch\u00ednh m\u00e0u \u0111\u1ecf \u0111am m\u00ea trong t\u00ecnh y\u00eau, cu\u1ed9c s\u1ed1ng v\u00e0 th\u00e0nh c\u00f4ng m\u00e0 Dior y\u00eau th\u00edch. C\u00f9ng v\u1edbi Dior 520 th\u00ec c\u00f2n c\u00f3 8 t\u00f4ng \u0111\u1ecf n\u1eefa trong d\u00f2ng, l\u1ea5y ch\u1ea5t li\u1ec7u t\u1eeb v\u1ea3i v\u00f3c m\u00e0 theo Dior l\u00e0 s\u1ebd\u00a0<em>h\u1ee3p v\u1edbi m\u1ecdi s\u1eafc t\u1ed1 da, h\u1ee3p m\u1ecdi phong c\u00e1ch v\u00e0 d\u00f9ng cho b\u1ea5t c\u1ee9 th\u1eddi \u0111i\u1ec3m n\u00e0o trong ng\u00e0y<\/em>.<\/p>\n<figure id=\"attachment_2629\" aria-describedby=\"caption-attachment-2629\" style=\"width: 800px\" class=\"wp-caption aligncenter\"><img decoding=\"async\" loading=\"lazy\" class=\"wp-image-2629 size-full\" src=\"https:\/\/khomaudep.com\/alvalipstick\/wp-content\/uploads\/2022\/03\/dior520.2.jpg\" alt=\"\" width=\"800\" height=\"798\" srcset=\"https:\/\/pluginviet.com\/mau1\/wp-content\/uploads\/2022\/03\/dior520.2.jpg 800w, https:\/\/pluginviet.com\/mau1\/wp-content\/uploads\/2022\/03\/dior520.2-401x400.jpg 401w, https:\/\/pluginviet.com\/mau1\/wp-content\/uploads\/2022\/03\/dior520.2-280x280.jpg 280w, https:\/\/pluginviet.com\/mau1\/wp-content\/uploads\/2022\/03\/dior520.2-768x766.jpg 768w, https:\/\/pluginviet.com\/mau1\/wp-content\/uploads\/2022\/03\/dior520.2-600x599.jpg 600w, https:\/\/pluginviet.com\/mau1\/wp-content\/uploads\/2022\/03\/dior520.2-100x100.jpg 100w\" sizes=\"(max-width: 800px) 100vw, 800px\" \/><figcaption id=\"caption-attachment-2629\" class=\"wp-caption-text\">Son Dior 520 Feel Good<\/figcaption><\/figure>\n<p>Son\u00a0<strong>Rouge Dior 520\u00a0<\/strong>\u0111\u00edch th\u1ecb l\u00e0\u00a0m\u00e0u son \u0111\u1ecf n\u1ed5i b\u1eadt, ghi danh v\u00e0o b\u1ea3ng v\u00e0ng nh\u1eefng th\u1ecfi son c\u00f3 t\u1ed1c \u0111\u1ed9 b\u00e1n ch\u1ea1y nh\u1ea5t l\u1ecbch s\u1eed, trong th\u1eddi gian d\u00e0i nh\u1ea5t cho \u0111\u1ebfn nay. M\u1ed9t c\u00e2y son quy\u1ec1n qu\u00fd \u0111\u01b0\u1ee3c bao ng\u01b0\u1eddi ao \u01b0\u1edbc s\u1edf h\u1eefu, t\u1eeb h\u1ed9i ghi\u1ec1n son \u0111\u1ebfn nh\u1eefng ng\u00f4i sao n\u1ed5i danh nh\u1ea5t!<\/p>\n<h2>Gi\u1ea3i m\u00e3 s\u1ee9c h\u00fat b\u1ea5t t\u1eadn t\u1eeb c\u00e1i t\u00ean son Dior 520 Feel Good<\/h2>\n<h3>Son Dior 520 m\u00e0u h\u1ed3ng \u0111\u1ecf n\u1eef t\u00ednh<\/h3>\n<figure id=\"attachment_2634\" aria-describedby=\"caption-attachment-2634\" style=\"width: 800px\" class=\"wp-caption aligncenter\"><img decoding=\"async\" loading=\"lazy\" class=\"wp-image-2634 size-full\" src=\"https:\/\/khomaudep.com\/alvalipstick\/wp-content\/uploads\/2022\/03\/dior520.6.jpg\" alt=\"\" width=\"800\" height=\"333\" srcset=\"https:\/\/pluginviet.com\/mau1\/wp-content\/uploads\/2022\/03\/dior520.6.jpg 800w, https:\/\/pluginviet.com\/mau1\/wp-content\/uploads\/2022\/03\/dior520.6-768x320.jpg 768w, https:\/\/pluginviet.com\/mau1\/wp-content\/uploads\/2022\/03\/dior520.6-600x250.jpg 600w\" sizes=\"(max-width: 800px) 100vw, 800px\" \/><figcaption id=\"caption-attachment-2634\" class=\"wp-caption-text\">Son Dior 520 Feel Good t\u00f4n da<\/figcaption><\/figure>\n<p>T\u1eeb l\u00e2u, t\u00f4ng h\u1ed3ng trong th\u1ebf gi\u1edbi son m\u00f4i \u0111\u00e3 l\u00e0 \u0111\u1ea1i di\u1ec7n cho n\u00e9t n\u1eef t\u00ednh, ng\u1ecdt ng\u00e0o \u0111\u1ea7y m\u00ea ho\u1eb7c.\u00a0<strong>Son Dior 520\u00a0Feel Good\u00a0<\/strong>c\u00f3 th\u1ec3 g\u1ecdi l\u00e0 h\u1ed3ng \u0111\u1ecf ng\u1ecdt ng\u00e0o. Son kh\u00f4ng qu\u00e1 r\u1ef1c r\u1ee1 nh\u01b0ng l\u1ea1i ch\u1eb3ng thi\u1ebfu \u0111i \u0111\u1ed9 tr\u1ebb trung. D\u00f9ng\u00a0<strong>Dior 520\u00a0<\/strong>phong c\u00e1ch c\u1ee7a ph\u00e1i \u0111\u1eb9p nh\u01b0 \u0111\u01b0\u1ee3c n\u00e2ng c\u1ea5p th\u00eam m\u1ed9t b\u1eadc. Son h\u1ee3p v\u1edbi m\u1ecdi s\u1eafc da, d\u00f9ng \u0111\u01b0\u1ee3c b\u1ea5t c\u1ee9 th\u1eddi \u0111i\u1ec3m n\u00e0o trong ng\u00e0y. Thoa\u00a0s<strong>on Dior Matte Dior 520\u00a0<\/strong>l\u00ean m\u00f4i l\u00e0 ki\u1ebfn t\u1ea1o n\u00e9t \u0111\u1eb9p s\u00e2u s\u1eafc \u0111\u1ebfn m\u1ee9c \u201cs\u00e1t th\u01b0\u01a1ng\u201d ngay\u00a0t\u1eeb c\u00e1i nh\u00ecn \u0111\u1ea7u ti\u00ean.<\/p>\n<h3>Ch\u1ea5t son Dior 520 m\u1ec1m m\u1ea1i, cho m\u00f4i m\u1ecdng \u0111\u1eb9p<\/h3>\n<p>Dior \u0111\u00e3 ra m\u1eaft r\u1ea5t nhi\u1ec1u d\u00f2ng son kinh \u0111i\u1ec3n v\u00e0 son Dior Rouge n\u00e0y c\u0169ng thu\u1ed9c top \u0111\u1ec9nh nh\u1ea5t \u1ea5y. N\u1ebfu Diorific l\u00e0 d\u00f2ng l\u00ec cao c\u1ea5p b\u00e1m m\u00e0u l\u00e2u tr\u00f4i, m\u00e0u s\u1eafc s\u1ed1ng \u0111\u1ed9ng, n\u1ebfu Dior Addict\u00a0cho m\u00f4i m\u1ecbn m\u01b0\u1ee3t v\u1edbi kh\u1ea3 n\u0103ng d\u01b0\u1ee1ng \u1ea9m n\u1ed5i tr\u1ed9i th\u00ec Rouge Dior l\u00e0 b\u1ea3n giao h\u00f2a c\u1ee7a hai ch\u1ea5t son kia. H\u1ed9i t\u1ee5 \u01b0u \u0111i\u1ec3m c\u1ee7a hai d\u00f2ng son x\u1ecbn nh\u1ea5t, cho ra\u00a0<strong>son Dior 520\u00a0<\/strong>l\u00ean m\u00f4i\u00a0m\u01b0\u1edbt m\u00e1t t\u1ef1 nhi\u00ean, b\u00f3ng m\u1ec1m, m\u00e0u s\u1eafc ch\u00e2n th\u1ef1c, r\u1ef1c r\u1ee1 m\u00e0 v\u1eabn b\u00e1m m\u00e0u kh\u00f4ng th\u1ec3 \u0111\u1ec9nh h\u01a1n.<\/p>\n<figure id=\"attachment_2631\" aria-describedby=\"caption-attachment-2631\" style=\"width: 800px\" class=\"wp-caption aligncenter\"><img decoding=\"async\" loading=\"lazy\" class=\"wp-image-2631 size-full\" src=\"https:\/\/khomaudep.com\/alvalipstick\/wp-content\/uploads\/2022\/03\/dior520.4.jpg\" alt=\"\" width=\"800\" height=\"800\" srcset=\"https:\/\/pluginviet.com\/mau1\/wp-content\/uploads\/2022\/03\/dior520.4.jpg 800w, https:\/\/pluginviet.com\/mau1\/wp-content\/uploads\/2022\/03\/dior520.4-400x400.jpg 400w, https:\/\/pluginviet.com\/mau1\/wp-content\/uploads\/2022\/03\/dior520.4-280x280.jpg 280w, https:\/\/pluginviet.com\/mau1\/wp-content\/uploads\/2022\/03\/dior520.4-768x768.jpg 768w, https:\/\/pluginviet.com\/mau1\/wp-content\/uploads\/2022\/03\/dior520.4-600x600.jpg 600w, https:\/\/pluginviet.com\/mau1\/wp-content\/uploads\/2022\/03\/dior520.4-100x100.jpg 100w\" sizes=\"(max-width: 800px) 100vw, 800px\" \/><figcaption id=\"caption-attachment-2631\" class=\"wp-caption-text\">Son Dior 520 Feel Good<\/figcaption><\/figure>\n<h3>Son Dior Rouge 520 Feel Good ch\u1ee9a th\u00e0nh ph\u1ea7n d\u01b0\u1ee1ng \u1ea9m t\u1ed1t, nu\u00f4i m\u00f4i m\u1ecdng, che khuy\u1ebft \u0111i\u1ec3m di\u1ec7u k\u1ef3<\/h3>\n<p>Nghi\u00ean c\u1ee9u th\u00e0nh ph\u1ea7n c\u1ee7a\u00a0<strong>son Dior 520\u00a0<\/strong>ch\u1ee9a chi\u1ebft xu\u1ea5t t\u1eeb sea fennel, d\u01b0\u1ee1ng ch\u1ea5t ho\u00e0n h\u1ea3o k\u00edch th\u00edch t\u00e1i t\u1ea1o t\u1ebf b\u00e0o. C\u00f9ng v\u1edbi \u0111\u00f3,\u00a0<strong>son Dior Rouge 520\u00a0Feel Good\u00a0<\/strong>c\u00f2n ch\u1ee9a c\u1ea3\u00a0axit\u00a0hyaluronic khi\u1ebfn nh\u1eefng h\u1ea1t m\u00e0u lan t\u1ecfa ch\u00e2n th\u1ef1c tr\u00ean b\u1edd m\u00f4i, cho m\u00f4i m\u1ecdng c\u0103ng, t\u01b0\u01a1i t\u1eafn.<\/p>\n<h3>Thi\u1ebft k\u1ebf \u0111\u1eb9p, sang tr\u1ecdng r\u1ee5ng r\u1eddi c\u1ee7a son Dior Rouge 520<\/h3>\n<figure id=\"attachment_2630\" aria-describedby=\"caption-attachment-2630\" style=\"width: 800px\" class=\"wp-caption aligncenter\"><img decoding=\"async\" loading=\"lazy\" class=\"wp-image-2630 size-full\" src=\"https:\/\/khomaudep.com\/alvalipstick\/wp-content\/uploads\/2022\/03\/dior520.3.jpg\" alt=\"\" width=\"800\" height=\"533\" srcset=\"https:\/\/pluginviet.com\/mau1\/wp-content\/uploads\/2022\/03\/dior520.3.jpg 800w, https:\/\/pluginviet.com\/mau1\/wp-content\/uploads\/2022\/03\/dior520.3-600x400.jpg 600w, https:\/\/pluginviet.com\/mau1\/wp-content\/uploads\/2022\/03\/dior520.3-768x512.jpg 768w\" sizes=\"(max-width: 800px) 100vw, 800px\" \/><figcaption id=\"caption-attachment-2630\" class=\"wp-caption-text\">V\u1ecf h\u1ed9p son Dior 520 Feel Good<\/figcaption><\/figure>\n<p>Mang \u0111\u1ebfn s\u1ef1 \u0111\u1eb3ng c\u1ea5p th\u00f4ng qua l\u1edbp v\u1ecf \u0111en \u0111an xen tr\u1eafng b\u1ea1c, t\u1eebng \u0111\u01b0\u1eddng ch\u1ea1m kh\u1eafc, c\u1eaft g\u1ecdt c\u1ee7a\u00a0<strong><a href=\"https:\/\/lipstick.vn\/shop\/son-dior-rouge-520-feel-good-from-satin-to-matte\/\">son Dior 520 m\u00e0u h\u1ed3ng \u0111\u1ecf<\/a>\u00a0<\/strong>khi\u1ebfn t\u00edn \u0111\u1ed3 th\u1eddi trang kh\u00f4ng th\u1ec3 ch\u00ea \u1edf b\u1ea5t c\u1ee9 \u0111i\u1ec3m n\u00e0o cho \u0111\u01b0\u1ee3c.<\/p>\n<h2>G\u1ee3i \u00fd s\u1eed d\u1ee5ng son Dior 520 Feel Good<\/h2>\n<p>\u2013 \u0110\u00e1nh tr\u1ef1c ti\u1ebfp\u00a0<strong>son Dior Rouge 520\u00a0<\/strong>l\u00ean m\u00f4i, thoa l\u00f2ng m\u00f4i ng\u1ecdt ng\u00e0o hay full m\u00f4i nhi\u1ec1u l\u1edbp \u0111\u1ec1u \u0111\u1eb9p.<\/p>\n<p>\u2013 Ch\u1ea5t son m\u1ecbn m\u00e0ng, \u0111\u00e1nh tr\u1ecdn m\u00f4i tr\u00f4ng c\u1ef1c k\u1ef3 xu\u1ea5t s\u1eafc. \u0110\u1ec3 ho\u00e0n thi\u1ec7n b\u1edd m\u00f4i m\u1ecdng, h\u00e3y d\u00f9ng\u00a0<strong>son Dior 520 m\u00e0u h\u1ed3ng \u0111\u1ecf\u00a0<\/strong>c\u00f9ng v\u1edbi ch\u00ec k\u1ebb vi\u1ec1n m\u00f4i. Ch\u00ec \u0111\u1ecbnh h\u00ecnh khu\u00f4n, v\u1eeba c\u1ed1 \u0111\u1ecbnh gi\u00fap m\u00e0u son kh\u00f4ng lem.<\/p>\n<p>\u2013 B\u1ea3o qu\u1ea3n\u00a0<b>son Dior Rouge 520\u00a0<\/b>\u1edf\u00a0n\u01a1i kh\u00f4 r\u00e1o tho\u00e1ng m\u00e1t.<\/p>\n<h2 style=\"text-align: right\"><strong>khomaudep.com\/alvalipstick<\/strong><\/h2>\n\n\n<div class=\"kk-star-ratings kksr-auto kksr-align-right kksr-valign-bottom kksr-disabled\"\n    data-payload='{&quot;align&quot;:&quot;right&quot;,&quot;id&quot;:&quot;2627&quot;,&quot;readonly&quot;:&quot;1&quot;,&quot;slug&quot;:&quot;default&quot;,&quot;valign&quot;:&quot;bottom&quot;,&quot;ignore&quot;:&quot;&quot;,&quot;reference&quot;:&quot;auto&quot;,&quot;class&quot;:&quot;&quot;,&quot;count&quot;:&quot;0&quot;,&quot;legendonly&quot;:&quot;&quot;,&quot;score&quot;:&quot;0&quot;,&quot;starsonly&quot;:&quot;&quot;,&quot;best&quot;:&quot;5&quot;,&quot;gap&quot;:&quot;5&quot;,&quot;greet&quot;:&quot;Rate this product&quot;,&quot;legend&quot;:&quot;0\\\/5 - (0 b\\u00ecnh ch\\u1ecdn)&quot;,&quot;size&quot;:&quot;24&quot;,&quot;title&quot;:&quot;Son Dior Rouge 520 Feel Good H\\u1ed3ng \\u0110\\u1ecf \\u2013 From Satin To Matte&quot;,&quot;width&quot;:&quot;0&quot;,&quot;_legend&quot;:&quot;{score}\\\/{best} - ({count} {votes})&quot;,&quot;font_factor&quot;:&quot;1.25&quot;}'>\n            \n<div class=\"kksr-stars\">\n    \n<div class=\"kksr-stars-inactive\">\n            <div class=\"kksr-star\" data-star=\"1\" style=\"padding-right: 5px\">\n            \n\n<div class=\"kksr-icon\" style=\"width: 24px; height: 24px;\"><\/div>\n        <\/div>\n            <div class=\"kksr-star\" data-star=\"2\" style=\"padding-right: 5px\">\n            \n\n<div class=\"kksr-icon\" style=\"width: 24px; height: 24px;\"><\/div>\n        <\/div>\n            <div class=\"kksr-star\" data-star=\"3\" style=\"padding-right: 5px\">\n            \n\n<div class=\"kksr-icon\" style=\"width: 24px; height: 24px;\"><\/div>\n        <\/div>\n            <div class=\"kksr-star\" data-star=\"4\" style=\"padding-right: 5px\">\n            \n\n<div class=\"kksr-icon\" style=\"width: 24px; height: 24px;\"><\/div>\n        <\/div>\n            <div class=\"kksr-star\" data-star=\"5\" style=\"padding-right: 5px\">\n            \n\n<div class=\"kksr-icon\" style=\"width: 24px; height: 24px;\"><\/div>\n        <\/div>\n    <\/div>\n    \n<div class=\"kksr-stars-active\" style=\"width: 0px;\">\n            <div class=\"kksr-star\" style=\"padding-right: 5px\">\n            \n\n<div class=\"kksr-icon\" style=\"width: 24px; height: 24px;\"><\/div>\n        <\/div>\n            <div class=\"kksr-star\" style=\"padding-right: 5px\">\n            \n\n<div class=\"kksr-icon\" style=\"width: 24px; height: 24px;\"><\/div>\n        <\/div>\n            <div class=\"kksr-star\" style=\"padding-right: 5px\">\n            \n\n<div class=\"kksr-icon\" style=\"width: 24px; height: 24px;\"><\/div>\n        <\/div>\n            <div class=\"kksr-star\" style=\"padding-right: 5px\">\n            \n\n<div class=\"kksr-icon\" style=\"width: 24px; height: 24px;\"><\/div>\n        <\/div>\n            <div class=\"kksr-star\" style=\"padding-right: 5px\">\n            \n\n<div class=\"kksr-icon\" style=\"width: 24px; height: 24px;\"><\/div>\n        <\/div>\n    <\/div>\n<\/div>\n                \n\n<div class=\"kksr-legend\" style=\"font-size: 19.2px;\">\n            <span class=\"kksr-muted\">Rate this product<\/span>\n    <\/div>\n    <\/div>\n","protected":false},"excerpt":{"rendered":"<p><strong>Son Dior 520 Feel Good<\/strong>\u00a0\u0111\u1eb9p nh\u1ea5t d\u00f2ng From Satin To Matte h\u1ed3ng \u0111\u1ecf t\u00f4n da, khi\u1ebfn ng\u01b0\u1eddi \u0111\u1eb9p kh\u00f3 t\u00ednh nh\u1ea5t c\u0169ng kh\u00f4ng th\u1ec3 ch\u1ed1i t\u1eeb.Thi\u1ebft k\u1ebf sang tr\u1ecdng v\u1edbi l\u1edbp v\u1ecf\u00a0kim lo\u1ea1i s\u00e1ng b\u00f3ng, ch\u1ea5t son m\u1ecbn m\u00e0ng, m\u1ec1m m\u01b0\u1edbt.<\/p>\n<ul>\n<li><strong>Xu\u1ea5t x\u1ee9: Ph\u00e1p<\/strong><\/li>\n<li><strong>Th\u01b0\u01a1ng hi\u1ec7u\u00a0: Dior<\/strong><\/li>\n<li><strong>Kh\u1ed1i l\u01b0\u1ee3ng: 3,5g<\/strong><\/li>\n<\/ul>\n","protected":false},"featured_media":2633,"comment_status":"open","ping_status":"closed","template":"","meta":[],"pwb-brand":[306],"product_cat":[15,171],"product_tag":[338,339,340,341,342,343],"brands":[{"id":306,"name":"Dior","slug":"dior"}],"_links":{"self":[{"href":"https:\/\/pluginviet.com\/mau1\/wp-json\/wp\/v2\/product\/2627"}],"collection":[{"href":"https:\/\/pluginviet.com\/mau1\/wp-json\/wp\/v2\/product"}],"about":[{"href":"https:\/\/pluginviet.com\/mau1\/wp-json\/wp\/v2\/types\/product"}],"replies":[{"embeddable":true,"href":"https:\/\/pluginviet.com\/mau1\/wp-json\/wp\/v2\/comments?post=2627"}],"wp:featuredmedia":[{"embeddable":true,"href":"https:\/\/pluginviet.com\/mau1\/wp-json\/wp\/v2\/media\/2633"}],"wp:attachment":[{"href":"https:\/\/pluginviet.com\/mau1\/wp-json\/wp\/v2\/media?parent=2627"}],"wp:term":[{"taxonomy":"pwb-brand","embeddable":true,"href":"https:\/\/pluginviet.com\/mau1\/wp-json\/wp\/v2\/pwb-brand?post=2627"},{"taxonomy":"product_cat","embeddable":true,"href":"https:\/\/pluginviet.com\/mau1\/wp-json\/wp\/v2\/product_cat?post=2627"},{"taxonomy":"product_tag","embeddable":true,"href":"https:\/\/pluginviet.com\/mau1\/wp-json\/wp\/v2\/product_tag?post=2627"}],"curies":[{"name":"wp","href":"https:\/\/api.w.org\/{rel}","templated":true}]}}