{"id":2616,"date":"2022-03-15T10:45:17","date_gmt":"2022-03-15T10:45:17","guid":{"rendered":"https:\/\/khomaudep.com\/alvalipstick\/?post_type=product&#038;p=2616"},"modified":"2022-03-25T08:34:24","modified_gmt":"2022-03-25T08:34:24","slug":"son-mac-997-over-the-taupe-nau-tay-powder-kiss-liquid","status":"publish","type":"product","link":"https:\/\/pluginviet.com\/mau1\/san-pham\/son-mac-997-over-the-taupe-nau-tay-powder-kiss-liquid\/","title":{"rendered":"Son MAC 997 Over The Taupe N\u00e2u T\u00e2y \u2013 Powder Kiss Liquid"},"content":{"rendered":"<h2>Son MAC 997 Over The Taupe \u2013 Powder Kiss Liquid Lipcolour<\/h2>\n<h3>Son kem MAC 997<\/h3>\n<p>2018 l\u00e0 th\u1eddi \u0111i\u1ec3m m\u00e0 MAC khi\u1ebfn t\u00edn \u0111\u1ed3 m\u1ed9 \u0111i\u1ec7u s\u00f4i s\u1ee5c v\u00ec d\u00f2ng son Powder Kiss Lipstick v\u1ecf nh\u00e1m, ch\u1ea5t son l\u00ec m\u1ecbn t\u1ef1a ph\u1ea5n. Cho \u0111\u1ebfn nay, c\u00e1i t\u00ean Powder Kiss v\u1eabn ch\u01b0a th\u1ea5y d\u1ea5u hi\u1ec7u h\u1ea1 nhi\u1ec7t. Ti\u1ebfp n\u1ed1i th\u00e0nh c\u00f4ng \u0111\u00f3, MAC th\u1eeba th\u1eafng ra ngay phi\u00ean b\u1ea3n son kem l\u00ec c\u00f9ng t\u00ean. D\u00f2ng Powder Kiss Liquid Lipcolour v\u1eabn theo concept m\u1ecbn-l\u00ec nh\u01b0 ph\u1ee7 b\u1ed9t m\u1ecbn tr\u00ean m\u00f4i. \u0110\u1ed9t ph\u00e1 n\u1eb1m \u1edf c\u1ea3 b\u1ea3ng m\u00e0u l\u1eabn thi\u1ebft k\u1ebf. \u0110\u00e3 th\u1ebf, ch\u1ea5t son l\u00ec si\u00eau m\u1ec1m \u0111\u1eb7c bi\u1ec7t c\u0169ng l\u00e0 th\u1ee9 g\u00e2y t\u00f2 m\u00f2. Ngay khi v\u1eeba h\u1ea1 c\u00e1nh, \u201cem \u00fat\u201d nh\u00e0 MAC \u0111\u00e3 ch\u00e1y h\u00e0ng di\u1ec7n r\u1ed9ng. \u0110\u01b0\u1ee3c t\u00edn \u0111\u1ed3 l\u00e0m \u0111\u1eb9p x\u1ee9 c\u1ee7 s\u00e2m ng\u1ee3i ca h\u1ebft l\u1eddi,\u00a0<strong>son MAC 997 Over The Taupe\u00a0<\/strong>l\u00e0 m\u1ed9t trong nh\u1eefng si\u00eau ph\u1ea9m c\u1ee7a BST. Son n\u00e2u T\u00e2y ho\u00e0n m\u0129, khi\u1ebfn ai n\u1ea5y \u0111\u1ec1u \u0111\u1ed9ng l\u00f2ng.<\/p>\n<figure id=\"attachment_2624\" aria-describedby=\"caption-attachment-2624\" style=\"width: 800px\" class=\"wp-caption aligncenter\"><img decoding=\"async\" loading=\"lazy\" class=\"wp-image-2624 size-full\" src=\"https:\/\/khomaudep.com\/alvalipstick\/wp-content\/uploads\/2022\/03\/mac997.7.jpg\" alt=\"\" width=\"800\" height=\"735\" srcset=\"https:\/\/pluginviet.com\/mau1\/wp-content\/uploads\/2022\/03\/mac997.7.jpg 800w, https:\/\/pluginviet.com\/mau1\/wp-content\/uploads\/2022\/03\/mac997.7-435x400.jpg 435w, https:\/\/pluginviet.com\/mau1\/wp-content\/uploads\/2022\/03\/mac997.7-768x706.jpg 768w, https:\/\/pluginviet.com\/mau1\/wp-content\/uploads\/2022\/03\/mac997.7-600x551.jpg 600w\" sizes=\"(max-width: 800px) 100vw, 800px\" \/><figcaption id=\"caption-attachment-2624\" class=\"wp-caption-text\">Son MAC 997 Over The Taupe \u0111\u1ea1i di\u1ec7n d\u00f2ng Powder Kiss Liquid Lipcolour<\/figcaption><\/figure>\n<p><strong>Son MAC Powder Kiss Liquid Lipcolour<\/strong>\u00a0c\u00f3 \u0111\u1ebfn 17 m\u00e0u, tr\u1ecdn b\u1ed9 t\u1eeb t\u00f4ng n\u00e2u T\u00e2y, n\u00e2u T\u00e2y, \u0111\u1ebfn cam v\u00e0 h\u1ed3ng r\u1ed3i nude. Kh\u00f4ng nh\u1eefng th\u1ebf, m\u1ed9t s\u1ed1 m\u00e0u son \u0111\u00ecnh \u0111\u00e1m c\u1ee7a d\u00f2ng Powder Kiss tr\u01b0\u1edbc \u0111\u00f3 nh\u01b0 Devoted to Chili, Mull It Over, A Little Tamed c\u0169ng \u0111\u01b0\u1ee3c \u201ct\u00e1i sinh\u201d \u1edf phi\u00ean b\u1ea3n n\u00e0y, v\u1edbi ngo\u1ea1i h\u00ecnh v\u00e0 ch\u1ea5t son kh\u00e1c.<\/p>\n<figure id=\"attachment_2622\" aria-describedby=\"caption-attachment-2622\" style=\"width: 800px\" class=\"wp-caption aligncenter\"><img decoding=\"async\" loading=\"lazy\" class=\"wp-image-2622 size-full\" src=\"https:\/\/khomaudep.com\/alvalipstick\/wp-content\/uploads\/2022\/03\/mac997.5.jpg\" alt=\"\" width=\"800\" height=\"596\" srcset=\"https:\/\/pluginviet.com\/mau1\/wp-content\/uploads\/2022\/03\/mac997.5.jpg 800w, https:\/\/pluginviet.com\/mau1\/wp-content\/uploads\/2022\/03\/mac997.5-537x400.jpg 537w, https:\/\/pluginviet.com\/mau1\/wp-content\/uploads\/2022\/03\/mac997.5-768x572.jpg 768w, https:\/\/pluginviet.com\/mau1\/wp-content\/uploads\/2022\/03\/mac997.5-600x447.jpg 600w\" sizes=\"(max-width: 800px) 100vw, 800px\" \/><figcaption id=\"caption-attachment-2622\" class=\"wp-caption-text\">Si\u00eau ph\u1ea9m son kem l\u00ec MAC Powder Kiss Liquid Lipcolour<\/figcaption><\/figure>\n<h2>Son MAC 997 xinh x\u1ecbn b\u00e1 ch\u00e1y, b\u1ea3o sao kh\u00f4ng hot?<\/h2>\n<h3>Son MAC 997 Over The Taupe m\u00e0u n\u00e2u T\u00e2y \u0111\u00e1ng ti\u1ec1n<\/h3>\n<p>M\u1ed9t s\u1eafc n\u00e2u \u0111\u1ea5t \u0111i\u1ec3n h\u00ecnh trong th\u1ebf gi\u1edbi son m\u00f4i,\u00a0<strong>son MAC 997 Over The Taupe\u00a0<\/strong>h\u01a1n th\u1ebf c\u00f2n g\u00e2y \u1ea5n t\u01b0\u1ee3ng b\u1edfi v\u1ebb \u0111\u1eb9p c\u1ef1c kh\u00e1c bi\u1ec7t. \u0110\u1ed9c \u0111\u00e1o s\u1eafc cam, h\u1ed3ng v\u00e0 n\u00e2u h\u00f2a tr\u1ed9n nh\u01b0ng n\u00e2u \u201cchi\u1ebfm s\u00f3ng\u201d. Son ch\u1eb3ng khi\u1ebfn g\u01b0\u01a1ng m\u1eb7t tr\u1edf n\u00ean b\u1ee3t b\u1ea1t ng\u01b0\u1ee3c l\u1ea1i c\u00f2n n\u00e2ng level cho nhan s\u1eafc c\u01a1. Phong c\u00e1ch c\u1ee7a n\u00e0ng s\u1ebd kh\u00ed ch\u1ea5t h\u01a1n khi t\u00f4 \u0111i\u1ec3m b\u1eb1ng\u00a0<strong>son kem MAC Over The Taupe<\/strong>.<\/p>\n<figure id=\"attachment_2625\" aria-describedby=\"caption-attachment-2625\" style=\"width: 800px\" class=\"wp-caption aligncenter\"><img decoding=\"async\" loading=\"lazy\" class=\"wp-image-2625 size-full\" src=\"https:\/\/khomaudep.com\/alvalipstick\/wp-content\/uploads\/2022\/03\/mac997.jpg\" alt=\"\" width=\"800\" height=\"418\" srcset=\"https:\/\/pluginviet.com\/mau1\/wp-content\/uploads\/2022\/03\/mac997.jpg 800w, https:\/\/pluginviet.com\/mau1\/wp-content\/uploads\/2022\/03\/mac997-766x400.jpg 766w, https:\/\/pluginviet.com\/mau1\/wp-content\/uploads\/2022\/03\/mac997-768x401.jpg 768w, https:\/\/pluginviet.com\/mau1\/wp-content\/uploads\/2022\/03\/mac997-600x314.jpg 600w\" sizes=\"(max-width: 800px) 100vw, 800px\" \/><figcaption id=\"caption-attachment-2625\" class=\"wp-caption-text\">Son MAC 997 Over The Taupe<\/figcaption><\/figure>\n<h3>Packaging c\u1ee7a son MAC 997 Over The Taupe mang kh\u00ed ch\u1ea5t ri\u00eang<\/h3>\n<p>Thi\u1ebft k\u1ebf h\u00ecnh vi\u00ean \u0111\u1ea1n signature c\u1ee7a MAC v\u1eabn \u0111\u01b0\u1ee3c \u0111\u01b0a v\u00e0o\u00a0<strong>son MAC m\u00e0u 997\u00a0<\/strong>n\u00e0y. N\u1ebfu \u0111\u00e3 bi\u1ebft \u0111\u1ebfn d\u00f2ng Retro Matte tr\u01b0\u1edbc \u0111\u00f3 c\u1ee7a MAC, nh\u00ecn b\u1ea3n Powder Kiss Liquid Lipcolour s\u1ebd th\u1ea5y th\u00e2n quen. V\u1eabn l\u00e0 son kem l\u00ec n\u1eafp \u0111en v\u00e0 th\u00e2n trong su\u1ed1t. \u0110i\u1ec3m kh\u00e1c bi\u1ec7t c\u1ee7a\u00a0<strong>son kem MAC Over The Taupe\u00a0<\/strong>l\u00e0 b\u1ec1 m\u1eb7t son nh\u00e1m l\u00ec t\u1eeb n\u1eafp \u0111\u1ebfn th\u00e2n. M\u1edd m\u1edd \u1ea3o \u1ea3o, nh\u00ecn l\u00e0 \u0111o\u00e1n ngay \u0111\u01b0\u1ee3c \u201cn\u1ed9i dung\u201d \u0111\u1eb7c tr\u01b0ng b\u00ean trong c\u1ee7a son li\u1ec1n.<\/p>\n<figure id=\"attachment_2618\" aria-describedby=\"caption-attachment-2618\" style=\"width: 800px\" class=\"wp-caption aligncenter\"><img decoding=\"async\" loading=\"lazy\" class=\"wp-image-2618 size-full\" src=\"https:\/\/khomaudep.com\/alvalipstick\/wp-content\/uploads\/2022\/03\/mac997.1.jpg\" alt=\"\" width=\"800\" height=\"800\" srcset=\"https:\/\/pluginviet.com\/mau1\/wp-content\/uploads\/2022\/03\/mac997.1.jpg 800w, https:\/\/pluginviet.com\/mau1\/wp-content\/uploads\/2022\/03\/mac997.1-400x400.jpg 400w, https:\/\/pluginviet.com\/mau1\/wp-content\/uploads\/2022\/03\/mac997.1-280x280.jpg 280w, https:\/\/pluginviet.com\/mau1\/wp-content\/uploads\/2022\/03\/mac997.1-768x768.jpg 768w, https:\/\/pluginviet.com\/mau1\/wp-content\/uploads\/2022\/03\/mac997.1-600x600.jpg 600w, https:\/\/pluginviet.com\/mau1\/wp-content\/uploads\/2022\/03\/mac997.1-100x100.jpg 100w\" sizes=\"(max-width: 800px) 100vw, 800px\" \/><figcaption id=\"caption-attachment-2618\" class=\"wp-caption-text\">D\u00e1ng h\u00ecnh son MAC 997 Over The Taupe<\/figcaption><\/figure>\n<p>\u0110i\u1ec1u \u0111\u1eb7c bi\u1ec7t l\u00e0 \u0111\u1ea7u c\u1ecd c\u1ee7a c\u00e2y MAC n\u00e0y kh\u00f4ng v\u00e1t nh\u1ecdn nh\u01b0 m\u1ea5y lo\u1ea1i son kem kh\u00e1c. Thay v\u00e0o \u0111\u00f3\u00a0<strong>son MAC 997\u00a0<\/strong>l\u1ea1i c\u00f3 h\u00ecnh t\u1ef1a \u0111\u1ed3ng h\u1ed3 c\u00e1t mini, thon \u1edf gi\u1eefa. M\u1ed7i l\u1ea7n r\u00fat l\u1ea5y \u0111\u01b0\u1ee3c kh\u00e1 nhi\u1ec1u son v\u00e0 khi thoa l\u00ean, c\u1ecd c\u0169ng \u00f4m m\u00f4i s\u00e1t h\u01a1n. Tr\u00f2n tr\u00f2n m\u00e0 tr\u00f4ng th\u1ea7n k\u1ef3 h\u1ebft n\u1ea5c.<\/p>\n<p>\u0110\u1eb7c \u0111i\u1ec3m n\u00e0y ph\u00f9 h\u1ee3p v\u1edbi nh\u1eefng ai m\u00ea makeup s\u01b0\u01a1ng s\u01b0\u01a1ng, th\u00edch tan vi\u1ec1n m\u00f4i m\u1ec1m m\u1ea1i, t\u1ef1 nhi\u00ean. Nh\u00e0 s\u1ea3n xu\u1ea5t \u0111\u00e3 v\u00f4 c\u00f9ng tinh t\u1ebf khi bi\u1ebfn h\u00f3a \u0111\u1ea7u c\u1ecd t\u00f4n b\u1eadt ch\u1ea5t son x\u1ed1p nh\u01b0\u00a0<strong>son kem MAC Over The Taupe<\/strong>.<\/p>\n<h3>Ch\u1ea5t son si\u00eau m\u1ec1m m\u1ecbn, ph\u1ee7 ph\u1ea5n l\u00ean m\u00f4i c\u1ee7a son MAC 997<\/h3>\n<figure id=\"attachment_2623\" aria-describedby=\"caption-attachment-2623\" style=\"width: 800px\" class=\"wp-caption aligncenter\"><img decoding=\"async\" loading=\"lazy\" class=\"wp-image-2623 size-full\" src=\"https:\/\/khomaudep.com\/alvalipstick\/wp-content\/uploads\/2022\/03\/mac997.6.jpg\" alt=\"\" width=\"800\" height=\"791\" srcset=\"https:\/\/pluginviet.com\/mau1\/wp-content\/uploads\/2022\/03\/mac997.6.jpg 800w, https:\/\/pluginviet.com\/mau1\/wp-content\/uploads\/2022\/03\/mac997.6-405x400.jpg 405w, https:\/\/pluginviet.com\/mau1\/wp-content\/uploads\/2022\/03\/mac997.6-768x759.jpg 768w, https:\/\/pluginviet.com\/mau1\/wp-content\/uploads\/2022\/03\/mac997.6-600x593.jpg 600w, https:\/\/pluginviet.com\/mau1\/wp-content\/uploads\/2022\/03\/mac997.6-100x100.jpg 100w\" sizes=\"(max-width: 800px) 100vw, 800px\" \/><figcaption id=\"caption-attachment-2623\" class=\"wp-caption-text\">Son MAC 997 Over The Taupe v\u1eabn pha s\u1eafc cam n\u00ean n\u1ecbnh da<\/figcaption><\/figure>\n<p>M\u00e0u son l\u00ean r\u00f5 ngay t\u1eeb l\u1ea7n di c\u1ecd \u0111\u1ea7u ti\u00ean. Khi m\u1edbi thoa l\u00ean tay th\u1ea5y\u00a0<strong>son MAC 997\u00a0<\/strong>c\u00f3 \u0111\u1ed9 b\u00f3ng nh\u1eb9 nh\u01b0ng tr\u00ean m\u00f4i m\u1ecbn l\u00ec tuy\u1ec7t \u0111\u1ed1i, nh\u01b0 ph\u1ee7 l\u1edbp v\u1ea3i nhung b\u00f3ng m\u1ec1m \u1ea5y. \u0110\u00f3 ch\u00ednh l\u00e0 hi\u1ec7u \u1ee9ng Powder Kiss m\u00e0 MAC qu\u1ea3ng b\u00e1. Trong khi son th\u1ecfi ph\u1ea3i m\u1ea5y l\u1edbp m\u1edbi l\u00ean m\u00e0u \u0111\u1eadm nh\u1ea5t c\u00f2n\u00a0<strong>son kem MAC 997<\/strong>\u00a0cho m\u00e0u r\u00f5 li\u1ec1n.<\/p>\n<p>Ch\u1ea5t\u00a0<strong>son MAC 997 Over The Taupe\u00a0<\/strong>m\u1ec1m m\u1ecbn, x\u1ed1p nh\u1eb9, l\u00ean m\u00e0u t\u1ed1t \u0111\u1ebfn ng\u1ee1 ng\u00e0ng. Son che ph\u1ee7 ho\u00e0n h\u1ea3o, l\u1ea5p \u0111\u1ea7y t\u1eebng r\u00e3nh m\u00f4i d\u00f9 l\u00e0 nh\u1ecf nh\u1ea5t, c\u00e0ng b\u1eb7m c\u00e0ng tan m\u00e0u \u0111\u1eb9p. C\u1ea3i thi\u1ec7n h\u1ebft th\u1ea3y nh\u1eefng khuy\u1ebft \u0111i\u1ec3m c\u1ee7a d\u00f2ng Powder Kiss c\u0169,\u00a0<strong>son kem MAC 997\u00a0<\/strong>n\u00e0y \u0111\u00fang chu\u1ea9n ch\u1ea5t l\u00ec \u0111\u1ec9nh cao.<\/p>\n<figure id=\"attachment_2619\" aria-describedby=\"caption-attachment-2619\" style=\"width: 800px\" class=\"wp-caption aligncenter\"><img decoding=\"async\" loading=\"lazy\" class=\"wp-image-2619 size-full\" src=\"https:\/\/khomaudep.com\/alvalipstick\/wp-content\/uploads\/2022\/03\/mac997.2.jpg\" alt=\"\" width=\"800\" height=\"800\" srcset=\"https:\/\/pluginviet.com\/mau1\/wp-content\/uploads\/2022\/03\/mac997.2.jpg 800w, https:\/\/pluginviet.com\/mau1\/wp-content\/uploads\/2022\/03\/mac997.2-400x400.jpg 400w, https:\/\/pluginviet.com\/mau1\/wp-content\/uploads\/2022\/03\/mac997.2-280x280.jpg 280w, https:\/\/pluginviet.com\/mau1\/wp-content\/uploads\/2022\/03\/mac997.2-768x768.jpg 768w, https:\/\/pluginviet.com\/mau1\/wp-content\/uploads\/2022\/03\/mac997.2-600x600.jpg 600w, https:\/\/pluginviet.com\/mau1\/wp-content\/uploads\/2022\/03\/mac997.2-100x100.jpg 100w\" sizes=\"(max-width: 800px) 100vw, 800px\" \/><figcaption id=\"caption-attachment-2619\" class=\"wp-caption-text\">Son kem MAC 997 Over The Taupe<\/figcaption><\/figure>\n<p>C\u00f3 th\u1ec3 n\u00f3i r\u1eb1ng,\u00a0<strong>son MAC 997 Over The Taupe\u00a0<\/strong>m\u1edbi ra \u0111\u00fang ch\u1ea5t \u201cpowder\u201d m\u00e0 MAC h\u01b0\u1edbng \u0111\u1ebfn. Son t\u1ea1o b\u1ec1 m\u1eb7t m\u1ecbn l\u00ec tuy\u1ec7t \u0111\u1ed1i, tr\u01a1n c\u00f3 \u0111\u1ed9 m\u01b0\u1edbt nh\u1eb9, kh\u00f4ng b\u00f3ng, kh\u00f4ng khi\u1ebfn m\u00f4i kh\u00f4 c\u0169ng kh\u00f4ng l\u1ed9 r\u00e3nh m\u00f4i x\u1ea5u x\u00ed.<\/p>\n<h3>\u0110\u1ed9 b\u1ec1n m\u00e0u v\u00e0 m\u00f9i h\u01b0\u01a1ng c\u1ee7a son kem MAC 997 khi\u1ebfn ai n\u1ea5y xu\u00fdt xoa<\/h3>\n<p>Son b\u1ec1n m\u00e0u, ho\u00e0n to\u00e0n \u00edt tr\u01a1n tr\u01b0\u1ee3t t\u1eeb khi m\u1edbi thoa hay su\u1ed1t c\u1ea3 ng\u00e0y d\u00e0i. 10 ti\u1ebfng l\u00e0 th\u1eddi gian m\u00e0 MAC m\u00f4 t\u1ea3 v\u1ec1 \u0111\u1ed9 b\u1ec1n m\u00e0u kh\u1ee7ng c\u1ee7a\u00a0<strong>son kem MAC Over The Taupe<\/strong>.<\/p>\n<p>Son c\u00f3 h\u01b0\u01a1ng vanilla \u0111\u1eadm, \u0111\u1eb7c tr\u01b0ng c\u1ee7a MAC theo su\u1ed1t bao d\u00f2ng son t\u1edbi nay.<\/p>\n<h2>\u0110\u1eebng b\u1ecf l\u1ee1 son kem si\u00eau m\u1ec1m hot hit MAC Powder Kiss Liquid Lipcolour 997 Over The Taupe<\/h2>\n<p>Tuy\u1ec7t ph\u1ea9m son kem l\u00ec MAC Powder Kiss Liquid Lipcolour \u0111\u01b0\u1ee3c s\u1ea3n xu\u1ea5t v\u00e0 tung ra \u0111\u1ea7u ti\u00ean t\u1ea1i th\u1ecb tr\u01b0\u1eddng H\u00e0n Qu\u1ed1c, ngay sau \u0111\u00f3 g\u00e2y b\u00e3o to\u00e0n c\u1ea7u. To\u00e0n nh\u1eefng m\u00e0u son n\u00e2ng level nhan s\u1eafc \u0111\u1ec9nh cao, n\u00e0ng n\u00e0o m\u00e0 kh\u00f4ng rinh l\u00e0 thi\u1ec7t. G\u00f3i tr\u1ecdn bao \u01b0u \u0111i\u1ec3m c\u1ee7a m\u1ed9t ch\u1ea5t kem l\u00ec chu\u1ea9n \u0111\u1eb9p,\u00a0<strong>son MAC 997 Over The Taupe\u00a0<\/strong>l\u00e0 m\u1ed9t trong 17 s\u1eafc \u0111\u1ed9 \u0111\u00e1ng h\u00f3ng nh\u1ea5t 2020 n\u00e0y!<\/p>\n<h2 style=\"text-align: right\"><strong>khomaudep.com\/alvalipstick<\/strong><\/h2>\n\n\n<div class=\"kk-star-ratings kksr-auto kksr-align-right kksr-valign-bottom kksr-disabled\"\n    data-payload='{&quot;align&quot;:&quot;right&quot;,&quot;id&quot;:&quot;2616&quot;,&quot;readonly&quot;:&quot;1&quot;,&quot;slug&quot;:&quot;default&quot;,&quot;valign&quot;:&quot;bottom&quot;,&quot;ignore&quot;:&quot;&quot;,&quot;reference&quot;:&quot;auto&quot;,&quot;class&quot;:&quot;&quot;,&quot;count&quot;:&quot;0&quot;,&quot;legendonly&quot;:&quot;&quot;,&quot;score&quot;:&quot;0&quot;,&quot;starsonly&quot;:&quot;&quot;,&quot;best&quot;:&quot;5&quot;,&quot;gap&quot;:&quot;5&quot;,&quot;greet&quot;:&quot;Rate this product&quot;,&quot;legend&quot;:&quot;0\\\/5 - (0 b\\u00ecnh ch\\u1ecdn)&quot;,&quot;size&quot;:&quot;24&quot;,&quot;title&quot;:&quot;Son MAC 997 Over The Taupe N\\u00e2u T\\u00e2y \\u2013 Powder Kiss Liquid&quot;,&quot;width&quot;:&quot;0&quot;,&quot;_legend&quot;:&quot;{score}\\\/{best} - ({count} {votes})&quot;,&quot;font_factor&quot;:&quot;1.25&quot;}'>\n            \n<div class=\"kksr-stars\">\n    \n<div class=\"kksr-stars-inactive\">\n            <div class=\"kksr-star\" data-star=\"1\" style=\"padding-right: 5px\">\n            \n\n<div class=\"kksr-icon\" style=\"width: 24px; height: 24px;\"><\/div>\n        <\/div>\n            <div class=\"kksr-star\" data-star=\"2\" style=\"padding-right: 5px\">\n            \n\n<div class=\"kksr-icon\" style=\"width: 24px; height: 24px;\"><\/div>\n        <\/div>\n            <div class=\"kksr-star\" data-star=\"3\" style=\"padding-right: 5px\">\n            \n\n<div class=\"kksr-icon\" style=\"width: 24px; height: 24px;\"><\/div>\n        <\/div>\n            <div class=\"kksr-star\" data-star=\"4\" style=\"padding-right: 5px\">\n            \n\n<div class=\"kksr-icon\" style=\"width: 24px; height: 24px;\"><\/div>\n        <\/div>\n            <div class=\"kksr-star\" data-star=\"5\" style=\"padding-right: 5px\">\n            \n\n<div class=\"kksr-icon\" style=\"width: 24px; height: 24px;\"><\/div>\n        <\/div>\n    <\/div>\n    \n<div class=\"kksr-stars-active\" style=\"width: 0px;\">\n            <div class=\"kksr-star\" style=\"padding-right: 5px\">\n            \n\n<div class=\"kksr-icon\" style=\"width: 24px; height: 24px;\"><\/div>\n        <\/div>\n            <div class=\"kksr-star\" style=\"padding-right: 5px\">\n            \n\n<div class=\"kksr-icon\" style=\"width: 24px; height: 24px;\"><\/div>\n        <\/div>\n            <div class=\"kksr-star\" style=\"padding-right: 5px\">\n            \n\n<div class=\"kksr-icon\" style=\"width: 24px; height: 24px;\"><\/div>\n        <\/div>\n            <div class=\"kksr-star\" style=\"padding-right: 5px\">\n            \n\n<div class=\"kksr-icon\" style=\"width: 24px; height: 24px;\"><\/div>\n        <\/div>\n            <div class=\"kksr-star\" style=\"padding-right: 5px\">\n            \n\n<div class=\"kksr-icon\" style=\"width: 24px; height: 24px;\"><\/div>\n        <\/div>\n    <\/div>\n<\/div>\n                \n\n<div class=\"kksr-legend\" style=\"font-size: 19.2px;\">\n            <span class=\"kksr-muted\">Rate this product<\/span>\n    <\/div>\n    <\/div>\n","protected":false},"excerpt":{"rendered":"<p>D\u00f2ng son kem l\u00ec MAC Powder Kiss Liquid Lipcolour tr\u00ecnh l\u00e0ng v\u00e0 ngay l\u1eadp t\u1ee9c g\u00e2y s\u1ed1t. M\u1ed9t trong nh\u1eefng c\u00e1i t\u00ean g\u00e2y b\u1ea5n lo\u1ea1n \u0111\u1ebfn t\u1eeb BST n\u00e0y l\u00e0\u00a0<strong>son MAC 997 Over The Taupe<\/strong>. N\u00e2u T\u00e2y sang x\u1ecbn, l\u00ean m\u00f4i m\u1ecbn m\u00e0ng, k\u00e9o m\u00f4i xinh nh\u1eb9 nh\u00e0ng th\u1ef1c s\u1ef1 r\u1ea5t \u0111\u00e1ng s\u1eafm.<\/p>\n<ul>\n<li>Th\u01b0\u01a1ng hi\u1ec7u:\u00a0<strong>MAC<\/strong><\/li>\n<li>Xu\u1ea5t x\u1ee9:\u00a0<strong>M\u1ef9<\/strong><\/li>\n<li>D\u00f2ng:\u00a0<strong>Powder Kiss Liquid Lipcolour<\/strong><\/li>\n<li>Dung t\u00edch:\u00a0<strong>5ml<\/strong><\/li>\n<\/ul>\n","protected":false},"featured_media":2617,"comment_status":"open","ping_status":"closed","template":"","meta":[],"pwb-brand":[274],"product_cat":[15,171],"product_tag":[333,334,335,336,337],"brands":[{"id":274,"name":"MAC","slug":"mac"}],"_links":{"self":[{"href":"https:\/\/pluginviet.com\/mau1\/wp-json\/wp\/v2\/product\/2616"}],"collection":[{"href":"https:\/\/pluginviet.com\/mau1\/wp-json\/wp\/v2\/product"}],"about":[{"href":"https:\/\/pluginviet.com\/mau1\/wp-json\/wp\/v2\/types\/product"}],"replies":[{"embeddable":true,"href":"https:\/\/pluginviet.com\/mau1\/wp-json\/wp\/v2\/comments?post=2616"}],"wp:featuredmedia":[{"embeddable":true,"href":"https:\/\/pluginviet.com\/mau1\/wp-json\/wp\/v2\/media\/2617"}],"wp:attachment":[{"href":"https:\/\/pluginviet.com\/mau1\/wp-json\/wp\/v2\/media?parent=2616"}],"wp:term":[{"taxonomy":"pwb-brand","embeddable":true,"href":"https:\/\/pluginviet.com\/mau1\/wp-json\/wp\/v2\/pwb-brand?post=2616"},{"taxonomy":"product_cat","embeddable":true,"href":"https:\/\/pluginviet.com\/mau1\/wp-json\/wp\/v2\/product_cat?post=2616"},{"taxonomy":"product_tag","embeddable":true,"href":"https:\/\/pluginviet.com\/mau1\/wp-json\/wp\/v2\/product_tag?post=2616"}],"curies":[{"name":"wp","href":"https:\/\/api.w.org\/{rel}","templated":true}]}}