{"id":2557,"date":"2022-03-12T04:30:16","date_gmt":"2022-03-12T04:30:16","guid":{"rendered":"https:\/\/khomaudep.com\/alvalipstick\/?post_type=product&#038;p=2557"},"modified":"2022-03-25T08:26:04","modified_gmt":"2022-03-25T08:26:04","slug":"son-duong-dior-addict-lip-glow-004-coral-mau-cam-san-ho","status":"publish","type":"product","link":"https:\/\/pluginviet.com\/mau1\/san-pham\/son-duong-dior-addict-lip-glow-004-coral-mau-cam-san-ho\/","title":{"rendered":"Son D\u01b0\u1ee1ng Dior Addict Lip Glow 004 Coral M\u00e0u Cam San H\u00f4"},"content":{"rendered":"<h2>Son D\u01b0\u1ee1ng Dior 004 Coral M\u00e0u Cam San H\u00f4<\/h2>\n<h3>Son d\u01b0\u1ee1ng Dior 004 \u2013 Son d\u01b0\u1ee1ng Dior Addict Lip Glow 004<\/h3>\n<p>Bi\u1ec3u t\u01b0\u1ee3ng son d\u01b0\u1ee1ng ho\u00e0n h\u1ea3o t\u1eebng chi ti\u1ebft \u2013\u00a0<strong>son Dior Addict Lip Glow\u00a0<\/strong>l\u00e0 d\u00f2ng d\u01b0\u1ee1ng m\u00f4i cao c\u1ea5p \u0111\u1ec9nh nh\u1ea5t hi\u1ec7n nay. B\u1ed9 s\u01b0u t\u1eadp thi\u00ean th\u1ea7n v\u1ecf h\u1ed3ng v\u00f4 c\u00f9ng \u0103n kh\u00e1ch, ch\u00e1y h\u00e0ng tr\u00ean m\u1ecdi \u201cm\u1eb7t tr\u1eadn\u201d, tr\u1edf th\u00e0nh ng\u01b0\u1eddi t\u00ecnh trong m\u1ed9ng c\u1ee7a tri\u1ec7u ph\u00e1i \u0111\u1eb9p tr\u00ean th\u1ebf gi\u1edbi. S\u1edf h\u1eefu\u00a0\u01b0u \u0111i\u1ec3m v\u1ec1 kh\u1ea3 n\u0103ng d\u01b0\u1ee1ng \u1ea9m t\u1ed1t, m\u00e0u m\u00f4i t\u1ef1 nhi\u00ean s\u00e1ng h\u1ed3ng t\u00f9y \u0111\u1ed9 pH t\u1eebng ng\u01b0\u1eddi, t\u00ednh n\u0103ng l\u00e0m t\u01b0\u01a1i m\u00e0u son c\u0169, n\u00f3i d\u00f2ng d\u01b0\u1ee1ng Dior n\u00e0y l\u00e0 huy\u1ec1n tho\u1ea1i c\u0169ng ch\u1eb3ng ph\u1ea3i qu\u00e1 l\u1eddi. M\u1ed9t trong nh\u1eefng s\u1ea3n ph\u1ea9m nh\u1ea5t \u0111\u1ecbnh ph\u1ea3i k\u1ec3 \u0111\u1ebfn\u00a0 k\u1ec3 \u0111\u1ebfn\u00a0<strong>son d\u01b0\u1ee1ng Dior 004\u00a0<\/strong>\u2013 m\u1ed9t m\u00e0u cam san h\u00f4 \u1ea3o di\u1ec7u, ng\u1ecdt ng\u00e0o v\u00e0 quy\u1ebfn r\u0169.<\/p>\n<figure id=\"attachment_2558\" aria-describedby=\"caption-attachment-2558\" style=\"width: 700px\" class=\"wp-caption aligncenter\"><img decoding=\"async\" loading=\"lazy\" class=\"wp-image-2558 size-full\" src=\"https:\/\/khomaudep.com\/alvalipstick\/wp-content\/uploads\/2022\/03\/dior004.1.jpg\" alt=\"\" width=\"700\" height=\"700\" srcset=\"https:\/\/pluginviet.com\/mau1\/wp-content\/uploads\/2022\/03\/dior004.1.jpg 700w, https:\/\/pluginviet.com\/mau1\/wp-content\/uploads\/2022\/03\/dior004.1-400x400.jpg 400w, https:\/\/pluginviet.com\/mau1\/wp-content\/uploads\/2022\/03\/dior004.1-280x280.jpg 280w, https:\/\/pluginviet.com\/mau1\/wp-content\/uploads\/2022\/03\/dior004.1-600x600.jpg 600w, https:\/\/pluginviet.com\/mau1\/wp-content\/uploads\/2022\/03\/dior004.1-100x100.jpg 100w\" sizes=\"(max-width: 700px) 100vw, 700px\" \/><figcaption id=\"caption-attachment-2558\" class=\"wp-caption-text\">Son d\u01b0\u1ee1ng Dior Addict Lip Glow 004 Coral<\/figcaption><\/figure>\n<h2>Son d\u01b0\u1ee1ng Dior Addict Lip Glow 004 \u2013 \u0111i\u1ec3m 10 v\u1ec1 ch\u1ea5t l\u01b0\u1ee3ng<\/h2>\n<h3>Son d\u01b0\u1ee1ng Dior Addict Lip Glow 004 Coral m\u00e0u cam san h\u00f4 thu\u1ea7n khi\u1ebft<\/h3>\n<p>M\u1ed9t trong nh\u1eefng m\u00e0u son hot nh\u1ea5t c\u1ee7a Dior Lip Glow ch\u00ednh l\u00e0\u00a0<strong>son d\u01b0\u1ee1ng Dior Addict Lip Glow 004<\/strong>. M\u1ed9t t\u00f4ng cam san h\u00f4 trong veo mang \u0111\u1ebfn c\u1ea3m gi\u00e1c b\u1edd m\u00f4i nh\u01b0 mu\u1ed1n tan ch\u1ea3y. M\u00e0u son ch\u1eb3ng \u0111\u1eadm n\u00e9t ch\u00fat n\u00e0o m\u00e0 v\u1eabn khi\u1ebfn m\u00f4i b\u1eebng s\u00e1ng r\u1ea1ng ng\u1eddi. D\u00f9ng\u00a0<strong>son d\u01b0\u1ee1ng Dior 004\u00a0<\/strong>tr\u1ea3i tr\u00ean m\u00f4i m\u1ed9t l\u1edbp n\u1ec1n trong tr\u1ebbo, m\u01a1 m\u00e0ng.<\/p>\n<figure id=\"attachment_2560\" aria-describedby=\"caption-attachment-2560\" style=\"width: 800px\" class=\"wp-caption aligncenter\"><img decoding=\"async\" loading=\"lazy\" class=\"wp-image-2560 size-full\" src=\"https:\/\/khomaudep.com\/alvalipstick\/wp-content\/uploads\/2022\/03\/dior004.3.jpg\" alt=\"\" width=\"800\" height=\"783\" srcset=\"https:\/\/pluginviet.com\/mau1\/wp-content\/uploads\/2022\/03\/dior004.3.jpg 800w, https:\/\/pluginviet.com\/mau1\/wp-content\/uploads\/2022\/03\/dior004.3-409x400.jpg 409w, https:\/\/pluginviet.com\/mau1\/wp-content\/uploads\/2022\/03\/dior004.3-768x752.jpg 768w, https:\/\/pluginviet.com\/mau1\/wp-content\/uploads\/2022\/03\/dior004.3-600x587.jpg 600w\" sizes=\"(max-width: 800px) 100vw, 800px\" \/><figcaption id=\"caption-attachment-2560\" class=\"wp-caption-text\">Son d\u01b0\u1ee1ng Dior 004 Coral<\/figcaption><\/figure>\n<p><strong>Son d\u01b0\u1ee1ng Dior 004 Coral<\/strong>\u00a0thoa nhi\u1ec1u l\u1edbp l\u00ean m\u00e0u cam, h\u00f2a v\u1edbi s\u1eafc h\u1ed3ng t\u1ef1 nhi\u00ean tr\u00f4ng c\u00e0ng r\u1ef1c r\u1ee1. Ngo\u00e0i ra, th\u1ecfi\u00a0<strong>son Dior 004<\/strong>\u00a0n\u00e0y c\u00f2n \u0111a-zi-n\u0103ng khi l\u00e0m \u0111\u01b0\u1ee3c c\u1ea3 son b\u00f3ng \u1edf l\u1edbp finish, cho s\u1eafc \u0111\u1ed9 son c\u00e0ng r\u1ef1c r\u1ee1 h\u01a1n.<\/p>\n<figure id=\"attachment_2562\" aria-describedby=\"caption-attachment-2562\" style=\"width: 640px\" class=\"wp-caption aligncenter\"><img decoding=\"async\" loading=\"lazy\" class=\"wp-image-2562 size-full\" src=\"https:\/\/khomaudep.com\/alvalipstick\/wp-content\/uploads\/2022\/03\/dior004.4.jpg\" alt=\"\" width=\"640\" height=\"640\" srcset=\"https:\/\/pluginviet.com\/mau1\/wp-content\/uploads\/2022\/03\/dior004.4.jpg 640w, https:\/\/pluginviet.com\/mau1\/wp-content\/uploads\/2022\/03\/dior004.4-400x400.jpg 400w, https:\/\/pluginviet.com\/mau1\/wp-content\/uploads\/2022\/03\/dior004.4-280x280.jpg 280w, https:\/\/pluginviet.com\/mau1\/wp-content\/uploads\/2022\/03\/dior004.4-600x600.jpg 600w, https:\/\/pluginviet.com\/mau1\/wp-content\/uploads\/2022\/03\/dior004.4-100x100.jpg 100w\" sizes=\"(max-width: 640px) 100vw, 640px\" \/><figcaption id=\"caption-attachment-2562\" class=\"wp-caption-text\">Son d\u01b0\u1ee1ng Dior 004 Coral<\/figcaption><\/figure>\n<h3>Thi\u1ebft k\u1ebf c\u1ee7a son d\u01b0\u1ee1ng Dior 004 h\u00fat m\u1eaft<\/h3>\n<p>Ngo\u1ea1i h\u00ecnh son \u0111\u01b0\u1ee3c t\u1ea1o n\u00ean v\u1edbi style thanh l\u1ecbch m\u00e0 \u0111\u1eb3ng c\u1ea5p.\u00a0<strong>Son Dior 004 Coral<\/strong>\u00a0l\u00f5i kim lo\u1ea1i s\u00e1ng b\u00f3ng \u0111\u01b0\u1ee3c bao b\u1ecdc b\u1edfi n\u1eafp nh\u1ef1a h\u1ed3ng trong tr\u1ebbo. Son nh\u1ecf g\u1ecdn m\u00e0 ch\u1eafc ch\u1eafn. D\u1ea5u \u1ea5n th\u01b0\u01a1ng hi\u1ec7u\u00a0<strong>son Dior\u00a0<\/strong>\u0111\u01b0\u1ee3c l\u1ed3ng gh\u00e9p h\u00e0i ho\u00e0 khi c\u00f3 bi\u1ec3u t\u01b0\u1ee3ng CD d\u1eadp ch\u00ecm tr\u00ean th\u00e2n. Th\u00eam v\u00e0o \u0111\u00f3,\u00a0<strong>son d\u01b0\u1ee1ng Dior Addict Lip Glow 004 Coral<\/strong>\u00a0\u1edf \u0111u\u00f4i c\u00f2n c\u00f3 n\u00fam tr\u00f2m kh\u00e1c bi\u1ec7t v\u00e0 tinh t\u1ebf. M\u1ed9t c\u00e2y son cho bao tr\u00e1i tim \u201clo\u1ea1n nh\u1ecbp\u201d, sang tr\u1ecdng v\u00e0 tr\u1ebb trung mang \u0111\u1ebfn c\u1ea3m gi\u00e1c ti\u1ec3u th\u01b0 quy\u1ec1n qu\u00fd \u0111\u1eadm tinh hoa Ph\u00e1p hoa l\u1ec7.<\/p>\n<figure id=\"attachment_2563\" aria-describedby=\"caption-attachment-2563\" style=\"width: 800px\" class=\"wp-caption aligncenter\"><img decoding=\"async\" loading=\"lazy\" class=\"wp-image-2563 size-full\" src=\"https:\/\/khomaudep.com\/alvalipstick\/wp-content\/uploads\/2022\/03\/dior004.5.jpg\" alt=\"\" width=\"800\" height=\"530\" srcset=\"https:\/\/pluginviet.com\/mau1\/wp-content\/uploads\/2022\/03\/dior004.5.jpg 800w, https:\/\/pluginviet.com\/mau1\/wp-content\/uploads\/2022\/03\/dior004.5-604x400.jpg 604w, https:\/\/pluginviet.com\/mau1\/wp-content\/uploads\/2022\/03\/dior004.5-768x509.jpg 768w, https:\/\/pluginviet.com\/mau1\/wp-content\/uploads\/2022\/03\/dior004.5-600x398.jpg 600w\" sizes=\"(max-width: 800px) 100vw, 800px\" \/><figcaption id=\"caption-attachment-2563\" class=\"wp-caption-text\">Thi\u1ebft k\u1ebf son d\u01b0\u1ee1ng Dior 004 Coral<\/figcaption><\/figure>\n<h3>Ch\u1ea5t son Dior Addict Lip Glow 004 d\u01b0\u1ee1ng \u0111\u1ec9nh cao<\/h3>\n<p>L\u00fd do khi\u1ebfn\u00a0<strong>son d\u01b0\u1ee1ng Dior Addict Lip Glow 004\u00a0<\/strong>\u0111\u00e1nh b\u1ea1i nh\u1eefng c\u00e2y d\u01b0\u1ee1ng m\u00f4i kh\u00e1c\u00a0b\u1edfi ch\u1ea5t son b\u1ea3o v\u1ec7 m\u00f4i t\u1ee9c th\u00ec. Thoa m\u1ed9t l\u1edbp son l\u00e0 bao nhi\u00eau khuy\u1ebft \u0111i\u1ec3m \u0111\u01b0\u1ee3c l\u1ea5p \u0111\u1ea7y, m\u00f4i m\u1ecbn v\u00e0 m\u1ecdng h\u1eb3n.\u00a0<strong>Son d\u01b0\u1ee1ng Dior 004<\/strong>\u00a0d\u01b0\u1ee1ng t\u1ed1t nh\u01b0ng kh\u00f4ng b\u1ecb b\u1ebft d\u00ednh, kh\u00f4ng b\u00f3ng qu\u00e1 m\u1ee9c. C\u1ea3m gi\u00e1c son l\u00ean m\u00e0u thu\u1ea7n khi\u1ebft, trong tr\u1ebbo ch\u1ee9a \u0111\u1ef1ng bao s\u1ef1 ng\u1ecdt ng\u00e0o. D\u00f9 m\u00f4i th\u00e2m v\u00e0 bong tr\u00f3c \u0111\u1ec1u \u0111\u01b0\u1ee3c \u201cc\u1ee9u c\u1ea3nh c\u1ea3\u201d.\u00a0<strong>Son d\u01b0\u1ee1ng Dior 004 Coral\u00a0<\/strong>c\u00f2n\u00a0b\u1ec1n m\u00e0u \u0111\u1ebfn 3-4h li\u1ec1n.<\/p>\n<figure id=\"attachment_2564\" aria-describedby=\"caption-attachment-2564\" style=\"width: 800px\" class=\"wp-caption aligncenter\"><img decoding=\"async\" loading=\"lazy\" class=\"wp-image-2564 size-full\" src=\"https:\/\/khomaudep.com\/alvalipstick\/wp-content\/uploads\/2022\/03\/dior004.6.jpg\" alt=\"\" width=\"800\" height=\"797\" srcset=\"https:\/\/pluginviet.com\/mau1\/wp-content\/uploads\/2022\/03\/dior004.6.jpg 800w, https:\/\/pluginviet.com\/mau1\/wp-content\/uploads\/2022\/03\/dior004.6-402x400.jpg 402w, https:\/\/pluginviet.com\/mau1\/wp-content\/uploads\/2022\/03\/dior004.6-280x280.jpg 280w, https:\/\/pluginviet.com\/mau1\/wp-content\/uploads\/2022\/03\/dior004.6-768x765.jpg 768w, https:\/\/pluginviet.com\/mau1\/wp-content\/uploads\/2022\/03\/dior004.6-600x598.jpg 600w, https:\/\/pluginviet.com\/mau1\/wp-content\/uploads\/2022\/03\/dior004.6-100x100.jpg 100w\" sizes=\"(max-width: 800px) 100vw, 800px\" \/><figcaption id=\"caption-attachment-2564\" class=\"wp-caption-text\">Son d\u01b0\u1ee1ng Dior Addict Lip Glow 004 Coral m\u00e0u san h\u00f4<\/figcaption><\/figure>\n<h3>Son d\u01b0\u1ee1ng Dior 004 Coral l\u00e0m t\u01b0\u01a1i m\u00e0u m\u00f4i v\u00e0 t\u01b0\u01a1i m\u00e0u son, b\u1ea3o v\u1ec7 kh\u1ecfi tia UV<\/h3>\n<p>Gi\u1ea3i th\u00edch c\u00f4ng ngh\u1ec7\u00a0<em>Color Reviver<\/em>\u00a0c\u1ee7a\u00a0<strong>son d\u01b0\u1ee1ng Dior 004 Coral<\/strong>\u00a0l\u00e0 son l\u00ean m\u00f4i, ph\u1ea3n \u1ee9ng c\u00f9ng \u0111\u1ed9 pH c\u1ee7a m\u00f4i v\u00e0 gi\u00fap \u0111\u00f4i m\u00f4i b\u1eebng s\u00e1ng, ch\u1eb3ng kh\u00e1c n\u00e0o \u0111\u01b0\u1ee3c h\u1ed3i sinh t\u1ee9c th\u00ec t\u1eeb b\u00ean trong. Ngo\u00e0i ra th\u00ec\u00a0<strong>son Dior\u00a0004<\/strong>\u00a0c\u00f2n mang l\u1ea1i hi\u1ec7u qu\u1ea3 cho l\u1edbp son m\u00e0u \u0111\u00e3 phai. Thoa ngay son d\u01b0\u1ee1ng Dior \u0111\u1ec3 m\u00f4i \u0111\u1ea7y \u0111\u1eb7n, t\u01b0\u01a1i t\u1eafn m\u00e0 quy\u1ebfn r\u0169 h\u01a1n h\u1eb3n. Ngo\u00e0i ra,\u00a0<strong>son Dior Addict Lip Glow\u00a0<\/strong>m\u00e0u 004 c\u00f2n ch\u1ee9a\u00a0th\u00e0nh ph\u1ea7n Wild Mango v\u00e0 Luffa Cylindrica, ch\u1ee9a th\u00e0nh ph\u1ea7n ch\u1ed1ng n\u1eafng SPF 10 ch\u1ed1ng m\u00f4i th\u00e2m v\u00e0 l\u00e3o h\u00f3a.<\/p>\n<figure id=\"attachment_2565\" aria-describedby=\"caption-attachment-2565\" style=\"width: 800px\" class=\"wp-caption aligncenter\"><img decoding=\"async\" loading=\"lazy\" class=\"wp-image-2565 size-full\" src=\"https:\/\/khomaudep.com\/alvalipstick\/wp-content\/uploads\/2022\/03\/dior004.7.jpg\" alt=\"\" width=\"800\" height=\"800\" srcset=\"https:\/\/pluginviet.com\/mau1\/wp-content\/uploads\/2022\/03\/dior004.7.jpg 800w, https:\/\/pluginviet.com\/mau1\/wp-content\/uploads\/2022\/03\/dior004.7-400x400.jpg 400w, https:\/\/pluginviet.com\/mau1\/wp-content\/uploads\/2022\/03\/dior004.7-280x280.jpg 280w, https:\/\/pluginviet.com\/mau1\/wp-content\/uploads\/2022\/03\/dior004.7-768x768.jpg 768w, https:\/\/pluginviet.com\/mau1\/wp-content\/uploads\/2022\/03\/dior004.7-600x600.jpg 600w, https:\/\/pluginviet.com\/mau1\/wp-content\/uploads\/2022\/03\/dior004.7-100x100.jpg 100w\" sizes=\"(max-width: 800px) 100vw, 800px\" \/><figcaption id=\"caption-attachment-2565\" class=\"wp-caption-text\">Son d\u01b0\u1ee1ng Dior 004 Coral<\/figcaption><\/figure>\n<h2>Son d\u01b0\u1ee1ng Dior Addict Lip Glow 004 \u2013 t\u1eeb \u201cc\u00f4ng ch\u00faa son d\u01b0\u1ee1ng\u201d n\u00e2ng t\u1ea7m l\u00ean n\u1eef ho\u00e0ng<\/h2>\n<p>\u0110\u1eb9p \u0111\u1ebfn vi di\u1ec7u, ho\u00e0n m\u0129 trong t\u1eebng chi ti\u1ebft, ch\u00e2n th\u1ef1c m\u00e0 \u1ea3o di\u1ec7u, \u0111\u00f3 l\u00e0 \u0111i\u1ec1u m\u00e0\u00a0<strong>son d\u01b0\u1ee1ng Dior 004\u00a0<\/strong>mang \u0111\u1ebfn. \u0110\u00fang l\u00e0\u00a0<em>son d\u01b0\u1ee1ng trong m\u01a1\u00a0<\/em>v\u1edbi bao t\u00ednh n\u0103ng n\u1ed5i tr\u1ed9i. Dior \u0111\u1eb3ng c\u1ea5p c\u00e0ng kh\u1eb3ng \u0111\u1ecbnh \u0111\u01b0\u1ee3c gi\u00e1 tr\u1ecb th\u01b0\u01a1ng hi\u1ec7u v\u1edbi\u00a0<strong>son Dior Addict Lip Glow 004 Coral<\/strong>. Phi\u00ean b\u1ea3n chi\u1ec1u l\u00f2ng m\u1ecdi ph\u00e1i \u0111\u1eb9p, kh\u00f4ng c\u00f3 trong b\u1ed9 s\u01b0u t\u1eadp th\u00ec qu\u1ea3 l\u00e0 thi\u1ebfu s\u00f3t.<\/p>\n<h2 style=\"text-align: right\"><strong>khomaudep.com\/alvalipstick<\/strong><\/h2>\n\n\n<div class=\"kk-star-ratings kksr-auto kksr-align-right kksr-valign-bottom kksr-disabled\"\n    data-payload='{&quot;align&quot;:&quot;right&quot;,&quot;id&quot;:&quot;2557&quot;,&quot;readonly&quot;:&quot;1&quot;,&quot;slug&quot;:&quot;default&quot;,&quot;valign&quot;:&quot;bottom&quot;,&quot;ignore&quot;:&quot;&quot;,&quot;reference&quot;:&quot;auto&quot;,&quot;class&quot;:&quot;&quot;,&quot;count&quot;:&quot;0&quot;,&quot;legendonly&quot;:&quot;&quot;,&quot;score&quot;:&quot;0&quot;,&quot;starsonly&quot;:&quot;&quot;,&quot;best&quot;:&quot;5&quot;,&quot;gap&quot;:&quot;5&quot;,&quot;greet&quot;:&quot;Rate this product&quot;,&quot;legend&quot;:&quot;0\\\/5 - (0 b\\u00ecnh ch\\u1ecdn)&quot;,&quot;size&quot;:&quot;24&quot;,&quot;title&quot;:&quot;Son D\\u01b0\\u1ee1ng Dior Addict Lip Glow 004 Coral M\\u00e0u Cam San H\\u00f4&quot;,&quot;width&quot;:&quot;0&quot;,&quot;_legend&quot;:&quot;{score}\\\/{best} - ({count} {votes})&quot;,&quot;font_factor&quot;:&quot;1.25&quot;}'>\n            \n<div class=\"kksr-stars\">\n    \n<div class=\"kksr-stars-inactive\">\n            <div class=\"kksr-star\" data-star=\"1\" style=\"padding-right: 5px\">\n            \n\n<div class=\"kksr-icon\" style=\"width: 24px; height: 24px;\"><\/div>\n        <\/div>\n            <div class=\"kksr-star\" data-star=\"2\" style=\"padding-right: 5px\">\n            \n\n<div class=\"kksr-icon\" style=\"width: 24px; height: 24px;\"><\/div>\n        <\/div>\n            <div class=\"kksr-star\" data-star=\"3\" style=\"padding-right: 5px\">\n            \n\n<div class=\"kksr-icon\" style=\"width: 24px; height: 24px;\"><\/div>\n        <\/div>\n            <div class=\"kksr-star\" data-star=\"4\" style=\"padding-right: 5px\">\n            \n\n<div class=\"kksr-icon\" style=\"width: 24px; height: 24px;\"><\/div>\n        <\/div>\n            <div class=\"kksr-star\" data-star=\"5\" style=\"padding-right: 5px\">\n            \n\n<div class=\"kksr-icon\" style=\"width: 24px; height: 24px;\"><\/div>\n        <\/div>\n    <\/div>\n    \n<div class=\"kksr-stars-active\" style=\"width: 0px;\">\n            <div class=\"kksr-star\" style=\"padding-right: 5px\">\n            \n\n<div class=\"kksr-icon\" style=\"width: 24px; height: 24px;\"><\/div>\n        <\/div>\n            <div class=\"kksr-star\" style=\"padding-right: 5px\">\n            \n\n<div class=\"kksr-icon\" style=\"width: 24px; height: 24px;\"><\/div>\n        <\/div>\n            <div class=\"kksr-star\" style=\"padding-right: 5px\">\n            \n\n<div class=\"kksr-icon\" style=\"width: 24px; height: 24px;\"><\/div>\n        <\/div>\n            <div class=\"kksr-star\" style=\"padding-right: 5px\">\n            \n\n<div class=\"kksr-icon\" style=\"width: 24px; height: 24px;\"><\/div>\n        <\/div>\n            <div class=\"kksr-star\" style=\"padding-right: 5px\">\n            \n\n<div class=\"kksr-icon\" style=\"width: 24px; height: 24px;\"><\/div>\n        <\/div>\n    <\/div>\n<\/div>\n                \n\n<div class=\"kksr-legend\" style=\"font-size: 19.2px;\">\n            <span class=\"kksr-muted\">Rate this product<\/span>\n    <\/div>\n    <\/div>\n","protected":false},"excerpt":{"rendered":"<p>N\u1eef ho\u00e0ng son d\u01b0\u1ee1ng<b>\u00a0<\/b>cao c\u1ea5p ch\u00ednh l\u00e0 d\u00f2ng Dior Addict Lip Glow. Son d\u01b0\u1ee1ng c\u00f3 m\u00e0u, v\u1edbi nhi\u1ec1u t\u00e1c \u0111\u1ed9ng, cho m\u00f4i s\u00e1ng b\u1eebng s\u1ee9c s\u1ed1ng.\u00a0<strong>Son d\u01b0\u1ee1ng\u00a0<\/strong><strong>Dior Addict Lip Glow 004 Coral<\/strong>\u00a0l\u00e0 l\u1ef1a ch\u1ecdn ho\u00e0n h\u1ea3o \u0111\u1ec3 t\u00f4 \u0111i\u1ec3m nhan s\u1eafc cho nh\u1eefng c\u00f4 n\u00e0ng hi\u1ec7n \u0111\u1ea1i.<\/p>\n<ul>\n<li>Xu\u1ea5t x\u1ee9:\u00a0<b>Ph\u00e1p<\/b><\/li>\n<li>Nh\u00e0 s\u1ea3n xu\u1ea5t:\u00a0<b>Dior<\/b><\/li>\n<li>D\u00f2ng:\u00a0<strong>D\u01b0\u1ee1ng c\u00f3 m\u00e0u<\/strong><\/li>\n<\/ul>\n","protected":false},"featured_media":2561,"comment_status":"open","ping_status":"closed","template":"","meta":[],"pwb-brand":[306],"product_cat":[15,171],"product_tag":[312,313,314,315,316],"brands":[{"id":306,"name":"Dior","slug":"dior"}],"_links":{"self":[{"href":"https:\/\/pluginviet.com\/mau1\/wp-json\/wp\/v2\/product\/2557"}],"collection":[{"href":"https:\/\/pluginviet.com\/mau1\/wp-json\/wp\/v2\/product"}],"about":[{"href":"https:\/\/pluginviet.com\/mau1\/wp-json\/wp\/v2\/types\/product"}],"replies":[{"embeddable":true,"href":"https:\/\/pluginviet.com\/mau1\/wp-json\/wp\/v2\/comments?post=2557"}],"wp:featuredmedia":[{"embeddable":true,"href":"https:\/\/pluginviet.com\/mau1\/wp-json\/wp\/v2\/media\/2561"}],"wp:attachment":[{"href":"https:\/\/pluginviet.com\/mau1\/wp-json\/wp\/v2\/media?parent=2557"}],"wp:term":[{"taxonomy":"pwb-brand","embeddable":true,"href":"https:\/\/pluginviet.com\/mau1\/wp-json\/wp\/v2\/pwb-brand?post=2557"},{"taxonomy":"product_cat","embeddable":true,"href":"https:\/\/pluginviet.com\/mau1\/wp-json\/wp\/v2\/product_cat?post=2557"},{"taxonomy":"product_tag","embeddable":true,"href":"https:\/\/pluginviet.com\/mau1\/wp-json\/wp\/v2\/product_tag?post=2557"}],"curies":[{"name":"wp","href":"https:\/\/api.w.org\/{rel}","templated":true}]}}