{"id":2533,"date":"2022-03-11T10:31:07","date_gmt":"2022-03-11T10:31:07","guid":{"rendered":"https:\/\/khomaudep.com\/alvalipstick\/?post_type=product&#038;p=2533"},"modified":"2022-03-14T17:20:32","modified_gmt":"2022-03-14T17:20:32","slug":"son-mac-925-marrakesh-mere-do-dat-powder-kiss-moi","status":"publish","type":"product","link":"https:\/\/pluginviet.com\/mau1\/san-pham\/son-mac-925-marrakesh-mere-do-dat-powder-kiss-moi\/","title":{"rendered":"Son MAC 925 Marrakesh-mere \u0110\u1ecf \u0110\u1ea5t \u2013 Powder Kiss M\u1edbi"},"content":{"rendered":"<h2>Son MAC 925 \u2013 Son MAC Marrakesh-mere Powder Kiss M\u1edbi<\/h2>\n<h3>BST MAC Powder Kiss th\u1ebf h\u1ec7 m\u1edbi b\u00f9ng n\u1ed5 th\u1ecb tr\u01b0\u1eddng<\/h3>\n<p>BST MAC Powder Kiss g\u1ed3m 16 m\u00e0u son, ra m\u1eaft v\u00e0o n\u0103m 2018 \u0111\u00e3 m\u1ed9t phen l\u00e0m chao \u0111\u1ea3o c\u1ed9ng \u0111\u1ed3ng m\u1ef9 ph\u1ea9m th\u1ebf gi\u1edbi. \u0110\u01b0\u1ee3c nh\u1eefng c\u00e1i t\u00ean \u0111\u00ecnh \u0111\u00e1m nh\u1ea5t trong gi\u1edbi Blog Beauty d\u00e0nh nh\u1eefng l\u1eddi c\u00f3 c\u00e1nh. Tuy nhi\u00ean, kh\u00f4ng d\u1eebng l\u1ea1i \u1edf \u0111\u00f3, \u0111\u1ea7u n\u0103m 2021, MAC ti\u1ebfp t\u1ee5c ho\u00e0n thi\u1ec7n b\u1ea3ng m\u00e0u son Powder Kiss v\u1edbi 8 m\u00e0u son m\u1edbi toanh. M\u1ed7i m\u00e0u mang m\u1ed9t v\u1ebb \u0111\u1eb9p ri\u00eang \u0111\u1ea7y m\u00ea ho\u1eb7c. T\u1ea1o n\u00ean \u0111\u1ed9 hot kh\u1ee7ng khi\u1ebfp tr\u00ean th\u1ecb tr\u01b0\u1eddng son th\u1ebf gi\u1edbi.<strong>\u00a0Son MAC 925\u00a0<\/strong>l\u00e0 m\u1ed9t trong nh\u1eefng c\u00e2y son best-seller c\u1ee7a h\u00e3ng, \u0111\u01b0\u1ee3c r\u1ea5t nhi\u1ec1u ng\u00f4i sao th\u1ebf gi\u1edbi g\u1eedi g\u1eafm s\u1eafc \u0111\u1eb9p.<\/p>\n<figure id=\"attachment_2540\" aria-describedby=\"caption-attachment-2540\" style=\"width: 800px\" class=\"wp-caption aligncenter\"><img decoding=\"async\" loading=\"lazy\" class=\"wp-image-2540 size-full\" src=\"https:\/\/khomaudep.com\/alvalipstick\/wp-content\/uploads\/2022\/03\/mac925.6.jpg\" alt=\"\" width=\"800\" height=\"751\" srcset=\"https:\/\/pluginviet.com\/mau1\/wp-content\/uploads\/2022\/03\/mac925.6.jpg 800w, https:\/\/pluginviet.com\/mau1\/wp-content\/uploads\/2022\/03\/mac925.6-426x400.jpg 426w, https:\/\/pluginviet.com\/mau1\/wp-content\/uploads\/2022\/03\/mac925.6-768x721.jpg 768w, https:\/\/pluginviet.com\/mau1\/wp-content\/uploads\/2022\/03\/mac925.6-600x563.jpg 600w\" sizes=\"(max-width: 800px) 100vw, 800px\" \/><figcaption id=\"caption-attachment-2540\" class=\"wp-caption-text\">Son MAC Powder Kiss 925 m\u00e0u \u0111\u1ecf \u0111\u1ea5t trendy<\/figcaption><\/figure>\n<h2>C\u01a1n b\u00e3o mang t\u00ean son MAC 925 Marrakesh-mere<\/h2>\n<h3>M\u00e0u son MAC Marrakesh-mere \u0111\u1ecf \u0111\u1ea5t \u0111\u1eb9p b\u1ea5t t\u1eadn<\/h3>\n<p><b>Son MAC Marrakesh-mere\u00a0<\/b>\u0111\u1eb9p m\u00ea h\u1ed3n ng\u01b0\u1eddi ch\u00ednh nh\u1edd m\u00e0u son \u0111\u1ecf \u0111\u1ea5t c\u1ef1c k\u1ef3 trendy. Kh\u00f4ng \u0111\u01b0\u1ee3c qu\u1ea3ng b\u00e1 qu\u00e1 r\u1ea7m r\u1ed9, nh\u01b0ng<b>\u00a0th\u1ecfi MAC m\u00e0u 925\u00a0<\/b>v\u1eeba l\u00ean k\u1ec7 \u0111\u00e3 \u0111\u01b0\u1ee3c r\u1ea5t nhi\u1ec1u ch\u1ecb em s\u0103n \u0111\u00f3n. M\u00e0u \u0111\u1ecf \u0111\u1ea5t c\u1ef1c l\u1ea1, mang phong h\u01a1i h\u01b0\u1edbng c\u1ed5 \u0111i\u1ec3n, nh\u01b0ng \u0111\u1eadm ch\u1ea5t quy\u1ebfn r\u0169. M\u00e0u son l\u00e0 s\u1ef1 k\u1ebft h\u1ee3p ho\u00e0n h\u1ea3o gi\u1eefa s\u1eafc \u0111\u1ecf r\u1ef1c r\u1ee1 v\u00e0 s\u1eafc \u0111\u1ea5t tr\u1ea7m \u1ea5m. Tuy nhi\u00ean, trong son Marrakesh-mere s\u1ebd thi\u00ean v\u1ec1 t\u00f4ng \u0111\u1ea5t nhi\u1ec1u h\u01a1n. Gam m\u00e0u \u0111\u1ea5t kh\u00e1 m\u1ea1nh, t\u00f4 l\u00ean v\u1ebb \u0111\u1eb9p y\u00eau ki\u1ec1u, sang tr\u1ecdng cho ch\u1ecb em ph\u00e1i \u0111\u1eb9p.<\/p>\n<figure id=\"attachment_2541\" aria-describedby=\"caption-attachment-2541\" style=\"width: 800px\" class=\"wp-caption aligncenter\"><img decoding=\"async\" loading=\"lazy\" class=\"wp-image-2541 size-full\" src=\"https:\/\/khomaudep.com\/alvalipstick\/wp-content\/uploads\/2022\/03\/mac925.7.jpg\" alt=\"\" width=\"800\" height=\"752\" srcset=\"https:\/\/pluginviet.com\/mau1\/wp-content\/uploads\/2022\/03\/mac925.7.jpg 800w, https:\/\/pluginviet.com\/mau1\/wp-content\/uploads\/2022\/03\/mac925.7-426x400.jpg 426w, https:\/\/pluginviet.com\/mau1\/wp-content\/uploads\/2022\/03\/mac925.7-768x722.jpg 768w, https:\/\/pluginviet.com\/mau1\/wp-content\/uploads\/2022\/03\/mac925.7-600x564.jpg 600w\" sizes=\"(max-width: 800px) 100vw, 800px\" \/><figcaption id=\"caption-attachment-2541\" class=\"wp-caption-text\">Son MAC 925 m\u00e0u \u0111\u1ecf \u0111\u1ea5t trendy<\/figcaption><\/figure>\n<h3>Ch\u1ea5t son Powder \u201cth\u1ea7n th\u00e1nh\u201d si\u00eau l\u00ec nh\u01b0ng kh\u00f4ng g\u00e2y kh\u00f4 m\u00f4i<\/h3>\n<p>Ch\u1ea5t son Powder Kiss m\u1edbi v\u1eabn gi\u1eef \u0111\u01b0\u1ee3c ch\u1ea5t son l\u00ec th\u1ea7n th\u00e1nh. Ch\u1ea5t son powder c\u00f3 \u0111\u1ed9 m\u1ecbn v\u1eeba ph\u1ea3i, kh\u00f4ng b\u1ecb qu\u00e1 c\u1ee9ng hay qu\u00e1 m\u1ec1m.\u00a0<b>Son MAC\u00a0<strong>Marrakesh-mere<\/strong>\u00a0<\/b>\u0111\u01b0\u1ee3c x\u1ebfp v\u00e0o top nh\u1eefng c\u00e2y son th\u1ecfi l\u00ec nh\u1ea5t do trong son ch\u1ee9a th\u00e0nh ph\u1ea7n Dimethicone. Tuy nhi\u00ean, ch\u1ea5t son l\u00ec nh\u01b0ng v\u1eabn gi\u1eef \u0111\u01b0\u1ee3c \u0111\u1ed9 \u1ea9m m\u1ecbn v\u01b0\u1ee3t tr\u1ed9i tr\u00ean m\u00f4i.<\/p>\n<figure id=\"attachment_2542\" aria-describedby=\"caption-attachment-2542\" style=\"width: 800px\" class=\"wp-caption aligncenter\"><img decoding=\"async\" loading=\"lazy\" class=\"wp-image-2542 size-full\" src=\"https:\/\/khomaudep.com\/alvalipstick\/wp-content\/uploads\/2022\/03\/mac925.8.jpg\" alt=\"\" width=\"800\" height=\"752\" srcset=\"https:\/\/pluginviet.com\/mau1\/wp-content\/uploads\/2022\/03\/mac925.8.jpg 800w, https:\/\/pluginviet.com\/mau1\/wp-content\/uploads\/2022\/03\/mac925.8-426x400.jpg 426w, https:\/\/pluginviet.com\/mau1\/wp-content\/uploads\/2022\/03\/mac925.8-768x722.jpg 768w, https:\/\/pluginviet.com\/mau1\/wp-content\/uploads\/2022\/03\/mac925.8-600x564.jpg 600w\" sizes=\"(max-width: 800px) 100vw, 800px\" \/><figcaption id=\"caption-attachment-2542\" class=\"wp-caption-text\">Son MAC m\u00e0u 925 Marrakesh-mere \u0111\u1eb9p kh\u00f4ng t\u00ec v\u1ebft<\/figcaption><\/figure>\n<p>Khi m\u1edbi thoa son, b\u1ea1n s\u1ebd c\u1ea3m nh\u1eadn \u0111\u01b0\u1ee3c \u0111\u1ed9 m\u01b0\u1edbt nh\u1eb9. Sau khi b\u1eb7m m\u00f4i v\u00e0i l\u1ea7n, l\u1edbp matte l\u00ec s\u1ebd t\u1ec7p v\u00e0o m\u00f4i su\u1ed1t ng\u00e0y d\u00e0i. Trong\u00a0<b>son MAC 925\u00a0<\/b>c\u00f3 r\u1ea5t nhi\u1ec1u d\u01b0\u1ee1ng ch\u1ea5t d\u01b0\u1ee1ng \u1ea9m nh\u01b0 Polyethylene, Phenyl Trimethicone hay Caprylyl Glycol gi\u00fap son l\u01b0\u1edbt tr\u00ean m\u00f4i c\u1ef1c k\u1ef3 tr\u01a1n tru, kh\u00f4ng t\u1ea1o r\u00e3nh m\u00f4i v\u00e0 kh\u00f4ng b\u1ecb hi\u1ec7n t\u01b0\u1ee3ng b\u1ebft d\u00ednh kh\u00f3 ch\u1ecbu. Son Powder Kiss \u0111\u00e3 ra m\u1eaft \u0111\u01b0\u1ee3c h\u01a1n 2 n\u0103m nh\u01b0ng v\u1eabn mang l\u1ea1i doanh thu kh\u1ee7ng h\u00e0ng n\u0103m cho h\u00e3ng son MAC, ch\u00ednh l\u00e0 c\u00e2u tr\u1ea3 l\u1eddi r\u00f5 r\u00e0ng nh\u1ea5t cho ch\u1ea5t son c\u1ef1c ph\u1ea9m n\u00e0y.<\/p>\n<figure id=\"attachment_2535\" aria-describedby=\"caption-attachment-2535\" style=\"width: 795px\" class=\"wp-caption aligncenter\"><img decoding=\"async\" loading=\"lazy\" class=\"wp-image-2535 size-full\" src=\"https:\/\/khomaudep.com\/alvalipstick\/wp-content\/uploads\/2022\/03\/mac925.2.jpg\" alt=\"\" width=\"795\" height=\"749\" srcset=\"https:\/\/pluginviet.com\/mau1\/wp-content\/uploads\/2022\/03\/mac925.2.jpg 795w, https:\/\/pluginviet.com\/mau1\/wp-content\/uploads\/2022\/03\/mac925.2-425x400.jpg 425w, https:\/\/pluginviet.com\/mau1\/wp-content\/uploads\/2022\/03\/mac925.2-768x724.jpg 768w, https:\/\/pluginviet.com\/mau1\/wp-content\/uploads\/2022\/03\/mac925.2-600x565.jpg 600w\" sizes=\"(max-width: 795px) 100vw, 795px\" \/><figcaption id=\"caption-attachment-2535\" class=\"wp-caption-text\">Ch\u1ea5t son cao c\u1ea5p kh\u00f4ng g\u00e2y kh\u00f4 m\u00f4i<\/figcaption><\/figure>\n<h3>Son MAC m\u00e0u 925 c\u00f3 m\u00f9i g\u00ec kh\u00f4ng?<\/h3>\n<p>Son MAC Marrakesh-mere 925 v\u1eabn c\u00f3 h\u01b0\u01a1ng vani nh\u1eb9 nh\u00e0ng nh\u01b0 c\u00e1c d\u00f2ng Classic c\u1ee7a h\u00e3ng. V\u00e0 d\u00f2ng son Powder Kiss c\u1ef1c l\u00ec c\u00f3 \u0111\u1ed9 gi\u1eef m\u00e0u t\u1eeb 4-6 ti\u1ebfng.<\/p>\n<figure id=\"attachment_2543\" aria-describedby=\"caption-attachment-2543\" style=\"width: 800px\" class=\"wp-caption aligncenter\"><img decoding=\"async\" loading=\"lazy\" class=\"wp-image-2543 size-full\" src=\"https:\/\/khomaudep.com\/alvalipstick\/wp-content\/uploads\/2022\/03\/mac925.9.jpg\" alt=\"\" width=\"800\" height=\"751\" srcset=\"https:\/\/pluginviet.com\/mau1\/wp-content\/uploads\/2022\/03\/mac925.9.jpg 800w, https:\/\/pluginviet.com\/mau1\/wp-content\/uploads\/2022\/03\/mac925.9-426x400.jpg 426w, https:\/\/pluginviet.com\/mau1\/wp-content\/uploads\/2022\/03\/mac925.9-768x721.jpg 768w, https:\/\/pluginviet.com\/mau1\/wp-content\/uploads\/2022\/03\/mac925.9-600x563.jpg 600w\" sizes=\"(max-width: 800px) 100vw, 800px\" \/><figcaption id=\"caption-attachment-2543\" class=\"wp-caption-text\">Son MAC Powder Kiss m\u00e0u 925 \u0111\u1ecf \u0111\u1ea5t tuy\u1ec7t \u0111\u1eb9p<\/figcaption><\/figure>\n<h3>Thi\u1ebft k\u1ebf son MAC Powder Kiss 925 c\u00f3 g\u00ec \u0111\u1eb7c bi\u1ec7t?<\/h3>\n<p>D\u00f2ng son MAC Powder Kiss v\u1eabn gi\u1eef \u0111\u01b0\u1ee3c thi\u1ebft k\u1ebf nguy\u00ean b\u1ea3n h\u00ecnh vi\u00ean \u0111\u1ea1n c\u1ee7a d\u00f2ng son MAC t\u1eeb tr\u01b0\u1edbc \u0111\u1ebfn gi\u1edd. C\u00f3 m\u1ed9t \u0111i\u1ec3m c\u1ed9ng l\u1edbn trong ph\u1ea7n thi\u1ebft k\u1ebf<b>, MAC Powder Kiss 925\u00a0<\/b>\u0111\u01b0\u1ee3c kho\u00e1c l\u00ean m\u00ecnh l\u1edbp v\u1ecf nh\u1ef1a \u0111en nh\u00e1m l\u00ec, thay v\u00ec v\u1ecf nh\u1ef1a tr\u01a1n nh\u01b0 tr\u01b0\u1edbc, c\u1ea7m c\u1ef1c k\u00ec ch\u1eafc tay. Di\u1ec7n m\u1ea1o m\u1edbi mang l\u1ea1i v\u1ebb sang tr\u1ecdng, \u0111\u1eb3ng c\u1ea5p, kh\u00f4ng thua k\u00e9m g\u00ec nh\u1eefng d\u00f2ng son highend cao c\u1ea5p. \u0110\u1ea7u son v\u00e1t ch\u00e9o th\u00f4ng minh, v\u00f4 c\u00f9ng thu\u1eadn ti\u1ec7n cho vi\u1ec7c t\u00f4 vi\u1ec1n m\u00f4i s\u1eafc n\u00e9t. Thi\u1ebft k\u1ebf \u0111\u01a1n gi\u1ea3n nh\u01b0ng l\u1ea1i c\u1ef1c k\u1ef3 tinh t\u1ebf v\u00e0 b\u1eaft m\u1eaft \u0111\u00e3 t\u1ea1o n\u00ean \u0111i\u1ec3m nh\u1ea5n kh\u00e1c bi\u1ec7t kh\u00f4ng l\u1eabn \u0111i \u0111\u00e2u \u0111\u01b0\u1ee3c c\u1ee7a MAC Powder Kiss.<\/p>\n<figure id=\"attachment_2544\" aria-describedby=\"caption-attachment-2544\" style=\"width: 600px\" class=\"wp-caption aligncenter\"><img decoding=\"async\" loading=\"lazy\" class=\"wp-image-2544 size-full\" src=\"https:\/\/khomaudep.com\/alvalipstick\/wp-content\/uploads\/2022\/03\/mac925.10.jpg\" alt=\"\" width=\"600\" height=\"600\" srcset=\"https:\/\/pluginviet.com\/mau1\/wp-content\/uploads\/2022\/03\/mac925.10.jpg 600w, https:\/\/pluginviet.com\/mau1\/wp-content\/uploads\/2022\/03\/mac925.10-400x400.jpg 400w, https:\/\/pluginviet.com\/mau1\/wp-content\/uploads\/2022\/03\/mac925.10-280x280.jpg 280w, https:\/\/pluginviet.com\/mau1\/wp-content\/uploads\/2022\/03\/mac925.10-100x100.jpg 100w\" sizes=\"(max-width: 600px) 100vw, 600px\" \/><figcaption id=\"caption-attachment-2544\" class=\"wp-caption-text\">Thi\u1ebft k\u1ebf h\u00ecnh vi\u00ean \u0111\u1ea1n \u0111\u1eb7c bi\u1ec7t<\/figcaption><\/figure>\n<h2>Son MAC 925 Marrakesh-mere \u0111\u1eb9p t\u1eeb trong ra ngo\u00e0i<\/h2>\n<p>M\u00e0n t\u00e1i xu\u1ea5t \u0111\u1eb3ng c\u1ea5p c\u1ee7a BST MAC Powder Kiss h\u1ed9i t\u1ee5 \u0111\u1ea7y \u0111\u1ee7 nh\u1eefng m\u00e0u son c\u1ef1c ph\u1ea9m kh\u00f4ng l\u00e0m c\u00e1c t\u00edn \u0111\u1ed3 nh\u00e0 MAC ph\u1ea3i th\u1ea5t v\u1ecdng.<b>\u00a0Son MAC 925\u00a0<\/b>m\u00e0u \u0111\u1ecf \u0111\u1ea5t v\u1edbi m\u00e0u son trendy, kh\u00f4ng k\u00e9n da, c\u1ed9ng v\u1edbi ch\u1ea5t son l\u00ec nh\u01b0 b\u1ed9t, nh\u1eb9 nh\u01b0 nhung, \u0111\u00e3 t\u1ea1o n\u00ean \u201ctuy\u1ec7t t\u00e1c\u201d kh\u00f4ng th\u1ec3 ch\u1ed1i t\u1eeb. L\u00e0 m\u1ed9t kho\u1ea3n \u0111\u1ea7u t\u01b0 x\u1ee9ng \u0111\u00e1ng cho s\u1eafc \u0111\u1eb9p.<\/p>\n<h2><strong>khomaudep.com\/alvalipstick<\/strong><\/h2>\n\n\n<div class=\"kk-star-ratings kksr-auto kksr-align-right kksr-valign-bottom kksr-disabled\"\n    data-payload='{&quot;align&quot;:&quot;right&quot;,&quot;id&quot;:&quot;2533&quot;,&quot;readonly&quot;:&quot;1&quot;,&quot;slug&quot;:&quot;default&quot;,&quot;valign&quot;:&quot;bottom&quot;,&quot;ignore&quot;:&quot;&quot;,&quot;reference&quot;:&quot;auto&quot;,&quot;class&quot;:&quot;&quot;,&quot;count&quot;:&quot;0&quot;,&quot;legendonly&quot;:&quot;&quot;,&quot;score&quot;:&quot;0&quot;,&quot;starsonly&quot;:&quot;&quot;,&quot;best&quot;:&quot;5&quot;,&quot;gap&quot;:&quot;5&quot;,&quot;greet&quot;:&quot;Rate this product&quot;,&quot;legend&quot;:&quot;0\\\/5 - (0 b\\u00ecnh ch\\u1ecdn)&quot;,&quot;size&quot;:&quot;24&quot;,&quot;title&quot;:&quot;Son MAC 925 Marrakesh-mere \\u0110\\u1ecf \\u0110\\u1ea5t \\u2013 Powder Kiss M\\u1edbi&quot;,&quot;width&quot;:&quot;0&quot;,&quot;_legend&quot;:&quot;{score}\\\/{best} - ({count} {votes})&quot;,&quot;font_factor&quot;:&quot;1.25&quot;}'>\n            \n<div class=\"kksr-stars\">\n    \n<div class=\"kksr-stars-inactive\">\n            <div class=\"kksr-star\" data-star=\"1\" style=\"padding-right: 5px\">\n            \n\n<div class=\"kksr-icon\" style=\"width: 24px; height: 24px;\"><\/div>\n        <\/div>\n            <div class=\"kksr-star\" data-star=\"2\" style=\"padding-right: 5px\">\n            \n\n<div class=\"kksr-icon\" style=\"width: 24px; height: 24px;\"><\/div>\n        <\/div>\n            <div class=\"kksr-star\" data-star=\"3\" style=\"padding-right: 5px\">\n            \n\n<div class=\"kksr-icon\" style=\"width: 24px; height: 24px;\"><\/div>\n        <\/div>\n            <div class=\"kksr-star\" data-star=\"4\" style=\"padding-right: 5px\">\n            \n\n<div class=\"kksr-icon\" style=\"width: 24px; height: 24px;\"><\/div>\n        <\/div>\n            <div class=\"kksr-star\" data-star=\"5\" style=\"padding-right: 5px\">\n            \n\n<div class=\"kksr-icon\" style=\"width: 24px; height: 24px;\"><\/div>\n        <\/div>\n    <\/div>\n    \n<div class=\"kksr-stars-active\" style=\"width: 0px;\">\n            <div class=\"kksr-star\" style=\"padding-right: 5px\">\n            \n\n<div class=\"kksr-icon\" style=\"width: 24px; height: 24px;\"><\/div>\n        <\/div>\n            <div class=\"kksr-star\" style=\"padding-right: 5px\">\n            \n\n<div class=\"kksr-icon\" style=\"width: 24px; height: 24px;\"><\/div>\n        <\/div>\n            <div class=\"kksr-star\" style=\"padding-right: 5px\">\n            \n\n<div class=\"kksr-icon\" style=\"width: 24px; height: 24px;\"><\/div>\n        <\/div>\n            <div class=\"kksr-star\" style=\"padding-right: 5px\">\n            \n\n<div class=\"kksr-icon\" style=\"width: 24px; height: 24px;\"><\/div>\n        <\/div>\n            <div class=\"kksr-star\" style=\"padding-right: 5px\">\n            \n\n<div class=\"kksr-icon\" style=\"width: 24px; height: 24px;\"><\/div>\n        <\/div>\n    <\/div>\n<\/div>\n                \n\n<div class=\"kksr-legend\" style=\"font-size: 19.2px;\">\n            <span class=\"kksr-muted\">Rate this product<\/span>\n    <\/div>\n    <\/div>\n","protected":false},"excerpt":{"rendered":"<p><b>Son MAC 925<\/b>\u00a0Marrakesh-mere l\u00e0 \u0111i\u1ec3m nh\u1ea5n \u0111\u1ed9t ph\u00e1 trong BST MAC Powder Kiss. M\u1edbi ra m\u1eaft ch\u01b0a \u0111\u01b0\u1ee3c bao l\u00e2u, nh\u01b0ng nh\u1eadn \u0111\u01b0\u1ee3c s\u0103n \u0111\u00f3n \u201c\u0111i\u00ean \u0111\u1ea3o\u201d c\u1ee7a ph\u00e1i \u0111\u1eb9p, nh\u1edd m\u00e0u son \u0111\u1ecf \u0111\u1ea5t trendy, \u0111\u1eb9p xu\u1ea5t s\u1eafc. M\u00e0u son \u0111\u1ecf \u0111\u1ea5t kh\u00f4ng h\u1ec1 k\u00e9n da, c\u1ed9ng v\u1edbi ch\u1ea5t son m\u1ecbn m\u01b0\u1edbt, m\u1ecfng nh\u1eb9 tr\u00ean m\u00f4i, nh\u01b0ng v\u1eabn gi\u1eef \u0111\u01b0\u1ee3c \u0111\u1ed9 l\u00ec th\u1ea7n th\u00e1nh.<\/p>\n<ul>\n<li>Xu\u1ea5t x\u1ee9:\u00a0<strong>M\u1ef9<\/strong><\/li>\n<li>Th\u01b0\u01a1ng hi\u1ec7u:\u00a0<strong>MAC<\/strong><\/li>\n<li>B\u1ed9 s\u01b0u t\u1eadp:\u00a0<strong>Powder Kiss<\/strong><\/li>\n<li>Tr\u1ecdng l\u01b0\u1ee3ng:\u00a0<strong>3g<\/strong><\/li>\n<\/ul>\n","protected":false},"featured_media":2539,"comment_status":"open","ping_status":"closed","template":"","meta":[],"pwb-brand":[274],"product_cat":[15,171],"product_tag":[301,302,303,304,305],"brands":[{"id":274,"name":"MAC","slug":"mac"}],"_links":{"self":[{"href":"https:\/\/pluginviet.com\/mau1\/wp-json\/wp\/v2\/product\/2533"}],"collection":[{"href":"https:\/\/pluginviet.com\/mau1\/wp-json\/wp\/v2\/product"}],"about":[{"href":"https:\/\/pluginviet.com\/mau1\/wp-json\/wp\/v2\/types\/product"}],"replies":[{"embeddable":true,"href":"https:\/\/pluginviet.com\/mau1\/wp-json\/wp\/v2\/comments?post=2533"}],"wp:featuredmedia":[{"embeddable":true,"href":"https:\/\/pluginviet.com\/mau1\/wp-json\/wp\/v2\/media\/2539"}],"wp:attachment":[{"href":"https:\/\/pluginviet.com\/mau1\/wp-json\/wp\/v2\/media?parent=2533"}],"wp:term":[{"taxonomy":"pwb-brand","embeddable":true,"href":"https:\/\/pluginviet.com\/mau1\/wp-json\/wp\/v2\/pwb-brand?post=2533"},{"taxonomy":"product_cat","embeddable":true,"href":"https:\/\/pluginviet.com\/mau1\/wp-json\/wp\/v2\/product_cat?post=2533"},{"taxonomy":"product_tag","embeddable":true,"href":"https:\/\/pluginviet.com\/mau1\/wp-json\/wp\/v2\/product_tag?post=2533"}],"curies":[{"name":"wp","href":"https:\/\/api.w.org\/{rel}","templated":true}]}}