{"id":2510,"date":"2022-03-11T09:37:03","date_gmt":"2022-03-11T09:37:03","guid":{"rendered":"https:\/\/khomaudep.com\/alvalipstick\/?post_type=product&#038;p=2510"},"modified":"2022-03-25T08:15:11","modified_gmt":"2022-03-25T08:15:11","slug":"son-mac-marrakesh-646-mau-do-gach-matte","status":"publish","type":"product","link":"https:\/\/pluginviet.com\/mau1\/san-pham\/son-mac-marrakesh-646-mau-do-gach-matte\/","title":{"rendered":"Son MAC Marrakesh 646 M\u00e0u \u0110\u1ecf G\u1ea1ch \u2013 Matte"},"content":{"rendered":"<h2>Son MAC Marrakesh 646 M\u00e0u \u0110\u1ecf G\u1ea1ch \u2013 \u0110\u1eb9p Nh\u1ea5t D\u00f2ng Matte<\/h2>\n<h3>Son MAC 646<\/h3>\n<p>N\u1ed5i danh l\u00e0 m\u1ed9t th\u01b0\u01a1ng hi\u1ec7u drugstore hot nh\u1ea5t to\u00e0n c\u1ea7u, MAC s\u1edf h\u1eefu c\u1ea3 m\u1ed9t kho t\u00e0ng nh\u1eefng s\u1ea3n ph\u1ea9m m\u1ef9 ph\u1ea9m \u0111\u1ec9nh cao, \u0111\u01b0\u1ee3c ph\u00e1i \u0111\u1eb9p s\u0103n \u0111\u00f3n. Nh\u1eafc \u0111\u1ebfn brand danh gi\u00e1 n\u01b0\u1edbc M\u1ef9 n\u00e0y, ph\u1ea3i n\u00f3i v\u1ec1 \u0111\u1ed9 ch\u1ea5t l\u01b0\u1ee3ng \u0111i k\u00e8m m\u1ee9c gi\u00e1 \u201cph\u1ea3i ch\u0103ng\u201d, \u0111\u01b0\u1ee3c l\u00f2ng h\u1ebft th\u1ea3y h\u1ed9i ghi\u1ec1n makeup.\u00a0<b>Son MAC\u00a0<\/b>v\u00f4 c\u00f9ng hot hit, \u0111\u1ee7 m\u1ecdi s\u1eafc \u0111\u1ed9 m\u00e0 ph\u00e1i \u0111\u1eb9p t\u00ecm ki\u1ebfm. M\u1ed7i BST m\u1edbi, m\u1ed7i limited edition m\u1edbi ra m\u1eaft l\u00e0 l\u1eadp t\u1ee9c tr\u1edf th\u00e0nh xu h\u01b0\u1edbng. MAC \u0111\u01b0\u1ee3c l\u0103ng x\u00ea b\u1edfi bi\u1ebft bao chuy\u00ean gia trang \u0111i\u1ec3m, bao beauty blogger \u0111\u00ecnh \u0111\u00e1m tr\u00ean to\u00e0n th\u1ebf gi\u1edbi. K\u1ebft c\u1ea5u MAC c\u0169ng \u0111a d\u1ea1ng, t\u1eeb l\u00ec, m\u1ecbn cho \u0111\u1ebfn b\u00f3ng m\u1ecdng quy\u1ebfn r\u0169. M\u1ed9t trong nh\u1eefng d\u00f2ng son huy\u1ec1n tho\u1ea1i nh\u1ea5t nh\u00e0 MAC, ch\u00ednh l\u00e0 Matte. \u0110\u01b0\u1ee3c coi l\u00e0 \u201cb\u00e1u v\u1eadt son l\u00ec\u201d \u0111\u00e2y l\u00e0 BST h\u1ed9i t\u1ee5 nhi\u1ec1u m\u00e0u son \u201c\u0111\u1ed9c quy\u1ec1n\u201d nh\u1ea5t c\u1ee7a MAC.\u00a0<b>Son MAC Marrakesh<\/b> l\u00e0 m\u00e0u son \u0111\u1ecf g\u1ea1ch \u0111\u1ec9nh nh\u1ea5t, h\u1ee9a h\u1eb9n \u0111\u1ed1n tr\u1ecdn m\u1ecdi tr\u00e1i tim ph\u00e1i \u0111\u1eb9p.<\/p>\n<figure id=\"attachment_2522\" aria-describedby=\"caption-attachment-2522\" style=\"width: 800px\" class=\"wp-caption aligncenter\"><img decoding=\"async\" loading=\"lazy\" class=\"wp-image-2522 size-full\" src=\"https:\/\/khomaudep.com\/alvalipstick\/wp-content\/uploads\/2022\/03\/mac646.1.jpg\" alt=\"\" width=\"800\" height=\"736\" srcset=\"https:\/\/pluginviet.com\/mau1\/wp-content\/uploads\/2022\/03\/mac646.1.jpg 800w, https:\/\/pluginviet.com\/mau1\/wp-content\/uploads\/2022\/03\/mac646.1-435x400.jpg 435w, https:\/\/pluginviet.com\/mau1\/wp-content\/uploads\/2022\/03\/mac646.1-768x707.jpg 768w, https:\/\/pluginviet.com\/mau1\/wp-content\/uploads\/2022\/03\/mac646.1-600x552.jpg 600w\" sizes=\"(max-width: 800px) 100vw, 800px\" \/><figcaption id=\"caption-attachment-2522\" class=\"wp-caption-text\">MAC 646 Marrakesh \u0111\u1ecf g\u1ea1ch c\u1ef1c sang<\/figcaption><\/figure>\n<h2>M\u00f4i r\u1ea1ng ng\u1eddi, lan t\u1ecfa s\u1ef1 quy\u1ebfn r\u0169 v\u1edbi MAC Marrakesh 646<\/h2>\n<p>H\u1ecfi r\u1eb1ng \u0111\u00e2u l\u00e0 th\u1ecfi son MAC \u0111\u01b0\u1ee3c nh\u1eafc t\u00ean nhi\u1ec1u nh\u1ea5t t\u1eeb tr\u01b0\u1edbc \u0111\u1ebfn nay, ch\u00ednh x\u00e1c l\u00e0\u00a0<b>MAC Marrakesh\u00a0<\/b>n\u00e0y. S\u1eafc \u0111\u1ecf t\u00f4 v\u1ebd n\u00e9t \u0111\u1eb9p ho\u00e0n h\u1ea3o cho b\u1edd m\u00f4i. Son \u0111\u01b0\u1ee3c Beauty Award danh gi\u00e1 b\u00ecnh ch\u1ecdn l\u00e0 s\u1ea3n ph\u1ea9m l\u00e0m \u0111\u1eb9p t\u1ed1t nh\u1ea5t, \u0111\u1ec9nh nh\u1ea5t.<\/p>\n<figure id=\"attachment_2531\" aria-describedby=\"caption-attachment-2531\" style=\"width: 800px\" class=\"wp-caption aligncenter\"><img decoding=\"async\" loading=\"lazy\" class=\"wp-image-2531 size-full\" src=\"https:\/\/khomaudep.com\/alvalipstick\/wp-content\/uploads\/2022\/03\/mac646.9.jpg\" alt=\"\" width=\"800\" height=\"918\" srcset=\"https:\/\/pluginviet.com\/mau1\/wp-content\/uploads\/2022\/03\/mac646.9.jpg 800w, https:\/\/pluginviet.com\/mau1\/wp-content\/uploads\/2022\/03\/mac646.9-349x400.jpg 349w, https:\/\/pluginviet.com\/mau1\/wp-content\/uploads\/2022\/03\/mac646.9-697x800.jpg 697w, https:\/\/pluginviet.com\/mau1\/wp-content\/uploads\/2022\/03\/mac646.9-768x881.jpg 768w, https:\/\/pluginviet.com\/mau1\/wp-content\/uploads\/2022\/03\/mac646.9-600x689.jpg 600w\" sizes=\"(max-width: 800px) 100vw, 800px\" \/><figcaption id=\"caption-attachment-2531\" class=\"wp-caption-text\">MAC 646 Marrakesh \u0111\u01b0\u1ee3c coi l\u00e0 \u201csinh \u0111\u00f4i\u201d v\u1edbi MAC Chili<\/figcaption><\/figure>\n<p>D\u00f9 ra m\u1eaft \u0111\u01b0\u1ee3c m\u1ed9t th\u1eddi gian nh\u01b0ng\u00a0<b>son MAC Matte<\/b>\u00a0mang m\u00e3 m\u00e0u 646 Marrakesh n\u00e0y lu\u00f4n duy tr\u00ec \u0111\u01b0\u1ee3c \u0111\u1ed9 hot hit. Son lu\u00f4n \u0111\u1ee9ng top best-seller g\u1ea7n \u0111\u00e2y.<\/p>\n<h2>Son MAC Marrakesh \u2013 b\u00e1u v\u1eadt makeup b\u1ea5t c\u1ee9 ai c\u0169ng mu\u1ed1n chinh ph\u1ee5c<\/h2>\n<h3>\u0110\u1ece G\u1ea0CH \u2013 M\u00e0u MAC 646 Marrakesh \u0111\u01b0\u1ee3c l\u00f2ng h\u1ebft th\u1ea3y m\u1ecdi c\u00f4 n\u00e0ng<\/h3>\n<p>\u0110\u1ecf g\u1ea1ch qu\u1ed1c d\u00e2n g\u1ecdi t\u00ean c\u1ea3\u00a0<strong>son MAC 646\u00a0<\/strong>n\u00e0y. M\u00e0u son Marrakesh \u0111\u1ecf pha n\u00e2u n\u00e0y \u0111\u01b0\u1ee3c r\u00e9o g\u1ecdi nhi\u1ec1u nh\u1ea5t th\u1eddi gian g\u1ea7n \u0111\u00e2y. Son \u0111\u1ecf n\u00e2u ch\u00e2n ch\u00ednh. Ai \u0111ang m\u00ea son MAC Chili nh\u01b0ng mu\u1ed1n m\u1ed9t phi\u00ean b\u1ea3n nhi\u1ec1u n\u00e2u h\u01a1n th\u00ec ngh\u0129 ngay \u0111\u1ebfn c\u00e1i t\u00ean Marrakesh n\u00e0y. Son c\u00f3 \u0111\u1ecf, c\u00f3 cam nh\u01b0ng n\u00e2u m\u1edbi l\u00e0 th\u1ee9 ch\u1ee9a \u0111\u1ef1ng s\u1ee9c quy\u1ebfn r\u0169 nh\u1ea5t.<\/p>\n<figure id=\"attachment_2523\" aria-describedby=\"caption-attachment-2523\" style=\"width: 800px\" class=\"wp-caption aligncenter\"><img decoding=\"async\" loading=\"lazy\" class=\"wp-image-2523 size-full\" src=\"https:\/\/khomaudep.com\/alvalipstick\/wp-content\/uploads\/2022\/03\/mac646.2.jpg\" alt=\"\" width=\"800\" height=\"776\" srcset=\"https:\/\/pluginviet.com\/mau1\/wp-content\/uploads\/2022\/03\/mac646.2.jpg 800w, https:\/\/pluginviet.com\/mau1\/wp-content\/uploads\/2022\/03\/mac646.2-412x400.jpg 412w, https:\/\/pluginviet.com\/mau1\/wp-content\/uploads\/2022\/03\/mac646.2-768x745.jpg 768w, https:\/\/pluginviet.com\/mau1\/wp-content\/uploads\/2022\/03\/mac646.2-600x582.jpg 600w\" sizes=\"(max-width: 800px) 100vw, 800px\" \/><figcaption id=\"caption-attachment-2523\" class=\"wp-caption-text\">MAC 646 Marrakesh si\u00eau quy\u1ebfn r\u0169<\/figcaption><\/figure>\n<p>Tone da n\u00e0o c\u0169ng h\u1ee3p, d\u00f9 makeup hay kh\u00f4ng th\u00ec v\u1eabn \u0111\u1eb9p r\u1ee5ng r\u1eddi, ch\u00ednh l\u00e0 th\u1ecfi\u00a0<strong>MAC m\u00e0u Marrakesh\u00a0<\/strong>n\u00e0y!<\/p>\n<h3>\u01afu \u0111i\u1ec3m c\u1ee7a MAC Marrakesh: l\u00ec tuy\u1ec7t h\u1ea3o, b\u1ec1n m\u00e0u th\u1ea7n th\u00e1nh<\/h3>\n<p>N\u1ebfu \u0111ang ki\u1ebfm t\u00ecm m\u1ed9t th\u1ecfi son si\u00eau l\u00ec, si\u00eau m\u1ecbn, b\u00e1m m\u00e0u kh\u00f4ng ph\u1ea3i d\u1ea1ng v\u1eeba th\u00ec hi\u1ec3n nhi\u00ean\u00a0<b>son MAC Marrakesh\u00a0<\/b>l\u00e0 \u1ee9ng c\u1eed vi\u00ean n\u1eb7ng k\u00fd nh\u1ea5t. H\u1ed9i m\u00ea son l\u00ec th\u00ec wishlist ki\u1ec3u g\u00ec c\u0169ng c\u00f3 c\u00e1i t\u00ean n\u00e0y \u0111\u1ea7u ti\u00ean. Son ch\u1ea5t Matte, kh\u00f4ng m\u1ed9t ch\u00fat b\u00f3ng, khi\u1ebfn m\u00f4i n\u00e0ng l\u00ean m\u00e0u chu\u1ea9n \u0111\u00e9t sau t\u1eebng \u0111\u01b0\u1eddng thoa. Th\u1ecfi son si\u00eau l\u00ec n\u00e0y kh\u00f4ng g\u00e2y kh\u00f4 m\u00f4i hay kh\u00f3 ch\u1ecbu.<\/p>\n<figure id=\"attachment_2524\" aria-describedby=\"caption-attachment-2524\" style=\"width: 800px\" class=\"wp-caption aligncenter\"><img decoding=\"async\" loading=\"lazy\" class=\"wp-image-2524 size-full\" src=\"https:\/\/khomaudep.com\/alvalipstick\/wp-content\/uploads\/2022\/03\/mac646.3.jpg\" alt=\"\" width=\"800\" height=\"867\" srcset=\"https:\/\/pluginviet.com\/mau1\/wp-content\/uploads\/2022\/03\/mac646.3.jpg 800w, https:\/\/pluginviet.com\/mau1\/wp-content\/uploads\/2022\/03\/mac646.3-369x400.jpg 369w, https:\/\/pluginviet.com\/mau1\/wp-content\/uploads\/2022\/03\/mac646.3-738x800.jpg 738w, https:\/\/pluginviet.com\/mau1\/wp-content\/uploads\/2022\/03\/mac646.3-768x832.jpg 768w, https:\/\/pluginviet.com\/mau1\/wp-content\/uploads\/2022\/03\/mac646.3-600x650.jpg 600w\" sizes=\"(max-width: 800px) 100vw, 800px\" \/><figcaption id=\"caption-attachment-2524\" class=\"wp-caption-text\">Swatch MAC 646 Marrakesh<\/figcaption><\/figure>\n<p>\u0110i\u1ec3m c\u1ed9ng c\u1ee7a\u00a0<b>son MAC 646<\/b>\u00a0l\u00e0 l\u00ean m\u00e0u ch\u00e2n th\u1ef1c, s\u1eafc n\u00e9t. Son c\u00f3 m\u00f9i h\u01b0\u01a1ng vani \u0111\u1eb7c tr\u01b0ng \u2013 th\u1ee9 \u0111\u01b0\u1ee3c nh\u1eefng t\u00edn \u0111\u1ed3 makeup nh\u1eadn di\u1ec7n v\u00e0 y\u00eau th\u00edch su\u1ed1t th\u1eddi gian d\u00e0i v\u1eeba qua.<\/p>\n<figure id=\"attachment_2525\" aria-describedby=\"caption-attachment-2525\" style=\"width: 800px\" class=\"wp-caption aligncenter\"><img decoding=\"async\" loading=\"lazy\" class=\"wp-image-2525 size-full\" src=\"https:\/\/khomaudep.com\/alvalipstick\/wp-content\/uploads\/2022\/03\/mac646.4.jpg\" alt=\"\" width=\"800\" height=\"800\" srcset=\"https:\/\/pluginviet.com\/mau1\/wp-content\/uploads\/2022\/03\/mac646.4.jpg 800w, https:\/\/pluginviet.com\/mau1\/wp-content\/uploads\/2022\/03\/mac646.4-400x400.jpg 400w, https:\/\/pluginviet.com\/mau1\/wp-content\/uploads\/2022\/03\/mac646.4-280x280.jpg 280w, https:\/\/pluginviet.com\/mau1\/wp-content\/uploads\/2022\/03\/mac646.4-768x768.jpg 768w, https:\/\/pluginviet.com\/mau1\/wp-content\/uploads\/2022\/03\/mac646.4-600x600.jpg 600w, https:\/\/pluginviet.com\/mau1\/wp-content\/uploads\/2022\/03\/mac646.4-100x100.jpg 100w\" sizes=\"(max-width: 800px) 100vw, 800px\" \/><figcaption id=\"caption-attachment-2525\" class=\"wp-caption-text\">Ng\u1eafm ngh\u00eda son MAC 646<\/figcaption><\/figure>\n<p>D\u00f9ng\u00a0<b>son MAC m\u00e0u Marrakesh\u00a0<\/b>kh\u00f4ng s\u1ee3 son phai nh\u1ea1t nho\u00e0 v\u00e0o cu\u1ed1i ng\u00e0y \u0111\u00e2u. D\u00f9 l\u00e0 nh\u1eefng b\u00e0i test kh\u00f3 nh\u1eb1n nh\u1ea5t th\u00ec th\u1ecfi son n\u00e0y v\u1eabn c\u00f3 th\u1ec3 v\u01b0\u1ee3t qua \u0111\u01b0\u1ee3c ngon \u01a1. D\u00f9 l\u00e0 u\u1ed1ng n\u01b0\u1edbc hay lau b\u1eb1ng kh\u0103n gi\u1ea5y h\u1ea7u nh\u01b0 kh\u00f4ng th\u1ea5y son b\u1ecb lem khi \u0111\u00e3 b\u00e1m ch\u1eb7t v\u00e0o m\u00f4i. Th\u1eddi gian l\u01b0u m\u00e0u trung b\u00ecnh c\u1ee7a\u00a0<b>MAC Marrakesh\u00a0<\/b>c\u0169ng ph\u1ea3i r\u01a1i v\u00e0o kho\u1ea3ng t\u1eeb 8-10 gi\u1edd, \u0111\u00fang l\u00e0 son si\u00eau l\u00ec hi\u1ebfm c\u00f3 \u0111\u1ed1i th\u1ee7 x\u1ee9ng t\u1ea7m.<\/p>\n<figure id=\"attachment_2526\" aria-describedby=\"caption-attachment-2526\" style=\"width: 800px\" class=\"wp-caption aligncenter\"><img decoding=\"async\" loading=\"lazy\" class=\"wp-image-2526 size-full\" src=\"https:\/\/khomaudep.com\/alvalipstick\/wp-content\/uploads\/2022\/03\/mac646.5.jpg\" alt=\"\" width=\"800\" height=\"800\" srcset=\"https:\/\/pluginviet.com\/mau1\/wp-content\/uploads\/2022\/03\/mac646.5.jpg 800w, https:\/\/pluginviet.com\/mau1\/wp-content\/uploads\/2022\/03\/mac646.5-400x400.jpg 400w, https:\/\/pluginviet.com\/mau1\/wp-content\/uploads\/2022\/03\/mac646.5-280x280.jpg 280w, https:\/\/pluginviet.com\/mau1\/wp-content\/uploads\/2022\/03\/mac646.5-768x768.jpg 768w, https:\/\/pluginviet.com\/mau1\/wp-content\/uploads\/2022\/03\/mac646.5-600x600.jpg 600w, https:\/\/pluginviet.com\/mau1\/wp-content\/uploads\/2022\/03\/mac646.5-100x100.jpg 100w\" sizes=\"(max-width: 800px) 100vw, 800px\" \/><figcaption id=\"caption-attachment-2526\" class=\"wp-caption-text\">Ngo\u1ea1i h\u00ecnh MAC 646 Marrakesh<\/figcaption><\/figure>\n<h3>Son MAC Marrakesh \u2013 \u201cvi\u00ean \u0111\u1ea1n \u0111en\u201d \u0111\u1eb3ng c\u1ea5p v\u00e0 si\u00eau sang ch\u1ea3nh<\/h3>\n<p>Thi\u1ebft k\u1ebf vi\u00ean \u0111\u1ea1n \u0111en \u0111\u00e3 tr\u1edf th\u00e0nh signature c\u1ee7a son MAC. V\u1ed1n d\u0129 l\u00e0 nh\u1eefng \u201cchi\u1ebfn binh\u201d \u0111\u1eddi \u0111\u1ea7u c\u1ee7a h\u00e3ng,\u00a0<b>MAC Marrakesh\u00a0<\/b>mang d\u00e1ng h\u00ecnh kinh \u0111i\u1ec3n n\u00e0y \u0111i khuynh \u0111\u1ea3o kh\u1eafp th\u1ebf gi\u1edbi. Son v\u1ecf b\u00f3ng, vi\u1ec1n b\u1ea1c, d\u00e1ng nh\u1ecf g\u1ecdn xinh x\u1eafn v\u1edbi \u0111\u1ea7u \u0111\u1ea1n\u00a0 nh\u1ecdn \u1edf n\u1eafp. Son c\u00f3 logo MAC r\u00f5 n\u00e9t \u1edf tr\u00ean th\u00e2n. Kho\u00e1c l\u00ean m\u00ecnh l\u1edbp \u00e1o l\u1ed9ng l\u1eaby, ki\u00eau k\u1ef3 v\u00e0 quy\u1ebfn r\u0169 n\u00e0y, b\u1ea5t c\u1ee9 ai ch\u1eb3ng m\u00ea. Son ti\u1ec7n mang theo b\u1ea5t c\u1ee9 n\u01a1i \u0111\u00e2u.<\/p>\n<figure id=\"attachment_2532\" aria-describedby=\"caption-attachment-2532\" style=\"width: 800px\" class=\"wp-caption aligncenter\"><img decoding=\"async\" loading=\"lazy\" class=\"wp-image-2532 size-full\" src=\"https:\/\/khomaudep.com\/alvalipstick\/wp-content\/uploads\/2022\/03\/mac646.10.jpg\" alt=\"\" width=\"800\" height=\"800\" srcset=\"https:\/\/pluginviet.com\/mau1\/wp-content\/uploads\/2022\/03\/mac646.10.jpg 800w, https:\/\/pluginviet.com\/mau1\/wp-content\/uploads\/2022\/03\/mac646.10-400x400.jpg 400w, https:\/\/pluginviet.com\/mau1\/wp-content\/uploads\/2022\/03\/mac646.10-280x280.jpg 280w, https:\/\/pluginviet.com\/mau1\/wp-content\/uploads\/2022\/03\/mac646.10-768x768.jpg 768w, https:\/\/pluginviet.com\/mau1\/wp-content\/uploads\/2022\/03\/mac646.10-600x600.jpg 600w, https:\/\/pluginviet.com\/mau1\/wp-content\/uploads\/2022\/03\/mac646.10-100x100.jpg 100w\" sizes=\"(max-width: 800px) 100vw, 800px\" \/><figcaption id=\"caption-attachment-2532\" class=\"wp-caption-text\">MAC 646 Marrakesh<\/figcaption><\/figure>\n<p>V\u1ec1 \u0111\u1ea7u th\u1ecfi th\u00ec\u00a0<b>MAC m\u00e0u Marrakesh\u00a0<\/b>v\u00e1t ch\u00e9o, bo nh\u1ecdn \u1edf \u0111\u1ea7u, d\u1ec5 d\u00e0ng thao t\u00e1c t\u00e1n vi\u1ec1n m\u00f4i \u0111i\u1ec7u ngh\u1ec7. Ch\u1eb3ng c\u00f3 g\u00ec \u0111\u1ec3 ch\u00ea v\u1ec1 ngo\u1ea1i h\u00ecnh c\u1ee7a th\u1ecfi MAC n\u00e0y.<\/p>\n<h2>M\u00e1ch nh\u1ecf c\u00e1ch s\u1eed d\u1ee5ng son MAC Marrakesh \u0111\u00fang c\u00e1ch<\/h2>\n<ul>\n<li>Khi d\u00f9ng\u00a0<b>MAC Marrakesh\u00a0<\/b>n\u00ean b\u1ea3o qu\u1ea3n son \u1edf nh\u1eefng n\u01a1i kh\u00f4 r\u00e1o, tho\u00e1ng m\u00e1t, kh\u00f4ng ti\u1ebfp x\u00fac tr\u1ef1c ti\u1ebfp v\u1edbi \u00e1nh m\u1eb7t tr\u1eddi, kh\u00f4ng \u1edf n\u01a1i \u1ea9m \u01b0\u1edbt, nhi\u1ec7t \u0111\u1ed9 cao.<\/li>\n<li>N\u00ean ch\u0103m ch\u1ec9 d\u01b0\u1ee1ng m\u00f4i \u0111\u1ec3 d\u00f9ng son l\u00ec cho m\u01b0\u1edbt.<\/li>\n<\/ul>\n<h2 style=\"text-align: right\"><strong>khomaudep.com\/alvalipstick<\/strong><\/h2>\n\n\n<div class=\"kk-star-ratings kksr-auto kksr-align-right kksr-valign-bottom kksr-disabled\"\n    data-payload='{&quot;align&quot;:&quot;right&quot;,&quot;id&quot;:&quot;2510&quot;,&quot;readonly&quot;:&quot;1&quot;,&quot;slug&quot;:&quot;default&quot;,&quot;valign&quot;:&quot;bottom&quot;,&quot;ignore&quot;:&quot;&quot;,&quot;reference&quot;:&quot;auto&quot;,&quot;class&quot;:&quot;&quot;,&quot;count&quot;:&quot;0&quot;,&quot;legendonly&quot;:&quot;&quot;,&quot;score&quot;:&quot;0&quot;,&quot;starsonly&quot;:&quot;&quot;,&quot;best&quot;:&quot;5&quot;,&quot;gap&quot;:&quot;5&quot;,&quot;greet&quot;:&quot;Rate this product&quot;,&quot;legend&quot;:&quot;0\\\/5 - (0 b\\u00ecnh ch\\u1ecdn)&quot;,&quot;size&quot;:&quot;24&quot;,&quot;title&quot;:&quot;Son MAC Marrakesh 646 M\\u00e0u \\u0110\\u1ecf G\\u1ea1ch \\u2013 Matte&quot;,&quot;width&quot;:&quot;0&quot;,&quot;_legend&quot;:&quot;{score}\\\/{best} - ({count} {votes})&quot;,&quot;font_factor&quot;:&quot;1.25&quot;}'>\n            \n<div class=\"kksr-stars\">\n    \n<div class=\"kksr-stars-inactive\">\n            <div class=\"kksr-star\" data-star=\"1\" style=\"padding-right: 5px\">\n            \n\n<div class=\"kksr-icon\" style=\"width: 24px; height: 24px;\"><\/div>\n        <\/div>\n            <div class=\"kksr-star\" data-star=\"2\" style=\"padding-right: 5px\">\n            \n\n<div class=\"kksr-icon\" style=\"width: 24px; height: 24px;\"><\/div>\n        <\/div>\n            <div class=\"kksr-star\" data-star=\"3\" style=\"padding-right: 5px\">\n            \n\n<div class=\"kksr-icon\" style=\"width: 24px; height: 24px;\"><\/div>\n        <\/div>\n            <div class=\"kksr-star\" data-star=\"4\" style=\"padding-right: 5px\">\n            \n\n<div class=\"kksr-icon\" style=\"width: 24px; height: 24px;\"><\/div>\n        <\/div>\n            <div class=\"kksr-star\" data-star=\"5\" style=\"padding-right: 5px\">\n            \n\n<div class=\"kksr-icon\" style=\"width: 24px; height: 24px;\"><\/div>\n        <\/div>\n    <\/div>\n    \n<div class=\"kksr-stars-active\" style=\"width: 0px;\">\n            <div class=\"kksr-star\" style=\"padding-right: 5px\">\n            \n\n<div class=\"kksr-icon\" style=\"width: 24px; height: 24px;\"><\/div>\n        <\/div>\n            <div class=\"kksr-star\" style=\"padding-right: 5px\">\n            \n\n<div class=\"kksr-icon\" style=\"width: 24px; height: 24px;\"><\/div>\n        <\/div>\n            <div class=\"kksr-star\" style=\"padding-right: 5px\">\n            \n\n<div class=\"kksr-icon\" style=\"width: 24px; height: 24px;\"><\/div>\n        <\/div>\n            <div class=\"kksr-star\" style=\"padding-right: 5px\">\n            \n\n<div class=\"kksr-icon\" style=\"width: 24px; height: 24px;\"><\/div>\n        <\/div>\n            <div class=\"kksr-star\" style=\"padding-right: 5px\">\n            \n\n<div class=\"kksr-icon\" style=\"width: 24px; height: 24px;\"><\/div>\n        <\/div>\n    <\/div>\n<\/div>\n                \n\n<div class=\"kksr-legend\" style=\"font-size: 19.2px;\">\n            <span class=\"kksr-muted\">Rate this product<\/span>\n    <\/div>\n    <\/div>\n","protected":false},"excerpt":{"rendered":"<p>T\u00edn \u0111\u1ed3 m\u00ea son \u0111\u1ecf g\u1ea1ch ch\u1eb3ng th\u1ec3 n\u00e0o b\u1ecf l\u1ee1\u00a0<strong>son MAC\u00a0Marrakesh<\/strong>. \u0110\u1ecf g\u1ea1ch \u0111\u1eb9p rung \u0111\u1ed9ng l\u00f2ng ng\u01b0\u1eddi, g\u1ee3i c\u1ea3m, quy\u1ebfn r\u0169 \u0111\u1ebfn t\u1eeb d\u00f2ng Matte. Ch\u1ea5t son mang \u0111\u1ebfn c\u1ea3m gi\u00e1c m\u00ea \u0111\u1eafm trong t\u1eebng \u0111\u01b0\u1eddng thoa.<\/p>\n<ul>\n<li>Tr\u1ecdng l\u01b0\u1ee3ng:\u00a0<strong>3g<\/strong><\/li>\n<li>Th\u01b0\u01a1ng hi\u1ec7u:\u00a0<strong>MAC<\/strong><\/li>\n<\/ul>\n","protected":false},"featured_media":2530,"comment_status":"open","ping_status":"closed","template":"","meta":[],"pwb-brand":[274],"product_cat":[15,171],"product_tag":[297,298,299,300],"brands":[{"id":274,"name":"MAC","slug":"mac"}],"_links":{"self":[{"href":"https:\/\/pluginviet.com\/mau1\/wp-json\/wp\/v2\/product\/2510"}],"collection":[{"href":"https:\/\/pluginviet.com\/mau1\/wp-json\/wp\/v2\/product"}],"about":[{"href":"https:\/\/pluginviet.com\/mau1\/wp-json\/wp\/v2\/types\/product"}],"replies":[{"embeddable":true,"href":"https:\/\/pluginviet.com\/mau1\/wp-json\/wp\/v2\/comments?post=2510"}],"wp:featuredmedia":[{"embeddable":true,"href":"https:\/\/pluginviet.com\/mau1\/wp-json\/wp\/v2\/media\/2530"}],"wp:attachment":[{"href":"https:\/\/pluginviet.com\/mau1\/wp-json\/wp\/v2\/media?parent=2510"}],"wp:term":[{"taxonomy":"pwb-brand","embeddable":true,"href":"https:\/\/pluginviet.com\/mau1\/wp-json\/wp\/v2\/pwb-brand?post=2510"},{"taxonomy":"product_cat","embeddable":true,"href":"https:\/\/pluginviet.com\/mau1\/wp-json\/wp\/v2\/product_cat?post=2510"},{"taxonomy":"product_tag","embeddable":true,"href":"https:\/\/pluginviet.com\/mau1\/wp-json\/wp\/v2\/product_tag?post=2510"}],"curies":[{"name":"wp","href":"https:\/\/api.w.org\/{rel}","templated":true}]}}