{"id":2457,"date":"2022-03-10T09:49:29","date_gmt":"2022-03-10T09:49:29","guid":{"rendered":"https:\/\/khomaudep.com\/alvalipstick\/?post_type=product&#038;p=2457"},"modified":"2022-03-25T08:02:52","modified_gmt":"2022-03-25T08:02:52","slug":"son-kem-mac-981-haute-pants-do-anh-dao-powder-kiss-liquid-lipcolour","status":"publish","type":"product","link":"https:\/\/pluginviet.com\/mau1\/san-pham\/son-kem-mac-981-haute-pants-do-anh-dao-powder-kiss-liquid-lipcolour\/","title":{"rendered":"Son Kem MAC 981 Haute Pants \u0110\u1ecf Anh \u0110\u00e0o \u2013 Powder Kiss Liquid Lipcolour"},"content":{"rendered":"<h2>Son kem MAC 981 Haute Pants \u2013 BST MAC Powder Kiss Liquid Lipcolour<\/h2>\n<p>C\u00e1i t\u00ean MAC Powder Kiss d\u01b0\u1eddng nh\u01b0 \u0111\u00e3 qu\u00e1 quen thu\u1ed9c v\u1edbi c\u00e1c t\u00edn \u0111\u1ed3 l\u00e0m \u0111\u1eb9p tr\u00ean kh\u1eafp th\u1ebf gi\u1edbi. 2018 \u0111\u01b0\u1ee3c g\u1ecdi l\u00e0 n\u0103m c\u1ee7a MAC, do s\u1ef1 th\u00e0nh c\u00f4ng r\u1ef1c r\u1ee1 c\u1ee7a BST son th\u1ecfi MAC Powder Kiss Lipstick, \u0111\u00e3 mang v\u1ec1 cho MAC nhi\u1ec1u ti\u1ebfng t\u0103m l\u1edbn. Th\u00ec g\u1ea7n 2 sau, kh\u00f4ng \u0111\u1ec3 b\u1ecf l\u1ee1 c\u01a1 h\u1ed9i, MAC ti\u1ebfp t\u1ee5c tr\u00ecnh l\u00e0ng BST son kem Powder Kiss Liquid Lipcolour, khi\u1ebfn ph\u00e1i \u0111\u1eb9p kh\u00f4ng kh\u1ecfi xu\u00fdt xoa. C\u01a1n s\u1ed1t 17 c\u00e2y son kem MAC Liquid Lipcolour ch\u01b0a k\u1ecbp h\u1ea1 nhi\u1ec7t, th\u00ec \u0111\u1ea7u n\u0103m 2021, MAC l\u1ea1i ti\u1ebfp t\u1ee5c l\u00ean k\u1ec7 9 em son kem si\u00eau hot, \u201cph\u00e1 \u0111\u1ea3o\u201d th\u1ebf gi\u1edbi son m\u00f4i.\u00a0<b>Son Kem MAC 981<\/b>\u00a0Haute Pants\u00a0l\u00e0 m\u1ed9t trong nh\u1eefng c\u00e2y son b\u00e1n ch\u1ea1y nh\u1ea5t. T\u1ea1o n\u00ean ch\u1ed7 \u0111\u1ee9ng v\u1eefng ch\u00e3i cho MAC Powder Kiss Liquid Lipcolour tr\u00ean th\u1ecb tr\u01b0\u1eddng ch\u00e2u \u00c1.<\/p>\n<figure id=\"attachment_2486\" aria-describedby=\"caption-attachment-2486\" style=\"width: 800px\" class=\"wp-caption aligncenter\"><img decoding=\"async\" loading=\"lazy\" class=\"wp-image-2486 size-full\" src=\"https:\/\/khomaudep.com\/alvalipstick\/wp-content\/uploads\/2022\/03\/mac981.7.jpg\" alt=\"\" width=\"800\" height=\"785\" srcset=\"https:\/\/pluginviet.com\/mau1\/wp-content\/uploads\/2022\/03\/mac981.7.jpg 800w, https:\/\/pluginviet.com\/mau1\/wp-content\/uploads\/2022\/03\/mac981.7-408x400.jpg 408w, https:\/\/pluginviet.com\/mau1\/wp-content\/uploads\/2022\/03\/mac981.7-768x754.jpg 768w, https:\/\/pluginviet.com\/mau1\/wp-content\/uploads\/2022\/03\/mac981.7-600x589.jpg 600w\" sizes=\"(max-width: 800px) 100vw, 800px\" \/><figcaption id=\"caption-attachment-2486\" class=\"wp-caption-text\">Son MAC Powder Kiss Liquid Lipcolour m\u00e0u 981<\/figcaption><\/figure>\n<h2>Nh\u1eefng \u01b0u \u0111i\u1ec3m v\u01b0\u1ee3t tr\u1ed9i c\u1ee7a son kem MAC 981 Haute Pants<\/h2>\n<h3>Son kem MAC 981 m\u00e0u \u0110\u1ecf Anh \u0110\u00e0o \u0111\u1eb9p kh\u00f4ng t\u00ec v\u1ebft<\/h3>\n<p>M\u00e0u son \u0111\u1ecf anh \u0111\u00e0o \u0111\u1eb9p lung linh v\u1eeba l\u1ea1, v\u1eeba quen.<b>\u00a0Son kem MAC 981\u00a0<\/b>Haute Pants thi\u00ean v\u1ec1 s\u1eafc \u0111\u1ecf kh\u00e1 nhi\u1ec1u. N\u1ebfu ch\u1ec9 t\u00f4 son 1,2 l\u1edbp, ta s\u1ebd th\u1ea5y s\u1eafc h\u1ed3ng \u00e1nh l\u00ean nh\u1eb9 nh\u00e0ng \u1edf vi\u1ec1n m\u00f4i. M\u00e0u son \u0111\u1ecf anh \u0111\u00e0o \u0111\u1eb9p m\u01a1 m\u00e0ng, r\u1ef1c r\u1ee1 nh\u01b0ng v\u1eabn mang l\u1ea1i c\u1ea3m gi\u00e1c d\u1ecbu d\u00e0ng, trong tr\u1ebbo.<\/p>\n<figure id=\"attachment_2487\" aria-describedby=\"caption-attachment-2487\" style=\"width: 800px\" class=\"wp-caption aligncenter\"><img decoding=\"async\" loading=\"lazy\" class=\"wp-image-2487 size-full\" src=\"https:\/\/khomaudep.com\/alvalipstick\/wp-content\/uploads\/2022\/03\/mac981.8.jpg\" alt=\"\" width=\"800\" height=\"806\" srcset=\"https:\/\/pluginviet.com\/mau1\/wp-content\/uploads\/2022\/03\/mac981.8.jpg 800w, https:\/\/pluginviet.com\/mau1\/wp-content\/uploads\/2022\/03\/mac981.8-397x400.jpg 397w, https:\/\/pluginviet.com\/mau1\/wp-content\/uploads\/2022\/03\/mac981.8-794x800.jpg 794w, https:\/\/pluginviet.com\/mau1\/wp-content\/uploads\/2022\/03\/mac981.8-768x774.jpg 768w, https:\/\/pluginviet.com\/mau1\/wp-content\/uploads\/2022\/03\/mac981.8-600x605.jpg 600w, https:\/\/pluginviet.com\/mau1\/wp-content\/uploads\/2022\/03\/mac981.8-100x100.jpg 100w\" sizes=\"(max-width: 800px) 100vw, 800px\" \/><figcaption id=\"caption-attachment-2487\" class=\"wp-caption-text\">Son kem MAC 981 m\u00e0u \u0111\u1ecf anh \u0111\u00e0o<\/figcaption><\/figure>\n<p><b>Son MAC 981<\/b>\u00a0\u0111\u1ee9ng \u1edf v\u1ecb tr\u00ed \u0111\u1ea7u b\u1ea3ng nh\u1eefng c\u00e2y son kem b\u00e1n ch\u1ea1y nh\u1ea5t 2021 tr\u00ean th\u1ecb tr\u01b0\u1eddng ch\u00e2u \u00c1. Ph\u1ea7n l\u1edbn n\u1eb1m \u1edf m\u00e0u son tuy\u1ec7t m\u1ef9. C\u00e1c n\u01b0\u1edbc nh\u01b0 H\u00e0n Qu\u1ed1c, Th\u00e1i Lan, Indonesia \u0111\u1eb7c bi\u1ec7t \u01b0a chu\u1ed9ng m\u00e0u son \u0111\u1ecf h\u1ed3ng ho\u1eb7c son h\u1ed3ng. Son Haute Pants l\u00e0 s\u1ef1 pha tr\u1ed9n m\u00e0u ho\u00e0n h\u1ea3o c\u1ee7a MAC, t\u1ea1o n\u00ean m\u00e0u son \u0111\u1ecf anh \u0111\u00e0o \u0111\u1eb9p \u0111\u1ebfn t\u1eebng centimet.<\/p>\n<figure id=\"attachment_2488\" aria-describedby=\"caption-attachment-2488\" style=\"width: 800px\" class=\"wp-caption aligncenter\"><img decoding=\"async\" loading=\"lazy\" class=\"wp-image-2488 size-full\" src=\"https:\/\/khomaudep.com\/alvalipstick\/wp-content\/uploads\/2022\/03\/mac981.9.jpg\" alt=\"\" width=\"800\" height=\"804\" srcset=\"https:\/\/pluginviet.com\/mau1\/wp-content\/uploads\/2022\/03\/mac981.9.jpg 800w, https:\/\/pluginviet.com\/mau1\/wp-content\/uploads\/2022\/03\/mac981.9-398x400.jpg 398w, https:\/\/pluginviet.com\/mau1\/wp-content\/uploads\/2022\/03\/mac981.9-796x800.jpg 796w, https:\/\/pluginviet.com\/mau1\/wp-content\/uploads\/2022\/03\/mac981.9-280x280.jpg 280w, https:\/\/pluginviet.com\/mau1\/wp-content\/uploads\/2022\/03\/mac981.9-768x772.jpg 768w, https:\/\/pluginviet.com\/mau1\/wp-content\/uploads\/2022\/03\/mac981.9-600x603.jpg 600w, https:\/\/pluginviet.com\/mau1\/wp-content\/uploads\/2022\/03\/mac981.9-100x100.jpg 100w\" sizes=\"(max-width: 800px) 100vw, 800px\" \/><figcaption id=\"caption-attachment-2488\" class=\"wp-caption-text\">Son MAC Powder Kiss Liquid Lipcolour<\/figcaption><\/figure>\n<h3>\u0110i\u1ec3m 10 cho ch\u1ea5t son kem MAC Powder Kiss Liquid Lipcolour 981 cao c\u1ea5p<\/h3>\n<p>Kh\u00f4ng th\u1ec3 ph\u1ee7 nh\u1eadn \u0111\u01b0\u1ee3c, \u0111\u1ed9 hot c\u1ee7a MAC Powder Kiss Liquid Lipcolour, g\u1ea7n nh\u01b0 n\u1eb1m \u1edf ch\u1ea5t son kem th\u1ea7n th\u00e1nh. K\u1ebft c\u1ea5u Powder b\u1ed9t ph\u1ea5n nh\u1ecf li ti, gi\u00fap l\u1ea5p \u0111\u1ea7y kho\u1ea3ng tr\u1ed1ng ph\u1ea7n r\u00e3nh m\u00f4i, gi\u00fap t\u1ea1o hi\u1ec7u \u1ee9ng m\u1edd l\u1ef3, cho m\u1edd m\u00f4i \u0111\u1ea7y \u0111\u1eb7n, tr\u1ebb trung. Ch\u1ea5t son kem Liquid Lipcolour c\u00f3 \u0111\u1ed9 x\u1ed1p nh\u1eb9, c\u1ef1c k\u1ef3 d\u1ec5 t\u00e1n m\u00e0u son. B\u00ean c\u1ea1nh \u0111\u00f3, si\u00eau ph\u1ea9m MAC c\u00f2n khi\u1ebfn d\u00e2n t\u00ecnh xu\u00fdt xoa v\u1ec1 \u0111\u1ed9 m\u1ecfng nh\u1eb9 khi t\u00f4 l\u00ean m\u00f4i c\u1ee7a\u00a0<b>son MAC 981.\u00a0<\/b>Ch\u1ea5t son kem m\u1ecbn nh\u01b0 nhung, l\u00ean m\u00e0u r\u00f5 ngay t\u1eeb l\u1ea7n t\u00f4 \u0111\u1ea7u ti\u00ean, mang l\u1ea1i c\u1ea3m gi\u00e1c m\u1ecfng nh\u1eb9 su\u1ed1t ng\u00e0y d\u00e0i.<\/p>\n<figure id=\"attachment_2479\" aria-describedby=\"caption-attachment-2479\" style=\"width: 800px\" class=\"wp-caption aligncenter\"><img decoding=\"async\" loading=\"lazy\" class=\"wp-image-2479 size-full\" src=\"https:\/\/khomaudep.com\/alvalipstick\/wp-content\/uploads\/2022\/03\/mac981.1.jpg\" alt=\"\" width=\"800\" height=\"753\" srcset=\"https:\/\/pluginviet.com\/mau1\/wp-content\/uploads\/2022\/03\/mac981.1.jpg 800w, https:\/\/pluginviet.com\/mau1\/wp-content\/uploads\/2022\/03\/mac981.1-425x400.jpg 425w, https:\/\/pluginviet.com\/mau1\/wp-content\/uploads\/2022\/03\/mac981.1-768x723.jpg 768w, https:\/\/pluginviet.com\/mau1\/wp-content\/uploads\/2022\/03\/mac981.1-600x565.jpg 600w\" sizes=\"(max-width: 800px) 100vw, 800px\" \/><figcaption id=\"caption-attachment-2479\" class=\"wp-caption-text\">Son MAC Powder Kiss Liquid Lipcolour 981 m\u00e0u Haute Pants<\/figcaption><\/figure>\n<p>H\u01a1n n\u1eefa,\u00a0ch\u1ea5t son kem l\u00ec, nh\u01b0ng kh\u00f4ng h\u1ec1 g\u00e2y kh\u00f4 m\u00f4i hay n\u1eb7ng m\u00f4i<b>;\u00a0<\/b>son c\u0169ng \u00edt tr\u01a1n tr\u01b0\u1ee3t h\u01a1n d\u00f2ng son th\u1ecfi, v\u1eady n\u00ean, son c\u1ef1c b\u1ec1n m\u00e0u tr\u00ean m\u00f4i. Trong 1 c\u00e2y son kem MAC Powder Kiss c\u00f3 nhi\u1ec1u th\u00e0nh ph\u1ea7n d\u01b0\u1ee1ng \u0111\u01b0\u1ee3c k\u1ebft h\u1ee3p ch\u1ea5t \u0111\u1ed9c \u0111\u00e1o to\u00e0n to\u00e0n l\u00e0nh t\u00ednh. Kh\u00f4ng g\u00e2y d\u1ecb \u1ee9ng hay k\u00edch \u1ee9ng cho m\u00f4i. Thu\u1ed9c d\u00f2ng son kem l\u00ec nh\u01b0ng v\u00f4 c\u00f9ng m\u1ec1m m\u1ecbn, kh\u00f4ng b\u1ecb hi\u1ec7n t\u01b0\u1ee3ng v\u00f3n c\u1ee5c hay n\u1ee9t r\u00e3nh m\u00f4i. Ngo\u00e0i ra, m\u1ed9t c\u00e2y<b>\u00a0son MAC 981<\/b>, c\u00f3 th\u1ec3 b\u00e1m m\u00e0u tr\u00ean m\u00f4i t\u1eeb 7-9 ti\u1ebfng. \u0110\u1ed9 b\u00e1m m\u00e0u xu\u1ea5t s\u1eafc \u0111\u01b0\u1ee3c gi\u1edbi ph\u00ea b\u00ecnh \u0111\u00e1nh gi\u00e1 r\u1ea5t cao.<\/p>\n<figure id=\"attachment_2482\" aria-describedby=\"caption-attachment-2482\" style=\"width: 800px\" class=\"wp-caption aligncenter\"><img decoding=\"async\" loading=\"lazy\" class=\"wp-image-2482 size-full\" src=\"https:\/\/khomaudep.com\/alvalipstick\/wp-content\/uploads\/2022\/03\/mac981.4.jpg\" alt=\"\" width=\"800\" height=\"753\" srcset=\"https:\/\/pluginviet.com\/mau1\/wp-content\/uploads\/2022\/03\/mac981.4.jpg 800w, https:\/\/pluginviet.com\/mau1\/wp-content\/uploads\/2022\/03\/mac981.4-425x400.jpg 425w, https:\/\/pluginviet.com\/mau1\/wp-content\/uploads\/2022\/03\/mac981.4-768x723.jpg 768w, https:\/\/pluginviet.com\/mau1\/wp-content\/uploads\/2022\/03\/mac981.4-600x565.jpg 600w\" sizes=\"(max-width: 800px) 100vw, 800px\" \/><figcaption id=\"caption-attachment-2482\" class=\"wp-caption-text\">Ch\u1ea5t son m\u1ec1m m\u1ecbn, v\u00f4 c\u00f9ng m\u1ecfng nh\u1eb9<\/figcaption><\/figure>\n<h3>Son MAC 981 c\u00f3 m\u00f9i g\u00ec kh\u00f4ng?<\/h3>\n<p><b>Son kem MAC Haute Pants 981<\/b>\u00a0c\u00f3 m\u00f9i vanilla \u0111\u1eb7c tr\u01b0ng nh\u1eb9 nh\u00e0ng nh\u01b0 c\u00e1c d\u00f2ng son tr\u01b0\u1edbc \u0111\u00f3 c\u1ee7a h\u00e3ng. Son s\u1ebd kh\u00f4ng b\u00e1m m\u00f9i l\u00e2u, bay ngay sau v\u00e0i gi\u00e2y khi v\u1eeba thoa l\u00ean m\u00f4i.<\/p>\n<h3>Thi\u1ebft k\u1ebf son MAC Powder Kiss Liquid Lipcolour 981 c\u00f3 g\u00ec \u0111\u1eb7c bi\u1ec7t?<\/h3>\n<p>Nh\u00ecn b\u00ean ngo\u00e0i, thi\u1ebft k\u1ebf\u00a0<b>son MAC Powder Kiss Liquid Lipcolour 981\u00a0<\/b>kh\u00f4ng c\u00f3 g\u00ec qu\u00e1 \u0111\u1eb7c bi\u1ec7t. V\u1eabn gi\u1eef h\u00ecnh d\u1ea1ng vi\u00ean \u0111\u1ea1n bi\u1ec3u t\u01b0\u1ee3ng c\u1ee7a h\u00e3ng. Th\u00e2n son \u0111\u01b0\u1ee3c l\u00e0m b\u1eb1ng nh\u1ef1a l\u00ec trong su\u1ed1t, gi\u00fap d\u1ec5 d\u00e0ng th\u1ea5y \u0111\u01b0\u1ee3c m\u00e0u son. N\u1eafp son \u0111en nh\u00e1m quen thu\u1ed9c.\u00a0<b>Son kem MAC 981\u00a0<\/b>\u0111\u01b0\u1ee3c thi\u1ebft k\u1ebf nh\u1ecf g\u1ecdn d\u1ec5 c\u1ea7m n\u1eafm, d\u1ec5 s\u1eed d\u1ee5ng v\u00e0 mang theo.<\/p>\n<figure id=\"attachment_2480\" aria-describedby=\"caption-attachment-2480\" style=\"width: 800px\" class=\"wp-caption aligncenter\"><img decoding=\"async\" loading=\"lazy\" class=\"wp-image-2480 size-full\" src=\"https:\/\/khomaudep.com\/alvalipstick\/wp-content\/uploads\/2022\/03\/mac981.2.jpg\" alt=\"\" width=\"800\" height=\"753\" srcset=\"https:\/\/pluginviet.com\/mau1\/wp-content\/uploads\/2022\/03\/mac981.2.jpg 800w, https:\/\/pluginviet.com\/mau1\/wp-content\/uploads\/2022\/03\/mac981.2-425x400.jpg 425w, https:\/\/pluginviet.com\/mau1\/wp-content\/uploads\/2022\/03\/mac981.2-768x723.jpg 768w, https:\/\/pluginviet.com\/mau1\/wp-content\/uploads\/2022\/03\/mac981.2-600x565.jpg 600w\" sizes=\"(max-width: 800px) 100vw, 800px\" \/><figcaption id=\"caption-attachment-2480\" class=\"wp-caption-text\">Son MAC 981 Haute Pants m\u00e0u \u0111\u1ecf h\u1ed3ng<\/figcaption><\/figure>\n<p>\u0110i\u1ec3m \u0111\u1eb7c bi\u1ec7t, trong thi\u1ebft k\u1ebf c\u1ee7a d\u00f2ng Liquid Lipcolour, n\u1eb1m \u1edf ph\u1ea7n \u0111\u1ea7u c\u1ecd \u0111\u01b0\u1ee3c thi\u1ebft l\u1ea1 m\u1eaft. \u0110\u1ea7u c\u1ecd h\u00ecnh \u0111\u1ed3ng h\u1ed3 c\u00e1t, v\u1eeba t\u1ea1o \u0111\u01b0\u1ee3c \u0111i\u1ec3m nh\u1ea5n \u0111\u1eb7c bi\u1ec7t trong t\u00e2m tr\u00ed kh\u00e1ch h\u00e0ng. V\u1eeba gi\u00fap l\u01b0\u1ee3ng son m\u1ed7i l\u1ea7n l\u1ea5y ra \u0111\u01b0\u1ee3c nhi\u1ec1u h\u01a1n.<\/p>\n<h2>Son kem MAC Haute Pants \u2013 s\u1ef1 l\u1ef1a ch\u1ecdn ho\u00e0n h\u1ea3o cho ph\u00e1i \u0111\u1eb9p<\/h2>\n<p>\u0110\u01b0\u1ee3c \u0111\u00e1nh gi\u00e1 l\u00e0 c\u00e2y son to\u00e0n m\u1ef9, MAC Powder Kiss Liquid Lipcolour s\u1edf h\u1eefu nh\u1eefng \u201ct\u00edn \u0111\u1ed3\u201d trung th\u00e0nh tr\u00ean kh\u1eafp th\u1ebf gi\u1edbi. V\u1ebb \u0111\u1eb9p kh\u00f4ng th\u1ec3 ph\u1ee7 nh\u1eadn b\u1eb1ng \u0111\u1ed9 ph\u1ee7 s\u00f3ng to\u00e0n c\u1ea7u, \u0111\u01b0\u1ee3c c\u00e1c ng\u00f4i sao qu\u1ed1c t\u1ebf h\u00e0ng \u0111\u1ea7u s\u1eed d\u1ee5ng, \u0111\u01b0\u1ee3c c\u00e1c Blogger kh\u00f4ng ti\u1ebfc l\u1eddi c\u00f3 c\u00e1nh cho c\u00e2y son kem th\u1ea7n th\u00e1nh n\u00e0y. Ch\u1ea5t l\u01b0\u1ee3ng son s\u00e1nh ngang nh\u1eefng d\u00f2ng son highend cao c\u1ea5p, nh\u01b0ng gi\u00e1 th\u00e0nh ch\u1ec9 b\u1eb1ng m\u1ed9t n\u1eeda. R\u1ea5t x\u1ee9ng \u0111\u00e1ng \u0111\u01b0\u1ee3c n\u1eb1m trong gi\u1ecf h\u00e0ng \u0111\u00fang kh\u00f4ng n\u00e0o!<\/p>\n<h2 style=\"text-align: right\"><strong>khomaudep.com\/alvalipstick<\/strong><\/h2>\n\n\n<div class=\"kk-star-ratings kksr-auto kksr-align-right kksr-valign-bottom kksr-disabled\"\n    data-payload='{&quot;align&quot;:&quot;right&quot;,&quot;id&quot;:&quot;2457&quot;,&quot;readonly&quot;:&quot;1&quot;,&quot;slug&quot;:&quot;default&quot;,&quot;valign&quot;:&quot;bottom&quot;,&quot;ignore&quot;:&quot;&quot;,&quot;reference&quot;:&quot;auto&quot;,&quot;class&quot;:&quot;&quot;,&quot;count&quot;:&quot;0&quot;,&quot;legendonly&quot;:&quot;&quot;,&quot;score&quot;:&quot;0&quot;,&quot;starsonly&quot;:&quot;&quot;,&quot;best&quot;:&quot;5&quot;,&quot;gap&quot;:&quot;5&quot;,&quot;greet&quot;:&quot;Rate this product&quot;,&quot;legend&quot;:&quot;0\\\/5 - (0 b\\u00ecnh ch\\u1ecdn)&quot;,&quot;size&quot;:&quot;24&quot;,&quot;title&quot;:&quot;Son Kem MAC 981 Haute Pants \\u0110\\u1ecf Anh \\u0110\\u00e0o \\u2013 Powder Kiss Liquid Lipcolour&quot;,&quot;width&quot;:&quot;0&quot;,&quot;_legend&quot;:&quot;{score}\\\/{best} - ({count} {votes})&quot;,&quot;font_factor&quot;:&quot;1.25&quot;}'>\n            \n<div class=\"kksr-stars\">\n    \n<div class=\"kksr-stars-inactive\">\n            <div class=\"kksr-star\" data-star=\"1\" style=\"padding-right: 5px\">\n            \n\n<div class=\"kksr-icon\" style=\"width: 24px; height: 24px;\"><\/div>\n        <\/div>\n            <div class=\"kksr-star\" data-star=\"2\" style=\"padding-right: 5px\">\n            \n\n<div class=\"kksr-icon\" style=\"width: 24px; height: 24px;\"><\/div>\n        <\/div>\n            <div class=\"kksr-star\" data-star=\"3\" style=\"padding-right: 5px\">\n            \n\n<div class=\"kksr-icon\" style=\"width: 24px; height: 24px;\"><\/div>\n        <\/div>\n            <div class=\"kksr-star\" data-star=\"4\" style=\"padding-right: 5px\">\n            \n\n<div class=\"kksr-icon\" style=\"width: 24px; height: 24px;\"><\/div>\n        <\/div>\n            <div class=\"kksr-star\" data-star=\"5\" style=\"padding-right: 5px\">\n            \n\n<div class=\"kksr-icon\" style=\"width: 24px; height: 24px;\"><\/div>\n        <\/div>\n    <\/div>\n    \n<div class=\"kksr-stars-active\" style=\"width: 0px;\">\n            <div class=\"kksr-star\" style=\"padding-right: 5px\">\n            \n\n<div class=\"kksr-icon\" style=\"width: 24px; height: 24px;\"><\/div>\n        <\/div>\n            <div class=\"kksr-star\" style=\"padding-right: 5px\">\n            \n\n<div class=\"kksr-icon\" style=\"width: 24px; height: 24px;\"><\/div>\n        <\/div>\n            <div class=\"kksr-star\" style=\"padding-right: 5px\">\n            \n\n<div class=\"kksr-icon\" style=\"width: 24px; height: 24px;\"><\/div>\n        <\/div>\n            <div class=\"kksr-star\" style=\"padding-right: 5px\">\n            \n\n<div class=\"kksr-icon\" style=\"width: 24px; height: 24px;\"><\/div>\n        <\/div>\n            <div class=\"kksr-star\" style=\"padding-right: 5px\">\n            \n\n<div class=\"kksr-icon\" style=\"width: 24px; height: 24px;\"><\/div>\n        <\/div>\n    <\/div>\n<\/div>\n                \n\n<div class=\"kksr-legend\" style=\"font-size: 19.2px;\">\n            <span class=\"kksr-muted\">Rate this product<\/span>\n    <\/div>\n    <\/div>\n","protected":false},"excerpt":{"rendered":"<p>V\u1eeba ra m\u1eaft ch\u01b0a \u0111\u01b0\u1ee3c bao l\u00e2u,<b>\u00a0son kem MAC 981<\/b>\u00a0\u0111\u00e3 ng\u1ed3i \u201cch\u1ec5m ch\u1ec7\u201d tr\u00ean v\u1ecb tr\u00ed nh\u1eefng c\u00e2y son kem b\u00e1n ch\u1ea1y nh\u1ea5t 2021.\u00a0Haute Pants 981, son \u0111\u1ecf qu\u1ed1c d\u00e2n, xu\u1ea5t s\u1eafc l\u1ecdt v\u00e0o m\u1eaft xanh nh\u1eefng ng\u01b0\u1eddi \u0111\u1eb9p kh\u00f3 t\u00ednh nh\u1ea5t.\u00a0<b>M\u00e0u son \u0111\u1ecf anh \u0111\u00e0o<\/b>\u00a0quen m\u00e0 l\u1ea1 t\u1ea1o n\u00ean \u0111i\u1ec3m nh\u1ea5n ri\u00eang bi\u1ec7t c\u1ee7a son MAC 981. S\u1eafc \u0111\u1ecf anh \u0111\u00e0o c\u00f3 \u00e1nh h\u1ed3ng nh\u1eb9 nh\u00e0ng, t\u00f4 l\u00ean n\u00e9t \u0111\u1eb9p t\u1ef1 nhi\u00ean, thu\u1ea7n khi\u1ebft. B\u00ean c\u1ea1nh \u0111\u00f3,ch\u1ea5t son kem l\u00ec c\u1ef1c ph\u1ea9m, v\u1edbi \u0111\u1ed9 b\u00e1m m\u00e0u xu\u1ea5t s\u1eafc, nh\u01b0ng v\u1eabn gi\u1eef \u0111\u01b0\u1ee3c \u0111\u1ed9 \u1ea9m m\u01b0\u1ee3t v\u01b0\u1ee3t tr\u1ed9i tr\u00ean m\u00f4i. K\u1ebft c\u1ea5u powder m\u1ecbn nh\u01b0 nhung, ch\u1ee9a c\u00e1c b\u1ed9t ph\u1ea5n li ti l\u1ea5p \u0111\u1ea7y c\u00e1c khe r\u00e3nh m\u00f4i. Gi\u00fap ph\u00e1i \u0111\u1eb9p t\u00f4n l\u00ean b\u1edd m\u00f4i \u0111\u1ea7y \u0111\u1eb7n, quy\u1ebfn r\u0169.<\/p>\n<ul>\n<li>Xu\u1ea5t x\u1ee9:\u00a0<b>M\u1ef9<\/b><\/li>\n<li>Th\u01b0\u01a1ng hi\u1ec7u:\u00a0<b>MAC<\/b><\/li>\n<li>B\u1ed9 s\u01b0u t\u1eadp:\u00a0<b>Powder Kiss Liquid Lipcolour<\/b><\/li>\n<li>Dung t\u00edch:\u00a0<b>5ml\u00a0<\/b><\/li>\n<\/ul>\n","protected":false},"featured_media":2485,"comment_status":"open","ping_status":"closed","template":"","meta":[],"pwb-brand":[274],"product_cat":[15,171],"product_tag":[287,288,289,290,291],"brands":[{"id":274,"name":"MAC","slug":"mac"}],"_links":{"self":[{"href":"https:\/\/pluginviet.com\/mau1\/wp-json\/wp\/v2\/product\/2457"}],"collection":[{"href":"https:\/\/pluginviet.com\/mau1\/wp-json\/wp\/v2\/product"}],"about":[{"href":"https:\/\/pluginviet.com\/mau1\/wp-json\/wp\/v2\/types\/product"}],"replies":[{"embeddable":true,"href":"https:\/\/pluginviet.com\/mau1\/wp-json\/wp\/v2\/comments?post=2457"}],"wp:featuredmedia":[{"embeddable":true,"href":"https:\/\/pluginviet.com\/mau1\/wp-json\/wp\/v2\/media\/2485"}],"wp:attachment":[{"href":"https:\/\/pluginviet.com\/mau1\/wp-json\/wp\/v2\/media?parent=2457"}],"wp:term":[{"taxonomy":"pwb-brand","embeddable":true,"href":"https:\/\/pluginviet.com\/mau1\/wp-json\/wp\/v2\/pwb-brand?post=2457"},{"taxonomy":"product_cat","embeddable":true,"href":"https:\/\/pluginviet.com\/mau1\/wp-json\/wp\/v2\/product_cat?post=2457"},{"taxonomy":"product_tag","embeddable":true,"href":"https:\/\/pluginviet.com\/mau1\/wp-json\/wp\/v2\/product_tag?post=2457"}],"curies":[{"name":"wp","href":"https:\/\/api.w.org\/{rel}","templated":true}]}}