{"id":2418,"date":"2022-03-10T04:19:02","date_gmt":"2022-03-10T04:19:02","guid":{"rendered":"https:\/\/khomaudep.com\/alvalipstick\/?post_type=product&#038;p=2418"},"modified":"2022-03-25T07:44:03","modified_gmt":"2022-03-25T07:44:03","slug":"son-tom-ford-28-shanghai-lily-do-hoa-ly","status":"publish","type":"product","link":"https:\/\/pluginviet.com\/mau1\/san-pham\/son-tom-ford-28-shanghai-lily-do-hoa-ly\/","title":{"rendered":"Son Tom Ford 28 Shanghai Lily \u0110\u1ecf Hoa Ly"},"content":{"rendered":"<h2>Son Tom Ford 28 \u2013 Son Tom Ford Shanghai Lily M\u00e0u \u0110\u1ecf Hoa Ly<\/h2>\n<h3>Son Tom Ford 28 Shanghai Lily<\/h3>\n<p>T\u1eeb khi m\u1edbi nh\u00e1 h\u00e0ng th\u00ec Tom Ford Lip Color Satin Matte \u0111\u00e3 khi\u1ebfn bao ph\u00e1i \u0111\u1eb9p th\u1ed5n th\u1ee9c. \u0110\u00e2y l\u00e0 m\u1ed9t trong nh\u1eefng \u201cchi\u1ebfn binh\u201d m\u1edbi c\u1ee7a \u0111\u1ebf ch\u1ebf Tom Ford l\u00e0 b\u1ea3n k\u1ebft h\u1ee3p c\u1ee7a k\u1ebft c\u1ea5u matte l\u00ec v\u1edbi satin m\u1ec1m m\u1ea1i chu\u1ea9n n\u00e9t. B\u1ed9 \u0111\u00f4i ch\u1ea5t son \u0111\u1ec9nh nh\u1ea5t nh\u00e0 Tom Ford \u0111\u01b0\u1ee3c ho\u00e0 tr\u1ed9n trong 1 th\u1ecfi son duy nh\u1ea5t, h\u1ee9a h\u1eb9n c\u01b0ng n\u1ef1ng b\u1edd m\u00f4i tuy\u1ec7t \u0111\u1ed1i. Son d\u00e1ng vu\u00f4ng, v\u1ecf \u0111en vi\u1ec1n v\u00e0ng huy\u1ec1n tho\u1ea1i, thon d\u00e0i n\u00ean m\u1ea3nh mai v\u00e0 n\u1eef t\u00ednh h\u01a1n h\u1eb3n phi\u00ean b\u1ea3n tr\u01b0\u1edbc. Ch\u1eb3ng nh\u1eefng s\u1edf h\u1eefu thi\u1ebft k\u1ebf sang ch\u1ea3nh m\u00e0\u00a0<strong>son Tom Ford 28\u00a0Shanghai Lily\u00a0<\/strong>c\u00f2n ghi d\u1ea5u v\u1edbi m\u00e0u son \u0111\u1ecf hoa ly kh\u00ed ch\u1ea5t. B\u1edd m\u00f4i chu\u1ea9n trend ch\u1eb3ng c\u00f2n l\u00e0 m\u01a1 \u01b0\u1edbc xa x\u00f4i.<\/p>\n<figure id=\"attachment_2419\" aria-describedby=\"caption-attachment-2419\" style=\"width: 800px\" class=\"wp-caption aligncenter\"><img decoding=\"async\" loading=\"lazy\" class=\"wp-image-2419 size-full\" src=\"https:\/\/khomaudep.com\/alvalipstick\/wp-content\/uploads\/2022\/03\/tf28.1.jpg\" alt=\"\" width=\"800\" height=\"736\" srcset=\"https:\/\/pluginviet.com\/mau1\/wp-content\/uploads\/2022\/03\/tf28.1.jpg 800w, https:\/\/pluginviet.com\/mau1\/wp-content\/uploads\/2022\/03\/tf28.1-435x400.jpg 435w, https:\/\/pluginviet.com\/mau1\/wp-content\/uploads\/2022\/03\/tf28.1-768x707.jpg 768w, https:\/\/pluginviet.com\/mau1\/wp-content\/uploads\/2022\/03\/tf28.1-600x552.jpg 600w\" sizes=\"(max-width: 800px) 100vw, 800px\" \/><figcaption id=\"caption-attachment-2419\" class=\"wp-caption-text\">Son Tom Ford 28 Shanghai Lily si\u00eau hot d\u00f2ng Satin Matte<\/figcaption><\/figure>\n<h2>B\u1eadt m\u00ed l\u00fd do son Tom Ford Shanghai Lily 28 l\u00e0 b\u00e1u v\u1eadt khi\u1ebfn ph\u00e1i \u0111\u1eb9p \u201cm\u1ea5t \u0103n m\u1ea5t ng\u1ee7\u201d<\/h2>\n<h3>\u0110\u1ece HOA LY \u2013 M\u00e0u son Tom Ford 28 Shanghai Lily th\u1ea7n th\u00e1nh b\u1eadc nh\u1ea5t<\/h3>\n<figure id=\"attachment_2420\" aria-describedby=\"caption-attachment-2420\" style=\"width: 800px\" class=\"wp-caption aligncenter\"><img decoding=\"async\" loading=\"lazy\" class=\"wp-image-2420 size-full\" src=\"https:\/\/khomaudep.com\/alvalipstick\/wp-content\/uploads\/2022\/03\/tf28.2.jpg\" alt=\"\" width=\"800\" height=\"890\" srcset=\"https:\/\/pluginviet.com\/mau1\/wp-content\/uploads\/2022\/03\/tf28.2.jpg 800w, https:\/\/pluginviet.com\/mau1\/wp-content\/uploads\/2022\/03\/tf28.2-360x400.jpg 360w, https:\/\/pluginviet.com\/mau1\/wp-content\/uploads\/2022\/03\/tf28.2-719x800.jpg 719w, https:\/\/pluginviet.com\/mau1\/wp-content\/uploads\/2022\/03\/tf28.2-768x854.jpg 768w, https:\/\/pluginviet.com\/mau1\/wp-content\/uploads\/2022\/03\/tf28.2-600x668.jpg 600w\" sizes=\"(max-width: 800px) 100vw, 800px\" \/><figcaption id=\"caption-attachment-2420\" class=\"wp-caption-text\">Tom Ford 28 Shanghai Lily m\u00ea \u0111\u1eafm<\/figcaption><\/figure>\n<p>Ph\u1ea3i n\u00f3i r\u1eb1ng \u0111\u1ecf hoa ly nghe th\u00ec l\u00e0 m\u1ed9t m\u00e0u son l\u1ea1, nh\u01b0ng nh\u00ecn l\u00e0 \u0111\u00e3 bi\u1ebft n\u1ecbnh da, \u0111\u1eb9p mu\u1ed1n x\u1ec9u. V\u1eabn l\u00e0 tone \u0111\u1ecf t\u01b0\u01a1i t\u1eafn nh\u01b0ng\u00a0<strong>son TF 28\u00a0<\/strong>v\u1eabn t\u1ea1o n\u00ean nh\u1eefng d\u1ea5u \u1ea5n ri\u00eang bi\u1ec7t, b\u1ea3o sao ai c\u0169ng m\u00ea m\u1ea9n. Son \u0111\u1ecf trendy h\u1ee3p m\u1ed1t h\u00e0i ho\u00e0, kh\u00f4ng nh\u01b0 nhi\u1ec1u m\u00e0u \u0111\u1ecf kh\u00e1c b\u1ecb t\u01b0\u01a1i qu\u00e1 hay \u0111\u1eadm qu\u00e1. Nh\u00ecn mu\u00f4n v\u00e0n h\u00ecnh swatch th\u00ec \u0111\u1ec1u th\u1ea5y \u0111\u01b0\u1ee3c \u0111\u1ed9 s\u00e0nh \u0111i\u1ec7u, \u0111\u1eb9p tuy\u1ec7t \u0111\u1ed1i c\u1ee7a th\u1ecfi\u00a0<strong>son Tom Ford m\u00e0u 28\u00a0<\/strong>n\u00e0y. \u0110\u1ecf hoa ly hot nh\u1ea5t hi\u1ec7n nay ch\u00ednh l\u00e0 em n\u00f3, ch\u1eb3ng h\u1ec1 qu\u00e1 l\u1eddi m\u1ed9t ch\u00fat n\u00e0o.<\/p>\n<figure id=\"attachment_2422\" aria-describedby=\"caption-attachment-2422\" style=\"width: 800px\" class=\"wp-caption aligncenter\"><img decoding=\"async\" loading=\"lazy\" class=\"wp-image-2422 size-full\" src=\"https:\/\/khomaudep.com\/alvalipstick\/wp-content\/uploads\/2022\/03\/tf28.4.jpg\" alt=\"\" width=\"800\" height=\"1133\" srcset=\"https:\/\/pluginviet.com\/mau1\/wp-content\/uploads\/2022\/03\/tf28.4.jpg 800w, https:\/\/pluginviet.com\/mau1\/wp-content\/uploads\/2022\/03\/tf28.4-282x400.jpg 282w, https:\/\/pluginviet.com\/mau1\/wp-content\/uploads\/2022\/03\/tf28.4-565x800.jpg 565w, https:\/\/pluginviet.com\/mau1\/wp-content\/uploads\/2022\/03\/tf28.4-768x1088.jpg 768w, https:\/\/pluginviet.com\/mau1\/wp-content\/uploads\/2022\/03\/tf28.4-600x850.jpg 600w\" sizes=\"(max-width: 800px) 100vw, 800px\" \/><figcaption id=\"caption-attachment-2422\" class=\"wp-caption-text\">Tom Ford 28 Shanghai Lily \u0111\u1ecf r\u1ef1c r\u1ee1<\/figcaption><\/figure>\n<h3>Son Tom Ford 28 mang k\u1ebft c\u1ea5u Satin Matte \u2013 l\u00ec m\u00e0 c\u0103ng m\u1ecdng<\/h3>\n<p>Th\u1ebf gi\u1edbi son m\u00f4i c\u00f3 hai th\u00e1i c\u1ef1c ho\u00e0n to\u00e0n kh\u00e1c bi\u1ec7t m\u00e0 Matte v\u00e0 Satin. Ngay b\u1ea3n th\u00e2n Tom Ford c\u0169ng ph\u00e2n chia nh\u1eefng d\u00f2ng son ri\u00eang cho t\u1eebng k\u1ebft c\u1ea5u n\u00e0y l\u00e0 Lip Color Matte c\u00f9ng Lip Color. To\u00e0n l\u00e0 nh\u1eefng \u201chuy\u1ec1n tho\u1ea1i\u201d trong gi\u1edbi, \u0111\u00ea m\u00ea \u0111\u1ebfn m\u1ee9c tr\u1edf th\u00e0nh bi\u1ec3u t\u01b0\u1ee3ng v\u00e0 c\u00f3 danh ti\u1ebfng c\u1ee9 g\u1ecdi l\u00e0 kh\u1ee7ng khi\u1ebfp. Nh\u01b0ng d\u1ea5u \u1ea5n m\u00e0 Tom Ford mang \u0111\u1ebfn kh\u00f4ng d\u1eebng l\u1ea1i \u1edf \u0111\u00f3, h\u00e3ng \u0111\u1ed9t ph\u00e1 k\u1ebft h\u1ee3p hai phi\u00ean b\u1ea3n n\u00e0y l\u1ea1i v\u1edbi nhau, cho ra \u0111\u1eddi d\u00f2ng\u00a0<strong>Tom Ford Satin Matte Lip Color\u00a0<\/strong>\u1ea5n t\u01b0\u1ee3ng.\u00a0<strong>Son Tom Ford 28 Shanghai Lily\u00a0<\/strong>mang chu\u1ea9n ch\u1ea5t son v\u1eeba l\u00ec v\u1eeba m\u1ecdng \u0111\u1eb9p n\u00e0y.<\/p>\n<figure id=\"attachment_2421\" aria-describedby=\"caption-attachment-2421\" style=\"width: 800px\" class=\"wp-caption aligncenter\"><img decoding=\"async\" loading=\"lazy\" class=\"wp-image-2421 size-full\" src=\"https:\/\/khomaudep.com\/alvalipstick\/wp-content\/uploads\/2022\/03\/tf28.3.jpg\" alt=\"\" width=\"800\" height=\"1067\" srcset=\"https:\/\/pluginviet.com\/mau1\/wp-content\/uploads\/2022\/03\/tf28.3.jpg 800w, https:\/\/pluginviet.com\/mau1\/wp-content\/uploads\/2022\/03\/tf28.3-300x400.jpg 300w, https:\/\/pluginviet.com\/mau1\/wp-content\/uploads\/2022\/03\/tf28.3-600x800.jpg 600w, https:\/\/pluginviet.com\/mau1\/wp-content\/uploads\/2022\/03\/tf28.3-768x1024.jpg 768w\" sizes=\"(max-width: 800px) 100vw, 800px\" \/><figcaption id=\"caption-attachment-2421\" class=\"wp-caption-text\">Tom Ford 28 Shanghai Lily quy\u1ebfn r\u0169<\/figcaption><\/figure>\n<p>S\u1ef1 k\u1ebft h\u1ee3p \u01b0u \u0111i\u1ec3m c\u1ee7a hai d\u00f2ng cho ra\u00a0<strong>son TF 28\u00a0<\/strong>r\u1ea5t m\u1ec1m, son m\u1ecbn nh\u01b0 b\u01a1, hi\u1ec7u \u1ee9ng m\u00e0u kh\u00f4ng th\u1ec3 chu\u1ea9n h\u01a1n. Thoa son xong ch\u1eb3ng s\u1ee3 x\u00ea d\u1ecbch, b\u1ec1n m\u00e0u c\u00f2n \u0111\u1ec9nh cao. Qu\u1ea3 l\u00e0 k\u1ebft h\u1ee3p \u0111\u1ec9nh cao t\u1ea1o n\u00ean phi\u00ean b\u1ea3 c\u00f3 1-0-2 g\u00e2y s\u1ed1t n\u00e0y.<\/p>\n<figure id=\"attachment_2423\" aria-describedby=\"caption-attachment-2423\" style=\"width: 800px\" class=\"wp-caption aligncenter\"><img decoding=\"async\" loading=\"lazy\" class=\"wp-image-2423 size-full\" src=\"https:\/\/khomaudep.com\/alvalipstick\/wp-content\/uploads\/2022\/03\/tf28.5.jpg\" alt=\"\" width=\"800\" height=\"776\" srcset=\"https:\/\/pluginviet.com\/mau1\/wp-content\/uploads\/2022\/03\/tf28.5.jpg 800w, https:\/\/pluginviet.com\/mau1\/wp-content\/uploads\/2022\/03\/tf28.5-412x400.jpg 412w, https:\/\/pluginviet.com\/mau1\/wp-content\/uploads\/2022\/03\/tf28.5-768x745.jpg 768w, https:\/\/pluginviet.com\/mau1\/wp-content\/uploads\/2022\/03\/tf28.5-600x582.jpg 600w\" sizes=\"(max-width: 800px) 100vw, 800px\" \/><figcaption id=\"caption-attachment-2423\" class=\"wp-caption-text\">3 m\u00e0u son hot nh\u1ea5t d\u00f2ng Satin Matte g\u1ea7n \u0111\u00e2y<\/figcaption><\/figure>\n<h3>Ch\u1ea5t son Tom Ford 28 Shanghai Lily \u0111\u1eb7c bi\u1ec7t nh\u01b0 n\u00e0o, d\u00f2ng Tom Ford Lip Color Satin Matte \u0111\u00e1ng d\u00f9ng ra sao?<\/h3>\n<p>M\u1ed9t d\u00f2ng son cao c\u1ea5p s\u1ebd \u0111\u01b0\u1ee3c th\u1ec3 hi\u1ec7n ngay th\u00f4n qua ch\u1ea5t son. M\u00f4 t\u1ea3 v\u1ec1 d\u00f2ng\u00a0<strong>son Tom Ford Lip Color Satin Matte\u00a0<\/strong>n\u00e0y, Tom Ford \u0111\u01b0a \u0111\u1ebfn m\u1ed9t lo\u1ea1t nh\u1eefng c\u1ee5m t\u1eeb nh\u01b0 l\u00ec nhung, m\u1ecbn m\u00e0ng, s\u1ed1ng \u0111\u1ed9ng, m\u00e0u l\u00ean chu\u1ea9n n\u00e9t ch\u1ec9 sau m\u1ed9t \u0111\u01b0\u1eddng thoa. C\u00f4ng th\u1ee9c m\u1edbi c\u00f2n gi\u00fap cho\u00a0<strong>son Tom Ford Shanghai Lily\u00a0<\/strong>n\u00e0y si\u00eau t\u1ef1 nhi\u00ean, m\u1ecfng nh\u1eb9, \u0111\u1ed9 che ph\u1ee7 cao. L\u00e0 finish b\u00f3ng m\u1ecdng m\u00e0 v\u1eabn s\u1edf h\u1eefu kh\u1ea3 n\u0103ng l\u01b0u m\u00e0u l\u00ean \u0111\u1ebfn 6 gi\u1edd \u0111\u1ed3ng h\u1ed3 li\u1ec1n. Bao nhi\u00eau tuy\u1ec7t v\u1eddi g\u00f3i tr\u1ecdn h\u1ebft trong th\u1ecfi son b\u00e1n l\u00ec trong m\u01a1 t\u00ean\u00a0<strong>son TF 28\u00a0<\/strong>n\u00e0y c\u1ea3!<\/p>\n<figure id=\"attachment_2425\" aria-describedby=\"caption-attachment-2425\" style=\"width: 800px\" class=\"wp-caption aligncenter\"><img decoding=\"async\" loading=\"lazy\" class=\"wp-image-2425 size-full\" src=\"https:\/\/khomaudep.com\/alvalipstick\/wp-content\/uploads\/2022\/03\/tf28.6.jpg\" alt=\"\" width=\"800\" height=\"800\" srcset=\"https:\/\/pluginviet.com\/mau1\/wp-content\/uploads\/2022\/03\/tf28.6.jpg 800w, https:\/\/pluginviet.com\/mau1\/wp-content\/uploads\/2022\/03\/tf28.6-400x400.jpg 400w, https:\/\/pluginviet.com\/mau1\/wp-content\/uploads\/2022\/03\/tf28.6-280x280.jpg 280w, https:\/\/pluginviet.com\/mau1\/wp-content\/uploads\/2022\/03\/tf28.6-768x768.jpg 768w, https:\/\/pluginviet.com\/mau1\/wp-content\/uploads\/2022\/03\/tf28.6-600x600.jpg 600w, https:\/\/pluginviet.com\/mau1\/wp-content\/uploads\/2022\/03\/tf28.6-100x100.jpg 100w\" sizes=\"(max-width: 800px) 100vw, 800px\" \/><figcaption id=\"caption-attachment-2425\" class=\"wp-caption-text\">Tom Ford 28 Shanghai Lily<\/figcaption><\/figure>\n<h3>Th\u00e0nh ph\u1ea7n son Tom Ford m\u00e0u 28 tinh hoa d\u01b0\u1ee1ng ch\u1ea5t<\/h3>\n<p>Bao nhi\u00eau th\u00e0nh ph\u1ea7n, d\u01b0\u1ee1ng ch\u1ea5t qu\u00fd gi\u00e1 \u0111\u1ec1u \u0111\u01b0\u1ee3c Tom Ford g\u1eedi tr\u1ecdn h\u1ebft trong\u00a0<strong>son Tom Ford 28\u00a0<\/strong>m\u1edbi toanh. Li\u1ec7t k\u00ea ngay th\u1ea5y c\u00f3 b\u01a1 d\u01b0\u1ee1ng \u1ea9m Murumuru, l\u00e0 d\u1ea7u Soja, r\u1ed3i tinh d\u1ea7u hoa c\u00fac\u2026, b\u1ea5t ng\u1edd h\u01a1n l\u00e0 c\u00f2n c\u00f3 d\u1ea7u n\u1ee5 t\u1ea7m xu\u00e2n n\u1eefa.<\/p>\n<p>Son l\u00ec g\u00ec m\u00e0 c\u1ee9 khi\u1ebfn m\u00f4i m\u1ecbn m\u00e0ng t\u01b0\u01a1i t\u1eafn ng\u1ecdt ng\u00e0o \u0111\u1ebfn nh\u01b0 th\u1ebf c\u01a1 ch\u1ee9. S\u1eafm\u00a0<strong>son TF Shanghai Lily\u00a0<\/strong>\u0111\u1ec3 m\u00f4i kh\u00f4ng bao gi\u1edd b\u1ecb kh\u00f4.<\/p>\n<h3>Ngo\u1ea1i h\u00ecnh son Tom Ford Shanghai Lily g\u00e2y t\u01b0\u01a1ng t\u01b0 di\u1ec7n r\u1ed9ng<\/h3>\n<figure id=\"attachment_2426\" aria-describedby=\"caption-attachment-2426\" style=\"width: 800px\" class=\"wp-caption aligncenter\"><img decoding=\"async\" loading=\"lazy\" class=\"wp-image-2426 size-full\" src=\"https:\/\/khomaudep.com\/alvalipstick\/wp-content\/uploads\/2022\/03\/tf28.7.jpg\" alt=\"\" width=\"800\" height=\"800\" srcset=\"https:\/\/pluginviet.com\/mau1\/wp-content\/uploads\/2022\/03\/tf28.7.jpg 800w, https:\/\/pluginviet.com\/mau1\/wp-content\/uploads\/2022\/03\/tf28.7-400x400.jpg 400w, https:\/\/pluginviet.com\/mau1\/wp-content\/uploads\/2022\/03\/tf28.7-280x280.jpg 280w, https:\/\/pluginviet.com\/mau1\/wp-content\/uploads\/2022\/03\/tf28.7-768x768.jpg 768w, https:\/\/pluginviet.com\/mau1\/wp-content\/uploads\/2022\/03\/tf28.7-600x600.jpg 600w, https:\/\/pluginviet.com\/mau1\/wp-content\/uploads\/2022\/03\/tf28.7-100x100.jpg 100w\" sizes=\"(max-width: 800px) 100vw, 800px\" \/><figcaption id=\"caption-attachment-2426\" class=\"wp-caption-text\">Ngo\u1ea1i h\u00ecnh Tom Ford 28 Shanghai Lily<\/figcaption><\/figure>\n<p>V\u1ed1n d\u0129 m\u1ecdi th\u1ecfi son c\u1ee7a Tom Ford t\u1eeb tr\u01b0\u1edbc \u0111\u1ebfn gi\u1edd \u0111\u1ec1u \u0111\u01b0\u1ee3c ng\u1ee3i khen tuy\u1ec7t \u0111\u1ed1i. Gi\u1eef nguy\u00ean nh\u1eefng \u0111\u01b0\u1eddng n\u00e9t mang t\u00ednh bi\u1ec3u t\u01b0\u1ee3ng nh\u01b0 v\u1ecf \u0111en, nh\u01b0 vi\u1ec1n v\u00e0 v\u1ecf trong m\u00e0u v\u00e0ng r\u1ed3i d\u00e1ng h\u00ecnh vu\u00f4ng v\u1eafn,\u00a0<strong>son Tom Ford 28 Shanghai Lily\u00a0<\/strong>m\u1edbi m\u1ebb \u1edf d\u00e1ng thon d\u00e0i, \u1edf \u0111\u1ea7u son bo tr\u00f2n n\u1eef t\u00ednh. D\u00f2ng n\u00e0y kh\u00e1c so v\u1edbi b\u1ea3n Matte hay Lip Color nh\u01b0ng l\u1ea1i g\u1ea7n nh\u01b0 t\u01b0\u01a1ng \u0111\u1ed3ng v\u1edbi b\u1ea3n Lip Color Shine. C\u00f3 ch\u0103ng kh\u00e1c th\u00eam l\u00e0 thon th\u1ea3 \u201csi\u00eau m\u1eabu\u201d h\u01a1n ch\u00fat.<\/p>\n<h2>H\u00e0nh trinh chinh ph\u1ee5c \u0111\u01b0\u1eddng \u0111\u1ebfn tr\u00e1i tim v\u1edbi son Tom Ford 28 Shanghai Lily \u0111\u1ecf hoa ly<\/h2>\n<p>Tom Ford ra d\u00f2ng m\u1edbi l\u00e0 th\u1ebf gi\u1edbi son m\u00f4i cao c\u1ea5p l\u1ea1i ti\u1ebfp t\u1ee5c ghi danh th\u00eam m\u1ed9t si\u00eau ph\u1ea9m.\u00a0<strong>Son Tom Ford Shanghai Lily\u00a0<\/strong>\u0111\u01b0\u1ee3c s\u0103n \u0111\u00f3n n\u1ed3ng nhi\u1ec7t. \u0110\u00f3 l\u00e0 b\u1edfi s\u1ef1 ho\u00e0n m\u0129 t\u1eeb d\u00e1ng h\u00ecnh \u0111\u1ebfn ch\u1ea5t son, b\u1edfi quy\u1ebfn r\u0169 v\u1edbi m\u00e0u \u0111\u1ecf hoa ly \u0111\u1ec9nh cao th\u1eddi th\u01b0\u1ee3ng. B\u1ee9t ph\u00e1 v\u00e0 n\u00e2ng t\u1ea7m nhan s\u1eafc ngay v\u1edbi th\u1ecfi\u00a0<strong>son Tom Ford \u0111\u1ecf hoa ly\u00a0<\/strong>n\u00e0y nh\u00e9.<\/p>\n<h2 style=\"text-align: right\"><strong>khomaudep.com\/alvalipstick<\/strong><\/h2>\n\n\n<div class=\"kk-star-ratings kksr-auto kksr-align-right kksr-valign-bottom kksr-disabled\"\n    data-payload='{&quot;align&quot;:&quot;right&quot;,&quot;id&quot;:&quot;2418&quot;,&quot;readonly&quot;:&quot;1&quot;,&quot;slug&quot;:&quot;default&quot;,&quot;valign&quot;:&quot;bottom&quot;,&quot;ignore&quot;:&quot;&quot;,&quot;reference&quot;:&quot;auto&quot;,&quot;class&quot;:&quot;&quot;,&quot;count&quot;:&quot;0&quot;,&quot;legendonly&quot;:&quot;&quot;,&quot;score&quot;:&quot;0&quot;,&quot;starsonly&quot;:&quot;&quot;,&quot;best&quot;:&quot;5&quot;,&quot;gap&quot;:&quot;5&quot;,&quot;greet&quot;:&quot;Rate this product&quot;,&quot;legend&quot;:&quot;0\\\/5 - (0 b\\u00ecnh ch\\u1ecdn)&quot;,&quot;size&quot;:&quot;24&quot;,&quot;title&quot;:&quot;Son Tom Ford 28 Shanghai Lily \\u0110\\u1ecf Hoa Ly&quot;,&quot;width&quot;:&quot;0&quot;,&quot;_legend&quot;:&quot;{score}\\\/{best} - ({count} {votes})&quot;,&quot;font_factor&quot;:&quot;1.25&quot;}'>\n            \n<div class=\"kksr-stars\">\n    \n<div class=\"kksr-stars-inactive\">\n            <div class=\"kksr-star\" data-star=\"1\" style=\"padding-right: 5px\">\n            \n\n<div class=\"kksr-icon\" style=\"width: 24px; height: 24px;\"><\/div>\n        <\/div>\n            <div class=\"kksr-star\" data-star=\"2\" style=\"padding-right: 5px\">\n            \n\n<div class=\"kksr-icon\" style=\"width: 24px; height: 24px;\"><\/div>\n        <\/div>\n            <div class=\"kksr-star\" data-star=\"3\" style=\"padding-right: 5px\">\n            \n\n<div class=\"kksr-icon\" style=\"width: 24px; height: 24px;\"><\/div>\n        <\/div>\n            <div class=\"kksr-star\" data-star=\"4\" style=\"padding-right: 5px\">\n            \n\n<div class=\"kksr-icon\" style=\"width: 24px; height: 24px;\"><\/div>\n        <\/div>\n            <div class=\"kksr-star\" data-star=\"5\" style=\"padding-right: 5px\">\n            \n\n<div class=\"kksr-icon\" style=\"width: 24px; height: 24px;\"><\/div>\n        <\/div>\n    <\/div>\n    \n<div class=\"kksr-stars-active\" style=\"width: 0px;\">\n            <div class=\"kksr-star\" style=\"padding-right: 5px\">\n            \n\n<div class=\"kksr-icon\" style=\"width: 24px; height: 24px;\"><\/div>\n        <\/div>\n            <div class=\"kksr-star\" style=\"padding-right: 5px\">\n            \n\n<div class=\"kksr-icon\" style=\"width: 24px; height: 24px;\"><\/div>\n        <\/div>\n            <div class=\"kksr-star\" style=\"padding-right: 5px\">\n            \n\n<div class=\"kksr-icon\" style=\"width: 24px; height: 24px;\"><\/div>\n        <\/div>\n            <div class=\"kksr-star\" style=\"padding-right: 5px\">\n            \n\n<div class=\"kksr-icon\" style=\"width: 24px; height: 24px;\"><\/div>\n        <\/div>\n            <div class=\"kksr-star\" style=\"padding-right: 5px\">\n            \n\n<div class=\"kksr-icon\" style=\"width: 24px; height: 24px;\"><\/div>\n        <\/div>\n    <\/div>\n<\/div>\n                \n\n<div class=\"kksr-legend\" style=\"font-size: 19.2px;\">\n            <span class=\"kksr-muted\">Rate this product<\/span>\n    <\/div>\n    <\/div>\n","protected":false},"excerpt":{"rendered":"<p>C\u00f9ng tr\u1edf n\u00ean s\u00e0nh \u0111i\u1ec7u, sang ch\u1ea3nh h\u01a1n v\u1edbi\u00a0<strong>son Tom Ford 28 Shanghai Lily<\/strong>. \u0110\u1ecf hoa ly hot nh\u1ea5t d\u00f2ng Lip Color Satin Matte, b\u1ea5t c\u1ee9 ai c\u0169ng m\u00ea m\u1ea9n. Ch\u1ea5t son k\u1ebft h\u1ee3p \u01b0u \u0111i\u1ec3m c\u1ee7a c\u1ea3 d\u00f2ng satin l\u1eabn matte, cho tr\u1ea3i nghi\u1ec7m ho\u00e0n h\u1ea3o \u0111\u1ebfn m\u1ee9c kh\u00f3 c\u01b0\u1ee1ng tr\u00ean b\u1edd m\u00f4i.<\/p>\n<ul>\n<li>Th\u01b0\u01a1ng hi\u1ec7u:\u00a0<strong>Tom Ford.<\/strong><\/li>\n<li>Thu\u1ed9c d\u00f2ng:\u00a0<strong>Lip Color Satin Matte<\/strong>.<\/li>\n<\/ul>\n","protected":false},"featured_media":2424,"comment_status":"open","ping_status":"closed","template":"","meta":[],"pwb-brand":[172],"product_cat":[15,171],"product_tag":[269,270,271,272,273],"brands":[{"id":172,"name":"Tom Ford","slug":"tom-ford"}],"_links":{"self":[{"href":"https:\/\/pluginviet.com\/mau1\/wp-json\/wp\/v2\/product\/2418"}],"collection":[{"href":"https:\/\/pluginviet.com\/mau1\/wp-json\/wp\/v2\/product"}],"about":[{"href":"https:\/\/pluginviet.com\/mau1\/wp-json\/wp\/v2\/types\/product"}],"replies":[{"embeddable":true,"href":"https:\/\/pluginviet.com\/mau1\/wp-json\/wp\/v2\/comments?post=2418"}],"wp:featuredmedia":[{"embeddable":true,"href":"https:\/\/pluginviet.com\/mau1\/wp-json\/wp\/v2\/media\/2424"}],"wp:attachment":[{"href":"https:\/\/pluginviet.com\/mau1\/wp-json\/wp\/v2\/media?parent=2418"}],"wp:term":[{"taxonomy":"pwb-brand","embeddable":true,"href":"https:\/\/pluginviet.com\/mau1\/wp-json\/wp\/v2\/pwb-brand?post=2418"},{"taxonomy":"product_cat","embeddable":true,"href":"https:\/\/pluginviet.com\/mau1\/wp-json\/wp\/v2\/product_cat?post=2418"},{"taxonomy":"product_tag","embeddable":true,"href":"https:\/\/pluginviet.com\/mau1\/wp-json\/wp\/v2\/product_tag?post=2418"}],"curies":[{"name":"wp","href":"https:\/\/api.w.org\/{rel}","templated":true}]}}