{"id":2410,"date":"2022-03-09T17:01:11","date_gmt":"2022-03-09T17:01:11","guid":{"rendered":"https:\/\/khomaudep.com\/alvalipstick\/?post_type=product&#038;p=2410"},"modified":"2022-03-25T07:43:25","modified_gmt":"2022-03-25T07:43:25","slug":"son-tom-ford-27-shameless-mau-do-gach","status":"publish","type":"product","link":"https:\/\/pluginviet.com\/mau1\/san-pham\/son-tom-ford-27-shameless-mau-do-gach\/","title":{"rendered":"Son Tom Ford 27 Shameless M\u00e0u \u0110\u1ecf G\u1ea1ch"},"content":{"rendered":"<h2>Son Tom Ford 27 Shameless M\u00e0u \u0110\u1ecf \u0110\u1ea5t<\/h2>\n<h3>Son Tom Ford 27 Shameless<\/h3>\n<p>Nh\u00e1 h\u00e0ng b\u1ed9 s\u01b0u t\u1eadp m\u1edbi mang t\u00ean Tom Ford Lip Color Satin Matte, \u201c\u00f4ng l\u1edbn\u201d Tom Ford l\u1ea1i khi\u1ebfn bao ph\u00e1i \u0111\u1eb9p th\u1ed5n th\u1ee9c kh\u00f4n ngu\u00f4i. D\u00f2ng son m\u1edbi gia nh\u1eadp v\u00e0o \u201c\u0111\u1ebf ch\u1ebf\u201d Tom Ford n\u00e0y l\u00e0 s\u1ef1 k\u1ebft h\u1ee3p ho\u00e0n h\u1ea3o gi\u1eefa k\u1ebft c\u1ea5u satin m\u1ec1m m\u1ecbn c\u00f9ng l\u00ec chu\u1ea9n n\u00e9t. B\u1ed9 \u0111\u00f4i ch\u1ea5t son tuy\u1ec7t v\u1eddi t\u00edch h\u1ee3p, h\u00f2a tr\u1ed9n cho ra \u0111\u1eddi m\u1ed9t phi\u00ean b\u1ea3n son c\u01b0ng n\u1ef1ng b\u1edd m\u00f4i b\u1eadc nh\u1ea5t. D\u00e1ng h\u00ecnh ki\u00eau k\u1ef3, sang ch\u1ea3nh c\u0169ng l\u00e0 \u0111i\u1ec3m thu h\u00fat. M\u1ed9t c\u00e1i t\u00ean hot nh\u1ea5t d\u00f2ng son Tom Ford Satin Matte, ch\u00ednh l\u00e0\u00a0<strong>son Tom Ford 27 Shameless<\/strong>. M\u00e0u son \u0111\u1ecf \u0111\u1ea5t l\u00ean m\u00f4i chu\u1ea9n n\u00e9t ch\u1ec9 sau m\u1ed9t \u0111\u01b0\u1eddng thoa. S\u1edf h\u1eefu b\u1edd m\u00f4i c\u0103ng m\u1ecdng nh\u01b0 nh\u1eefng beauty blogger ch\u1eb3ng c\u00f2n l\u00e0 \u01b0\u1edbc m\u01a1.<\/p>\n<h2>\u0110i t\u00ecm l\u00fd do son Tom Ford Shameless 27 khi\u1ebfn ph\u00e1i \u0111\u1eb9p \u201cm\u1ea5t \u0103n m\u1ea5t ng\u1ee7\u201d<\/h2>\n<h3>Son Tom Ford 27 Shameless m\u00e0u \u0111\u1ecf g\u1ea1ch s\u00e0nh \u0111i\u1ec7u<\/h3>\n<figure id=\"attachment_2411\" aria-describedby=\"caption-attachment-2411\" style=\"width: 766px\" class=\"wp-caption aligncenter\"><img decoding=\"async\" loading=\"lazy\" class=\"wp-image-2411 size-full\" src=\"https:\/\/khomaudep.com\/alvalipstick\/wp-content\/uploads\/2022\/03\/tf27.1.jpg\" alt=\"\" width=\"766\" height=\"960\" srcset=\"https:\/\/pluginviet.com\/mau1\/wp-content\/uploads\/2022\/03\/tf27.1.jpg 766w, https:\/\/pluginviet.com\/mau1\/wp-content\/uploads\/2022\/03\/tf27.1-319x400.jpg 319w, https:\/\/pluginviet.com\/mau1\/wp-content\/uploads\/2022\/03\/tf27.1-638x800.jpg 638w, https:\/\/pluginviet.com\/mau1\/wp-content\/uploads\/2022\/03\/tf27.1-600x752.jpg 600w\" sizes=\"(max-width: 766px) 100vw, 766px\" \/><figcaption id=\"caption-attachment-2411\" class=\"wp-caption-text\">Son Tom Ford 27 Shameless \u0111\u1ecf g\u1ea1ch<\/figcaption><\/figure>\n<p>L\u1ea7n \u0111\u1ea7u ti\u00ean, Tom Ford tr\u00ecnh l\u00e0ng m\u1ed9t s\u1eafc \u0111\u1ecf g\u1ea1ch theo xu h\u01b0\u1edbng.\u00a0<strong>S<\/strong><strong>on Tom Ford m\u00e0u 27\u00a0<\/strong>h\u00f2a tr\u1ed9n s\u1eafc \u0111\u1ecf, cam v\u00e0 n\u00e2u \u0111\u1ea5t m\u1ed9t c\u00e1ch h\u00e0i h\u00f2a b\u1ea5t ng\u1edd. T\u1ec9 l\u1ec7 ho\u00e0n h\u1ea3o m\u00e0 nh\u00e0 Tom Ford pha tr\u1ed9n khi\u1ebfn b\u1ea5t c\u1ee9 t\u00f4ng da n\u00e0o c\u0169ng \u0111\u01b0\u1ee3c c\u01b0ng n\u1ef1ng. N\u00f3i\u00a0<strong>son Tom Ford Shameless\u00a0<\/strong>l\u00e0 m\u00e0u \u0111\u1ecf hot nh\u1ea5t hi\u1ec7n t\u1ea1i c\u1ee7a Tom Ford c\u0169ng ch\u1eb3ng h\u1ec1 qu\u00e1 l\u1eddi ch\u00fat n\u00e0o.<\/p>\n<h3>Son Tom Ford 27 v\u1edbi k\u1ebft c\u1ea5u Satin Matte \u2013 l\u00ec nh\u01b0ng m\u1ecdng<\/h3>\n<p>V\u1ed1n d\u0129, th\u1ebf gi\u1edbi son m\u00f4i ph\u00e2n chia d\u00f2ng Matte v\u00e0 Satin l\u00e0 hai th\u00e1i c\u1ef1c kh\u00e1c bi\u1ec7t. Nh\u01b0 Tom Ford c\u0169ng s\u1edf h\u1eefu ri\u00eang cho m\u00ecnh d\u00f2ng Lip Color v\u00e0 Lip Color Matte huy\u1ec1n tho\u1ea1i mang hai k\u1ebft c\u1ea5u n\u00e0y. \u0110\u1ed9t ph\u00e1 c\u1ee7a n\u0103m l\u00e0 mang nh\u1eefng g\u00ec t\u01b0\u1edfng ch\u1eebng kh\u00f4ng th\u1ec3 th\u00e0nh c\u00f3 th\u1ec3, t\u01b0\u1edfng v\u00f4 l\u00fd nh\u01b0ng r\u1ea5t thuy\u1ebft ph\u1ee5c.\u00a0<strong>Son Tom Ford 27 Shameless\u00a0<\/strong>l\u00e0 s\u1ea3n ph\u1ea9m \u0111\u1ea7y s\u00e1ng t\u1ea1o c\u1ee7a th\u01b0\u01a1ng hi\u1ec7u Tom Ford \u0111\u00ecnh \u0111\u00e1m. S\u1ef1 k\u1ebft h\u1ee3p ho\u00e0n h\u1ea3o gi\u1eefa k\u1ebft c\u1ea5u satin m\u1ec1m m\u1ecbn c\u00f9ng l\u00ec matte chu\u1ea9n n\u00e9t cho ra \u0111\u1eddi m\u1ed9t phi\u00ean b\u1ea3n son n\u00e2ng t\u1ea7m nhan s\u1eafc c\u1ef1c ph\u1ea9m.<\/p>\n<figure id=\"attachment_2412\" aria-describedby=\"caption-attachment-2412\" style=\"width: 773px\" class=\"wp-caption aligncenter\"><img decoding=\"async\" loading=\"lazy\" class=\"wp-image-2412 size-full\" src=\"https:\/\/khomaudep.com\/alvalipstick\/wp-content\/uploads\/2022\/03\/tf27.2.jpg\" alt=\"\" width=\"773\" height=\"960\" srcset=\"https:\/\/pluginviet.com\/mau1\/wp-content\/uploads\/2022\/03\/tf27.2.jpg 773w, https:\/\/pluginviet.com\/mau1\/wp-content\/uploads\/2022\/03\/tf27.2-322x400.jpg 322w, https:\/\/pluginviet.com\/mau1\/wp-content\/uploads\/2022\/03\/tf27.2-644x800.jpg 644w, https:\/\/pluginviet.com\/mau1\/wp-content\/uploads\/2022\/03\/tf27.2-768x954.jpg 768w, https:\/\/pluginviet.com\/mau1\/wp-content\/uploads\/2022\/03\/tf27.2-600x745.jpg 600w\" sizes=\"(max-width: 773px) 100vw, 773px\" \/><figcaption id=\"caption-attachment-2412\" class=\"wp-caption-text\">Son Tom Ford 27 Shameless<\/figcaption><\/figure>\n<p>Son l\u00ean m\u00e0u chu\u1ea9n m\u00e0 hi\u1ec7u \u1ee9ng finish l\u1ea1i c\u00f3 \u0111\u1ed9 m\u1ecdng c\u0103ng.\u00a0<b>Son Tom Ford 27\u00a0<\/b>b\u1ec1n m\u00e0u, che ph\u1ee7 ho\u00e0n h\u1ea3o \u0111\u1ec9nh cao c\u1ee7a d\u00f2ng matte nh\u01b0ng v\u1eabn t\u00edch h\u1ee3p n\u0103ng l\u1ef1c d\u01b0\u1ee1ng m\u00f4i m\u1ec1m m\u1ecbn c\u1ee7a k\u1ebft c\u1ea5u satin. M\u1ed9t \u201cc\u00fa n\u1ed5\u201d 2-trong-1 t\u1ea1o n\u00ean xu h\u01b0\u1edbng \u0111\u1ec9nh cao ch\u1ec9 c\u00f3 t\u1ea1i Tom Ford.<\/p>\n<h3>C\u00f3 g\u00ec \u0111\u1eb7c bi\u1ec7t \u1edf ch\u1ea5t son Tom Ford Shameless 27 d\u00f2ng Tom Ford Lip Color Satin Matte?<\/h3>\n<p>S\u1ef1 cao c\u1ea5p c\u1ee7a m\u1ed9t th\u1ecfi Tom Ford ph\u1ea7n n\u00e0o \u0111\u01b0\u1ee3c l\u1ed9t t\u1ea3 th\u00f4ng qua ch\u1ea5t son. N\u00f3i v\u1ec1\u00a0<strong>son Tom Ford Lip Color Satin Matte\u00a0<\/strong>n\u00e0y, h\u00e3ng m\u00f4 t\u1ea3 th\u00f4ng qua nh\u1eefng c\u1ee5m t\u1eeb nh\u01b0 s\u1ed1ng \u0111\u1ed9ng, l\u00ec nhung m\u1ecbn v\u00e0 l\u00ean m\u00e0u chu\u1ea9n n\u00e9t ch\u1ec9 sau m\u1ed9t \u0111\u01b0\u1eddng thoa. \u0110\u00e3 th\u1ebf, c\u00f4ng th\u1ee9c cho\u00a0<strong>son Tom Ford Shameless\u00a0<\/strong>c\u00f2n m\u1ecfng nh\u1eb9, t\u1ef1 nhi\u00ean, \u0111\u1ed9 che ph\u1ee7 cao, n\u00e2ng kh\u1ea3 n\u0103ng l\u01b0u m\u00e0u c\u1ee7a son l\u00ean \u0111\u1ebfn 6 gi\u1edd \u0111\u1ed3ng h\u1ed3. Nh\u1eefng g\u00ec tuy\u1ec7t v\u1eddi nh\u1ea5t c\u1ee7a m\u1ed9t th\u1ecfi son l\u00ec trong m\u01a1,\u00a0<strong>son TF 27\u00a0<\/strong>c\u00f3 \u0111\u1ea7y \u0111\u1ee7 c\u1ea3.<\/p>\n<figure id=\"attachment_2414\" aria-describedby=\"caption-attachment-2414\" style=\"width: 800px\" class=\"wp-caption aligncenter\"><img decoding=\"async\" loading=\"lazy\" class=\"wp-image-2414 size-full\" src=\"https:\/\/khomaudep.com\/alvalipstick\/wp-content\/uploads\/2022\/03\/tf27.4.jpg\" alt=\"\" width=\"800\" height=\"800\" srcset=\"https:\/\/pluginviet.com\/mau1\/wp-content\/uploads\/2022\/03\/tf27.4.jpg 800w, https:\/\/pluginviet.com\/mau1\/wp-content\/uploads\/2022\/03\/tf27.4-400x400.jpg 400w, https:\/\/pluginviet.com\/mau1\/wp-content\/uploads\/2022\/03\/tf27.4-280x280.jpg 280w, https:\/\/pluginviet.com\/mau1\/wp-content\/uploads\/2022\/03\/tf27.4-768x768.jpg 768w, https:\/\/pluginviet.com\/mau1\/wp-content\/uploads\/2022\/03\/tf27.4-600x600.jpg 600w, https:\/\/pluginviet.com\/mau1\/wp-content\/uploads\/2022\/03\/tf27.4-100x100.jpg 100w\" sizes=\"(max-width: 800px) 100vw, 800px\" \/><figcaption id=\"caption-attachment-2414\" class=\"wp-caption-text\">Son Tom Ford 27 Shameless so v\u1edbi m\u00e0u 24<\/figcaption><\/figure>\n<h3>Th\u00e0nh ph\u1ea7n d\u01b0\u1ee1ng ch\u1ea5t tinh hoa c\u1ee7a son Tom Ford m\u00e0u 27<\/h3>\n<p>Nh\u1eefng th\u00e0nh ph\u1ea7n qu\u00fd hi\u1ebfm t\u1eeb d\u00f2ng son Tom Ford Lip Color \u0111\u01b0\u1ee3c g\u1eedi g\u1eafm tr\u1ecdn v\u1eb9n v\u00e0o\u00a0<strong>son Tom Ford 27\u00a0<\/strong>m\u1edbi toanh n\u00e0y. \u0110\u00f3 l\u00e0 b\u01a1 d\u01b0\u1ee1ng \u1ea9m Murumuru, l\u00e0 d\u1ea7u Soja\u2026v\u00e0 c\u00f2n c\u00f3 c\u1ea3 d\u1ea7u n\u1ee5 t\u1ea7m xu\u00e2n n\u1eefa. D\u00f9ng son l\u00ec m\u00e0 m\u00f4i c\u1ee9 m\u1ec1m m\u1ecbn t\u01b0\u01a1i t\u1eafn \u0111\u1ea7y ng\u1ecdt ng\u00e0o. D\u00f9ng\u00a0<strong>son TF Shameless\u00a0<\/strong>ho\u00e0i m\u00e0 kh\u00f4ng bao gi\u1edd s\u1ee3 kh\u00f4. M\u1ed9t qu\u00fd c\u00f4 s\u00e0nh \u0111i\u1ec7u \u0111\u00fang chu\u1ea9n l\u00e0 s\u1edf h\u1eefu m\u1ed9t \u0111\u00f4i m\u00f4i l\u00ec v\u1eeba ph\u1ea3i, m\u1ecdng nh\u1eb9 \u0111\u00fang chu\u1ea9n.<\/p>\n<figure id=\"attachment_2413\" aria-describedby=\"caption-attachment-2413\" style=\"width: 800px\" class=\"wp-caption aligncenter\"><img decoding=\"async\" loading=\"lazy\" class=\"wp-image-2413 size-full\" src=\"https:\/\/khomaudep.com\/alvalipstick\/wp-content\/uploads\/2022\/03\/tf27.3.jpg\" alt=\"\" width=\"800\" height=\"1071\" srcset=\"https:\/\/pluginviet.com\/mau1\/wp-content\/uploads\/2022\/03\/tf27.3.jpg 800w, https:\/\/pluginviet.com\/mau1\/wp-content\/uploads\/2022\/03\/tf27.3-299x400.jpg 299w, https:\/\/pluginviet.com\/mau1\/wp-content\/uploads\/2022\/03\/tf27.3-598x800.jpg 598w, https:\/\/pluginviet.com\/mau1\/wp-content\/uploads\/2022\/03\/tf27.3-768x1028.jpg 768w, https:\/\/pluginviet.com\/mau1\/wp-content\/uploads\/2022\/03\/tf27.3-600x803.jpg 600w\" sizes=\"(max-width: 800px) 100vw, 800px\" \/><figcaption id=\"caption-attachment-2413\" class=\"wp-caption-text\">Son Tom Ford 27 Shameless c\u1ef1c \u0111\u1ec9nh<\/figcaption><\/figure>\n<h3>Ngo\u1ea1i h\u00ecnh g\u00e2y t\u01b0\u01a1ng t\u01b0 c\u1ee7a son Tom Ford Shameless<\/h3>\n<p>Thi\u1ebft k\u1ebf c\u1ee7a son Tom Ford lu\u00f4n \u0111\u01b0\u1ee3c x\u1ebfp h\u1ea1ng top \u0111\u1ea7u th\u1ebf gi\u1edbi. Gi\u1eef nguy\u00ean tinh th\u1ea7n v\u1ed1n c\u00f3 c\u1ee7a th\u01b0\u01a1ng hi\u1ec7u \u0111\u00ecnh \u0111\u00e1m x\u1ee9 c\u1edd hoa,\u00a0<strong>son Tom Ford 27 Shameless\u00a0<\/strong>m\u1ea1nh m\u1ebd v\u1edbi d\u00e1ng h\u00ecnh vu\u00f4ng v\u1eafn, s\u00e1ng t\u1ea1o m\u1edbi m\u1ebb v\u1edbi ph\u1ea7n \u0111\u1ea7u th\u1ecfi son bo tr\u00f2n n\u1eef t\u00ednh. Kh\u00e1c bi\u1ec7t so v\u1edbi d\u00f2ng Lip Color r\u1ed3i Lip Color Matte nh\u01b0ng\u00a0<strong>son TF Shameless\u00a0<\/strong>l\u1ea1i t\u01b0\u01a1ng \u0111\u1ed3ng nh\u01b0 d\u00f2ng Lip Color Shine. Tuy nhi\u00ean son Tom Ford Satin Matte Lip Color d\u00e0i h\u01a1n, cao h\u01a1n, c\u00f3 v\u1ebb \u201csi\u00eau m\u1eabu\u201d h\u01a1n.<\/p>\n<h2>\u0110\u01b0\u1eddng ch\u1ea1m \u0111\u1ebfn tr\u00e1i tim c\u1ee7a son Tom Ford 27 Shameless<\/h2>\n<p>M\u1ed7i l\u1ea7n Tom Ford tung ra m\u1ed9t b\u1ed9 s\u01b0u t\u1eadp m\u1edbi l\u00e0 l\u00fac m\u00e0 m\u1ed9t si\u00eau ph\u1ea9m m\u1edbi \u0111\u01b0\u1ee3c h\u00ecnh th\u00e0nh.\u00a0<strong>Son Tom Ford 27 Shameless\u00a0<\/strong>\u0111\u01b0\u1ee3c \u0111\u00f3n ch\u00e0o, s\u0103n \u0111\u00f3n n\u1ed3ng nhi\u1ec7t b\u1edfi nh\u1eefng \u01b0u \u0111i\u1ec3m ho\u00e0n m\u0129. M\u1ed9t th\u1ecfi son th\u1eddi th\u01b0\u1ee3ng, h\u1ed9i t\u1ee5 n\u00e9t b\u1ee9t ph\u00e1 ri\u00eang c\u00f3 c\u1ee7a d\u00f2ng son m\u00f4i cao c\u1ea5p \u0111\u01b0\u1ee3c y\u00eau th\u00edch nh\u1ea5t.<\/p>\n<h2 style=\"text-align: right\"><strong>khomaudep.com\/alvalipstick<\/strong><\/h2>\n\n\n<div class=\"kk-star-ratings kksr-auto kksr-align-right kksr-valign-bottom kksr-disabled\"\n    data-payload='{&quot;align&quot;:&quot;right&quot;,&quot;id&quot;:&quot;2410&quot;,&quot;readonly&quot;:&quot;1&quot;,&quot;slug&quot;:&quot;default&quot;,&quot;valign&quot;:&quot;bottom&quot;,&quot;ignore&quot;:&quot;&quot;,&quot;reference&quot;:&quot;auto&quot;,&quot;class&quot;:&quot;&quot;,&quot;count&quot;:&quot;1&quot;,&quot;legendonly&quot;:&quot;&quot;,&quot;score&quot;:&quot;5&quot;,&quot;starsonly&quot;:&quot;&quot;,&quot;best&quot;:&quot;5&quot;,&quot;gap&quot;:&quot;5&quot;,&quot;greet&quot;:&quot;Rate this product&quot;,&quot;legend&quot;:&quot;5\\\/5 - (1 b\\u00ecnh ch\\u1ecdn)&quot;,&quot;size&quot;:&quot;24&quot;,&quot;title&quot;:&quot;Son Tom Ford 27 Shameless M\\u00e0u \\u0110\\u1ecf G\\u1ea1ch&quot;,&quot;width&quot;:&quot;142.5&quot;,&quot;_legend&quot;:&quot;{score}\\\/{best} - ({count} {votes})&quot;,&quot;font_factor&quot;:&quot;1.25&quot;}'>\n            \n<div class=\"kksr-stars\">\n    \n<div class=\"kksr-stars-inactive\">\n            <div class=\"kksr-star\" data-star=\"1\" style=\"padding-right: 5px\">\n            \n\n<div class=\"kksr-icon\" style=\"width: 24px; height: 24px;\"><\/div>\n        <\/div>\n            <div class=\"kksr-star\" data-star=\"2\" style=\"padding-right: 5px\">\n            \n\n<div class=\"kksr-icon\" style=\"width: 24px; height: 24px;\"><\/div>\n        <\/div>\n            <div class=\"kksr-star\" data-star=\"3\" style=\"padding-right: 5px\">\n            \n\n<div class=\"kksr-icon\" style=\"width: 24px; height: 24px;\"><\/div>\n        <\/div>\n            <div class=\"kksr-star\" data-star=\"4\" style=\"padding-right: 5px\">\n            \n\n<div class=\"kksr-icon\" style=\"width: 24px; height: 24px;\"><\/div>\n        <\/div>\n            <div class=\"kksr-star\" data-star=\"5\" style=\"padding-right: 5px\">\n            \n\n<div class=\"kksr-icon\" style=\"width: 24px; height: 24px;\"><\/div>\n        <\/div>\n    <\/div>\n    \n<div class=\"kksr-stars-active\" style=\"width: 142.5px;\">\n            <div class=\"kksr-star\" style=\"padding-right: 5px\">\n            \n\n<div class=\"kksr-icon\" style=\"width: 24px; height: 24px;\"><\/div>\n        <\/div>\n            <div class=\"kksr-star\" style=\"padding-right: 5px\">\n            \n\n<div class=\"kksr-icon\" style=\"width: 24px; height: 24px;\"><\/div>\n        <\/div>\n            <div class=\"kksr-star\" style=\"padding-right: 5px\">\n            \n\n<div class=\"kksr-icon\" style=\"width: 24px; height: 24px;\"><\/div>\n        <\/div>\n            <div class=\"kksr-star\" style=\"padding-right: 5px\">\n            \n\n<div class=\"kksr-icon\" style=\"width: 24px; height: 24px;\"><\/div>\n        <\/div>\n            <div class=\"kksr-star\" style=\"padding-right: 5px\">\n            \n\n<div class=\"kksr-icon\" style=\"width: 24px; height: 24px;\"><\/div>\n        <\/div>\n    <\/div>\n<\/div>\n                \n\n<div class=\"kksr-legend\" style=\"font-size: 19.2px;\">\n            5\/5 - (1 b\u00ecnh ch\u1ecdn)    <\/div>\n    <\/div>\n","protected":false},"excerpt":{"rendered":"<p>N\u00e2ng c\u1ea5p b\u1ed9 s\u01b0u t\u1eadp son m\u00f4i tr\u1edf n\u00ean \u201cchanh x\u1ea3\u201d h\u01a1n v\u1edbi\u00a0<strong>son Tom Ford 27 Shameless<\/strong>. M\u00e0u son x\u1ecbn, \u0111\u1eb9p tinh t\u1ebf t\u1eeb ngo\u1ea1i h\u00ecnh cho \u0111\u1ebfn n\u1ed9i dung b\u00ean trong. Ch\u1ea5t son v\u1eeba matte, v\u1eeba satin n\u00ean c\u1ef1c m\u01b0\u1edbt, khi\u1ebfn m\u00f4i \u1ea3o di\u1ec7u b\u1ea5t ng\u1edd v\u1edbi s\u1eafc \u0111\u1ecf g\u1ea1ch trendy.<\/p>\n<ul>\n<li>Th\u01b0\u01a1ng hi\u1ec7u:\u00a0<strong>Tom Ford.<\/strong><\/li>\n<li>Thu\u1ed9c d\u00f2ng:\u00a0<strong>Lip Color Satin Matte<\/strong>.<\/li>\n<\/ul>\n","protected":false},"featured_media":2415,"comment_status":"open","ping_status":"closed","template":"","meta":[],"pwb-brand":[172],"product_cat":[15,171],"product_tag":[264,265,266,267,268],"brands":[{"id":172,"name":"Tom Ford","slug":"tom-ford"}],"_links":{"self":[{"href":"https:\/\/pluginviet.com\/mau1\/wp-json\/wp\/v2\/product\/2410"}],"collection":[{"href":"https:\/\/pluginviet.com\/mau1\/wp-json\/wp\/v2\/product"}],"about":[{"href":"https:\/\/pluginviet.com\/mau1\/wp-json\/wp\/v2\/types\/product"}],"replies":[{"embeddable":true,"href":"https:\/\/pluginviet.com\/mau1\/wp-json\/wp\/v2\/comments?post=2410"}],"wp:featuredmedia":[{"embeddable":true,"href":"https:\/\/pluginviet.com\/mau1\/wp-json\/wp\/v2\/media\/2415"}],"wp:attachment":[{"href":"https:\/\/pluginviet.com\/mau1\/wp-json\/wp\/v2\/media?parent=2410"}],"wp:term":[{"taxonomy":"pwb-brand","embeddable":true,"href":"https:\/\/pluginviet.com\/mau1\/wp-json\/wp\/v2\/pwb-brand?post=2410"},{"taxonomy":"product_cat","embeddable":true,"href":"https:\/\/pluginviet.com\/mau1\/wp-json\/wp\/v2\/product_cat?post=2410"},{"taxonomy":"product_tag","embeddable":true,"href":"https:\/\/pluginviet.com\/mau1\/wp-json\/wp\/v2\/product_tag?post=2410"}],"curies":[{"name":"wp","href":"https:\/\/api.w.org\/{rel}","templated":true}]}}