{"id":2393,"date":"2022-03-09T03:56:42","date_gmt":"2022-03-09T03:56:42","guid":{"rendered":"https:\/\/khomaudep.com\/alvalipstick\/?post_type=product&#038;p=2393"},"modified":"2022-03-25T07:42:22","modified_gmt":"2022-03-25T07:42:22","slug":"son-tom-ford-26-to-die-for-hong-dat-satin-matte","status":"publish","type":"product","link":"https:\/\/pluginviet.com\/mau1\/san-pham\/son-tom-ford-26-to-die-for-hong-dat-satin-matte\/","title":{"rendered":"Son Tom Ford 26 To Die For \u2013 H\u1ed3ng \u0110\u1ea5t Satin Matte"},"content":{"rendered":"<h2>Son Tom Ford 26 To Die For \u2013 BST Satin Matte Lip Color<\/h2>\n<p>Son Tom Ford lu\u00f4n l\u00e0 bi\u1ec3u t\u01b0\u1ee3ng c\u1ee7a d\u00f2ng son m\u00f4i cao c\u1ea5p, l\u00e0 l\u1ef1a ch\u1ecdn h\u00e0ng \u0111\u1ea7u cho c\u00e1c qu\u00fd c\u00f4, khi mu\u1ed1n mua c\u00e2y son x\u1ee9ng t\u1ea7m.\u00a0<b>Son Tom Ford m\u00e0u 26<\/b>\u00a0To Die For d\u00f2ng Satin Matte v\u1eeba ra m\u1eaft, \u0111\u00e3 l\u1eadp t\u1ee9c t\u1ea1o n\u00ean \u201cv\u1ee5 n\u1ed5 l\u1edbn\u201d. \u0110\u01b0\u1ee3c nh\u00e0 s\u1ea3n xu\u1ea5t ch\u0103m ch\u00fat t\u1eebng \u201cch\u00e2n t\u01a1 k\u1ebd t\u00f3c\u201d, v\u1edbi c\u00e1c \u01b0u \u0111i\u1ec3m v\u01b0\u1ee3t tr\u1ed9i, khi\u1ebfm ch\u1ecb em ph\u00e1i \u0111\u1eb9p kh\u00f4ng ti\u1ebfc l\u1eddi khen ng\u1ee3i.<\/p>\n<figure id=\"attachment_2394\" aria-describedby=\"caption-attachment-2394\" style=\"width: 800px\" class=\"wp-caption aligncenter\"><img decoding=\"async\" loading=\"lazy\" class=\"wp-image-2394 size-full\" src=\"https:\/\/khomaudep.com\/alvalipstick\/wp-content\/uploads\/2022\/03\/tf26.1.jpg\" alt=\"\" width=\"800\" height=\"736\" srcset=\"https:\/\/pluginviet.com\/mau1\/wp-content\/uploads\/2022\/03\/tf26.1.jpg 800w, https:\/\/pluginviet.com\/mau1\/wp-content\/uploads\/2022\/03\/tf26.1-435x400.jpg 435w, https:\/\/pluginviet.com\/mau1\/wp-content\/uploads\/2022\/03\/tf26.1-768x707.jpg 768w, https:\/\/pluginviet.com\/mau1\/wp-content\/uploads\/2022\/03\/tf26.1-600x552.jpg 600w\" sizes=\"(max-width: 800px) 100vw, 800px\" \/><figcaption id=\"caption-attachment-2394\" class=\"wp-caption-text\">Son Tom Ford 26 To Die For h\u1ed3ng \u0111\u1ea5t<\/figcaption><\/figure>\n<h2>Son Tom Ford m\u00e0u 26 \u2013 \u201c\u00c1t ch\u1ee7 b\u00e0i\u201d Satin Matte Lip Color<\/h2>\n<h3>M\u00e0u son TF 26 h\u1ed3ng \u0111\u1ea5t th\u1eddi th\u01b0\u1ee3ng b\u1eadc nh\u1ea5t<\/h3>\n<p>S\u1ed1ng \u0111\u1ed9ng v\u00e0 b\u00e3o h\u00f2a v\u1edbi t\u00e1c \u0111\u1ed9ng l\u00ean m\u00e0u s\u1eafc t\u1ed1 cao. M\u00e0u son To Die For h\u1ed3ng \u0111\u1ea5t kh\u00f4ng kh\u1ecfi khi\u1ebfn ch\u1ecb em h\u00e1 h\u1ed1c m\u1ed3m, b\u1edfi m\u00e0u son si\u00eau \u0111\u1ec9nh. S\u1ef1 pha tr\u1ed9n t\u1ef7 l\u1ec7 v\u00e0ng gi\u1eefa gam m\u00e0u h\u1ed3ng nh\u1eb9 nh\u00e0ng v\u00e0 gam m\u00e0u \u0111\u1ea5t tr\u1ea7m \u1ea5m t\u1ea1o n\u00ean m\u00e0u\u00a0<b>son TF 26<\/b>\u00a0h\u1ed3ng \u0111\u1ea5t xu\u1ea5t s\u1eafc. M\u00e0u son h\u1ed3ng \u0111\u1ea5t kh\u00f4ng qu\u00e1 s\u00e1ng c\u0169ng kh\u00f4ng qu\u00e1 tr\u1ea7m, t\u00f4n l\u00ean v\u1ebb \u0111\u1eb9p thu\u1ea7n khi\u1ebft chu\u1ea9n n\u00e0ng th\u01a1.<\/p>\n<figure id=\"attachment_2399\" aria-describedby=\"caption-attachment-2399\" style=\"width: 800px\" class=\"wp-caption aligncenter\"><img decoding=\"async\" loading=\"lazy\" class=\"wp-image-2399 size-full\" src=\"https:\/\/khomaudep.com\/alvalipstick\/wp-content\/uploads\/2022\/03\/tf26.5.jpg\" alt=\"\" width=\"800\" height=\"1064\" srcset=\"https:\/\/pluginviet.com\/mau1\/wp-content\/uploads\/2022\/03\/tf26.5.jpg 800w, https:\/\/pluginviet.com\/mau1\/wp-content\/uploads\/2022\/03\/tf26.5-301x400.jpg 301w, https:\/\/pluginviet.com\/mau1\/wp-content\/uploads\/2022\/03\/tf26.5-602x800.jpg 602w, https:\/\/pluginviet.com\/mau1\/wp-content\/uploads\/2022\/03\/tf26.5-768x1021.jpg 768w, https:\/\/pluginviet.com\/mau1\/wp-content\/uploads\/2022\/03\/tf26.5-600x798.jpg 600w\" sizes=\"(max-width: 800px) 100vw, 800px\" \/><figcaption id=\"caption-attachment-2399\" class=\"wp-caption-text\">Son TF 26 To Die For<\/figcaption><\/figure>\n<p>Son Tom Ford 26 ch\u1eb3ng nh\u1eefng ph\u00f9 h\u1ee3p v\u1edbi nh\u1eefng c\u00f4 n\u00e0ng theo \u0111u\u1ed5i phong c\u00e1ch mong manh, trong tr\u1ebbo m\u00e0 c\u00f2n l\u00e0 \u201cb\u00ed k\u00edp\u201d t\u00f4n l\u00ean s\u1ef1 quy\u1ebfn r\u0169 c\u1ee7a bao qu\u00fd c\u00f4. Ch\u1eb3ng c\u1ea7n r\u1ef1c r\u1ee1, kh\u00e1c bi\u1ec7t hay n\u1ed5i b\u1eadt,\u00a0<b>son Tom Ford m\u00e0u h\u1ed3ng \u0111\u1ea5t<\/b>\u00a0v\u1eabn c\u00f3 s\u1ee9c h\u00fat l\u1ea1 th\u01b0\u1eddng.<\/p>\n<h3>Kinh ng\u1ea1c tr\u01b0\u1edbc \u0111\u1ed9 che ph\u1ee7 to\u00e0n di\u1ec7n d\u00f2ng son Tom Ford m\u00e0u 26<\/h3>\n<figure id=\"attachment_2397\" aria-describedby=\"caption-attachment-2397\" style=\"width: 800px\" class=\"wp-caption aligncenter\"><img decoding=\"async\" loading=\"lazy\" class=\"wp-image-2397 size-full\" src=\"https:\/\/khomaudep.com\/alvalipstick\/wp-content\/uploads\/2022\/03\/tf26.4.jpg\" alt=\"\" width=\"800\" height=\"488\" srcset=\"https:\/\/pluginviet.com\/mau1\/wp-content\/uploads\/2022\/03\/tf26.4.jpg 800w, https:\/\/pluginviet.com\/mau1\/wp-content\/uploads\/2022\/03\/tf26.4-656x400.jpg 656w, https:\/\/pluginviet.com\/mau1\/wp-content\/uploads\/2022\/03\/tf26.4-768x468.jpg 768w, https:\/\/pluginviet.com\/mau1\/wp-content\/uploads\/2022\/03\/tf26.4-600x366.jpg 600w\" sizes=\"(max-width: 800px) 100vw, 800px\" \/><figcaption id=\"caption-attachment-2397\" class=\"wp-caption-text\">Son Tom Ford 26 To Die For ng\u1ecdt ng\u00e0o say \u0111\u1eafm<\/figcaption><\/figure>\n<p>Son Tom Ford 26 v\u1edbi ch\u1ea5t son ch\u1ee9a nhi\u1ec1u th\u00e0nh ph\u1ea7n d\u01b0\u1ee1ng ch\u1ea5t qu\u00fd nh\u01b0 collagen v\u00e0 ch\u1ea5t l\u00e0 \u0111\u1ea7y. T\u00f4n l\u00ean b\u1edd m\u00f4i c\u0103ng \u0111\u1ea7y, g\u1ee3i c\u1ea3m cho ph\u00e1i \u0111\u1eb9p.\u00a0<strong>Son Tom Ford Lip Color Satin Matte<\/strong>\u00a0mang l\u1ea1i kh\u1ea3 n\u0103ng che ph\u1ee7 v\u01b0\u1ee3t tr\u1ed9i ch\u1ec9 trong m\u1ed9t l\u1ea7n vu\u1ed1t.\u00a0 B\u00ean c\u1ea1nh \u0111\u00f3, c\u00f4ng th\u1ee9c nh\u1eb9, l\u00e2u tr\u00f4i c\u00f3 c\u00e1c th\u00e0nh ph\u1ea7n d\u01b0\u1ee1ng ch\u1ea5t qu\u00fd hi\u1ebfm, k\u1ef3 l\u1ea1 c\u1ee7a Tom Ford Lip Color mang t\u00ednh bi\u1ec3u t\u01b0\u1ee3ng. Bao g\u1ed3m chi\u1ebft xu\u1ea5t h\u1ea1t soja, b\u01a1 Murumuru c\u1ee7a Brazil v\u00e0 d\u1ea7u hoa c\u00fac La M\u00e3.<b><\/b><\/p>\n<figure id=\"attachment_2399\" aria-describedby=\"caption-attachment-2399\" style=\"width: 800px\" class=\"wp-caption aligncenter\"><img decoding=\"async\" loading=\"lazy\" class=\"wp-image-2399 size-full\" src=\"https:\/\/khomaudep.com\/alvalipstick\/wp-content\/uploads\/2022\/03\/tf26.5.jpg\" alt=\"\" width=\"800\" height=\"1064\" srcset=\"https:\/\/pluginviet.com\/mau1\/wp-content\/uploads\/2022\/03\/tf26.5.jpg 800w, https:\/\/pluginviet.com\/mau1\/wp-content\/uploads\/2022\/03\/tf26.5-301x400.jpg 301w, https:\/\/pluginviet.com\/mau1\/wp-content\/uploads\/2022\/03\/tf26.5-602x800.jpg 602w, https:\/\/pluginviet.com\/mau1\/wp-content\/uploads\/2022\/03\/tf26.5-768x1021.jpg 768w, https:\/\/pluginviet.com\/mau1\/wp-content\/uploads\/2022\/03\/tf26.5-600x798.jpg 600w\" sizes=\"(max-width: 800px) 100vw, 800px\" \/><figcaption id=\"caption-attachment-2399\" class=\"wp-caption-text\">Son Tom Ford 26 To Die For m\u1ec1m m\u1ecbn<\/figcaption><\/figure>\n<p><b>Son TF 26<\/b>\u00a0c\u0169ng \u0111\u01b0\u1ee3c pha ch\u1ebf v\u1edbi collagen v\u00e0 s\u1ef1 pha tr\u1ed9n phong ph\u00fa c\u1ee7a c\u00e1c th\u00e0nh ph\u1ea7n c\u00f3 ngu\u1ed3n g\u1ed1c t\u1eeb bi\u1ec3n gi\u00fap l\u00e0m m\u1ec1m m\u1ecbn v\u00e0 d\u01b0\u1ee1ng \u1ea9m cho \u0111\u00f4i m\u00f4i \u0111\u1ec3 c\u00f3 v\u1ebb ngo\u00e0i g\u1ee3i c\u1ea3m tuy\u1ec7t \u0111\u1ec9nh.<\/p>\n<h3>Thi\u1ebft k\u1ebf son Tom Ford m\u00e0u 26 d\u00e1ng h\u00ecnh thanh m\u1ea3nh h\u01a1n<\/h3>\n<figure id=\"attachment_2395\" aria-describedby=\"caption-attachment-2395\" style=\"width: 800px\" class=\"wp-caption aligncenter\"><img decoding=\"async\" loading=\"lazy\" class=\"wp-image-2395 size-full\" src=\"https:\/\/khomaudep.com\/alvalipstick\/wp-content\/uploads\/2022\/03\/tf26.2.jpg\" alt=\"\" width=\"800\" height=\"800\" srcset=\"https:\/\/pluginviet.com\/mau1\/wp-content\/uploads\/2022\/03\/tf26.2.jpg 800w, https:\/\/pluginviet.com\/mau1\/wp-content\/uploads\/2022\/03\/tf26.2-400x400.jpg 400w, https:\/\/pluginviet.com\/mau1\/wp-content\/uploads\/2022\/03\/tf26.2-280x280.jpg 280w, https:\/\/pluginviet.com\/mau1\/wp-content\/uploads\/2022\/03\/tf26.2-768x768.jpg 768w, https:\/\/pluginviet.com\/mau1\/wp-content\/uploads\/2022\/03\/tf26.2-600x600.jpg 600w, https:\/\/pluginviet.com\/mau1\/wp-content\/uploads\/2022\/03\/tf26.2-100x100.jpg 100w\" sizes=\"(max-width: 800px) 100vw, 800px\" \/><figcaption id=\"caption-attachment-2395\" class=\"wp-caption-text\">Son Tom Ford 26 To Die For<\/figcaption><\/figure>\n<p>Trong phi\u00ean b\u1ea3n Satin Matte, Tom Ford mang \u0111\u1ebfn cho To Die For d\u00e1ng h\u00ecnh son n\u1eef t\u00ednh h\u01a1n. V\u1eabn l\u00e0 ki\u1ec3u son v\u1ecf \u0111en vu\u00f4ng v\u1eafn, vi\u1ec1n v\u00e0ng sang ch\u1ea3nh, ho\u00e0ng gia \u1ea5y, \u0111i\u1ec3m m\u1edbi m\u1ebb m\u00e0 Tom Ford mang \u0111\u1ebfn l\u00e0 son thon h\u01a1n, \u0111\u1ea7u son bo tr\u00f2n thay v\u00ec v\u00e1t nh\u1ecdn nh\u01b0 tr\u01b0\u1edbc. M\u1ed9t th\u1ecfi son nh\u1ecf g\u1ecdn, ti\u1ec7n d\u1ee5ng, b\u1ea5t c\u1ee9 ai c\u0169ng \u0111\u1ec1u ph\u00e1t cu\u1ed3ng \u0111\u1ebfn m\u00ea m\u1ea9n.<\/p>\n<figure id=\"attachment_2396\" aria-describedby=\"caption-attachment-2396\" style=\"width: 800px\" class=\"wp-caption aligncenter\"><img decoding=\"async\" loading=\"lazy\" class=\"wp-image-2396 size-full\" src=\"https:\/\/khomaudep.com\/alvalipstick\/wp-content\/uploads\/2022\/03\/tf26.3.jpg\" alt=\"\" width=\"800\" height=\"1067\" srcset=\"https:\/\/pluginviet.com\/mau1\/wp-content\/uploads\/2022\/03\/tf26.3.jpg 800w, https:\/\/pluginviet.com\/mau1\/wp-content\/uploads\/2022\/03\/tf26.3-300x400.jpg 300w, https:\/\/pluginviet.com\/mau1\/wp-content\/uploads\/2022\/03\/tf26.3-600x800.jpg 600w, https:\/\/pluginviet.com\/mau1\/wp-content\/uploads\/2022\/03\/tf26.3-768x1024.jpg 768w\" sizes=\"(max-width: 800px) 100vw, 800px\" \/><figcaption id=\"caption-attachment-2396\" class=\"wp-caption-text\">Thi\u1ebft k\u1ebf son Tom Ford 26 To Die For<\/figcaption><\/figure>\n<p><strong>Son Tom Ford m\u00e0u 26\u00a0<\/strong>l\u00e0 minh ch\u1ee9ng r\u00f5 n\u00e9t nh\u1ea5t cho s\u1ef1 h\u00f2a tr\u1ed9n gi\u1eefa phong c\u00e1ch thi\u1ebft k\u1ebf n\u1eef quy\u1ec1n m\u00e0 v\u1eabn n\u1eef t\u00ednh. Son v\u1eabn gi\u1eef \u0111\u01b0\u1ee3c tinh th\u1ea7n chu\u1ea9n Tom Ford nh\u01b0ng c\u00f3 nh\u1eefng d\u1ea5u \u1ea5n m\u1edbi<\/p>\n<h2>Son Tom Ford To Die For \u2013 th\u1ecfi son ho\u00e0n m\u1ef9, t\u00f4n l\u00ean n\u00e9t \u0111\u1eb9p kh\u00f3 c\u01b0\u1ee1ng<\/h2>\n<p>Tom Ford Satin Matte Lip Color 26 l\u00e0 m\u1ed9t th\u1ecfi son \u0111\u1ea7y h\u1ee9a h\u1eb9n, gi\u00fap ch\u1ecb em t\u1ef1 tin t\u1ecfa s\u00e1ng. T\u00f4n l\u00ean gi\u00e1 tr\u1ecb v\u00e0 nh\u1eefng v\u1ebb \u0111\u1eb9p ti\u1ec1m t\u00e0ng \u1ea9n gi\u1ea5u b\u00ean trong m\u1ed7i ng\u01b0\u1eddi ph\u1ee5 n\u1eef. H\u00e3y d\u00e0nh t\u1eb7ng cho b\u1ea3n th\u00e2n v\u00e0 nh\u1eefng ng\u01b0\u1eddi th\u00e2n y\u00eau c\u1ee7a b\u1ea1n nh\u1eefng \u0111i\u1ec1u h\u1ecd x\u1ee9ng \u0111\u00e1ng \u0111\u01b0\u1ee3c nh\u1eadn, b\u1eb1ng c\u00e1ch trao g\u1eedi\u00a0<strong>son Tom Ford m\u00e0u 26\u00a0<\/strong>n\u00e0y!<\/p>\n<h2 style=\"text-align: right\"><strong>khomaudep.com\/alvalipstick<\/strong><\/h2>\n\n\n<div class=\"kk-star-ratings kksr-auto kksr-align-right kksr-valign-bottom kksr-disabled\"\n    data-payload='{&quot;align&quot;:&quot;right&quot;,&quot;id&quot;:&quot;2393&quot;,&quot;readonly&quot;:&quot;1&quot;,&quot;slug&quot;:&quot;default&quot;,&quot;valign&quot;:&quot;bottom&quot;,&quot;ignore&quot;:&quot;&quot;,&quot;reference&quot;:&quot;auto&quot;,&quot;class&quot;:&quot;&quot;,&quot;count&quot;:&quot;0&quot;,&quot;legendonly&quot;:&quot;&quot;,&quot;score&quot;:&quot;0&quot;,&quot;starsonly&quot;:&quot;&quot;,&quot;best&quot;:&quot;5&quot;,&quot;gap&quot;:&quot;5&quot;,&quot;greet&quot;:&quot;Rate this product&quot;,&quot;legend&quot;:&quot;0\\\/5 - (0 b\\u00ecnh ch\\u1ecdn)&quot;,&quot;size&quot;:&quot;24&quot;,&quot;title&quot;:&quot;Son Tom Ford 26 To Die For \\u2013 H\\u1ed3ng \\u0110\\u1ea5t Satin Matte&quot;,&quot;width&quot;:&quot;0&quot;,&quot;_legend&quot;:&quot;{score}\\\/{best} - ({count} {votes})&quot;,&quot;font_factor&quot;:&quot;1.25&quot;}'>\n            \n<div class=\"kksr-stars\">\n    \n<div class=\"kksr-stars-inactive\">\n            <div class=\"kksr-star\" data-star=\"1\" style=\"padding-right: 5px\">\n            \n\n<div class=\"kksr-icon\" style=\"width: 24px; height: 24px;\"><\/div>\n        <\/div>\n            <div class=\"kksr-star\" data-star=\"2\" style=\"padding-right: 5px\">\n            \n\n<div class=\"kksr-icon\" style=\"width: 24px; height: 24px;\"><\/div>\n        <\/div>\n            <div class=\"kksr-star\" data-star=\"3\" style=\"padding-right: 5px\">\n            \n\n<div class=\"kksr-icon\" style=\"width: 24px; height: 24px;\"><\/div>\n        <\/div>\n            <div class=\"kksr-star\" data-star=\"4\" style=\"padding-right: 5px\">\n            \n\n<div class=\"kksr-icon\" style=\"width: 24px; height: 24px;\"><\/div>\n        <\/div>\n            <div class=\"kksr-star\" data-star=\"5\" style=\"padding-right: 5px\">\n            \n\n<div class=\"kksr-icon\" style=\"width: 24px; height: 24px;\"><\/div>\n        <\/div>\n    <\/div>\n    \n<div class=\"kksr-stars-active\" style=\"width: 0px;\">\n            <div class=\"kksr-star\" style=\"padding-right: 5px\">\n            \n\n<div class=\"kksr-icon\" style=\"width: 24px; height: 24px;\"><\/div>\n        <\/div>\n            <div class=\"kksr-star\" style=\"padding-right: 5px\">\n            \n\n<div class=\"kksr-icon\" style=\"width: 24px; height: 24px;\"><\/div>\n        <\/div>\n            <div class=\"kksr-star\" style=\"padding-right: 5px\">\n            \n\n<div class=\"kksr-icon\" style=\"width: 24px; height: 24px;\"><\/div>\n        <\/div>\n            <div class=\"kksr-star\" style=\"padding-right: 5px\">\n            \n\n<div class=\"kksr-icon\" style=\"width: 24px; height: 24px;\"><\/div>\n        <\/div>\n            <div class=\"kksr-star\" style=\"padding-right: 5px\">\n            \n\n<div class=\"kksr-icon\" style=\"width: 24px; height: 24px;\"><\/div>\n        <\/div>\n    <\/div>\n<\/div>\n                \n\n<div class=\"kksr-legend\" style=\"font-size: 19.2px;\">\n            <span class=\"kksr-muted\">Rate this product<\/span>\n    <\/div>\n    <\/div>\n","protected":false},"excerpt":{"rendered":"<p><strong>Son Tom Ford 26<\/strong><strong>\u00a0To Die For<\/strong>\u00a0m\u00e0u h\u1ed3ng \u0111\u1ea5t si\u00eau th\u1eddi th\u01b0\u1ee3ng, l\u00e0 c\u00e1i t\u00ean m\u1edbi thu\u1ed9c d\u00f2ng Satin Matte Lip Color \u0111\u00ecnh \u0111\u00e1m nh\u00e0 Tom Ford. K\u1ebft c\u1ea5u son cao c\u1ea5p ch\u1ee9a th\u00e0nh ph\u1ea7n collagen qu\u00fd hi\u1ebfm, cho \u0111\u00f4i m\u00f4i m\u1ec1m m\u1ea1i, g\u1ee3i c\u1ea3m. S\u1eafc h\u1ed3ng m\u1ef9 nh\u00e2n\u00a0t\u00f4n l\u00ean b\u1edd m\u00f4i ph\u00e1i \u0111\u1eb9p v\u1ebb ngo\u00e0i g\u1ee3i c\u1ea3m tuy\u1ec7t \u0111\u1ec9nh.<\/p>\n<ul>\n<li>Xu\u1ea5t x\u1ee9:\u00a0<strong>Made in Begium<\/strong><\/li>\n<li>Th\u01b0\u01a1ng hi\u1ec7u:\u00a0<strong>Tom Ford<\/strong><\/li>\n<li>BST:\u00a0<strong>Satin Matte Lip Color<\/strong><\/li>\n<\/ul>\n","protected":false},"featured_media":2398,"comment_status":"open","ping_status":"closed","template":"","meta":[],"pwb-brand":[172],"product_cat":[15,171],"product_tag":[259,260,261,262,263],"brands":[{"id":172,"name":"Tom Ford","slug":"tom-ford"}],"_links":{"self":[{"href":"https:\/\/pluginviet.com\/mau1\/wp-json\/wp\/v2\/product\/2393"}],"collection":[{"href":"https:\/\/pluginviet.com\/mau1\/wp-json\/wp\/v2\/product"}],"about":[{"href":"https:\/\/pluginviet.com\/mau1\/wp-json\/wp\/v2\/types\/product"}],"replies":[{"embeddable":true,"href":"https:\/\/pluginviet.com\/mau1\/wp-json\/wp\/v2\/comments?post=2393"}],"wp:featuredmedia":[{"embeddable":true,"href":"https:\/\/pluginviet.com\/mau1\/wp-json\/wp\/v2\/media\/2398"}],"wp:attachment":[{"href":"https:\/\/pluginviet.com\/mau1\/wp-json\/wp\/v2\/media?parent=2393"}],"wp:term":[{"taxonomy":"pwb-brand","embeddable":true,"href":"https:\/\/pluginviet.com\/mau1\/wp-json\/wp\/v2\/pwb-brand?post=2393"},{"taxonomy":"product_cat","embeddable":true,"href":"https:\/\/pluginviet.com\/mau1\/wp-json\/wp\/v2\/product_cat?post=2393"},{"taxonomy":"product_tag","embeddable":true,"href":"https:\/\/pluginviet.com\/mau1\/wp-json\/wp\/v2\/product_tag?post=2393"}],"curies":[{"name":"wp","href":"https:\/\/api.w.org\/{rel}","templated":true}]}}