{"id":2369,"date":"2022-03-08T09:57:08","date_gmt":"2022-03-08T09:57:08","guid":{"rendered":"https:\/\/khomaudep.com\/alvalipstick\/?post_type=product&#038;p=2369"},"modified":"2022-03-25T07:39:44","modified_gmt":"2022-03-25T07:39:44","slug":"son-chanel-57-rouge-feu-mau-do-cam","status":"publish","type":"product","link":"https:\/\/pluginviet.com\/mau1\/san-pham\/son-chanel-57-rouge-feu-mau-do-cam\/","title":{"rendered":"Son Chanel 57 Rouge Feu M\u00e0u \u0110\u1ecf Cam"},"content":{"rendered":"<h2>Son Chanel 57 Rouge Feu M\u00e0u \u0110\u1ecf Cam<\/h2>\n<h3>\u0110\u00f4i n\u00e9t v\u1ec1 d\u00f2ng son Chanel Rouge Allure Velvet v\u00e0 th\u1ecfi son Chanel 57<\/h3>\n<p>Chanel \u2013 m\u1ed9t trong nh\u1eefng c\u00e1i t\u00ean \u0111\u00ecnh \u0111\u00e1m nh\u1ea5t trong gi\u1edbi th\u1eddi trang cao c\u1ea5p th\u1ebf gi\u1edbi. M\u1ecdi s\u1ea3n ph\u1ea9m c\u1ed9p m\u00e1c Chanel lu\u00f4n l\u00e0 ni\u1ec1m m\u01a1 \u01b0\u1edbc c\u1ee7a gi\u1edbi m\u1ed9 \u0111i\u1ec7u. Son Chanel c\u0169ng ch\u1eb3ng ngo\u00e0i \u201cv\u00f9ng ph\u1ee7 s\u00f3ng\u201d c\u1ee7a ph\u00e1i \u0111\u1eb9p, chu\u1ea9n x\u00e1c l\u00e0 must-have-item trong b\u1ed9 s\u01b0u t\u1eadp. N\u00f3i v\u1ec1 h\u00e3ng son n\u00e0y, nh\u1ea5t \u0111\u1ecbnh ph\u1ea3i k\u1ec3 v\u1ec1 son Chanel Rouge Allure Velvet ch\u1ea5t l\u00ec m\u1ecbn \u0111\u1ec9nh cao \u0111\u1ebfn m\u00ea m\u1ea9n.\u00a0<strong>Son Chanel 57 Rouge Feu<\/strong>\u00a0\u0111\u1ecf cam l\u00e0 \u0111\u1ea1i di\u1ec7n cho th\u1ebf h\u1ec7 son l\u00ec c\u00f3 d\u01b0\u1ee1ng tr\u1ee9 danh n\u00e0y.<\/p>\n<figure id=\"attachment_2372\" aria-describedby=\"caption-attachment-2372\" style=\"width: 800px\" class=\"wp-caption aligncenter\"><img decoding=\"async\" loading=\"lazy\" class=\"wp-image-2372 size-full\" src=\"https:\/\/khomaudep.com\/alvalipstick\/wp-content\/uploads\/2022\/03\/chanel57.2.jpg\" alt=\"\" width=\"800\" height=\"735\" srcset=\"https:\/\/pluginviet.com\/mau1\/wp-content\/uploads\/2022\/03\/chanel57.2.jpg 800w, https:\/\/pluginviet.com\/mau1\/wp-content\/uploads\/2022\/03\/chanel57.2-435x400.jpg 435w, https:\/\/pluginviet.com\/mau1\/wp-content\/uploads\/2022\/03\/chanel57.2-768x706.jpg 768w, https:\/\/pluginviet.com\/mau1\/wp-content\/uploads\/2022\/03\/chanel57.2-600x551.jpg 600w\" sizes=\"(max-width: 800px) 100vw, 800px\" \/><figcaption id=\"caption-attachment-2372\" class=\"wp-caption-text\">Son Chanel 57 Rouge Feu d\u00f2ng Rouge Allure Velvet<\/figcaption><\/figure>\n<h2>Son Chanel 57 Rouge Feu h\u1ed9i t\u1ee5 nhi\u1ec1u \u01b0u \u0111i\u1ec3m n\u1ed5i tr\u1ed9i<\/h2>\n<h3>Thi\u1ebft k\u1ebf son Chanel 57 Rouge Feu l\u1ecbch l\u00e3m, tinh t\u1ebf<\/h3>\n<p>M\u1ed9t \u0111i\u1ec3m khi\u1ebfn nhi\u1ec1u c\u00f4 g\u00e1i c\u1ea3m th\u1ea5y\u00a0<em>y\u00eau ngay t\u1eeb c\u00e1i nh\u00ecn \u0111\u1ea7u ti\u00ean\u00a0<\/em>khi nh\u00ecn th\u1ea5y\u00a0<strong>son Chanel Rouge Allure Velvet 57\u00a0<\/strong>ch\u00ednh l\u00e0 t\u1eeb thi\u1ebft k\u1ebf son. Trong h\u1ea7u h\u1ebft c\u00e1c s\u1ea3n ph\u1ea9m t\u1eeb th\u1eddi trang, n\u01b0\u1edbc hoa, m\u1ef9 ph\u1ea9m c\u1ee7a h\u00e3ng, s\u1ef1 sang ch\u1ea3nh m\u00e0 \u0111\u1eb3ng c\u1ea5p lu\u00f4n \u0111\u01b0\u1ee3c Chanel kh\u00e9o l\u00e9o \u0111\u01b0a v\u00e0o trong t\u1eebng chi ti\u1ebft, \u0111\u00f3 l\u00e0 ngu\u1ed3n c\u1ea3m h\u1ee9ng b\u1ea5t t\u1eadn cho ph\u00e1i \u0111\u1eb9p. V\u1edbi BST Allure Rouge n\u00e0y c\u0169ng v\u1eady.<\/p>\n<figure id=\"attachment_2375\" aria-describedby=\"caption-attachment-2375\" style=\"width: 760px\" class=\"wp-caption aligncenter\"><img decoding=\"async\" loading=\"lazy\" class=\"wp-image-2375 size-full\" src=\"https:\/\/khomaudep.com\/alvalipstick\/wp-content\/uploads\/2022\/03\/chanel57.5.jpg\" alt=\"\" width=\"760\" height=\"760\" srcset=\"https:\/\/pluginviet.com\/mau1\/wp-content\/uploads\/2022\/03\/chanel57.5.jpg 760w, https:\/\/pluginviet.com\/mau1\/wp-content\/uploads\/2022\/03\/chanel57.5-400x400.jpg 400w, https:\/\/pluginviet.com\/mau1\/wp-content\/uploads\/2022\/03\/chanel57.5-280x280.jpg 280w, https:\/\/pluginviet.com\/mau1\/wp-content\/uploads\/2022\/03\/chanel57.5-600x600.jpg 600w, https:\/\/pluginviet.com\/mau1\/wp-content\/uploads\/2022\/03\/chanel57.5-100x100.jpg 100w\" sizes=\"(max-width: 760px) 100vw, 760px\" \/><figcaption id=\"caption-attachment-2375\" class=\"wp-caption-text\">Son Chanel 57 Rouge Feu<\/figcaption><\/figure>\n<p><strong>Son Chanel 57 Virevoltante\u00a0<\/strong>c\u00f3 thi\u1ebft k\u1ebf tr\u1ee5 vu\u00f4ng quen thu\u1ed9c, \u0111\u01b0\u1ee3c bo tr\u00f2n 4 g\u00f3c c\u00f9ng v\u1edbi l\u1edbp v\u1ecf trong \u0111\u01b0\u1ee3c m\u1ea1 v\u00e0ng ki\u00eau sa, l\u00f3ng l\u00e1nh. Di\u1ec7n m\u1ea1o b\u00ean ngo\u00e0i l\u00e0 l\u1edbp n\u1eafp \u0111en mang \u0111\u1ebfn s\u1ef1 b\u00ed \u1ea9n, sang tr\u1ecdng, m\u1ed9t c\u1ea3m gi\u00e1c quy\u1ec1n l\u1ef1c kh\u00f3 g\u00ec c\u00f3 th\u1ec3 s\u00e0nh k\u1ecbp.<\/p>\n<p>\u0110i\u1ec3m nh\u1ea5n th\u01b0\u01a1ng hi\u1ec7u c\u00f2n th\u1ec3 hi\u1ec7n qua logo Chanel \u0111en n\u1ed5i b\u1eadt tr\u00ean n\u1eafp son v\u00e0 \u0111\u01b0\u1ee3c kh\u1eafc ch\u00ecm trong th\u1ecfi son. \u0110\u1ea7u c\u1ee7a th\u1ecfi\u00a0<strong>son Chanel 57\u00a0<\/strong>n\u00e0y \u0111\u01b0\u1ee3c c\u1eaft v\u00e1t ho\u00e0n h\u1ea3o \u0111\u1ec3 c\u00e1c c\u00f4 n\u00e0ng d\u1ec5 d\u00e0ng t\u1ea1o \u0111\u01b0\u1eddng vi\u1ec1n m\u00f4i chu\u1ea9n n\u00e9t.<\/p>\n<p>H\u1ed9i t\u1ee5 \u0111\u1ea7y \u0111\u1ee7 m\u1ecdi tinh hoa c\u1ee7a d\u00f2ng Rouge\u00a0<strong>son Chanel m\u00e0u 57\u00a0<\/strong>n\u00e0y qu\u1ea3 th\u1ef1c kh\u00f4ng c\u00f3 \u0111i\u1ec3m n\u00e0o c\u00f3 th\u1ec3 ch\u00ea \u0111\u01b0\u1ee3c.<\/p>\n<p><strong>Son Chanel 57 Rouge Feu\u00a0<\/strong>ti\u1ec7n l\u1ee3i mang theo mu\u00f4n n\u01a1i.<\/p>\n<figure id=\"attachment_2374\" aria-describedby=\"caption-attachment-2374\" style=\"width: 800px\" class=\"wp-caption aligncenter\"><img decoding=\"async\" loading=\"lazy\" class=\"wp-image-2374 size-full\" src=\"https:\/\/khomaudep.com\/alvalipstick\/wp-content\/uploads\/2022\/03\/chanel57.4.jpg\" alt=\"\" width=\"800\" height=\"533\" srcset=\"https:\/\/pluginviet.com\/mau1\/wp-content\/uploads\/2022\/03\/chanel57.4.jpg 800w, https:\/\/pluginviet.com\/mau1\/wp-content\/uploads\/2022\/03\/chanel57.4-600x400.jpg 600w, https:\/\/pluginviet.com\/mau1\/wp-content\/uploads\/2022\/03\/chanel57.4-768x512.jpg 768w\" sizes=\"(max-width: 800px) 100vw, 800px\" \/><figcaption id=\"caption-attachment-2374\" class=\"wp-caption-text\">\u1ea4n t\u01b0\u1ee3ng Chanel 57 Rouge Feu \u0111\u1ecf cam<\/figcaption><\/figure>\n<h3>Son Chanel m\u00e0u 57 Rouge Feu \u0111\u1ecf cam quy\u1ebfn r\u0169<\/h3>\n<p>Trong h\u00e0nh tr\u00ecnh t\u00ecm m\u00e0u son ho\u00e0n m\u0129 nh\u00e0 Chanel n\u00e0ng ki\u1ec3u g\u00ec c\u0169ng b\u1ecb rung rinh khi b\u1eaft g\u1eb7p\u00a0<strong>son Chanel 57<\/strong>. \u0110\u1ecf cam tr\u1ebb trung, th\u1eddi th\u01b0\u1ee3ng. Son cho b\u1edd m\u00f4i b\u1eebng s\u00e1ng, t\u00f4n da c\u1ef1c k\u1ef3. D\u00f9 c\u00f3 ph\u1ea3i fan son \u0111\u1ecf hay kh\u00f4ng th\u00ec ai n\u1ea5y c\u0169ng \u0111\u1ec1u ph\u00e1t cu\u1ed3ng v\u00ec\u00a0<strong>son Chanel 194\u00a0<\/strong>cho xem. X\u1ee9ng danh \u201csi\u00eau ph\u1ea9m\u201d t\u1eeb d\u00f2ng\u00a0<strong>Chanel Rouge Allure Velvet<\/strong><strong>,\u00a0<\/strong>qu\u00e1 x\u1ee9ng \u0111\u00e1ng \u0111\u1ec3 b\u1ea5t c\u1ee9 ai s\u1edf h\u1eefu.<\/p>\n<figure id=\"attachment_2376\" aria-describedby=\"caption-attachment-2376\" style=\"width: 800px\" class=\"wp-caption aligncenter\"><img decoding=\"async\" loading=\"lazy\" class=\"wp-image-2376 size-full\" src=\"https:\/\/khomaudep.com\/alvalipstick\/wp-content\/uploads\/2022\/03\/chanel57.6.jpg\" alt=\"\" width=\"800\" height=\"600\" srcset=\"https:\/\/pluginviet.com\/mau1\/wp-content\/uploads\/2022\/03\/chanel57.6.jpg 800w, https:\/\/pluginviet.com\/mau1\/wp-content\/uploads\/2022\/03\/chanel57.6-533x400.jpg 533w, https:\/\/pluginviet.com\/mau1\/wp-content\/uploads\/2022\/03\/chanel57.6-768x576.jpg 768w, https:\/\/pluginviet.com\/mau1\/wp-content\/uploads\/2022\/03\/chanel57.6-600x450.jpg 600w\" sizes=\"(max-width: 800px) 100vw, 800px\" \/><figcaption id=\"caption-attachment-2376\" class=\"wp-caption-text\">Swatch son Chanel 57 Rouge Feu<\/figcaption><\/figure>\n<h3>Son Chanel m\u00e0u 57 l\u00ec\u00a0m\u1ecbn, ch\u0103m m\u00f4i hi\u1ec7u qu\u1ea3<\/h3>\n<p><strong>Son Chanel 57 Rouge Feu\u00a0<\/strong>c\u00f3 ch\u1ea5t son m\u1ec1m m\u1ecbn nh\u01b0 nhung, kh\u1ea3 n\u0103ng l\u00ean m\u00e0u chu\u1ea9n m\u00e0 cho \u0111\u00f4i m\u00f4i c\u1ea3m gi\u00e1c m\u1ecfng nh\u1eb9, t\u1ef1 nhi\u00ean. Nh\u1edd th\u00e0nh ph\u1ea7n b\u1ed5 sung th\u00eam Jojoba m\u00e0 kh\u1ea3 n\u0103ng d\u01b0\u1ee1ng \u1ea9m v\u00e0 m\u1ec1m m\u00f4i c\u1ee7a\u00a0<strong>son Chanel m\u00e0u 57\u00a0<\/strong>th\u1ef1c s\u1ef1 l\u00e0 ni\u1ec1m t\u1ef1 h\u00e0o m\u00e0 Chanel mang t\u1edbi.<\/p>\n<figure id=\"attachment_2377\" aria-describedby=\"caption-attachment-2377\" style=\"width: 640px\" class=\"wp-caption aligncenter\"><img decoding=\"async\" loading=\"lazy\" class=\"wp-image-2377 size-full\" src=\"https:\/\/khomaudep.com\/alvalipstick\/wp-content\/uploads\/2022\/03\/chanel57.7.jpg\" alt=\"\" width=\"640\" height=\"640\" srcset=\"https:\/\/pluginviet.com\/mau1\/wp-content\/uploads\/2022\/03\/chanel57.7.jpg 640w, https:\/\/pluginviet.com\/mau1\/wp-content\/uploads\/2022\/03\/chanel57.7-400x400.jpg 400w, https:\/\/pluginviet.com\/mau1\/wp-content\/uploads\/2022\/03\/chanel57.7-280x280.jpg 280w, https:\/\/pluginviet.com\/mau1\/wp-content\/uploads\/2022\/03\/chanel57.7-600x600.jpg 600w, https:\/\/pluginviet.com\/mau1\/wp-content\/uploads\/2022\/03\/chanel57.7-100x100.jpg 100w\" sizes=\"(max-width: 640px) 100vw, 640px\" \/><figcaption id=\"caption-attachment-2377\" class=\"wp-caption-text\">Son Chanel m\u00e0u 57 Rouge Feu<\/figcaption><\/figure>\n<p>Nh\u00ecn th\u00ec ch\u1ea5t l\u00ec c\u1ef1c m\u1ec1m, m\u00f4i m\u1ecdng b\u00f3ng nh\u1eb9 nh\u00e0ng nh\u01b0ng\u00a0<strong>son Chanel 57\u00a0<\/strong>n\u00e0y v\u1eabn b\u00e1m m\u00e0u c\u1ef1c kh\u1ee7ng, d\u00f9 c\u1ea3 bu\u1ed5i m\u00e0 son ch\u1eb3ng tr\u00f4i m\u1ea5y.<\/p>\n<h2>H\u01b0\u1edbng d\u1eabn s\u1eed d\u1ee5ng son Chanel 57 Rouge Feu<\/h2>\n<ul>\n<li>B\u1ea3o qu\u1ea3n son Chanel \u1edf n\u01a1i kh\u00f4 r\u00e1o, tr\u00e1nh \u00e1nh n\u1eafng tr\u1ef1c ti\u1ebfp c\u1ee7a m\u1eb7t tr\u1eddi.<\/li>\n<\/ul>\n<h2 style=\"text-align: right\"><strong>khomaudep.com\/alvalipstick<\/strong><\/h2>\n\n\n<div class=\"kk-star-ratings kksr-auto kksr-align-right kksr-valign-bottom kksr-disabled\"\n    data-payload='{&quot;align&quot;:&quot;right&quot;,&quot;id&quot;:&quot;2369&quot;,&quot;readonly&quot;:&quot;1&quot;,&quot;slug&quot;:&quot;default&quot;,&quot;valign&quot;:&quot;bottom&quot;,&quot;ignore&quot;:&quot;&quot;,&quot;reference&quot;:&quot;auto&quot;,&quot;class&quot;:&quot;&quot;,&quot;count&quot;:&quot;0&quot;,&quot;legendonly&quot;:&quot;&quot;,&quot;score&quot;:&quot;0&quot;,&quot;starsonly&quot;:&quot;&quot;,&quot;best&quot;:&quot;5&quot;,&quot;gap&quot;:&quot;5&quot;,&quot;greet&quot;:&quot;Rate this product&quot;,&quot;legend&quot;:&quot;0\\\/5 - (0 b\\u00ecnh ch\\u1ecdn)&quot;,&quot;size&quot;:&quot;24&quot;,&quot;title&quot;:&quot;Son Chanel 57 Rouge Feu M\\u00e0u \\u0110\\u1ecf Cam&quot;,&quot;width&quot;:&quot;0&quot;,&quot;_legend&quot;:&quot;{score}\\\/{best} - ({count} {votes})&quot;,&quot;font_factor&quot;:&quot;1.25&quot;}'>\n            \n<div class=\"kksr-stars\">\n    \n<div class=\"kksr-stars-inactive\">\n            <div class=\"kksr-star\" data-star=\"1\" style=\"padding-right: 5px\">\n            \n\n<div class=\"kksr-icon\" style=\"width: 24px; height: 24px;\"><\/div>\n        <\/div>\n            <div class=\"kksr-star\" data-star=\"2\" style=\"padding-right: 5px\">\n            \n\n<div class=\"kksr-icon\" style=\"width: 24px; height: 24px;\"><\/div>\n        <\/div>\n            <div class=\"kksr-star\" data-star=\"3\" style=\"padding-right: 5px\">\n            \n\n<div class=\"kksr-icon\" style=\"width: 24px; height: 24px;\"><\/div>\n        <\/div>\n            <div class=\"kksr-star\" data-star=\"4\" style=\"padding-right: 5px\">\n            \n\n<div class=\"kksr-icon\" style=\"width: 24px; height: 24px;\"><\/div>\n        <\/div>\n            <div class=\"kksr-star\" data-star=\"5\" style=\"padding-right: 5px\">\n            \n\n<div class=\"kksr-icon\" style=\"width: 24px; height: 24px;\"><\/div>\n        <\/div>\n    <\/div>\n    \n<div class=\"kksr-stars-active\" style=\"width: 0px;\">\n            <div class=\"kksr-star\" style=\"padding-right: 5px\">\n            \n\n<div class=\"kksr-icon\" style=\"width: 24px; height: 24px;\"><\/div>\n        <\/div>\n            <div class=\"kksr-star\" style=\"padding-right: 5px\">\n            \n\n<div class=\"kksr-icon\" style=\"width: 24px; height: 24px;\"><\/div>\n        <\/div>\n            <div class=\"kksr-star\" style=\"padding-right: 5px\">\n            \n\n<div class=\"kksr-icon\" style=\"width: 24px; height: 24px;\"><\/div>\n        <\/div>\n            <div class=\"kksr-star\" style=\"padding-right: 5px\">\n            \n\n<div class=\"kksr-icon\" style=\"width: 24px; height: 24px;\"><\/div>\n        <\/div>\n            <div class=\"kksr-star\" style=\"padding-right: 5px\">\n            \n\n<div class=\"kksr-icon\" style=\"width: 24px; height: 24px;\"><\/div>\n        <\/div>\n    <\/div>\n<\/div>\n                \n\n<div class=\"kksr-legend\" style=\"font-size: 19.2px;\">\n            <span class=\"kksr-muted\">Rate this product<\/span>\n    <\/div>\n    <\/div>\n","protected":false},"excerpt":{"rendered":"<p>Huy\u1ec1n tho\u1ea1i \u0111\u1ecf cam \u0111\u1ebfn t\u1eeb Chanel, ch\u00ednh l\u00e0\u00a0<strong>son Chanel 57 Rouge Feu<\/strong>. S\u1eafc son c\u00e1 t\u00ednh, s\u00f4i \u0111\u1ed9ng \u0111\u01b0\u1ee3c bao n\u00e0ng m\u00ea m\u1ec7t. Ch\u1ea5t son l\u00ec c\u00f3 d\u01b0\u1ee1ng ai c\u0169ng \u01b0ng \u00fd t\u1eeb nh\u1eefng \u0111\u01b0\u1eddng thoa \u0111\u1ea7u ti\u00ean.<\/p>\n<ul>\n<li><strong>Th\u01b0\u01a1ng hi\u1ec7u: Chanel<\/strong><\/li>\n<li><strong>Xu\u1ea5t x\u1ee9: France<\/strong><\/li>\n<li><strong>Kh\u1ed1i l\u01b0\u1ee3ng: 3,5g<\/strong><\/li>\n<\/ul>\n","protected":false},"featured_media":2371,"comment_status":"open","ping_status":"closed","template":"","meta":[],"pwb-brand":[243],"product_cat":[15,171],"product_tag":[244,245,246,247,248],"brands":[{"id":243,"name":"Chanel","slug":"chanel"}],"_links":{"self":[{"href":"https:\/\/pluginviet.com\/mau1\/wp-json\/wp\/v2\/product\/2369"}],"collection":[{"href":"https:\/\/pluginviet.com\/mau1\/wp-json\/wp\/v2\/product"}],"about":[{"href":"https:\/\/pluginviet.com\/mau1\/wp-json\/wp\/v2\/types\/product"}],"replies":[{"embeddable":true,"href":"https:\/\/pluginviet.com\/mau1\/wp-json\/wp\/v2\/comments?post=2369"}],"wp:featuredmedia":[{"embeddable":true,"href":"https:\/\/pluginviet.com\/mau1\/wp-json\/wp\/v2\/media\/2371"}],"wp:attachment":[{"href":"https:\/\/pluginviet.com\/mau1\/wp-json\/wp\/v2\/media?parent=2369"}],"wp:term":[{"taxonomy":"pwb-brand","embeddable":true,"href":"https:\/\/pluginviet.com\/mau1\/wp-json\/wp\/v2\/pwb-brand?post=2369"},{"taxonomy":"product_cat","embeddable":true,"href":"https:\/\/pluginviet.com\/mau1\/wp-json\/wp\/v2\/product_cat?post=2369"},{"taxonomy":"product_tag","embeddable":true,"href":"https:\/\/pluginviet.com\/mau1\/wp-json\/wp\/v2\/product_tag?post=2369"}],"curies":[{"name":"wp","href":"https:\/\/api.w.org\/{rel}","templated":true}]}}