{"id":2352,"date":"2022-03-08T07:10:25","date_gmt":"2022-03-08T07:10:25","guid":{"rendered":"https:\/\/khomaudep.com\/alvalipstick\/?post_type=product&#038;p=2352"},"modified":"2022-03-25T07:38:32","modified_gmt":"2022-03-25T07:38:32","slug":"son-ysl-146-paris-stroll-mau-do-cam-limited-edition","status":"publish","type":"product","link":"https:\/\/pluginviet.com\/mau1\/san-pham\/son-ysl-146-paris-stroll-mau-do-cam-limited-edition\/","title":{"rendered":"Son YSL 146 Paris Stroll M\u00e0u \u0110\u1ecf Cam \u2013 Limited Edition"},"content":{"rendered":"<h2>Son YSL 146 Paris Stroll M\u00e0u \u0110\u1ecf cam \u2013 YSL V\u1ecf B\u1ea1c Limited Edition<\/h2>\n<h3>YSL x Zo\u00eb Kravitz m\u00e0u 146 Paris Stroll<\/h3>\n<p>Kh\u00f4ng c\u00f3 g\u00ec g\u1ecdi l\u00e0 \u0111\u00e3 c\u00f3 qu\u00e1 nhi\u1ec1u son \u0111\u1ecf c\u1ea3 \u2013 \u0110\u00f3 ch\u1eafc h\u1eb3n l\u00e0 tuy\u00ean ng\u00f4n c\u1ee7a nhi\u1ec1u c\u00f4 n\u00e0ng, v\u00e0 ch\u00ednh l\u00e0 \u00fd t\u01b0\u1edfng c\u1ee7a b\u1ed9 s\u01b0u t\u1eadp m\u1edbi nh\u1ea5t \u0111\u1ebfn t\u1eeb nh\u00e0 YSL. YSL b\u1eaft tay v\u1edbi \u201cmi\u00eau n\u1eef\u201d Zo\u00eb Kravitz tr\u00ecnh l\u00e0ng phi\u00ean b\u1ea3n gi\u1edbi h\u1ea1n long lanh m\u00f9a l\u1ec5 h\u1ed9i. 8 m\u00e0u son ho\u00e0n to\u00e0n m\u1edbi, t\u1ea5t c\u1ea3 \u0111\u1ec1u l\u00e0 \u0110\u1ece v\u00e0 l\u1ea5y c\u1ea3m h\u1ee9ng t\u1eeb nh\u1eefng th\u00e0nh ph\u1ed1 y\u00eau th\u00edch c\u1ee7a n\u1eef di\u1ec5n vi\u00ean Hollywood \u0111\u00ecnh \u0111\u00e1m n\u00e0y. Nh\u01b0\u00a0<strong>son YSL 146\u00a0Paris Stroll\u00a0<\/strong>ch\u1eb3ng h\u1ea1n.<\/p>\n<figure id=\"attachment_2353\" aria-describedby=\"caption-attachment-2353\" style=\"width: 800px\" class=\"wp-caption aligncenter\"><img decoding=\"async\" loading=\"lazy\" class=\"wp-image-2353 size-full\" src=\"https:\/\/khomaudep.com\/alvalipstick\/wp-content\/uploads\/2022\/03\/ysl-146.1.jpg\" alt=\"\" width=\"800\" height=\"736\" srcset=\"https:\/\/pluginviet.com\/mau1\/wp-content\/uploads\/2022\/03\/ysl-146.1.jpg 800w, https:\/\/pluginviet.com\/mau1\/wp-content\/uploads\/2022\/03\/ysl-146.1-435x400.jpg 435w, https:\/\/pluginviet.com\/mau1\/wp-content\/uploads\/2022\/03\/ysl-146.1-768x707.jpg 768w, https:\/\/pluginviet.com\/mau1\/wp-content\/uploads\/2022\/03\/ysl-146.1-600x552.jpg 600w\" sizes=\"(max-width: 800px) 100vw, 800px\" \/><figcaption id=\"caption-attachment-2353\" class=\"wp-caption-text\">YSL m\u00e0u 146 l\u00e0 th\u1ecfi son limited hot nh\u1ea5t hi\u1ec7n nay<\/figcaption><\/figure>\n<p>B\u1ed9 s\u01b0u t\u1eadp l\u00e0 b\u1ed1n c\u1eb7p son m\u00f4i, l\u1ea7n l\u01b0\u1ee3t g\u1ecdi t\u00ean London, Paris, New York City v\u00e0 LA (Los Angeles). Tr\u01b0\u1edbc t\u00ecnh h\u00ecnh d\u1ecbch b\u1ec7nh hi\u1ec7n nay, vi\u1ec7c \u0111\u1eb7t v\u00e9 m\u00e1y bay, x\u00e1ch vali l\u00ean v\u00e0 \u0111i \u0111\u1ebfn nh\u1eefng v\u00f9ng \u0111\u1ea5t n\u1ed5i ti\u1ebfng \u1ea5y d\u01b0\u1eddng nh\u01b0 ch\u1ec9 l\u00e0 \u01b0\u1edbc m\u01a1. \u00cdt nh\u1ea5t, \u0111i\u1ec1u b\u1ea1n c\u00f3 th\u1ec3 l\u00e0m l\u00e0 c\u00f9ng YSL x Zo\u00eb Kravitz tr\u1ea3i nghi\u1ec7m gi\u00e1n ti\u1ebfp th\u00f4ng qua nh\u1eefng s\u1eafc \u0111\u1ecf c\u00e1 t\u00ednh n\u00e0y. Ch\u00e0o \u0111\u00f3n ph\u00e1i \u0111\u1eb9p \u201cc\u1ea5t c\u00e1nh\u201d c\u00f9ng\u00a0<strong>son YSL 146 Paris Stroll\u00a0<\/strong>\u0111\u1ec3 bay \u0111\u1ebfn Paris th\u00f4ng qua s\u1eafc \u0111\u1ecf cam th\u1eddi th\u01b0\u1ee3ng.<\/p>\n<figure id=\"attachment_2356\" aria-describedby=\"caption-attachment-2356\" style=\"width: 800px\" class=\"wp-caption aligncenter\"><img decoding=\"async\" loading=\"lazy\" class=\"wp-image-2356 size-full\" src=\"https:\/\/khomaudep.com\/alvalipstick\/wp-content\/uploads\/2022\/03\/ysl-146.4.jpg\" alt=\"\" width=\"800\" height=\"823\" srcset=\"https:\/\/pluginviet.com\/mau1\/wp-content\/uploads\/2022\/03\/ysl-146.4.jpg 800w, https:\/\/pluginviet.com\/mau1\/wp-content\/uploads\/2022\/03\/ysl-146.4-389x400.jpg 389w, https:\/\/pluginviet.com\/mau1\/wp-content\/uploads\/2022\/03\/ysl-146.4-778x800.jpg 778w, https:\/\/pluginviet.com\/mau1\/wp-content\/uploads\/2022\/03\/ysl-146.4-768x790.jpg 768w, https:\/\/pluginviet.com\/mau1\/wp-content\/uploads\/2022\/03\/ysl-146.4-600x617.jpg 600w\" sizes=\"(max-width: 800px) 100vw, 800px\" \/><figcaption id=\"caption-attachment-2356\" class=\"wp-caption-text\">Son YSL Paris Stroll v\u1eabn l\u00e0 d\u00f2ng Rouge Pur Couture nh\u01b0ng b\u1ea3n limited<\/figcaption><\/figure>\n<h2>Cho\u00e1ng ng\u1ee3p tr\u01b0\u1edbc \u0111\u1ed9 sang ch\u1ea3nh c\u1ee7a son YSL Rouge Pur Couture 146 Paris Stroll<\/h2>\n<h3>Limited Edition t\u1ea1o n\u00ean b\u1edfi YSL x Zo\u00eb Kravitz<\/h3>\n<p>Zo\u00eb Kravitz l\u00e0 \u0111\u1ea1i s\u1ee9 n\u01b0\u1edbc hoa v\u00e0 m\u1ef9 ph\u1ea9m c\u1ee7a YSL Beauty. \u0110\u00e2y kh\u00f4ng ph\u1ea3i l\u1ea7n \u0111\u1ea7u ti\u00ean k\u1ebft h\u1ee3p c\u1ee7a hai \u0111\u1ea1i di\u1ec7n quy\u1ec1n l\u1ef1c n\u00e0y. V\u00e0 v\u1edbi gi\u1edbi m\u1ed9 \u0111i\u1ec7u, YSL x Zo\u00eb Kravitz ch\u00ednh l\u00e0 m\u00e0n collab \u0111\u1ebfn t\u1eeb thi\u00ean \u0111\u01b0\u1eddng. B\u1edfi v\u1eady m\u00e0 nh\u1eefng phi\u00ean b\u1ea3n\u00a0<strong>son YSL Rouge Pur Couture Limited\u00a0<\/strong>li\u00ean t\u1ee5c ch\u00e1y h\u00e0ng. \u1ede b\u1ed9 s\u01b0u t\u1eadp l\u1ea7n n\u00e0y, v\u1ecf ngo\u00e0i c\u1ee7a son m\u1ea1 b\u1ea1c, \u00f3ng \u00e1nh, nh\u00ecn ch\u1eb3ng kh\u00e1c n\u00e0o nh\u1eefng t\u00f2a nh\u00e0 ch\u1ecdc tr\u1eddi \u0111ang \u00f4m tr\u1ecdn l\u1ea5y son \u0111\u1ecf tinh t\u00fay. M\u1ed9t v\u1ebb \u0111\u1eb9p mang t\u00ednh hi\u1ec7n \u0111\u1ea1i, to\u00e0n c\u1ea7u, ng\u1ecf nh\u1eefng \u00fd \u0111\u1ed3 \u0111\u1ea7y tinh t\u1ebf. T\u00e1m t\u00f4ng \u0111\u1ecf quy\u1ec1n l\u1ef1c ph\u00f9 h\u1ee3p v\u1edbi t\u1eebng cung b\u1eadc c\u1ea3m x\u00fac kh\u00e1c nhau c\u1ee7a\u00a0<strong>son YSL Limited Edition\u00a0<\/strong>l\u1ea7n n\u00e0y qu\u1ea3 th\u1ef1c \u1ea5n t\u01b0\u1ee3ng.<\/p>\n<figure id=\"attachment_2361\" aria-describedby=\"caption-attachment-2361\" style=\"width: 800px\" class=\"wp-caption aligncenter\"><img decoding=\"async\" loading=\"lazy\" class=\"wp-image-2361 size-full\" src=\"https:\/\/khomaudep.com\/alvalipstick\/wp-content\/uploads\/2022\/03\/ysl-146.8.jpg\" alt=\"\" width=\"800\" height=\"800\" srcset=\"https:\/\/pluginviet.com\/mau1\/wp-content\/uploads\/2022\/03\/ysl-146.8.jpg 800w, https:\/\/pluginviet.com\/mau1\/wp-content\/uploads\/2022\/03\/ysl-146.8-400x400.jpg 400w, https:\/\/pluginviet.com\/mau1\/wp-content\/uploads\/2022\/03\/ysl-146.8-280x280.jpg 280w, https:\/\/pluginviet.com\/mau1\/wp-content\/uploads\/2022\/03\/ysl-146.8-768x768.jpg 768w, https:\/\/pluginviet.com\/mau1\/wp-content\/uploads\/2022\/03\/ysl-146.8-600x600.jpg 600w, https:\/\/pluginviet.com\/mau1\/wp-content\/uploads\/2022\/03\/ysl-146.8-100x100.jpg 100w\" sizes=\"(max-width: 800px) 100vw, 800px\" \/><figcaption id=\"caption-attachment-2361\" class=\"wp-caption-text\">Son YSL m\u00e0u \u0111\u1ecf cam mang m\u00e3 s\u1ed1 146<\/figcaption><\/figure>\n<h3>T\u00ean g\u1ecdi c\u1ee7a son YSL m\u00e0u 146 Paris Stroll<\/h3>\n<p>Chi ti\u1ebft nh\u1ecf \u0111\u1eb1ng sau m\u1ed7i c\u00e1i t\u00ean l\u00e0m n\u00ean s\u1ef1 \u0111\u1eb7c bi\u1ec7t cho b\u1ed9 s\u01b0u t\u1eadp son YSL n\u00e0y. V\u1edbi Zo\u00eb Kravitz, quay tr\u1edf l\u1ea1i v\u1edbi limited th\u1ee9 hai \u0111\u1ec3 ph\u00e1t tri\u1ec3n, s\u00e1ng t\u1ea1o h\u01a1n n\u1eefa d\u00f2ng Rouge Pur Couture v\u00e0 \u0111\u01b0a n\u00f3 l\u00ean m\u1ed9t t\u1ea7m cao m\u1edbi, nh\u01b0ng v\u1eabn gi\u1eef tr\u1ecdn v\u1eb9n di s\u1ea3n, t\u00ednh th\u1ea9m m\u1ef9 c\u1ee7a th\u01b0\u01a1ng hi\u1ec7u.<\/p>\n<figure id=\"attachment_2354\" aria-describedby=\"caption-attachment-2354\" style=\"width: 800px\" class=\"wp-caption aligncenter\"><img decoding=\"async\" loading=\"lazy\" class=\"wp-image-2354 size-full\" src=\"https:\/\/khomaudep.com\/alvalipstick\/wp-content\/uploads\/2022\/03\/ysl-146.2.jpg\" alt=\"\" width=\"800\" height=\"647\" srcset=\"https:\/\/pluginviet.com\/mau1\/wp-content\/uploads\/2022\/03\/ysl-146.2.jpg 800w, https:\/\/pluginviet.com\/mau1\/wp-content\/uploads\/2022\/03\/ysl-146.2-495x400.jpg 495w, https:\/\/pluginviet.com\/mau1\/wp-content\/uploads\/2022\/03\/ysl-146.2-768x621.jpg 768w, https:\/\/pluginviet.com\/mau1\/wp-content\/uploads\/2022\/03\/ysl-146.2-600x485.jpg 600w\" sizes=\"(max-width: 800px) 100vw, 800px\" \/><figcaption id=\"caption-attachment-2354\" class=\"wp-caption-text\">YSL Rouge Pur Couture 146 Paris Stroll t\u1ec7p v\u00e0o m\u00f4i<\/figcaption><\/figure>\n<p>Paris \u0111\u1eb7c bi\u1ec7t v\u1edbi Zo\u00eb Kravitz b\u1edfi \u0111\u00e2y l\u00e0 n\u01a1i m\u00e0 c\u00f4 k\u1ebft h\u00f4n. V\u1ebb \u0111\u1eb9p c\u1ee7a Paris c\u00e0ng tr\u1edf n\u00ean \u0111\u1eb7c bi\u1ec7t h\u01a1n trong con m\u1eaft c\u1ee7a ng\u01b0\u1eddi \u0111ang say trong men t\u00ecnh. Nh\u1eefng g\u00ec \u0111\u1eb9p \u0111\u1ebd nh\u1ea5t c\u1ee7a kinh \u0111\u00f4 \u00e1nh s\u00e1ng \u0111\u1ec1u \u0111\u01b0\u1ee3c g\u00f3i tr\u1ecdn trong m\u00e0u\u00a0<strong>son YSL \u0111\u1ecf cam\u00a0<\/strong>b\u1ea3n gi\u1edbi h\u1ea1n n\u00e0y.<\/p>\n<h3>\u0110\u1ece CAM \u1ea4M \u2013 n\u00e9t \u0111\u1eb9p kh\u00f3 c\u01b0\u1ee1ng c\u1ee7a son YSL 146 Paris Stroll<\/h3>\n<p>YSL v\u1ed1n d\u0129 \u0111\u00e3 c\u00f3 m\u00e0u 13 \u0111\u1ecf cam huy\u1ec1n tho\u1ea1i. V\u1eady \u0111i\u1ec1u g\u00ec t\u1ea1o n\u00ean s\u1ee9c h\u00fat kh\u00e1c bi\u1ec7t cho \u0111\u1ecf cam\u00a0<strong>son YSL m\u00e0u 146<\/strong>? \u0110\u1ecf pha cam nh\u01b0ng nh\u00ecn l\u1ea1i tr\u1ea7m, \u1ea5m v\u00f4 c\u00f9ng. S\u1ef1 th\u00fa v\u1ecb m\u00e0 Zo\u00eb Kravitz t\u1ea1o n\u00ean cho nh\u1eefng th\u1ecfi son \u0111\u1ecf gi\u1edbi h\u1ea1n ch\u00ednh l\u00e0 h\u1ea7u h\u1ebft \u0111\u1ec1u pha th\u00eam t\u00f4ng n\u00e2u \u0111\u1ea5t. V\u1eeba l\u00e0m tr\u1ecdn nhi\u1ec7m v\u1ee5 t\u00f4n da,\u00a0<strong>son YSL Paris Stroll\u00a0<\/strong>c\u00f2n th\u00eam nh\u1ea5n nh\u00e1 cho m\u00f4i n\u1eefa. \u0110\u00e2u c\u1ea7n makeup g\u00ec, ri\u00eang s\u1eafc \u0111\u1ecf cam n\u00e0y l\u00e0 \u0111\u00e3 \u0111\u1ee7 h\u00fat tr\u1ecdn bao \u00e1nh nh\u00ecn.<\/p>\n<figure id=\"attachment_2355\" aria-describedby=\"caption-attachment-2355\" style=\"width: 800px\" class=\"wp-caption aligncenter\"><img decoding=\"async\" loading=\"lazy\" class=\"wp-image-2355 size-full\" src=\"https:\/\/khomaudep.com\/alvalipstick\/wp-content\/uploads\/2022\/03\/ysl-146.3.jpg\" alt=\"\" width=\"800\" height=\"652\" srcset=\"https:\/\/pluginviet.com\/mau1\/wp-content\/uploads\/2022\/03\/ysl-146.3.jpg 800w, https:\/\/pluginviet.com\/mau1\/wp-content\/uploads\/2022\/03\/ysl-146.3-491x400.jpg 491w, https:\/\/pluginviet.com\/mau1\/wp-content\/uploads\/2022\/03\/ysl-146.3-768x626.jpg 768w, https:\/\/pluginviet.com\/mau1\/wp-content\/uploads\/2022\/03\/ysl-146.3-600x489.jpg 600w\" sizes=\"(max-width: 800px) 100vw, 800px\" \/><figcaption id=\"caption-attachment-2355\" class=\"wp-caption-text\">\u0110\u1ea7u th\u1ecfi YSL Rouge Pur Couture 146 Paris Stroll<\/figcaption><\/figure>\n<h3>K\u1ebft c\u1ea5u c\u1ee7a YSL 146 \u2013 v\u1eabn X\u1ecaN nh\u01b0 th\u01b0\u1eddng l\u1ec7<\/h3>\n<p>Phi\u00ean b\u1ea3n gi\u1edbi h\u1ea1n n\u00e0y mang k\u1ebft c\u1ea5u creamy satin, hay c\u00f2n \u0111\u01b0\u1ee3c g\u1ecdi v\u1edbi c\u00e1i t\u00ean th\u00e2n thu\u1ed9c h\u01a1n l\u00e0 son l\u00ec nhi\u1ec1u d\u01b0\u1ee1ng. \u0110i\u1ec3m n\u1ed5i b\u1eadt m\u00e0\u00a0<strong>YSL Rouge Pur Couture 146\u00a0<\/strong>mang \u0111\u1ebfn l\u00e0 cho m\u00f4i m\u1ecdng \u0111\u1eb9p, ch\u1ea5t son m\u1ec1m, d\u01b0\u1ee1ng m\u00f4i t\u1ed1t m\u00e0 v\u1eabn b\u1ec1n m\u00e0u. N\u1ebfu \u0111\u00e3 t\u1eebng s\u1edf h\u1eefu limited edition c\u1ee7a \u201c\u00f4ng l\u1edbn son m\u00f4i\u201d YSL, ch\u1eafc h\u1eb3n kh\u00f4ng bao gi\u1edd ph\u1ea3i b\u0103n kho\u0103n v\u1ec1 k\u1ebft c\u1ea5u.<\/p>\n<figure id=\"attachment_2362\" aria-describedby=\"caption-attachment-2362\" style=\"width: 800px\" class=\"wp-caption aligncenter\"><img decoding=\"async\" loading=\"lazy\" class=\"wp-image-2362 size-full\" src=\"https:\/\/khomaudep.com\/alvalipstick\/wp-content\/uploads\/2022\/03\/ysl-146.9.jpg\" alt=\"\" width=\"800\" height=\"651\" srcset=\"https:\/\/pluginviet.com\/mau1\/wp-content\/uploads\/2022\/03\/ysl-146.9.jpg 800w, https:\/\/pluginviet.com\/mau1\/wp-content\/uploads\/2022\/03\/ysl-146.9-492x400.jpg 492w, https:\/\/pluginviet.com\/mau1\/wp-content\/uploads\/2022\/03\/ysl-146.9-768x625.jpg 768w, https:\/\/pluginviet.com\/mau1\/wp-content\/uploads\/2022\/03\/ysl-146.9-600x488.jpg 600w\" sizes=\"(max-width: 800px) 100vw, 800px\" \/><figcaption id=\"caption-attachment-2362\" class=\"wp-caption-text\">YSL Rouge Pur Couture 146 Paris Stroll \u0111\u1ecf cam tr\u1ebb trung<\/figcaption><\/figure>\n<p>Ch\u1ec9 m\u1ed9t l\u1ea7n thoa, ch\u1ea5t son nh\u01b0 tan ch\u1ea3y tr\u00ean m\u00f4i, che ph\u1ee7 ho\u00e0n h\u1ea3o. Son finish satin \u1ea9m nh\u1eb9, v\u1edbi s\u1eafc t\u1ed1 m\u00e0u cao. D\u00f9ng\u00a0<strong>son YSL 146\u00a0<\/strong>ai n\u1ea5y c\u0169ng s\u1ebd ph\u00e1t cu\u1ed3ng v\u00ec \u0111i\u1ec1u n\u00e0y cho m\u00e0 xem.<\/p>\n<figure id=\"attachment_2363\" aria-describedby=\"caption-attachment-2363\" style=\"width: 800px\" class=\"wp-caption aligncenter\"><img decoding=\"async\" loading=\"lazy\" class=\"wp-image-2363 size-full\" src=\"https:\/\/khomaudep.com\/alvalipstick\/wp-content\/uploads\/2022\/03\/ysl-146.10.jpg\" alt=\"\" width=\"800\" height=\"323\" srcset=\"https:\/\/pluginviet.com\/mau1\/wp-content\/uploads\/2022\/03\/ysl-146.10.jpg 800w, https:\/\/pluginviet.com\/mau1\/wp-content\/uploads\/2022\/03\/ysl-146.10-768x310.jpg 768w, https:\/\/pluginviet.com\/mau1\/wp-content\/uploads\/2022\/03\/ysl-146.10-600x242.jpg 600w\" sizes=\"(max-width: 800px) 100vw, 800px\" \/><figcaption id=\"caption-attachment-2363\" class=\"wp-caption-text\">YSL Limited 146 Paris Stroll che ph\u1ee7 t\u1ed1t<\/figcaption><\/figure>\n<h3>L\u1ea5p l\u00e1nh, sang tr\u1ecdng v\u00e0 \u0111\u1eb3ng c\u1ea5p \u2013 v\u1ecf ngo\u00e0i m\u00ea ly c\u1ee7a son YSL Paris Stroll<\/h3>\n<p>D\u00e1ng h\u00ecnh kinh \u0111i\u1ec3n c\u1ee7a d\u00f2ng Rouge Pur Couture v\u1eabn \u0111\u01b0\u1ee3c gi\u1eef nguy\u00ean. \u0110i\u1ec3m nh\u1ea5n l\u00e0 l\u1edbp \u00e1o b\u1ea1c \u00f3ng \u00e1nh b\u00ean ngo\u00e0i.\u00a0<strong>YSL 146 Paris Stroll\u00a0<\/strong>ph\u1ee7 nh\u0169 \u1edf ph\u1ea7n th\u00e2n d\u01b0\u1edbi, \u1edf logo YSL n\u00ean c\u1ef1c k\u1ef3 b\u1eaft m\u1eaft.<\/p>\n<figure id=\"attachment_2357\" aria-describedby=\"caption-attachment-2357\" style=\"width: 800px\" class=\"wp-caption aligncenter\"><img decoding=\"async\" loading=\"lazy\" class=\"wp-image-2357 size-full\" src=\"https:\/\/khomaudep.com\/alvalipstick\/wp-content\/uploads\/2022\/03\/ysl-146.5.jpg\" alt=\"\" width=\"800\" height=\"652\" srcset=\"https:\/\/pluginviet.com\/mau1\/wp-content\/uploads\/2022\/03\/ysl-146.5.jpg 800w, https:\/\/pluginviet.com\/mau1\/wp-content\/uploads\/2022\/03\/ysl-146.5-491x400.jpg 491w, https:\/\/pluginviet.com\/mau1\/wp-content\/uploads\/2022\/03\/ysl-146.5-768x626.jpg 768w, https:\/\/pluginviet.com\/mau1\/wp-content\/uploads\/2022\/03\/ysl-146.5-600x489.jpg 600w\" sizes=\"(max-width: 800px) 100vw, 800px\" \/><figcaption id=\"caption-attachment-2357\" class=\"wp-caption-text\">Ngo\u1ea1i h\u00ecnh c\u1ee7a YSL Limited 146 Paris Stroll<\/figcaption><\/figure>\n<h2>L\u1eddi nh\u1eafn g\u1eedi th\u00f4ng qua nh\u1eefng s\u1eafc \u0111\u1ecf \u0111\u1ec9nh cao \u2013 YSL Limited Edition 146 Paris Stroll<\/h2>\n<p><em>Nh\u1eefng c\u00f4 g\u00e1i tr\u1ebb, \u0111\u1eebng ng\u1ea1i tr\u1ea3i nghi\u1ec7m v\u00e0 t\u1ea1o n\u00ean nh\u1eefng c\u00e2u chuy\u1ec7n c\u1ee7a ri\u00eang b\u1ea1n. H\u00e3y cho ph\u00e9p b\u1ea3n th\u00e2n s\u1ed1ng t\u00e1o b\u1ea1o, \u0111\u00f3n nh\u1eadn nh\u1eefng th\u00e1ch th\u1ee9c. D\u00f9 b\u1ea1n \u1edf \u0111\u1ed9 tu\u1ed5i n\u00e0o, d\u00f9 \u0111\u1ebfn t\u1eeb \u0111\u00e2u tr\u00ean th\u1ebf gi\u1edbi, h\u00e3y lu\u00f4n t\u1ef1 h\u00e0o v\u00e0 tr\u00e2n tr\u1ecdng nh\u1eefng g\u00ec m\u00ecnh \u0111\u00e3 \u0111\u1ea1t \u0111\u01b0\u1ee3c trong cu\u1ed9c \u0111\u1eddi.\u00a0<\/em>T\u00f4 \u0111i\u1ec3m ngay\u00a0<strong>son YSL Rouge Pur Couture 146 Paris Stroll\u00a0<\/strong>\u0111\u1ec3 th\u00eam \u0111\u1ed9ng l\u1ef1c \u0111\u1ec3 ch\u00e0o \u0111\u00f3n nh\u1eefng \u0111i\u1ec1u t\u1ed1t \u0111\u1eb9p h\u01a1n \u1edf tr\u01b0\u1edbc m\u1eaft nh\u00e9!<\/p>\n<h2 style=\"text-align: right\"><strong>khomaudep.com\/alvalipstick<\/strong><\/h2>\n\n\n<div class=\"kk-star-ratings kksr-auto kksr-align-right kksr-valign-bottom kksr-disabled\"\n    data-payload='{&quot;align&quot;:&quot;right&quot;,&quot;id&quot;:&quot;2352&quot;,&quot;readonly&quot;:&quot;1&quot;,&quot;slug&quot;:&quot;default&quot;,&quot;valign&quot;:&quot;bottom&quot;,&quot;ignore&quot;:&quot;&quot;,&quot;reference&quot;:&quot;auto&quot;,&quot;class&quot;:&quot;&quot;,&quot;count&quot;:&quot;0&quot;,&quot;legendonly&quot;:&quot;&quot;,&quot;score&quot;:&quot;0&quot;,&quot;starsonly&quot;:&quot;&quot;,&quot;best&quot;:&quot;5&quot;,&quot;gap&quot;:&quot;5&quot;,&quot;greet&quot;:&quot;Rate this product&quot;,&quot;legend&quot;:&quot;0\\\/5 - (0 b\\u00ecnh ch\\u1ecdn)&quot;,&quot;size&quot;:&quot;24&quot;,&quot;title&quot;:&quot;Son YSL 146 Paris Stroll M\\u00e0u \\u0110\\u1ecf Cam \\u2013 Limited Edition&quot;,&quot;width&quot;:&quot;0&quot;,&quot;_legend&quot;:&quot;{score}\\\/{best} - ({count} {votes})&quot;,&quot;font_factor&quot;:&quot;1.25&quot;}'>\n            \n<div class=\"kksr-stars\">\n    \n<div class=\"kksr-stars-inactive\">\n            <div class=\"kksr-star\" data-star=\"1\" style=\"padding-right: 5px\">\n            \n\n<div class=\"kksr-icon\" style=\"width: 24px; height: 24px;\"><\/div>\n        <\/div>\n            <div class=\"kksr-star\" data-star=\"2\" style=\"padding-right: 5px\">\n            \n\n<div class=\"kksr-icon\" style=\"width: 24px; height: 24px;\"><\/div>\n        <\/div>\n            <div class=\"kksr-star\" data-star=\"3\" style=\"padding-right: 5px\">\n            \n\n<div class=\"kksr-icon\" style=\"width: 24px; height: 24px;\"><\/div>\n        <\/div>\n            <div class=\"kksr-star\" data-star=\"4\" style=\"padding-right: 5px\">\n            \n\n<div class=\"kksr-icon\" style=\"width: 24px; height: 24px;\"><\/div>\n        <\/div>\n            <div class=\"kksr-star\" data-star=\"5\" style=\"padding-right: 5px\">\n            \n\n<div class=\"kksr-icon\" style=\"width: 24px; height: 24px;\"><\/div>\n        <\/div>\n    <\/div>\n    \n<div class=\"kksr-stars-active\" style=\"width: 0px;\">\n            <div class=\"kksr-star\" style=\"padding-right: 5px\">\n            \n\n<div class=\"kksr-icon\" style=\"width: 24px; height: 24px;\"><\/div>\n        <\/div>\n            <div class=\"kksr-star\" style=\"padding-right: 5px\">\n            \n\n<div class=\"kksr-icon\" style=\"width: 24px; height: 24px;\"><\/div>\n        <\/div>\n            <div class=\"kksr-star\" style=\"padding-right: 5px\">\n            \n\n<div class=\"kksr-icon\" style=\"width: 24px; height: 24px;\"><\/div>\n        <\/div>\n            <div class=\"kksr-star\" style=\"padding-right: 5px\">\n            \n\n<div class=\"kksr-icon\" style=\"width: 24px; height: 24px;\"><\/div>\n        <\/div>\n            <div class=\"kksr-star\" style=\"padding-right: 5px\">\n            \n\n<div class=\"kksr-icon\" style=\"width: 24px; height: 24px;\"><\/div>\n        <\/div>\n    <\/div>\n<\/div>\n                \n\n<div class=\"kksr-legend\" style=\"font-size: 19.2px;\">\n            <span class=\"kksr-muted\">Rate this product<\/span>\n    <\/div>\n    <\/div>\n","protected":false},"excerpt":{"rendered":"<p>C\u00f2n g\u00ec tuy\u1ec7t v\u1eddi h\u01a1n m\u00e0u son mang ch\u00ednh c\u1ea3m h\u1ee9ng t\u1eeb Paris hoa l\u1ec7, l\u00e3ng m\u1ea1n?\u00a0<strong>Son YSL 146 Paris Stroll\u00a0<\/strong>\u0111\u1ecf cam nh\u01b0 k\u00e9o b\u1ea1n \u0111\u1ebfn g\u1ea7n h\u01a1n v\u1edbi s\u1ef1 quy\u1ebfn r\u0169 \u0111\u1ea7y tinh t\u1ebf. M\u00e0u son \u1ea5m, k\u1ebft c\u1ea5u satin, v\u1ecf ngo\u00e0i long lanh \u0111\u00fang chu\u1ea9n tinh th\u1ea7n l\u1ec5 h\u1ed9i.<\/p>\n<ul>\n<li>Th\u01b0\u01a1ng hi\u1ec7u:\u00a0<strong>Yves Saint Laurent<\/strong><\/li>\n<li>Xu\u1ea5t x\u1ee9:\u00a0<strong>Ph\u00e1p<\/strong><\/li>\n<li>D\u00f2ng:\u00a0<strong>YSL x Zo\u00eb Kravitz<\/strong><\/li>\n<li>Phi\u00ean b\u1ea3n:\u00a0<strong>Limited Edition<\/strong><\/li>\n<\/ul>\n","protected":false},"featured_media":2360,"comment_status":"open","ping_status":"closed","template":"","meta":[],"pwb-brand":[221],"product_cat":[15,171],"product_tag":[236,240,237,238,239,241,242],"brands":[{"id":221,"name":"YSL","slug":"ysl"}],"_links":{"self":[{"href":"https:\/\/pluginviet.com\/mau1\/wp-json\/wp\/v2\/product\/2352"}],"collection":[{"href":"https:\/\/pluginviet.com\/mau1\/wp-json\/wp\/v2\/product"}],"about":[{"href":"https:\/\/pluginviet.com\/mau1\/wp-json\/wp\/v2\/types\/product"}],"replies":[{"embeddable":true,"href":"https:\/\/pluginviet.com\/mau1\/wp-json\/wp\/v2\/comments?post=2352"}],"wp:featuredmedia":[{"embeddable":true,"href":"https:\/\/pluginviet.com\/mau1\/wp-json\/wp\/v2\/media\/2360"}],"wp:attachment":[{"href":"https:\/\/pluginviet.com\/mau1\/wp-json\/wp\/v2\/media?parent=2352"}],"wp:term":[{"taxonomy":"pwb-brand","embeddable":true,"href":"https:\/\/pluginviet.com\/mau1\/wp-json\/wp\/v2\/pwb-brand?post=2352"},{"taxonomy":"product_cat","embeddable":true,"href":"https:\/\/pluginviet.com\/mau1\/wp-json\/wp\/v2\/product_cat?post=2352"},{"taxonomy":"product_tag","embeddable":true,"href":"https:\/\/pluginviet.com\/mau1\/wp-json\/wp\/v2\/product_tag?post=2352"}],"curies":[{"name":"wp","href":"https:\/\/api.w.org\/{rel}","templated":true}]}}