{"id":2339,"date":"2022-03-08T05:02:06","date_gmt":"2022-03-08T05:02:06","guid":{"rendered":"https:\/\/khomaudep.com\/alvalipstick\/?post_type=product&#038;p=2339"},"modified":"2022-03-25T07:37:56","modified_gmt":"2022-03-25T07:37:56","slug":"son-ysl-145-lost-in-marais-mau-do-cam-chay-limited-edition","status":"publish","type":"product","link":"https:\/\/pluginviet.com\/mau1\/san-pham\/son-ysl-145-lost-in-marais-mau-do-cam-chay-limited-edition\/","title":{"rendered":"Son YSL 145 Lost In Marais M\u00e0u \u0110\u1ecf Cam Ch\u00e1y \u2013 Limited Edition"},"content":{"rendered":"<h2>Son YSL 145 Lost In Marais M\u00e0u \u0110\u1ecf Cam Ch\u00e1y \u2013 YSL V\u1ecf B\u1ea1c Limited Edition<\/h2>\n<h3>YSL x Zo\u00eb Kravitz m\u00e0u 145 Lost In Marais<\/h3>\n<p>Kh\u00f4ng c\u00f3 g\u00ec g\u1ecdi l\u00e0 \u0111\u00e3 c\u00f3 qu\u00e1 nhi\u1ec1u son \u0111\u1ecf c\u1ea3 \u2013 \u0110\u00f3 ch\u1eafc h\u1eb3n l\u00e0 tuy\u00ean ng\u00f4n c\u1ee7a nhi\u1ec1u c\u00f4 n\u00e0ng, v\u00e0 ch\u00ednh l\u00e0 \u00fd t\u01b0\u1edfng c\u1ee7a b\u1ed9 s\u01b0u t\u1eadp m\u1edbi nh\u1ea5t \u0111\u1ebfn t\u1eeb nh\u00e0 YSL. YSL b\u1eaft tay v\u1edbi \u201cmi\u00eau n\u1eef\u201d Zo\u00eb Kravitz tr\u00ecnh l\u00e0ng phi\u00ean b\u1ea3n gi\u1edbi h\u1ea1n long lanh m\u00f9a l\u1ec5 h\u1ed9i. 8 m\u00e0u son ho\u00e0n to\u00e0n m\u1edbi, t\u1ea5t c\u1ea3 \u0111\u1ec1u l\u00e0 \u0110\u1ece v\u00e0 l\u1ea5y c\u1ea3m h\u1ee9ng t\u1eeb nh\u1eefng th\u00e0nh ph\u1ed1 y\u00eau th\u00edch c\u1ee7a n\u1eef di\u1ec5n vi\u00ean Hollywood \u0111\u00ecnh \u0111\u00e1m n\u00e0y. Nh\u01b0\u00a0<strong>son YSL 145\u00a0Lost In Marais\u00a0<\/strong>ch\u1eb3ng h\u1ea1n.<\/p>\n<figure id=\"attachment_2340\" aria-describedby=\"caption-attachment-2340\" style=\"width: 800px\" class=\"wp-caption aligncenter\"><img decoding=\"async\" loading=\"lazy\" class=\"wp-image-2340 size-full\" src=\"https:\/\/khomaudep.com\/alvalipstick\/wp-content\/uploads\/2022\/03\/ysl145.1.jpg\" alt=\"\" width=\"800\" height=\"736\" srcset=\"https:\/\/pluginviet.com\/mau1\/wp-content\/uploads\/2022\/03\/ysl145.1.jpg 800w, https:\/\/pluginviet.com\/mau1\/wp-content\/uploads\/2022\/03\/ysl145.1-435x400.jpg 435w, https:\/\/pluginviet.com\/mau1\/wp-content\/uploads\/2022\/03\/ysl145.1-768x707.jpg 768w, https:\/\/pluginviet.com\/mau1\/wp-content\/uploads\/2022\/03\/ysl145.1-600x552.jpg 600w\" sizes=\"(max-width: 800px) 100vw, 800px\" \/><figcaption id=\"caption-attachment-2340\" class=\"wp-caption-text\">YSL 145 Lost In Marais l\u00e0 must-have-item c\u1ee7a n\u0103m nay<\/figcaption><\/figure>\n<p>B\u1ed9 s\u01b0u t\u1eadp l\u00e0 b\u1ed1n c\u1eb7p son m\u00f4i, l\u1ea7n l\u01b0\u1ee3t g\u1ecdi t\u00ean London, Paris, New York City v\u00e0 LA (Los Angeles). Tr\u01b0\u1edbc t\u00ecnh h\u00ecnh d\u1ecbch b\u1ec7nh hi\u1ec7n nay, vi\u1ec7c \u0111\u1eb7t v\u00e9 m\u00e1y bay, x\u00e1ch vali l\u00ean v\u00e0 \u0111i \u0111\u1ebfn nh\u1eefng v\u00f9ng \u0111\u1ea5t n\u1ed5i ti\u1ebfng \u1ea5y d\u01b0\u1eddng nh\u01b0 ch\u1ec9 l\u00e0 \u01b0\u1edbc m\u01a1. \u00cdt nh\u1ea5t, \u0111i\u1ec1u b\u1ea1n c\u00f3 th\u1ec3 l\u00e0m l\u00e0 c\u00f9ng YSL x Zo\u00eb Kravitz tr\u1ea3i nghi\u1ec7m gi\u00e1n ti\u1ebfp th\u00f4ng qua nh\u1eefng s\u1eafc \u0111\u1ecf c\u00e1 t\u00ednh n\u00e0y. Ch\u00e0o \u0111\u00f3n ph\u00e1i \u0111\u1eb9p \u201cc\u1ea5t c\u00e1nh\u201d c\u00f9ng\u00a0<strong>son YSL 145 Lost In Marais\u00a0<\/strong>\u0111\u1ec3 ch\u1ea1m \u0111\u1ebfn kinh \u0111\u00f4 c\u1ee7a Anh Qu\u1ed1c th\u00f4ng qua s\u1eafc \u0111\u1ecf cam ch\u00e1y th\u1eddi th\u01b0\u1ee3ng.<\/p>\n<figure id=\"attachment_2341\" aria-describedby=\"caption-attachment-2341\" style=\"width: 800px\" class=\"wp-caption aligncenter\"><img decoding=\"async\" loading=\"lazy\" class=\"wp-image-2341 size-full\" src=\"https:\/\/khomaudep.com\/alvalipstick\/wp-content\/uploads\/2022\/03\/ysl145.2.jpg\" alt=\"\" width=\"800\" height=\"1144\" srcset=\"https:\/\/pluginviet.com\/mau1\/wp-content\/uploads\/2022\/03\/ysl145.2.jpg 800w, https:\/\/pluginviet.com\/mau1\/wp-content\/uploads\/2022\/03\/ysl145.2-280x400.jpg 280w, https:\/\/pluginviet.com\/mau1\/wp-content\/uploads\/2022\/03\/ysl145.2-559x800.jpg 559w, https:\/\/pluginviet.com\/mau1\/wp-content\/uploads\/2022\/03\/ysl145.2-768x1098.jpg 768w, https:\/\/pluginviet.com\/mau1\/wp-content\/uploads\/2022\/03\/ysl145.2-600x858.jpg 600w\" sizes=\"(max-width: 800px) 100vw, 800px\" \/><figcaption id=\"caption-attachment-2341\" class=\"wp-caption-text\">Cho\u00e1ng ng\u1ee3p tr\u01b0\u1edbc \u0111\u1ed9 sang ch\u1ea3nh c\u1ee7a son YSL Rouge Pur Couture Limited<\/figcaption><\/figure>\n<h2>Cho\u00e1ng ng\u1ee3p tr\u01b0\u1edbc \u0111\u1ed9 sang ch\u1ea3nh c\u1ee7a son YSL Rouge Pur Couture 145 Lost In Marais<\/h2>\n<h3>Limited Edition t\u1ea1o n\u00ean b\u1edfi YSL x Zo\u00eb Kravitz<\/h3>\n<p>Zo\u00eb Kravitz l\u00e0 \u0111\u1ea1i s\u1ee9 n\u01b0\u1edbc hoa v\u00e0 m\u1ef9 ph\u1ea9m c\u1ee7a YSL Beauty. \u0110\u00e2y kh\u00f4ng ph\u1ea3i l\u1ea7n \u0111\u1ea7u ti\u00ean k\u1ebft h\u1ee3p c\u1ee7a hai \u0111\u1ea1i di\u1ec7n quy\u1ec1n l\u1ef1c n\u00e0y. V\u00e0 v\u1edbi gi\u1edbi m\u1ed9 \u0111i\u1ec7u, YSL x Zo\u00eb Kravitz ch\u00ednh l\u00e0 m\u00e0n collab \u0111\u1ebfn t\u1eeb thi\u00ean \u0111\u01b0\u1eddng. B\u1edfi v\u1eady m\u00e0 nh\u1eefng phi\u00ean b\u1ea3n\u00a0<strong>son YSL Rouge Pur Couture Limited\u00a0<\/strong>li\u00ean t\u1ee5c ch\u00e1y h\u00e0ng. \u1ede b\u1ed9 s\u01b0u t\u1eadp l\u1ea7n n\u00e0y, v\u1ecf ngo\u00e0i c\u1ee7a son m\u1ea1 b\u1ea1c, \u00f3ng \u00e1nh, nh\u00ecn ch\u1eb3ng kh\u00e1c n\u00e0o nh\u1eefng t\u00f2a nh\u00e0 ch\u1ecdc tr\u1eddi \u0111ang \u00f4m tr\u1ecdn l\u1ea5y son \u0111\u1ecf tinh t\u00fay. M\u1ed9t v\u1ebb \u0111\u1eb9p mang t\u00ednh hi\u1ec7n \u0111\u1ea1i, to\u00e0n c\u1ea7u, ng\u1ecf nh\u1eefng \u00fd \u0111\u1ed3 \u0111\u1ea7y tinh t\u1ebf. T\u00e1m t\u00f4ng \u0111\u1ecf quy\u1ec1n l\u1ef1c ph\u00f9 h\u1ee3p v\u1edbi t\u1eebng cung b\u1eadc c\u1ea3m x\u00fac kh\u00e1c nhau c\u1ee7a\u00a0<strong>son YSL Limited Edition\u00a0<\/strong>l\u1ea7n n\u00e0y qu\u1ea3 th\u1ef1c \u1ea5n t\u01b0\u1ee3ng.<\/p>\n<figure id=\"attachment_2342\" aria-describedby=\"caption-attachment-2342\" style=\"width: 800px\" class=\"wp-caption aligncenter\"><img decoding=\"async\" loading=\"lazy\" class=\"wp-image-2342 size-full\" src=\"https:\/\/khomaudep.com\/alvalipstick\/wp-content\/uploads\/2022\/03\/ysl145.3.jpg\" alt=\"\" width=\"800\" height=\"800\" srcset=\"https:\/\/pluginviet.com\/mau1\/wp-content\/uploads\/2022\/03\/ysl145.3.jpg 800w, https:\/\/pluginviet.com\/mau1\/wp-content\/uploads\/2022\/03\/ysl145.3-400x400.jpg 400w, https:\/\/pluginviet.com\/mau1\/wp-content\/uploads\/2022\/03\/ysl145.3-280x280.jpg 280w, https:\/\/pluginviet.com\/mau1\/wp-content\/uploads\/2022\/03\/ysl145.3-768x768.jpg 768w, https:\/\/pluginviet.com\/mau1\/wp-content\/uploads\/2022\/03\/ysl145.3-600x600.jpg 600w, https:\/\/pluginviet.com\/mau1\/wp-content\/uploads\/2022\/03\/ysl145.3-100x100.jpg 100w\" sizes=\"(max-width: 800px) 100vw, 800px\" \/><figcaption id=\"caption-attachment-2342\" class=\"wp-caption-text\">YSL m\u00e0u 145 Lost In Marais<\/figcaption><\/figure>\n<h3>T\u00ean g\u1ecdi c\u1ee7a son YSL m\u00e0u 145 Lost In Marais<\/h3>\n<p>Chi ti\u1ebft nh\u1ecf \u0111\u1eb1ng sau m\u1ed7i c\u00e1i t\u00ean l\u00e0m n\u00ean s\u1ef1 \u0111\u1eb7c bi\u1ec7t cho b\u1ed9 s\u01b0u t\u1eadp son YSL n\u00e0y. V\u1edbi Zo\u00eb Kravitz, quay tr\u1edf l\u1ea1i v\u1edbi limited th\u1ee9 hai \u0111\u1ec3 ph\u00e1t tri\u1ec3n, s\u00e1ng t\u1ea1o h\u01a1n n\u1eefa d\u00f2ng Rouge Pur Couture v\u00e0 \u0111\u01b0a n\u00f3 l\u00ean m\u1ed9t t\u1ea7m cao m\u1edbi, nh\u01b0ng v\u1eabn gi\u1eef tr\u1ecdn v\u1eb9n di s\u1ea3n, t\u00ednh th\u1ea9m m\u1ef9 c\u1ee7a th\u01b0\u01a1ng hi\u1ec7u.<\/p>\n<figure id=\"attachment_2344\" aria-describedby=\"caption-attachment-2344\" style=\"width: 800px\" class=\"wp-caption aligncenter\"><img decoding=\"async\" loading=\"lazy\" class=\"wp-image-2344 size-full\" src=\"https:\/\/khomaudep.com\/alvalipstick\/wp-content\/uploads\/2022\/03\/ysl145.5.jpg\" alt=\"\" width=\"800\" height=\"801\" srcset=\"https:\/\/pluginviet.com\/mau1\/wp-content\/uploads\/2022\/03\/ysl145.5.jpg 800w, https:\/\/pluginviet.com\/mau1\/wp-content\/uploads\/2022\/03\/ysl145.5-400x400.jpg 400w, https:\/\/pluginviet.com\/mau1\/wp-content\/uploads\/2022\/03\/ysl145.5-280x280.jpg 280w, https:\/\/pluginviet.com\/mau1\/wp-content\/uploads\/2022\/03\/ysl145.5-768x769.jpg 768w, https:\/\/pluginviet.com\/mau1\/wp-content\/uploads\/2022\/03\/ysl145.5-600x601.jpg 600w, https:\/\/pluginviet.com\/mau1\/wp-content\/uploads\/2022\/03\/ysl145.5-100x100.jpg 100w\" sizes=\"(max-width: 800px) 100vw, 800px\" \/><figcaption id=\"caption-attachment-2344\" class=\"wp-caption-text\">Son YSL Lost In Marais tr\u00ean m\u00f4i \u201cch\u00ednh ch\u1ee7\u201d<\/figcaption><\/figure>\n<p>Khu ph\u1ed1 sang tr\u1ecdng, c\u1ed5 k\u00ednh Le Marais l\u00e0 \u0111i\u1ec3m \u0111\u1ebfn b\u1ea5t c\u1ee9 ai c\u0169ng mu\u1ed1n gh\u00e9 \u1edf kinh \u0111\u00f4 Paris hoa l\u1ec7. \u0110\u00e2y c\u0169ng ch\u00ednh l\u00e0 n\u01a1i m\u00e0 Zo\u00eb Kravitz \u0111\u00e3 k\u1ebft h\u00f4n. C\u1ea3m h\u1ee9ng m\u00e3nh li\u1ec7t \u1ea5y ph\u1ea7n n\u00e0o khi\u1ebfn cho m\u00e0u\u00a0<strong>YSL 145 Lost In Marais\u00a0<\/strong>tr\u1edf n\u00ean s\u1ed1ng \u0111\u1ed9ng h\u01a1n h\u1ebft th\u1ea3y.<\/p>\n<h3>Say \u0111\u1eafm son YSL Lost In Marais 145 \u0110\u1ece CAM CH\u00c1Y trendy<\/h3>\n<figure id=\"attachment_2345\" aria-describedby=\"caption-attachment-2345\" style=\"width: 800px\" class=\"wp-caption aligncenter\"><img decoding=\"async\" loading=\"lazy\" class=\"wp-image-2345 size-full\" src=\"https:\/\/khomaudep.com\/alvalipstick\/wp-content\/uploads\/2022\/03\/ysl145.6.jpg\" alt=\"\" width=\"800\" height=\"766\" srcset=\"https:\/\/pluginviet.com\/mau1\/wp-content\/uploads\/2022\/03\/ysl145.6.jpg 800w, https:\/\/pluginviet.com\/mau1\/wp-content\/uploads\/2022\/03\/ysl145.6-418x400.jpg 418w, https:\/\/pluginviet.com\/mau1\/wp-content\/uploads\/2022\/03\/ysl145.6-768x735.jpg 768w, https:\/\/pluginviet.com\/mau1\/wp-content\/uploads\/2022\/03\/ysl145.6-600x575.jpg 600w\" sizes=\"(max-width: 800px) 100vw, 800px\" \/><figcaption id=\"caption-attachment-2345\" class=\"wp-caption-text\">YSL 145 Lost In Marais ng\u1ea3 n\u00e2u<\/figcaption><\/figure>\n<p>YSL \u0111\u00e3 m\u00f4 t\u1ea3 v\u1ec1\u00a0<strong>son YSL m\u00e0u 145\u00a0<\/strong>l\u00e0 Chili Red. \u0110\u1ecf pha cam v\u00e0 n\u00e2u, nh\u00ecn t\u01b0\u01a1i s\u00e1ng m\u00e0 l\u1ea1i \u201c\u0111\u01b0\u1ee3c l\u00f2ng\u201d ph\u00e1i \u0111\u1eb9p h\u01a1n bao t\u00f4ng \u0111\u1ecf kh\u00e1c. Son ch\u1eb3ng nh\u1eefng c\u00f3 nhi\u1ec7m v\u1ee5 t\u00f4n vinh b\u1edd m\u00f4i c\u0103ng m\u1ecdng, g\u1ee3i c\u1ea3m m\u00e0 c\u00f2n n\u00e2ng tone da n\u1eefa. V\u1edbi\u00a0<strong>son YSL Lost In Marais\u00a0<\/strong>ch\u1eb3ng c\u1ea7n makeup ch\u00fat n\u00e0o v\u1eabn xinh.<\/p>\n<figure id=\"attachment_2346\" aria-describedby=\"caption-attachment-2346\" style=\"width: 800px\" class=\"wp-caption aligncenter\"><img decoding=\"async\" loading=\"lazy\" class=\"wp-image-2346 size-full\" src=\"https:\/\/khomaudep.com\/alvalipstick\/wp-content\/uploads\/2022\/03\/ysl145.7.jpg\" alt=\"\" width=\"800\" height=\"622\" srcset=\"https:\/\/pluginviet.com\/mau1\/wp-content\/uploads\/2022\/03\/ysl145.7.jpg 800w, https:\/\/pluginviet.com\/mau1\/wp-content\/uploads\/2022\/03\/ysl145.7-514x400.jpg 514w, https:\/\/pluginviet.com\/mau1\/wp-content\/uploads\/2022\/03\/ysl145.7-768x597.jpg 768w, https:\/\/pluginviet.com\/mau1\/wp-content\/uploads\/2022\/03\/ysl145.7-600x467.jpg 600w\" sizes=\"(max-width: 800px) 100vw, 800px\" \/><figcaption id=\"caption-attachment-2346\" class=\"wp-caption-text\">Swatch YSL Limited 145 Lost In Marais<\/figcaption><\/figure>\n<p>M\u00e0u \u0111\u1ecf cam ch\u00e1y n\u00e0y s\u1ebd khi\u1ebfn n\u00e0ng b\u1ecb l\u1ea1c l\u1ed1i trong m\u00ea cung c\u1ee7a s\u1ef1 quy\u1ebfn r\u0169. B\u1ea5t c\u1ee9 ai khi thoa son l\u00ean m\u00f4i c\u0169ng ch\u1eb3ng th\u1ec3 n\u00e0o c\u01b0\u1ee1ng l\u1ea1i \u0111\u01b0\u1ee3c.<\/p>\n<h3>K\u1ebft c\u1ea5u c\u1ee7a YSL 145 \u2013 v\u1eabn X\u1ecaN nh\u01b0 th\u01b0\u1eddng l\u1ec7<\/h3>\n<p>Phi\u00ean b\u1ea3n gi\u1edbi h\u1ea1n n\u00e0y mang k\u1ebft c\u1ea5u creamy satin, hay c\u00f2n \u0111\u01b0\u1ee3c g\u1ecdi v\u1edbi c\u00e1i t\u00ean th\u00e2n thu\u1ed9c h\u01a1n l\u00e0 son l\u00ec nhi\u1ec1u d\u01b0\u1ee1ng. \u0110i\u1ec3m n\u1ed5i b\u1eadt m\u00e0\u00a0<strong>YSL Rouge Pur Couture 145\u00a0<\/strong>mang \u0111\u1ebfn l\u00e0 cho m\u00f4i m\u1ecdng \u0111\u1eb9p, ch\u1ea5t son m\u1ec1m, d\u01b0\u1ee1ng m\u00f4i t\u1ed1t m\u00e0 v\u1eabn b\u1ec1n m\u00e0u. N\u1ebfu \u0111\u00e3 t\u1eebng s\u1edf h\u1eefu limited edition c\u1ee7a \u201c\u00f4ng l\u1edbn son m\u00f4i\u201d YSL, ch\u1eafc h\u1eb3n kh\u00f4ng bao gi\u1edd ph\u1ea3i b\u0103n kho\u0103n v\u1ec1 k\u1ebft c\u1ea5u.<\/p>\n<figure id=\"attachment_2348\" aria-describedby=\"caption-attachment-2348\" style=\"width: 800px\" class=\"wp-caption aligncenter\"><img decoding=\"async\" loading=\"lazy\" class=\"wp-image-2348 size-full\" src=\"https:\/\/khomaudep.com\/alvalipstick\/wp-content\/uploads\/2022\/03\/ysl145.8.jpg\" alt=\"\" width=\"800\" height=\"626\" srcset=\"https:\/\/pluginviet.com\/mau1\/wp-content\/uploads\/2022\/03\/ysl145.8.jpg 800w, https:\/\/pluginviet.com\/mau1\/wp-content\/uploads\/2022\/03\/ysl145.8-511x400.jpg 511w, https:\/\/pluginviet.com\/mau1\/wp-content\/uploads\/2022\/03\/ysl145.8-768x601.jpg 768w, https:\/\/pluginviet.com\/mau1\/wp-content\/uploads\/2022\/03\/ysl145.8-600x470.jpg 600w\" sizes=\"(max-width: 800px) 100vw, 800px\" \/><figcaption id=\"caption-attachment-2348\" class=\"wp-caption-text\">Swatch YSL 145<\/figcaption><\/figure>\n<p>Ch\u1ec9 m\u1ed9t l\u1ea7n thoa, ch\u1ea5t son nh\u01b0 tan ch\u1ea3y tr\u00ean m\u00f4i, che ph\u1ee7 ho\u00e0n h\u1ea3o. Son finish satin \u1ea9m nh\u1eb9, v\u1edbi s\u1eafc t\u1ed1 m\u00e0u cao. D\u00f9ng\u00a0<strong>son YSL 145\u00a0<\/strong>ai n\u1ea5y c\u0169ng s\u1ebd ph\u00e1t cu\u1ed3ng v\u00ec \u0111i\u1ec1u n\u00e0y cho m\u00e0 xem.<\/p>\n<figure id=\"attachment_2349\" aria-describedby=\"caption-attachment-2349\" style=\"width: 800px\" class=\"wp-caption aligncenter\"><img decoding=\"async\" loading=\"lazy\" class=\"wp-image-2349 size-full\" src=\"https:\/\/khomaudep.com\/alvalipstick\/wp-content\/uploads\/2022\/03\/ysl145.9.jpg\" alt=\"\" width=\"800\" height=\"326\" srcset=\"https:\/\/pluginviet.com\/mau1\/wp-content\/uploads\/2022\/03\/ysl145.9.jpg 800w, https:\/\/pluginviet.com\/mau1\/wp-content\/uploads\/2022\/03\/ysl145.9-768x313.jpg 768w, https:\/\/pluginviet.com\/mau1\/wp-content\/uploads\/2022\/03\/ysl145.9-600x245.jpg 600w\" sizes=\"(max-width: 800px) 100vw, 800px\" \/><figcaption id=\"caption-attachment-2349\" class=\"wp-caption-text\">YSL m\u00e0u 145 Lost In Marais finish d\u1ea1ng satin<\/figcaption><\/figure>\n<h3>L\u1ea5p l\u00e1nh, sang tr\u1ecdng v\u00e0 \u0111\u1eb3ng c\u1ea5p \u2013 v\u1ecf ngo\u00e0i m\u00ea ly c\u1ee7a son YSL Lost In Marais<\/h3>\n<figure id=\"attachment_2350\" aria-describedby=\"caption-attachment-2350\" style=\"width: 800px\" class=\"wp-caption aligncenter\"><img decoding=\"async\" loading=\"lazy\" class=\"wp-image-2350 size-full\" src=\"https:\/\/khomaudep.com\/alvalipstick\/wp-content\/uploads\/2022\/03\/ysl145.10.jpg\" alt=\"\" width=\"800\" height=\"650\" srcset=\"https:\/\/pluginviet.com\/mau1\/wp-content\/uploads\/2022\/03\/ysl145.10.jpg 800w, https:\/\/pluginviet.com\/mau1\/wp-content\/uploads\/2022\/03\/ysl145.10-492x400.jpg 492w, https:\/\/pluginviet.com\/mau1\/wp-content\/uploads\/2022\/03\/ysl145.10-768x624.jpg 768w, https:\/\/pluginviet.com\/mau1\/wp-content\/uploads\/2022\/03\/ysl145.10-600x488.jpg 600w\" sizes=\"(max-width: 800px) 100vw, 800px\" \/><figcaption id=\"caption-attachment-2350\" class=\"wp-caption-text\">Ngo\u1ea1i h\u00ecnh YSL 145 Lost In Marais<\/figcaption><\/figure>\n<p>D\u00e1ng h\u00ecnh kinh \u0111i\u1ec3n c\u1ee7a d\u00f2ng Rouge Pur Couture v\u1eabn \u0111\u01b0\u1ee3c gi\u1eef nguy\u00ean. \u0110i\u1ec3m nh\u1ea5n l\u00e0 l\u1edbp \u00e1o b\u1ea1c \u00f3ng \u00e1nh b\u00ean ngo\u00e0i.\u00a0<strong>YSL 145 Lost In Marais\u00a0<\/strong>ph\u1ee7 nh\u0169 \u1edf ph\u1ea7n th\u00e2n d\u01b0\u1edbi, \u1edf logo YSL n\u00ean c\u1ef1c k\u1ef3 b\u1eaft m\u1eaft.<\/p>\n<h2>L\u1eddi nh\u1eafn g\u1eedi th\u00f4ng qua nh\u1eefng s\u1eafc \u0111\u1ecf \u0111\u1ec9nh cao \u2013 YSL Limited Edition 145 Lost In Marais<\/h2>\n<figure id=\"attachment_2351\" aria-describedby=\"caption-attachment-2351\" style=\"width: 800px\" class=\"wp-caption aligncenter\"><img decoding=\"async\" loading=\"lazy\" class=\"wp-image-2351 size-full\" src=\"https:\/\/khomaudep.com\/alvalipstick\/wp-content\/uploads\/2022\/03\/ysl145.11.jpg\" alt=\"\" width=\"800\" height=\"648\" srcset=\"https:\/\/pluginviet.com\/mau1\/wp-content\/uploads\/2022\/03\/ysl145.11.jpg 800w, https:\/\/pluginviet.com\/mau1\/wp-content\/uploads\/2022\/03\/ysl145.11-494x400.jpg 494w, https:\/\/pluginviet.com\/mau1\/wp-content\/uploads\/2022\/03\/ysl145.11-768x622.jpg 768w, https:\/\/pluginviet.com\/mau1\/wp-content\/uploads\/2022\/03\/ysl145.11-600x486.jpg 600w\" sizes=\"(max-width: 800px) 100vw, 800px\" \/><figcaption id=\"caption-attachment-2351\" class=\"wp-caption-text\">C\u1eadn c\u1ea3nh \u0111\u1ea7u th\u1ecfi YSL m\u00e0u 145 Lost In Marais<\/figcaption><\/figure>\n<p><em>Nh\u1eefng c\u00f4 g\u00e1i tr\u1ebb, \u0111\u1eebng ng\u1ea1i tr\u1ea3i nghi\u1ec7m v\u00e0 t\u1ea1o n\u00ean nh\u1eefng c\u00e2u chuy\u1ec7n c\u1ee7a ri\u00eang b\u1ea1n. H\u00e3y cho ph\u00e9p b\u1ea3n th\u00e2n s\u1ed1ng t\u00e1o b\u1ea1o, \u0111\u00f3n nh\u1eadn nh\u1eefng th\u00e1ch th\u1ee9c. D\u00f9 b\u1ea1n \u1edf \u0111\u1ed9 tu\u1ed5i n\u00e0o, d\u00f9 \u0111\u1ebfn t\u1eeb \u0111\u00e2u tr\u00ean th\u1ebf gi\u1edbi, h\u00e3y lu\u00f4n t\u1ef1 h\u00e0o v\u00e0 tr\u00e2n tr\u1ecdng nh\u1eefng g\u00ec m\u00ecnh \u0111\u00e3 \u0111\u1ea1t \u0111\u01b0\u1ee3c trong cu\u1ed9c \u0111\u1eddi.\u00a0<\/em>T\u00f4 \u0111i\u1ec3m ngay\u00a0<strong>son YSL Rouge Pur Couture 145 Lost In Marais\u00a0<\/strong>\u0111\u1ec3 th\u00eam \u0111\u1ed9ng l\u1ef1c \u0111\u1ec3 ch\u00e0o \u0111\u00f3n nh\u1eefng \u0111i\u1ec1u t\u1ed1t \u0111\u1eb9p h\u01a1n \u1edf tr\u01b0\u1edbc m\u1eaft nh\u00e9!<\/p>\n<h2 style=\"text-align: right\"><strong>khomaudep.com\/alvalipstick<\/strong><\/h2>\n\n\n<div class=\"kk-star-ratings kksr-auto kksr-align-right kksr-valign-bottom kksr-disabled\"\n    data-payload='{&quot;align&quot;:&quot;right&quot;,&quot;id&quot;:&quot;2339&quot;,&quot;readonly&quot;:&quot;1&quot;,&quot;slug&quot;:&quot;default&quot;,&quot;valign&quot;:&quot;bottom&quot;,&quot;ignore&quot;:&quot;&quot;,&quot;reference&quot;:&quot;auto&quot;,&quot;class&quot;:&quot;&quot;,&quot;count&quot;:&quot;0&quot;,&quot;legendonly&quot;:&quot;&quot;,&quot;score&quot;:&quot;0&quot;,&quot;starsonly&quot;:&quot;&quot;,&quot;best&quot;:&quot;5&quot;,&quot;gap&quot;:&quot;5&quot;,&quot;greet&quot;:&quot;Rate this product&quot;,&quot;legend&quot;:&quot;0\\\/5 - (0 b\\u00ecnh ch\\u1ecdn)&quot;,&quot;size&quot;:&quot;24&quot;,&quot;title&quot;:&quot;Son YSL 145 Lost In Marais M\\u00e0u \\u0110\\u1ecf Cam Ch\\u00e1y \\u2013 Limited Edition&quot;,&quot;width&quot;:&quot;0&quot;,&quot;_legend&quot;:&quot;{score}\\\/{best} - ({count} {votes})&quot;,&quot;font_factor&quot;:&quot;1.25&quot;}'>\n            \n<div class=\"kksr-stars\">\n    \n<div class=\"kksr-stars-inactive\">\n            <div class=\"kksr-star\" data-star=\"1\" style=\"padding-right: 5px\">\n            \n\n<div class=\"kksr-icon\" style=\"width: 24px; height: 24px;\"><\/div>\n        <\/div>\n            <div class=\"kksr-star\" data-star=\"2\" style=\"padding-right: 5px\">\n            \n\n<div class=\"kksr-icon\" style=\"width: 24px; height: 24px;\"><\/div>\n        <\/div>\n            <div class=\"kksr-star\" data-star=\"3\" style=\"padding-right: 5px\">\n            \n\n<div class=\"kksr-icon\" style=\"width: 24px; height: 24px;\"><\/div>\n        <\/div>\n            <div class=\"kksr-star\" data-star=\"4\" style=\"padding-right: 5px\">\n            \n\n<div class=\"kksr-icon\" style=\"width: 24px; height: 24px;\"><\/div>\n        <\/div>\n            <div class=\"kksr-star\" data-star=\"5\" style=\"padding-right: 5px\">\n            \n\n<div class=\"kksr-icon\" style=\"width: 24px; height: 24px;\"><\/div>\n        <\/div>\n    <\/div>\n    \n<div class=\"kksr-stars-active\" style=\"width: 0px;\">\n            <div class=\"kksr-star\" style=\"padding-right: 5px\">\n            \n\n<div class=\"kksr-icon\" style=\"width: 24px; height: 24px;\"><\/div>\n        <\/div>\n            <div class=\"kksr-star\" style=\"padding-right: 5px\">\n            \n\n<div class=\"kksr-icon\" style=\"width: 24px; height: 24px;\"><\/div>\n        <\/div>\n            <div class=\"kksr-star\" style=\"padding-right: 5px\">\n            \n\n<div class=\"kksr-icon\" style=\"width: 24px; height: 24px;\"><\/div>\n        <\/div>\n            <div class=\"kksr-star\" style=\"padding-right: 5px\">\n            \n\n<div class=\"kksr-icon\" style=\"width: 24px; height: 24px;\"><\/div>\n        <\/div>\n            <div class=\"kksr-star\" style=\"padding-right: 5px\">\n            \n\n<div class=\"kksr-icon\" style=\"width: 24px; height: 24px;\"><\/div>\n        <\/div>\n    <\/div>\n<\/div>\n                \n\n<div class=\"kksr-legend\" style=\"font-size: 19.2px;\">\n            <span class=\"kksr-muted\">Rate this product<\/span>\n    <\/div>\n    <\/div>\n","protected":false},"excerpt":{"rendered":"<p>L\u1ea5y c\u1ea3m h\u1ee9ng t\u1eeb kinh \u0111\u00f4 th\u1eddi trang Paris, YSL x Zo\u00eb Kravitz \u0111\u00e3 t\u1ea1o n\u00ean\u00a0<strong>son YSL 145 Lost In Marais\u00a0<\/strong>\u0111\u1ecf cam ch\u00e1y \u0111\u1eb9p \u201ckh\u00f4ng g\u00f3c ch\u1ebft\u201d. M\u1ed9t s\u1eafc \u0111\u1ecf trendy \u0111\u01b0\u1ee3c l\u00f2ng ph\u00e1i \u0111\u1eb9p, kho\u00e1c l\u00ean m\u00ecnh l\u1edbp v\u1ecf b\u1ea1c l\u1ea5p l\u00e1nh, sang tr\u1ecdng, khi\u1ebfn ph\u00e1i \u0111\u1eb9p \u0111\u01b0\u1ee3c phen b\u1ea5n lo\u1ea1n di\u1ec7n r\u1ed9ng.<\/p>\n<ul>\n<li>Th\u01b0\u01a1ng hi\u1ec7u:\u00a0<strong>Yves Saint Laurent<\/strong><\/li>\n<li>Xu\u1ea5t x\u1ee9:\u00a0<strong>Ph\u00e1p<\/strong><\/li>\n<li>D\u00f2ng:\u00a0<strong>YSL x Zo\u00eb Kravitz<\/strong><\/li>\n<li>Phi\u00ean b\u1ea3n:\u00a0<strong>Limited Edition<\/strong><\/li>\n<\/ul>\n","protected":false},"featured_media":2347,"comment_status":"open","ping_status":"closed","template":"","meta":[],"pwb-brand":[221],"product_cat":[15,171],"product_tag":[229,233,230,231,232,234,235],"brands":[{"id":221,"name":"YSL","slug":"ysl"}],"_links":{"self":[{"href":"https:\/\/pluginviet.com\/mau1\/wp-json\/wp\/v2\/product\/2339"}],"collection":[{"href":"https:\/\/pluginviet.com\/mau1\/wp-json\/wp\/v2\/product"}],"about":[{"href":"https:\/\/pluginviet.com\/mau1\/wp-json\/wp\/v2\/types\/product"}],"replies":[{"embeddable":true,"href":"https:\/\/pluginviet.com\/mau1\/wp-json\/wp\/v2\/comments?post=2339"}],"wp:featuredmedia":[{"embeddable":true,"href":"https:\/\/pluginviet.com\/mau1\/wp-json\/wp\/v2\/media\/2347"}],"wp:attachment":[{"href":"https:\/\/pluginviet.com\/mau1\/wp-json\/wp\/v2\/media?parent=2339"}],"wp:term":[{"taxonomy":"pwb-brand","embeddable":true,"href":"https:\/\/pluginviet.com\/mau1\/wp-json\/wp\/v2\/pwb-brand?post=2339"},{"taxonomy":"product_cat","embeddable":true,"href":"https:\/\/pluginviet.com\/mau1\/wp-json\/wp\/v2\/product_cat?post=2339"},{"taxonomy":"product_tag","embeddable":true,"href":"https:\/\/pluginviet.com\/mau1\/wp-json\/wp\/v2\/product_tag?post=2339"}],"curies":[{"name":"wp","href":"https:\/\/api.w.org\/{rel}","templated":true}]}}