{"id":2267,"date":"2022-03-06T16:08:54","date_gmt":"2022-03-06T16:08:54","guid":{"rendered":"https:\/\/khomaudep.com\/alvalipstick\/?post_type=product&#038;p=2267"},"modified":"2022-03-25T07:34:18","modified_gmt":"2022-03-25T07:34:18","slug":"son-tom-ford-impassioned-80-mau-do-nau","status":"publish","type":"product","link":"https:\/\/pluginviet.com\/mau1\/san-pham\/son-tom-ford-impassioned-80-mau-do-nau\/","title":{"rendered":"Son Tom Ford Impassioned 80 M\u00e0u \u0110\u1ecf N\u00e2u"},"content":{"rendered":"<h2>Son Tom Ford 80 \u2013 Son Tom Ford Impassioned M\u00e0u \u0110\u1ecf N\u00e2u<\/h2>\n<h3>Son Tom Ford Impassioned<\/h3>\n<p>\u0110\u01b0\u1ee3c g\u1ecdi l\u00e0 huy\u1ec1n tho\u1ea1i son m\u00f4i, \u0111\u01b0\u1ee3c coi l\u00e0 \u201cb\u00e1u v\u1eadt\u201d m\u00e0 m\u1ecdi c\u00f4 n\u00e0ng \u0111\u1ec1u s\u0103n \u0111\u00f3n, ch\u00ednh l\u00e0 son Tom Ford Impassioned. Son ch\u01b0a khi n\u00e0o v\u1eafng m\u1eb7t trong top list nh\u1eefng th\u1ecfi son l\u00ec \u0111\u1eb9p, sang ch\u1ea3nh v\u00e0 \u0111\u1eaft \u0111\u1ecf b\u1eadc nh\u1ea5t tr\u00ean th\u1ebf gi\u1edbi. Kh\u00f4ng ch\u1ec9 nh\u1eadn \u0111\u01b0\u1ee3c \u0111\u00e1nh gi\u00e1 cao c\u1ee7a h\u00e0ng lo\u1ea1t t\u1ea1p ch\u00ed danh ti\u1ebfng, chuy\u00ean gia m\u00e0 th\u1ecfi son T\u1ecdm Ford Impassioned n\u00e0y c\u00f2n \u0111\u01b0\u1ee3c c\u00f4ng nh\u1eadn b\u1edfi h\u1ebft th\u1ea3y ph\u00e1i \u0111\u1eb9p. Ngo\u1ea1i h\u00ecnh sang tr\u1ecdng, \u0111\u1eb3ng c\u1ea5p, tinh t\u1ebf,\u00a0<b>son Tom Ford 80<\/b>\u00a0\u00a0c\u00f2n n\u1ed5i b\u1eadt l\u00e0 l\u00ean m\u00e0u chu\u1ea9n, l\u01b0u m\u00e0u d\u00e0i l\u00e2u m\u00e0 v\u1eabn d\u01b0\u1ee1ng m\u00f4i c\u1ef1c k\u1ef3 xu\u1ea5t s\u1eafc. H\u1ecfi r\u1eb1ng \u0111\u00e2u l\u00e0 th\u1ecfi son \u0111\u1ed1n g\u1ee5c \u0111\u01b0\u1ee3c m\u1ecdi ph\u00e1i \u0111\u1eb9p, ch\u00ednh l\u00e0 son Tom Ford 80 Impassioned n\u00e0y.<\/p>\n<figure id=\"attachment_2279\" aria-describedby=\"caption-attachment-2279\" style=\"width: 870px\" class=\"wp-caption aligncenter\"><img decoding=\"async\" loading=\"lazy\" class=\"wp-image-2279 size-full\" src=\"https:\/\/khomaudep.com\/alvalipstick\/wp-content\/uploads\/2022\/03\/tf80.jpg\" alt=\"\" width=\"870\" height=\"800\" srcset=\"https:\/\/pluginviet.com\/mau1\/wp-content\/uploads\/2022\/03\/tf80.jpg 870w, https:\/\/pluginviet.com\/mau1\/wp-content\/uploads\/2022\/03\/tf80-435x400.jpg 435w, https:\/\/pluginviet.com\/mau1\/wp-content\/uploads\/2022\/03\/tf80-768x706.jpg 768w, https:\/\/pluginviet.com\/mau1\/wp-content\/uploads\/2022\/03\/tf80-600x552.jpg 600w\" sizes=\"(max-width: 870px) 100vw, 870px\" \/><figcaption id=\"caption-attachment-2279\" class=\"wp-caption-text\">Son Tom Ford Impassioned \u0111\u00e1ng ng\u1ee3i khen v\u00ec nhi\u1ec1u \u01b0u \u0111i\u1ec3m<\/figcaption><\/figure>\n<h3>L\u1eddi ng\u1ecf v\u1ec1 d\u00f2ng son Tom Ford Lip Color c\u0169ng nh\u01b0 son Tom Ford 80 Impassioned<\/h3>\n<p>Tom Ford \u2013 \u201c\u00f4ng l\u1edbn\u201d trong l\u00e0ng th\u1eddi trang th\u1ebf gi\u1edbi \u0111\u01b0\u1ee3c s\u00e1ng l\u1eadp b\u1edfi ch\u00ednh Thomas Carlyle Tom Ford. \u0110\u01b0\u1ee3c bi\u1ebft \u0111\u1ebfn l\u00e0 nh\u00e0 thi\u1ebft k\u1ebf l\u1eebng l\u1eaby nh\u00e0 Gucci, Tom Ford sau n\u00e0y g\u00e2y d\u1ef1ng n\u00ean \u0111\u1ebf ch\u1ebf cho ri\u00eang m\u00ecnh. Nh\u1eefng s\u1ea3n ph\u1ea9m mang c\u1ed9p m\u00e1c Tom Ford h\u1ee3p xu h\u01b0\u1edbng, th\u1eddi th\u01b0\u1ee3ng v\u00e0 c\u0169ng t\u1ea1o n\u00ean nh\u1eefng ti\u00eau chu\u1ea9n \u0111\u1ec9nh cao trong th\u1eddi trang. D\u00f9 ra \u0111\u1eddi sau nh\u01b0ng \u0111\u1ed9 hot c\u1ee7a Tom Ford ch\u1eb3ng h\u1ec1 k\u00e9m c\u1ea1nh Chanel, YSL, Gucci, Dior\u2026 M\u1ed9t trong nh\u1eefng \u0111\u1ed9t ph\u00e1 c\u1ee7a th\u01b0\u01a1ng hi\u1ec7u Tom Ford ch\u00ednh l\u00e0\u00a0<b>son m\u00f4i Tom Ford<\/b>.<\/p>\n<figure id=\"attachment_2275\" aria-describedby=\"caption-attachment-2275\" style=\"width: 800px\" class=\"wp-caption aligncenter\"><img decoding=\"async\" loading=\"lazy\" class=\"wp-image-2275 size-full\" src=\"https:\/\/khomaudep.com\/alvalipstick\/wp-content\/uploads\/2022\/03\/tf803.jpg\" alt=\"\" width=\"800\" height=\"800\" srcset=\"https:\/\/pluginviet.com\/mau1\/wp-content\/uploads\/2022\/03\/tf803.jpg 800w, https:\/\/pluginviet.com\/mau1\/wp-content\/uploads\/2022\/03\/tf803-400x400.jpg 400w, https:\/\/pluginviet.com\/mau1\/wp-content\/uploads\/2022\/03\/tf803-280x280.jpg 280w, https:\/\/pluginviet.com\/mau1\/wp-content\/uploads\/2022\/03\/tf803-768x768.jpg 768w, https:\/\/pluginviet.com\/mau1\/wp-content\/uploads\/2022\/03\/tf803-600x600.jpg 600w, https:\/\/pluginviet.com\/mau1\/wp-content\/uploads\/2022\/03\/tf803-100x100.jpg 100w\" sizes=\"(max-width: 800px) 100vw, 800px\" \/><figcaption id=\"caption-attachment-2275\" class=\"wp-caption-text\">Tom Ford 80 Impassioned m\u1ecdng c\u0103ng quy\u1ebfn r\u0169<\/figcaption><\/figure>\n<p>Son Tom Ford thu\u1ed9c ph\u00e2n kh\u00fac cao c\u1ea5p, c\u00f3 th\u1ec3 xa x\u1ec9 nh\u01b0ng v\u00f4 c\u00f9ng \u0111\u00e1ng \u0111\u1ec3 s\u1edf h\u1eefu. B\u1ea3ng m\u00e0u son Tom Ford h\u1ed9i t\u1ee5 to\u00e0n nh\u1eefng \u201ck\u00ec quan\u201d \u0111\u1eaft gi\u00e1 trong gi\u1edbi son m\u00f4i. M\u1ed9t trong nh\u1eefng d\u00f2ng \u0103n kh\u00e1ch nh\u1ea5t ch\u00ednh l\u00e0 d\u00f2ng l\u00ec c\u00f3 d\u01b0\u1ee1ng Lip Color. V\u1edbi nh\u1eefng c\u1ea3i ti\u1ebfn n\u1ed5i tr\u1ed9i, son l\u01b0\u1edbt tr\u00ean m\u00f4i ch\u1eb3ng kh\u00e1c n\u00e0o tr\u1ea3i th\u1ea3m l\u1ee5a m\u1ecbn m\u00e0ng. V\u00e0 hot nh\u1ea5t d\u00f2ng n\u00e0y, l\u00e0\u00a0<b>son Tom Ford 80 Impassioned.<\/b><\/p>\n<h2>Ti\u1ebft l\u1ed9 s\u1ef1 quy\u1ebfn r\u0169 \u0111\u1ebfn t\u1eeb huy\u1ec1n tho\u1ea1i \u0111\u1ecf n\u00e2u \u2013 son Tom Ford 80 Impassioned<\/h2>\n<h3>\u0110\u1ece N\u00c2U \u2013 M\u00e0u son Tom Ford 80 Impassioned chi\u1ebfm tr\u1ecdn s\u1ef1 ch\u00fa \u00fd<\/h3>\n<figure id=\"attachment_2277\" aria-describedby=\"caption-attachment-2277\" style=\"width: 800px\" class=\"wp-caption aligncenter\"><img decoding=\"async\" loading=\"lazy\" class=\"wp-image-2277 size-full\" src=\"https:\/\/khomaudep.com\/alvalipstick\/wp-content\/uploads\/2022\/03\/tf805.jpg\" alt=\"\" width=\"800\" height=\"764\" srcset=\"https:\/\/pluginviet.com\/mau1\/wp-content\/uploads\/2022\/03\/tf805.jpg 800w, https:\/\/pluginviet.com\/mau1\/wp-content\/uploads\/2022\/03\/tf805-419x400.jpg 419w, https:\/\/pluginviet.com\/mau1\/wp-content\/uploads\/2022\/03\/tf805-768x733.jpg 768w, https:\/\/pluginviet.com\/mau1\/wp-content\/uploads\/2022\/03\/tf805-600x573.jpg 600w\" sizes=\"(max-width: 800px) 100vw, 800px\" \/><figcaption id=\"caption-attachment-2277\" class=\"wp-caption-text\">Son TF 80 d\u1ec5 khi\u1ebfn ph\u00e1i \u0111\u1eb9p \u201c\u0111\u1ed9ng l\u00f2ng\u201d<\/figcaption><\/figure>\n<p>\u0110\u00e2u c\u00f3 ai c\u01b0\u1ee1ng l\u1ea1i \u0111\u01b0\u1ee3c s\u1ee9c h\u00fat t\u1eeb\u00a0<b>son TF 80\u00a0<\/b>c\u01a1 ch\u1ee9? \u1ede ngay d\u00f2ng Lip Color c\u0169ng c\u00f3 son \u0111\u1ecf n\u00e2u\/\u0111\u1ecf \u0111\u1ea5t, qu\u1ea3 l\u00e0 \u1ea5n t\u01b0\u1ee3ng. S\u1ef1 xu\u1ea5t hi\u1ec7n c\u1ee7a th\u1ecfi son \u0111\u00ecnh \u0111\u00e1m n\u00e0y \u0111\u00e1nh b\u1eadt bao c\u00e1i t\u00ean kh\u00e1c. \u0110\u1ecf \u0111\u1eadm m\u00e0 s\u00e0nh \u0111i\u1ec7u, v\u00e0i \u0111\u01b0\u1eddng son l\u00e0 m\u00f4i ph\u00f4 di\u1ec5n \u0111\u01b0\u1ee3c tr\u1ecdn v\u1eb9n s\u1ef1 quy\u1ebfn r\u0169, cu\u1ed1n h\u00fat ngay r\u1ed3i. V\u1edbi m\u00e0u n\u00e0y, mu\u1ed1n c\u1ef1c ph\u1ea9m h\u01a1n n\u1eefa th\u00ec n\u00ean makeup s\u1eafc n\u00e9t. C\u00f2n v\u1edbi nh\u1eefng c\u00f4 n\u00e0ng basic, \u0111\u01a1n gi\u1ea3n l\u00e0 thoa\u00a0<b>son Tom Ford m\u00e0u \u0111\u1ecf n\u00e2u\u00a0<\/b>l\u00e0 \u0111\u00e3 \u0111\u1ee7 b\u00f9ng n\u1ed5 r\u1ed3i!<\/p>\n<figure id=\"attachment_2280\" aria-describedby=\"caption-attachment-2280\" style=\"width: 800px\" class=\"wp-caption aligncenter\"><img decoding=\"async\" loading=\"lazy\" class=\"wp-image-2280 size-full\" src=\"https:\/\/khomaudep.com\/alvalipstick\/wp-content\/uploads\/2022\/03\/tf80.6.jpg\" alt=\"\" width=\"800\" height=\"700\" srcset=\"https:\/\/pluginviet.com\/mau1\/wp-content\/uploads\/2022\/03\/tf80.6.jpg 800w, https:\/\/pluginviet.com\/mau1\/wp-content\/uploads\/2022\/03\/tf80.6-457x400.jpg 457w, https:\/\/pluginviet.com\/mau1\/wp-content\/uploads\/2022\/03\/tf80.6-768x672.jpg 768w, https:\/\/pluginviet.com\/mau1\/wp-content\/uploads\/2022\/03\/tf80.6-600x525.jpg 600w\" sizes=\"(max-width: 800px) 100vw, 800px\" \/><figcaption id=\"caption-attachment-2280\" class=\"wp-caption-text\">Tom Ford 80 Impassioned \u0111\u1ecf n\u00e2u<\/figcaption><\/figure>\n<h3>K\u1ebft c\u1ea5u c\u1ee7a son Tom Ford 80 l\u00ec m\u1ecbn l\u1ecbm tim, khi\u1ebfn m\u00f4i m\u1ec1m m\u1ecdng sang ch\u1ea3nh<\/h3>\n<p>D\u00f2ng Lip Color l\u00ec c\u00f3 d\u01b0\u1ee1ng \u0111\u1ec9nh cao. Trong ph\u00e2n kh\u00fac cao c\u1ea5p, n\u00e0ng h\u1eb3n m\u01a1 v\u1ec1 m\u1ed9t th\u1ecfi son k\u1ebft c\u1ea5u th\u1ea7n th\u00e1nh tr\u1ecdn v\u1eb9n nh\u01b0 n\u00e0y. Son l\u00ean m\u00f4i chu\u1ea9n m\u00e0u m\u00e0 v\u1eabn m\u1ec1m m\u1ea1i. M\u1ed9t \u0111\u01b0\u1eddng thoa son l\u00e0 \u0111\u00e3 t\u1ea1o n\u00ean s\u1ef1 kh\u00e1c bi\u1ec7t cho b\u1edd m\u00f4i. Che ph\u1ee7 t\u1ed1t c\u0169ng l\u00e0 \u0111i\u1ec3m c\u1ed9ng c\u1ee7a\u00a0<b>son Tom Ford Impassioned<\/b>\u00a0n\u00e0y. B\u1ea3o sao m\u00e0 son nh\u1eadn \u0111\u01b0\u1ee3c c\u01a1n m\u01b0a l\u1eddi khen tr\u00ean kh\u1eafp m\u1ecdi di\u1ec5n \u0111\u00e0n l\u00e0m \u0111\u1eb9p<\/p>\n<figure id=\"attachment_2274\" aria-describedby=\"caption-attachment-2274\" style=\"width: 800px\" class=\"wp-caption aligncenter\"><img decoding=\"async\" loading=\"lazy\" class=\"wp-image-2274 size-full\" src=\"https:\/\/khomaudep.com\/alvalipstick\/wp-content\/uploads\/2022\/03\/tf802.jpg\" alt=\"\" width=\"800\" height=\"791\" srcset=\"https:\/\/pluginviet.com\/mau1\/wp-content\/uploads\/2022\/03\/tf802.jpg 800w, https:\/\/pluginviet.com\/mau1\/wp-content\/uploads\/2022\/03\/tf802-405x400.jpg 405w, https:\/\/pluginviet.com\/mau1\/wp-content\/uploads\/2022\/03\/tf802-768x759.jpg 768w, https:\/\/pluginviet.com\/mau1\/wp-content\/uploads\/2022\/03\/tf802-600x593.jpg 600w, https:\/\/pluginviet.com\/mau1\/wp-content\/uploads\/2022\/03\/tf802-100x100.jpg 100w\" sizes=\"(max-width: 800px) 100vw, 800px\" \/><figcaption id=\"caption-attachment-2274\" class=\"wp-caption-text\">Swatch Tom Ford 80 Impassioned<\/figcaption><\/figure>\n<h3>\u0110\u1ed9 b\u1ec1n m\u00e0u c\u1ee7a son Tom Ford 80 Impassioned tr\u00ean c\u1ea3 b\u1ea5t ng\u1edd<\/h3>\n<p>C\u00f4 n\u00e0ng n\u00e0o h\u1eb3n c\u0169ng mu\u1ed1n d\u00f9ng son m\u00e0 l\u1ea1i nh\u01b0 phun m\u00f4i. D\u00f9 \u0103n u\u1ed1ng tho\u1ea3 phanh th\u00ec l\u1edbp m\u00e0u son tr\u00ean m\u00f4i v\u1eabn ch\u1eb3ng b\u1ecb xi nh\u00ea g\u00ec, v\u1eabn b\u1ec1n \u0111\u1eb9p v\u1eb9n nguy\u00ean. V\u00e0\u00a0<b>son Tom Ford 80 Impassioned\u00a0<\/b>xu\u1ea5t hi\u1ec7n \u0111\u1ec3 \u0111\u00e1p tr\u1ecdn nguy\u1ec7n v\u1ecdng \u1ea5y c\u1ee7a ph\u00e1i \u0111\u1eb9p.\u00a0<b>Son Tom Ford<\/b>\u00a0kh\u00f4ng loang m\u00e0u theo th\u1eddi gian, gi\u1eef m\u00e0u \u0111\u1eb9p \u0111\u1ebfn kho\u1ea3ng 8 ti\u1ebfng li\u1ec1n.<\/p>\n<figure id=\"attachment_2276\" aria-describedby=\"caption-attachment-2276\" style=\"width: 800px\" class=\"wp-caption aligncenter\"><img decoding=\"async\" loading=\"lazy\" class=\"wp-image-2276 size-full\" src=\"https:\/\/khomaudep.com\/alvalipstick\/wp-content\/uploads\/2022\/03\/tf804.jpg\" alt=\"\" width=\"800\" height=\"799\" srcset=\"https:\/\/pluginviet.com\/mau1\/wp-content\/uploads\/2022\/03\/tf804.jpg 800w, https:\/\/pluginviet.com\/mau1\/wp-content\/uploads\/2022\/03\/tf804-401x400.jpg 401w, https:\/\/pluginviet.com\/mau1\/wp-content\/uploads\/2022\/03\/tf804-280x280.jpg 280w, https:\/\/pluginviet.com\/mau1\/wp-content\/uploads\/2022\/03\/tf804-768x767.jpg 768w, https:\/\/pluginviet.com\/mau1\/wp-content\/uploads\/2022\/03\/tf804-600x599.jpg 600w, https:\/\/pluginviet.com\/mau1\/wp-content\/uploads\/2022\/03\/tf804-100x100.jpg 100w\" sizes=\"(max-width: 800px) 100vw, 800px\" \/><figcaption id=\"caption-attachment-2276\" class=\"wp-caption-text\">Son Tom Ford Impassioned<\/figcaption><\/figure>\n<p>Nhi\u1ec1u h\u00e3ng t\u0103ng l\u01b0\u1ee3ng ch\u00ec trong son nh\u1eb1m n\u00e2ng cao hi\u1ec7u \u1ee9ng m\u00e0u, \u0111\u1ec3 son b\u1ec1n m\u00e0u th\u00ec ri\u00eang Tom Ford l\u1ea1i n\u00f3i KH\u00d4NG v\u1edbi \u0111i\u1ec1u n\u00e0y.\u00a0<b>Son TF 80\u00a0<\/b>l\u00e0nh t\u00ednh, kh\u00f4ng ch\u1ee9a th\u00e0nh ph\u1ea7n kim lo\u1ea1i \u0111\u1ed9c h\u1ea1i, vu\u1ed1t ve m\u00f4i m\u1ec1m xinh x\u1eafn cho n\u00e0ng.<\/p>\n<h3>Li\u1ec7u son Tom Ford 80 Impassioned l\u00ec th\u00ec c\u00f3 s\u1ee3 kh\u00f4 m\u00f4i kh\u00f4ng, th\u1ea7n ph\u1ea7n d\u01b0\u1ee1ng nh\u01b0 n\u00e0o?<\/h3>\n<p>M\u1ed9t \u0111i\u1ec1u \u0111\u00e1ng t\u1ef1 h\u00e0o ti\u1ebfp theo c\u1ee7a c\u00e2y son huy\u1ec1n tho\u1ea1i nh\u00e0 Tom Ford l\u00e0 th\u00e0nh ph\u1ea7n d\u01b0\u1ee1ng ng\u1eadp tr\u00e0n. Ai l\u00e0 fan c\u1ee7a Tom Ford h\u1eb3n \u0111\u1ec1u nh\u1edb h\u00e3ng t\u00edch h\u1ee3p h\u1ea1t soja, b\u01a1 murumuru hay oil c\u1ee7a c\u00fac la m\u00e3. Ch\u1eb3ng l\u1ea1 m\u00e0 thoa\u00a0<b>son Tom Ford 80\u00a0<\/b>l\u00ean m\u00e0u m\u01b0\u1edbt v\u00e0 t\u1ec7p ho\u00e0n h\u1ea3o \u0111\u1ebfn th\u1ebf.<\/p>\n<figure id=\"attachment_2281\" aria-describedby=\"caption-attachment-2281\" style=\"width: 800px\" class=\"wp-caption aligncenter\"><img decoding=\"async\" loading=\"lazy\" class=\"wp-image-2281 size-full\" src=\"https:\/\/khomaudep.com\/alvalipstick\/wp-content\/uploads\/2022\/03\/tf80.7.jpg\" alt=\"\" width=\"800\" height=\"800\" srcset=\"https:\/\/pluginviet.com\/mau1\/wp-content\/uploads\/2022\/03\/tf80.7.jpg 800w, https:\/\/pluginviet.com\/mau1\/wp-content\/uploads\/2022\/03\/tf80.7-400x400.jpg 400w, https:\/\/pluginviet.com\/mau1\/wp-content\/uploads\/2022\/03\/tf80.7-280x280.jpg 280w, https:\/\/pluginviet.com\/mau1\/wp-content\/uploads\/2022\/03\/tf80.7-768x768.jpg 768w, https:\/\/pluginviet.com\/mau1\/wp-content\/uploads\/2022\/03\/tf80.7-600x600.jpg 600w, https:\/\/pluginviet.com\/mau1\/wp-content\/uploads\/2022\/03\/tf80.7-100x100.jpg 100w\" sizes=\"(max-width: 800px) 100vw, 800px\" \/><figcaption id=\"caption-attachment-2281\" class=\"wp-caption-text\">K\u1ebft c\u1ea5u c\u1ee7a son Tom Ford Impassioned<\/figcaption><\/figure>\n<p>D\u00f9 r\u1eb1ng l\u01b0u m\u00e0u d\u00e0i l\u00e2u l\u00e0 th\u1ebf nh\u01b0ng m\u00e0\u00a0<b>son Tom Ford 80\u00a0<\/b>kh\u00f4ng h\u1ec1 khi\u1ebfn m\u00f4i b\u1ecb kh\u00f4 m\u1ed9t ch\u00fat x\u00edu n\u00e0o. Son ng\u1eadp d\u01b0\u1ee1ng, len l\u1ecfi v\u00e0o t\u1eebng k\u1ebd m\u00f4i. D\u00f9ng l\u00ec m\u00e0 v\u1eabn c\u1ea3m th\u1ea5y m\u01b0\u1edbt, \u0111\u00fang l\u00e0 c\u00e1ch t\u1ea1o n\u00e9t sang ch\u1ea3nh b\u1eadc nh\u1ea5t \u0111\u00e2y m\u00e0.<\/p>\n<h3>Son Tom Ford 80 Impassioned v\u1edbi h\u01b0\u01a1ng th\u01a1m d\u1ecbu nh\u1eb9<\/h3>\n<figure id=\"attachment_2282\" aria-describedby=\"caption-attachment-2282\" style=\"width: 800px\" class=\"wp-caption aligncenter\"><img decoding=\"async\" loading=\"lazy\" class=\"wp-image-2282 size-full\" src=\"https:\/\/khomaudep.com\/alvalipstick\/wp-content\/uploads\/2022\/03\/tf80.8.jpg\" alt=\"\" width=\"800\" height=\"600\" srcset=\"https:\/\/pluginviet.com\/mau1\/wp-content\/uploads\/2022\/03\/tf80.8.jpg 800w, https:\/\/pluginviet.com\/mau1\/wp-content\/uploads\/2022\/03\/tf80.8-533x400.jpg 533w, https:\/\/pluginviet.com\/mau1\/wp-content\/uploads\/2022\/03\/tf80.8-768x576.jpg 768w, https:\/\/pluginviet.com\/mau1\/wp-content\/uploads\/2022\/03\/tf80.8-600x450.jpg 600w\" sizes=\"(max-width: 800px) 100vw, 800px\" \/><figcaption id=\"caption-attachment-2282\" class=\"wp-caption-text\">Tom Ford 80 Impassioned \u0111\u1ecf n\u00e2u<\/figcaption><\/figure>\n<p>T\u1eeb l\u00fac kh\u1ebd m\u1edf n\u1eafp son cho \u0111\u1ebfn khi d\u00f9ng\u00a0<b>son Tom Ford 80 Impassioned<\/b>\u00a0l\u00e0 m\u1ed9t h\u00e0nh tr\u00ecnh tr\u1ea3i nghi\u1ec7m c\u1ee7a kh\u1ee9u gi\u00e1c. Th\u1ea5y h\u01b0\u01a1ng vanilla ng\u1ecdt ng\u00e0o l\u00f4i cu\u1ed1n m\u1edbi l\u00e0 son Tom Ford chu\u1ea9n nha. Th\u00eam v\u00e0o \u0111\u00f3 c\u00f2n kh\u1ebd tho\u1ea3ng nh\u1eb9 tinh d\u1ea7u hoa c\u00fac n\u1eefa.<\/p>\n<h3>Thi\u1ebft k\u1ebf son Tom Ford Impassioned: \u0111en l\u1ecbch l\u00e3m, \u0111en \u0111\u1eb3ng c\u1ea5p v\u00e0 \u0111en kh\u00ed ch\u1ea5t<\/h3>\n<figure id=\"attachment_2283\" aria-describedby=\"caption-attachment-2283\" style=\"width: 800px\" class=\"wp-caption aligncenter\"><img decoding=\"async\" loading=\"lazy\" class=\"wp-image-2283 size-full\" src=\"https:\/\/khomaudep.com\/alvalipstick\/wp-content\/uploads\/2022\/03\/tf80.9.jpg\" alt=\"\" width=\"800\" height=\"772\" srcset=\"https:\/\/pluginviet.com\/mau1\/wp-content\/uploads\/2022\/03\/tf80.9.jpg 800w, https:\/\/pluginviet.com\/mau1\/wp-content\/uploads\/2022\/03\/tf80.9-415x400.jpg 415w, https:\/\/pluginviet.com\/mau1\/wp-content\/uploads\/2022\/03\/tf80.9-768x741.jpg 768w, https:\/\/pluginviet.com\/mau1\/wp-content\/uploads\/2022\/03\/tf80.9-600x579.jpg 600w\" sizes=\"(max-width: 800px) 100vw, 800px\" \/><figcaption id=\"caption-attachment-2283\" class=\"wp-caption-text\">Ngo\u1ea1i h\u00ecnh c\u1ef1c k\u1ef3 sang tr\u1ecdng, thu h\u00fat c\u1ee7a Tom Ford 80 Impassioned<\/figcaption><\/figure>\n<p>Ch\u1eb3ng xa l\u1ea1 g\u00ec, d\u00e1ng h\u00ecnh vu\u00f4ng v\u1eafn m\u1ea1nh m\u1ebd \u0111i\u1ec3m t\u00f4 vi\u1ec1n v\u00e0ng ho\u00e0ng gia sang ch\u1ea3nh, l\u00e0\u00a0<b>son Tom Ford 80\u00a0<\/b>\u0111\u00e2y m\u00e0. M\u1ec7nh danh l\u00e0\u00a0<i>king of the lipsticks\u00a0<\/i>c\u00f3 kh\u00e1c, son l\u00e0m ra \u0111\u00fang ki\u1ec3u ai c\u0169ng s\u1ebd ghi\u1ec1n c\u1ea3. Bao b\u00ec son \u0111\u1eb9p m\u00ea li, ho\u00e0n m\u0129 t\u1eeb v\u1ecf gi\u1ea5y cho \u0111\u1ebfn th\u00e2n son v\u00e0 l\u00f5i son. T\u1eebng \u0111\u01b0\u1eddng ch\u1ea1m kh\u1eafc logo TF tr\u00ean \u0111\u1ea7u th\u1ecfi c\u0169ng c\u1ef1c k\u1ef3 \u0111\u1ec9nh. N\u00f3i v\u1ec1 kh\u00ed ch\u1ea5t th\u00ec th\u1ecfi Tom Ford n\u00e0y \u0111\u00fang l\u00e0 kh\u00f3 ai s\u00e1nh b\u1eb1ng.<\/p>\n<h2>Tom Ford 80 Impassioned ai c\u0169ng n\u00ean c\u00f3, \u0111\u1eb9p \u0111\u1ebfn kh\u00f3 c\u01b0\u1ee1ng<\/h2>\n<p>Kh\u00f4ng ph\u00f4 tr\u01b0\u01a1ng ch\u00fat n\u00e0o khi g\u1ecdi\u00a0<b>son Tom Ford 80\u00a0<\/b>l\u00e0 b\u00e1u v\u1eadt v\u1ea1n ng\u01b0\u1eddi m\u00ea. M\u1ed9t th\u1ecfi son ch\u1eb3ng kh\u00e1c n\u00e0o \u201ctrang s\u1ee9c\u201d, v\u1eeba t\u00f4 \u0111i\u1ec3m cho b\u1edd m\u00f4i, v\u1eeba t\u00f4 \u0111i\u1ec3m cho v\u1ebb ngo\u00e0i th\u1eddi trang v\u00e0 s\u00e0nh \u0111i\u1ec7u. Hi\u1ebfm l\u1eafm m\u1edbi c\u00f3 m\u1ed9t th\u1ecfi son \u0111\u1ecf n\u00e2u sang ch\u1ea3nh \u0111\u00e1ng xu\u00fdt xoa nh\u01b0 th\u1ebf n\u00e0y. N\u00e0ng t\u1ef1 th\u01b0\u1edfng ngay m\u1ed9t th\u1ecfi Tom Ford v\u1ec1, \u0111\u00f3 l\u00e0 c\u00e1ch y\u00eau th\u01b0\u01a1ng b\u1ea3n th\u00e2n t\u1ed1t nh\u1ea5t.<\/p>\n<h2 style=\"text-align: right\"><strong>khomaudep.com\/alvalipstick<\/strong><\/h2>\n\n\n<div class=\"kk-star-ratings kksr-auto kksr-align-right kksr-valign-bottom kksr-disabled\"\n    data-payload='{&quot;align&quot;:&quot;right&quot;,&quot;id&quot;:&quot;2267&quot;,&quot;readonly&quot;:&quot;1&quot;,&quot;slug&quot;:&quot;default&quot;,&quot;valign&quot;:&quot;bottom&quot;,&quot;ignore&quot;:&quot;&quot;,&quot;reference&quot;:&quot;auto&quot;,&quot;class&quot;:&quot;&quot;,&quot;count&quot;:&quot;0&quot;,&quot;legendonly&quot;:&quot;&quot;,&quot;score&quot;:&quot;0&quot;,&quot;starsonly&quot;:&quot;&quot;,&quot;best&quot;:&quot;5&quot;,&quot;gap&quot;:&quot;5&quot;,&quot;greet&quot;:&quot;Rate this product&quot;,&quot;legend&quot;:&quot;0\\\/5 - (0 b\\u00ecnh ch\\u1ecdn)&quot;,&quot;size&quot;:&quot;24&quot;,&quot;title&quot;:&quot;Son Tom Ford Impassioned 80 M\\u00e0u \\u0110\\u1ecf N\\u00e2u&quot;,&quot;width&quot;:&quot;0&quot;,&quot;_legend&quot;:&quot;{score}\\\/{best} - ({count} {votes})&quot;,&quot;font_factor&quot;:&quot;1.25&quot;}'>\n            \n<div class=\"kksr-stars\">\n    \n<div class=\"kksr-stars-inactive\">\n            <div class=\"kksr-star\" data-star=\"1\" style=\"padding-right: 5px\">\n            \n\n<div class=\"kksr-icon\" style=\"width: 24px; height: 24px;\"><\/div>\n        <\/div>\n            <div class=\"kksr-star\" data-star=\"2\" style=\"padding-right: 5px\">\n            \n\n<div class=\"kksr-icon\" style=\"width: 24px; height: 24px;\"><\/div>\n        <\/div>\n            <div class=\"kksr-star\" data-star=\"3\" style=\"padding-right: 5px\">\n            \n\n<div class=\"kksr-icon\" style=\"width: 24px; height: 24px;\"><\/div>\n        <\/div>\n            <div class=\"kksr-star\" data-star=\"4\" style=\"padding-right: 5px\">\n            \n\n<div class=\"kksr-icon\" style=\"width: 24px; height: 24px;\"><\/div>\n        <\/div>\n            <div class=\"kksr-star\" data-star=\"5\" style=\"padding-right: 5px\">\n            \n\n<div class=\"kksr-icon\" style=\"width: 24px; height: 24px;\"><\/div>\n        <\/div>\n    <\/div>\n    \n<div class=\"kksr-stars-active\" style=\"width: 0px;\">\n            <div class=\"kksr-star\" style=\"padding-right: 5px\">\n            \n\n<div class=\"kksr-icon\" style=\"width: 24px; height: 24px;\"><\/div>\n        <\/div>\n            <div class=\"kksr-star\" style=\"padding-right: 5px\">\n            \n\n<div class=\"kksr-icon\" style=\"width: 24px; height: 24px;\"><\/div>\n        <\/div>\n            <div class=\"kksr-star\" style=\"padding-right: 5px\">\n            \n\n<div class=\"kksr-icon\" style=\"width: 24px; height: 24px;\"><\/div>\n        <\/div>\n            <div class=\"kksr-star\" style=\"padding-right: 5px\">\n            \n\n<div class=\"kksr-icon\" style=\"width: 24px; height: 24px;\"><\/div>\n        <\/div>\n            <div class=\"kksr-star\" style=\"padding-right: 5px\">\n            \n\n<div class=\"kksr-icon\" style=\"width: 24px; height: 24px;\"><\/div>\n        <\/div>\n    <\/div>\n<\/div>\n                \n\n<div class=\"kksr-legend\" style=\"font-size: 19.2px;\">\n            <span class=\"kksr-muted\">Rate this product<\/span>\n    <\/div>\n    <\/div>\n","protected":false},"excerpt":{"rendered":"<p>Gi\u1ea3i m\u00e3 s\u1ee9c h\u00fat c\u1ee7a son \u0111\u1ecf n\u00e2u, \u0111i t\u00ecm ngay\u00a0<b>son Tom Ford 80 Impassioned\u00a0<\/b>l\u00e0 c\u00f3 c\u00e2u tr\u1ea3 l\u1eddi. Son \u0111\u1ecf l\u1eebng l\u1eaby trong b\u1ea3ng m\u00e0u Lip Color nh\u00e0 Tom Ford. Son tr\u00ecnh l\u00e0ng sau nh\u01b0ng l\u1ea1i n\u1ed5i ti\u1ebfng ch\u1eb3ng k\u00e9m nh\u1eefng \u201cng\u01b0\u1eddi ti\u1ec1n nhi\u1ec7m\u201d. Ch\u1ea5t son b\u00e1n l\u00ec m\u1ecdng \u0111\u1eb9p \u0111\u1eb7c tr\u01b0ng d\u00f2ng Lip Color l\u1ea1i c\u00e0ng khi\u1ebfn s\u1eafc \u0111\u1ecf pha n\u00e2u \u0111\u1ea5t n\u00e0y s\u1ed1ng \u0111\u1ed9ng h\u01a1n. Son b\u1ec1n m\u00e0u, m\u1ecbn v\u00e0 hi\u1ec7u \u1ee9ng \u0111\u1eb9p v\u1edbi m\u1ecdi s\u1eafc t\u1ed1 m\u00f4i. TF 80 \u0111\u01b0\u1ee3c g\u1ecdi l\u00e0 \u201cm\u1ef9 nh\u00e2n\u201d ngo\u00e0i b\u1edfi m\u00e0u son b\u00ean trong m\u00e0 c\u00f2n nh\u1edd ngo\u1ea1i h\u00ecnh l\u00fd t\u01b0\u1edfng b\u00ean ngo\u00e0i. M\u1ed9t c\u00e1i t\u00ean v\u00f4 c\u00f9ng \u0111\u1eb3ng c\u1ea5p, \u1ea5n t\u01b0\u1ee3ng.<\/p>\n<ul>\n<li>Th\u01b0\u01a1ng hi\u1ec7u:\u00a0<strong>Tom Ford<\/strong><\/li>\n<li>Xu\u1ea5t x\u1ee9:\u00a0<strong>Made in Belgium<\/strong><\/li>\n<li>Tr\u1ecdng l\u01b0\u1ee3ng:\u00a0<strong>3g<\/strong><\/li>\n<li>D\u00f2ng:\u00a0<strong>Lip Color<\/strong><\/li>\n<\/ul>\n","protected":false},"featured_media":2273,"comment_status":"open","ping_status":"closed","template":"","meta":[],"pwb-brand":[172],"product_cat":[15,171],"product_tag":[198,199,200,201,202],"brands":[{"id":172,"name":"Tom Ford","slug":"tom-ford"}],"_links":{"self":[{"href":"https:\/\/pluginviet.com\/mau1\/wp-json\/wp\/v2\/product\/2267"}],"collection":[{"href":"https:\/\/pluginviet.com\/mau1\/wp-json\/wp\/v2\/product"}],"about":[{"href":"https:\/\/pluginviet.com\/mau1\/wp-json\/wp\/v2\/types\/product"}],"replies":[{"embeddable":true,"href":"https:\/\/pluginviet.com\/mau1\/wp-json\/wp\/v2\/comments?post=2267"}],"wp:featuredmedia":[{"embeddable":true,"href":"https:\/\/pluginviet.com\/mau1\/wp-json\/wp\/v2\/media\/2273"}],"wp:attachment":[{"href":"https:\/\/pluginviet.com\/mau1\/wp-json\/wp\/v2\/media?parent=2267"}],"wp:term":[{"taxonomy":"pwb-brand","embeddable":true,"href":"https:\/\/pluginviet.com\/mau1\/wp-json\/wp\/v2\/pwb-brand?post=2267"},{"taxonomy":"product_cat","embeddable":true,"href":"https:\/\/pluginviet.com\/mau1\/wp-json\/wp\/v2\/product_cat?post=2267"},{"taxonomy":"product_tag","embeddable":true,"href":"https:\/\/pluginviet.com\/mau1\/wp-json\/wp\/v2\/product_tag?post=2267"}],"curies":[{"name":"wp","href":"https:\/\/api.w.org\/{rel}","templated":true}]}}