{"id":2256,"date":"2022-03-06T11:04:07","date_gmt":"2022-03-06T11:04:07","guid":{"rendered":"https:\/\/khomaudep.com\/alvalipstick\/?post_type=product&#038;p=2256"},"modified":"2022-03-25T07:33:33","modified_gmt":"2022-03-25T07:33:33","slug":"son-tom-ford-velvet-cherry-08-mau-do-ruou-vang","status":"publish","type":"product","link":"https:\/\/pluginviet.com\/mau1\/san-pham\/son-tom-ford-velvet-cherry-08-mau-do-ruou-vang\/","title":{"rendered":"Son Tom Ford Velvet Cherry 08 M\u00e0u \u0110\u1ecf R\u01b0\u1ee3u Vang"},"content":{"rendered":"<h2>Son Tom Ford 08 \u2013 Son Tom Ford Velvet Cherry M\u00e0u \u0110\u1ecf R\u01b0\u1ee3u Vang<\/h2>\n<h3>Son Tom Ford Velvet Cherry<\/h3>\n<h3>\u0110\u01b0\u1ee3c g\u1ecdi l\u00e0 huy\u1ec1n tho\u1ea1i son m\u00f4i, \u0111\u01b0\u1ee3c coi l\u00e0 \u201cb\u00e1u v\u1eadt\u201d m\u00e0 m\u1ecdi c\u00f4 n\u00e0ng \u0111\u1ec1u s\u0103n \u0111\u00f3n, ch\u00ednh l\u00e0 son Tom Ford Velvet Cherry. Son ch\u01b0a khi n\u00e0o v\u1eafng m\u1eb7t trong top list nh\u1eefng th\u1ecfi son l\u00ec \u0111\u1eb9p, sang ch\u1ea3nh v\u00e0 \u0111\u1eaft \u0111\u1ecf b\u1eadc nh\u1ea5t tr\u00ean th\u1ebf gi\u1edbi. Kh\u00f4ng ch\u1ec9 nh\u1eadn \u0111\u01b0\u1ee3c \u0111\u00e1nh gi\u00e1 cao c\u1ee7a h\u00e0ng lo\u1ea1t t\u1ea1p ch\u00ed danh ti\u1ebfng, chuy\u00ean gia m\u00e0 th\u1ecfi son T\u1ecdm Ford Velvet Cherry n\u00e0y c\u00f2n \u0111\u01b0\u1ee3c c\u00f4ng nh\u1eadn b\u1edfi h\u1ebft th\u1ea3y ph\u00e1i \u0111\u1eb9p. Ngo\u1ea1i h\u00ecnh sang tr\u1ecdng, \u0111\u1eb3ng c\u1ea5p, tinh t\u1ebf,\u00a0<b>son Tom Ford 08<\/b>\u00a0\u00a0c\u00f2n n\u1ed5i b\u1eadt l\u00e0 l\u00ean m\u00e0u chu\u1ea9n, l\u01b0u m\u00e0u d\u00e0i l\u00e2u m\u00e0 v\u1eabn d\u01b0\u1ee1ng m\u00f4i c\u1ef1c k\u1ef3 xu\u1ea5t s\u1eafc. H\u1ecfi r\u1eb1ng \u0111\u00e2u l\u00e0 th\u1ecfi son \u0111\u1ed1n g\u1ee5c \u0111\u01b0\u1ee3c m\u1ecdi ph\u00e1i \u0111\u1eb9p, ch\u00ednh l\u00e0 son Tom Ford 08 Velvet Cherry n\u00e0y.<\/h3>\n<figure id=\"attachment_2257\" aria-describedby=\"caption-attachment-2257\" style=\"width: 870px\" class=\"wp-caption aligncenter\"><img decoding=\"async\" loading=\"lazy\" class=\"wp-image-2257 size-full\" src=\"https:\/\/khomaudep.com\/alvalipstick\/wp-content\/uploads\/2022\/03\/tf08.1.jpg\" alt=\"\" width=\"870\" height=\"800\" srcset=\"https:\/\/pluginviet.com\/mau1\/wp-content\/uploads\/2022\/03\/tf08.1.jpg 870w, https:\/\/pluginviet.com\/mau1\/wp-content\/uploads\/2022\/03\/tf08.1-435x400.jpg 435w, https:\/\/pluginviet.com\/mau1\/wp-content\/uploads\/2022\/03\/tf08.1-768x706.jpg 768w, https:\/\/pluginviet.com\/mau1\/wp-content\/uploads\/2022\/03\/tf08.1-600x552.jpg 600w\" sizes=\"(max-width: 870px) 100vw, 870px\" \/><figcaption id=\"caption-attachment-2257\" class=\"wp-caption-text\">Son TF 08 Velvet Cherry \u2013 \u0111\u1ecf r\u01b0\u1ee3u vang \u0111\u1eb9p nh\u1ea5t gi\u1edbi son m\u00f4i cao c\u1ea5p<\/figcaption><\/figure>\n<h3>L\u1eddi ng\u1ecf v\u1ec1 d\u00f2ng son Tom Ford Lip Color Matte c\u0169ng nh\u01b0 son Tom Ford 08 Velvet Cherry<\/h3>\n<p>Tom Ford \u2013 \u201c\u00f4ng l\u1edbn\u201d trong l\u00e0ng th\u1eddi trang th\u1ebf gi\u1edbi \u0111\u01b0\u1ee3c s\u00e1ng l\u1eadp b\u1edfi ch\u00ednh Thomas Carlyle Tom Ford. \u0110\u01b0\u1ee3c bi\u1ebft \u0111\u1ebfn l\u00e0 nh\u00e0 thi\u1ebft k\u1ebf l\u1eebng l\u1eaby nh\u00e0 Gucci, Tom Ford sau n\u00e0y g\u00e2y d\u1ef1ng n\u00ean \u0111\u1ebf ch\u1ebf cho ri\u00eang m\u00ecnh. Nh\u1eefng s\u1ea3n ph\u1ea9m mang c\u1ed9p m\u00e1c Tom Ford h\u1ee3p xu h\u01b0\u1edbng, th\u1eddi th\u01b0\u1ee3ng v\u00e0 c\u0169ng t\u1ea1o n\u00ean nh\u1eefng ti\u00eau chu\u1ea9n \u0111\u1ec9nh cao trong th\u1eddi trang. D\u00f9 ra \u0111\u1eddi sau nh\u01b0ng \u0111\u1ed9 hot c\u1ee7a Tom Ford ch\u1eb3ng h\u1ec1 k\u00e9m c\u1ea1nh Chanel, YSL, Gucci, Dior\u2026 M\u1ed9t trong nh\u1eefng \u0111\u1ed9t ph\u00e1 c\u1ee7a th\u01b0\u01a1ng hi\u1ec7u Tom Ford ch\u00ednh l\u00e0\u00a0<b>son m\u00f4i Tom Ford<\/b>.<\/p>\n<figure id=\"attachment_2261\" aria-describedby=\"caption-attachment-2261\" style=\"width: 600px\" class=\"wp-caption aligncenter\"><img decoding=\"async\" loading=\"lazy\" class=\"wp-image-2261 size-full\" src=\"https:\/\/khomaudep.com\/alvalipstick\/wp-content\/uploads\/2022\/03\/tf0804.jpg\" alt=\"\" width=\"600\" height=\"664\" srcset=\"https:\/\/pluginviet.com\/mau1\/wp-content\/uploads\/2022\/03\/tf0804.jpg 600w, https:\/\/pluginviet.com\/mau1\/wp-content\/uploads\/2022\/03\/tf0804-361x400.jpg 361w\" sizes=\"(max-width: 600px) 100vw, 600px\" \/><figcaption id=\"caption-attachment-2261\" class=\"wp-caption-text\">Son TF Velvet Cherry cho m\u00f4i m\u1ecdng \u0111\u1eb9p<\/figcaption><\/figure>\n<p>Son Tom Ford thu\u1ed9c ph\u00e2n kh\u00fac cao c\u1ea5p, c\u00f3 th\u1ec3 xa x\u1ec9 nh\u01b0ng v\u00f4 c\u00f9ng \u0111\u00e1ng \u0111\u1ec3 s\u1edf h\u1eefu. B\u1ea3ng m\u00e0u son Tom Ford h\u1ed9i t\u1ee5 to\u00e0n nh\u1eefng \u201ck\u00ec quan\u201d \u0111\u1eaft gi\u00e1 trong gi\u1edbi son m\u00f4i. M\u1ed9t trong nh\u1eefng d\u00f2ng \u0103n kh\u00e1ch nh\u1ea5t ch\u00ednh l\u00e0 d\u00f2ng l\u00ec Lip Color Matte. V\u1edbi nh\u1eefng c\u1ea3i ti\u1ebfn n\u1ed5i tr\u1ed9i, son l\u01b0\u1edbt tr\u00ean m\u00f4i ch\u1eb3ng kh\u00e1c n\u00e0o tr\u1ea3i th\u1ea3m l\u1ee5a m\u1ecbn m\u00e0ng. V\u00e0 hot nh\u1ea5t d\u00f2ng n\u00e0y, l\u00e0\u00a0<b>son Tom Ford 08 Velvet Cherry.<\/b><\/p>\n<figure id=\"attachment_2259\" aria-describedby=\"caption-attachment-2259\" style=\"width: 600px\" class=\"wp-caption aligncenter\"><img decoding=\"async\" loading=\"lazy\" class=\"wp-image-2259 size-full\" src=\"https:\/\/khomaudep.com\/alvalipstick\/wp-content\/uploads\/2022\/03\/tf08.3.jpg\" alt=\"\" width=\"600\" height=\"600\" srcset=\"https:\/\/pluginviet.com\/mau1\/wp-content\/uploads\/2022\/03\/tf08.3.jpg 600w, https:\/\/pluginviet.com\/mau1\/wp-content\/uploads\/2022\/03\/tf08.3-400x400.jpg 400w, https:\/\/pluginviet.com\/mau1\/wp-content\/uploads\/2022\/03\/tf08.3-280x280.jpg 280w, https:\/\/pluginviet.com\/mau1\/wp-content\/uploads\/2022\/03\/tf08.3-100x100.jpg 100w\" sizes=\"(max-width: 600px) 100vw, 600px\" \/><figcaption id=\"caption-attachment-2259\" class=\"wp-caption-text\">C\u1eadn c\u1ea3nh son TF 08 \u0111\u1ecf r\u01b0\u1ee3u<\/figcaption><\/figure>\n<h2>Son Tom Ford 08 Velvet Cherry ai c\u0169ng n\u00ean c\u00f3, \u0111\u1eb9p \u0111\u1ebfn kh\u00f3 c\u01b0\u1ee1ng<\/h2>\n<p>Kh\u00f4ng ph\u00f4 tr\u01b0\u01a1ng ch\u00fat n\u00e0o khi g\u1ecdi\u00a0<b>son Tom Ford 08\u00a0<\/b>l\u00e0 b\u00e1u v\u1eadt v\u1ea1n ng\u01b0\u1eddi m\u00ea. M\u1ed9t th\u1ecfi son ch\u1eb3ng kh\u00e1c n\u00e0o \u201ctrang s\u1ee9c\u201d, v\u1eeba t\u00f4 \u0111i\u1ec3m cho b\u1edd m\u00f4i, v\u1eeba t\u00f4 \u0111i\u1ec3m cho v\u1ebb ngo\u00e0i th\u1eddi trang v\u00e0 s\u00e0nh \u0111i\u1ec7u. Hi\u1ebfm l\u1eafm m\u1edbi c\u00f3 m\u1ed9t th\u1ecfi son \u0111\u1ecf r\u01b0\u1ee3u vang sang ch\u1ea3nh \u0111\u00e1ng xu\u00fdt xoa nh\u01b0 th\u1ebf n\u00e0y. N\u00e0ng t\u1ef1 th\u01b0\u1edfng ngay m\u1ed9t th\u1ecfi Tom Ford v\u1ec1, \u0111\u00f3 l\u00e0 c\u00e1ch y\u00eau th\u01b0\u01a1ng b\u1ea3n th\u00e2n t\u1ed1t nh\u1ea5t.<\/p>\n<h2 style=\"text-align: right\"><strong>khomaudep.com\/alvalipstick<\/strong><\/h2>\n\n\n<div class=\"kk-star-ratings kksr-auto kksr-align-right kksr-valign-bottom kksr-disabled\"\n    data-payload='{&quot;align&quot;:&quot;right&quot;,&quot;id&quot;:&quot;2256&quot;,&quot;readonly&quot;:&quot;1&quot;,&quot;slug&quot;:&quot;default&quot;,&quot;valign&quot;:&quot;bottom&quot;,&quot;ignore&quot;:&quot;&quot;,&quot;reference&quot;:&quot;auto&quot;,&quot;class&quot;:&quot;&quot;,&quot;count&quot;:&quot;0&quot;,&quot;legendonly&quot;:&quot;&quot;,&quot;score&quot;:&quot;0&quot;,&quot;starsonly&quot;:&quot;&quot;,&quot;best&quot;:&quot;5&quot;,&quot;gap&quot;:&quot;5&quot;,&quot;greet&quot;:&quot;Rate this product&quot;,&quot;legend&quot;:&quot;0\\\/5 - (0 b\\u00ecnh ch\\u1ecdn)&quot;,&quot;size&quot;:&quot;24&quot;,&quot;title&quot;:&quot;Son Tom Ford Velvet Cherry 08 M\\u00e0u \\u0110\\u1ecf R\\u01b0\\u1ee3u Vang&quot;,&quot;width&quot;:&quot;0&quot;,&quot;_legend&quot;:&quot;{score}\\\/{best} - ({count} {votes})&quot;,&quot;font_factor&quot;:&quot;1.25&quot;}'>\n            \n<div class=\"kksr-stars\">\n    \n<div class=\"kksr-stars-inactive\">\n            <div class=\"kksr-star\" data-star=\"1\" style=\"padding-right: 5px\">\n            \n\n<div class=\"kksr-icon\" style=\"width: 24px; height: 24px;\"><\/div>\n        <\/div>\n            <div class=\"kksr-star\" data-star=\"2\" style=\"padding-right: 5px\">\n            \n\n<div class=\"kksr-icon\" style=\"width: 24px; height: 24px;\"><\/div>\n        <\/div>\n            <div class=\"kksr-star\" data-star=\"3\" style=\"padding-right: 5px\">\n            \n\n<div class=\"kksr-icon\" style=\"width: 24px; height: 24px;\"><\/div>\n        <\/div>\n            <div class=\"kksr-star\" data-star=\"4\" style=\"padding-right: 5px\">\n            \n\n<div class=\"kksr-icon\" style=\"width: 24px; height: 24px;\"><\/div>\n        <\/div>\n            <div class=\"kksr-star\" data-star=\"5\" style=\"padding-right: 5px\">\n            \n\n<div class=\"kksr-icon\" style=\"width: 24px; height: 24px;\"><\/div>\n        <\/div>\n    <\/div>\n    \n<div class=\"kksr-stars-active\" style=\"width: 0px;\">\n            <div class=\"kksr-star\" style=\"padding-right: 5px\">\n            \n\n<div class=\"kksr-icon\" style=\"width: 24px; height: 24px;\"><\/div>\n        <\/div>\n            <div class=\"kksr-star\" style=\"padding-right: 5px\">\n            \n\n<div class=\"kksr-icon\" style=\"width: 24px; height: 24px;\"><\/div>\n        <\/div>\n            <div class=\"kksr-star\" style=\"padding-right: 5px\">\n            \n\n<div class=\"kksr-icon\" style=\"width: 24px; height: 24px;\"><\/div>\n        <\/div>\n            <div class=\"kksr-star\" style=\"padding-right: 5px\">\n            \n\n<div class=\"kksr-icon\" style=\"width: 24px; height: 24px;\"><\/div>\n        <\/div>\n            <div class=\"kksr-star\" style=\"padding-right: 5px\">\n            \n\n<div class=\"kksr-icon\" style=\"width: 24px; height: 24px;\"><\/div>\n        <\/div>\n    <\/div>\n<\/div>\n                \n\n<div class=\"kksr-legend\" style=\"font-size: 19.2px;\">\n            <span class=\"kksr-muted\">Rate this product<\/span>\n    <\/div>\n    <\/div>\n","protected":false},"excerpt":{"rendered":"<p>\u0110\u1eafm ch\u00ecm trong b\u1ea3ng m\u00e0u d\u00f2ng Lip Color Matte \u0111\u1ec9nh nh\u1ea5t nh\u00e0 Tom Ford, ai n\u1ea5y c\u0169ng m\u00ea m\u1ec7t b\u1edfi \u0111\u1ed9 \u0111\u1eb3ng c\u1ea5p c\u1ee7a\u00a0<b>son Tom Ford 08 Velvet Cherry<\/b>. \u0110\u1ecf r\u01b0\u1ee3u vang \u0111\u00ea m\u00ea nh\u01b0 m\u1ed9t c\u01a1n l\u1ed1c xo\u00e1y, khi\u1ebfn t\u00e2m tr\u00ed ph\u00e1i \u0111\u1eb9p nh\u01b0 b\u1ecb h\u00fat s\u00e2u kh\u00f4ng l\u1ed1i tho\u00e1t. \u0110\u1ecf \u0111\u1eadm n\u00e9t, sang, c\u1ed5 \u0111i\u1ec3n, ki\u00eau k\u1ef3 v\u00e0 \u0111\u1ea7y s\u1ef1 qu\u00fd ph\u00e1i. N\u1ebfu \u0111ang trong h\u00e0nh tr\u00ecnh l\u1ed9t x\u00e1c nhan s\u1eafc, ngh\u0129 ngay \u0111\u1ebfn th\u1ecfi\u00a0<b>son TF 08\u00a0<\/b>n\u00e0y. K\u1ebft c\u1ea5u l\u00ec \u0111\u1eb7c tr\u01b0ng, b\u1ec1n m\u00e0u chu\u1ea9n n\u00e9t, gia t\u0103ng s\u1ee9c h\u00fat cho m\u00e0u son.<\/p>\n<ul>\n<li>Th\u01b0\u01a1ng hi\u1ec7u:\u00a0<strong>Tom Ford<\/strong><\/li>\n<li>Xu\u1ea5t x\u1ee9:\u00a0<strong>Made in Belgium<\/strong><\/li>\n<li>Tr\u1ecdng l\u01b0\u1ee3ng:\u00a0<strong>3g<\/strong><\/li>\n<li>D\u00f2ng:\u00a0<strong>Lip Color Matte<\/strong><\/li>\n<\/ul>\n","protected":false},"featured_media":2260,"comment_status":"open","ping_status":"closed","template":"","meta":[],"pwb-brand":[172],"product_cat":[15,171],"product_tag":[191,192,193,196,194,195,197],"brands":[{"id":172,"name":"Tom Ford","slug":"tom-ford"}],"_links":{"self":[{"href":"https:\/\/pluginviet.com\/mau1\/wp-json\/wp\/v2\/product\/2256"}],"collection":[{"href":"https:\/\/pluginviet.com\/mau1\/wp-json\/wp\/v2\/product"}],"about":[{"href":"https:\/\/pluginviet.com\/mau1\/wp-json\/wp\/v2\/types\/product"}],"replies":[{"embeddable":true,"href":"https:\/\/pluginviet.com\/mau1\/wp-json\/wp\/v2\/comments?post=2256"}],"wp:featuredmedia":[{"embeddable":true,"href":"https:\/\/pluginviet.com\/mau1\/wp-json\/wp\/v2\/media\/2260"}],"wp:attachment":[{"href":"https:\/\/pluginviet.com\/mau1\/wp-json\/wp\/v2\/media?parent=2256"}],"wp:term":[{"taxonomy":"pwb-brand","embeddable":true,"href":"https:\/\/pluginviet.com\/mau1\/wp-json\/wp\/v2\/pwb-brand?post=2256"},{"taxonomy":"product_cat","embeddable":true,"href":"https:\/\/pluginviet.com\/mau1\/wp-json\/wp\/v2\/product_cat?post=2256"},{"taxonomy":"product_tag","embeddable":true,"href":"https:\/\/pluginviet.com\/mau1\/wp-json\/wp\/v2\/product_tag?post=2256"}],"curies":[{"name":"wp","href":"https:\/\/api.w.org\/{rel}","templated":true}]}}