{"id":2212,"date":"2022-03-06T08:48:06","date_gmt":"2022-03-06T08:48:06","guid":{"rendered":"https:\/\/khomaudep.com\/alvalipstick\/?post_type=product&#038;p=2212"},"modified":"2022-03-25T07:32:22","modified_gmt":"2022-03-25T07:32:22","slug":"son-tom-ford-wild-ginger-15-mau-cam-do","status":"publish","type":"product","link":"https:\/\/pluginviet.com\/mau1\/san-pham\/son-tom-ford-wild-ginger-15-mau-cam-do\/","title":{"rendered":"Son Tom Ford Wild Ginger 15 M\u00e0u Cam \u0110\u1ecf"},"content":{"rendered":"<h2>Son Tom Ford 15 \u2013 Son Tom Ford Wild Ginger M\u00e0u Cam \u0110\u1ecf<\/h2>\n<h3>Son Tom Ford Wild Ginger<\/h3>\n<h3>\u0110\u01b0\u1ee3c g\u1ecdi l\u00e0 huy\u1ec1n tho\u1ea1i son m\u00f4i, \u0111\u01b0\u1ee3c coi l\u00e0 \u201cb\u00e1u v\u1eadt\u201d m\u00e0 m\u1ecdi c\u00f4 n\u00e0ng \u0111\u1ec1u s\u0103n \u0111\u00f3n, ch\u00ednh l\u00e0 son Tom Ford Wild Ginger. Son ch\u01b0a khi n\u00e0o v\u1eafng m\u1eb7t trong top list nh\u1eefng th\u1ecfi son l\u00ec \u0111\u1eb9p, sang ch\u1ea3nh v\u00e0 \u0111\u1eaft \u0111\u1ecf b\u1eadc nh\u1ea5t tr\u00ean th\u1ebf gi\u1edbi. Kh\u00f4ng ch\u1ec9 nh\u1eadn \u0111\u01b0\u1ee3c \u0111\u00e1nh gi\u00e1 cao c\u1ee7a h\u00e0ng lo\u1ea1t t\u1ea1p ch\u00ed danh ti\u1ebfng, chuy\u00ean gia m\u00e0 th\u1ecfi son T\u1ecdm Ford Wild Ginger n\u00e0y c\u00f2n \u0111\u01b0\u1ee3c c\u00f4ng nh\u1eadn b\u1edfi h\u1ebft th\u1ea3y ph\u00e1i \u0111\u1eb9p. Ngo\u1ea1i h\u00ecnh sang tr\u1ecdng, \u0111\u1eb3ng c\u1ea5p, tinh t\u1ebf,\u00a0<a href=\"https:\/\/khomaudep.com\/alvalipstick\/?post_type=product&amp;p=2212&amp;preview=true\"><b>son Tom Ford 15<\/b><\/a>\u00a0\u00a0c\u00f2n n\u1ed5i b\u1eadt l\u00e0 l\u00ean m\u00e0u chu\u1ea9n, l\u01b0u m\u00e0u d\u00e0i l\u00e2u m\u00e0 v\u1eabn d\u01b0\u1ee1ng m\u00f4i c\u1ef1c k\u1ef3 xu\u1ea5t s\u1eafc. H\u1ecfi r\u1eb1ng \u0111\u00e2u l\u00e0 th\u1ecfi son \u0111\u1ed1n g\u1ee5c \u0111\u01b0\u1ee3c m\u1ecdi ph\u00e1i \u0111\u1eb9p, ch\u00ednh l\u00e0 son Tom Ford 15 Wild Ginger n\u00e0y.<\/h3>\n<figure id=\"attachment_2237\" aria-describedby=\"caption-attachment-2237\" style=\"width: 870px\" class=\"wp-caption aligncenter\"><img decoding=\"async\" loading=\"lazy\" class=\"wp-image-2237 size-full\" src=\"https:\/\/khomaudep.com\/alvalipstick\/wp-content\/uploads\/2022\/03\/tf.jpg\" alt=\"\" width=\"870\" height=\"800\" srcset=\"https:\/\/pluginviet.com\/mau1\/wp-content\/uploads\/2022\/03\/tf.jpg 870w, https:\/\/pluginviet.com\/mau1\/wp-content\/uploads\/2022\/03\/tf-435x400.jpg 435w, https:\/\/pluginviet.com\/mau1\/wp-content\/uploads\/2022\/03\/tf-768x706.jpg 768w, https:\/\/pluginviet.com\/mau1\/wp-content\/uploads\/2022\/03\/tf-600x552.jpg 600w\" sizes=\"(max-width: 870px) 100vw, 870px\" \/><figcaption id=\"caption-attachment-2237\" class=\"wp-caption-text\">Tom Ford 15 Wild Ginger c\u1ef1c k\u1ef3 \u0111\u00e1ng \u0111\u1ec3 s\u1eafm<\/figcaption><\/figure>\n<h3>L\u1eddi ng\u1ecf v\u1ec1 d\u00f2ng son Tom Ford Lip Color c\u0169ng nh\u01b0 son Tom Ford 15 Wild Ginger<br \/>\nTom Ford \u2013 \u201c\u00f4ng l\u1edbn\u201d trong l\u00e0ng th\u1eddi trang th\u1ebf gi\u1edbi \u0111\u01b0\u1ee3c s\u00e1ng l\u1eadp b\u1edfi ch\u00ednh Thomas Carlyle Tom Ford. \u0110\u01b0\u1ee3c bi\u1ebft \u0111\u1ebfn l\u00e0 nh\u00e0 thi\u1ebft k\u1ebf l\u1eebng l\u1eaby nh\u00e0 Gucci, Tom Ford sau n\u00e0y g\u00e2y d\u1ef1ng n\u00ean \u0111\u1ebf ch\u1ebf cho ri\u00eang m\u00ecnh. Nh\u1eefng s\u1ea3n ph\u1ea9m mang c\u1ed9p m\u00e1c Tom Ford h\u1ee3p xu h\u01b0\u1edbng, th\u1eddi th\u01b0\u1ee3ng v\u00e0 c\u0169ng t\u1ea1o n\u00ean nh\u1eefng ti\u00eau chu\u1ea9n \u0111\u1ec9nh cao trong th\u1eddi trang. D\u00f9 ra \u0111\u1eddi sau nh\u01b0ng \u0111\u1ed9 hot c\u1ee7a Tom Ford ch\u1eb3ng h\u1ec1 k\u00e9m c\u1ea1nh Chanel, YSL, Gucci, Dior\u2026 M\u1ed9t trong nh\u1eefng \u0111\u1ed9t ph\u00e1 c\u1ee7a th\u01b0\u01a1ng hi\u1ec7u Tom Ford ch\u00ednh l\u00e0\u00a0<a href=\"https:\/\/khomaudep.com\/alvalipstick\/?post_type=product&amp;p=2212&amp;preview=true\"><b>son m\u00f4i Tom Ford<\/b>.<\/a><\/h3>\n<figure id=\"attachment_2235\" aria-describedby=\"caption-attachment-2235\" style=\"width: 800px\" class=\"wp-caption aligncenter\"><img decoding=\"async\" loading=\"lazy\" class=\"wp-image-2235 size-full\" src=\"https:\/\/khomaudep.com\/alvalipstick\/wp-content\/uploads\/2022\/03\/16.jpg\" alt=\"\" width=\"800\" height=\"800\" srcset=\"https:\/\/pluginviet.com\/mau1\/wp-content\/uploads\/2022\/03\/16.jpg 800w, https:\/\/pluginviet.com\/mau1\/wp-content\/uploads\/2022\/03\/16-400x400.jpg 400w, https:\/\/pluginviet.com\/mau1\/wp-content\/uploads\/2022\/03\/16-280x280.jpg 280w, https:\/\/pluginviet.com\/mau1\/wp-content\/uploads\/2022\/03\/16-768x768.jpg 768w, https:\/\/pluginviet.com\/mau1\/wp-content\/uploads\/2022\/03\/16-600x600.jpg 600w, https:\/\/pluginviet.com\/mau1\/wp-content\/uploads\/2022\/03\/16-100x100.jpg 100w\" sizes=\"(max-width: 800px) 100vw, 800px\" \/><figcaption id=\"caption-attachment-2235\" class=\"wp-caption-text\">M\u00ea \u0111\u1eafm son TF 15<\/figcaption><\/figure>\n<p>Son Tom Ford thu\u1ed9c ph\u00e2n kh\u00fac cao c\u1ea5p, c\u00f3 th\u1ec3 xa x\u1ec9 nh\u01b0ng v\u00f4 c\u00f9ng \u0111\u00e1ng \u0111\u1ec3 s\u1edf h\u1eefu. B\u1ea3ng m\u00e0u son Tom Ford h\u1ed9i t\u1ee5 to\u00e0n nh\u1eefng \u201ck\u00ec quan\u201d \u0111\u1eaft gi\u00e1 trong gi\u1edbi son m\u00f4i. M\u1ed9t trong nh\u1eefng d\u00f2ng \u0103n kh\u00e1ch nh\u1ea5t ch\u00ednh l\u00e0 d\u00f2ng l\u00ec c\u00f3 d\u01b0\u1ee1ng Lip Color. V\u1edbi nh\u1eefng c\u1ea3i ti\u1ebfn n\u1ed5i tr\u1ed9i, son l\u01b0\u1edbt tr\u00ean m\u00f4i ch\u1eb3ng kh\u00e1c n\u00e0o tr\u1ea3i th\u1ea3m l\u1ee5a m\u1ecbn m\u00e0ng. V\u00e0 hot nh\u1ea5t d\u00f2ng n\u00e0y, l\u00e0\u00a0<b>son Tom Ford 15 Wild Ginger.\u00a0<\/b><\/p>\n<h2>Ti\u1ebft l\u1ed9 s\u1ef1 quy\u1ebfn r\u0169 \u0111\u1ebfn t\u1eeb huy\u1ec1n tho\u1ea1i cam \u0111\u1ecf \u2013 son Tom Ford 15 Wild Ginger<\/h2>\n<h2>CAM \u0110\u1ece \u2013 M\u00e0u son Tom Ford 15 Wild Ginger thi\u00eau \u0111\u1ed1t bao \u00e1nh nh\u00ecn<\/h2>\n<figure id=\"attachment_2234\" aria-describedby=\"caption-attachment-2234\" style=\"width: 600px\" class=\"wp-caption aligncenter\"><img decoding=\"async\" loading=\"lazy\" class=\"wp-image-2234 size-full\" src=\"https:\/\/khomaudep.com\/alvalipstick\/wp-content\/uploads\/2022\/03\/15.jpg\" alt=\"\" width=\"600\" height=\"598\" srcset=\"https:\/\/pluginviet.com\/mau1\/wp-content\/uploads\/2022\/03\/15.jpg 600w, https:\/\/pluginviet.com\/mau1\/wp-content\/uploads\/2022\/03\/15-401x400.jpg 401w, https:\/\/pluginviet.com\/mau1\/wp-content\/uploads\/2022\/03\/15-280x280.jpg 280w, https:\/\/pluginviet.com\/mau1\/wp-content\/uploads\/2022\/03\/15-100x100.jpg 100w\" sizes=\"(max-width: 600px) 100vw, 600px\" \/><figcaption id=\"caption-attachment-2234\" class=\"wp-caption-text\">M\u00ea \u0111\u1eafm son TF 15<\/figcaption><\/figure>\n<h2>Chi\u1ec1u chu\u1ed9ng da b\u1eadc nh\u1ea5t, ch\u00ednh l\u00e0\u00a0<b>son Tom Ford Wild Ginger\u00a0<\/b>\u0111\u1ecf cam\/cam \u0111\u1ecf. M\u00e0u n\u00e0y t\u1ea1o b\u1edfi \u0111\u1ecf v\u00e0 cam, nh\u01b0ng m\u00e0 cam l\u1ea1i chi\u1ebfm \u01b0u th\u1ebf h\u01a1n m\u1ed9t ch\u00fat. B\u1edfi nhi\u1ec1u cam n\u00ean c\u00e0ng t\u00f4n da, c\u00e0ng kh\u1eed th\u00e2m t\u1ed1t cho b\u1edd m\u00f4i th\u1ecfa s\u1ee9c b\u1eebng s\u00e1ng. M\u00e0u son n\u00e0y v\u1eeba n\u00f3ng b\u1ecfng, v\u1eeba quy\u1ebfn r\u0169 l\u1ea1i c\u0169ng r\u1ea5t n\u1eef t\u00ednh. V\u1edbi nh\u1eefng ai c\u00f3 warm-undertone th\u00ec\u00a0<b>son TF 15\u00a0<\/b>\u0111\u00fang l\u00e0 c\u00e1i t\u00ean must-have. Mu\u1ed1n b\u1edd m\u00f4i m\u01a1 m\u00e0ng, n\u1eef t\u00ednh th\u00ec h\u00e3y thoa em n\u00f3 s\u01b0\u01a1ng s\u01b0\u01a1ng l\u00f2ng m\u00f4i. C\u00f2n n\u1ebfu mu\u1ed1n s\u1eafc s\u1ea3o, \u0111\u1eadm n\u00e9t h\u01a1n th\u00ec thoa full m\u00f4i chu\u1ea9n th\u00e0nh th\u1ecb nh\u00e9.<\/h2>\n<figure id=\"attachment_2233\" aria-describedby=\"caption-attachment-2233\" style=\"width: 600px\" class=\"wp-caption aligncenter\"><img decoding=\"async\" loading=\"lazy\" class=\"wp-image-2233 size-full\" src=\"https:\/\/khomaudep.com\/alvalipstick\/wp-content\/uploads\/2022\/03\/14.jpg\" alt=\"\" width=\"600\" height=\"558\" srcset=\"https:\/\/pluginviet.com\/mau1\/wp-content\/uploads\/2022\/03\/14.jpg 600w, https:\/\/pluginviet.com\/mau1\/wp-content\/uploads\/2022\/03\/14-430x400.jpg 430w\" sizes=\"(max-width: 600px) 100vw, 600px\" \/><figcaption id=\"caption-attachment-2233\" class=\"wp-caption-text\">Swatch Tom Ford 15 Wild Ginger<\/figcaption><\/figure>\n<h2 style=\"text-align: right\"><strong>khomaudep.com\/alvalipstick<\/strong><\/h2>\n\n\n<div class=\"kk-star-ratings kksr-auto kksr-align-right kksr-valign-bottom kksr-disabled\"\n    data-payload='{&quot;align&quot;:&quot;right&quot;,&quot;id&quot;:&quot;2212&quot;,&quot;readonly&quot;:&quot;1&quot;,&quot;slug&quot;:&quot;default&quot;,&quot;valign&quot;:&quot;bottom&quot;,&quot;ignore&quot;:&quot;&quot;,&quot;reference&quot;:&quot;auto&quot;,&quot;class&quot;:&quot;&quot;,&quot;count&quot;:&quot;0&quot;,&quot;legendonly&quot;:&quot;&quot;,&quot;score&quot;:&quot;0&quot;,&quot;starsonly&quot;:&quot;&quot;,&quot;best&quot;:&quot;5&quot;,&quot;gap&quot;:&quot;5&quot;,&quot;greet&quot;:&quot;Rate this product&quot;,&quot;legend&quot;:&quot;0\\\/5 - (0 b\\u00ecnh ch\\u1ecdn)&quot;,&quot;size&quot;:&quot;24&quot;,&quot;title&quot;:&quot;Son Tom Ford Wild Ginger 15 M\\u00e0u Cam \\u0110\\u1ecf&quot;,&quot;width&quot;:&quot;0&quot;,&quot;_legend&quot;:&quot;{score}\\\/{best} - ({count} {votes})&quot;,&quot;font_factor&quot;:&quot;1.25&quot;}'>\n            \n<div class=\"kksr-stars\">\n    \n<div class=\"kksr-stars-inactive\">\n            <div class=\"kksr-star\" data-star=\"1\" style=\"padding-right: 5px\">\n            \n\n<div class=\"kksr-icon\" style=\"width: 24px; height: 24px;\"><\/div>\n        <\/div>\n            <div class=\"kksr-star\" data-star=\"2\" style=\"padding-right: 5px\">\n            \n\n<div class=\"kksr-icon\" style=\"width: 24px; height: 24px;\"><\/div>\n        <\/div>\n            <div class=\"kksr-star\" data-star=\"3\" style=\"padding-right: 5px\">\n            \n\n<div class=\"kksr-icon\" style=\"width: 24px; height: 24px;\"><\/div>\n        <\/div>\n            <div class=\"kksr-star\" data-star=\"4\" style=\"padding-right: 5px\">\n            \n\n<div class=\"kksr-icon\" style=\"width: 24px; height: 24px;\"><\/div>\n        <\/div>\n            <div class=\"kksr-star\" data-star=\"5\" style=\"padding-right: 5px\">\n            \n\n<div class=\"kksr-icon\" style=\"width: 24px; height: 24px;\"><\/div>\n        <\/div>\n    <\/div>\n    \n<div class=\"kksr-stars-active\" style=\"width: 0px;\">\n            <div class=\"kksr-star\" style=\"padding-right: 5px\">\n            \n\n<div class=\"kksr-icon\" style=\"width: 24px; height: 24px;\"><\/div>\n        <\/div>\n            <div class=\"kksr-star\" style=\"padding-right: 5px\">\n            \n\n<div class=\"kksr-icon\" style=\"width: 24px; height: 24px;\"><\/div>\n        <\/div>\n            <div class=\"kksr-star\" style=\"padding-right: 5px\">\n            \n\n<div class=\"kksr-icon\" style=\"width: 24px; height: 24px;\"><\/div>\n        <\/div>\n            <div class=\"kksr-star\" style=\"padding-right: 5px\">\n            \n\n<div class=\"kksr-icon\" style=\"width: 24px; height: 24px;\"><\/div>\n        <\/div>\n            <div class=\"kksr-star\" style=\"padding-right: 5px\">\n            \n\n<div class=\"kksr-icon\" style=\"width: 24px; height: 24px;\"><\/div>\n        <\/div>\n    <\/div>\n<\/div>\n                \n\n<div class=\"kksr-legend\" style=\"font-size: 19.2px;\">\n            <span class=\"kksr-muted\">Rate this product<\/span>\n    <\/div>\n    <\/div>\n","protected":false},"excerpt":{"rendered":"<p>H\u00f4 bi\u1ebfn b\u1edd m\u00f4i tr\u1edf n\u00ean n\u00f3ng b\u1ecfng v\u00e0 quy\u1ebfn r\u0169 h\u01a1n, h\u00e3y ch\u1ecdn\u00a0<b>son Tom Ford Wild Ginger 15\u00a0<\/b>\u0111\u1ec3 \u0111\u1ed3ng h\u00e0nh. Th\u1ecfi son cam \u0111\u1ecf \u0111\u1ea1i di\u1ec7n d\u00f2ng Lip Color n\u00e0y mang k\u1ebft c\u1ea5u l\u00ec c\u00f3 d\u01b0\u1ee1ng n\u1ed5i ti\u1ebfng. Rinh son v\u1ec1 ch\u1eb3ng kh\u00e1c n\u00e0o \u201ctr\u00fang s\u1ed1 \u0111\u1ed9c \u0111\u1eafc\u201d cho nhan s\u1eafc n\u00e2ng t\u1ea7m. M\u00e0u son r\u1ea1ng ng\u1eddi, t\u00f4n da, \u0111i c\u00f9ng th\u00e0nh ph\u1ea7n tinh t\u00fay, qu\u00fd gi\u00e1, thi\u1ebft k\u1ebf sang ch\u1ea3nh, ho\u00e0n thi\u1ec7n m\u1ed9t\u00a0<b>son TF 15\u00a0<\/b>mang \u201cc\u1ed9p m\u00e1c\u201d Tom Ford. C\u1ef1c ph\u1ea9m ng\u1ecdt ng\u00e0o m\u00e0 nh\u00e0 m\u1ed1t \u0111\u00ecnh \u0111\u00e1m x\u1ee9 c\u1edd hoa chi\u00eau \u0111\u00e3 ng\u01b0\u1eddi h\u00e2m m\u1ed9.<\/p>\n<ul>\n<li>Th\u01b0\u01a1ng hi\u1ec7u:\u00a0<strong>Tom Ford<\/strong><\/li>\n<li>Xu\u1ea5t x\u1ee9:\u00a0<strong>Made in Belgium<\/strong><\/li>\n<li>Tr\u1ecdng l\u01b0\u1ee3ng:\u00a0<strong>3g<\/strong><\/li>\n<li>D\u00f2ng:\u00a0<strong>Lip Color<\/strong><\/li>\n<\/ul>\n","protected":false},"featured_media":2236,"comment_status":"open","ping_status":"closed","template":"","meta":[],"pwb-brand":[172],"product_cat":[15,171],"product_tag":[179,180,181,182,183,184,185],"brands":[{"id":172,"name":"Tom Ford","slug":"tom-ford"}],"_links":{"self":[{"href":"https:\/\/pluginviet.com\/mau1\/wp-json\/wp\/v2\/product\/2212"}],"collection":[{"href":"https:\/\/pluginviet.com\/mau1\/wp-json\/wp\/v2\/product"}],"about":[{"href":"https:\/\/pluginviet.com\/mau1\/wp-json\/wp\/v2\/types\/product"}],"replies":[{"embeddable":true,"href":"https:\/\/pluginviet.com\/mau1\/wp-json\/wp\/v2\/comments?post=2212"}],"wp:featuredmedia":[{"embeddable":true,"href":"https:\/\/pluginviet.com\/mau1\/wp-json\/wp\/v2\/media\/2236"}],"wp:attachment":[{"href":"https:\/\/pluginviet.com\/mau1\/wp-json\/wp\/v2\/media?parent=2212"}],"wp:term":[{"taxonomy":"pwb-brand","embeddable":true,"href":"https:\/\/pluginviet.com\/mau1\/wp-json\/wp\/v2\/pwb-brand?post=2212"},{"taxonomy":"product_cat","embeddable":true,"href":"https:\/\/pluginviet.com\/mau1\/wp-json\/wp\/v2\/product_cat?post=2212"},{"taxonomy":"product_tag","embeddable":true,"href":"https:\/\/pluginviet.com\/mau1\/wp-json\/wp\/v2\/product_tag?post=2212"}],"curies":[{"name":"wp","href":"https:\/\/api.w.org\/{rel}","templated":true}]}}