{"id":2205,"date":"2022-03-06T06:49:07","date_gmt":"2022-03-06T06:49:07","guid":{"rendered":"https:\/\/khomaudep.com\/alvalipstick\/?post_type=product&#038;p=2205"},"modified":"2022-03-25T07:31:40","modified_gmt":"2022-03-25T07:31:40","slug":"son-tom-ford-cherry-lush-10-mau-do-hong","status":"publish","type":"product","link":"https:\/\/pluginviet.com\/mau1\/san-pham\/son-tom-ford-cherry-lush-10-mau-do-hong\/","title":{"rendered":"Son Tom Ford Cherry Lush 10 M\u00e0u \u0110\u1ecf H\u1ed3ng"},"content":{"rendered":"<h2>Son Tom Ford 10 \u2013 Son Tom Ford Cherry Lush M\u00e0u \u0110\u1ecf H\u1ed3ng<\/h2>\n<h3>Son Tom Ford Cherry Lush<\/h3>\n<p>\u0110\u01b0\u1ee3c g\u1ecdi l\u00e0 huy\u1ec1n tho\u1ea1i son m\u00f4i, \u0111\u01b0\u1ee3c coi l\u00e0 \u201cb\u00e1u v\u1eadt\u201d m\u00e0 m\u1ecdi c\u00f4 n\u00e0ng \u0111\u1ec1u s\u0103n \u0111\u00f3n, ch\u00ednh l\u00e0 son Tom Ford Cherry Lush. Son ch\u01b0a khi n\u00e0o v\u1eafng m\u1eb7t trong top list nh\u1eefng th\u1ecfi son l\u00ec \u0111\u1eb9p, sang ch\u1ea3nh v\u00e0 \u0111\u1eaft \u0111\u1ecf b\u1eadc nh\u1ea5t tr\u00ean th\u1ebf gi\u1edbi. Kh\u00f4ng ch\u1ec9 nh\u1eadn \u0111\u01b0\u1ee3c \u0111\u00e1nh gi\u00e1 cao c\u1ee7a h\u00e0ng lo\u1ea1t t\u1ea1p ch\u00ed danh ti\u1ebfng, chuy\u00ean gia m\u00e0 th\u1ecfi son T\u1ecdm Ford Cherry Lush n\u00e0y c\u00f2n \u0111\u01b0\u1ee3c c\u00f4ng nh\u1eadn b\u1edfi h\u1ebft th\u1ea3y ph\u00e1i \u0111\u1eb9p. Ngo\u1ea1i h\u00ecnh sang tr\u1ecdng, \u0111\u1eb3ng c\u1ea5p, tinh t\u1ebf, <a href=\"https:\/\/khomaudep.com\/alvalipstick\/san-pham\/son-tom-ford-cherry-lush-10-mau-do-hong\/\"><b>son Tom Ford 10<\/b><\/a> \u00a0c\u00f2n n\u1ed5i b\u1eadt l\u00e0 l\u00ean m\u00e0u chu\u1ea9n, l\u01b0u m\u00e0u d\u00e0i l\u00e2u m\u00e0 v\u1eabn d\u01b0\u1ee1ng m\u00f4i c\u1ef1c k\u1ef3 xu\u1ea5t s\u1eafc. H\u1ecfi r\u1eb1ng \u0111\u00e2u l\u00e0 th\u1ecfi son \u0111\u1ed1n g\u1ee5c \u0111\u01b0\u1ee3c m\u1ecdi ph\u00e1i \u0111\u1eb9p, ch\u00ednh l\u00e0 son Tom Ford 10 Cherry Lush n\u00e0y<\/p>\n<p>&nbsp;<\/p>\n<figure id=\"attachment_2199\" aria-describedby=\"caption-attachment-2199\" style=\"width: 435px\" class=\"wp-caption aligncenter\"><img decoding=\"async\" loading=\"lazy\" class=\"wp-image-2199 size-medium\" src=\"https:\/\/khomaudep.com\/alvalipstick\/wp-content\/uploads\/2022\/03\/Untitled-435x400.jpg\" alt=\"\" width=\"435\" height=\"400\" \/><figcaption id=\"caption-attachment-2199\" class=\"wp-caption-text\">Son TF 10 Cherry Lush \u2013 m\u1ed9t th\u1ecfi son xu\u1ea5t s\u1eafc nh\u00e0 TF<\/figcaption><\/figure>\n<h3>L\u1eddi ng\u1ecf v\u1ec1 d\u00f2ng son Tom Ford Lip Color c\u0169ng nh\u01b0 son Tom Ford 10 Cherry Lush<br \/>\nTom Ford \u2013 \u201c\u00f4ng l\u1edbn\u201d trong l\u00e0ng th\u1eddi trang th\u1ebf gi\u1edbi \u0111\u01b0\u1ee3c s\u00e1ng l\u1eadp b\u1edfi ch\u00ednh Thomas Carlyle Tom Ford. \u0110\u01b0\u1ee3c bi\u1ebft \u0111\u1ebfn l\u00e0 nh\u00e0 thi\u1ebft k\u1ebf l\u1eebng l\u1eaby nh\u00e0 Gucci, Tom Ford sau n\u00e0y g\u00e2y d\u1ef1ng n\u00ean \u0111\u1ebf ch\u1ebf cho ri\u00eang m\u00ecnh. Nh\u1eefng s\u1ea3n ph\u1ea9m mang c\u1ed9p m\u00e1c Tom Ford h\u1ee3p xu h\u01b0\u1edbng, th\u1eddi th\u01b0\u1ee3ng v\u00e0 c\u0169ng t\u1ea1o n\u00ean nh\u1eefng ti\u00eau chu\u1ea9n \u0111\u1ec9nh cao trong th\u1eddi trang. D\u00f9 ra \u0111\u1eddi sau nh\u01b0ng \u0111\u1ed9 hot c\u1ee7a Tom Ford ch\u1eb3ng h\u1ec1 k\u00e9m c\u1ea1nh Chanel, YSL, Gucci, Dior\u2026 M\u1ed9t trong nh\u1eefng \u0111\u1ed9t ph\u00e1 c\u1ee7a th\u01b0\u01a1ng hi\u1ec7u Tom Ford ch\u00ednh l\u00e0\u00a0<a href=\"https:\/\/khomaudep.com\/alvalipstick\/san-pham\/son-tom-ford-cherry-lush-10-mau-do-hong\/\"><b>son m\u00f4i Tom Ford<\/b><\/a>.<\/h3>\n<figure id=\"attachment_2206\" aria-describedby=\"caption-attachment-2206\" style=\"width: 522px\" class=\"wp-caption aligncenter\"><img decoding=\"async\" loading=\"lazy\" class=\"wp-image-2206 size-medium\" src=\"https:\/\/khomaudep.com\/alvalipstick\/wp-content\/uploads\/2022\/03\/54446689_129071524826899_3099377100211075750_n-522x400.jpg\" alt=\"\" width=\"522\" height=\"400\" \/><figcaption id=\"caption-attachment-2206\" class=\"wp-caption-text\">Swatch son TF Cherry Lush<\/figcaption><\/figure>\n<p>Son Tom Ford thu\u1ed9c ph\u00e2n kh\u00fac cao c\u1ea5p, c\u00f3 th\u1ec3 xa x\u1ec9 nh\u01b0ng v\u00f4 c\u00f9ng \u0111\u00e1ng \u0111\u1ec3 s\u1edf h\u1eefu. B\u1ea3ng m\u00e0u son Tom Ford h\u1ed9i t\u1ee5 to\u00e0n nh\u1eefng \u201ck\u00ec quan\u201d \u0111\u1eaft gi\u00e1 trong gi\u1edbi son m\u00f4i. M\u1ed9t trong nh\u1eefng d\u00f2ng \u0103n kh\u00e1ch nh\u1ea5t ch\u00ednh l\u00e0 d\u00f2ng l\u00ec c\u00f3 d\u01b0\u1ee1ng Lip Color. V\u1edbi nh\u1eefng c\u1ea3i ti\u1ebfn n\u1ed5i tr\u1ed9i, son l\u01b0\u1edbt tr\u00ean m\u00f4i ch\u1eb3ng kh\u00e1c n\u00e0o tr\u1ea3i th\u1ea3m l\u1ee5a m\u1ecbn m\u00e0ng. V\u00e0 hot nh\u1ea5t d\u00f2ng n\u00e0y, l\u00e0\u00a0<b>son Tom Ford 10 Cherry Lush.\u00a0<\/b><\/p>\n<h2 style=\"text-align: right\"><strong>khomaudep.com\/alvalipstick<\/strong><\/h2>\n\n\n<div class=\"kk-star-ratings kksr-auto kksr-align-right kksr-valign-bottom kksr-disabled\"\n    data-payload='{&quot;align&quot;:&quot;right&quot;,&quot;id&quot;:&quot;2205&quot;,&quot;readonly&quot;:&quot;1&quot;,&quot;slug&quot;:&quot;default&quot;,&quot;valign&quot;:&quot;bottom&quot;,&quot;ignore&quot;:&quot;&quot;,&quot;reference&quot;:&quot;auto&quot;,&quot;class&quot;:&quot;&quot;,&quot;count&quot;:&quot;1&quot;,&quot;legendonly&quot;:&quot;&quot;,&quot;score&quot;:&quot;5&quot;,&quot;starsonly&quot;:&quot;&quot;,&quot;best&quot;:&quot;5&quot;,&quot;gap&quot;:&quot;5&quot;,&quot;greet&quot;:&quot;Rate this product&quot;,&quot;legend&quot;:&quot;5\\\/5 - (1 b\\u00ecnh ch\\u1ecdn)&quot;,&quot;size&quot;:&quot;24&quot;,&quot;title&quot;:&quot;Son Tom Ford Cherry Lush 10 M\\u00e0u \\u0110\\u1ecf H\\u1ed3ng&quot;,&quot;width&quot;:&quot;142.5&quot;,&quot;_legend&quot;:&quot;{score}\\\/{best} - ({count} {votes})&quot;,&quot;font_factor&quot;:&quot;1.25&quot;}'>\n            \n<div class=\"kksr-stars\">\n    \n<div class=\"kksr-stars-inactive\">\n            <div class=\"kksr-star\" data-star=\"1\" style=\"padding-right: 5px\">\n            \n\n<div class=\"kksr-icon\" style=\"width: 24px; height: 24px;\"><\/div>\n        <\/div>\n            <div class=\"kksr-star\" data-star=\"2\" style=\"padding-right: 5px\">\n            \n\n<div class=\"kksr-icon\" style=\"width: 24px; height: 24px;\"><\/div>\n        <\/div>\n            <div class=\"kksr-star\" data-star=\"3\" style=\"padding-right: 5px\">\n            \n\n<div class=\"kksr-icon\" style=\"width: 24px; height: 24px;\"><\/div>\n        <\/div>\n            <div class=\"kksr-star\" data-star=\"4\" style=\"padding-right: 5px\">\n            \n\n<div class=\"kksr-icon\" style=\"width: 24px; height: 24px;\"><\/div>\n        <\/div>\n            <div class=\"kksr-star\" data-star=\"5\" style=\"padding-right: 5px\">\n            \n\n<div class=\"kksr-icon\" style=\"width: 24px; height: 24px;\"><\/div>\n        <\/div>\n    <\/div>\n    \n<div class=\"kksr-stars-active\" style=\"width: 142.5px;\">\n            <div class=\"kksr-star\" style=\"padding-right: 5px\">\n            \n\n<div class=\"kksr-icon\" style=\"width: 24px; height: 24px;\"><\/div>\n        <\/div>\n            <div class=\"kksr-star\" style=\"padding-right: 5px\">\n            \n\n<div class=\"kksr-icon\" style=\"width: 24px; height: 24px;\"><\/div>\n        <\/div>\n            <div class=\"kksr-star\" style=\"padding-right: 5px\">\n            \n\n<div class=\"kksr-icon\" style=\"width: 24px; height: 24px;\"><\/div>\n        <\/div>\n            <div class=\"kksr-star\" style=\"padding-right: 5px\">\n            \n\n<div class=\"kksr-icon\" style=\"width: 24px; height: 24px;\"><\/div>\n        <\/div>\n            <div class=\"kksr-star\" style=\"padding-right: 5px\">\n            \n\n<div class=\"kksr-icon\" style=\"width: 24px; height: 24px;\"><\/div>\n        <\/div>\n    <\/div>\n<\/div>\n                \n\n<div class=\"kksr-legend\" style=\"font-size: 19.2px;\">\n            5\/5 - (1 b\u00ecnh ch\u1ecdn)    <\/div>\n    <\/div>\n","protected":false},"excerpt":{"rendered":"<p>B\u01b0\u1edbc v\u00e0o th\u1ebf gi\u1edbi c\u1ee7a d\u00f2ng Lip Color, m\u1ed9t trong nh\u1eefng c\u00e1i t\u00ean \u0103n kh\u00e1ch b\u1eadc nh\u1ea5t ch\u00ednh l\u00e0\u00a0<b>son Tom Ford 10 Cherry Lush\u00a0<\/b>\u0111\u1ecf h\u1ed3ng. M\u1ed9t s\u1eafc \u0111\u1ed9 h\u1ed9i t\u1ee5 \u0111\u1ea7y \u0111\u1ee7 s\u1ef1 ki\u00eau k\u1ef3, sang ch\u1ea3nh v\u00e0 l\u00fac n\u00e0o c\u0169ng hot. Ch\u1ee9a \u0111\u1ef1ng bao th\u00e0nh ph\u1ea7n qu\u00fd gi\u00e1, son TF 10 l\u00e0 s\u1ea3n ph\u1ea9m makeup th\u1eddi th\u01b0\u1ee3ng nh\u1ea5t n\u00e0ng n\u00ean s\u1edf h\u1eefu.<\/p>\n<ul>\n<li>Th\u01b0\u01a1ng hi\u1ec7u:\u00a0<strong>Tom Ford<\/strong><\/li>\n<li>Xu\u1ea5t x\u1ee9:\u00a0<strong>Made in Belgium<\/strong><\/li>\n<li>Tr\u1ecdng l\u01b0\u1ee3ng:\u00a0<strong>3g<\/strong><\/li>\n<li>D\u00f2ng:\u00a0<strong>Lip Color<\/strong><\/li>\n<\/ul>\n","protected":false},"featured_media":2238,"comment_status":"open","ping_status":"closed","template":"","meta":[],"pwb-brand":[172],"product_cat":[15,171],"product_tag":[173,174,175,176,177,178],"brands":[{"id":172,"name":"Tom Ford","slug":"tom-ford"}],"_links":{"self":[{"href":"https:\/\/pluginviet.com\/mau1\/wp-json\/wp\/v2\/product\/2205"}],"collection":[{"href":"https:\/\/pluginviet.com\/mau1\/wp-json\/wp\/v2\/product"}],"about":[{"href":"https:\/\/pluginviet.com\/mau1\/wp-json\/wp\/v2\/types\/product"}],"replies":[{"embeddable":true,"href":"https:\/\/pluginviet.com\/mau1\/wp-json\/wp\/v2\/comments?post=2205"}],"wp:featuredmedia":[{"embeddable":true,"href":"https:\/\/pluginviet.com\/mau1\/wp-json\/wp\/v2\/media\/2238"}],"wp:attachment":[{"href":"https:\/\/pluginviet.com\/mau1\/wp-json\/wp\/v2\/media?parent=2205"}],"wp:term":[{"taxonomy":"pwb-brand","embeddable":true,"href":"https:\/\/pluginviet.com\/mau1\/wp-json\/wp\/v2\/pwb-brand?post=2205"},{"taxonomy":"product_cat","embeddable":true,"href":"https:\/\/pluginviet.com\/mau1\/wp-json\/wp\/v2\/product_cat?post=2205"},{"taxonomy":"product_tag","embeddable":true,"href":"https:\/\/pluginviet.com\/mau1\/wp-json\/wp\/v2\/product_tag?post=2205"}],"curies":[{"name":"wp","href":"https:\/\/api.w.org\/{rel}","templated":true}]}}