{"id":508,"date":"2019-03-06T08:02:34","date_gmt":"2019-03-06T08:02:34","guid":{"rendered":"http:\/\/khomaudep.com\/alvalipstick\/demo\/?page_id=508"},"modified":"2022-04-05T16:12:00","modified_gmt":"2022-04-05T16:12:00","slug":"gioi-thieu","status":"publish","type":"page","link":"https:\/\/pluginviet.com\/mau1\/gioi-thieu\/","title":{"rendered":"Gi\u1edbi thi\u1ec7u"},"content":{"rendered":"<h2><strong>Gi\u1edbi thi\u1ec7u v\u1ec1 ALVALIPSTICK.VN<\/strong><\/h2>\n<p>ALVALIPSTICK.VN t\u00ean \u0111\u1ea7y \u0111\u1ee7 l\u00e0 C\u00f4ng ty c\u1ed5 ph\u1ea7n Th\u01b0\u01a1ng M\u1ea1i v\u00e0 D\u1ecbch V\u1ee5 ALVALIPSTICK ,\u0111\u01b0\u1ee3c S\u1edf KH v\u00e0 \u0110T H\u00e0 N\u1ed9i c\u1ea5p ng\u00e0y 08\/12\/2014 theo gi\u1ea5y ph\u00e9p kinh doanh s\u1ed1: 0106708547\u00a0, c\u00f3 tr\u1ee5 s\u1edf ch\u00ednh t\u1ea1i 105 Chu V\u0103n An,Y\u1ebft Ki\u00eau,H\u00e0 \u0110\u00f4ng,H\u00e0 N\u1ed9i<\/p>\n<p><strong>S\u1ee9 m\u1ec7nh<\/strong><\/p>\n<p><strong>\u201c\u0110em \u0111\u1ebfn cho kh\u00e1ch h\u00e0ng nh\u1eefng s\u1ea3n ph\u1ea9m t\u1ed1t nh\u1ea5t\u201d<\/strong> t\u1eeb nh\u1eefng th\u01b0\u01a1ng hi\u1ec7u danh ti\u1ebfng tr\u00ean th\u1ebf gi\u1edbi.Ngo\u00e0i ra ALVALIPSTICK mang \u0111\u1ebfn cho kh\u00e1ch h\u00e0ng c\u00e1c s\u1ea3n ph\u1ea9m \u0111\u1ea3m b\u1ea3o uy t\u00edn ch\u1ea5t l\u01b0\u1ee3ng, gi\u00e1 c\u1ea3 t\u1ed1t nh\u1ea5t c\u00f9ng v\u1edbi d\u1ecbch v\u1ee5 chuy\u00ean nghi\u1ec7p, t\u1eadn t\u00ecnh th\u00e2n thi\u1ec7n nh\u1ea5t. Nh\u1eb1m \u0111em l\u1ea1i cho kh\u00e1ch h\u00e0ng\u00a0nh\u1eefng gi\u00e1 tr\u1ecb c\u0169ng nh\u01b0 tr\u1ea3i nghi\u1ec7m tuy\u1ec7t v\u1eddi v\u1ec1 v\u1ebb \u0111\u1eb9p t\u1eeb c\u00e1c s\u1ea3n ph\u1ea9m authentics m\u00e0 c\u00f4ng ty cung c\u1ea5p.<\/p>\n<p><strong>T\u1ea7m nh\u00ecn<\/strong><\/p>\n<p>Trong t\u01b0\u01a1ng lai, v\u1edbi s\u1ef1 n\u1ed7 l\u1ef1c c\u1ee7a ch\u00fang t\u00f4i, <strong>ALVALIPSTICK\u00a0<\/strong>tr\u1edf th\u00e0nh nh\u00e0 ph\u00e2n ph\u1ed1i<strong>\u00a0m\u1ef9 ph\u1ea9m\u00a0ch\u00ednh h\u00e3ng cao c\u1ea5p v\u00e0 uy t\u00edn h\u00e0ng \u0111\u1ea7u t\u1ea1i Vi\u1ec7t Nam.<\/strong><\/p>\n<p><strong>Ch\u00fang t\u00f4i \u0111em \u0111\u1ebfn nh\u1eefng g\u00ec khi b\u1ea1n \u0111\u1ebfn v\u1edbi ALVALIPSTICK?<\/strong><\/p>\n<p><strong>S\u1ea3n ph\u1ea9m cao c\u1ea5p ch\u00ednh h\u00e3ng, uy t\u00edn v\u1edbi gi\u00e1 c\u1ea3 t\u1ed1t nh\u1ea5t<\/strong><\/p>\n<p>C\u00f4ng ty chuy\u00ean cung c\u1ea5p t\u1edbi kh\u00e1ch h\u00e0ng nh\u1eefng d\u00f2ng son m\u00f4i cao c\u1ea5p c\u1ee7a c\u00e1c th\u01b0\u01a1ng hi\u1ec7u danh ti\u1ebfng \u0111\u1ebfn t\u1eeb Ph\u00e1p, Anh, M\u1ef9, Nh\u1eadt\u2026.<\/p>\n<p>S\u1ea3n ph\u1ea9m \u0111\u01b0\u1ee3c nh\u1eadp h\u00e0ng tr\u1ef1c ti\u1ebfp t\u1eeb h\u00e3ng c\u00f3 h\u00f3a \u0111\u01a1n\u00a0v\u00e0 nh\u00e3n m\u00e1c \u0111\u1ea7y \u0111\u1ee7, c\u00e1c s\u1ea3n ph\u1ea9m sau khi nh\u1eadp v\u1ec1 \u0111\u1ec1u \u0111\u01b0\u1ee3c d\u00e1n tem c\u1ee7a c\u00f4ng ty \u0111\u1ec3 \u0111\u1ea3m b\u00e0o \u0111\u1ea7y \u0111\u1ee7 quy\u1ec1n l\u1ee3i cho kh\u00e1ch h\u00e0ng.<\/p>\n<p>C\u00f4ng ty cam k\u1ebft ho\u00e0n ti\u1ec1n v\u00e0 b\u1ed3i th\u01b0\u1eddng n\u1ebfu kh\u00e1ch h\u00e0ng ph\u00e1t hi\u1ec7n h\u00e0ng gi\u1ea3, h\u00e0ng nh\u00e1i v\u00e0 h\u00e0ng k\u00e9m ch\u1ea5t l\u01b0\u1ee3ng.<\/p>\n<p><strong>H\u1ec7 th\u1ed1ng website b\u00e1n h\u00e0ng \u0111\u01b0\u1ee3c \u0111\u1ea7u t\u01b0 x\u00e2y d\u1ef1ng hi\u1ec7n \u0111\u1ea1i, chuy\u00ean nghi\u1ec7p<\/strong><\/p>\n<p>B\u00ean c\u1ea1nh shop b\u00e1n h\u00e0ng t\u1ea1i Store, c\u00f4ng ty ch\u00fang t\u00f4i c\u00f2n x\u00e2y d\u1ef1ng h\u1ec7 th\u1ed1ng website s\u1ea3n ph\u1ea9m v\u1edbi ti\u00eau ch\u00ed hi\u1ec7n \u0111\u1ea1i, chuy\u00ean nghi\u1ec7p, th\u1ea9m m\u1ef9 nh\u01b0ng d\u1ec5 d\u00e0ng s\u1eed d\u1ee5ng mang \u0111\u1ebfn cho kh\u00e1ch h\u00e0ng c\u00e1i nh\u00ecn t\u1ed5ng quan nh\u1ea5t v\u1ec1 s\u1ea3n ph\u1ea9m, d\u1ec5 d\u00e0ng l\u1ef1a ch\u1ecdn k\u1ec3 c\u1ea3 khi kh\u00f4ng nh\u00ecn th\u1ea5y tr\u1ef1c ti\u1ebfp.<\/p>\n<p>Trong \u0111\u00f3, ALVALIPSTICK.VN l\u00e0 m\u1ed9t trong nh\u1eefng website n\u1eb1m trong h\u1ec7 th\u1ed1ng c\u1ee7a ALVALIPSTICK chuy\u00ean ph\u00e2n ph\u1ed1i son m\u00f4i cao c\u1ea5p t\u1eeb c\u00e1c qu\u1ed1c gia: Ph\u00e1p, M\u1ef9, Anh, Nh\u1eadt\u2026c\u00f9ng v\u1edbi c\u00e1c th\u01b0\u01a1ng hi\u1ec7u l\u1edbn n\u1ed5i ti\u1ebfng nh\u01b0: Louboutin,Tom Ford, YSL, Chanel, Dior, Shu Uemura.<\/p>\n<p><strong>\u0110\u1ed9i ng\u0169 t\u01b0 v\u1ea5n vi\u00ean, nh\u00e2n vi\u00ean b\u00e1n h\u00e0ng t\u1eadn t\u00ecnh chuy\u00ean nghi\u1ec7p<\/strong><\/p>\n<p>\u0110\u1ebfn v\u1edbi h\u1ec7 th\u1ed1ng website c\u0169ng nh\u01b0 shop c\u1ee7a c\u00f4ng ty, b\u1ea1n s\u1ebd lu\u00f4n c\u00f3 \u0111\u1ed9i ng\u0169 t\u01b0 v\u1ea5n, b\u00e1n h\u00e0ng chuy\u00ean nghi\u1ec7p, th\u00e2n thi\u1ec7n t\u1eadn t\u00ecnh t\u01b0 v\u1ea5n, gi\u1ea3i \u0111\u00e1p c\u00e1c th\u1eafc m\u1eafc c\u1ee7a b\u1ea1n cho b\u1ea1n l\u1ef1a ch\u1ecdn s\u1ea3n ph\u1ea9m m\u1ed9t c\u00e1c nhanh ch\u00f3ng v\u00e0 \u01b0ng \u00fd nh\u1ea5t.<\/p>\n<p>Khi mua h\u00e0ng, kh\u00e1ch h\u00e0ng c\u00f3 th\u1ec3 \u0111\u1eb7t h\u00e0ng online, g\u1ecdi \u0111i\u1ec7n tr\u1ef1c ti\u1ebfp \u0111\u1eb7t h\u00e0ng ho\u1eb7c \u0111\u1eb7t h\u00e0ng th\u00f4ng qua t\u01b0 v\u1ea5n vi\u00ean. Ch\u00fang t\u00f4i s\u1ebd giao s\u1ea3n ph\u1ea9m t\u1eadn tay kh\u00e1ch h\u00e0ng trong th\u1eddi gian nhanh nh\u1ea5t.<\/p>\n<p><strong>M\u1ed9t s\u1ed1 s\u1ea3n ph\u1ea9m m\u00e0 ALVALIPSTICK cung c\u1ea5p<\/strong><\/p>\n<p>Lipstick\u00a0mang \u0111\u1ebfn cho b\u1ea1n nhi\u1ec1u s\u1ef1 l\u1ef1a ch\u1ecdn ho\u00e0n h\u1ea3o t\u1eeb nh\u1eefng d\u00f2ng son m\u00f4i n\u1ed5i ti\u1ebfng tr\u00ean th\u1ebf gi\u1edbi:<\/p>\n<p>Louboutin, Tom Ford, YSL, Dior, Chanel, Shu Uemura\u2026.<\/p>\n<p>\u0110\u1ebfn v\u1edbi LotteShop b\u1ea1n s\u1ebd kh\u00f4ng bao gi\u1edd th\u1ea5t v\u1ecdng v\u1ec1 ch\u1ea5t l\u01b0\u1ee3ng s\u1ea3n ph\u1ea9m v\u00e0 d\u1ecbch v\u1ee5. Ch\u00fang t\u00f4i lu\u00f4n c\u1ed1 g\u1eafng \u0111em \u0111\u1ebfn nh\u1eefng s\u1ea3n ph\u1ea9m \u0111a d\u1ea1ng, ch\u1ecdn l\u1ecdc k\u1ef9 l\u01b0\u1ee1ng \u0111\u1ec3 kh\u00e1ch h\u00e0ng\u00a0lu\u00f4n t\u00ecm \u0111\u01b0\u1ee3c s\u1ea3n ph\u1ea9m ph\u00f9 h\u1ee3p, ho\u00e0n thi\u1ec7n \u0111\u1eb3ng c\u1ea5p phong c\u00e1ch th\u1eddi trang, gu\u00a0th\u1ea9m m\u1ef9 c\u1ee7a m\u00ecnh.<\/p>\n<p>H\u00e3y li\u00ean h\u1ec7 ngay v\u1edbi ch\u00fang t\u00f4i\u00a0<a href=\"http:\/\/0968.731.666\" target=\"_blank\" rel=\"noopener noreferrer\">t\u1ea1i \u0111\u00e2y<\/a>\u00a0\u0111\u1ec3 nh\u1eadn \u0111\u01b0\u1ee3c nh\u1eefng \u01b0u \u0111\u00e3i c\u0169ng nh\u01b0 tr\u1ea3i nghi\u1ec7m v\u1ec1 d\u1ecbch v\u1ee5 t\u1ed1t nh\u1ea5t!<\/p>\n\n\n<div class=\"kk-star-ratings kksr-auto kksr-align-right kksr-valign-bottom kksr-disabled\"\n    data-payload='{&quot;align&quot;:&quot;right&quot;,&quot;id&quot;:&quot;508&quot;,&quot;readonly&quot;:&quot;1&quot;,&quot;slug&quot;:&quot;default&quot;,&quot;valign&quot;:&quot;bottom&quot;,&quot;ignore&quot;:&quot;&quot;,&quot;reference&quot;:&quot;auto&quot;,&quot;class&quot;:&quot;&quot;,&quot;count&quot;:&quot;0&quot;,&quot;legendonly&quot;:&quot;&quot;,&quot;score&quot;:&quot;0&quot;,&quot;starsonly&quot;:&quot;&quot;,&quot;best&quot;:&quot;5&quot;,&quot;gap&quot;:&quot;5&quot;,&quot;greet&quot;:&quot;Rate this page&quot;,&quot;legend&quot;:&quot;0\\\/5 - (0 b\\u00ecnh ch\\u1ecdn)&quot;,&quot;size&quot;:&quot;24&quot;,&quot;title&quot;:&quot;Gi\\u1edbi thi\\u1ec7u&quot;,&quot;width&quot;:&quot;0&quot;,&quot;_legend&quot;:&quot;{score}\\\/{best} - ({count} {votes})&quot;,&quot;font_factor&quot;:&quot;1.25&quot;}'>\n            \n<div class=\"kksr-stars\">\n    \n<div class=\"kksr-stars-inactive\">\n            <div class=\"kksr-star\" data-star=\"1\" style=\"padding-right: 5px\">\n            \n\n<div class=\"kksr-icon\" style=\"width: 24px; height: 24px;\"><\/div>\n        <\/div>\n            <div class=\"kksr-star\" data-star=\"2\" style=\"padding-right: 5px\">\n            \n\n<div class=\"kksr-icon\" style=\"width: 24px; height: 24px;\"><\/div>\n        <\/div>\n            <div class=\"kksr-star\" data-star=\"3\" style=\"padding-right: 5px\">\n            \n\n<div class=\"kksr-icon\" style=\"width: 24px; height: 24px;\"><\/div>\n        <\/div>\n            <div class=\"kksr-star\" data-star=\"4\" style=\"padding-right: 5px\">\n            \n\n<div class=\"kksr-icon\" style=\"width: 24px; height: 24px;\"><\/div>\n        <\/div>\n            <div class=\"kksr-star\" data-star=\"5\" style=\"padding-right: 5px\">\n            \n\n<div class=\"kksr-icon\" style=\"width: 24px; height: 24px;\"><\/div>\n        <\/div>\n    <\/div>\n    \n<div class=\"kksr-stars-active\" style=\"width: 0px;\">\n            <div class=\"kksr-star\" style=\"padding-right: 5px\">\n            \n\n<div class=\"kksr-icon\" style=\"width: 24px; height: 24px;\"><\/div>\n        <\/div>\n            <div class=\"kksr-star\" style=\"padding-right: 5px\">\n            \n\n<div class=\"kksr-icon\" style=\"width: 24px; height: 24px;\"><\/div>\n        <\/div>\n            <div class=\"kksr-star\" style=\"padding-right: 5px\">\n            \n\n<div class=\"kksr-icon\" style=\"width: 24px; height: 24px;\"><\/div>\n        <\/div>\n            <div class=\"kksr-star\" style=\"padding-right: 5px\">\n            \n\n<div class=\"kksr-icon\" style=\"width: 24px; height: 24px;\"><\/div>\n        <\/div>\n            <div class=\"kksr-star\" style=\"padding-right: 5px\">\n            \n\n<div class=\"kksr-icon\" style=\"width: 24px; height: 24px;\"><\/div>\n        <\/div>\n    <\/div>\n<\/div>\n                \n\n<div class=\"kksr-legend\" style=\"font-size: 19.2px;\">\n            <span class=\"kksr-muted\">Rate this page<\/span>\n    <\/div>\n    <\/div>\n","protected":false},"excerpt":{"rendered":"<p>Gi\u1edbi thi\u1ec7u v\u1ec1 ALVALIPSTICK.VN ALVALIPSTICK.VN t\u00ean \u0111\u1ea7y \u0111\u1ee7 l\u00e0 C\u00f4ng ty c\u1ed5 ph\u1ea7n Th\u01b0\u01a1ng M\u1ea1i v\u00e0 D\u1ecbch V\u1ee5 ALVALIPSTICK ,\u0111\u01b0\u1ee3c S\u1edf KH v\u00e0 \u0110T H\u00e0 N\u1ed9i c\u1ea5p ng\u00e0y 08\/12\/2014 theo gi\u1ea5y ph\u00e9p kinh doanh s\u1ed1: 0106708547\u00a0, c\u00f3 tr\u1ee5 s\u1edf ch\u00ednh t\u1ea1i 105 Chu V\u0103n An,Y\u1ebft Ki\u00eau,H\u00e0 \u0110\u00f4ng,H\u00e0 N\u1ed9i S\u1ee9 m\u1ec7nh \u201c\u0110em \u0111\u1ebfn cho kh\u00e1ch h\u00e0ng [&#8230;]\n","protected":false},"author":5,"featured_media":0,"parent":0,"menu_order":0,"comment_status":"closed","ping_status":"closed","template":"","meta":{"footnotes":""},"_links":{"self":[{"href":"https:\/\/pluginviet.com\/mau1\/wp-json\/wp\/v2\/pages\/508"}],"collection":[{"href":"https:\/\/pluginviet.com\/mau1\/wp-json\/wp\/v2\/pages"}],"about":[{"href":"https:\/\/pluginviet.com\/mau1\/wp-json\/wp\/v2\/types\/page"}],"author":[{"embeddable":true,"href":"https:\/\/pluginviet.com\/mau1\/wp-json\/wp\/v2\/users\/5"}],"replies":[{"embeddable":true,"href":"https:\/\/pluginviet.com\/mau1\/wp-json\/wp\/v2\/comments?post=508"}],"version-history":[{"count":6,"href":"https:\/\/pluginviet.com\/mau1\/wp-json\/wp\/v2\/pages\/508\/revisions"}],"predecessor-version":[{"id":2924,"href":"https:\/\/pluginviet.com\/mau1\/wp-json\/wp\/v2\/pages\/508\/revisions\/2924"}],"wp:attachment":[{"href":"https:\/\/pluginviet.com\/mau1\/wp-json\/wp\/v2\/media?parent=508"}],"curies":[{"name":"wp","href":"https:\/\/api.w.org\/{rel}","templated":true}]}}