{"id":2002,"date":"2022-02-20T14:34:00","date_gmt":"2022-02-20T14:34:00","guid":{"rendered":"https:\/\/khomaudep.com\/alvalipstick\/demo\/?page_id=2002"},"modified":"2022-04-05T16:17:46","modified_gmt":"2022-04-05T16:17:46","slug":"giao-hang","status":"publish","type":"page","link":"https:\/\/pluginviet.com\/mau1\/giao-hang\/","title":{"rendered":"Giao h\u00e0ng"},"content":{"rendered":"<p>ALVALIPSTICK.VN lu\u00f4n h\u01b0\u1edbng \u0111\u1ebfn vi\u1ec7c cung c\u1ea5p d\u1ecbch v\u1ee5 v\u1eadn chuy\u1ec3n t\u1ed1t nh\u1ea5t v\u1edbi m\u1ee9c ph\u00ed c\u1ea1nh tranh cho t\u1ea5t c\u1ea3 c\u00e1c \u0111\u01a1n h\u00e0ng m\u00e0 qu\u00fd kh\u00e1ch \u0111\u1eb7t v\u1edbi ch\u00fang t\u00f4i. Ch\u00fang t\u00f4i h\u1ed7 tr\u1ee3 giao h\u00e0ng tr\u00ean to\u00e0n qu\u1ed1c v\u1edbi ch\u00ednh s\u00e1ch giao h\u00e0ng c\u1ee5 th\u1ec3 nh\u01b0 sau:<br \/>\n<strong>1. PH\u00cd GIAO H\u00c0NG T\u1eacN NH\u00c0:<\/strong><br \/>\nALVALIPSTICK.VN \u00e1p d\u1ee5ng m\u1ee9c ph\u00ed giao h\u00e0ng m\u1edbi theo b\u1ea3ng bi\u1ec3u ph\u00ed b\u00ean d\u01b0\u1edbi cho t\u1ea5t c\u1ea3 c\u00e1c \u0111\u01a1n h\u00e0ng \u0111\u01b0\u1ee3c \u0111\u1eb7t th\u00e0nh c\u00f4ng k\u1ec3 t\u1eeb ng\u00e0y 01\/01\/2015 c\u00f3 gi\u00e1 tr\u1ecb \u0111\u01a1n h\u00e0ng d\u01b0\u1edbi 1.000.000 \u0111\u1ed3ng.<br \/>\n<strong>2. TH\u1edcI GIAN GIAO H\u00c0NG:<\/strong><br \/>\nALVALIPSTICK.VN s\u1ebd v\u1eadn chuy\u1ec3n h\u00e0ng trong th\u1eddi gian th\u1ecfa thu\u1eadn khi qu\u00fd kh\u00e1ch th\u1ef1c hi\u1ec7n \u0111\u1ea7y \u0111\u1ee7 c\u00e1c th\u1ee7 t\u1ee5c \u0111\u1eb7t h\u00e0ng. Th\u1eddi gian v\u1eadn chuy\u1ec3n h\u00e0ng th\u01b0\u1eddng m\u1ea5t \u00edt nh\u1ea5t 3 \u2013 5 ng\u00e0y l\u00e0m vi\u1ec7c (kh\u00f4ng t\u00ednh c\u00e1c ng\u00e0y l\u1ec5 t\u1ebft, ngh\u1ec9 l\u1ec5\u2026).<br \/>\nTrong tr\u01b0\u1eddng h\u1ee3p qu\u00fd kh\u00e1ch ch\u1ecdn h\u00ecnh th\u1ee9c thanh toa\u0300n b\u0103\u0300ng th\u1ebb t\u00edn d\u1ee5ng, th\u1eddi gian x\u1eed l\u00fd \u0111\u01a1n h\u00e0ng s\u1ebd \u0111\u01b0\u1ee3c t\u00ednh t\u1eeb khi ALVALIPSTICK.VN nh\u1eadn \u0111\u01b0\u1ee3c thanh to\u00e1n ho\u00e0n t\u1ea5t c\u1ee7a qu\u00fd kh\u00e1ch. Xin l\u01b0u \u00fd r\u1eb1ng ALVALIPSTICK.VN b\u1ea3o l\u01b0u quy\u1ec1n thay \u0111\u1ed5i th\u1eddi gian giao h\u00e0ng m\u00e0 kh\u00f4ng c\u1ea7n b\u00e1o tr\u01b0\u1edbc trong tr\u01b0\u1eddng h\u1ee3p ch\u1ecbu \u1ea3nh h\u01b0\u1edfng c\u1ee7a thi\u00ean tai ho\u1eb7c c\u00e1c s\u1ef1 ki\u1ec7n \u0111\u1eb7c bi\u1ec7t kh\u00e1c.<br \/>\n\u0110\u01a1n h\u00e0ng c\u1ee7a qu\u00fd kh\u00e1ch s\u1ebd \u0111\u01b0\u1ee3c giao t\u1ed1i \u0111a trong 2 l\u1ea7n (tr\u01b0\u1eddng h\u1ee3p l\u1ea7n \u0111\u1ea7u giao h\u00e0ng kh\u00f4ng th\u00e0nh c\u00f4ng, s\u1ebd c\u00f3 nh\u00e2n vi\u00ean li\u00ean h\u1ec7 \u0111\u1ec3 s\u1eafp x\u1ebfp l\u1ecbch giao h\u00e0ng l\u1ea7n 2 v\u1edbi qu\u00fd kh\u00e1ch. Ch\u00fang t\u00f4i s\u1ebd c\u1ed1 g\u1eafng li\u00ean h\u1ec7 l\u1ea1i trong 2 ng\u00e0y l\u00e0m vi\u1ec7c ti\u1ebfp theo (qua tin nh\u1eafn ho\u1eb7c g\u1ecdi tr\u1ef1c ti\u1ebfp), trong tr\u01b0\u1eddng h\u1ee3p v\u1eabn kh\u00f4ng th\u1ec3 li\u00ean l\u1ea1c l\u1ea1i \u0111\u01b0\u1ee3c ho\u1eb7c kh\u00f4ng nh\u1eadn \u0111\u01b0\u1ee3c b\u1ea5t k\u00ec ph\u1ea3n h\u1ed3i n\u00e0o t\u1eeb ph\u00eda qu\u00fd kh\u00e1ch, \u0111\u01a1n h\u00e0ng s\u1ebd kh\u00f4ng c\u00f2n hi\u1ec7u l\u1ef1c.<br \/>\nN\u1ebfu sau 2 l\u1ea7n giao h\u00e0ng kh\u00f4ng th\u00e0nh c\u00f4ng, \u0111\u01a1n h\u00e0ng c\u1ee7a qu\u00fd kh\u00e1ch s\u1ebd \u0111\u01b0\u1ee3c gi\u1eef t\u1ea1i Trung t\u00e2m giao nh\u1eadn cu\u0309a ALVALIPSTICK.VN trong 2 ng\u00e0y l\u00e0m vi\u1ec7c ti\u1ebfp theo \u0111\u1ec3 q\u00fay kh\u00e1ch \u0111\u1ebfn nh\u1eadn \u2013 ph\u00ed v\u1eadn chuy\u1ec3n (n\u1ebfu c\u00f3) trong tr\u01b0\u1eddng h\u1ee3p n\u00e0y s\u1ebd kh\u00f4ng \u0111\u01b0\u1ee3c tr\u1eeb ra trong gi\u00e1 tr\u1ecb thanh to\u00e1n c\u1ee7a \u0111\u01a1n h\u00e0ng. Qu\u00e1 th\u1eddi gian tr\u00ean, \u0111\u01a1n h\u00e0ng s\u1ebd kh\u00f4ng c\u00f2n hi\u1ec7u l\u1ef1c.<br \/>\n\u0110\u1ec3 ki\u1ec3m tra th\u00f4ng tin ho\u1eb7c t\u00ecnh tr\u1ea1ng \u0111\u01a1n h\u00e0ng c\u1ee7a qu\u00fd kh\u00e1ch, xin vui lo\u0300ng s\u1eed d\u1ee5ng M\u00e3 s\u1ed1 \u0111\u01a1n h\u00e0ng \u0111\u00e3 \u0111\u01b0\u1ee3c g\u1eedi trong th\u01b0 x\u00e1c nh\u1eadn c\u1ee7a qu\u00fd kh\u00e1ch.<br \/>\nKhi h\u00e0ng \u0111\u01b0\u1ee3c chuy\u1ec3n giao \u0111\u1ebfn qu\u00fd kh\u00e1ch, xin vui l\u00f2ng ho\u00e0n t\u1ea5t vi\u1ec7c thanh to\u00e1n v\u00e0 k\u00fd x\u00e1c nh\u1eadn v\u1edbi nh\u00e2n vi\u00ean giao h\u00e0ng tr\u01b0\u1edbc, sau \u0111\u00f3 qu\u00fd kh\u00e1ch vui l\u00f2ng ki\u1ec3m tra n\u1ebfu s\u1ea3n ph\u1ea9m c\u00f3 b\u1ea5t k\u1ef3 l\u1ed7i hay khi\u1ebfm khuy\u1ebft n\u00e0o. Xin qu\u00fd kh\u00e1ch vui l\u00f2ng gi\u1eef l\u1ea1i bi\u00ean l\u1ea1i v\u1eadn chuy\u1ec3n \u0111\u1ec3 ki\u1ec3m tra.<br \/>\n<strong>3. QUY \u0110\u1ecaNH TR\u1ea2 H\u00c0NG:<\/strong><br \/>\nALVALIPSTICK.VN h\u1ed7 tr\u1ee3 kh\u00e1ch h\u00e0ng ho\u00e0n tr\u1ea3 s\u1ea3n ph\u1ea9m MI\u00ca\u0303N PHI\u0301 trong vo\u0300ng 30 ng\u00e0y k\u1ec3 t\u1eeb ng\u00e0y nh\u1eadn h\u00e0ng. \u0110\u1ec3 t\u00ecm hi\u1ec3u quy \u0111\u1ecbnh tr\u1ea3 h\u00e0ng c\u1ee7a ALVALIPSTICK.VN, xin qu\u00fd kh\u00e1ch vui l\u00f2ng xem ch\u00ednh s\u00e1ch tr\u1ea3 h\u00e0ng c\u1ee7a ch\u00fang t\u00f4i.<br \/>\n<strong>4. PH\u00c2N V\u00d9NG GIAO H\u00c0NG:<\/strong><br \/>\nPh\u00ed giao h\u00e0ng t\u1edbi \u0111\u1ecba \u0111i\u1ec3m giao h\u00e0ng s\u1ebd kh\u00e1c nhau t\u1ea1i m\u1ed7i ph\u00e2n v\u00f9ng v\u00e0 quy\u0301 kha\u0301ch c\u00f3 th\u1ec3 ki\u1ec3m tra theo th\u00f4ng tin b\u00ean d\u01b0\u1edbi.<br \/>\n<strong>5. L\u1ea4Y H\u00c0NG T\u1ea0I \u0110\u1ea0I L\u00dd:<\/strong><br \/>\nALVALIPSTICK.VN l\u00e0 website kinh doanh tr\u1ef1c tuy\u1ebfn uy t\u00edn, lu\u00f4n t\u1ea1o \u0111i\u1ec1u ki\u1ec7n t\u1ed1t nh\u1ea5t cho kh\u00e1ch h\u00e0ng ngo\u00e0i ra qu\u00fd kh\u00e1ch c\u00f3 th\u1ec3 \u0111\u1ebfn shop ch\u1ecdn l\u1ea5y s\u1ea3n ph\u1ea9m \u01b0ng \u00fd nh\u1ea5t.<br \/>\n\u2013 \u0110\u1ecba ch\u1ec9 shop: 105 Chu V\u0103n An,Y\u1ebft Ki\u00eau,H\u00e0 \u0110\u00f4ng,H\u00e0 N\u1ed9i<br \/>\n\u2013 \u0110i\u1ec7n tho\u1ea1i: <a href=\"tel:0968731666\">0968.731.666<\/a><br \/>\n\u0110\u1ec3 ki\u1ec3m tra l\u1ed9 tr\u00ecnh \u0111\u01a1n h\u00e0ng c\u1ee7a m\u00ecnh, qu\u00fd kh\u00e1ch vui l\u00f2ng cung c\u1ea5p cho b\u1ed9 ph\u1eadn CSKH c\u1ee7a ALVALIPSTICK.VN m\u00e3 s\u1ed1 \u0111\u01a1n h\u00e0ng \u0111\u00e3 \u0111\u01b0\u1ee3c g\u1eedi cho kh\u00e1ch h\u00e0ng trong th\u01b0 x\u00e1c nh\u1eadn.<br \/>\nSau khi k\u00fd nh\u1eadn h\u00e0ng, qu\u00fd kh\u00e1ch vui l\u00f2ng ki\u1ec3m tra n\u1ebfu s\u1ea3n ph\u1ea9m c\u00f3 b\u1ea5t k\u1ef3 l\u1ed7i hay khi\u1ebfm khuy\u1ebft n\u00e0o vui l\u00f2ng ph\u1ea3n h\u1ed3i ngay v\u1edbi b\u1ed9 ph\u1eadn CSKH c\u1ee7a ALVALIPSTICK.VN. \u0110\u1ec3 c\u00f3 th\u1ec3 ph\u1ee5c v\u1ee5 qu\u00fd kh\u00e1ch trong c\u00e1c tr\u01b0\u1eddng h\u1ee3p \u0111\u1ed5i tr\u1ea3 h\u00e0ng m\u1ed9t c\u00e1ch nhanh nh\u1ea5t, xin qu\u00fd kh\u00e1ch l\u01b0u \u00fd gi\u1eef l\u1ea1i phi\u1ebfu giao nh\u1eadn h\u00e0ng v\u00e0 bi\u00ean lai v\u1eadn chuy\u1ec3n.<br \/>\nL\u01b0u \u00fd:<br \/>\n+ Tr\u01b0\u1eddng h\u1ee3p kh\u00f4ng th\u1ec3 giao h\u00e0ng theo th\u1eddi gian \u0111\u00e3 \u0111\u1ecbnh ALVALIPSTICK.VN s\u1ebd th\u00f4ng b\u00e1o cho kh\u00e1ch h\u00e0ng v\u1ec1 s\u1ef1 ch\u1eadm tr\u1ec5 n\u00e0y trong th\u1eddi gian s\u1edbm nh\u1ea5t<br \/>\n+ Tr\u01b0\u1eddng h\u1ee3p giao h\u00e0ng ch\u1eadm, ALVALIPSTICK.VN ch\u1ea5p nh\u1eadn v\u00f4 \u0111i\u1ec1u ki\u1ec7n v\u1ec1 vi\u1ec7c h\u1ee7y nh\u1eadn h\u00e0ng c\u1ee7a kh\u00e1ch h\u00e0ng, tr\u1eeb khi c\u00f3 th\u1ecfa thu\u1eadn kh\u00e1c gi\u1eefa kh\u00e1ch h\u00e0ng v\u00e0 ALVALIPSTICK.VN.<br \/>\n+ Tr\u01b0\u1eddng h\u1ee3p kh\u00e1ch h\u00e0ng h\u1ee7y nh\u1eadn h\u00e0ng v\u00ec l\u00fd do giao h\u00e0ng ch\u1eadm, trong v\u00f2ng t\u1ed1i \u0111a 30 ng\u00e0y k\u1ec3 t\u1eeb ng\u00e0y kh\u00e1ch h\u00e0ng h\u1ee7y nh\u1eadn h\u00e0ng ALVALIPSTICK.VN s\u1ebd tr\u1ea3 l\u1ea1i ti\u1ec1n cho kh\u00e1ch h\u00e0ng.<\/p>\n<div class=\"kk-star-ratings\n     kksr-valign-bottom     kksr-align-right    \" data-payload=\"{&quot;align&quot;:&quot;right&quot;,&quot;id&quot;:&quot;2805&quot;,&quot;slug&quot;:&quot;default&quot;,&quot;valign&quot;:&quot;bottom&quot;,&quot;reference&quot;:&quot;auto&quot;,&quot;count&quot;:&quot;11&quot;,&quot;readonly&quot;:&quot;&quot;,&quot;score&quot;:&quot;4.4&quot;,&quot;best&quot;:&quot;5&quot;,&quot;gap&quot;:&quot;5&quot;,&quot;greet&quot;:&quot;vote&quot;,&quot;legend&quot;:&quot;4.4\\\/5 - (11 b\\u00ecnh ch\\u1ecdn)&quot;,&quot;size&quot;:&quot;20&quot;,&quot;width&quot;:&quot;107.5&quot;,&quot;_legend&quot;:&quot;{score}\\\/{best} - ({count} {votes})&quot;}\"><\/p>\n<div class=\"kksr-stars\">\n<div class=\"kksr-stars-inactive\">\n<div class=\"kksr-star\" data-star=\"1\"><\/div>\n<\/div>\n<\/div>\n<\/div>\n\n\n<div class=\"kk-star-ratings kksr-auto kksr-align-right kksr-valign-bottom kksr-disabled\"\n    data-payload='{&quot;align&quot;:&quot;right&quot;,&quot;id&quot;:&quot;2002&quot;,&quot;readonly&quot;:&quot;1&quot;,&quot;slug&quot;:&quot;default&quot;,&quot;valign&quot;:&quot;bottom&quot;,&quot;ignore&quot;:&quot;&quot;,&quot;reference&quot;:&quot;auto&quot;,&quot;class&quot;:&quot;&quot;,&quot;count&quot;:&quot;0&quot;,&quot;legendonly&quot;:&quot;&quot;,&quot;score&quot;:&quot;0&quot;,&quot;starsonly&quot;:&quot;&quot;,&quot;best&quot;:&quot;5&quot;,&quot;gap&quot;:&quot;5&quot;,&quot;greet&quot;:&quot;Rate this page&quot;,&quot;legend&quot;:&quot;0\\\/5 - (0 b\\u00ecnh ch\\u1ecdn)&quot;,&quot;size&quot;:&quot;24&quot;,&quot;title&quot;:&quot;Giao h\\u00e0ng&quot;,&quot;width&quot;:&quot;0&quot;,&quot;_legend&quot;:&quot;{score}\\\/{best} - ({count} {votes})&quot;,&quot;font_factor&quot;:&quot;1.25&quot;}'>\n            \n<div class=\"kksr-stars\">\n    \n<div class=\"kksr-stars-inactive\">\n            <div class=\"kksr-star\" data-star=\"1\" style=\"padding-right: 5px\">\n            \n\n<div class=\"kksr-icon\" style=\"width: 24px; height: 24px;\"><\/div>\n        <\/div>\n            <div class=\"kksr-star\" data-star=\"2\" style=\"padding-right: 5px\">\n            \n\n<div class=\"kksr-icon\" style=\"width: 24px; height: 24px;\"><\/div>\n        <\/div>\n            <div class=\"kksr-star\" data-star=\"3\" style=\"padding-right: 5px\">\n            \n\n<div class=\"kksr-icon\" style=\"width: 24px; height: 24px;\"><\/div>\n        <\/div>\n            <div class=\"kksr-star\" data-star=\"4\" style=\"padding-right: 5px\">\n            \n\n<div class=\"kksr-icon\" style=\"width: 24px; height: 24px;\"><\/div>\n        <\/div>\n            <div class=\"kksr-star\" data-star=\"5\" style=\"padding-right: 5px\">\n            \n\n<div class=\"kksr-icon\" style=\"width: 24px; height: 24px;\"><\/div>\n        <\/div>\n    <\/div>\n    \n<div class=\"kksr-stars-active\" style=\"width: 0px;\">\n            <div class=\"kksr-star\" style=\"padding-right: 5px\">\n            \n\n<div class=\"kksr-icon\" style=\"width: 24px; height: 24px;\"><\/div>\n        <\/div>\n            <div class=\"kksr-star\" style=\"padding-right: 5px\">\n            \n\n<div class=\"kksr-icon\" style=\"width: 24px; height: 24px;\"><\/div>\n        <\/div>\n            <div class=\"kksr-star\" style=\"padding-right: 5px\">\n            \n\n<div class=\"kksr-icon\" style=\"width: 24px; height: 24px;\"><\/div>\n        <\/div>\n            <div class=\"kksr-star\" style=\"padding-right: 5px\">\n            \n\n<div class=\"kksr-icon\" style=\"width: 24px; height: 24px;\"><\/div>\n        <\/div>\n            <div class=\"kksr-star\" style=\"padding-right: 5px\">\n            \n\n<div class=\"kksr-icon\" style=\"width: 24px; height: 24px;\"><\/div>\n        <\/div>\n    <\/div>\n<\/div>\n                \n\n<div class=\"kksr-legend\" style=\"font-size: 19.2px;\">\n            <span class=\"kksr-muted\">Rate this page<\/span>\n    <\/div>\n    <\/div>\n","protected":false},"excerpt":{"rendered":"<p>ALVALIPSTICK.VN lu\u00f4n h\u01b0\u1edbng \u0111\u1ebfn vi\u1ec7c cung c\u1ea5p d\u1ecbch v\u1ee5 v\u1eadn chuy\u1ec3n t\u1ed1t nh\u1ea5t v\u1edbi m\u1ee9c ph\u00ed c\u1ea1nh tranh cho t\u1ea5t c\u1ea3 c\u00e1c \u0111\u01a1n h\u00e0ng m\u00e0 qu\u00fd kh\u00e1ch \u0111\u1eb7t v\u1edbi ch\u00fang t\u00f4i. Ch\u00fang t\u00f4i h\u1ed7 tr\u1ee3 giao h\u00e0ng tr\u00ean to\u00e0n qu\u1ed1c v\u1edbi ch\u00ednh s\u00e1ch giao h\u00e0ng c\u1ee5 th\u1ec3 nh\u01b0 sau: 1. PH\u00cd GIAO H\u00c0NG T\u1eacN NH\u00c0: [&#8230;]\n","protected":false},"author":5,"featured_media":0,"parent":0,"menu_order":0,"comment_status":"closed","ping_status":"closed","template":"","meta":{"footnotes":""},"_links":{"self":[{"href":"https:\/\/pluginviet.com\/mau1\/wp-json\/wp\/v2\/pages\/2002"}],"collection":[{"href":"https:\/\/pluginviet.com\/mau1\/wp-json\/wp\/v2\/pages"}],"about":[{"href":"https:\/\/pluginviet.com\/mau1\/wp-json\/wp\/v2\/types\/page"}],"author":[{"embeddable":true,"href":"https:\/\/pluginviet.com\/mau1\/wp-json\/wp\/v2\/users\/5"}],"replies":[{"embeddable":true,"href":"https:\/\/pluginviet.com\/mau1\/wp-json\/wp\/v2\/comments?post=2002"}],"version-history":[{"count":3,"href":"https:\/\/pluginviet.com\/mau1\/wp-json\/wp\/v2\/pages\/2002\/revisions"}],"predecessor-version":[{"id":2926,"href":"https:\/\/pluginviet.com\/mau1\/wp-json\/wp\/v2\/pages\/2002\/revisions\/2926"}],"wp:attachment":[{"href":"https:\/\/pluginviet.com\/mau1\/wp-json\/wp\/v2\/media?parent=2002"}],"curies":[{"name":"wp","href":"https:\/\/api.w.org\/{rel}","templated":true}]}}