{"id":1996,"date":"2022-02-20T14:31:01","date_gmt":"2022-02-20T14:31:01","guid":{"rendered":"https:\/\/khomaudep.com\/alvalipstick\/demo\/?page_id=1996"},"modified":"2022-04-05T15:07:14","modified_gmt":"2022-04-05T15:07:14","slug":"phuong-thuc-thanh-toan","status":"publish","type":"page","link":"https:\/\/pluginviet.com\/mau1\/phuong-thuc-thanh-toan\/","title":{"rendered":"Ph\u01b0\u01a1ng th\u1ee9c thanh to\u00e1n"},"content":{"rendered":"<p>T\u1ea1i <strong>ALVALIPSTICK.VN<\/strong>, vi\u1ec7c mua s\u1eafm tr\u1ef1c tuy\u1ebfn tr\u1edf n\u00ean th\u1eadt d\u1ec5 d\u00e0ng v\u1edbi 2 h\u00ecnh th\u1ee9c thanh to\u00e1n ti\u1ec7n l\u1ee3i v\u00e0 linh ho\u1ea1t: thanh to\u00e1n khi nh\u1eadn h\u00e0ng (COD \/ Cash On Delivery) &amp; thanh to\u00e1n\u00a0qua ng\u00e2n h\u00e0ng trong n\u01b0\u1edbc.<\/p>\n<p><b>1.Thanh to\u00e1n khi nh\u1eadn h\u00e0ng \u2013 COD<\/b><\/p>\n<p>\u2013 \u0110\u00e2y l\u00e0 c\u00e1ch thanh to\u00e1n d\u1ec5 d\u00e0ng nh\u1ea5t m\u00e0 <strong>ALVALIPSTICK.VN<\/strong> \u0111ang \u01b0u ti\u00ean \u00e1p d\u1ee5ng gi\u00e0nh cho Qu\u00fd kh\u00e1ch h\u00e0ng. Theo \u0111\u00f3, kh\u00e1ch h\u00e0ng s\u1ebd thanh to\u00e1n b\u1eb1ng ti\u1ec1n m\u1eb7t cho nh\u00e2n vi\u00ean giao h\u00e0ng sau khi nh\u1eadn \u0111\u01b0\u1ee3c h\u00e0ng t\u1ea1i \u0111\u1ecba ch\u1ec9 kh\u00e1ch h\u00e0ng y\u00eau c\u1ea7u.<\/p>\n<p><b>2. Thanh to\u00e1n qua ng\u00e2n h\u00e0ng trong n\u01b0\u1edbc:<\/b><\/p>\n<p>\u2013 Trong qu\u00e1 tr\u00ecnh \u0111\u1eb7t h\u00e0ng, qu\u00fd kh\u00e1ch vui l\u00f2ng ch\u1ecdn \u201cChuy\u1ec3n kho\u1ea3n ng\u00e2n h\u00e0ng\u201d trong ph\u1ea7n \u201cThanh To\u00e1n\u201d<\/p>\n<h2>Th\u00f4ng tin t\u00e0i kho\u1ea3n ng\u00e2n h\u00e0ng c\u1ee7a ch\u00fang t\u00f4i<\/h2>\n<h3>1.Ch\u1ee7 t\u00e0i kho\u1ea3n: Nguy\u1ec5n Thu Hi\u1ec1n<\/h3>\n<ul>\n<li>Ng\u00e2n h\u00e0ng Qu\u00e2n \u0110\u1ed9i MB Bank<\/li>\n<li>S\u1ed1 t\u00e0i kho\u1ea3n: <strong>6226666228888<\/strong><\/li>\n<\/ul>\n<p>\u2013 Th\u00f4ng tin ng\u00e2n h\u00e0ng ch\u00fang t\u00f4i s\u1ebd hi\u1ec7n ra, b\u1ea1n th\u1ef1c hi\u1ec7n l\u1ec7nh chuy\u1ec3n ti\u1ec1n v\u00e0 th\u00f4ng b\u00e1o cho ch\u00fang t\u00f4i bi\u1ebft.<\/p>\n<p>Ngay sau khi nh\u1eadn \u0111\u01b0\u1ee3c \u0111\u01a1n h\u00e0ng, ALVALIPSTICK.VN s\u1ebd ki\u1ec3m tra giao d\u1ecbch thanh to\u00e1n. N\u1ebfu giao d\u1ecbch ch\u01b0a th\u00e0nh c\u00f4ng, ALVALIPSTICK.VN s\u1ebd li\u00ean l\u1ea1c v\u1edbi qu\u00fd kh\u00e1ch \u0111\u1ec3 th\u00f4ng b\u00e1o. N\u1ebfu giao d\u1ecbch th\u00e0nh c\u00f4ng, ALVALIPSTICK.VN s\u1ebd ti\u1ebfn h\u00e0nh th\u1ef1c hi\u1ec7n \u0111\u01a1n h\u00e0ng ngay v\u00e0 giao h\u00e0ng trong th\u1eddi gian quy \u0111\u1ecbnh.<\/p>\n<div>\n<p><b>L\u01b0u \u00fd quan tr\u1ecdng:<\/b><\/p>\n<p>\u2013 Do ALVALIPSTICK.VN thu ti\u1ec1n qua nh\u00e2n vi\u00ean c\u00f4ng ty v\u1eadn chuy\u1ec3n cho n\u00ean ch\u00fang t\u00f4i ch\u1ec9 ch\u1ea5p nh\u1eadn thanh to\u00e1n tr\u1ef1c ti\u1ebfp b\u1eb1ng ti\u1ec1n m\u1eb7t ch\u1ee9 kh\u00f4ng \u00e1p d\u1ee5ng qu\u1eb9t th\u1ebb.<\/p>\n<p>\u2013 C\u00e1c \u0111\u01a1n h\u00e0ng COD kh\u00e1ch h\u00e0ng \u0111\u1ec1u ph\u1ea3i thanh to\u00e1n 100% khi nh\u00e2n vi\u00ean giao h\u00e0ng g\u1eedi \u0111\u1ebfn, m\u1ecdi th\u1eafc m\u1eafc, khi\u1ebfu n\u1ea1i, \u0111\u1ed5i tr\u1ea3 h\u00e0ng s\u1ebd l\u00e0m theo h\u01b0\u1edbng d\u1eabn c\u1ee7a LIPSTICK.VN.<\/p>\n<\/div>\n<p><i><b>C\u1ea3m \u01a1n v\u00e0 ch\u00fac qu\u00fd kh\u00e1ch c\u00f3 nh\u1eefng tr\u1ea3i nghi\u1ec7m th\u00fa v\u1ecb khi mua s\u1eafm c\u00f9ng ALVALIPSTICK.VN<\/b><\/i><\/p>\n\n\n<div class=\"kk-star-ratings kksr-auto kksr-align-right kksr-valign-bottom kksr-disabled\"\n    data-payload='{&quot;align&quot;:&quot;right&quot;,&quot;id&quot;:&quot;1996&quot;,&quot;readonly&quot;:&quot;1&quot;,&quot;slug&quot;:&quot;default&quot;,&quot;valign&quot;:&quot;bottom&quot;,&quot;ignore&quot;:&quot;&quot;,&quot;reference&quot;:&quot;auto&quot;,&quot;class&quot;:&quot;&quot;,&quot;count&quot;:&quot;0&quot;,&quot;legendonly&quot;:&quot;&quot;,&quot;score&quot;:&quot;0&quot;,&quot;starsonly&quot;:&quot;&quot;,&quot;best&quot;:&quot;5&quot;,&quot;gap&quot;:&quot;5&quot;,&quot;greet&quot;:&quot;Rate this page&quot;,&quot;legend&quot;:&quot;0\\\/5 - (0 b\\u00ecnh ch\\u1ecdn)&quot;,&quot;size&quot;:&quot;24&quot;,&quot;title&quot;:&quot;Ph\\u01b0\\u01a1ng th\\u1ee9c thanh to\\u00e1n&quot;,&quot;width&quot;:&quot;0&quot;,&quot;_legend&quot;:&quot;{score}\\\/{best} - ({count} {votes})&quot;,&quot;font_factor&quot;:&quot;1.25&quot;}'>\n            \n<div class=\"kksr-stars\">\n    \n<div class=\"kksr-stars-inactive\">\n            <div class=\"kksr-star\" data-star=\"1\" style=\"padding-right: 5px\">\n            \n\n<div class=\"kksr-icon\" style=\"width: 24px; height: 24px;\"><\/div>\n        <\/div>\n            <div class=\"kksr-star\" data-star=\"2\" style=\"padding-right: 5px\">\n            \n\n<div class=\"kksr-icon\" style=\"width: 24px; height: 24px;\"><\/div>\n        <\/div>\n            <div class=\"kksr-star\" data-star=\"3\" style=\"padding-right: 5px\">\n            \n\n<div class=\"kksr-icon\" style=\"width: 24px; height: 24px;\"><\/div>\n        <\/div>\n            <div class=\"kksr-star\" data-star=\"4\" style=\"padding-right: 5px\">\n            \n\n<div class=\"kksr-icon\" style=\"width: 24px; height: 24px;\"><\/div>\n        <\/div>\n            <div class=\"kksr-star\" data-star=\"5\" style=\"padding-right: 5px\">\n            \n\n<div class=\"kksr-icon\" style=\"width: 24px; height: 24px;\"><\/div>\n        <\/div>\n    <\/div>\n    \n<div class=\"kksr-stars-active\" style=\"width: 0px;\">\n            <div class=\"kksr-star\" style=\"padding-right: 5px\">\n            \n\n<div class=\"kksr-icon\" style=\"width: 24px; height: 24px;\"><\/div>\n        <\/div>\n            <div class=\"kksr-star\" style=\"padding-right: 5px\">\n            \n\n<div class=\"kksr-icon\" style=\"width: 24px; height: 24px;\"><\/div>\n        <\/div>\n            <div class=\"kksr-star\" style=\"padding-right: 5px\">\n            \n\n<div class=\"kksr-icon\" style=\"width: 24px; height: 24px;\"><\/div>\n        <\/div>\n            <div class=\"kksr-star\" style=\"padding-right: 5px\">\n            \n\n<div class=\"kksr-icon\" style=\"width: 24px; height: 24px;\"><\/div>\n        <\/div>\n            <div class=\"kksr-star\" style=\"padding-right: 5px\">\n            \n\n<div class=\"kksr-icon\" style=\"width: 24px; height: 24px;\"><\/div>\n        <\/div>\n    <\/div>\n<\/div>\n                \n\n<div class=\"kksr-legend\" style=\"font-size: 19.2px;\">\n            <span class=\"kksr-muted\">Rate this page<\/span>\n    <\/div>\n    <\/div>\n","protected":false},"excerpt":{"rendered":"<p>T\u1ea1i ALVALIPSTICK.VN, vi\u1ec7c mua s\u1eafm tr\u1ef1c tuy\u1ebfn tr\u1edf n\u00ean th\u1eadt d\u1ec5 d\u00e0ng v\u1edbi 2 h\u00ecnh th\u1ee9c thanh to\u00e1n ti\u1ec7n l\u1ee3i v\u00e0 linh ho\u1ea1t: thanh to\u00e1n khi nh\u1eadn h\u00e0ng (COD \/ Cash On Delivery) &amp; thanh to\u00e1n\u00a0qua ng\u00e2n h\u00e0ng trong n\u01b0\u1edbc. 1.Thanh to\u00e1n khi nh\u1eadn h\u00e0ng \u2013 COD \u2013 \u0110\u00e2y l\u00e0 c\u00e1ch thanh to\u00e1n d\u1ec5 d\u00e0ng [&#8230;]\n","protected":false},"author":5,"featured_media":0,"parent":0,"menu_order":0,"comment_status":"closed","ping_status":"closed","template":"","meta":{"footnotes":""},"_links":{"self":[{"href":"https:\/\/pluginviet.com\/mau1\/wp-json\/wp\/v2\/pages\/1996"}],"collection":[{"href":"https:\/\/pluginviet.com\/mau1\/wp-json\/wp\/v2\/pages"}],"about":[{"href":"https:\/\/pluginviet.com\/mau1\/wp-json\/wp\/v2\/types\/page"}],"author":[{"embeddable":true,"href":"https:\/\/pluginviet.com\/mau1\/wp-json\/wp\/v2\/users\/5"}],"replies":[{"embeddable":true,"href":"https:\/\/pluginviet.com\/mau1\/wp-json\/wp\/v2\/comments?post=1996"}],"version-history":[{"count":3,"href":"https:\/\/pluginviet.com\/mau1\/wp-json\/wp\/v2\/pages\/1996\/revisions"}],"predecessor-version":[{"id":2913,"href":"https:\/\/pluginviet.com\/mau1\/wp-json\/wp\/v2\/pages\/1996\/revisions\/2913"}],"wp:attachment":[{"href":"https:\/\/pluginviet.com\/mau1\/wp-json\/wp\/v2\/media?parent=1996"}],"curies":[{"name":"wp","href":"https:\/\/api.w.org\/{rel}","templated":true}]}}